{"id":1021,"date":"2021-07-20T18:08:10","date_gmt":"2021-07-20T11:08:10","guid":{"rendered":"https:\/\/1xplayz.com\/?page_id=1021"},"modified":"2023-03-12T19:34:29","modified_gmt":"2023-03-12T12:34:29","slug":"esports-bookies","status":"publish","type":"page","link":"https:\/\/1xplayz.com\/es\/esports-bookies\/","title":{"rendered":"Casas de apuestas deportivas"},"content":{"rendered":"\n<h2 class=\"wp-block-heading\">\u00bfQu\u00e9 son las casas de apuestas deportivas?<\/h2>\n\n\n\n<p>Esports Bookmakers o Esports Bookies es una persona, una organizaci\u00f3n o una empresa que acepta apuestas y paga las apuestas en eventos de deportes electr\u00f3nicos. Casa de apuestas tambi\u00e9n se conoce como lugares de apuestas o sitios web de apuestas, a saber, <a href=\"https:\/\/refpa.top\/L?tag=d_1105835m_97c_&amp;site=1105835&amp;ad=97&amp;r=live\/Esports\/\" target=\"_blank\" rel=\"noreferrer noopener\">1xbet.com<\/a>. Proporcionan probabilidades de cada opci\u00f3n de apuesta que obtendr\u00e1 de esas probabilidades si gana su apuesta. Dado que el negocio en l\u00ednea est\u00e1 altamente desarrollado, el uso de casas de apuestas de deportes electr\u00f3nicos como sitios web de apuestas en l\u00ednea se beneficia.<\/p>\n\n\n\n<a href=\"https:\/\/refpa.top\/L?tag=d_1105835m_97c_&amp;site=1105835&amp;ad=97&amp;r=live\/Esports\/\" target=\"_blank\" rel=\"nofollow noopener\"><img loading=\"lazy\" decoding=\"async\" src=\"https:\/\/1xplayz.com\/wp-content\/uploads\/2021\/07\/spanish-free-bet-esports-1024x256.jpg\" alt=\"spanish free bet esports\" width=\"800\" height=\"200\" class=\"size-large wp-image-2316\" srcset=\"https:\/\/1xplayz.com\/wp-content\/uploads\/2021\/07\/spanish-free-bet-esports-1024x256.jpg 1024w, https:\/\/1xplayz.com\/wp-content\/uploads\/2021\/07\/spanish-free-bet-esports-300x75.jpg 300w, https:\/\/1xplayz.com\/wp-content\/uploads\/2021\/07\/spanish-free-bet-esports-768x192.jpg 768w, https:\/\/1xplayz.com\/wp-content\/uploads\/2021\/07\/spanish-free-bet-esports-128x32.jpg 128w, https:\/\/1xplayz.com\/wp-content\/uploads\/2021\/07\/spanish-free-bet-esports-32x8.jpg 32w, https:\/\/1xplayz.com\/wp-content\/uploads\/2021\/07\/spanish-free-bet-esports.jpg 1500w\" sizes=\"auto, (max-width: 800px) 100vw, 800px\" \/> <\/a>\n\n\n\n<h3 class=\"wp-block-heading\">Tipos de apuestas de deportes electr\u00f3nicos<\/h3>\n\n\n\n<p>Los mercados de apuestas para deportes electr\u00f3nicos de diferentes categor\u00edas dependen de la regla y el formato del torneo. Hay tipos principales de apuestas para los juegos como:<br>. <strong>Ganador <\/strong>: los deportes electr\u00f3nicos son como los deportes en los que 2 equipos o individuos se enfrentan entre s\u00ed para ganar el partido. La mayor\u00eda de los torneos de deportes electr\u00f3nicos exigen un ganador (sin empate). Hacer una apuesta a un ganador es tan com\u00fan.<br>. <strong>Ganador del mapa <\/strong>: para algunos juegos, tienes la opci\u00f3n de apostar por un equipo que gane el mapa espec\u00edfico, como <a href=\"https:\/\/1xplayz.com\/es\/league-of-legends\/\" target=\"_blank\" rel=\"noreferrer noopener\">League of Legends<\/a>, Counter Strike: Global Offensive, Dota 2.<br>. <strong>M\u00e1s\/Menos:<\/strong> realizar una apuesta por M\u00e1s o Menos significa que apostar\u00e1 por la cantidad de anotaciones, goles, mapas, muertes u oros.<br>. <strong>Puntuaci\u00f3n correcta<\/strong>: cuando es probable que est\u00e9 seguro del rendimiento de los equipos. Apostar por el puntaje correcto no est\u00e1 mal. Significa que haces una apuesta sobre el resultado final del partido. El ganador gana cuanto y pierde el equipo.<br>. <strong>H\u00e1ndicap <\/strong>: este tipo de opci\u00f3n de apuesta solo est\u00e1 disponible para torneos m\u00e1s grandes. Las casas de apuestas obtienen un margen ante el equipo desfavorable por una peque\u00f1a ventaja. Entonces, hacer una apuesta en Handicap es como agregar algunos puntos al equipo al que apuesta. Por ejemplo, haces una apuesta en el equipo 1 que tiene 2 ventajas contra el equipo 2. El resultado del partido es 1 &#8211; 2. La desventaja de 2 puntos se suma a los resultados del equipo 1, lo que hace que el resultado cambie a 3 &#8211; 2, lo que hace que tu apuesta ganadora.<br>. <strong>Impar\/Par<\/strong>: realizar una apuesta en Impar o Par se refiere a los resultados finales o al n\u00famero de puntuaciones totales. Esta apuesta solo para torneos que han resultado m\u00e1s de 1. Por ejemplo: League of Legend Brazilian Championship no tiene este mercado para apostar. Estos partidos de CBLoL tienen solo 1 mapa y el resultado es solo 1 &#8211; 0 o 0 &#8211; 1, que significa el n\u00famero de probabilidades.<\/p>\n\n\n\n<h3 class=\"wp-block-heading\">C\u00f3mo apostar en los deportes electr\u00f3nicos<\/h3>\n\n\n\n<p>Los deportes electr\u00f3nicos se vuelven tan populares entre diferentes tipos y edades de personas en todo el mundo. Como resultado, los eSports tambi\u00e9n se convierten en los m\u00e1s divertidos para apostar y ganar. Hay algunos pasos a seguir antes de poder apostar en deportes electr\u00f3nicos con cualquier sitio web de apuestas en l\u00ednea. Primero, debe registrar una cuenta en un sitio de apuestas (casa de apuestas). Luego, ingrese fondos en su cuenta de apuestas. Despu\u00e9s de eso, puede realizar cualquier apuesta en el partido de juego o antes del partido. Cuando descubra que su cuenta tiene m\u00e1s dinero que gana del partido en el que gana la apuesta, puede retirar este dinero de la cuenta de apuestas a su cuenta bancaria personal o algo as\u00ed.<\/p>\n\n\n\n<h3 class=\"wp-block-heading\">Crea una cuenta de apuestas<\/h3>\n\n\n\n<p>Para poder apostar, primero debe abrir una cuenta en un sitio web de apuestas. Entonces, \u00bfc\u00f3mo crear una cuenta con una casa de apuestas de deportes electr\u00f3nicos? Por ejemplo, va a registrar <a href=\"https:\/\/refpa.top\/L?tag=d_1105835m_97c_&amp;site=1105835&amp;ad=97&amp;r=live\/Esports\/\" target=\"_blank\" rel=\"noreferrer noopener\">1Xbet.com<\/a>, el sitio web de apuestas online m\u00e1s grande para eSports. 1xBET tiene muchas monedas disponibles para diferentes pa\u00edses. Eso es importante para elegir la moneda correcta cuando se registre. Porque si selecciona la moneda que no utiliza en su pa\u00eds de residencia, es posible que tenga dificultades para depositar. Como si estuvieras viviendo en Corea del Sur, pero eliges USD (d\u00f3lar estadounidense) en lugar de KRW (won surcoreano). Como resultado, cuando deposita, es posible que no encuentre el m\u00e9todo correcto para depositar, o puede perder algo de dinero por la conversi\u00f3n del tipo de cambio de moneda. Es posible que deba solicitar al equipo de soporte de 1xBET que cambie su moneda. Luego, es posible que se le solicite que cierre su cuenta para crear una nueva. Entonces, para evitar todos esos problemas, seleccione toda la informaci\u00f3n correctamente de acuerdo con su informaci\u00f3n personal.<\/p>\n\n\n\n<a href=\"https:\/\/refpa.top\/L?tag=d_1105835m_97c_&amp;site=1105835&amp;ad=97&amp;r=allgamesentrance\/\" target=\"_blank\" rel=\"nofollow noopener\"><img loading=\"lazy\" decoding=\"async\" src=\"https:\/\/1xplayz.com\/wp-content\/uploads\/2021\/06\/register-1xbet-esports.jpg\" alt=\"register 1xbet esports\" width=\"800\" height=\"444\" class=\"size-full wp-image-2900\" srcset=\"https:\/\/1xplayz.com\/wp-content\/uploads\/2021\/06\/register-1xbet-esports.jpg 1000w, https:\/\/1xplayz.com\/wp-content\/uploads\/2021\/06\/register-1xbet-esports-300x167.jpg 300w, https:\/\/1xplayz.com\/wp-content\/uploads\/2021\/06\/register-1xbet-esports-768x426.jpg 768w, https:\/\/1xplayz.com\/wp-content\/uploads\/2021\/06\/register-1xbet-esports-128x71.jpg 128w, https:\/\/1xplayz.com\/wp-content\/uploads\/2021\/06\/register-1xbet-esports-32x18.jpg 32w\" sizes=\"auto, (max-width: 800px) 100vw, 800px\" \/><\/a>\n\n\n\n<p><strong>Primero:<\/strong> haga clic en \u00abRegistro\u00bb. El uso del m\u00e9todo de correo electr\u00f3nico para registrarse ayuda a crear su cuenta de apuestas m\u00e1s r\u00e1pido.<br><strong>Segundo:<\/strong> ingrese sus datos personales, como: su nombre, su cuenta, correo electr\u00f3nico, n\u00famero de tel\u00e9fono, contrase\u00f1a, etc.<br>En algunos casos, debe confirmar su correo electr\u00f3nico despu\u00e9s de registrarse.<\/p>\n\n\n\n<h3 class=\"wp-block-heading\">Dep\u00f3sito en cuenta de apuestas<\/h3>\n\n\n\n<p>Depositar significa encontrar su cuenta de apuestas que acaba de registrar. Es una necesidad si planeas apostar en cualquier partido. Digamos que registr\u00f3 1xBET con nuestro enlace de arriba. Para depositar dinero en su cuenta, necesitar\u00e1 unos pocos pasos.<\/p>\n","protected":false},"excerpt":{"rendered":"<div class=\"mh-excerpt\"><p>\u00bfQu\u00e9 son las casas de apuestas deportivas? Esports Bookmakers o Esports Bookies es una persona, una organizaci\u00f3n o una empresa que acepta apuestas y paga <a class=\"mh-excerpt-more\" href=\"https:\/\/1xplayz.com\/es\/esports-bookies\/\" title=\"Casas de apuestas deportivas\">[&#8230;]<\/a><\/p>\n<\/div>","protected":false},"author":1,"featured_media":0,"parent":0,"menu_order":0,"comment_status":"closed","ping_status":"closed","template":"","meta":{"footnotes":""},"class_list":["post-1021","page","type-page","status-publish","hentry"],"yoast_head":"<!-- This site is optimized with the Yoast SEO plugin v26.6 - https:\/\/yoast.com\/wordpress\/plugins\/seo\/ -->\n<title>Casas de apuestas deportivas - Tipsters de eSports - 1xPlayz<\/title>\n<meta name=\"description\" content=\"\u00bfQu\u00e9 son las casas de apuestas deportivas? Esports Bookmakers o Esports Bookies es una persona, una organizaci\u00f3n o una empresa que acepta apuestas y paga\" \/>\n<meta name=\"robots\" content=\"index, follow, max-snippet:-1, max-image-preview:large, max-video-preview:-1\" \/>\n<link rel=\"canonical\" href=\"https:\/\/1xplayz.com\/es\/esports-bookies\/\" \/>\n<meta property=\"og:locale\" content=\"es_ES\" \/>\n<meta property=\"og:type\" content=\"article\" \/>\n<meta property=\"og:title\" content=\"Casas de apuestas deportivas - Tipsters de eSports - 1xPlayz\" \/>\n<meta property=\"og:description\" content=\"\u00bfQu\u00e9 son las casas de apuestas deportivas? Esports Bookmakers o Esports Bookies es una persona, una organizaci\u00f3n o una empresa que acepta apuestas y paga\" \/>\n<meta property=\"og:url\" content=\"https:\/\/1xplayz.com\/es\/esports-bookies\/\" \/>\n<meta property=\"og:site_name\" content=\"1xPlayz\" \/>\n<meta property=\"article:modified_time\" content=\"2023-03-12T12:34:29+00:00\" \/>\n<meta property=\"og:image\" content=\"https:\/\/1xplayz.com\/wp-content\/uploads\/2021\/07\/spanish-free-bet-esports-1024x256.jpg\" \/>\n<meta name=\"twitter:card\" content=\"summary_large_image\" \/>\n<meta name=\"twitter:label1\" content=\"Tiempo de lectura\" \/>\n\t<meta name=\"twitter:data1\" content=\"5 minutos\" \/>\n<script type=\"application\/ld+json\" class=\"yoast-schema-graph\">{\"@context\":\"https:\/\/schema.org\",\"@graph\":[{\"@type\":\"WebPage\",\"@id\":\"https:\/\/1xplayz.com\/es\/esports-bookies\/\",\"url\":\"https:\/\/1xplayz.com\/es\/esports-bookies\/\",\"name\":\"Casas de apuestas deportivas - Tipsters de eSports - 1xPlayz\",\"isPartOf\":{\"@id\":\"https:\/\/1xplayz.com\/es\/de\/#website\"},\"primaryImageOfPage\":{\"@id\":\"https:\/\/1xplayz.com\/es\/esports-bookies\/#primaryimage\"},\"image\":{\"@id\":\"https:\/\/1xplayz.com\/es\/esports-bookies\/#primaryimage\"},\"thumbnailUrl\":\"https:\/\/1xplayz.com\/wp-content\/uploads\/2021\/07\/spanish-free-bet-esports-1024x256.jpg\",\"datePublished\":\"2021-07-20T11:08:10+00:00\",\"dateModified\":\"2023-03-12T12:34:29+00:00\",\"description\":\"\u00bfQu\u00e9 son las casas de apuestas deportivas? Esports Bookmakers o Esports Bookies es una persona, una organizaci\u00f3n o una empresa que acepta apuestas y paga\",\"breadcrumb\":{\"@id\":\"https:\/\/1xplayz.com\/es\/esports-bookies\/#breadcrumb\"},\"inLanguage\":\"es\",\"potentialAction\":[{\"@type\":\"ReadAction\",\"target\":[\"https:\/\/1xplayz.com\/es\/esports-bookies\/\"]}]},{\"@type\":\"ImageObject\",\"inLanguage\":\"es\",\"@id\":\"https:\/\/1xplayz.com\/es\/esports-bookies\/#primaryimage\",\"url\":\"https:\/\/1xplayz.com\/wp-content\/uploads\/2021\/07\/spanish-free-bet-esports-1024x256.jpg\",\"contentUrl\":\"https:\/\/1xplayz.com\/wp-content\/uploads\/2021\/07\/spanish-free-bet-esports-1024x256.jpg\"},{\"@type\":\"BreadcrumbList\",\"@id\":\"https:\/\/1xplayz.com\/es\/esports-bookies\/#breadcrumb\",\"itemListElement\":[{\"@type\":\"ListItem\",\"position\":1,\"name\":\"Home\",\"item\":\"https:\/\/1xplayz.com\/es\/\"},{\"@type\":\"ListItem\",\"position\":2,\"name\":\"Casas de apuestas deportivas\"}]},{\"@type\":\"WebSite\",\"@id\":\"https:\/\/1xplayz.com\/es\/de\/#website\",\"url\":\"https:\/\/1xplayz.com\/es\/de\/\",\"name\":\"1xPlayz\",\"description\":\"Tipsters de eSports\",\"publisher\":{\"@id\":\"https:\/\/1xplayz.com\/es\/de\/#\/schema\/person\/8eadc1d14ab3326bbc7a655fbfe061cf\"},\"potentialAction\":[{\"@type\":\"SearchAction\",\"target\":{\"@type\":\"EntryPoint\",\"urlTemplate\":\"https:\/\/1xplayz.com\/es\/de\/?s={search_term_string}\"},\"query-input\":{\"@type\":\"PropertyValueSpecification\",\"valueRequired\":true,\"valueName\":\"search_term_string\"}}],\"inLanguage\":\"es\"},{\"@type\":[\"Person\",\"Organization\"],\"@id\":\"https:\/\/1xplayz.com\/es\/de\/#\/schema\/person\/8eadc1d14ab3326bbc7a655fbfe061cf\",\"name\":\"1xPlayz\",\"image\":{\"@type\":\"ImageObject\",\"inLanguage\":\"es\",\"@id\":\"https:\/\/1xplayz.com\/es\/de\/#\/schema\/person\/image\/\",\"url\":\"https:\/\/1xplayz.com\/wp-content\/uploads\/2021\/07\/1xp.png\",\"contentUrl\":\"https:\/\/1xplayz.com\/wp-content\/uploads\/2021\/07\/1xp.png\",\"width\":500,\"height\":500,\"caption\":\"1xPlayz\"},\"logo\":{\"@id\":\"https:\/\/1xplayz.com\/es\/de\/#\/schema\/person\/image\/\"},\"sameAs\":[\"http:\/\/1xplayz.com\"]}]}<\/script>\n<!-- \/ Yoast SEO plugin. -->","yoast_head_json":{"title":"Casas de apuestas deportivas - Tipsters de eSports - 1xPlayz","description":"\u00bfQu\u00e9 son las casas de apuestas deportivas? Esports Bookmakers o Esports Bookies es una persona, una organizaci\u00f3n o una empresa que acepta apuestas y paga","robots":{"index":"index","follow":"follow","max-snippet":"max-snippet:-1","max-image-preview":"max-image-preview:large","max-video-preview":"max-video-preview:-1"},"canonical":"https:\/\/1xplayz.com\/es\/esports-bookies\/","og_locale":"es_ES","og_type":"article","og_title":"Casas de apuestas deportivas - Tipsters de eSports - 1xPlayz","og_description":"\u00bfQu\u00e9 son las casas de apuestas deportivas? Esports Bookmakers o Esports Bookies es una persona, una organizaci\u00f3n o una empresa que acepta apuestas y paga","og_url":"https:\/\/1xplayz.com\/es\/esports-bookies\/","og_site_name":"1xPlayz","article_modified_time":"2023-03-12T12:34:29+00:00","og_image":[{"url":"https:\/\/1xplayz.com\/wp-content\/uploads\/2021\/07\/spanish-free-bet-esports-1024x256.jpg","type":"","width":"","height":""}],"twitter_card":"summary_large_image","twitter_misc":{"Tiempo de lectura":"5 minutos"},"schema":{"@context":"https:\/\/schema.org","@graph":[{"@type":"WebPage","@id":"https:\/\/1xplayz.com\/es\/esports-bookies\/","url":"https:\/\/1xplayz.com\/es\/esports-bookies\/","name":"Casas de apuestas deportivas - Tipsters de eSports - 1xPlayz","isPartOf":{"@id":"https:\/\/1xplayz.com\/es\/de\/#website"},"primaryImageOfPage":{"@id":"https:\/\/1xplayz.com\/es\/esports-bookies\/#primaryimage"},"image":{"@id":"https:\/\/1xplayz.com\/es\/esports-bookies\/#primaryimage"},"thumbnailUrl":"https:\/\/1xplayz.com\/wp-content\/uploads\/2021\/07\/spanish-free-bet-esports-1024x256.jpg","datePublished":"2021-07-20T11:08:10+00:00","dateModified":"2023-03-12T12:34:29+00:00","description":"\u00bfQu\u00e9 son las casas de apuestas deportivas? Esports Bookmakers o Esports Bookies es una persona, una organizaci\u00f3n o una empresa que acepta apuestas y paga","breadcrumb":{"@id":"https:\/\/1xplayz.com\/es\/esports-bookies\/#breadcrumb"},"inLanguage":"es","potentialAction":[{"@type":"ReadAction","target":["https:\/\/1xplayz.com\/es\/esports-bookies\/"]}]},{"@type":"ImageObject","inLanguage":"es","@id":"https:\/\/1xplayz.com\/es\/esports-bookies\/#primaryimage","url":"https:\/\/1xplayz.com\/wp-content\/uploads\/2021\/07\/spanish-free-bet-esports-1024x256.jpg","contentUrl":"https:\/\/1xplayz.com\/wp-content\/uploads\/2021\/07\/spanish-free-bet-esports-1024x256.jpg"},{"@type":"BreadcrumbList","@id":"https:\/\/1xplayz.com\/es\/esports-bookies\/#breadcrumb","itemListElement":[{"@type":"ListItem","position":1,"name":"Home","item":"https:\/\/1xplayz.com\/es\/"},{"@type":"ListItem","position":2,"name":"Casas de apuestas deportivas"}]},{"@type":"WebSite","@id":"https:\/\/1xplayz.com\/es\/de\/#website","url":"https:\/\/1xplayz.com\/es\/de\/","name":"1xPlayz","description":"Tipsters de eSports","publisher":{"@id":"https:\/\/1xplayz.com\/es\/de\/#\/schema\/person\/8eadc1d14ab3326bbc7a655fbfe061cf"},"potentialAction":[{"@type":"SearchAction","target":{"@type":"EntryPoint","urlTemplate":"https:\/\/1xplayz.com\/es\/de\/?s={search_term_string}"},"query-input":{"@type":"PropertyValueSpecification","valueRequired":true,"valueName":"search_term_string"}}],"inLanguage":"es"},{"@type":["Person","Organization"],"@id":"https:\/\/1xplayz.com\/es\/de\/#\/schema\/person\/8eadc1d14ab3326bbc7a655fbfe061cf","name":"1xPlayz","image":{"@type":"ImageObject","inLanguage":"es","@id":"https:\/\/1xplayz.com\/es\/de\/#\/schema\/person\/image\/","url":"https:\/\/1xplayz.com\/wp-content\/uploads\/2021\/07\/1xp.png","contentUrl":"https:\/\/1xplayz.com\/wp-content\/uploads\/2021\/07\/1xp.png","width":500,"height":500,"caption":"1xPlayz"},"logo":{"@id":"https:\/\/1xplayz.com\/es\/de\/#\/schema\/person\/image\/"},"sameAs":["http:\/\/1xplayz.com"]}]}},"_links":{"self":[{"href":"https:\/\/1xplayz.com\/es\/wp-json\/wp\/v2\/pages\/1021","targetHints":{"allow":["GET"]}}],"collection":[{"href":"https:\/\/1xplayz.com\/es\/wp-json\/wp\/v2\/pages"}],"about":[{"href":"https:\/\/1xplayz.com\/es\/wp-json\/wp\/v2\/types\/page"}],"author":[{"embeddable":true,"href":"https:\/\/1xplayz.com\/es\/wp-json\/wp\/v2\/users\/1"}],"replies":[{"embeddable":true,"href":"https:\/\/1xplayz.com\/es\/wp-json\/wp\/v2\/comments?post=1021"}],"version-history":[{"count":6,"href":"https:\/\/1xplayz.com\/es\/wp-json\/wp\/v2\/pages\/1021\/revisions"}],"predecessor-version":[{"id":3159,"href":"https:\/\/1xplayz.com\/es\/wp-json\/wp\/v2\/pages\/1021\/revisions\/3159"}],"wp:attachment":[{"href":"https:\/\/1xplayz.com\/es\/wp-json\/wp\/v2\/media?parent=1021"}],"curies":[{"name":"wp","href":"https:\/\/api.w.org\/{rel}","templated":true}]}}