{"id":12597,"date":"2021-11-15T15:20:03","date_gmt":"2021-11-15T08:20:03","guid":{"rendered":"https:\/\/1xplayz.com\/mobile-legends\/"},"modified":"2021-11-27T22:32:48","modified_gmt":"2021-11-27T15:32:48","slug":"mobile-legends","status":"publish","type":"page","link":"https:\/\/1xplayz.com\/es\/mobile-legends\/","title":{"rendered":"Mobile Legends: Bang Bang"},"content":{"rendered":"\n<p><strong>Mobile Legends: Bang Bang (MLBB)<\/strong> es un campo de batalla en l\u00ednea multijugador desarrollado y publicado por Moonton. El juego fue lanzado en 2016 para usuarios m\u00f3viles de Android e iOS. MLBB es uno de los juegos m\u00e1s populares del sudeste asi\u00e1tico.<\/p>\n\n\n\n<h2 class=\"wp-block-heading\">Mobile Legends: Bang Bang Torneos<\/h2>\n\n\n\n<p>Aunque Mobile Legends: Bang Bang es popular en Asia, no hay muchos torneos, tantos torneos. Las competiciones m\u00e1s conocidas son MSC (South Asian Competition), MPL (Professional League) y World Champion (M3 para 2021). Bang Bang tambi\u00e9n es una de las categor\u00edas de eSports en los Juegos del Sudeste Asi\u00e1tico. Filipinas es uno de los pa\u00edses l\u00edderes que tiene m\u00e1s jugadores y m\u00e1s torneos.<\/p>\n","protected":false},"excerpt":{"rendered":"<div class=\"mh-excerpt\"><p>Mobile Legends: Bang Bang (MLBB) es un campo de batalla en l\u00ednea multijugador desarrollado y publicado por Moonton. El juego fue lanzado en 2016 para <a class=\"mh-excerpt-more\" href=\"https:\/\/1xplayz.com\/es\/mobile-legends\/\" title=\"Mobile Legends: Bang Bang\">[&#8230;]<\/a><\/p>\n<\/div>","protected":false},"author":1,"featured_media":0,"parent":0,"menu_order":0,"comment_status":"closed","ping_status":"closed","template":"","meta":{"footnotes":""},"class_list":["post-12597","page","type-page","status-publish","hentry"],"yoast_head":"<!-- This site is optimized with the Yoast SEO plugin v26.6 - https:\/\/yoast.com\/wordpress\/plugins\/seo\/ -->\n<title>Mobile Legends: Bang Bang - Tipsters de eSports - 1xPlayz<\/title>\n<meta name=\"description\" content=\"Mobile Legends: Bang Bang (MLBB) es un campo de batalla en l\u00ednea multijugador desarrollado y publicado por Moonton. El juego fue lanzado en 2016 para\" \/>\n<meta name=\"robots\" content=\"index, follow, max-snippet:-1, max-image-preview:large, max-video-preview:-1\" \/>\n<link rel=\"canonical\" href=\"https:\/\/1xplayz.com\/es\/mobile-legends\/\" \/>\n<meta property=\"og:locale\" content=\"es_ES\" \/>\n<meta property=\"og:type\" content=\"article\" \/>\n<meta property=\"og:title\" content=\"Mobile Legends: Bang Bang - Tipsters de eSports - 1xPlayz\" \/>\n<meta property=\"og:description\" content=\"Mobile Legends: Bang Bang (MLBB) es un campo de batalla en l\u00ednea multijugador desarrollado y publicado por Moonton. El juego fue lanzado en 2016 para\" \/>\n<meta property=\"og:url\" content=\"https:\/\/1xplayz.com\/es\/mobile-legends\/\" \/>\n<meta property=\"og:site_name\" content=\"1xPlayz\" \/>\n<meta property=\"article:modified_time\" content=\"2021-11-27T15:32:48+00:00\" \/>\n<meta name=\"twitter:card\" content=\"summary_large_image\" \/>\n<meta name=\"twitter:label1\" content=\"Tiempo de lectura\" \/>\n\t<meta name=\"twitter:data1\" content=\"1 minuto\" \/>\n<script type=\"application\/ld+json\" class=\"yoast-schema-graph\">{\"@context\":\"https:\/\/schema.org\",\"@graph\":[{\"@type\":\"WebPage\",\"@id\":\"https:\/\/1xplayz.com\/es\/mobile-legends\/\",\"url\":\"https:\/\/1xplayz.com\/es\/mobile-legends\/\",\"name\":\"Mobile Legends: Bang Bang - Tipsters de eSports - 1xPlayz\",\"isPartOf\":{\"@id\":\"https:\/\/1xplayz.com\/es\/de\/#website\"},\"datePublished\":\"2021-11-15T08:20:03+00:00\",\"dateModified\":\"2021-11-27T15:32:48+00:00\",\"description\":\"Mobile Legends: Bang Bang (MLBB) es un campo de batalla en l\u00ednea multijugador desarrollado y publicado por Moonton. El juego fue lanzado en 2016 para\",\"breadcrumb\":{\"@id\":\"https:\/\/1xplayz.com\/es\/mobile-legends\/#breadcrumb\"},\"inLanguage\":\"es\",\"potentialAction\":[{\"@type\":\"ReadAction\",\"target\":[\"https:\/\/1xplayz.com\/es\/mobile-legends\/\"]}]},{\"@type\":\"BreadcrumbList\",\"@id\":\"https:\/\/1xplayz.com\/es\/mobile-legends\/#breadcrumb\",\"itemListElement\":[{\"@type\":\"ListItem\",\"position\":1,\"name\":\"Home\",\"item\":\"https:\/\/1xplayz.com\/es\/\"},{\"@type\":\"ListItem\",\"position\":2,\"name\":\"Mobile Legends: Bang Bang\"}]},{\"@type\":\"WebSite\",\"@id\":\"https:\/\/1xplayz.com\/es\/de\/#website\",\"url\":\"https:\/\/1xplayz.com\/es\/de\/\",\"name\":\"1xPlayz\",\"description\":\"Tipsters de eSports\",\"publisher\":{\"@id\":\"https:\/\/1xplayz.com\/es\/de\/#\/schema\/person\/8eadc1d14ab3326bbc7a655fbfe061cf\"},\"potentialAction\":[{\"@type\":\"SearchAction\",\"target\":{\"@type\":\"EntryPoint\",\"urlTemplate\":\"https:\/\/1xplayz.com\/es\/de\/?s={search_term_string}\"},\"query-input\":{\"@type\":\"PropertyValueSpecification\",\"valueRequired\":true,\"valueName\":\"search_term_string\"}}],\"inLanguage\":\"es\"},{\"@type\":[\"Person\",\"Organization\"],\"@id\":\"https:\/\/1xplayz.com\/es\/de\/#\/schema\/person\/8eadc1d14ab3326bbc7a655fbfe061cf\",\"name\":\"1xPlayz\",\"image\":{\"@type\":\"ImageObject\",\"inLanguage\":\"es\",\"@id\":\"https:\/\/1xplayz.com\/es\/de\/#\/schema\/person\/image\/\",\"url\":\"https:\/\/1xplayz.com\/wp-content\/uploads\/2021\/07\/1xp.png\",\"contentUrl\":\"https:\/\/1xplayz.com\/wp-content\/uploads\/2021\/07\/1xp.png\",\"width\":500,\"height\":500,\"caption\":\"1xPlayz\"},\"logo\":{\"@id\":\"https:\/\/1xplayz.com\/es\/de\/#\/schema\/person\/image\/\"},\"sameAs\":[\"http:\/\/1xplayz.com\"]}]}<\/script>\n<!-- \/ Yoast SEO plugin. -->","yoast_head_json":{"title":"Mobile Legends: Bang Bang - Tipsters de eSports - 1xPlayz","description":"Mobile Legends: Bang Bang (MLBB) es un campo de batalla en l\u00ednea multijugador desarrollado y publicado por Moonton. El juego fue lanzado en 2016 para","robots":{"index":"index","follow":"follow","max-snippet":"max-snippet:-1","max-image-preview":"max-image-preview:large","max-video-preview":"max-video-preview:-1"},"canonical":"https:\/\/1xplayz.com\/es\/mobile-legends\/","og_locale":"es_ES","og_type":"article","og_title":"Mobile Legends: Bang Bang - Tipsters de eSports - 1xPlayz","og_description":"Mobile Legends: Bang Bang (MLBB) es un campo de batalla en l\u00ednea multijugador desarrollado y publicado por Moonton. El juego fue lanzado en 2016 para","og_url":"https:\/\/1xplayz.com\/es\/mobile-legends\/","og_site_name":"1xPlayz","article_modified_time":"2021-11-27T15:32:48+00:00","twitter_card":"summary_large_image","twitter_misc":{"Tiempo de lectura":"1 minuto"},"schema":{"@context":"https:\/\/schema.org","@graph":[{"@type":"WebPage","@id":"https:\/\/1xplayz.com\/es\/mobile-legends\/","url":"https:\/\/1xplayz.com\/es\/mobile-legends\/","name":"Mobile Legends: Bang Bang - Tipsters de eSports - 1xPlayz","isPartOf":{"@id":"https:\/\/1xplayz.com\/es\/de\/#website"},"datePublished":"2021-11-15T08:20:03+00:00","dateModified":"2021-11-27T15:32:48+00:00","description":"Mobile Legends: Bang Bang (MLBB) es un campo de batalla en l\u00ednea multijugador desarrollado y publicado por Moonton. El juego fue lanzado en 2016 para","breadcrumb":{"@id":"https:\/\/1xplayz.com\/es\/mobile-legends\/#breadcrumb"},"inLanguage":"es","potentialAction":[{"@type":"ReadAction","target":["https:\/\/1xplayz.com\/es\/mobile-legends\/"]}]},{"@type":"BreadcrumbList","@id":"https:\/\/1xplayz.com\/es\/mobile-legends\/#breadcrumb","itemListElement":[{"@type":"ListItem","position":1,"name":"Home","item":"https:\/\/1xplayz.com\/es\/"},{"@type":"ListItem","position":2,"name":"Mobile Legends: Bang Bang"}]},{"@type":"WebSite","@id":"https:\/\/1xplayz.com\/es\/de\/#website","url":"https:\/\/1xplayz.com\/es\/de\/","name":"1xPlayz","description":"Tipsters de eSports","publisher":{"@id":"https:\/\/1xplayz.com\/es\/de\/#\/schema\/person\/8eadc1d14ab3326bbc7a655fbfe061cf"},"potentialAction":[{"@type":"SearchAction","target":{"@type":"EntryPoint","urlTemplate":"https:\/\/1xplayz.com\/es\/de\/?s={search_term_string}"},"query-input":{"@type":"PropertyValueSpecification","valueRequired":true,"valueName":"search_term_string"}}],"inLanguage":"es"},{"@type":["Person","Organization"],"@id":"https:\/\/1xplayz.com\/es\/de\/#\/schema\/person\/8eadc1d14ab3326bbc7a655fbfe061cf","name":"1xPlayz","image":{"@type":"ImageObject","inLanguage":"es","@id":"https:\/\/1xplayz.com\/es\/de\/#\/schema\/person\/image\/","url":"https:\/\/1xplayz.com\/wp-content\/uploads\/2021\/07\/1xp.png","contentUrl":"https:\/\/1xplayz.com\/wp-content\/uploads\/2021\/07\/1xp.png","width":500,"height":500,"caption":"1xPlayz"},"logo":{"@id":"https:\/\/1xplayz.com\/es\/de\/#\/schema\/person\/image\/"},"sameAs":["http:\/\/1xplayz.com"]}]}},"_links":{"self":[{"href":"https:\/\/1xplayz.com\/es\/wp-json\/wp\/v2\/pages\/12597","targetHints":{"allow":["GET"]}}],"collection":[{"href":"https:\/\/1xplayz.com\/es\/wp-json\/wp\/v2\/pages"}],"about":[{"href":"https:\/\/1xplayz.com\/es\/wp-json\/wp\/v2\/types\/page"}],"author":[{"embeddable":true,"href":"https:\/\/1xplayz.com\/es\/wp-json\/wp\/v2\/users\/1"}],"replies":[{"embeddable":true,"href":"https:\/\/1xplayz.com\/es\/wp-json\/wp\/v2\/comments?post=12597"}],"version-history":[{"count":2,"href":"https:\/\/1xplayz.com\/es\/wp-json\/wp\/v2\/pages\/12597\/revisions"}],"predecessor-version":[{"id":12654,"href":"https:\/\/1xplayz.com\/es\/wp-json\/wp\/v2\/pages\/12597\/revisions\/12654"}],"wp:attachment":[{"href":"https:\/\/1xplayz.com\/es\/wp-json\/wp\/v2\/media?parent=12597"}],"curies":[{"name":"wp","href":"https:\/\/api.w.org\/{rel}","templated":true}]}}