{"id":12623,"date":"2021-11-15T17:06:33","date_gmt":"2021-11-15T10:06:33","guid":{"rendered":"https:\/\/1xplayz.com\/mobile-legends\/world-championships\/"},"modified":"2023-03-12T19:44:44","modified_gmt":"2023-03-12T12:44:44","slug":"world-championships","status":"publish","type":"page","link":"https:\/\/1xplayz.com\/es\/mobile-legends\/world-championships\/","title":{"rendered":"Mobile Legends: Bang Bang Campeonato del Mundo 2023"},"content":{"rendered":"\n<p><strong> MLBB World Championships <\/strong> es un evento anual para la categor\u00eda de torneos internacionales de deportes electr\u00f3nicos de Mobile Legends: Bang Bang. El Campeonato Mundial MLBB es el nivel S-Tier de eSports que se lanz\u00f3 por primera vez en 2019 en Kuala Lumpur. Para la primera temporada, se llam\u00f3 M1. Debido a la pandemia de Covid-19, la segunda temporada M2 que deber\u00eda jugarse en 2020 se traslad\u00f3 a enero de 2021. La M2 se llev\u00f3 a cabo en Singapur con 12 equipos participantes. El M3 tambi\u00e9n comenzar\u00e1 entre el 6 de diciembre y el 19 de diciembre de 2021 en Singapur. El parche de este M3 es 1.6.26. Los patrocinadores del Campeonato Mundial MLBB 2021 son TikTok, Razer, Mediacorp, TUMI, Singtel, SG Passion Made, Possible, Frank by OCBC, me Watch, Facebook Gaming PVP Esports y Secretlab. Por tanto, el premio acumulado de M3 es de 800.000 USD. Esta temporada, los equipos clasificados para el Campeonato Mundial (MLBB) son de Filipinas, Indonesia, Malasia, Singapur, Brasil, Rusia, Turqu\u00eda, Camboya, Am\u00e9rica del Sur, Am\u00e9rica del Norte y Medio Oriente.<\/p>\n\n\n\n<a href=\"https:\/\/refpa.top\/L?tag=d_1105835m_97c_&amp;site=1105835&amp;ad=97&amp;r=line\/Esports\/\" target=\"_blank\" rel=\"nofollow noopener\"><img loading=\"lazy\" decoding=\"async\" class=\"wp-image-11919\" src=\"https:\/\/1xplayz.com\/wp-content\/uploads\/2021\/11\/spanish-mobile-legends-free-bet-bonus-300x100.jpg\" alt=\"bono de apuesta gratis de leyendas m\u00f3viles espa\u00f1olas\" width=\"800\" height=\"267\" srcset=\"https:\/\/1xplayz.com\/wp-content\/uploads\/2021\/11\/spanish-mobile-legends-free-bet-bonus-300x100.jpg 300w, https:\/\/1xplayz.com\/wp-content\/uploads\/2021\/11\/spanish-mobile-legends-free-bet-bonus-1024x341.jpg 1024w, https:\/\/1xplayz.com\/wp-content\/uploads\/2021\/11\/spanish-mobile-legends-free-bet-bonus-768x256.jpg 768w, https:\/\/1xplayz.com\/wp-content\/uploads\/2021\/11\/spanish-mobile-legends-free-bet-bonus-128x43.jpg 128w, https:\/\/1xplayz.com\/wp-content\/uploads\/2021\/11\/spanish-mobile-legends-free-bet-bonus-32x11.jpg 32w, https:\/\/1xplayz.com\/wp-content\/uploads\/2021\/11\/spanish-mobile-legends-free-bet-bonus.jpg 1500w\" sizes=\"auto, (max-width: 800px) 100vw, 800px\" \/><\/a>\n\n\n\n<div class=\"sportspress sp-widget-align-none\"><h4 class=\"sp-table-caption\">Predicciones Campeonatos Mundiales de MLBB<\/h4><div class=\"sp-template sp-template-event-blocks\">\n\t<div class=\"sp-table-wrapper\">\n\t\t<table class=\"sp-event-blocks sp-data-table\n\t\t\t\t\t sp-paginated-table\" data-sp-rows=\"5\">\n\t\t\t<thead><tr><th><\/th><\/tr><\/thead> \t\t\t<tbody>\n\t\t\t\t\t\t\t<\/tbody>\n\t\t<\/table>\n\t<\/div>\n\t<div class=\"sp-calendar-link sp-view-all-link\"><a href=\"https:\/\/1xplayz.com\/es\/calendars\/mlbb-world-championships\/\">Ver todos los eventos<\/a><\/div><\/div>\n<\/div>\n\n\n\n<h2 class=\"wp-block-heading\">Formato M3 de los Campeonatos Mundiales de MLBB<\/h2>\n\n\n\n<p>Hay dos etapas de M3, la fase de grupos y los playoffs. Primero, participa la Fase de Grupos que cuenta con 16 equipos. En esta etapa, todos los equipos se dividen en 4 grupos de 4 equipos. Los equipos jugar\u00e1n como un solo round-robin. Todas las marchas son al mejor de 1 (Bo1). Los mejores equipos de cada grupo avanzan a la categor\u00eda superior de las eliminatorias. Los 2 equipos inferiores jugar\u00e1n en el cuadro inferior de los playoffs. Los Playoffs son de doble eliminaci\u00f3n. Las dos primeras rondas del cuadro inferior juegan el formato de Mejor de 3 (Bo3). El final del soporte inferior es Bo7. Todos los dem\u00e1s partidos son al mejor de 5 (Bo5).<\/p>\n\n\n\n<h3 class=\"wp-block-heading\">Grupos M3  Campeonatos Mundiales 2023<\/h3>\n\n\n\n<p>M3 se divide en 4 grupos de 4 equipos. Mientras que los 2 mejores equipos avanzan a la categor\u00eda superior de las eliminatorias, los 2 equipos inferiores pasan a la categor\u00eda inferior de las eliminatorias.<br><strong>Grupo A<\/strong>: BEDEL, Blacklist International, Malvinas Gaming, RED Canids.<br><strong>Grupo B<\/strong>: KEYD Stars, ONIC Esports, ONIC PH, TODAK.<br><strong>Grupo C<\/strong>: BloodThirstyKings (BTK), EVOS Esports SG, Natus Vincere, See You Soon.<br><strong>Grupo D<\/strong>: GX Squad, RRQ Hoshi, RSG Singapore, Team SMG.<\/p>\n\n\n\n<div class=\"sportspress sp-widget-align-none\"><h4 class=\"sp-table-caption\">Resultados MLBB Campeonato Mundial M3 2021<\/h4><div class=\"sp-template sp-template-event-blocks\">\n\t<div class=\"sp-table-wrapper\">\n\t\t<table class=\"sp-event-blocks sp-data-table\n\t\t\t\t\t sp-paginated-table\" data-sp-rows=\"5\">\n\t\t\t<thead><tr><th><\/th><\/tr><\/thead> \t\t\t<tbody>\n\t\t\t\t\t\t\t<\/tbody>\n\t\t<\/table>\n\t<\/div>\n\t<div class=\"sp-calendar-link sp-view-all-link\"><a href=\"https:\/\/1xplayz.com\/es\/calendars\/results%e2%80%8b-mlbb-world-championships-2021\/\">Ver todos los eventos<\/a><\/div><\/div>\n<\/div>\n\n\n\n<h3 class=\"wp-block-heading\">Transmisi\u00f3n en vivo de MLBB M3 2023<\/h3>\n\n\n\n<p>Los jugadores y los seguidores pueden ver la transmisi\u00f3n en vivo de los partidos del Campeonato Mundial con la p\u00e1gina oficial de Facebook de MBLL y Youtube. Tambi\u00e9n hay otras opciones para mirar con eSports Bookies <a title=\"Enlace de eSports a transmisi\u00f3n en vivo\" href=\"https:\/\/refpa.top\/L?tag=d_1105835m_97c_&amp;site=1105835&amp;ad=97&amp;r=live\/Esports\/\" target=\"_blank\" rel=\"nofollow noopener\">1XBET<\/a>. \u00bfC\u00f3mo puedo usar 1XBET para ver la transmisi\u00f3n en vivo de los partidos del Campeonato Mundial? Primero, cree una cuenta mediante <a title=\"Casa de apuestas de esports 1XBET\" href=\"https:\/\/refpa.top\/L?tag=d_1105835m_97c_&amp;site=1105835&amp;ad=97&amp;r=line\/Esports\/\" target=\"_blank\" rel=\"nofollow noopener\">este enlace<\/a>. Despu\u00e9s de eso, complete su cuenta con la informaci\u00f3n requerida. No tiene que depositar dinero si no quiere apostar, pero puede acceder a todos los beneficios de transmisi\u00f3n en vivo con su cuenta. Como resultado, podr\u00e1 ver el Campeonato Mundial MLBB 2023, as\u00ed como otros torneos de deportes electr\u00f3nicos.<\/p>\n","protected":false},"excerpt":{"rendered":"<div class=\"mh-excerpt\"><p>MLBB World Championships es un evento anual para la categor\u00eda de torneos internacionales de deportes electr\u00f3nicos de Mobile Legends: Bang Bang. El Campeonato Mundial MLBB <a class=\"mh-excerpt-more\" href=\"https:\/\/1xplayz.com\/es\/mobile-legends\/world-championships\/\" title=\"Mobile Legends: Bang Bang Campeonato del Mundo 2023\">[&#8230;]<\/a><\/p>\n<\/div>","protected":false},"author":1,"featured_media":0,"parent":12597,"menu_order":0,"comment_status":"closed","ping_status":"closed","template":"","meta":{"footnotes":""},"class_list":["post-12623","page","type-page","status-publish","hentry"],"yoast_head":"<!-- This site is optimized with the Yoast SEO plugin v26.6 - https:\/\/yoast.com\/wordpress\/plugins\/seo\/ -->\n<title>Mobile Legends: Bang Bang Campeonato del Mundo 2023 - Tipsters de eSports - 1xPlayz<\/title>\n<meta name=\"description\" content=\"MLBB World Championships es un evento anual para la categor\u00eda de torneos internacionales de deportes electr\u00f3nicos de Mobile Legends: Bang Bang. El\" \/>\n<meta name=\"robots\" content=\"index, follow, max-snippet:-1, max-image-preview:large, max-video-preview:-1\" \/>\n<link rel=\"canonical\" href=\"https:\/\/1xplayz.com\/es\/mobile-legends\/world-championships\/\" \/>\n<meta property=\"og:locale\" content=\"es_ES\" \/>\n<meta property=\"og:type\" content=\"article\" \/>\n<meta property=\"og:title\" content=\"Mobile Legends: Bang Bang Campeonato del Mundo 2023 - Tipsters de eSports - 1xPlayz\" \/>\n<meta property=\"og:description\" content=\"MLBB World Championships es un evento anual para la categor\u00eda de torneos internacionales de deportes electr\u00f3nicos de Mobile Legends: Bang Bang. El\" \/>\n<meta property=\"og:url\" content=\"https:\/\/1xplayz.com\/es\/mobile-legends\/world-championships\/\" \/>\n<meta property=\"og:site_name\" content=\"1xPlayz\" \/>\n<meta property=\"article:modified_time\" content=\"2023-03-12T12:44:44+00:00\" \/>\n<meta property=\"og:image\" content=\"https:\/\/1xplayz.com\/wp-content\/uploads\/2021\/11\/spanish-mobile-legends-free-bet-bonus-300x100.jpg\" \/>\n<meta name=\"twitter:card\" content=\"summary_large_image\" \/>\n<meta name=\"twitter:label1\" content=\"Tiempo de lectura\" \/>\n\t<meta name=\"twitter:data1\" content=\"3 minutos\" \/>\n<script type=\"application\/ld+json\" class=\"yoast-schema-graph\">{\"@context\":\"https:\/\/schema.org\",\"@graph\":[{\"@type\":\"WebPage\",\"@id\":\"https:\/\/1xplayz.com\/es\/mobile-legends\/world-championships\/\",\"url\":\"https:\/\/1xplayz.com\/es\/mobile-legends\/world-championships\/\",\"name\":\"Mobile Legends: Bang Bang Campeonato del Mundo 2023 - Tipsters de eSports - 1xPlayz\",\"isPartOf\":{\"@id\":\"https:\/\/1xplayz.com\/es\/de\/#website\"},\"primaryImageOfPage\":{\"@id\":\"https:\/\/1xplayz.com\/es\/mobile-legends\/world-championships\/#primaryimage\"},\"image\":{\"@id\":\"https:\/\/1xplayz.com\/es\/mobile-legends\/world-championships\/#primaryimage\"},\"thumbnailUrl\":\"https:\/\/1xplayz.com\/wp-content\/uploads\/2021\/11\/spanish-mobile-legends-free-bet-bonus-300x100.jpg\",\"datePublished\":\"2021-11-15T10:06:33+00:00\",\"dateModified\":\"2023-03-12T12:44:44+00:00\",\"description\":\"MLBB World Championships es un evento anual para la categor\u00eda de torneos internacionales de deportes electr\u00f3nicos de Mobile Legends: Bang Bang. El\",\"breadcrumb\":{\"@id\":\"https:\/\/1xplayz.com\/es\/mobile-legends\/world-championships\/#breadcrumb\"},\"inLanguage\":\"es\",\"potentialAction\":[{\"@type\":\"ReadAction\",\"target\":[\"https:\/\/1xplayz.com\/es\/mobile-legends\/world-championships\/\"]}]},{\"@type\":\"ImageObject\",\"inLanguage\":\"es\",\"@id\":\"https:\/\/1xplayz.com\/es\/mobile-legends\/world-championships\/#primaryimage\",\"url\":\"https:\/\/1xplayz.com\/wp-content\/uploads\/2021\/11\/spanish-mobile-legends-free-bet-bonus-300x100.jpg\",\"contentUrl\":\"https:\/\/1xplayz.com\/wp-content\/uploads\/2021\/11\/spanish-mobile-legends-free-bet-bonus-300x100.jpg\"},{\"@type\":\"BreadcrumbList\",\"@id\":\"https:\/\/1xplayz.com\/es\/mobile-legends\/world-championships\/#breadcrumb\",\"itemListElement\":[{\"@type\":\"ListItem\",\"position\":1,\"name\":\"Home\",\"item\":\"https:\/\/1xplayz.com\/es\/\"},{\"@type\":\"ListItem\",\"position\":2,\"name\":\"Mobile Legends: Bang Bang\",\"item\":\"https:\/\/1xplayz.com\/es\/mobile-legends\/\"},{\"@type\":\"ListItem\",\"position\":3,\"name\":\"Mobile Legends: Bang Bang Campeonato del Mundo 2023\"}]},{\"@type\":\"WebSite\",\"@id\":\"https:\/\/1xplayz.com\/es\/de\/#website\",\"url\":\"https:\/\/1xplayz.com\/es\/de\/\",\"name\":\"1xPlayz\",\"description\":\"Tipsters de eSports\",\"publisher\":{\"@id\":\"https:\/\/1xplayz.com\/es\/de\/#\/schema\/person\/8eadc1d14ab3326bbc7a655fbfe061cf\"},\"potentialAction\":[{\"@type\":\"SearchAction\",\"target\":{\"@type\":\"EntryPoint\",\"urlTemplate\":\"https:\/\/1xplayz.com\/es\/de\/?s={search_term_string}\"},\"query-input\":{\"@type\":\"PropertyValueSpecification\",\"valueRequired\":true,\"valueName\":\"search_term_string\"}}],\"inLanguage\":\"es\"},{\"@type\":[\"Person\",\"Organization\"],\"@id\":\"https:\/\/1xplayz.com\/es\/de\/#\/schema\/person\/8eadc1d14ab3326bbc7a655fbfe061cf\",\"name\":\"1xPlayz\",\"image\":{\"@type\":\"ImageObject\",\"inLanguage\":\"es\",\"@id\":\"https:\/\/1xplayz.com\/es\/de\/#\/schema\/person\/image\/\",\"url\":\"https:\/\/1xplayz.com\/wp-content\/uploads\/2021\/07\/1xp.png\",\"contentUrl\":\"https:\/\/1xplayz.com\/wp-content\/uploads\/2021\/07\/1xp.png\",\"width\":500,\"height\":500,\"caption\":\"1xPlayz\"},\"logo\":{\"@id\":\"https:\/\/1xplayz.com\/es\/de\/#\/schema\/person\/image\/\"},\"sameAs\":[\"http:\/\/1xplayz.com\"]}]}<\/script>\n<!-- \/ Yoast SEO plugin. -->","yoast_head_json":{"title":"Mobile Legends: Bang Bang Campeonato del Mundo 2023 - Tipsters de eSports - 1xPlayz","description":"MLBB World Championships es un evento anual para la categor\u00eda de torneos internacionales de deportes electr\u00f3nicos de Mobile Legends: Bang Bang. El","robots":{"index":"index","follow":"follow","max-snippet":"max-snippet:-1","max-image-preview":"max-image-preview:large","max-video-preview":"max-video-preview:-1"},"canonical":"https:\/\/1xplayz.com\/es\/mobile-legends\/world-championships\/","og_locale":"es_ES","og_type":"article","og_title":"Mobile Legends: Bang Bang Campeonato del Mundo 2023 - Tipsters de eSports - 1xPlayz","og_description":"MLBB World Championships es un evento anual para la categor\u00eda de torneos internacionales de deportes electr\u00f3nicos de Mobile Legends: Bang Bang. El","og_url":"https:\/\/1xplayz.com\/es\/mobile-legends\/world-championships\/","og_site_name":"1xPlayz","article_modified_time":"2023-03-12T12:44:44+00:00","og_image":[{"url":"https:\/\/1xplayz.com\/wp-content\/uploads\/2021\/11\/spanish-mobile-legends-free-bet-bonus-300x100.jpg","type":"","width":"","height":""}],"twitter_card":"summary_large_image","twitter_misc":{"Tiempo de lectura":"3 minutos"},"schema":{"@context":"https:\/\/schema.org","@graph":[{"@type":"WebPage","@id":"https:\/\/1xplayz.com\/es\/mobile-legends\/world-championships\/","url":"https:\/\/1xplayz.com\/es\/mobile-legends\/world-championships\/","name":"Mobile Legends: Bang Bang Campeonato del Mundo 2023 - Tipsters de eSports - 1xPlayz","isPartOf":{"@id":"https:\/\/1xplayz.com\/es\/de\/#website"},"primaryImageOfPage":{"@id":"https:\/\/1xplayz.com\/es\/mobile-legends\/world-championships\/#primaryimage"},"image":{"@id":"https:\/\/1xplayz.com\/es\/mobile-legends\/world-championships\/#primaryimage"},"thumbnailUrl":"https:\/\/1xplayz.com\/wp-content\/uploads\/2021\/11\/spanish-mobile-legends-free-bet-bonus-300x100.jpg","datePublished":"2021-11-15T10:06:33+00:00","dateModified":"2023-03-12T12:44:44+00:00","description":"MLBB World Championships es un evento anual para la categor\u00eda de torneos internacionales de deportes electr\u00f3nicos de Mobile Legends: Bang Bang. El","breadcrumb":{"@id":"https:\/\/1xplayz.com\/es\/mobile-legends\/world-championships\/#breadcrumb"},"inLanguage":"es","potentialAction":[{"@type":"ReadAction","target":["https:\/\/1xplayz.com\/es\/mobile-legends\/world-championships\/"]}]},{"@type":"ImageObject","inLanguage":"es","@id":"https:\/\/1xplayz.com\/es\/mobile-legends\/world-championships\/#primaryimage","url":"https:\/\/1xplayz.com\/wp-content\/uploads\/2021\/11\/spanish-mobile-legends-free-bet-bonus-300x100.jpg","contentUrl":"https:\/\/1xplayz.com\/wp-content\/uploads\/2021\/11\/spanish-mobile-legends-free-bet-bonus-300x100.jpg"},{"@type":"BreadcrumbList","@id":"https:\/\/1xplayz.com\/es\/mobile-legends\/world-championships\/#breadcrumb","itemListElement":[{"@type":"ListItem","position":1,"name":"Home","item":"https:\/\/1xplayz.com\/es\/"},{"@type":"ListItem","position":2,"name":"Mobile Legends: Bang Bang","item":"https:\/\/1xplayz.com\/es\/mobile-legends\/"},{"@type":"ListItem","position":3,"name":"Mobile Legends: Bang Bang Campeonato del Mundo 2023"}]},{"@type":"WebSite","@id":"https:\/\/1xplayz.com\/es\/de\/#website","url":"https:\/\/1xplayz.com\/es\/de\/","name":"1xPlayz","description":"Tipsters de eSports","publisher":{"@id":"https:\/\/1xplayz.com\/es\/de\/#\/schema\/person\/8eadc1d14ab3326bbc7a655fbfe061cf"},"potentialAction":[{"@type":"SearchAction","target":{"@type":"EntryPoint","urlTemplate":"https:\/\/1xplayz.com\/es\/de\/?s={search_term_string}"},"query-input":{"@type":"PropertyValueSpecification","valueRequired":true,"valueName":"search_term_string"}}],"inLanguage":"es"},{"@type":["Person","Organization"],"@id":"https:\/\/1xplayz.com\/es\/de\/#\/schema\/person\/8eadc1d14ab3326bbc7a655fbfe061cf","name":"1xPlayz","image":{"@type":"ImageObject","inLanguage":"es","@id":"https:\/\/1xplayz.com\/es\/de\/#\/schema\/person\/image\/","url":"https:\/\/1xplayz.com\/wp-content\/uploads\/2021\/07\/1xp.png","contentUrl":"https:\/\/1xplayz.com\/wp-content\/uploads\/2021\/07\/1xp.png","width":500,"height":500,"caption":"1xPlayz"},"logo":{"@id":"https:\/\/1xplayz.com\/es\/de\/#\/schema\/person\/image\/"},"sameAs":["http:\/\/1xplayz.com"]}]}},"_links":{"self":[{"href":"https:\/\/1xplayz.com\/es\/wp-json\/wp\/v2\/pages\/12623","targetHints":{"allow":["GET"]}}],"collection":[{"href":"https:\/\/1xplayz.com\/es\/wp-json\/wp\/v2\/pages"}],"about":[{"href":"https:\/\/1xplayz.com\/es\/wp-json\/wp\/v2\/types\/page"}],"author":[{"embeddable":true,"href":"https:\/\/1xplayz.com\/es\/wp-json\/wp\/v2\/users\/1"}],"replies":[{"embeddable":true,"href":"https:\/\/1xplayz.com\/es\/wp-json\/wp\/v2\/comments?post=12623"}],"version-history":[{"count":5,"href":"https:\/\/1xplayz.com\/es\/wp-json\/wp\/v2\/pages\/12623\/revisions"}],"predecessor-version":[{"id":42635,"href":"https:\/\/1xplayz.com\/es\/wp-json\/wp\/v2\/pages\/12623\/revisions\/42635"}],"up":[{"embeddable":true,"href":"https:\/\/1xplayz.com\/es\/wp-json\/wp\/v2\/pages\/12597"}],"wp:attachment":[{"href":"https:\/\/1xplayz.com\/es\/wp-json\/wp\/v2\/media?parent=12623"}],"curies":[{"name":"wp","href":"https:\/\/api.w.org\/{rel}","templated":true}]}}