{"id":13344,"date":"2021-12-07T14:10:21","date_gmt":"2021-12-07T07:10:21","guid":{"rendered":"https:\/\/1xplayz.com\/counter-strike-global-offensive\/"},"modified":"2021-12-17T10:54:51","modified_gmt":"2021-12-17T03:54:51","slug":"counter-strike-global-offensive","status":"publish","type":"page","link":"https:\/\/1xplayz.com\/es\/counter-strike-global-offensive\/","title":{"rendered":"Counter Strike: ofensiva global"},"content":{"rendered":"\n<h2 class=\"wp-block-heading\">Counter Strike: ofensiva global Torneos de eSports<\/h2>\n\n\n\n<p>La jerarqu\u00eda de torneos de CS: GO se denomina diferente de algunas otras categor\u00edas de deportes electr\u00f3nicos. Actualmente, hay cinco tipos de competiciones en las categor\u00edas de Esports de Global Offensive. Los mayores tormentos son los campeonatos de CS: Go Major (Majors). Este es el primero que tiene el pozo de premios m\u00e1s alto, al menos 1,000,000 USD. El nivel superior del torneo son los eventos de nivel A, que se conocen como torneos principales en la temporada anterior. Este tipo de torneos tienen una gran bolsa de premios y equipos de deportes electr\u00f3nicos de alto nivel. La mayor\u00eda de los torneos internacionales de CS: GO se conocen en su mayor\u00eda como campeonatos principales de CS: GO, algunos se etiquetan como S-Tier Event.<\/p>\n\n\n\n<p>Los <strong> Torneos S-Tier <\/strong> se conoc\u00edan como Torneos Premier. Este es el tipo de eventos que tienen un premio mayor y en su mayor\u00eda se juegan sin conexi\u00f3n. Los torneos S-Tier se presentan con los mejores equipos. La mayor\u00eda de los S-Tier conocidos son:<\/p>\n\n\n\n<ul class=\"wp-block-list\"><li>BLAST Premier: Mundo<\/li><li><a title=\"CSGO Intel Extreme Master\" href=\"https:\/\/1xplayz.com\/es\/counter-strike-global-offensive\/intel-extreme-masters\/\">Intel Extreme Master<\/a><\/li><li>ESL Pro League<\/li><li>cs_Summit<\/li><li>DreaHack Master<\/li><li>PGL Major.<\/li><\/ul>\n\n\n\n<p>Los <strong> torneos de nivel A <\/strong> se conoc\u00edan como torneos principales que ofrecen un gran premio acumulado. Los equipos participantes son el nivel superior de CSGO eSports. Los eventos A-Tier m\u00e1s famosos son:<\/p>\n\n\n\n<ul class=\"wp-block-list\"><li>Gira mundial de deportes electr\u00f3nicos<\/li><li>LAN Sweet LAN<\/li><li>ESL Challengers at DreamHack<\/li><li>Copenhagen Games<\/li><li>Funspark ULTI<\/li><li>Elisa Invitational<\/li><li>v4 Future Sports Festival<\/li><li>DreamHack Open<\/li><li>REPUBLEAGUE.<\/li><\/ul>\n\n\n\n<p><strong> Torneos de nivel B <\/strong> son los eventos de nivel 2. El B-Tier es nuevo y juega en una LAN m\u00e1s peque\u00f1a con un premio acumulado medio. Los torneos m\u00e1s populares son:<\/p>\n\n\n\n<ul class=\"wp-block-list\"><li>ESL Pro League Conference<\/li><li>CBCS<\/li><li>FiReLEAGUE<\/li><li>JBL Quantum Cup<\/li><li>Funspark ULTI<\/li><li>Exeedme Revolution<\/li><li>BLAST Rising LATAM<\/li><li>ESEA: Premier Division<\/li><li>IESF World Championship<\/li><li>99Liga Div. 1<\/li><li>KeyDrop Cup<\/li><li>Svenska Elitserien.<\/li><\/ul>\n\n\n\n<p>Los <strong> torneos de nivel C <\/strong> se conoc\u00edan anteriormente como torneos menores. Es el nivel m\u00e1s bajo de los torneos de deportes electr\u00f3nicos de CSGO, pero ofrecen un buen pozo de premios. Los eventos de nivel C todav\u00eda son interesantes de ver, como:<\/p>\n\n\n\n<ul class=\"wp-block-list\"><li>Fragleague<\/li><li>5E Open Cup Invitational<\/li><li>GCS Cup<\/li><li>LVP Supercopa<\/li><li>National League<\/li><li>Testament Cup<\/li><li>RESF Open Cup<\/li><li>ESEA: Open Division<\/li><li>MESL Ultimate Cup<\/li><li>ROG Master.<\/li><\/ul>\n\n\n\n<h3 class=\"wp-block-heading\">Counter Strike: ofensiva global Mercados de apuestas<\/h3>\n\n\n\n<p>Counter Strike: ofensiva global es uno de los juegos de deportes electr\u00f3nicos que tiene una amplia gama de torneos. Echemos un vistazo a los mercados de apuestas de <a title=\"Bono de apuesta de deportes electr\u00f3nicos 1XBET\" href=\"https:\/\/refpa.top\/L?tag=d_1105835m_97c_&amp;site=1105835&amp;ad=97&amp;r=line\/Esports\/\" target=\"_blank\" rel=\"nofollow noopener\">1XBET.com<\/a>. Para nosotros, es el mejor sitio web que ofrece tipos de apuestas simples pero enormes. Para torneos peque\u00f1os de CS: GO como B-Tier y C-Tier, A-Tier, el tipo de apuestas es probable:<\/p>\n\n\n\n<ul class=\"wp-block-list\"><li>Ganador 1&#215;2<\/li><li>Handicap total del mapa<\/li><li>Total de rondas pares \/ impares.<\/li><\/ul>\n\n\n\n<p>Para las competiciones m\u00e1s grandes como S-Tiers y A-Tier que tienen m\u00e1s mapas, las opciones de apuestas para cada partido podr\u00edan ser:<\/p>\n\n\n\n<ul class=\"wp-block-list\"><li>Ganador 1&#215;2. 1 mapa<\/li><li>Desventaja. 1 mapa<\/li><li>Gana en Ronda. 1 mapa<\/li><li>Qui\u00e9n ganar\u00e1 Pistola Ronda 1. 1 mapa<\/li><li>\u00bfQui\u00e9n ganar\u00e1 la ronda 16 de pistola? 1 mapa<\/li><li>Qui\u00e9n ganar\u00e1 X ronda. 1 mapa<\/li><li>Puntuaci\u00f3n correcta. 1 mapa<\/li><li>Total ronda par \/ impar. 1 mapa<\/li><li>\u00bfHabr\u00e1 horas extras ?. 1 mapa<\/li><\/ul>\n","protected":false},"excerpt":{"rendered":"<div class=\"mh-excerpt\"><p>Counter Strike: ofensiva global Torneos de eSports La jerarqu\u00eda de torneos de CS: GO se denomina diferente de algunas otras categor\u00edas de deportes electr\u00f3nicos. Actualmente, <a class=\"mh-excerpt-more\" href=\"https:\/\/1xplayz.com\/es\/counter-strike-global-offensive\/\" title=\"Counter Strike: ofensiva global\">[&#8230;]<\/a><\/p>\n<\/div>","protected":false},"author":1,"featured_media":0,"parent":0,"menu_order":0,"comment_status":"closed","ping_status":"closed","template":"","meta":{"footnotes":""},"class_list":["post-13344","page","type-page","status-publish","hentry"],"yoast_head":"<!-- This site is optimized with the Yoast SEO plugin v26.6 - https:\/\/yoast.com\/wordpress\/plugins\/seo\/ -->\n<title>Counter Strike: ofensiva global - Tipsters de eSports - 1xPlayz<\/title>\n<meta name=\"description\" content=\"Counter Strike: ofensiva global Torneos de eSports La jerarqu\u00eda de torneos de CS: GO se denomina diferente de algunas otras categor\u00edas de deportes\" \/>\n<meta name=\"robots\" content=\"index, follow, max-snippet:-1, max-image-preview:large, max-video-preview:-1\" \/>\n<link rel=\"canonical\" href=\"https:\/\/1xplayz.com\/es\/counter-strike-global-offensive\/\" \/>\n<meta property=\"og:locale\" content=\"es_ES\" \/>\n<meta property=\"og:type\" content=\"article\" \/>\n<meta property=\"og:title\" content=\"Counter Strike: ofensiva global - Tipsters de eSports - 1xPlayz\" \/>\n<meta property=\"og:description\" content=\"Counter Strike: ofensiva global Torneos de eSports La jerarqu\u00eda de torneos de CS: GO se denomina diferente de algunas otras categor\u00edas de deportes\" \/>\n<meta property=\"og:url\" content=\"https:\/\/1xplayz.com\/es\/counter-strike-global-offensive\/\" \/>\n<meta property=\"og:site_name\" content=\"1xPlayz\" \/>\n<meta property=\"article:modified_time\" content=\"2021-12-17T03:54:51+00:00\" \/>\n<meta name=\"twitter:card\" content=\"summary_large_image\" \/>\n<meta name=\"twitter:label1\" content=\"Tiempo de lectura\" \/>\n\t<meta name=\"twitter:data1\" content=\"3 minutos\" \/>\n<script type=\"application\/ld+json\" class=\"yoast-schema-graph\">{\"@context\":\"https:\/\/schema.org\",\"@graph\":[{\"@type\":\"WebPage\",\"@id\":\"https:\/\/1xplayz.com\/es\/counter-strike-global-offensive\/\",\"url\":\"https:\/\/1xplayz.com\/es\/counter-strike-global-offensive\/\",\"name\":\"Counter Strike: ofensiva global - Tipsters de eSports - 1xPlayz\",\"isPartOf\":{\"@id\":\"https:\/\/1xplayz.com\/es\/de\/#website\"},\"datePublished\":\"2021-12-07T07:10:21+00:00\",\"dateModified\":\"2021-12-17T03:54:51+00:00\",\"description\":\"Counter Strike: ofensiva global Torneos de eSports La jerarqu\u00eda de torneos de CS: GO se denomina diferente de algunas otras categor\u00edas de deportes\",\"breadcrumb\":{\"@id\":\"https:\/\/1xplayz.com\/es\/counter-strike-global-offensive\/#breadcrumb\"},\"inLanguage\":\"es\",\"potentialAction\":[{\"@type\":\"ReadAction\",\"target\":[\"https:\/\/1xplayz.com\/es\/counter-strike-global-offensive\/\"]}]},{\"@type\":\"BreadcrumbList\",\"@id\":\"https:\/\/1xplayz.com\/es\/counter-strike-global-offensive\/#breadcrumb\",\"itemListElement\":[{\"@type\":\"ListItem\",\"position\":1,\"name\":\"Home\",\"item\":\"https:\/\/1xplayz.com\/es\/\"},{\"@type\":\"ListItem\",\"position\":2,\"name\":\"Counter Strike: ofensiva global\"}]},{\"@type\":\"WebSite\",\"@id\":\"https:\/\/1xplayz.com\/es\/de\/#website\",\"url\":\"https:\/\/1xplayz.com\/es\/de\/\",\"name\":\"1xPlayz\",\"description\":\"Tipsters de eSports\",\"publisher\":{\"@id\":\"https:\/\/1xplayz.com\/es\/de\/#\/schema\/person\/8eadc1d14ab3326bbc7a655fbfe061cf\"},\"potentialAction\":[{\"@type\":\"SearchAction\",\"target\":{\"@type\":\"EntryPoint\",\"urlTemplate\":\"https:\/\/1xplayz.com\/es\/de\/?s={search_term_string}\"},\"query-input\":{\"@type\":\"PropertyValueSpecification\",\"valueRequired\":true,\"valueName\":\"search_term_string\"}}],\"inLanguage\":\"es\"},{\"@type\":[\"Person\",\"Organization\"],\"@id\":\"https:\/\/1xplayz.com\/es\/de\/#\/schema\/person\/8eadc1d14ab3326bbc7a655fbfe061cf\",\"name\":\"1xPlayz\",\"image\":{\"@type\":\"ImageObject\",\"inLanguage\":\"es\",\"@id\":\"https:\/\/1xplayz.com\/es\/de\/#\/schema\/person\/image\/\",\"url\":\"https:\/\/1xplayz.com\/wp-content\/uploads\/2021\/07\/1xp.png\",\"contentUrl\":\"https:\/\/1xplayz.com\/wp-content\/uploads\/2021\/07\/1xp.png\",\"width\":500,\"height\":500,\"caption\":\"1xPlayz\"},\"logo\":{\"@id\":\"https:\/\/1xplayz.com\/es\/de\/#\/schema\/person\/image\/\"},\"sameAs\":[\"http:\/\/1xplayz.com\"]}]}<\/script>\n<!-- \/ Yoast SEO plugin. -->","yoast_head_json":{"title":"Counter Strike: ofensiva global - Tipsters de eSports - 1xPlayz","description":"Counter Strike: ofensiva global Torneos de eSports La jerarqu\u00eda de torneos de CS: GO se denomina diferente de algunas otras categor\u00edas de deportes","robots":{"index":"index","follow":"follow","max-snippet":"max-snippet:-1","max-image-preview":"max-image-preview:large","max-video-preview":"max-video-preview:-1"},"canonical":"https:\/\/1xplayz.com\/es\/counter-strike-global-offensive\/","og_locale":"es_ES","og_type":"article","og_title":"Counter Strike: ofensiva global - Tipsters de eSports - 1xPlayz","og_description":"Counter Strike: ofensiva global Torneos de eSports La jerarqu\u00eda de torneos de CS: GO se denomina diferente de algunas otras categor\u00edas de deportes","og_url":"https:\/\/1xplayz.com\/es\/counter-strike-global-offensive\/","og_site_name":"1xPlayz","article_modified_time":"2021-12-17T03:54:51+00:00","twitter_card":"summary_large_image","twitter_misc":{"Tiempo de lectura":"3 minutos"},"schema":{"@context":"https:\/\/schema.org","@graph":[{"@type":"WebPage","@id":"https:\/\/1xplayz.com\/es\/counter-strike-global-offensive\/","url":"https:\/\/1xplayz.com\/es\/counter-strike-global-offensive\/","name":"Counter Strike: ofensiva global - Tipsters de eSports - 1xPlayz","isPartOf":{"@id":"https:\/\/1xplayz.com\/es\/de\/#website"},"datePublished":"2021-12-07T07:10:21+00:00","dateModified":"2021-12-17T03:54:51+00:00","description":"Counter Strike: ofensiva global Torneos de eSports La jerarqu\u00eda de torneos de CS: GO se denomina diferente de algunas otras categor\u00edas de deportes","breadcrumb":{"@id":"https:\/\/1xplayz.com\/es\/counter-strike-global-offensive\/#breadcrumb"},"inLanguage":"es","potentialAction":[{"@type":"ReadAction","target":["https:\/\/1xplayz.com\/es\/counter-strike-global-offensive\/"]}]},{"@type":"BreadcrumbList","@id":"https:\/\/1xplayz.com\/es\/counter-strike-global-offensive\/#breadcrumb","itemListElement":[{"@type":"ListItem","position":1,"name":"Home","item":"https:\/\/1xplayz.com\/es\/"},{"@type":"ListItem","position":2,"name":"Counter Strike: ofensiva global"}]},{"@type":"WebSite","@id":"https:\/\/1xplayz.com\/es\/de\/#website","url":"https:\/\/1xplayz.com\/es\/de\/","name":"1xPlayz","description":"Tipsters de eSports","publisher":{"@id":"https:\/\/1xplayz.com\/es\/de\/#\/schema\/person\/8eadc1d14ab3326bbc7a655fbfe061cf"},"potentialAction":[{"@type":"SearchAction","target":{"@type":"EntryPoint","urlTemplate":"https:\/\/1xplayz.com\/es\/de\/?s={search_term_string}"},"query-input":{"@type":"PropertyValueSpecification","valueRequired":true,"valueName":"search_term_string"}}],"inLanguage":"es"},{"@type":["Person","Organization"],"@id":"https:\/\/1xplayz.com\/es\/de\/#\/schema\/person\/8eadc1d14ab3326bbc7a655fbfe061cf","name":"1xPlayz","image":{"@type":"ImageObject","inLanguage":"es","@id":"https:\/\/1xplayz.com\/es\/de\/#\/schema\/person\/image\/","url":"https:\/\/1xplayz.com\/wp-content\/uploads\/2021\/07\/1xp.png","contentUrl":"https:\/\/1xplayz.com\/wp-content\/uploads\/2021\/07\/1xp.png","width":500,"height":500,"caption":"1xPlayz"},"logo":{"@id":"https:\/\/1xplayz.com\/es\/de\/#\/schema\/person\/image\/"},"sameAs":["http:\/\/1xplayz.com"]}]}},"_links":{"self":[{"href":"https:\/\/1xplayz.com\/es\/wp-json\/wp\/v2\/pages\/13344","targetHints":{"allow":["GET"]}}],"collection":[{"href":"https:\/\/1xplayz.com\/es\/wp-json\/wp\/v2\/pages"}],"about":[{"href":"https:\/\/1xplayz.com\/es\/wp-json\/wp\/v2\/types\/page"}],"author":[{"embeddable":true,"href":"https:\/\/1xplayz.com\/es\/wp-json\/wp\/v2\/users\/1"}],"replies":[{"embeddable":true,"href":"https:\/\/1xplayz.com\/es\/wp-json\/wp\/v2\/comments?post=13344"}],"version-history":[{"count":11,"href":"https:\/\/1xplayz.com\/es\/wp-json\/wp\/v2\/pages\/13344\/revisions"}],"predecessor-version":[{"id":14295,"href":"https:\/\/1xplayz.com\/es\/wp-json\/wp\/v2\/pages\/13344\/revisions\/14295"}],"wp:attachment":[{"href":"https:\/\/1xplayz.com\/es\/wp-json\/wp\/v2\/media?parent=13344"}],"curies":[{"name":"wp","href":"https:\/\/api.w.org\/{rel}","templated":true}]}}