{"id":13370,"date":"2021-05-13T07:31:24","date_gmt":"2021-05-13T07:31:24","guid":{"rendered":"https:\/\/1xplayz.com\/dota2\/"},"modified":"2021-12-18T18:14:20","modified_gmt":"2021-12-18T11:14:20","slug":"dota2","status":"publish","type":"page","link":"https:\/\/1xplayz.com\/es\/dota2\/","title":{"rendered":"Dota 2"},"content":{"rendered":"\n<p>What is Dota 2? Dota 2 is a kind of video game that two teams of five players compete to destroy the other team&#8217;s Ancient. Ancients is a kind of large structure locate in the base or home of the two teams. All ten players control one of the \u00bfQu\u00e9 es Dota 2? Dota 2 es una especie de videojuego en el que dos equipos de cinco jugadores compiten para destruir al Ancient del otro equipo. Ancients es una especie de gran estructura ubicada en la base o en el hogar de los dos equipos. Los diez jugadores controlan uno de los personajes jugables, que tambi\u00e9n se conoce como H\u00e9roes. Hay 121 h\u00e9roes. Cada h\u00e9roe tiene su propio dise\u00f1o, fortalezas, debilidades y roles. En este juego, hay dos tipos de roles de h\u00e9roes, conocidos como Core y Support. El Core Hero tambi\u00e9n es el acarreo del equipo. El n\u00facleo es muy importante para llevar al equipo a la victoria porque, con el tiempo, el n\u00facleo puede causar un gran da\u00f1o al equipo contrario. A diferencia del n\u00facleo, el h\u00e9roe de apoyo carece de habilidades para infligir da\u00f1o, pero tiene m\u00e1s para brindar asistencia a los n\u00facleos. Dota fue desarrollado en 2009 que se conoc\u00eda como Defensa de los Antiguos. El desarrollador y editor de Dota 2 Game es Valve. En 2013, se lanz\u00f3 como un juego gratuito para Windows, Mac OS y Linux.<\/p>\n\n\n\n<h2 class=\"wp-block-heading\">Torneo eSport de Dota 2<\/h2>\n\n\n\n<p>Los mejores torneos de nivel 1 de Dota 2 son:<\/p>\n\n\n\n<ul class=\"wp-block-list\"><li>Juegos Asi\u00e1ticos 2022<\/li><li>El internacional<\/li><li>Invitacional OGA Dota PIT<\/li><li>ESL Uno<\/li><li>WePlay AniMajor<\/li><li>ONE Esports Singapore Major.<\/li><\/ul>\n\n\n\n<p>Mientras tanto, los torneos de Dota 2 Tier 2 tambi\u00e9n son famosos y conocidos, como:<\/p>\n\n\n\n<ul class=\"wp-block-list\"><li>i-League<\/li><li>BTS Pro Seasies<\/li><li>OGA Dota PIT<\/li><li>ESL One DPC Estern Europe<\/li><li>Circuito profesional de Dota<\/li><li>DreamLeague<\/li><li>Liga Regional OGA DPC Sudam\u00e9rica<\/li><li>Liga de depredadores de Asia Pac\u00edfico<\/li><li>Liga EPIC<\/li><li>Campeonato FMWH Dota2<\/li><\/ul>\n\n\n\n<h3 class=\"wp-block-heading\">Predicciones de torneos de Dota 2<\/h3>\n\n\n\n<p>En cada torneo, lo m\u00e1s probable es que est\u00e9n separados en diferentes etapas. La mayor\u00eda de ellos son Fase de Grupos y Playoffs. Algunos torneos m\u00e1s grandes o competiciones internacionales de Dota 2 pueden tener una etapa de clasificaci\u00f3n. Los partidos en diferentes escenarios se juegan en diferentes formatos. La mayor\u00eda de los partidos en la fase de grupos son al mejor de 2 (Bo2) mientras que en Playoffs son al mejor de 3 (Bo3). Adem\u00e1s, en la Gran Final de cada uno de los torneos ser\u00eda Mejor de 5 (Bo5). En t\u00e9rminos de predicciones, 1xPlayz solo predice el ganador del partido para todos los partidos que usan el formato Bo1, Bo2. Para los partidos que son Bo3 y Bo5 habr\u00e1 m\u00e1s predicciones para el equipo ganador, N\u00famero de mapa y Puntuaci\u00f3n correcta.<\/p>\n\n\n\n<h2 class=\"wp-block-heading\">Mercados de apuestas de deportes electr\u00f3nicos de Dota 2<\/h2>\n\n\n\n<h3 class=\"wp-block-heading\">TyTipos de apuestas de Dota 2 para partidas Bo2<\/h3>\n\n\n\n<p>La mayor\u00eda de las veces, la primera etapa de los Torneos de Dota 2 usa el formato de Bo2 (Mejor de 2). Eso significa que en un partido habr\u00e1 2 mapas. Como resultado, el partido puede tener un ganador o el partido se empatar\u00e1. Los mercados de apuestas para los partidos de Dota 2 var\u00edan seg\u00fan los diferentes sitios web de apuestas. Por ejemplo, con <a title=\"Sitio web de la mejor apuesta de Dota 2\" href=\"https:\/\/refpa.top\/L?tag=d_1105835m_97c_&amp;site=1105835&amp;ad=97&amp;r=line\/Esports\/\" target=\"_blank\" rel=\"nofollow noopener\">1XBET.com<\/a> las opciones de apuestas de los partidos que tienen 2 mapas en tiempo regular son:<\/p>\n\n\n\n<ul class=\"wp-block-list\"><li>Ganador 1&#215;2<\/li><li>H\u00e1ndicap total de mapas<\/li><li>Doble oportunidad<\/li><li>Ganador 1&#215;2. 1 mapa \/ 2 mapas<\/li><li>Primera inundaci\u00f3n. 1 mapa \/ 2 mapas<\/li><li>Qui\u00e9n vencer\u00e1 a Roshan. 1 mapa \/ 2 mapas<\/li><li>Frags, Handicap. 1 mapa \/ 2 mapas<\/li><li>Duraci\u00f3n del mapa. 1 mapa \/ 2 mapas<\/li><li>\u00bfQui\u00e9n destruir\u00e1 una torre? 1 mapa \/ 2 mapas<\/li><li>Fragmentos, Total. 1 mapa \/ 2 mapas<\/li><li>Frags, Race to. 1 mapa \/ 2 mapas<\/li><li>Equipo para realizar el siguiente fragmento. 1 mapa \/ 2 mapas<\/li><\/ul>\n","protected":false},"excerpt":{"rendered":"<div class=\"mh-excerpt\"><p>What is Dota 2? Dota 2 is a kind of video game that two teams of five players compete to destroy the other team&#8217;s Ancient. <a class=\"mh-excerpt-more\" href=\"https:\/\/1xplayz.com\/es\/dota2\/\" title=\"Dota 2\">[&#8230;]<\/a><\/p>\n<\/div>","protected":false},"author":1,"featured_media":0,"parent":0,"menu_order":0,"comment_status":"closed","ping_status":"closed","template":"","meta":{"footnotes":""},"class_list":["post-13370","page","type-page","status-publish","hentry"],"yoast_head":"<!-- This site is optimized with the Yoast SEO plugin v26.6 - https:\/\/yoast.com\/wordpress\/plugins\/seo\/ -->\n<title>Dota 2 - Tipsters de eSports - 1xPlayz<\/title>\n<meta name=\"description\" content=\"What is Dota 2? Dota 2 is a kind of video game that two teams of five players compete to destroy the other team&#039;s Ancient. Ancients is a kind of large\" \/>\n<meta name=\"robots\" content=\"index, follow, max-snippet:-1, max-image-preview:large, max-video-preview:-1\" \/>\n<link rel=\"canonical\" href=\"https:\/\/1xplayz.com\/es\/dota2\/\" \/>\n<meta property=\"og:locale\" content=\"es_ES\" \/>\n<meta property=\"og:type\" content=\"article\" \/>\n<meta property=\"og:title\" content=\"Dota 2 - Tipsters de eSports - 1xPlayz\" \/>\n<meta property=\"og:description\" content=\"What is Dota 2? Dota 2 is a kind of video game that two teams of five players compete to destroy the other team&#039;s Ancient. Ancients is a kind of large\" \/>\n<meta property=\"og:url\" content=\"https:\/\/1xplayz.com\/es\/dota2\/\" \/>\n<meta property=\"og:site_name\" content=\"1xPlayz\" \/>\n<meta property=\"article:modified_time\" content=\"2021-12-18T11:14:20+00:00\" \/>\n<meta name=\"twitter:card\" content=\"summary_large_image\" \/>\n<meta name=\"twitter:label1\" content=\"Tiempo de lectura\" \/>\n\t<meta name=\"twitter:data1\" content=\"3 minutos\" \/>\n<script type=\"application\/ld+json\" class=\"yoast-schema-graph\">{\"@context\":\"https:\/\/schema.org\",\"@graph\":[{\"@type\":\"WebPage\",\"@id\":\"https:\/\/1xplayz.com\/es\/dota2\/\",\"url\":\"https:\/\/1xplayz.com\/es\/dota2\/\",\"name\":\"Dota 2 - Tipsters de eSports - 1xPlayz\",\"isPartOf\":{\"@id\":\"https:\/\/1xplayz.com\/es\/de\/#website\"},\"datePublished\":\"2021-05-13T07:31:24+00:00\",\"dateModified\":\"2021-12-18T11:14:20+00:00\",\"description\":\"What is Dota 2? Dota 2 is a kind of video game that two teams of five players compete to destroy the other team's Ancient. Ancients is a kind of large\",\"breadcrumb\":{\"@id\":\"https:\/\/1xplayz.com\/es\/dota2\/#breadcrumb\"},\"inLanguage\":\"es\",\"potentialAction\":[{\"@type\":\"ReadAction\",\"target\":[\"https:\/\/1xplayz.com\/es\/dota2\/\"]}]},{\"@type\":\"BreadcrumbList\",\"@id\":\"https:\/\/1xplayz.com\/es\/dota2\/#breadcrumb\",\"itemListElement\":[{\"@type\":\"ListItem\",\"position\":1,\"name\":\"Home\",\"item\":\"https:\/\/1xplayz.com\/es\/\"},{\"@type\":\"ListItem\",\"position\":2,\"name\":\"Dota 2\"}]},{\"@type\":\"WebSite\",\"@id\":\"https:\/\/1xplayz.com\/es\/de\/#website\",\"url\":\"https:\/\/1xplayz.com\/es\/de\/\",\"name\":\"1xPlayz\",\"description\":\"Tipsters de eSports\",\"publisher\":{\"@id\":\"https:\/\/1xplayz.com\/es\/de\/#\/schema\/person\/8eadc1d14ab3326bbc7a655fbfe061cf\"},\"potentialAction\":[{\"@type\":\"SearchAction\",\"target\":{\"@type\":\"EntryPoint\",\"urlTemplate\":\"https:\/\/1xplayz.com\/es\/de\/?s={search_term_string}\"},\"query-input\":{\"@type\":\"PropertyValueSpecification\",\"valueRequired\":true,\"valueName\":\"search_term_string\"}}],\"inLanguage\":\"es\"},{\"@type\":[\"Person\",\"Organization\"],\"@id\":\"https:\/\/1xplayz.com\/es\/de\/#\/schema\/person\/8eadc1d14ab3326bbc7a655fbfe061cf\",\"name\":\"1xPlayz\",\"image\":{\"@type\":\"ImageObject\",\"inLanguage\":\"es\",\"@id\":\"https:\/\/1xplayz.com\/es\/de\/#\/schema\/person\/image\/\",\"url\":\"https:\/\/1xplayz.com\/wp-content\/uploads\/2021\/07\/1xp.png\",\"contentUrl\":\"https:\/\/1xplayz.com\/wp-content\/uploads\/2021\/07\/1xp.png\",\"width\":500,\"height\":500,\"caption\":\"1xPlayz\"},\"logo\":{\"@id\":\"https:\/\/1xplayz.com\/es\/de\/#\/schema\/person\/image\/\"},\"sameAs\":[\"http:\/\/1xplayz.com\"]}]}<\/script>\n<!-- \/ Yoast SEO plugin. -->","yoast_head_json":{"title":"Dota 2 - Tipsters de eSports - 1xPlayz","description":"What is Dota 2? Dota 2 is a kind of video game that two teams of five players compete to destroy the other team's Ancient. Ancients is a kind of large","robots":{"index":"index","follow":"follow","max-snippet":"max-snippet:-1","max-image-preview":"max-image-preview:large","max-video-preview":"max-video-preview:-1"},"canonical":"https:\/\/1xplayz.com\/es\/dota2\/","og_locale":"es_ES","og_type":"article","og_title":"Dota 2 - Tipsters de eSports - 1xPlayz","og_description":"What is Dota 2? Dota 2 is a kind of video game that two teams of five players compete to destroy the other team's Ancient. Ancients is a kind of large","og_url":"https:\/\/1xplayz.com\/es\/dota2\/","og_site_name":"1xPlayz","article_modified_time":"2021-12-18T11:14:20+00:00","twitter_card":"summary_large_image","twitter_misc":{"Tiempo de lectura":"3 minutos"},"schema":{"@context":"https:\/\/schema.org","@graph":[{"@type":"WebPage","@id":"https:\/\/1xplayz.com\/es\/dota2\/","url":"https:\/\/1xplayz.com\/es\/dota2\/","name":"Dota 2 - Tipsters de eSports - 1xPlayz","isPartOf":{"@id":"https:\/\/1xplayz.com\/es\/de\/#website"},"datePublished":"2021-05-13T07:31:24+00:00","dateModified":"2021-12-18T11:14:20+00:00","description":"What is Dota 2? Dota 2 is a kind of video game that two teams of five players compete to destroy the other team's Ancient. Ancients is a kind of large","breadcrumb":{"@id":"https:\/\/1xplayz.com\/es\/dota2\/#breadcrumb"},"inLanguage":"es","potentialAction":[{"@type":"ReadAction","target":["https:\/\/1xplayz.com\/es\/dota2\/"]}]},{"@type":"BreadcrumbList","@id":"https:\/\/1xplayz.com\/es\/dota2\/#breadcrumb","itemListElement":[{"@type":"ListItem","position":1,"name":"Home","item":"https:\/\/1xplayz.com\/es\/"},{"@type":"ListItem","position":2,"name":"Dota 2"}]},{"@type":"WebSite","@id":"https:\/\/1xplayz.com\/es\/de\/#website","url":"https:\/\/1xplayz.com\/es\/de\/","name":"1xPlayz","description":"Tipsters de eSports","publisher":{"@id":"https:\/\/1xplayz.com\/es\/de\/#\/schema\/person\/8eadc1d14ab3326bbc7a655fbfe061cf"},"potentialAction":[{"@type":"SearchAction","target":{"@type":"EntryPoint","urlTemplate":"https:\/\/1xplayz.com\/es\/de\/?s={search_term_string}"},"query-input":{"@type":"PropertyValueSpecification","valueRequired":true,"valueName":"search_term_string"}}],"inLanguage":"es"},{"@type":["Person","Organization"],"@id":"https:\/\/1xplayz.com\/es\/de\/#\/schema\/person\/8eadc1d14ab3326bbc7a655fbfe061cf","name":"1xPlayz","image":{"@type":"ImageObject","inLanguage":"es","@id":"https:\/\/1xplayz.com\/es\/de\/#\/schema\/person\/image\/","url":"https:\/\/1xplayz.com\/wp-content\/uploads\/2021\/07\/1xp.png","contentUrl":"https:\/\/1xplayz.com\/wp-content\/uploads\/2021\/07\/1xp.png","width":500,"height":500,"caption":"1xPlayz"},"logo":{"@id":"https:\/\/1xplayz.com\/es\/de\/#\/schema\/person\/image\/"},"sameAs":["http:\/\/1xplayz.com"]}]}},"_links":{"self":[{"href":"https:\/\/1xplayz.com\/es\/wp-json\/wp\/v2\/pages\/13370","targetHints":{"allow":["GET"]}}],"collection":[{"href":"https:\/\/1xplayz.com\/es\/wp-json\/wp\/v2\/pages"}],"about":[{"href":"https:\/\/1xplayz.com\/es\/wp-json\/wp\/v2\/types\/page"}],"author":[{"embeddable":true,"href":"https:\/\/1xplayz.com\/es\/wp-json\/wp\/v2\/users\/1"}],"replies":[{"embeddable":true,"href":"https:\/\/1xplayz.com\/es\/wp-json\/wp\/v2\/comments?post=13370"}],"version-history":[{"count":4,"href":"https:\/\/1xplayz.com\/es\/wp-json\/wp\/v2\/pages\/13370\/revisions"}],"predecessor-version":[{"id":14550,"href":"https:\/\/1xplayz.com\/es\/wp-json\/wp\/v2\/pages\/13370\/revisions\/14550"}],"wp:attachment":[{"href":"https:\/\/1xplayz.com\/es\/wp-json\/wp\/v2\/media?parent=13370"}],"curies":[{"name":"wp","href":"https:\/\/api.w.org\/{rel}","templated":true}]}}