{"id":13765,"date":"2021-12-10T12:18:13","date_gmt":"2021-12-10T05:18:13","guid":{"rendered":"https:\/\/1xplayz.com\/counter-strike-global-offensive\/intel-extreme-masters\/"},"modified":"2023-03-15T16:32:41","modified_gmt":"2023-03-15T09:32:41","slug":"intel-extreme-masters-2022","status":"publish","type":"page","link":"https:\/\/1xplayz.com\/es\/counter-strike-global-offensive\/intel-extreme-masters-2022\/","title":{"rendered":"CSGO Intel Extreme Masters 2022"},"content":{"rendered":"\n<h2 class=\"wp-block-heading\">INTEL EXTREME MASTERS SEASON XVI KATOWICE<\/h2>\n\n\n\n<p>Counter Strike: Global Offensive Intel Extreme Masters XVI Katowice comienza del 15 de febrero al 27 de febrero de 2022. Ser\u00e1 el torneo Offline que se ubicar\u00e1 en Katowice. Habr\u00e1 24 equipos para participar. Hay seis mejores equipos de Colonge en Europa y dos mejores equipos de Colonia en Am\u00e9rica del Norte. Tres equipos m\u00e1s de Europa avanzar\u00e1n al Play-In, mientras que otros dos equipos de Am\u00e9rica del Norte y otros tres equipos de Am\u00e9rica del Sur, Ocean\u00eda y Asia. El premio acumulado del evento es de 1.000.000 USD. Solo el ganador del concurso recibir\u00e1 400.000 USD.<\/p>\n\n\n\n<div class=\"sportspress sp-widget-align-none\"><h4 class=\"sp-table-caption\">Predicciones CSGO Intel Extreme Masters<\/h4><div class=\"sp-template sp-template-event-blocks\">\n\t<div class=\"sp-table-wrapper\">\n\t\t<table class=\"sp-event-blocks sp-data-table\n\t\t\t\t\t sp-paginated-table\" data-sp-rows=\"5\">\n\t\t\t<thead><tr><th><\/th><\/tr><\/thead> \t\t\t<tbody>\n\t\t\t\t\t\t\t<\/tbody>\n\t\t<\/table>\n\t<\/div>\n\t<div class=\"sp-calendar-link sp-view-all-link\"><a href=\"https:\/\/1xplayz.com\/es\/calendars\/predictions-csgo-intel-extreme-masters\/\">Ver todos los eventos<\/a><\/div><\/div>\n<\/div>\n\n\n\n<h3 class=\"wp-block-heading\">Formato KATOWICE TEMPORADA XVI IEM<\/h3>\n\n\n\n<p>CSGO IEM XVI Katowice juega en tres etapas de Play-In, Fase de Grupos y Playoffs.<\/p>\n\n\n\n<ul class=\"wp-block-list\">\n<li><strong>Play-In <\/strong>: comienza del 15 de febrero al 16 de febrero de 2022. En esta ronda, jugar\u00e1n como cuadro de doble eliminaci\u00f3n. Habr\u00e1 dos tipos de partidos que son el soporte superior y el soporte inferior. Adem\u00e1s, el play-in tendr\u00e1 3 rondas de ambos soportes. La Ronda 1 de los partidos de Play-In es al mejor de 1 (Bo1). El resto de los siguientes partidos son Bo3. Los ocho mejores equipos avanzan a la fase de grupos.<\/li>\n\n\n\n<li><strong>Fase de grupos <\/strong>: comienza del 17 de febrero al 20 de febrero de 2022. Seg\u00fan el rendimiento del Play-In, los equipos se separar\u00e1n en el cuadro superior y el cuadro inferior. Adem\u00e1s, jugar\u00e1n en dos grupos de 12 equipos. Sin embargo, en cada grupo se dividen en Soporte superior y Soporte inferior. Los mejores equipos de Play-In estar\u00e1n en el grupo superior, mientras que el \u00faltimo equipo estar\u00e1 en el grupo inferior. El primer lugar de los dos avanza a Semifinales. El ganador del Grupo Inferior competir\u00e1 con el segundo lugar del Grupo Superior para ocupar un lugar en las Semifinales. Todos los partidos son Bo3.<\/li>\n\n\n\n<li><strong>Playoffs <\/strong>: comienza del 25 de febrero al 27 de febrero de 2022. Todos los equipos juegan como un cuadro de eliminaci\u00f3n simple. Los partidos de cuartos de final y semifinales son Bo3. Por lo tanto, en la gran final, los partidos son al mejor de 5 (Bo5).<\/li>\n<\/ul>\n\n\n\n<div class=\"sportspress sp-widget-align-none\"><h4 class=\"sp-table-caption\">Resultados CSGO IEM TEMPORADA XVI KATOWICE 2022<\/h4><div class=\"sp-template sp-template-event-blocks\">\n\t<div class=\"sp-table-wrapper\">\n\t\t<table class=\"sp-event-blocks sp-data-table\n\t\t\t\t\t sp-paginated-table\" data-sp-rows=\"5\">\n\t\t\t<thead><tr><th><\/th><\/tr><\/thead> \t\t\t<tbody>\n\t\t\t\t\t\t\t<\/tbody>\n\t\t<\/table>\n\t<\/div>\n\t<div class=\"sp-calendar-link sp-view-all-link\"><a href=\"https:\/\/1xplayz.com\/es\/calendars\/results-csgo-iem-season-xvi-katowice-2022\/\">Ver todos los eventos<\/a><\/div><\/div>\n<\/div>\n\n\n\n<h2 class=\"wp-block-heading\">Acerca de Intel Extreme Master<\/h2>\n\n\n\n<p>Intel Extreme Masters (IEM) es una serie de torneos de Counter-Strike que se conoce como torneo S-Tier. Estos son los eventos internacionales de deportes electr\u00f3nicos que se encontraron en 2007. IEM es un evento global que se juega en cinco regiones, como Europa, Am\u00e9rica del Norte, Am\u00e9rica del Sur, Ocean\u00eda y Asia. Intel es el patrocinador principal del torneo. Mientras que el organizador es ESL.<\/p>\n\n\n\n<p>Cada a\u00f1o, CSGO IEM juega para la temporada de actualizaci\u00f3n. Cada temporada se divide en diferentes bases de torneos individuales en el lugar. El ganador y el subcampe\u00f3n de cada lugar participante en los Masters Champions que se juegan dos veces al a\u00f1o.<\/p>\n","protected":false},"excerpt":{"rendered":"<div class=\"mh-excerpt\"><p>INTEL EXTREME MASTERS SEASON XVI KATOWICE Counter Strike: Global Offensive Intel Extreme Masters XVI Katowice comienza del 15 de febrero al 27 de febrero de <a class=\"mh-excerpt-more\" href=\"https:\/\/1xplayz.com\/es\/counter-strike-global-offensive\/intel-extreme-masters-2022\/\" title=\"CSGO Intel Extreme Masters 2022\">[&#8230;]<\/a><\/p>\n<\/div>","protected":false},"author":1,"featured_media":0,"parent":13344,"menu_order":0,"comment_status":"closed","ping_status":"closed","template":"","meta":{"footnotes":""},"class_list":["post-13765","page","type-page","status-publish","hentry"],"yoast_head":"<!-- This site is optimized with the Yoast SEO plugin v26.6 - https:\/\/yoast.com\/wordpress\/plugins\/seo\/ -->\n<title>CSGO Intel Extreme Masters 2022 - Tipsters de eSports - 1xPlayz<\/title>\n<meta name=\"description\" content=\"INTEL EXTREME MASTERS SEASON XVI KATOWICE Counter Strike: Global Offensive Intel Extreme Masters XVI Katowice comienza del 15 de febrero al 27 de febrero\" \/>\n<meta name=\"robots\" content=\"index, follow, max-snippet:-1, max-image-preview:large, max-video-preview:-1\" \/>\n<link rel=\"canonical\" href=\"https:\/\/1xplayz.com\/es\/counter-strike-global-offensive\/intel-extreme-masters-2022\/\" \/>\n<meta property=\"og:locale\" content=\"es_ES\" \/>\n<meta property=\"og:type\" content=\"article\" \/>\n<meta property=\"og:title\" content=\"CSGO Intel Extreme Masters 2022 - Tipsters de eSports - 1xPlayz\" \/>\n<meta property=\"og:description\" content=\"INTEL EXTREME MASTERS SEASON XVI KATOWICE Counter Strike: Global Offensive Intel Extreme Masters XVI Katowice comienza del 15 de febrero al 27 de febrero\" \/>\n<meta property=\"og:url\" content=\"https:\/\/1xplayz.com\/es\/counter-strike-global-offensive\/intel-extreme-masters-2022\/\" \/>\n<meta property=\"og:site_name\" content=\"1xPlayz\" \/>\n<meta property=\"article:modified_time\" content=\"2023-03-15T09:32:41+00:00\" \/>\n<meta name=\"twitter:card\" content=\"summary_large_image\" \/>\n<meta name=\"twitter:label1\" content=\"Tiempo de lectura\" \/>\n\t<meta name=\"twitter:data1\" content=\"3 minutos\" \/>\n<script type=\"application\/ld+json\" class=\"yoast-schema-graph\">{\"@context\":\"https:\/\/schema.org\",\"@graph\":[{\"@type\":\"WebPage\",\"@id\":\"https:\/\/1xplayz.com\/es\/counter-strike-global-offensive\/intel-extreme-masters-2022\/\",\"url\":\"https:\/\/1xplayz.com\/es\/counter-strike-global-offensive\/intel-extreme-masters-2022\/\",\"name\":\"CSGO Intel Extreme Masters 2022 - Tipsters de eSports - 1xPlayz\",\"isPartOf\":{\"@id\":\"https:\/\/1xplayz.com\/es\/de\/#website\"},\"datePublished\":\"2021-12-10T05:18:13+00:00\",\"dateModified\":\"2023-03-15T09:32:41+00:00\",\"description\":\"INTEL EXTREME MASTERS SEASON XVI KATOWICE Counter Strike: Global Offensive Intel Extreme Masters XVI Katowice comienza del 15 de febrero al 27 de febrero\",\"breadcrumb\":{\"@id\":\"https:\/\/1xplayz.com\/es\/counter-strike-global-offensive\/intel-extreme-masters-2022\/#breadcrumb\"},\"inLanguage\":\"es\",\"potentialAction\":[{\"@type\":\"ReadAction\",\"target\":[\"https:\/\/1xplayz.com\/es\/counter-strike-global-offensive\/intel-extreme-masters-2022\/\"]}]},{\"@type\":\"BreadcrumbList\",\"@id\":\"https:\/\/1xplayz.com\/es\/counter-strike-global-offensive\/intel-extreme-masters-2022\/#breadcrumb\",\"itemListElement\":[{\"@type\":\"ListItem\",\"position\":1,\"name\":\"Home\",\"item\":\"https:\/\/1xplayz.com\/es\/\"},{\"@type\":\"ListItem\",\"position\":2,\"name\":\"Counter Strike: ofensiva global\",\"item\":\"https:\/\/1xplayz.com\/es\/counter-strike-global-offensive\/\"},{\"@type\":\"ListItem\",\"position\":3,\"name\":\"CSGO Intel Extreme Masters 2022\"}]},{\"@type\":\"WebSite\",\"@id\":\"https:\/\/1xplayz.com\/es\/de\/#website\",\"url\":\"https:\/\/1xplayz.com\/es\/de\/\",\"name\":\"1xPlayz\",\"description\":\"Tipsters de eSports\",\"publisher\":{\"@id\":\"https:\/\/1xplayz.com\/es\/de\/#\/schema\/person\/8eadc1d14ab3326bbc7a655fbfe061cf\"},\"potentialAction\":[{\"@type\":\"SearchAction\",\"target\":{\"@type\":\"EntryPoint\",\"urlTemplate\":\"https:\/\/1xplayz.com\/es\/de\/?s={search_term_string}\"},\"query-input\":{\"@type\":\"PropertyValueSpecification\",\"valueRequired\":true,\"valueName\":\"search_term_string\"}}],\"inLanguage\":\"es\"},{\"@type\":[\"Person\",\"Organization\"],\"@id\":\"https:\/\/1xplayz.com\/es\/de\/#\/schema\/person\/8eadc1d14ab3326bbc7a655fbfe061cf\",\"name\":\"1xPlayz\",\"image\":{\"@type\":\"ImageObject\",\"inLanguage\":\"es\",\"@id\":\"https:\/\/1xplayz.com\/es\/de\/#\/schema\/person\/image\/\",\"url\":\"https:\/\/1xplayz.com\/wp-content\/uploads\/2021\/07\/1xp.png\",\"contentUrl\":\"https:\/\/1xplayz.com\/wp-content\/uploads\/2021\/07\/1xp.png\",\"width\":500,\"height\":500,\"caption\":\"1xPlayz\"},\"logo\":{\"@id\":\"https:\/\/1xplayz.com\/es\/de\/#\/schema\/person\/image\/\"},\"sameAs\":[\"http:\/\/1xplayz.com\"]}]}<\/script>\n<!-- \/ Yoast SEO plugin. -->","yoast_head_json":{"title":"CSGO Intel Extreme Masters 2022 - Tipsters de eSports - 1xPlayz","description":"INTEL EXTREME MASTERS SEASON XVI KATOWICE Counter Strike: Global Offensive Intel Extreme Masters XVI Katowice comienza del 15 de febrero al 27 de febrero","robots":{"index":"index","follow":"follow","max-snippet":"max-snippet:-1","max-image-preview":"max-image-preview:large","max-video-preview":"max-video-preview:-1"},"canonical":"https:\/\/1xplayz.com\/es\/counter-strike-global-offensive\/intel-extreme-masters-2022\/","og_locale":"es_ES","og_type":"article","og_title":"CSGO Intel Extreme Masters 2022 - Tipsters de eSports - 1xPlayz","og_description":"INTEL EXTREME MASTERS SEASON XVI KATOWICE Counter Strike: Global Offensive Intel Extreme Masters XVI Katowice comienza del 15 de febrero al 27 de febrero","og_url":"https:\/\/1xplayz.com\/es\/counter-strike-global-offensive\/intel-extreme-masters-2022\/","og_site_name":"1xPlayz","article_modified_time":"2023-03-15T09:32:41+00:00","twitter_card":"summary_large_image","twitter_misc":{"Tiempo de lectura":"3 minutos"},"schema":{"@context":"https:\/\/schema.org","@graph":[{"@type":"WebPage","@id":"https:\/\/1xplayz.com\/es\/counter-strike-global-offensive\/intel-extreme-masters-2022\/","url":"https:\/\/1xplayz.com\/es\/counter-strike-global-offensive\/intel-extreme-masters-2022\/","name":"CSGO Intel Extreme Masters 2022 - Tipsters de eSports - 1xPlayz","isPartOf":{"@id":"https:\/\/1xplayz.com\/es\/de\/#website"},"datePublished":"2021-12-10T05:18:13+00:00","dateModified":"2023-03-15T09:32:41+00:00","description":"INTEL EXTREME MASTERS SEASON XVI KATOWICE Counter Strike: Global Offensive Intel Extreme Masters XVI Katowice comienza del 15 de febrero al 27 de febrero","breadcrumb":{"@id":"https:\/\/1xplayz.com\/es\/counter-strike-global-offensive\/intel-extreme-masters-2022\/#breadcrumb"},"inLanguage":"es","potentialAction":[{"@type":"ReadAction","target":["https:\/\/1xplayz.com\/es\/counter-strike-global-offensive\/intel-extreme-masters-2022\/"]}]},{"@type":"BreadcrumbList","@id":"https:\/\/1xplayz.com\/es\/counter-strike-global-offensive\/intel-extreme-masters-2022\/#breadcrumb","itemListElement":[{"@type":"ListItem","position":1,"name":"Home","item":"https:\/\/1xplayz.com\/es\/"},{"@type":"ListItem","position":2,"name":"Counter Strike: ofensiva global","item":"https:\/\/1xplayz.com\/es\/counter-strike-global-offensive\/"},{"@type":"ListItem","position":3,"name":"CSGO Intel Extreme Masters 2022"}]},{"@type":"WebSite","@id":"https:\/\/1xplayz.com\/es\/de\/#website","url":"https:\/\/1xplayz.com\/es\/de\/","name":"1xPlayz","description":"Tipsters de eSports","publisher":{"@id":"https:\/\/1xplayz.com\/es\/de\/#\/schema\/person\/8eadc1d14ab3326bbc7a655fbfe061cf"},"potentialAction":[{"@type":"SearchAction","target":{"@type":"EntryPoint","urlTemplate":"https:\/\/1xplayz.com\/es\/de\/?s={search_term_string}"},"query-input":{"@type":"PropertyValueSpecification","valueRequired":true,"valueName":"search_term_string"}}],"inLanguage":"es"},{"@type":["Person","Organization"],"@id":"https:\/\/1xplayz.com\/es\/de\/#\/schema\/person\/8eadc1d14ab3326bbc7a655fbfe061cf","name":"1xPlayz","image":{"@type":"ImageObject","inLanguage":"es","@id":"https:\/\/1xplayz.com\/es\/de\/#\/schema\/person\/image\/","url":"https:\/\/1xplayz.com\/wp-content\/uploads\/2021\/07\/1xp.png","contentUrl":"https:\/\/1xplayz.com\/wp-content\/uploads\/2021\/07\/1xp.png","width":500,"height":500,"caption":"1xPlayz"},"logo":{"@id":"https:\/\/1xplayz.com\/es\/de\/#\/schema\/person\/image\/"},"sameAs":["http:\/\/1xplayz.com"]}]}},"_links":{"self":[{"href":"https:\/\/1xplayz.com\/es\/wp-json\/wp\/v2\/pages\/13765","targetHints":{"allow":["GET"]}}],"collection":[{"href":"https:\/\/1xplayz.com\/es\/wp-json\/wp\/v2\/pages"}],"about":[{"href":"https:\/\/1xplayz.com\/es\/wp-json\/wp\/v2\/types\/page"}],"author":[{"embeddable":true,"href":"https:\/\/1xplayz.com\/es\/wp-json\/wp\/v2\/users\/1"}],"replies":[{"embeddable":true,"href":"https:\/\/1xplayz.com\/es\/wp-json\/wp\/v2\/comments?post=13765"}],"version-history":[{"count":6,"href":"https:\/\/1xplayz.com\/es\/wp-json\/wp\/v2\/pages\/13765\/revisions"}],"predecessor-version":[{"id":42647,"href":"https:\/\/1xplayz.com\/es\/wp-json\/wp\/v2\/pages\/13765\/revisions\/42647"}],"up":[{"embeddable":true,"href":"https:\/\/1xplayz.com\/es\/wp-json\/wp\/v2\/pages\/13344"}],"wp:attachment":[{"href":"https:\/\/1xplayz.com\/es\/wp-json\/wp\/v2\/media?parent=13765"}],"curies":[{"name":"wp","href":"https:\/\/api.w.org\/{rel}","templated":true}]}}