{"id":14091,"date":"2021-12-10T10:12:00","date_gmt":"2021-12-10T03:12:00","guid":{"rendered":"https:\/\/1xplayz.com\/asia-electronic-sports-federation\/"},"modified":"2021-12-17T21:34:52","modified_gmt":"2021-12-17T14:34:52","slug":"asia-electronic-sports-federation","status":"publish","type":"page","link":"https:\/\/1xplayz.com\/es\/asia-electronic-sports-federation\/","title":{"rendered":"Federaci\u00f3n de Deportes Electr\u00f3nicos de Asia (AESF)"},"content":{"rendered":"\n<p>Las Federaciones de Deportes Electr\u00f3nicos de Asia (AESF) es un organismo rector de la Federaci\u00f3n Internacional de Deportes Electr\u00f3nicos. Esports Asia, que se fund\u00f3 en 2018, est\u00e1 reconocido por el Consejo Ol\u00edmpico de Asia (OCoA). La sede de la federaci\u00f3n se encuentra en Hong Kong. Hay 45 pa\u00edses miembros en AESF. Sin embargo, solo 29 naciones formaron su propia federaci\u00f3n. Las 45 naciones de los miembros de AESF son:<\/p>\n\n\n\n<ul class=\"wp-block-list\"><li>Afganist\u00e1n<\/li><li>Bahr\u00e9in<\/li><li>Bangladesh<\/li><li>But\u00e1n<\/li><li>Brunei<\/li><li>Camboya (Federaci\u00f3n de deportes electr\u00f3nicos de Camboya)<\/li><li>China (CSIC, Departamento de e-Sports)<\/li><li>Hong Kong (Asociaci\u00f3n de deportes electr\u00f3nicos de Hong Kong)<\/li><li>India (Federaci\u00f3n de Deportes Electr\u00f3nicos de la India)<\/li><li>Indonesia (Asociaci\u00f3n de deportes electr\u00f3nicos de Indonesia)<\/li><li>Ir\u00e1n (Asociaci\u00f3n de Deportes Electr\u00f3nicos de Ir\u00e1n)<\/li><li>Irak<\/li><li>Jap\u00f3n (Uni\u00f3n de eSports de Jap\u00f3n)<\/li><li>Jordania<\/li><li>Kazkhstan (Federaci\u00f3n de Cybersports de Qazaq)<\/li><li>Corea del Norte<\/li><li>Corea del Sur (Asociaci\u00f3n de deportes electr\u00f3nicos de Corea)<\/li><li>Kuwait<\/li><li>Kirguist\u00e1n (Federaci\u00f3n de deportes electr\u00f3nicos de Kirguist\u00e1n)<\/li><li>Laos (Federaci\u00f3n Lao de e-Sports)<\/li><li>L\u00edbano<\/li><li>Macao (Federaci\u00f3n de E-Sports de Macao)<\/li><li>Malasia (Esports Malaysia)<\/li><li>Maldivas (Asociaci\u00f3n de E-Sports de Maldivas)<\/li><li>Mongolia (Asociaci\u00f3n de deportes electr\u00f3nicos de Mongolia)<\/li><li>Myanmar (Federaci\u00f3n de Deportes de Electr\u00f3nica de Myanmar, MESF)<\/li><li>Nepal (Asociaci\u00f3n de deportes electr\u00f3nicos de Nepal)<\/li><li>Om\u00e1n (Comit\u00e9 de Juegos y Deportes Electr\u00f3nicos)<\/li><li>Pakist\u00e1n (Federaci\u00f3n de Deportes Electr\u00f3nicos de Pakist\u00e1n<\/li><li>Palestina<\/li><li>Filipinas (Federaci\u00f3n Nacional de Deportes Electr\u00f3nicos de Filipinas, NESFP)<\/li><li>Qatar<\/li><li>Arabia Saudita (Federaci\u00f3n de Arabia Saudita de Deportes Electr\u00f3nicos e Intelectuales)<\/li><li>Singapur (Asociaci\u00f3n de deportes electr\u00f3nicos de Singapur)<\/li><li>Sri Lanka (Asociaci\u00f3n de deportes electr\u00f3nicos de Sri Lanka)<\/li><li>Siria (Asociaci\u00f3n Siria de deportes electr\u00f3nicos)<\/li><li>Tailandia (Federaci\u00f3n de E-Sports de Tailandia)<\/li><li>Timor-Leste<\/li><li>Turkmenist\u00e1n (Federaci\u00f3n Nacional de e-Sports de Turkmenist\u00e1n<\/li><li>Chinese Taipei (Asociaci\u00f3n de deportes electr\u00f3nicos de Chinese Taipei)<\/li><li>Emiratos \u00c1rabes Unidos<\/li><li>Uzbekist\u00e1n (Federaci\u00f3n Virtual de Esports y F\u00fatbol Cibern\u00e9tico de Uzbekist\u00e1n)<\/li><li>Vietnam (Asociaci\u00f3n de eSports recreativos de Vietnam<\/li><li>Yemen<\/li><\/ul>\n","protected":false},"excerpt":{"rendered":"<div class=\"mh-excerpt\"><p>Las Federaciones de Deportes Electr\u00f3nicos de Asia (AESF) es un organismo rector de la Federaci\u00f3n Internacional de Deportes Electr\u00f3nicos. Esports Asia, que se fund\u00f3 en <a class=\"mh-excerpt-more\" href=\"https:\/\/1xplayz.com\/es\/asia-electronic-sports-federation\/\" title=\"Federaci\u00f3n de Deportes Electr\u00f3nicos de Asia (AESF)\">[&#8230;]<\/a><\/p>\n<\/div>","protected":false},"author":1,"featured_media":0,"parent":0,"menu_order":0,"comment_status":"closed","ping_status":"closed","template":"","meta":{"footnotes":""},"class_list":["post-14091","page","type-page","status-publish","hentry"],"yoast_head":"<!-- This site is optimized with the Yoast SEO plugin v26.6 - https:\/\/yoast.com\/wordpress\/plugins\/seo\/ -->\n<title>Federaci\u00f3n de Deportes Electr\u00f3nicos de Asia (AESF) - Tipsters de eSports - 1xPlayz<\/title>\n<meta name=\"description\" content=\"Las Federaciones de Deportes Electr\u00f3nicos de Asia (AESF) es un organismo rector de la Federaci\u00f3n Internacional de Deportes Electr\u00f3nicos. Esports Asia, que\" \/>\n<meta name=\"robots\" content=\"index, follow, max-snippet:-1, max-image-preview:large, max-video-preview:-1\" \/>\n<link rel=\"canonical\" href=\"https:\/\/1xplayz.com\/es\/asia-electronic-sports-federation\/\" \/>\n<meta property=\"og:locale\" content=\"es_ES\" \/>\n<meta property=\"og:type\" content=\"article\" \/>\n<meta property=\"og:title\" content=\"Federaci\u00f3n de Deportes Electr\u00f3nicos de Asia (AESF) - Tipsters de eSports - 1xPlayz\" \/>\n<meta property=\"og:description\" content=\"Las Federaciones de Deportes Electr\u00f3nicos de Asia (AESF) es un organismo rector de la Federaci\u00f3n Internacional de Deportes Electr\u00f3nicos. Esports Asia, que\" \/>\n<meta property=\"og:url\" content=\"https:\/\/1xplayz.com\/es\/asia-electronic-sports-federation\/\" \/>\n<meta property=\"og:site_name\" content=\"1xPlayz\" \/>\n<meta property=\"article:modified_time\" content=\"2021-12-17T14:34:52+00:00\" \/>\n<meta name=\"twitter:card\" content=\"summary_large_image\" \/>\n<meta name=\"twitter:label1\" content=\"Tiempo de lectura\" \/>\n\t<meta name=\"twitter:data1\" content=\"2 minutos\" \/>\n<script type=\"application\/ld+json\" class=\"yoast-schema-graph\">{\"@context\":\"https:\/\/schema.org\",\"@graph\":[{\"@type\":\"WebPage\",\"@id\":\"https:\/\/1xplayz.com\/es\/asia-electronic-sports-federation\/\",\"url\":\"https:\/\/1xplayz.com\/es\/asia-electronic-sports-federation\/\",\"name\":\"Federaci\u00f3n de Deportes Electr\u00f3nicos de Asia (AESF) - Tipsters de eSports - 1xPlayz\",\"isPartOf\":{\"@id\":\"https:\/\/1xplayz.com\/es\/de\/#website\"},\"datePublished\":\"2021-12-10T03:12:00+00:00\",\"dateModified\":\"2021-12-17T14:34:52+00:00\",\"description\":\"Las Federaciones de Deportes Electr\u00f3nicos de Asia (AESF) es un organismo rector de la Federaci\u00f3n Internacional de Deportes Electr\u00f3nicos. Esports Asia, que\",\"breadcrumb\":{\"@id\":\"https:\/\/1xplayz.com\/es\/asia-electronic-sports-federation\/#breadcrumb\"},\"inLanguage\":\"es\",\"potentialAction\":[{\"@type\":\"ReadAction\",\"target\":[\"https:\/\/1xplayz.com\/es\/asia-electronic-sports-federation\/\"]}]},{\"@type\":\"BreadcrumbList\",\"@id\":\"https:\/\/1xplayz.com\/es\/asia-electronic-sports-federation\/#breadcrumb\",\"itemListElement\":[{\"@type\":\"ListItem\",\"position\":1,\"name\":\"Home\",\"item\":\"https:\/\/1xplayz.com\/es\/\"},{\"@type\":\"ListItem\",\"position\":2,\"name\":\"Federaci\u00f3n de Deportes Electr\u00f3nicos de Asia (AESF)\"}]},{\"@type\":\"WebSite\",\"@id\":\"https:\/\/1xplayz.com\/es\/de\/#website\",\"url\":\"https:\/\/1xplayz.com\/es\/de\/\",\"name\":\"1xPlayz\",\"description\":\"Tipsters de eSports\",\"publisher\":{\"@id\":\"https:\/\/1xplayz.com\/es\/de\/#\/schema\/person\/8eadc1d14ab3326bbc7a655fbfe061cf\"},\"potentialAction\":[{\"@type\":\"SearchAction\",\"target\":{\"@type\":\"EntryPoint\",\"urlTemplate\":\"https:\/\/1xplayz.com\/es\/de\/?s={search_term_string}\"},\"query-input\":{\"@type\":\"PropertyValueSpecification\",\"valueRequired\":true,\"valueName\":\"search_term_string\"}}],\"inLanguage\":\"es\"},{\"@type\":[\"Person\",\"Organization\"],\"@id\":\"https:\/\/1xplayz.com\/es\/de\/#\/schema\/person\/8eadc1d14ab3326bbc7a655fbfe061cf\",\"name\":\"1xPlayz\",\"image\":{\"@type\":\"ImageObject\",\"inLanguage\":\"es\",\"@id\":\"https:\/\/1xplayz.com\/es\/de\/#\/schema\/person\/image\/\",\"url\":\"https:\/\/1xplayz.com\/wp-content\/uploads\/2021\/07\/1xp.png\",\"contentUrl\":\"https:\/\/1xplayz.com\/wp-content\/uploads\/2021\/07\/1xp.png\",\"width\":500,\"height\":500,\"caption\":\"1xPlayz\"},\"logo\":{\"@id\":\"https:\/\/1xplayz.com\/es\/de\/#\/schema\/person\/image\/\"},\"sameAs\":[\"http:\/\/1xplayz.com\"]}]}<\/script>\n<!-- \/ Yoast SEO plugin. -->","yoast_head_json":{"title":"Federaci\u00f3n de Deportes Electr\u00f3nicos de Asia (AESF) - Tipsters de eSports - 1xPlayz","description":"Las Federaciones de Deportes Electr\u00f3nicos de Asia (AESF) es un organismo rector de la Federaci\u00f3n Internacional de Deportes Electr\u00f3nicos. Esports Asia, que","robots":{"index":"index","follow":"follow","max-snippet":"max-snippet:-1","max-image-preview":"max-image-preview:large","max-video-preview":"max-video-preview:-1"},"canonical":"https:\/\/1xplayz.com\/es\/asia-electronic-sports-federation\/","og_locale":"es_ES","og_type":"article","og_title":"Federaci\u00f3n de Deportes Electr\u00f3nicos de Asia (AESF) - Tipsters de eSports - 1xPlayz","og_description":"Las Federaciones de Deportes Electr\u00f3nicos de Asia (AESF) es un organismo rector de la Federaci\u00f3n Internacional de Deportes Electr\u00f3nicos. Esports Asia, que","og_url":"https:\/\/1xplayz.com\/es\/asia-electronic-sports-federation\/","og_site_name":"1xPlayz","article_modified_time":"2021-12-17T14:34:52+00:00","twitter_card":"summary_large_image","twitter_misc":{"Tiempo de lectura":"2 minutos"},"schema":{"@context":"https:\/\/schema.org","@graph":[{"@type":"WebPage","@id":"https:\/\/1xplayz.com\/es\/asia-electronic-sports-federation\/","url":"https:\/\/1xplayz.com\/es\/asia-electronic-sports-federation\/","name":"Federaci\u00f3n de Deportes Electr\u00f3nicos de Asia (AESF) - Tipsters de eSports - 1xPlayz","isPartOf":{"@id":"https:\/\/1xplayz.com\/es\/de\/#website"},"datePublished":"2021-12-10T03:12:00+00:00","dateModified":"2021-12-17T14:34:52+00:00","description":"Las Federaciones de Deportes Electr\u00f3nicos de Asia (AESF) es un organismo rector de la Federaci\u00f3n Internacional de Deportes Electr\u00f3nicos. Esports Asia, que","breadcrumb":{"@id":"https:\/\/1xplayz.com\/es\/asia-electronic-sports-federation\/#breadcrumb"},"inLanguage":"es","potentialAction":[{"@type":"ReadAction","target":["https:\/\/1xplayz.com\/es\/asia-electronic-sports-federation\/"]}]},{"@type":"BreadcrumbList","@id":"https:\/\/1xplayz.com\/es\/asia-electronic-sports-federation\/#breadcrumb","itemListElement":[{"@type":"ListItem","position":1,"name":"Home","item":"https:\/\/1xplayz.com\/es\/"},{"@type":"ListItem","position":2,"name":"Federaci\u00f3n de Deportes Electr\u00f3nicos de Asia (AESF)"}]},{"@type":"WebSite","@id":"https:\/\/1xplayz.com\/es\/de\/#website","url":"https:\/\/1xplayz.com\/es\/de\/","name":"1xPlayz","description":"Tipsters de eSports","publisher":{"@id":"https:\/\/1xplayz.com\/es\/de\/#\/schema\/person\/8eadc1d14ab3326bbc7a655fbfe061cf"},"potentialAction":[{"@type":"SearchAction","target":{"@type":"EntryPoint","urlTemplate":"https:\/\/1xplayz.com\/es\/de\/?s={search_term_string}"},"query-input":{"@type":"PropertyValueSpecification","valueRequired":true,"valueName":"search_term_string"}}],"inLanguage":"es"},{"@type":["Person","Organization"],"@id":"https:\/\/1xplayz.com\/es\/de\/#\/schema\/person\/8eadc1d14ab3326bbc7a655fbfe061cf","name":"1xPlayz","image":{"@type":"ImageObject","inLanguage":"es","@id":"https:\/\/1xplayz.com\/es\/de\/#\/schema\/person\/image\/","url":"https:\/\/1xplayz.com\/wp-content\/uploads\/2021\/07\/1xp.png","contentUrl":"https:\/\/1xplayz.com\/wp-content\/uploads\/2021\/07\/1xp.png","width":500,"height":500,"caption":"1xPlayz"},"logo":{"@id":"https:\/\/1xplayz.com\/es\/de\/#\/schema\/person\/image\/"},"sameAs":["http:\/\/1xplayz.com"]}]}},"_links":{"self":[{"href":"https:\/\/1xplayz.com\/es\/wp-json\/wp\/v2\/pages\/14091","targetHints":{"allow":["GET"]}}],"collection":[{"href":"https:\/\/1xplayz.com\/es\/wp-json\/wp\/v2\/pages"}],"about":[{"href":"https:\/\/1xplayz.com\/es\/wp-json\/wp\/v2\/types\/page"}],"author":[{"embeddable":true,"href":"https:\/\/1xplayz.com\/es\/wp-json\/wp\/v2\/users\/1"}],"replies":[{"embeddable":true,"href":"https:\/\/1xplayz.com\/es\/wp-json\/wp\/v2\/comments?post=14091"}],"version-history":[{"count":3,"href":"https:\/\/1xplayz.com\/es\/wp-json\/wp\/v2\/pages\/14091\/revisions"}],"predecessor-version":[{"id":14474,"href":"https:\/\/1xplayz.com\/es\/wp-json\/wp\/v2\/pages\/14091\/revisions\/14474"}],"wp:attachment":[{"href":"https:\/\/1xplayz.com\/es\/wp-json\/wp\/v2\/media?parent=14091"}],"curies":[{"name":"wp","href":"https:\/\/api.w.org\/{rel}","templated":true}]}}