{"id":14235,"date":"2023-03-09T13:49:02","date_gmt":"2023-03-09T06:49:02","guid":{"rendered":"https:\/\/1xplayz.com\/?page_id=14235"},"modified":"2023-03-09T23:06:34","modified_gmt":"2023-03-09T16:06:34","slug":"call-of-duty","status":"publish","type":"page","link":"https:\/\/1xplayz.com\/es\/call-of-duty\/","title":{"rendered":"llamada del deber"},"content":{"rendered":"\n<h2 class=\"wp-block-heading\">\u00bfQu\u00e9 tipo de juego es llamada del deber?<\/h2>\n\n\n\n<p><strong>llamada del deber (CoD)<\/strong> es un tipo de franquicia de videojuegos de disparos en primera persona desarrollada por Infinity Ward, Treyarch y Sledgehammer Games, y publicada por Activision. El primer juego de CoD se lanz\u00f3 en 2003. Desde entonces, este juego se ha convertido en una de las franquicias de juegos m\u00e1s populares y exitosas de todos los tiempos. Las versiones populares recientes del juego son llamada del deber: Black Ops 4 y llamada del deber: Modern Warfare.<\/p>\n\n\n\n<p>llamada del deber implica que los jugadores asuman el papel de un soldado en un conflicto militar ficticio y participen en combates contra las fuerzas enemigas. La serie ha explorado varios per\u00edodos de tiempo, desde la Segunda Guerra Mundial hasta los conflictos modernos e incluso escenarios futuristas. El juego presenta una variedad de modos de juego, que incluyen campa\u00f1as para un jugador, modos cooperativos y modos multijugador. El modo multijugador es un componente importante de los juegos y se ha convertido en un t\u00edtulo popular de deportes electr\u00f3nicos. En el modo multijugador, los jugadores compiten entre s\u00ed en varios modos de juego, como el combate a muerte por equipos y capturar la bandera. Los jugadores ganan puntos de experiencia y suben de nivel para desbloquear nuevas armas, equipos y ventajas para personalizar su experiencia de juego.<\/p>\n\n\n\n<h2 class=\"wp-block-heading\">\u00bfC\u00f3mo jugar llamada del deber?<\/h2>\n\n\n\n<p>Jugar a llamada del deber es muy divertido. Debido a que este juego tiene diferentes series, conduce a un juego espec\u00edfico. Este juego utiliza una perspectiva en primera persona e implica disparar a los enemigos objetivo. Estos son algunos pasos b\u00e1sicos para familiarizarse con CoD:<\/p>\n\n\n\n<ol class=\"wp-block-list\">\n<li><strong>Elija su modo de juego<\/strong>: CoD normalmente ofrece una variedad de modos de juego para elegir, incluidas campa\u00f1as para un jugador, modos cooperativos y modos multijugador. Seleccione el modo que desea jugar.<\/li>\n\n\n\n<li><strong>Personaliza tu equipo<\/strong>: en el modo multijugador, puedes personalizar tu equipo seleccionando armas, accesorios, ventajas y otros equipos para usar durante el juego. Tambi\u00e9n puedes ganar puntos de experiencia y subir de nivel para desbloquear nuevas armas y equipos.<\/li>\n\n\n\n<li><strong>Inicie el juego<\/strong>: una vez que haya seleccionado su modo y personalizado su equipo (si corresponde), puede iniciar el juego. La jugabilidad variar\u00e1 dependiendo del modo que elijas. En el modo para un jugador, seguir\u00e1s una historia predeterminada, mientras que en el modo multijugador competir\u00e1s contra otros jugadores.<\/li>\n\n\n\n<li><strong>Mu\u00e9vete y dispara<\/strong>: para jugar a CoD, deber\u00e1s mover a tu personaje usando el teclado o el controlador y apuntar y disparar a los objetivos enemigos usando el mouse u otros controles. El juego te proporcionar\u00e1 objetivos y metas a alcanzar, como capturar una bandera o eliminar objetivos enemigos.<\/li>\n\n\n\n<li><strong>Completa el juego<\/strong>: El juego continuar\u00e1 hasta que completes los objetivos o hasta que seas eliminado. En el modo multijugador, puedes reaparecer despu\u00e9s de ser eliminado y continuar jugando hasta que se alcance el l\u00edmite de tiempo o el l\u00edmite de puntuaci\u00f3n.<\/li>\n<\/ol>\n\n\n\n<h2 class=\"wp-block-heading\">llamada del deber: black ops 4<\/h2>\n\n\n\n<p>llamada del deber: Black Ops 4 fue lanzado en octubre de 2018 por el desarrollador Treyarch. Black Ops 4 fue escrito por Dave Anthony, y su director es Jason Blundell. El compositor es Jack Wall. Las plataformas de Black Ops 4 son PlayStation 4, Windows y Xbox One. Este g\u00e9nero de series es Shooter en primera persona, battle royale.<\/p>\n\n\n\n<h3 class=\"wp-block-heading\">Jugabilidad de Black Ops 4<\/h3>\n\n\n\n<p>llamada del deber: Black Ops 4 no presenta un modo para un jugador tradicional y contiene modos multijugador, zombis y apag\u00f3n.<\/p>\n\n\n\n<h2 class=\"wp-block-heading\">llamada del deber m\u00f3vil<\/h2>\n\n\n\n<p>\u00bfSabes que puedes jugar a llamada del deber en PC y m\u00f3vil? S\u00ed, se llama \u00abllamada del deber m\u00f3vil\u00bb y est\u00e1 disponible para descargar gratis en dispositivos iOS y Android. Se puede descargar desde App Store o Google Play Store. All\u00ed, puede crear una cuenta o iniciar sesi\u00f3n en su cuenta de existencia. El juego se puede jugar usando controles t\u00e1ctiles, o puede conectar un controlador a su dispositivo m\u00f3vil para una experiencia de consola m\u00e1s tradicional. El CoD Mobile es un juego similar al de las versiones de consola y PC, incluidos los modos multijugador como el combate a muerte en equipo, la dominaci\u00f3n y la batalla real.<\/p>\n","protected":false},"excerpt":{"rendered":"<div class=\"mh-excerpt\"><p>\u00bfQu\u00e9 tipo de juego es llamada del deber? llamada del deber (CoD) es un tipo de franquicia de videojuegos de disparos en primera persona desarrollada <a class=\"mh-excerpt-more\" href=\"https:\/\/1xplayz.com\/es\/call-of-duty\/\" title=\"llamada del deber\">[&#8230;]<\/a><\/p>\n<\/div>","protected":false},"author":1,"featured_media":0,"parent":0,"menu_order":0,"comment_status":"closed","ping_status":"closed","template":"","meta":{"footnotes":""},"class_list":["post-14235","page","type-page","status-publish","hentry"],"yoast_head":"<!-- This site is optimized with the Yoast SEO plugin v26.6 - https:\/\/yoast.com\/wordpress\/plugins\/seo\/ -->\n<title>llamada del deber - Tipsters de eSports - 1xPlayz<\/title>\n<meta name=\"description\" content=\"\u00bfQu\u00e9 tipo de juego es llamada del deber? llamada del deber (CoD) es un tipo de franquicia de videojuegos de disparos en primera persona desarrollada por\" \/>\n<meta name=\"robots\" content=\"index, follow, max-snippet:-1, max-image-preview:large, max-video-preview:-1\" \/>\n<link rel=\"canonical\" href=\"https:\/\/1xplayz.com\/es\/call-of-duty\/\" \/>\n<meta property=\"og:locale\" content=\"es_ES\" \/>\n<meta property=\"og:type\" content=\"article\" \/>\n<meta property=\"og:title\" content=\"llamada del deber - Tipsters de eSports - 1xPlayz\" \/>\n<meta property=\"og:description\" content=\"\u00bfQu\u00e9 tipo de juego es llamada del deber? llamada del deber (CoD) es un tipo de franquicia de videojuegos de disparos en primera persona desarrollada por\" \/>\n<meta property=\"og:url\" content=\"https:\/\/1xplayz.com\/es\/call-of-duty\/\" \/>\n<meta property=\"og:site_name\" content=\"1xPlayz\" \/>\n<meta property=\"article:modified_time\" content=\"2023-03-09T16:06:34+00:00\" \/>\n<meta name=\"twitter:card\" content=\"summary_large_image\" \/>\n<meta name=\"twitter:label1\" content=\"Tiempo de lectura\" \/>\n\t<meta name=\"twitter:data1\" content=\"4 minutos\" \/>\n<script type=\"application\/ld+json\" class=\"yoast-schema-graph\">{\"@context\":\"https:\/\/schema.org\",\"@graph\":[{\"@type\":\"WebPage\",\"@id\":\"https:\/\/1xplayz.com\/es\/call-of-duty\/\",\"url\":\"https:\/\/1xplayz.com\/es\/call-of-duty\/\",\"name\":\"llamada del deber - Tipsters de eSports - 1xPlayz\",\"isPartOf\":{\"@id\":\"https:\/\/1xplayz.com\/es\/de\/#website\"},\"datePublished\":\"2023-03-09T06:49:02+00:00\",\"dateModified\":\"2023-03-09T16:06:34+00:00\",\"description\":\"\u00bfQu\u00e9 tipo de juego es llamada del deber? llamada del deber (CoD) es un tipo de franquicia de videojuegos de disparos en primera persona desarrollada por\",\"breadcrumb\":{\"@id\":\"https:\/\/1xplayz.com\/es\/call-of-duty\/#breadcrumb\"},\"inLanguage\":\"es\",\"potentialAction\":[{\"@type\":\"ReadAction\",\"target\":[\"https:\/\/1xplayz.com\/es\/call-of-duty\/\"]}]},{\"@type\":\"BreadcrumbList\",\"@id\":\"https:\/\/1xplayz.com\/es\/call-of-duty\/#breadcrumb\",\"itemListElement\":[{\"@type\":\"ListItem\",\"position\":1,\"name\":\"Home\",\"item\":\"https:\/\/1xplayz.com\/es\/\"},{\"@type\":\"ListItem\",\"position\":2,\"name\":\"llamada del deber\"}]},{\"@type\":\"WebSite\",\"@id\":\"https:\/\/1xplayz.com\/es\/de\/#website\",\"url\":\"https:\/\/1xplayz.com\/es\/de\/\",\"name\":\"1xPlayz\",\"description\":\"Tipsters de eSports\",\"publisher\":{\"@id\":\"https:\/\/1xplayz.com\/es\/de\/#\/schema\/person\/8eadc1d14ab3326bbc7a655fbfe061cf\"},\"potentialAction\":[{\"@type\":\"SearchAction\",\"target\":{\"@type\":\"EntryPoint\",\"urlTemplate\":\"https:\/\/1xplayz.com\/es\/de\/?s={search_term_string}\"},\"query-input\":{\"@type\":\"PropertyValueSpecification\",\"valueRequired\":true,\"valueName\":\"search_term_string\"}}],\"inLanguage\":\"es\"},{\"@type\":[\"Person\",\"Organization\"],\"@id\":\"https:\/\/1xplayz.com\/es\/de\/#\/schema\/person\/8eadc1d14ab3326bbc7a655fbfe061cf\",\"name\":\"1xPlayz\",\"image\":{\"@type\":\"ImageObject\",\"inLanguage\":\"es\",\"@id\":\"https:\/\/1xplayz.com\/es\/de\/#\/schema\/person\/image\/\",\"url\":\"https:\/\/1xplayz.com\/wp-content\/uploads\/2021\/07\/1xp.png\",\"contentUrl\":\"https:\/\/1xplayz.com\/wp-content\/uploads\/2021\/07\/1xp.png\",\"width\":500,\"height\":500,\"caption\":\"1xPlayz\"},\"logo\":{\"@id\":\"https:\/\/1xplayz.com\/es\/de\/#\/schema\/person\/image\/\"},\"sameAs\":[\"http:\/\/1xplayz.com\"]}]}<\/script>\n<!-- \/ Yoast SEO plugin. -->","yoast_head_json":{"title":"llamada del deber - Tipsters de eSports - 1xPlayz","description":"\u00bfQu\u00e9 tipo de juego es llamada del deber? llamada del deber (CoD) es un tipo de franquicia de videojuegos de disparos en primera persona desarrollada por","robots":{"index":"index","follow":"follow","max-snippet":"max-snippet:-1","max-image-preview":"max-image-preview:large","max-video-preview":"max-video-preview:-1"},"canonical":"https:\/\/1xplayz.com\/es\/call-of-duty\/","og_locale":"es_ES","og_type":"article","og_title":"llamada del deber - Tipsters de eSports - 1xPlayz","og_description":"\u00bfQu\u00e9 tipo de juego es llamada del deber? llamada del deber (CoD) es un tipo de franquicia de videojuegos de disparos en primera persona desarrollada por","og_url":"https:\/\/1xplayz.com\/es\/call-of-duty\/","og_site_name":"1xPlayz","article_modified_time":"2023-03-09T16:06:34+00:00","twitter_card":"summary_large_image","twitter_misc":{"Tiempo de lectura":"4 minutos"},"schema":{"@context":"https:\/\/schema.org","@graph":[{"@type":"WebPage","@id":"https:\/\/1xplayz.com\/es\/call-of-duty\/","url":"https:\/\/1xplayz.com\/es\/call-of-duty\/","name":"llamada del deber - Tipsters de eSports - 1xPlayz","isPartOf":{"@id":"https:\/\/1xplayz.com\/es\/de\/#website"},"datePublished":"2023-03-09T06:49:02+00:00","dateModified":"2023-03-09T16:06:34+00:00","description":"\u00bfQu\u00e9 tipo de juego es llamada del deber? llamada del deber (CoD) es un tipo de franquicia de videojuegos de disparos en primera persona desarrollada por","breadcrumb":{"@id":"https:\/\/1xplayz.com\/es\/call-of-duty\/#breadcrumb"},"inLanguage":"es","potentialAction":[{"@type":"ReadAction","target":["https:\/\/1xplayz.com\/es\/call-of-duty\/"]}]},{"@type":"BreadcrumbList","@id":"https:\/\/1xplayz.com\/es\/call-of-duty\/#breadcrumb","itemListElement":[{"@type":"ListItem","position":1,"name":"Home","item":"https:\/\/1xplayz.com\/es\/"},{"@type":"ListItem","position":2,"name":"llamada del deber"}]},{"@type":"WebSite","@id":"https:\/\/1xplayz.com\/es\/de\/#website","url":"https:\/\/1xplayz.com\/es\/de\/","name":"1xPlayz","description":"Tipsters de eSports","publisher":{"@id":"https:\/\/1xplayz.com\/es\/de\/#\/schema\/person\/8eadc1d14ab3326bbc7a655fbfe061cf"},"potentialAction":[{"@type":"SearchAction","target":{"@type":"EntryPoint","urlTemplate":"https:\/\/1xplayz.com\/es\/de\/?s={search_term_string}"},"query-input":{"@type":"PropertyValueSpecification","valueRequired":true,"valueName":"search_term_string"}}],"inLanguage":"es"},{"@type":["Person","Organization"],"@id":"https:\/\/1xplayz.com\/es\/de\/#\/schema\/person\/8eadc1d14ab3326bbc7a655fbfe061cf","name":"1xPlayz","image":{"@type":"ImageObject","inLanguage":"es","@id":"https:\/\/1xplayz.com\/es\/de\/#\/schema\/person\/image\/","url":"https:\/\/1xplayz.com\/wp-content\/uploads\/2021\/07\/1xp.png","contentUrl":"https:\/\/1xplayz.com\/wp-content\/uploads\/2021\/07\/1xp.png","width":500,"height":500,"caption":"1xPlayz"},"logo":{"@id":"https:\/\/1xplayz.com\/es\/de\/#\/schema\/person\/image\/"},"sameAs":["http:\/\/1xplayz.com"]}]}},"_links":{"self":[{"href":"https:\/\/1xplayz.com\/es\/wp-json\/wp\/v2\/pages\/14235","targetHints":{"allow":["GET"]}}],"collection":[{"href":"https:\/\/1xplayz.com\/es\/wp-json\/wp\/v2\/pages"}],"about":[{"href":"https:\/\/1xplayz.com\/es\/wp-json\/wp\/v2\/types\/page"}],"author":[{"embeddable":true,"href":"https:\/\/1xplayz.com\/es\/wp-json\/wp\/v2\/users\/1"}],"replies":[{"embeddable":true,"href":"https:\/\/1xplayz.com\/es\/wp-json\/wp\/v2\/comments?post=14235"}],"version-history":[{"count":12,"href":"https:\/\/1xplayz.com\/es\/wp-json\/wp\/v2\/pages\/14235\/revisions"}],"predecessor-version":[{"id":42584,"href":"https:\/\/1xplayz.com\/es\/wp-json\/wp\/v2\/pages\/14235\/revisions\/42584"}],"wp:attachment":[{"href":"https:\/\/1xplayz.com\/es\/wp-json\/wp\/v2\/media?parent=14235"}],"curies":[{"name":"wp","href":"https:\/\/api.w.org\/{rel}","templated":true}]}}