{"id":1594,"date":"2021-07-26T10:34:23","date_gmt":"2021-07-26T03:34:23","guid":{"rendered":"https:\/\/1xplayz.com\/league-of-legends\/"},"modified":"2023-01-02T21:41:56","modified_gmt":"2023-01-02T14:41:56","slug":"league-of-legends","status":"publish","type":"page","link":"https:\/\/1xplayz.com\/es\/league-of-legends\/","title":{"rendered":"Predicciones de League of Legends 2023"},"content":{"rendered":"\n<h2 class=\"wp-block-heading\">\u00bfQu\u00e9 es League of Legends?<\/h2>\n\n\n\n<a href=\"https:\/\/refpa.top\/L?tag=d_1105835m_97c_&amp;site=1105835&amp;ad=97&amp;r=line\/Esports\/\" target=\"_blank\" rel=\"nofollow noopener\"><img loading=\"lazy\" decoding=\"async\" class=\"wp-image-7890 size-full\" src=\"https:\/\/1xplayz.com\/wp-content\/uploads\/2021\/09\/1xplayz-banner-league-of-legends.jpg\" alt=\"1xplayz banner league of legends\" width=\"800\" height=\"313\" srcset=\"https:\/\/1xplayz.com\/wp-content\/uploads\/2021\/09\/1xplayz-banner-league-of-legends.jpg 800w, https:\/\/1xplayz.com\/wp-content\/uploads\/2021\/09\/1xplayz-banner-league-of-legends-300x117.jpg 300w, https:\/\/1xplayz.com\/wp-content\/uploads\/2021\/09\/1xplayz-banner-league-of-legends-768x300.jpg 768w, https:\/\/1xplayz.com\/wp-content\/uploads\/2021\/09\/1xplayz-banner-league-of-legends-128x50.jpg 128w, https:\/\/1xplayz.com\/wp-content\/uploads\/2021\/09\/1xplayz-banner-league-of-legends-32x13.jpg 32w\" sizes=\"auto, (max-width: 800px) 100vw, 800px\" \/><\/a>\n\n\n\n<p><strong>League of Legends (LOL)<\/strong>: WILD RIFT es un tipo de videojuego de fantas\u00eda que se juega entre dos equipos de 5 jugadores. Cada jugador elige sus propios avatares que se llama Campe\u00f3n. Hay cinco tipos de roles de Campeones como Asesino, Luchador, Tiradores, Mago y Tanque. La condici\u00f3n de Victoria es cuando un equipo destruye el nexo del otro en la base. Todos los equipos tienen tres caminos que se conocen como carriles: carril superior, carril medio y carril inferior. Todos los carriles tienen torretas que protegen a los jugadores y al nexo. Las otras partes importantes del juego son:<\/p>\n\n\n\n<ul class=\"wp-block-list\">\n<li><strong>Esbirros<\/strong>: aparecen regularmente por la base de cada equipo. Matar minions obtendr\u00e1 el oro del jugador para comprar art\u00edculos y subir de nivel.<\/li>\n\n\n\n<li><strong>Torretas<\/strong>: destruir las torretas enemigas obtendr\u00e1 oros y la posibilidad de ganar el juego.<\/li>\n\n\n\n<li><strong>Creeps<\/strong>: Kill Creeps les da a los jugadores m\u00e1s poder y oro.<\/li>\n\n\n\n<li><strong>Dragones<\/strong>: matar dragones expande tu equipo y el oro<\/li>\n\n\n\n<li><strong>Nashor<\/strong>: mata a Nashor gana oro y poder para tu equipo y esbirros.<\/li>\n\n\n\n<li><strong>Enemigo<\/strong>: matar al enemigo gana m\u00e1s poder y oro para el jugador. Cuanto m\u00e1s te mata el enemigo, m\u00e1s d\u00e9bil te vuelves, y viceversa.<\/li>\n<\/ul>\n\n\n\n<p>Cuando tienes oro, puedes comprar art\u00edculos que potencian a tu campe\u00f3n. Cuanto m\u00e1s fuerte se vuelva, mayor ser\u00e1 la probabilidad de que usted y su equipo ganen el juego.<\/p>\n\n\n\n<h3 class=\"wp-block-heading\">Predicciones gratuitas de torneos de League of Legends<\/h3>\n\n\n\n<a href=\"https:\/\/refpa.top\/L?tag=d_1105835m_97c_&amp;site=1105835&amp;ad=97&amp;r=live\/Esports\/\" target=\"_blank\" rel=\"nofollow noopener\"><img loading=\"lazy\" decoding=\"async\" class=\"alignnone wp-image-1834\" src=\"https:\/\/1xplayz.com\/wp-content\/uploads\/2021\/07\/spanish-lol-betting-bonus-1024x347.jpg\" alt=\"bono de apuestas lol espa\u00f1ol\" width=\"800\" height=\"271\" srcset=\"https:\/\/1xplayz.com\/wp-content\/uploads\/2021\/07\/spanish-lol-betting-bonus-1024x347.jpg 1024w, https:\/\/1xplayz.com\/wp-content\/uploads\/2021\/07\/spanish-lol-betting-bonus-300x102.jpg 300w, https:\/\/1xplayz.com\/wp-content\/uploads\/2021\/07\/spanish-lol-betting-bonus-768x260.jpg 768w, https:\/\/1xplayz.com\/wp-content\/uploads\/2021\/07\/spanish-lol-betting-bonus-128x43.jpg 128w, https:\/\/1xplayz.com\/wp-content\/uploads\/2021\/07\/spanish-lol-betting-bonus-32x11.jpg 32w, https:\/\/1xplayz.com\/wp-content\/uploads\/2021\/07\/spanish-lol-betting-bonus.jpg 1527w\" sizes=\"auto, (max-width: 800px) 100vw, 800px\" \/><\/a>\n\n\n\n<p>1xPlayz predice partidos de League of Legends como los torneos de deportes electr\u00f3nicos en los pa\u00edses en los que los deportes electr\u00f3nicos son reconocidos y populares. Las competiciones de deportes electr\u00f3nicos m\u00e1s conocidas son:<\/p>\n\n\n\n<ul class=\"wp-block-list\">\n<li><a title=\"Predicciones de League of Legends Mid Season Invitational\" href=\"https:\/\/1xplayz.com\/es\/league-of-legends\/mid-season-invitational\/\">League of Legends por invitaci\u00f3n de mitad de temporada (MSI) 2023<\/a><\/li>\n\n\n\n<li><a title=\"Predicciones del campeonato mundial de League of Legends\" href=\"https:\/\/1xplayz.com\/es\/league-of-legends\/world-championship\/\">ampeonato mundial de League of Legends 2023<\/a><\/li>\n\n\n\n<li><a title=\"Predicciones del Campeonato Brasile\u00f1o de League of Legends\" href=\"https:\/\/1xplayz.com\/es\/league-of-legends\/brazilian-championship\/\">Campeonato Brasileiro de League of Legends (CBLoL) 2023<\/a><\/li>\n\n\n\n<li><a title=\"Predicciones de League of Legends Champions Korea\" href=\"https:\/\/1xplayz.com\/es\/league-of-legends\/champions-korea\/\">Campeones de League of Legends Corea (LCK) 2023<\/a><\/li>\n\n\n\n<li><a title=\"Predicciones de League of Legends Circuit Oceania\" href=\"https:\/\/1xplayz.com\/es\/league-of-legends\/circuit-oceania\/\">Circuito de League of Legends Ocean\u00eda (LCO) 2023<\/a><\/li>\n\n\n\n<li><a title=\"League of Legends Continental League predictions\" href=\"https:\/\/1xplayz.com\/es\/league-of-legends\/continental-league\/\">League of Legends Continental League (LCL) 2023<\/a><\/li>\n\n\n\n<li><a title=\"Predicciones del Campeonato de Europa de League of Legends\" href=\"https:\/\/1xplayz.com\/es\/league-of-legends\/european-championship\/\">Campeonato de Europa de League of Legends (LEC) 2023<\/a><\/li>\n\n\n\n<li><a title=\"Predicciones de League of Legend Japan League\" href=\"https:\/\/1xplayz.com\/es\/league-of-legends\/japan-league\/\">League of Legend Japan League (LJL) 2023<\/a><\/li>\n\n\n\n<li><a title=\"Predicciones de League of Legend Liga Latinoamerica\" href=\"https:\/\/1xplayz.com\/es\/league-of-legends\/liga-latinoamerica\/\">League of Legend Liga Latinoamerica (LLA) 2023<\/a><\/li>\n\n\n\n<li><a title=\"Predicciones de League of Legends Pro League\" href=\"https:\/\/1xplayz.com\/es\/league-of-legends\/pro-league-china\/\">League of Legends Pro League China (LPL) 2023<\/a><\/li>\n\n\n\n<li><a title=\"Predicciones de League of Legends Pacific Championship Series\" href=\"https:\/\/1xplayz.com\/es\/league-of-legends\/pacific-championship-series\/\">Serie de campeonatos del Pac\u00edfico de League of Legends (PCS) 2023<\/a><\/li>\n\n\n\n<li><a title=\"Predicciones de League of Legends Turkish Championship League\" href=\"https:\/\/1xplayz.com\/es\/league-of-legends\/turkish-championship-league\/\">Liga de campeonatos turcos de League of Legends (TCL) 2023<\/a><\/li>\n\n\n\n<li><a title=\"Predicciones de League of Legends Vietnam Championship Series\" href=\"https:\/\/1xplayz.com\/es\/league-of-legends\/vietnam-championship-series\/\">Serie de campeonatos de League of Legends Vietnam (VCS) 2023<\/a><\/li>\n<\/ul>\n\n\n\n<h2 class=\"wp-block-heading\">Tipos de apuestas LOL<\/h2>\n\n\n\n<p>Apostar por LOL no es complicado, al final de los partidos, solo habr\u00e1 1 resultado, gane o pierda. En un torneo, el partido entre el equipo A y el equipo B, se puede elegir qui\u00e9n gana ese partido. A diferencia de los otros deportes electr\u00f3nicos, League of Legends tiene un mercado diferente para apostar que se aplica principalmente a los torneos de nivel Major y Premier.<\/p>\n\n\n\n<h3 class=\"wp-block-heading\">Qu\u00e9 apostar en los partidos de 1 mapa<\/h3>\n\n\n\n<p>Algunos de los pa\u00edses que establecen formato para los torneos de League of Legends para jugar 1 mapa por partido son: Europa, Jap\u00f3n, Brasil, Am\u00e9rica. Los torneos m\u00e1s famosos como: Campeonato de Europa, Master de Europa, Liga de Jap\u00f3n, Campeonato de Brasil, Champions Series. Para cada partido de la competencia de 1 mapa, el mercado para realizar una apuesta es:<\/p>\n\n\n\n<ul class=\"wp-block-list\">\n<li>Ganador 1&#215;2: apuesta por el equipo ganador del tiempo reglamentario.<\/li>\n\n\n\n<li>1&#215;2. 1 mapa: apuesta por la victoria del equipo 1 mapa.<\/li>\n\n\n\n<li>Qui\u00e9n tomar\u00e1 Tower. 1 mapa:<\/li>\n\n\n\n<li>\u00bfQui\u00e9n adornar\u00e1 a Drag\u00f3n? 1 mapa<\/li>\n\n\n\n<li>Qui\u00e9n vencer\u00e1 a Nashor. 1 mapa<\/li>\n\n\n\n<li>Primera sangre. 1 mapa<\/li>\n\n\n\n<li>Frags, Handicap. 1 mapa<\/li>\n\n\n\n<li>Fragmentos, Total. 1 mapa<\/li>\n\n\n\n<li>Fragmentos, pares \/ probabilidades totales. 1 mapa<\/li>\n\n\n\n<li>Frags, Race To. 1 mapa<\/li>\n<\/ul>\n\n\n\n<p>Las opciones de mercado para realizar una apuesta arriba solo est\u00e1n disponibles para la gran competencia como The Mid Season Invitational, el Campeonato Mundial, Pro League China, etc. Para algunos torneos m\u00e1s peque\u00f1os, el jugador solo puede apostar por el ganador 1&#215;2.<\/p>\n\n\n\n<h3 class=\"wp-block-heading\">Qu\u00e9 apostar en m\u00e1s de dos partidos de Maps<\/h3>\n\n\n\n<p>Es m\u00e1s divertido y tienes m\u00e1s opciones para apostar en los partidos que tienen m\u00e1s de 2 mapas. La mayor\u00eda, como Champions Korea, Pro League y playoffs de la mayor\u00eda de los principales torneos LOL.<br>Para los partidos que juegan m\u00e1s de 2 mapas, todos los partidos se pueden apostar a:<\/p>\n\n\n\n<ul class=\"wp-block-list\">\n<li>Tiempo regular de ganador 1&#215;2<\/li>\n\n\n\n<li>Total de mapas: m\u00e1s de 2.5 \/ menos de 2.5 durante la mayor parte del partido. Para la mayor\u00eda de los partidos de playoffs, las opciones para apostar a los mapas son M\u00e1s de 4.5 \/ Menos de 4.5<\/li>\n\n\n\n<li>Puntuaci\u00f3n correcta: es una opci\u00f3n para apostar por la puntuaci\u00f3n exacta del resultado del tiempo reglamentario.<\/li>\n\n\n\n<li>H\u00e1ndicap total de mapas<\/li>\n<\/ul>\n\n\n\n<p>Aunque el partido tiene 2 mapas o 3 mapas, el mercado para apostar el partido en cada uno de los mapas es el mismo. Puede encontrar estas opciones a continuaci\u00f3n:<\/p>\n\n\n\n<ul class=\"wp-block-list\">\n<li>1&#215;2. 1 ganador de mapa<\/li>\n\n\n\n<li>Qui\u00e9n tomar\u00e1 la torre. 1 mapa<\/li>\n\n\n\n<li>Qui\u00e9n vencer\u00e1 al drag\u00f3n. 1 mapa<\/li>\n\n\n\n<li>Qui\u00e9n vencer\u00e1 a Nashor. 1 mapa<\/li>\n\n\n\n<li>Primera sangre. 1 mapa<\/li>\n\n\n\n<li>Frags, Handicap. 1 mapa<\/li>\n\n\n\n<li>Fragmentos, Total. 1 mapa<\/li>\n\n\n\n<li>Primero en destruir al habitante. 1 mapa<\/li>\n\n\n\n<li>Total Nashors batido. 1 mapa<\/li>\n\n\n\n<li>Total Dragons vencido. 1 mapa<\/li>\n\n\n\n<li>Torre total tomada. 1 mapa<\/li>\n\n\n\n<li>Ambos equipos para vencer a Nashor. 1 mapa<\/li>\n\n\n\n<li>Ambos equipos para destruir Inhabitor. 1 mapa<\/li>\n\n\n\n<li>Total de habitantes destruidos. 1 mapa<\/li>\n<\/ul>\n","protected":false},"excerpt":{"rendered":"<div class=\"mh-excerpt\"><p>\u00bfQu\u00e9 es League of Legends? League of Legends (LOL): WILD RIFT es un tipo de videojuego de fantas\u00eda que se juega entre dos equipos de <a class=\"mh-excerpt-more\" href=\"https:\/\/1xplayz.com\/es\/league-of-legends\/\" title=\"Predicciones de League of Legends 2023\">[&#8230;]<\/a><\/p>\n<\/div>","protected":false},"author":1,"featured_media":0,"parent":0,"menu_order":0,"comment_status":"closed","ping_status":"closed","template":"","meta":{"footnotes":""},"class_list":["post-1594","page","type-page","status-publish","hentry"],"yoast_head":"<!-- This site is optimized with the Yoast SEO plugin v26.6 - https:\/\/yoast.com\/wordpress\/plugins\/seo\/ -->\n<title>Predicciones de League of Legends 2023 - Tipsters de eSports - 1xPlayz<\/title>\n<meta name=\"description\" content=\"\u00bfQu\u00e9 es League of Legends? League of Legends (LOL): WILD RIFT es un tipo de videojuego de fantas\u00eda que se juega entre dos equipos de 5 jugadores. Cada\" \/>\n<meta name=\"robots\" content=\"index, follow, max-snippet:-1, max-image-preview:large, max-video-preview:-1\" \/>\n<link rel=\"canonical\" href=\"https:\/\/1xplayz.com\/es\/league-of-legends\/\" \/>\n<meta property=\"og:locale\" content=\"es_ES\" \/>\n<meta property=\"og:type\" content=\"article\" \/>\n<meta property=\"og:title\" content=\"Predicciones de League of Legends 2023 - Tipsters de eSports - 1xPlayz\" \/>\n<meta property=\"og:description\" content=\"\u00bfQu\u00e9 es League of Legends? League of Legends (LOL): WILD RIFT es un tipo de videojuego de fantas\u00eda que se juega entre dos equipos de 5 jugadores. Cada\" \/>\n<meta property=\"og:url\" content=\"https:\/\/1xplayz.com\/es\/league-of-legends\/\" \/>\n<meta property=\"og:site_name\" content=\"1xPlayz\" \/>\n<meta property=\"article:modified_time\" content=\"2023-01-02T14:41:56+00:00\" \/>\n<meta property=\"og:image\" content=\"https:\/\/1xplayz.com\/wp-content\/uploads\/2021\/09\/1xplayz-banner-league-of-legends.jpg\" \/>\n<meta name=\"twitter:card\" content=\"summary_large_image\" \/>\n<meta name=\"twitter:label1\" content=\"Tiempo de lectura\" \/>\n\t<meta name=\"twitter:data1\" content=\"5 minutos\" \/>\n<script type=\"application\/ld+json\" class=\"yoast-schema-graph\">{\"@context\":\"https:\/\/schema.org\",\"@graph\":[{\"@type\":\"WebPage\",\"@id\":\"https:\/\/1xplayz.com\/es\/league-of-legends\/\",\"url\":\"https:\/\/1xplayz.com\/es\/league-of-legends\/\",\"name\":\"Predicciones de League of Legends 2023 - Tipsters de eSports - 1xPlayz\",\"isPartOf\":{\"@id\":\"https:\/\/1xplayz.com\/es\/de\/#website\"},\"primaryImageOfPage\":{\"@id\":\"https:\/\/1xplayz.com\/es\/league-of-legends\/#primaryimage\"},\"image\":{\"@id\":\"https:\/\/1xplayz.com\/es\/league-of-legends\/#primaryimage\"},\"thumbnailUrl\":\"https:\/\/1xplayz.com\/wp-content\/uploads\/2021\/09\/1xplayz-banner-league-of-legends.jpg\",\"datePublished\":\"2021-07-26T03:34:23+00:00\",\"dateModified\":\"2023-01-02T14:41:56+00:00\",\"description\":\"\u00bfQu\u00e9 es League of Legends? League of Legends (LOL): WILD RIFT es un tipo de videojuego de fantas\u00eda que se juega entre dos equipos de 5 jugadores. Cada\",\"breadcrumb\":{\"@id\":\"https:\/\/1xplayz.com\/es\/league-of-legends\/#breadcrumb\"},\"inLanguage\":\"es\",\"potentialAction\":[{\"@type\":\"ReadAction\",\"target\":[\"https:\/\/1xplayz.com\/es\/league-of-legends\/\"]}]},{\"@type\":\"ImageObject\",\"inLanguage\":\"es\",\"@id\":\"https:\/\/1xplayz.com\/es\/league-of-legends\/#primaryimage\",\"url\":\"https:\/\/1xplayz.com\/wp-content\/uploads\/2021\/09\/1xplayz-banner-league-of-legends.jpg\",\"contentUrl\":\"https:\/\/1xplayz.com\/wp-content\/uploads\/2021\/09\/1xplayz-banner-league-of-legends.jpg\"},{\"@type\":\"BreadcrumbList\",\"@id\":\"https:\/\/1xplayz.com\/es\/league-of-legends\/#breadcrumb\",\"itemListElement\":[{\"@type\":\"ListItem\",\"position\":1,\"name\":\"Home\",\"item\":\"https:\/\/1xplayz.com\/es\/\"},{\"@type\":\"ListItem\",\"position\":2,\"name\":\"Predicciones de League of Legends 2023\"}]},{\"@type\":\"WebSite\",\"@id\":\"https:\/\/1xplayz.com\/es\/de\/#website\",\"url\":\"https:\/\/1xplayz.com\/es\/de\/\",\"name\":\"1xPlayz\",\"description\":\"Tipsters de eSports\",\"publisher\":{\"@id\":\"https:\/\/1xplayz.com\/es\/de\/#\/schema\/person\/8eadc1d14ab3326bbc7a655fbfe061cf\"},\"potentialAction\":[{\"@type\":\"SearchAction\",\"target\":{\"@type\":\"EntryPoint\",\"urlTemplate\":\"https:\/\/1xplayz.com\/es\/de\/?s={search_term_string}\"},\"query-input\":{\"@type\":\"PropertyValueSpecification\",\"valueRequired\":true,\"valueName\":\"search_term_string\"}}],\"inLanguage\":\"es\"},{\"@type\":[\"Person\",\"Organization\"],\"@id\":\"https:\/\/1xplayz.com\/es\/de\/#\/schema\/person\/8eadc1d14ab3326bbc7a655fbfe061cf\",\"name\":\"1xPlayz\",\"image\":{\"@type\":\"ImageObject\",\"inLanguage\":\"es\",\"@id\":\"https:\/\/1xplayz.com\/es\/de\/#\/schema\/person\/image\/\",\"url\":\"https:\/\/1xplayz.com\/wp-content\/uploads\/2021\/07\/1xp.png\",\"contentUrl\":\"https:\/\/1xplayz.com\/wp-content\/uploads\/2021\/07\/1xp.png\",\"width\":500,\"height\":500,\"caption\":\"1xPlayz\"},\"logo\":{\"@id\":\"https:\/\/1xplayz.com\/es\/de\/#\/schema\/person\/image\/\"},\"sameAs\":[\"http:\/\/1xplayz.com\"]}]}<\/script>\n<!-- \/ Yoast SEO plugin. -->","yoast_head_json":{"title":"Predicciones de League of Legends 2023 - Tipsters de eSports - 1xPlayz","description":"\u00bfQu\u00e9 es League of Legends? League of Legends (LOL): WILD RIFT es un tipo de videojuego de fantas\u00eda que se juega entre dos equipos de 5 jugadores. Cada","robots":{"index":"index","follow":"follow","max-snippet":"max-snippet:-1","max-image-preview":"max-image-preview:large","max-video-preview":"max-video-preview:-1"},"canonical":"https:\/\/1xplayz.com\/es\/league-of-legends\/","og_locale":"es_ES","og_type":"article","og_title":"Predicciones de League of Legends 2023 - Tipsters de eSports - 1xPlayz","og_description":"\u00bfQu\u00e9 es League of Legends? League of Legends (LOL): WILD RIFT es un tipo de videojuego de fantas\u00eda que se juega entre dos equipos de 5 jugadores. Cada","og_url":"https:\/\/1xplayz.com\/es\/league-of-legends\/","og_site_name":"1xPlayz","article_modified_time":"2023-01-02T14:41:56+00:00","og_image":[{"url":"https:\/\/1xplayz.com\/wp-content\/uploads\/2021\/09\/1xplayz-banner-league-of-legends.jpg","type":"","width":"","height":""}],"twitter_card":"summary_large_image","twitter_misc":{"Tiempo de lectura":"5 minutos"},"schema":{"@context":"https:\/\/schema.org","@graph":[{"@type":"WebPage","@id":"https:\/\/1xplayz.com\/es\/league-of-legends\/","url":"https:\/\/1xplayz.com\/es\/league-of-legends\/","name":"Predicciones de League of Legends 2023 - Tipsters de eSports - 1xPlayz","isPartOf":{"@id":"https:\/\/1xplayz.com\/es\/de\/#website"},"primaryImageOfPage":{"@id":"https:\/\/1xplayz.com\/es\/league-of-legends\/#primaryimage"},"image":{"@id":"https:\/\/1xplayz.com\/es\/league-of-legends\/#primaryimage"},"thumbnailUrl":"https:\/\/1xplayz.com\/wp-content\/uploads\/2021\/09\/1xplayz-banner-league-of-legends.jpg","datePublished":"2021-07-26T03:34:23+00:00","dateModified":"2023-01-02T14:41:56+00:00","description":"\u00bfQu\u00e9 es League of Legends? League of Legends (LOL): WILD RIFT es un tipo de videojuego de fantas\u00eda que se juega entre dos equipos de 5 jugadores. Cada","breadcrumb":{"@id":"https:\/\/1xplayz.com\/es\/league-of-legends\/#breadcrumb"},"inLanguage":"es","potentialAction":[{"@type":"ReadAction","target":["https:\/\/1xplayz.com\/es\/league-of-legends\/"]}]},{"@type":"ImageObject","inLanguage":"es","@id":"https:\/\/1xplayz.com\/es\/league-of-legends\/#primaryimage","url":"https:\/\/1xplayz.com\/wp-content\/uploads\/2021\/09\/1xplayz-banner-league-of-legends.jpg","contentUrl":"https:\/\/1xplayz.com\/wp-content\/uploads\/2021\/09\/1xplayz-banner-league-of-legends.jpg"},{"@type":"BreadcrumbList","@id":"https:\/\/1xplayz.com\/es\/league-of-legends\/#breadcrumb","itemListElement":[{"@type":"ListItem","position":1,"name":"Home","item":"https:\/\/1xplayz.com\/es\/"},{"@type":"ListItem","position":2,"name":"Predicciones de League of Legends 2023"}]},{"@type":"WebSite","@id":"https:\/\/1xplayz.com\/es\/de\/#website","url":"https:\/\/1xplayz.com\/es\/de\/","name":"1xPlayz","description":"Tipsters de eSports","publisher":{"@id":"https:\/\/1xplayz.com\/es\/de\/#\/schema\/person\/8eadc1d14ab3326bbc7a655fbfe061cf"},"potentialAction":[{"@type":"SearchAction","target":{"@type":"EntryPoint","urlTemplate":"https:\/\/1xplayz.com\/es\/de\/?s={search_term_string}"},"query-input":{"@type":"PropertyValueSpecification","valueRequired":true,"valueName":"search_term_string"}}],"inLanguage":"es"},{"@type":["Person","Organization"],"@id":"https:\/\/1xplayz.com\/es\/de\/#\/schema\/person\/8eadc1d14ab3326bbc7a655fbfe061cf","name":"1xPlayz","image":{"@type":"ImageObject","inLanguage":"es","@id":"https:\/\/1xplayz.com\/es\/de\/#\/schema\/person\/image\/","url":"https:\/\/1xplayz.com\/wp-content\/uploads\/2021\/07\/1xp.png","contentUrl":"https:\/\/1xplayz.com\/wp-content\/uploads\/2021\/07\/1xp.png","width":500,"height":500,"caption":"1xPlayz"},"logo":{"@id":"https:\/\/1xplayz.com\/es\/de\/#\/schema\/person\/image\/"},"sameAs":["http:\/\/1xplayz.com"]}]}},"_links":{"self":[{"href":"https:\/\/1xplayz.com\/es\/wp-json\/wp\/v2\/pages\/1594","targetHints":{"allow":["GET"]}}],"collection":[{"href":"https:\/\/1xplayz.com\/es\/wp-json\/wp\/v2\/pages"}],"about":[{"href":"https:\/\/1xplayz.com\/es\/wp-json\/wp\/v2\/types\/page"}],"author":[{"embeddable":true,"href":"https:\/\/1xplayz.com\/es\/wp-json\/wp\/v2\/users\/1"}],"replies":[{"embeddable":true,"href":"https:\/\/1xplayz.com\/es\/wp-json\/wp\/v2\/comments?post=1594"}],"version-history":[{"count":7,"href":"https:\/\/1xplayz.com\/es\/wp-json\/wp\/v2\/pages\/1594\/revisions"}],"predecessor-version":[{"id":42298,"href":"https:\/\/1xplayz.com\/es\/wp-json\/wp\/v2\/pages\/1594\/revisions\/42298"}],"wp:attachment":[{"href":"https:\/\/1xplayz.com\/es\/wp-json\/wp\/v2\/media?parent=1594"}],"curies":[{"name":"wp","href":"https:\/\/api.w.org\/{rel}","templated":true}]}}