{"id":2517,"date":"2021-08-04T10:48:04","date_gmt":"2021-08-04T03:48:04","guid":{"rendered":"https:\/\/1xplayz.com\/?page_id=2517"},"modified":"2023-03-07T21:59:15","modified_gmt":"2023-03-07T14:59:15","slug":"pro-league-china","status":"publish","type":"page","link":"https:\/\/1xplayz.com\/es\/league-of-legends\/pro-league-china\/","title":{"rendered":"League of Legends Pro League (LPL) 2023"},"content":{"rendered":"\n<h2 class=\"wp-block-heading\">Predicciones LOL Pro League LPL 2023<\/h2>\n\n\n\n<p>Esta es la predicci\u00f3n del torneo de deportes electr\u00f3nicos de la Liga China de Leyendas Pro (LPL) 2023. Predecimos cada partido para conocer las diferencias en funci\u00f3n del formato de la liga. En la fase de grupos, debe ser solo para el equipo ganador. Para el play off, el partido tiene m\u00e1s opciones de apuestas que predecimos el equipo ganador, los mapas totales y la puntuaci\u00f3n correcta. Todas las predicciones para apostar todos los partidos est\u00e1n en los <a title=\"Calendarios League of Legends Pro League China LPL\" href=\"https:\/\/1xplayz.com\/es\/calendars\/predictions-league-of-legends-pro-league-china\/\">horarios de League of Legends Pro League LPL<\/a>.<\/p>\n\n\n\n<div class=\"sportspress sp-widget-align-none\"><h4 class=\"sp-table-caption\">Predicciones League of Legends Pro League China<\/h4><div class=\"sp-template sp-template-event-blocks\">\n\t<div class=\"sp-table-wrapper\">\n\t\t<table class=\"sp-event-blocks sp-data-table\n\t\t\t\t\t sp-paginated-table\" data-sp-rows=\"5\">\n\t\t\t<thead><tr><th><\/th><\/tr><\/thead> \t\t\t<tbody>\n\t\t\t\t\t\t\t<\/tbody>\n\t\t<\/table>\n\t<\/div>\n\t<div class=\"sp-calendar-link sp-view-all-link\"><a href=\"https:\/\/1xplayz.com\/es\/calendars\/predictions-league-of-legends-pro-league-china\/\">Ver todos los eventos<\/a><\/div><\/div>\n<\/div>\n\n\n\n<a href=\"https:\/\/refpa.top\/L?tag=d_1105835m_97c_&amp;site=1105835&amp;ad=97&amp;r=allgamesentrance\/\" target=\"_blank\" rel=\"nofollow noopener\"><img loading=\"lazy\" decoding=\"async\" src=\"https:\/\/1xplayz.com\/wp-content\/uploads\/2021\/07\/spanish-free-bet-esports-1024x256.jpg\" alt=\"spanish free bet esports\" width=\"800\" height=\"200\" class=\"size-large wp-image-2316\" srcset=\"https:\/\/1xplayz.com\/wp-content\/uploads\/2021\/07\/spanish-free-bet-esports-1024x256.jpg 1024w, https:\/\/1xplayz.com\/wp-content\/uploads\/2021\/07\/spanish-free-bet-esports-300x75.jpg 300w, https:\/\/1xplayz.com\/wp-content\/uploads\/2021\/07\/spanish-free-bet-esports-768x192.jpg 768w, https:\/\/1xplayz.com\/wp-content\/uploads\/2021\/07\/spanish-free-bet-esports-128x32.jpg 128w, https:\/\/1xplayz.com\/wp-content\/uploads\/2021\/07\/spanish-free-bet-esports-32x8.jpg 32w, https:\/\/1xplayz.com\/wp-content\/uploads\/2021\/07\/spanish-free-bet-esports.jpg 1500w\" sizes=\"auto, (max-width: 800px) 100vw, 800px\" \/><\/a>\n\n\n\n<h2 class=\"wp-block-heading\">Acerca de LOL Pro League 2023<\/h2>\n\n\n\n<p>League of Legends Pro League 2023 es la liga de deportes electr\u00f3nicos de nivel principal (S-Tier) de League en China. League of Legends Pro League tiene un nombre corto de LPL. El torneo LOL esport de <strong>Riot Games China<\/strong> se divide en dos formatos, el primero de los cuales es la fase de grupos al que se unen 17 equipos de cinco jugadores. Cada a\u00f1o, LPL tiene dos temporadas de primavera y verano. Cada temporada tiene dos etapas, una fase de grupos y una eliminatoria. El formato de la fase de grupos es <strong>Single Round-Robin<\/strong>. Los 10 mejores equipos de la clasificaci\u00f3n de la liga van a los Playoffs. En estos 10 equipos, los dos primeros equipos se colocan en las semifinales, mientras que los equipos tercero y cuarto se colocan en la \u00faltima ronda de los playoffs. Los equipos del quinto y sexto lugar pasan a la segunda ronda de los playoffs. Para los \u00faltimos equipos del s\u00e9ptimo al d\u00e9cimo en la tabla de la liga deben jugar los playoffs de la primera ronda. Todos los partidos son al mejor de 3 (B03). Los playoffs tienen dos fases; utilizando dos formatos de diferencia. Los playoffs de la fase uno tienen el formato King-of-the-Hill. La fase dos de los Playoffs tiene un formato de doble eliminaci\u00f3n. Todos los partidos son Bo5. El ganador de la LPL Spring se clasifica para el <a title=\"LOL Mid Season Invitational 2022\" href=\"https:\/\/1xplayz.com\/es\/league-of-legends\/mid-season-invitational\/\">League of Legends Mid Season Invitational 2023<\/a>. El LPL Spring 2023 se ubica en cinco ciudades diferentes como Shanghai, Suzhou, Hangzhou, Shenzhen y Xi&#8217;an. Esta primavera, el premio acumulado es de <strong>4.200.000 CNY<\/strong>, es decir, unos <strong>659.304 USD<\/strong>.<\/p>\n\n\n\n<div class=\"sportspress sp-widget-align-none\"><h4 class=\"sp-table-caption\">Results League of Legends Pro League China 2022<\/h4><div class=\"sp-template sp-template-event-blocks\">\n\t<div class=\"sp-table-wrapper\">\n\t\t<table class=\"sp-event-blocks sp-data-table\n\t\t\t\t\t sp-paginated-table\" data-sp-rows=\"5\">\n\t\t\t<thead><tr><th><\/th><\/tr><\/thead> \t\t\t<tbody>\n\t\t\t\t\t\t\t\t\t<tr class=\"sp-row sp-post alternate\" itemscope itemtype=\"http:\/\/schema.org\/SportsEvent\">\n\t\t\t\t\t\t<td>\n\t\t\t\t\t\t\t\t\t\t\t\t\t\t<span class=\"team-logo logo-odd\" title=\"Victory Five\"><a href=\"https:\/\/1xplayz.com\/es\/teams\/victory-five\/\"><img loading=\"lazy\" decoding=\"async\" width=\"128\" height=\"109\" src=\"https:\/\/1xplayz.com\/wp-content\/uploads\/2021\/06\/victory-five-esport-team-128x109.png\" class=\"attachment-sportspress-fit-icon size-sportspress-fit-icon wp-post-image\" alt=\"victory five esports team\" \/><\/a><\/span> <span class=\"team-logo logo-even\" title=\"LNG Esports\"><a href=\"https:\/\/1xplayz.com\/es\/teams\/lng-esports\/\"><img loading=\"lazy\" decoding=\"async\" width=\"128\" height=\"109\" src=\"https:\/\/1xplayz.com\/wp-content\/uploads\/2021\/06\/lng-esports-team-128x109.png\" class=\"attachment-sportspress-fit-icon size-sportspress-fit-icon wp-post-image\" alt=\"lng esports team\" \/><\/a><\/span>\t\t\t\t\t\t\t<time class=\"sp-event-date\" datetime=\"2022-09-03 19:00:48\" itemprop=\"startDate\" content=\"2022-09-03T19:00:48+07:00\">\n\t\t\t\t\t\t\t\t<a href=\"https:\/\/1xplayz.com\/es\/matches\/victory-five-vs-lng-esports-09-03-2022\/\">septiembre 3, 2022<\/a>\t\t\t\t\t\t\t<\/time>\n\t\t\t\t\t\t\t\t\t\t\t\t\t\t<h5 class=\"sp-event-results\">\n\t\t\t\t\t\t\t\t<a href=\"https:\/\/1xplayz.com\/es\/matches\/victory-five-vs-lng-esports-09-03-2022\/\"><span class=\"sp-result ok\">1<\/span> - <span class=\"sp-result\">3<\/span><\/a>\t\t\t\t\t\t\t<\/h5>\n\t\t\t\t\t\t\t\t\t\t\t\t\t\t\t<div class=\"sp-event-league\">LOL Pro League China<\/div>\n\t\t\t\t\t\t\t\t\t\t\t\t\t\t\t\t\t\t\t\t\t\t\t\t\t\t\t\t\t\t<div class=\"sp-event-season\">2022<\/div>\n\t\t\t\t\t\t\t\t\t\t\t\t\t\t\t\t\t\t\t\t\t\t\t\t\t\t\t\t\t\t\t\t\t\t\t\t\t<div style=\"display:none;\" class=\"sp-event-venue\" itemprop=\"location\" itemscope itemtype=\"http:\/\/schema.org\/Place\"><div itemprop=\"address\" itemscope itemtype=\"http:\/\/schema.org\/PostalAddress\">N\/D<\/div><\/div>\n\t\t\t\t\t\t\t\t\t\t\t\t\t\t<h4 class=\"sp-event-title\" itemprop=\"name\">\n\t\t\t\t\t\t\t\t<a href=\"https:\/\/1xplayz.com\/es\/matches\/victory-five-vs-lng-esports-09-03-2022\/\">Victory Five vs LNG Esports<\/a>\t\t\t\t\t\t\t<\/h4>\n\t\t\t\t\t\t\t\n\t\t\t\t\t\t<\/td>\n\t\t\t\t\t<\/tr>\n\t\t\t\t\t\t\t\t\t\t<tr class=\"sp-row sp-post\" itemscope itemtype=\"http:\/\/schema.org\/SportsEvent\">\n\t\t\t\t\t\t<td>\n\t\t\t\t\t\t\t\t\t\t\t\t\t\t<span class=\"team-logo logo-odd\" title=\"Royal Never Give Up\"><a href=\"https:\/\/1xplayz.com\/es\/teams\/royal-never-give-up\/\"><img loading=\"lazy\" decoding=\"async\" width=\"128\" height=\"109\" src=\"https:\/\/1xplayz.com\/wp-content\/uploads\/2021\/06\/rng-esport-team-128x109.png\" class=\"attachment-sportspress-fit-icon size-sportspress-fit-icon wp-post-image\" alt=\"royal never give up rng esports team\" \/><\/a><\/span> <span class=\"team-logo logo-even\" title=\"EDward Gaming\"><a href=\"https:\/\/1xplayz.com\/es\/teams\/edward-gaming\/\"><img loading=\"lazy\" decoding=\"async\" width=\"128\" height=\"109\" src=\"https:\/\/1xplayz.com\/wp-content\/uploads\/2021\/06\/Edward-Gaming-esports-team-128x109.png\" class=\"attachment-sportspress-fit-icon size-sportspress-fit-icon wp-post-image\" alt=\"Edward Gaming esports team\" \/><\/a><\/span>\t\t\t\t\t\t\t<time class=\"sp-event-date\" datetime=\"2022-09-02 19:00:48\" itemprop=\"startDate\" content=\"2022-09-02T19:00:48+07:00\">\n\t\t\t\t\t\t\t\t<a href=\"https:\/\/1xplayz.com\/es\/matches\/royal-never-give-up-vs-edward-gaming-09-02-2022\/\">septiembre 2, 2022<\/a>\t\t\t\t\t\t\t<\/time>\n\t\t\t\t\t\t\t\t\t\t\t\t\t\t<h5 class=\"sp-event-results\">\n\t\t\t\t\t\t\t\t<a href=\"https:\/\/1xplayz.com\/es\/matches\/royal-never-give-up-vs-edward-gaming-09-02-2022\/\"><span class=\"sp-result ok\">2<\/span> - <span class=\"sp-result\">3<\/span><\/a>\t\t\t\t\t\t\t<\/h5>\n\t\t\t\t\t\t\t\t\t\t\t\t\t\t\t<div class=\"sp-event-league\">LOL Pro League China<\/div>\n\t\t\t\t\t\t\t\t\t\t\t\t\t\t\t\t\t\t\t\t\t\t\t\t\t\t\t\t\t\t<div class=\"sp-event-season\">2022<\/div>\n\t\t\t\t\t\t\t\t\t\t\t\t\t\t\t\t\t\t\t\t\t\t\t\t\t\t\t\t\t\t\t\t\t\t\t\t\t<div style=\"display:none;\" class=\"sp-event-venue\" itemprop=\"location\" itemscope itemtype=\"http:\/\/schema.org\/Place\"><div itemprop=\"address\" itemscope itemtype=\"http:\/\/schema.org\/PostalAddress\">N\/D<\/div><\/div>\n\t\t\t\t\t\t\t\t\t\t\t\t\t\t<h4 class=\"sp-event-title\" itemprop=\"name\">\n\t\t\t\t\t\t\t\t<a href=\"https:\/\/1xplayz.com\/es\/matches\/royal-never-give-up-vs-edward-gaming-09-02-2022\/\">Royal Never Give Up vs EDward Gaming<\/a>\t\t\t\t\t\t\t<\/h4>\n\t\t\t\t\t\t\t\n\t\t\t\t\t\t<\/td>\n\t\t\t\t\t<\/tr>\n\t\t\t\t\t\t\t\t\t\t<tr class=\"sp-row sp-post alternate\" itemscope itemtype=\"http:\/\/schema.org\/SportsEvent\">\n\t\t\t\t\t\t<td>\n\t\t\t\t\t\t\t\t\t\t\t\t\t\t<span class=\"team-logo logo-odd\" title=\"JD Gaming\"><a href=\"https:\/\/1xplayz.com\/es\/teams\/jd-gaming\/\"><img loading=\"lazy\" decoding=\"async\" width=\"128\" height=\"109\" src=\"https:\/\/1xplayz.com\/wp-content\/uploads\/2021\/06\/jd-gaming-esport-team-128x109.png\" class=\"attachment-sportspress-fit-icon size-sportspress-fit-icon wp-post-image\" alt=\"jd gaming esport team\" \/><\/a><\/span> <span class=\"team-logo logo-even\" title=\"Top Esports\"><a href=\"https:\/\/1xplayz.com\/es\/teams\/top-esports\/\"><img loading=\"lazy\" decoding=\"async\" width=\"128\" height=\"109\" src=\"https:\/\/1xplayz.com\/wp-content\/uploads\/2021\/06\/Top-Esports-logo-1-128x109.png\" class=\"attachment-sportspress-fit-icon size-sportspress-fit-icon wp-post-image\" alt=\"Top Esports logo\" \/><\/a><\/span>\t\t\t\t\t\t\t<time class=\"sp-event-date\" datetime=\"2022-09-01 19:00:47\" itemprop=\"startDate\" content=\"2022-09-01T19:00:47+07:00\">\n\t\t\t\t\t\t\t\t<a href=\"https:\/\/1xplayz.com\/es\/matches\/jd-gaming-vs-top-esports-09-01-2022\/\">septiembre 1, 2022<\/a>\t\t\t\t\t\t\t<\/time>\n\t\t\t\t\t\t\t\t\t\t\t\t\t\t<h5 class=\"sp-event-results\">\n\t\t\t\t\t\t\t\t<a href=\"https:\/\/1xplayz.com\/es\/matches\/jd-gaming-vs-top-esports-09-01-2022\/\"><span class=\"sp-result ok\">3<\/span> - <span class=\"sp-result\">2<\/span><\/a>\t\t\t\t\t\t\t<\/h5>\n\t\t\t\t\t\t\t\t\t\t\t\t\t\t\t<div class=\"sp-event-league\">LOL Pro League China<\/div>\n\t\t\t\t\t\t\t\t\t\t\t\t\t\t\t\t\t\t\t\t\t\t\t\t\t\t\t\t\t\t<div class=\"sp-event-season\">2022<\/div>\n\t\t\t\t\t\t\t\t\t\t\t\t\t\t\t\t\t\t\t\t\t\t\t\t\t\t\t\t\t\t\t\t\t\t\t\t\t<div style=\"display:none;\" class=\"sp-event-venue\" itemprop=\"location\" itemscope itemtype=\"http:\/\/schema.org\/Place\"><div itemprop=\"address\" itemscope itemtype=\"http:\/\/schema.org\/PostalAddress\">N\/D<\/div><\/div>\n\t\t\t\t\t\t\t\t\t\t\t\t\t\t<h4 class=\"sp-event-title\" itemprop=\"name\">\n\t\t\t\t\t\t\t\t<a href=\"https:\/\/1xplayz.com\/es\/matches\/jd-gaming-vs-top-esports-09-01-2022\/\">JD Gaming vs Top Esports<\/a>\t\t\t\t\t\t\t<\/h4>\n\t\t\t\t\t\t\t\n\t\t\t\t\t\t<\/td>\n\t\t\t\t\t<\/tr>\n\t\t\t\t\t\t\t\t<\/tbody>\n\t\t<\/table>\n\t<\/div>\n\t<div class=\"sp-calendar-link sp-view-all-link\"><a href=\"https:\/\/1xplayz.com\/es\/calendars\/league-of-legends-pro-league-china-2022\/\">Ver todos los eventos<\/a><\/div><\/div>\n<\/div>\n\n\n\n<h3 class=\"wp-block-heading\">Sitios de apuestas LOL Pro League China 2023<\/h3>\n\n\n\n<p>Sitios de ap\u00bfD\u00f3nde puedo apostar League of Legends Pro League (LPL) 2023? El mejor sitio de apuestas en l\u00ednea para LPL y otros torneos de deportes electr\u00f3nicos es <strong><a href=\"https:\/\/refpa.top\/L?tag=d_1105835m_97c_&amp;site=1105835&amp;ad=97&amp;r=allgamesentrance\/\" target=\"_blank\" rel=\"noreferrer noopener\">1xbet.com<\/a><\/strong>. Este sitio web tiene un bono de registro muy bueno con recompensas y promoci\u00f3n de devoluci\u00f3n de dinero que si pierde dinero en la apuesta regresar\u00e1. <strong><a href=\"https:\/\/refpa.top\/L?tag=d_1105835m_97c_&amp;site=1105835&amp;ad=97&amp;r=bonus\/\" target=\"_blank\" rel=\"noreferrer noopener\">1xb<\/a><a href=\"https:\/\/refpa.top\/L?tag=d_1105835m_97c_&amp;site=1105835&amp;ad=97&amp;r=allgamesentrance\/\" target=\"_blank\" rel=\"noreferrer noopener\">e<\/a><a href=\"http:\/\/refpa.top\/L?tag=d_60645m_97c_&amp;site=60645&amp;ad=97&amp;r=sports\/\" target=\"_blank\" rel=\"noreferrer noopener\">t<\/a><\/strong> es la mejor opci\u00f3n para apuestas de deportes electr\u00f3nicos y juegos electr\u00f3nicos. Este sitio web est\u00e1 muy bien dise\u00f1ado en varios idiomas, admite la mayor\u00eda de las monedas con promociones para miembros.<\/p>\n\n\n\n<h3 class=\"wp-block-heading\">Transmisi\u00f3n en vivo LOL Pro League 2023<\/h3>\n\n\n\n<p>La transmisi\u00f3n en vivo de League of Legends Pro League China 2023 se realizar\u00e1 a trav\u00e9s de los sitios oficiales, el canal de televisi\u00f3n chino local y la <a href=\"https:\/\/refpa.top\/L?tag=d_1105835m_97c_&amp;site=1105835&amp;ad=97&amp;r=live\/Esports\/\" target=\"_blank\" rel=\"noreferrer noopener\">1XBET<\/a>. \u00bfC\u00f3mo ver los partidos de la LPL? Simplemente, registre una cuenta por <a href=\"https:\/\/refpa.top\/L?tag=d_1105835m_97c_&amp;site=1105835&amp;ad=97&amp;r=live\/Esports\/\" target=\"_blank\" rel=\"noreferrer noopener\">este enlace<\/a>, complete la informaci\u00f3n de los requisitos y haga clic en los partidos que desea ver.<\/p>\n","protected":false},"excerpt":{"rendered":"<div class=\"mh-excerpt\"><p>Predicciones LOL Pro League LPL 2023 Esta es la predicci\u00f3n del torneo de deportes electr\u00f3nicos de la Liga China de Leyendas Pro (LPL) 2023. Predecimos <a class=\"mh-excerpt-more\" href=\"https:\/\/1xplayz.com\/es\/league-of-legends\/pro-league-china\/\" title=\"League of Legends Pro League (LPL) 2023\">[&#8230;]<\/a><\/p>\n<\/div>","protected":false},"author":1,"featured_media":0,"parent":1594,"menu_order":0,"comment_status":"closed","ping_status":"closed","template":"","meta":{"footnotes":""},"class_list":["post-2517","page","type-page","status-publish","hentry"],"yoast_head":"<!-- This site is optimized with the Yoast SEO plugin v26.6 - https:\/\/yoast.com\/wordpress\/plugins\/seo\/ -->\n<title>League of Legends Pro League (LPL) 2023 - Tipsters de eSports - 1xPlayz<\/title>\n<meta name=\"description\" content=\"Predicciones LOL Pro League LPL 2023 Esta es la predicci\u00f3n del torneo de deportes electr\u00f3nicos de la Liga China de Leyendas Pro (LPL) 2023. Predecimos\" \/>\n<meta name=\"robots\" content=\"index, follow, max-snippet:-1, max-image-preview:large, max-video-preview:-1\" \/>\n<link rel=\"canonical\" href=\"https:\/\/1xplayz.com\/es\/league-of-legends\/pro-league-china\/\" \/>\n<meta property=\"og:locale\" content=\"es_ES\" \/>\n<meta property=\"og:type\" content=\"article\" \/>\n<meta property=\"og:title\" content=\"League of Legends Pro League (LPL) 2023 - Tipsters de eSports - 1xPlayz\" \/>\n<meta property=\"og:description\" content=\"Predicciones LOL Pro League LPL 2023 Esta es la predicci\u00f3n del torneo de deportes electr\u00f3nicos de la Liga China de Leyendas Pro (LPL) 2023. Predecimos\" \/>\n<meta property=\"og:url\" content=\"https:\/\/1xplayz.com\/es\/league-of-legends\/pro-league-china\/\" \/>\n<meta property=\"og:site_name\" content=\"1xPlayz\" \/>\n<meta property=\"article:modified_time\" content=\"2023-03-07T14:59:15+00:00\" \/>\n<meta property=\"og:image\" content=\"https:\/\/1xplayz.com\/wp-content\/uploads\/2021\/07\/spanish-free-bet-esports-1024x256.jpg\" \/>\n<meta name=\"twitter:card\" content=\"summary_large_image\" \/>\n<meta name=\"twitter:label1\" content=\"Tiempo de lectura\" \/>\n\t<meta name=\"twitter:data1\" content=\"3 minutos\" \/>\n<script type=\"application\/ld+json\" class=\"yoast-schema-graph\">{\"@context\":\"https:\/\/schema.org\",\"@graph\":[{\"@type\":\"WebPage\",\"@id\":\"https:\/\/1xplayz.com\/es\/league-of-legends\/pro-league-china\/\",\"url\":\"https:\/\/1xplayz.com\/es\/league-of-legends\/pro-league-china\/\",\"name\":\"League of Legends Pro League (LPL) 2023 - Tipsters de eSports - 1xPlayz\",\"isPartOf\":{\"@id\":\"https:\/\/1xplayz.com\/es\/de\/#website\"},\"primaryImageOfPage\":{\"@id\":\"https:\/\/1xplayz.com\/es\/league-of-legends\/pro-league-china\/#primaryimage\"},\"image\":{\"@id\":\"https:\/\/1xplayz.com\/es\/league-of-legends\/pro-league-china\/#primaryimage\"},\"thumbnailUrl\":\"https:\/\/1xplayz.com\/wp-content\/uploads\/2021\/07\/spanish-free-bet-esports-1024x256.jpg\",\"datePublished\":\"2021-08-04T03:48:04+00:00\",\"dateModified\":\"2023-03-07T14:59:15+00:00\",\"description\":\"Predicciones LOL Pro League LPL 2023 Esta es la predicci\u00f3n del torneo de deportes electr\u00f3nicos de la Liga China de Leyendas Pro (LPL) 2023. Predecimos\",\"breadcrumb\":{\"@id\":\"https:\/\/1xplayz.com\/es\/league-of-legends\/pro-league-china\/#breadcrumb\"},\"inLanguage\":\"es\",\"potentialAction\":[{\"@type\":\"ReadAction\",\"target\":[\"https:\/\/1xplayz.com\/es\/league-of-legends\/pro-league-china\/\"]}]},{\"@type\":\"ImageObject\",\"inLanguage\":\"es\",\"@id\":\"https:\/\/1xplayz.com\/es\/league-of-legends\/pro-league-china\/#primaryimage\",\"url\":\"https:\/\/1xplayz.com\/wp-content\/uploads\/2021\/07\/spanish-free-bet-esports-1024x256.jpg\",\"contentUrl\":\"https:\/\/1xplayz.com\/wp-content\/uploads\/2021\/07\/spanish-free-bet-esports-1024x256.jpg\"},{\"@type\":\"BreadcrumbList\",\"@id\":\"https:\/\/1xplayz.com\/es\/league-of-legends\/pro-league-china\/#breadcrumb\",\"itemListElement\":[{\"@type\":\"ListItem\",\"position\":1,\"name\":\"Home\",\"item\":\"https:\/\/1xplayz.com\/es\/\"},{\"@type\":\"ListItem\",\"position\":2,\"name\":\"Predicciones de League of Legends 2023\",\"item\":\"https:\/\/1xplayz.com\/es\/league-of-legends\/\"},{\"@type\":\"ListItem\",\"position\":3,\"name\":\"League of Legends Pro League (LPL) 2023\"}]},{\"@type\":\"WebSite\",\"@id\":\"https:\/\/1xplayz.com\/es\/de\/#website\",\"url\":\"https:\/\/1xplayz.com\/es\/de\/\",\"name\":\"1xPlayz\",\"description\":\"Tipsters de eSports\",\"publisher\":{\"@id\":\"https:\/\/1xplayz.com\/es\/de\/#\/schema\/person\/8eadc1d14ab3326bbc7a655fbfe061cf\"},\"potentialAction\":[{\"@type\":\"SearchAction\",\"target\":{\"@type\":\"EntryPoint\",\"urlTemplate\":\"https:\/\/1xplayz.com\/es\/de\/?s={search_term_string}\"},\"query-input\":{\"@type\":\"PropertyValueSpecification\",\"valueRequired\":true,\"valueName\":\"search_term_string\"}}],\"inLanguage\":\"es\"},{\"@type\":[\"Person\",\"Organization\"],\"@id\":\"https:\/\/1xplayz.com\/es\/de\/#\/schema\/person\/8eadc1d14ab3326bbc7a655fbfe061cf\",\"name\":\"1xPlayz\",\"image\":{\"@type\":\"ImageObject\",\"inLanguage\":\"es\",\"@id\":\"https:\/\/1xplayz.com\/es\/de\/#\/schema\/person\/image\/\",\"url\":\"https:\/\/1xplayz.com\/wp-content\/uploads\/2021\/07\/1xp.png\",\"contentUrl\":\"https:\/\/1xplayz.com\/wp-content\/uploads\/2021\/07\/1xp.png\",\"width\":500,\"height\":500,\"caption\":\"1xPlayz\"},\"logo\":{\"@id\":\"https:\/\/1xplayz.com\/es\/de\/#\/schema\/person\/image\/\"},\"sameAs\":[\"http:\/\/1xplayz.com\"]}]}<\/script>\n<!-- \/ Yoast SEO plugin. -->","yoast_head_json":{"title":"League of Legends Pro League (LPL) 2023 - Tipsters de eSports - 1xPlayz","description":"Predicciones LOL Pro League LPL 2023 Esta es la predicci\u00f3n del torneo de deportes electr\u00f3nicos de la Liga China de Leyendas Pro (LPL) 2023. Predecimos","robots":{"index":"index","follow":"follow","max-snippet":"max-snippet:-1","max-image-preview":"max-image-preview:large","max-video-preview":"max-video-preview:-1"},"canonical":"https:\/\/1xplayz.com\/es\/league-of-legends\/pro-league-china\/","og_locale":"es_ES","og_type":"article","og_title":"League of Legends Pro League (LPL) 2023 - Tipsters de eSports - 1xPlayz","og_description":"Predicciones LOL Pro League LPL 2023 Esta es la predicci\u00f3n del torneo de deportes electr\u00f3nicos de la Liga China de Leyendas Pro (LPL) 2023. Predecimos","og_url":"https:\/\/1xplayz.com\/es\/league-of-legends\/pro-league-china\/","og_site_name":"1xPlayz","article_modified_time":"2023-03-07T14:59:15+00:00","og_image":[{"url":"https:\/\/1xplayz.com\/wp-content\/uploads\/2021\/07\/spanish-free-bet-esports-1024x256.jpg","type":"","width":"","height":""}],"twitter_card":"summary_large_image","twitter_misc":{"Tiempo de lectura":"3 minutos"},"schema":{"@context":"https:\/\/schema.org","@graph":[{"@type":"WebPage","@id":"https:\/\/1xplayz.com\/es\/league-of-legends\/pro-league-china\/","url":"https:\/\/1xplayz.com\/es\/league-of-legends\/pro-league-china\/","name":"League of Legends Pro League (LPL) 2023 - Tipsters de eSports - 1xPlayz","isPartOf":{"@id":"https:\/\/1xplayz.com\/es\/de\/#website"},"primaryImageOfPage":{"@id":"https:\/\/1xplayz.com\/es\/league-of-legends\/pro-league-china\/#primaryimage"},"image":{"@id":"https:\/\/1xplayz.com\/es\/league-of-legends\/pro-league-china\/#primaryimage"},"thumbnailUrl":"https:\/\/1xplayz.com\/wp-content\/uploads\/2021\/07\/spanish-free-bet-esports-1024x256.jpg","datePublished":"2021-08-04T03:48:04+00:00","dateModified":"2023-03-07T14:59:15+00:00","description":"Predicciones LOL Pro League LPL 2023 Esta es la predicci\u00f3n del torneo de deportes electr\u00f3nicos de la Liga China de Leyendas Pro (LPL) 2023. Predecimos","breadcrumb":{"@id":"https:\/\/1xplayz.com\/es\/league-of-legends\/pro-league-china\/#breadcrumb"},"inLanguage":"es","potentialAction":[{"@type":"ReadAction","target":["https:\/\/1xplayz.com\/es\/league-of-legends\/pro-league-china\/"]}]},{"@type":"ImageObject","inLanguage":"es","@id":"https:\/\/1xplayz.com\/es\/league-of-legends\/pro-league-china\/#primaryimage","url":"https:\/\/1xplayz.com\/wp-content\/uploads\/2021\/07\/spanish-free-bet-esports-1024x256.jpg","contentUrl":"https:\/\/1xplayz.com\/wp-content\/uploads\/2021\/07\/spanish-free-bet-esports-1024x256.jpg"},{"@type":"BreadcrumbList","@id":"https:\/\/1xplayz.com\/es\/league-of-legends\/pro-league-china\/#breadcrumb","itemListElement":[{"@type":"ListItem","position":1,"name":"Home","item":"https:\/\/1xplayz.com\/es\/"},{"@type":"ListItem","position":2,"name":"Predicciones de League of Legends 2023","item":"https:\/\/1xplayz.com\/es\/league-of-legends\/"},{"@type":"ListItem","position":3,"name":"League of Legends Pro League (LPL) 2023"}]},{"@type":"WebSite","@id":"https:\/\/1xplayz.com\/es\/de\/#website","url":"https:\/\/1xplayz.com\/es\/de\/","name":"1xPlayz","description":"Tipsters de eSports","publisher":{"@id":"https:\/\/1xplayz.com\/es\/de\/#\/schema\/person\/8eadc1d14ab3326bbc7a655fbfe061cf"},"potentialAction":[{"@type":"SearchAction","target":{"@type":"EntryPoint","urlTemplate":"https:\/\/1xplayz.com\/es\/de\/?s={search_term_string}"},"query-input":{"@type":"PropertyValueSpecification","valueRequired":true,"valueName":"search_term_string"}}],"inLanguage":"es"},{"@type":["Person","Organization"],"@id":"https:\/\/1xplayz.com\/es\/de\/#\/schema\/person\/8eadc1d14ab3326bbc7a655fbfe061cf","name":"1xPlayz","image":{"@type":"ImageObject","inLanguage":"es","@id":"https:\/\/1xplayz.com\/es\/de\/#\/schema\/person\/image\/","url":"https:\/\/1xplayz.com\/wp-content\/uploads\/2021\/07\/1xp.png","contentUrl":"https:\/\/1xplayz.com\/wp-content\/uploads\/2021\/07\/1xp.png","width":500,"height":500,"caption":"1xPlayz"},"logo":{"@id":"https:\/\/1xplayz.com\/es\/de\/#\/schema\/person\/image\/"},"sameAs":["http:\/\/1xplayz.com"]}]}},"_links":{"self":[{"href":"https:\/\/1xplayz.com\/es\/wp-json\/wp\/v2\/pages\/2517","targetHints":{"allow":["GET"]}}],"collection":[{"href":"https:\/\/1xplayz.com\/es\/wp-json\/wp\/v2\/pages"}],"about":[{"href":"https:\/\/1xplayz.com\/es\/wp-json\/wp\/v2\/types\/page"}],"author":[{"embeddable":true,"href":"https:\/\/1xplayz.com\/es\/wp-json\/wp\/v2\/users\/1"}],"replies":[{"embeddable":true,"href":"https:\/\/1xplayz.com\/es\/wp-json\/wp\/v2\/comments?post=2517"}],"version-history":[{"count":13,"href":"https:\/\/1xplayz.com\/es\/wp-json\/wp\/v2\/pages\/2517\/revisions"}],"predecessor-version":[{"id":42367,"href":"https:\/\/1xplayz.com\/es\/wp-json\/wp\/v2\/pages\/2517\/revisions\/42367"}],"up":[{"embeddable":true,"href":"https:\/\/1xplayz.com\/es\/wp-json\/wp\/v2\/pages\/1594"}],"wp:attachment":[{"href":"https:\/\/1xplayz.com\/es\/wp-json\/wp\/v2\/media?parent=2517"}],"curies":[{"name":"wp","href":"https:\/\/api.w.org\/{rel}","templated":true}]}}