{"id":29834,"date":"2022-11-19T16:37:49","date_gmt":"2022-11-19T09:37:49","guid":{"rendered":"https:\/\/1xplayz.com\/?page_id=29834"},"modified":"2022-12-02T22:18:52","modified_gmt":"2022-12-02T15:18:52","slug":"1xbet","status":"publish","type":"page","link":"https:\/\/1xplayz.com\/es\/esports-bookies\/1xbet\/","title":{"rendered":"Casa de apuestas 1XBET ESPORT"},"content":{"rendered":"\n<p>\u00bfSabes que tambi\u00e9n puedes apostar en partidos de eSports? <strong>1XBET<\/strong> es un sitio web de apuestas en l\u00ednea que tiene una amplia gama de deportes electr\u00f3nicos y mercados de apuestas de deportes visuales. Este es uno de los principales sitios de apuestas de eSports que tiene todo tipo de torneos de eSports que puedas imaginar. Esta empresa fue fundada en 2007 y tiene licencia de Caracau, Chipre. El sitio tiene apuestas deportivas, apuestas de deportes electr\u00f3nicos, casino y 1xgames. Es bien conocido por sus bonos, probabilidades en vivo, varias opciones de retiro, \u00e1rea de casino, versi\u00f3n m\u00f3vil. <a href=\"https:\/\/refpa.top\/L?tag=d_1105835m_97c_&amp;site=1105835&amp;ad=97&amp;r=bonus\/\" target=\"_blank\" rel=\"nofollow noopener\">1xbet.com<\/a> no se trata solo de apuestas de deportes electr\u00f3nicos, cubre casi todos los deportes, casino, loter\u00eda, bingo, finanzas.<\/p>\n\n\n\n<figure class=\"wp-block-image size-large\"><img loading=\"lazy\" decoding=\"async\" width=\"1024\" height=\"570\" src=\"https:\/\/1xplayz.com\/wp-content\/uploads\/2022\/12\/1xbet-es-esports-bookies-1024x570.png\" alt=\"\" class=\"wp-image-41880\" srcset=\"https:\/\/1xplayz.com\/wp-content\/uploads\/2022\/12\/1xbet-es-esports-bookies-1024x570.png 1024w, https:\/\/1xplayz.com\/wp-content\/uploads\/2022\/12\/1xbet-es-esports-bookies-300x167.png 300w, https:\/\/1xplayz.com\/wp-content\/uploads\/2022\/12\/1xbet-es-esports-bookies-768x427.png 768w, https:\/\/1xplayz.com\/wp-content\/uploads\/2022\/12\/1xbet-es-esports-bookies-1536x855.png 1536w, https:\/\/1xplayz.com\/wp-content\/uploads\/2022\/12\/1xbet-es-esports-bookies-2048x1140.png 2048w, https:\/\/1xplayz.com\/wp-content\/uploads\/2022\/12\/1xbet-es-esports-bookies-128x71.png 128w, https:\/\/1xplayz.com\/wp-content\/uploads\/2022\/12\/1xbet-es-esports-bookies-32x18.png 32w\" sizes=\"auto, (max-width: 1024px) 100vw, 1024px\" \/><\/figure>\n\n\n\n<h2 class=\"wp-block-heading\">\u00bfC\u00f3mo registrarse en 1xBet?<\/h2>\n\n\n\n<p>Crear una cuenta con <a href=\"https:\/\/refpa.top\/L?tag=d_1105835m_97c_&amp;site=1105835&amp;ad=97&amp;r=bonus\/\" target=\"_blank\" rel=\"nofollow noopener\">1xBET<\/a> es bastante r\u00e1pido y f\u00e1cil. Para registrarse, necesita un n\u00famero de tel\u00e9fono y\/o un correo electr\u00f3nico, o un perfil de redes sociales. Recuerde poner informaci\u00f3n real sobre usted en su nuevo perfil de cuenta 1xBet. Es importante para su uso futuro depositar y retirar dinero de su cuenta. Entonces, \u00bfc\u00f3mo obtener una cuenta de 1XBET? Hay formas m\u00e1s r\u00e1pidas de crear una cuenta que puede encontrar a continuaci\u00f3n.<\/p>\n\n\n\n<h3 class=\"wp-block-heading\">Reg\u00edstrese en 1xBET con un solo clic<\/h3>\n\n\n\n<p>La primera opci\u00f3n para registrar una nueva cuenta es el registro con un solo clic. Aqu\u00ed, la informaci\u00f3n necesaria es su pa\u00eds de residencia y la moneda, luego haga clic en &#8216;Registrarse&#8217;. En este m\u00e9todo, se le dar\u00e1 un nombre de usuario y una contrase\u00f1a. Luego, debe ingresar su informaci\u00f3n personal en su cuenta m\u00e1s tarde.<\/p>\n\n\n\n<figure class=\"wp-block-image size-large\"><img loading=\"lazy\" decoding=\"async\" width=\"1024\" height=\"495\" src=\"https:\/\/1xplayz.com\/wp-content\/uploads\/2022\/12\/registrarse-1xbet-unn-clic-1024x495.png\" alt=\"\" class=\"wp-image-41890\" srcset=\"https:\/\/1xplayz.com\/wp-content\/uploads\/2022\/12\/registrarse-1xbet-unn-clic-1024x495.png 1024w, https:\/\/1xplayz.com\/wp-content\/uploads\/2022\/12\/registrarse-1xbet-unn-clic-300x145.png 300w, https:\/\/1xplayz.com\/wp-content\/uploads\/2022\/12\/registrarse-1xbet-unn-clic-768x371.png 768w, https:\/\/1xplayz.com\/wp-content\/uploads\/2022\/12\/registrarse-1xbet-unn-clic-1536x743.png 1536w, https:\/\/1xplayz.com\/wp-content\/uploads\/2022\/12\/registrarse-1xbet-unn-clic-2048x991.png 2048w, https:\/\/1xplayz.com\/wp-content\/uploads\/2022\/12\/registrarse-1xbet-unn-clic-128x62.png 128w, https:\/\/1xplayz.com\/wp-content\/uploads\/2022\/12\/registrarse-1xbet-unn-clic-32x15.png 32w\" sizes=\"auto, (max-width: 1024px) 100vw, 1024px\" \/><\/figure>\n\n\n\n<h3 class=\"wp-block-heading\">Reg\u00edstrese en 1xBET por n\u00famero de tel\u00e9fono<\/h3>\n\n\n\n<p>Aqu\u00ed, necesita su n\u00famero de tel\u00e9fono en uso y su moneda preferida. Despu\u00e9s, recibir\u00e1 un mensaje por tel\u00e9fono para confirmar su registro.<\/p>\n\n\n\n<figure class=\"wp-block-image size-large\"><img loading=\"lazy\" decoding=\"async\" width=\"1024\" height=\"515\" src=\"https:\/\/1xplayz.com\/wp-content\/uploads\/2022\/12\/registrarse-1xbet-por-telefono-1024x515.png\" alt=\"\" class=\"wp-image-41899\" srcset=\"https:\/\/1xplayz.com\/wp-content\/uploads\/2022\/12\/registrarse-1xbet-por-telefono-1024x515.png 1024w, https:\/\/1xplayz.com\/wp-content\/uploads\/2022\/12\/registrarse-1xbet-por-telefono-300x151.png 300w, https:\/\/1xplayz.com\/wp-content\/uploads\/2022\/12\/registrarse-1xbet-por-telefono-768x387.png 768w, https:\/\/1xplayz.com\/wp-content\/uploads\/2022\/12\/registrarse-1xbet-por-telefono-1536x773.png 1536w, https:\/\/1xplayz.com\/wp-content\/uploads\/2022\/12\/registrarse-1xbet-por-telefono-2048x1031.png 2048w, https:\/\/1xplayz.com\/wp-content\/uploads\/2022\/12\/registrarse-1xbet-por-telefono-128x64.png 128w, https:\/\/1xplayz.com\/wp-content\/uploads\/2022\/12\/registrarse-1xbet-por-telefono-32x16.png 32w\" sizes=\"auto, (max-width: 1024px) 100vw, 1024px\" \/><\/figure>\n\n\n\n<h3 class=\"wp-block-heading\">Registrar 1xBET por correo electr\u00f3nico<\/h3>\n\n\n\n<p>El registro de correo electr\u00f3nico es un campo un poco m\u00e1s para completar, pero una vez que est\u00e1 completo, su cuenta est\u00e1 casi completa. No olvide revisar su correo electr\u00f3nico y finalizar el registro, siga las instrucciones.<\/p>\n\n\n\n<figure class=\"wp-block-image size-large\"><img loading=\"lazy\" decoding=\"async\" width=\"1024\" height=\"648\" src=\"https:\/\/1xplayz.com\/wp-content\/uploads\/2022\/12\/registrarse-1xbet-por-e-mail-1024x648.png\" alt=\"\" class=\"wp-image-41908\" srcset=\"https:\/\/1xplayz.com\/wp-content\/uploads\/2022\/12\/registrarse-1xbet-por-e-mail-1024x648.png 1024w, https:\/\/1xplayz.com\/wp-content\/uploads\/2022\/12\/registrarse-1xbet-por-e-mail-300x190.png 300w, https:\/\/1xplayz.com\/wp-content\/uploads\/2022\/12\/registrarse-1xbet-por-e-mail-768x486.png 768w, https:\/\/1xplayz.com\/wp-content\/uploads\/2022\/12\/registrarse-1xbet-por-e-mail-1536x972.png 1536w, https:\/\/1xplayz.com\/wp-content\/uploads\/2022\/12\/registrarse-1xbet-por-e-mail-2048x1296.png 2048w, https:\/\/1xplayz.com\/wp-content\/uploads\/2022\/12\/registrarse-1xbet-por-e-mail-128x81.png 128w, https:\/\/1xplayz.com\/wp-content\/uploads\/2022\/12\/registrarse-1xbet-por-e-mail-32x20.png 32w\" sizes=\"auto, (max-width: 1024px) 100vw, 1024px\" \/><\/figure>\n\n\n\n<h3 class=\"wp-block-heading\">Registro 1xBET por red social<\/h3>\n\n\n\n<p>La \u00faltima opci\u00f3n para registrarse es por redes sociales como Yandex, Telegram, Vkontakte, Mail.ru, Odnoklassniki, Gmail y Facebook. Esto significa que simplemente selecciona su moneda y pa\u00eds y elige qu\u00e9 cuenta social vincula a su 1xbet.<br>Seg\u00fan la opci\u00f3n que elija, de cualquier manera deber\u00e1 completar su perfil completo.<\/p>\n\n\n\n<figure class=\"wp-block-image size-large\"><img loading=\"lazy\" decoding=\"async\" width=\"1024\" height=\"481\" src=\"https:\/\/1xplayz.com\/wp-content\/uploads\/2022\/12\/registrare-redes-sociales-y-mensajeria-1024x481.png\" alt=\"\" class=\"wp-image-41917\" srcset=\"https:\/\/1xplayz.com\/wp-content\/uploads\/2022\/12\/registrare-redes-sociales-y-mensajeria-1024x481.png 1024w, https:\/\/1xplayz.com\/wp-content\/uploads\/2022\/12\/registrare-redes-sociales-y-mensajeria-300x141.png 300w, https:\/\/1xplayz.com\/wp-content\/uploads\/2022\/12\/registrare-redes-sociales-y-mensajeria-768x361.png 768w, https:\/\/1xplayz.com\/wp-content\/uploads\/2022\/12\/registrare-redes-sociales-y-mensajeria-1536x722.png 1536w, https:\/\/1xplayz.com\/wp-content\/uploads\/2022\/12\/registrare-redes-sociales-y-mensajeria-2048x962.png 2048w, https:\/\/1xplayz.com\/wp-content\/uploads\/2022\/12\/registrare-redes-sociales-y-mensajeria-128x60.png 128w, https:\/\/1xplayz.com\/wp-content\/uploads\/2022\/12\/registrare-redes-sociales-y-mensajeria-32x15.png 32w\" sizes=\"auto, (max-width: 1024px) 100vw, 1024px\" \/><\/figure>\n\n\n\n<h2 class=\"wp-block-heading\">M\u00e9todos de pago para apostar en 1xBet<\/h2>\n\n\n\n<p>1xBet tiene m\u00e1s de 80 m\u00e9todos de pago disponibles para depositar y retirar en las cuentas de los miembros. Sin embargo, estas opciones de pago pueden ser diferentes de un pa\u00eds a otro. Encontrar\u00e1 los m\u00e9todos de pago m\u00e1s b\u00e1sicos disponibles:<\/p>\n\n\n\n<ul class=\"wp-block-list\">\n<li>VisaCard\/MasterCard<\/li>\n\n\n\n<li>Payeer<\/li>\n\n\n\n<li>Perfect Money<\/li>\n\n\n\n<li>Transferencia bancaria local<\/li>\n\n\n\n<li>Tarjeta Paysafe<\/li>\n\n\n\n<li>Bitcoin<\/li>\n\n\n\n<li>y m\u00e1s tipo de Cryptos<\/li>\n<\/ul>\n\n\n\n<h2 class=\"wp-block-heading\">\u00bfQu\u00e9 tipos de deportes se pueden apostar en 1xBet?<\/h2>\n\n\n\n<p>Algunos eventos deportivos espec\u00edficos pueden variar seg\u00fan la regi\u00f3n, pero encontrar\u00e1 estos deportes\/categor\u00edas para apostar durante todo el a\u00f1o: esqu\u00ed alpino, f\u00fatbol americano, atletismo, premios, b\u00e1dminton, baloncesto, voleibol de playa, biatl\u00f3n, boxeo, ajedrez, cr\u00edquet, Ciclismo, Dardos, Entretenimiento, eSports, Hockey sobre hierba, Floorball, F\u00fatbol, \u200b\u200bF\u00f3rmula 1, F\u00fatbol sala, Golf, Galgos, Balonmano, Carreras de caballos, Hockey sobre hielo, MMA, Artes marciales, MotoGP, Deportes de motor, Motos, Netball, Juegos Ol\u00edmpicos, Pesapallo , Pol\u00edtica, Rugby, Rugby Union, Vela, Snooker, Apuestas especiales, Patinaje de velocidad, Speedway, Squash, Nataci\u00f3n, Televisi\u00f3n, Tenis, Trote, Deportes de EE. UU., Voleibol, Waterpolo, Clima.<\/p>\n\n\n\n<h2 class=\"wp-block-heading\">\u00bfQu\u00e9 tipo de eSports hay en 1xBet?<\/h2>\n\n\n\n<p>Los juegos que est\u00e1n en la lista de apuestas son un tipo de juego que se ajusta al est\u00e1ndar del deporte electr\u00f3nico. Pueden ser partidos de torneos locales o internacionales.<\/p>\n\n\n\n<div class=\"wp-block-columns is-layout-flex wp-container-core-columns-is-layout-9d6595d7 wp-block-columns-is-layout-flex\">\n<div class=\"wp-block-column is-layout-flow wp-block-column-is-layout-flow\">\n<ul class=\"wp-block-list\">\n<li>CS:GO<\/li>\n\n\n\n<li>Dota<\/li>\n\n\n\n<li>StarCraft II<\/li>\n\n\n\n<li>King of Glory<\/li>\n\n\n\n<li>Overwatch<\/li>\n\n\n\n<li>BUBG<\/li>\n\n\n\n<li>Rainbow Six<\/li>\n\n\n\n<li>Age of Empires<\/li>\n\n\n\n<li>Smash<\/li>\n\n\n\n<li>Mobile Legends<\/li>\n\n\n\n<li>Rocket League<\/li>\n\n\n\n<li>Apex Legends<\/li>\n\n\n\n<li>Valorant<\/li>\n\n\n\n<li>PUBG Mobile<\/li>\n\n\n\n<li>Wild Rift<\/li>\n\n\n\n<li>Heroes<\/li>\n\n\n\n<li>Artifact<\/li>\n\n\n\n<li>Brood War<\/li>\n\n\n\n<li>HearthStone<\/li>\n\n\n\n<li>Trackmania<\/li>\n\n\n\n<li>Free Fire<\/li>\n\n\n\n<li>Halo<\/li>\n\n\n\n<li>Fighting Games<\/li>\n\n\n\n<li>Arena of Valor<\/li>\n\n\n\n<li>Call of Duty<\/li>\n\n\n\n<li>Pok\u00e9mon<\/li>\n\n\n\n<li>Fortnite<\/li>\n\n\n\n<li>Arena FBS<\/li>\n\n\n\n<li>Paladins<\/li>\n\n\n\n<li>Team Fortress<\/li>\n\n\n\n<li>World of Warcraft<\/li>\n<\/ul>\n<\/div>\n\n\n\n<div class=\"wp-block-column is-layout-flow wp-block-column-is-layout-flow\">\n<ul class=\"wp-block-list\">\n<li>Clash Royale<\/li>\n\n\n\n<li>Brawl Stars<\/li>\n\n\n\n<li>FIFA<\/li>\n\n\n\n<li>WWE BattleGrounds<\/li>\n\n\n\n<li>eSports Ice Hockey<\/li>\n\n\n\n<li>eSports Basketball<\/li>\n\n\n\n<li>Big Rumble Boxing<\/li>\n\n\n\n<li>Dead or Alive<\/li>\n\n\n\n<li>PES<\/li>\n\n\n\n<li>Guilty Gear<\/li>\n\n\n\n<li>SEGA Football<\/li>\n\n\n\n<li>Winter Olympic Games<\/li>\n\n\n\n<li>League of Legends<\/li>\n\n\n\n<li>eSports Handball<\/li>\n\n\n\n<li>eSports Volleyball<\/li>\n\n\n\n<li>eSports American Football<\/li>\n\n\n\n<li>eSports UFC<\/li>\n\n\n\n<li>eSports Cricket<\/li>\n\n\n\n<li>eSports Rugby<\/li>\n\n\n\n<li>eSports Australian Rules<\/li>\n\n\n\n<li>World of Tanks<\/li>\n\n\n\n<li>eSports Horse Racing<\/li>\n\n\n\n<li>Street Power Football<\/li>\n\n\n\n<li>eSports Tennis<\/li>\n\n\n\n<li>eSports Wrestling<\/li>\n\n\n\n<li>eSports Rally<\/li>\n\n\n\n<li>eSports Golf<\/li>\n\n\n\n<li>Street Fighter<\/li>\n\n\n\n<li>eSports F1<\/li>\n\n\n\n<li>eSports Lacrosse<\/li>\n<\/ul>\n<\/div>\n\n\n\n<div class=\"wp-block-column is-layout-flow wp-block-column-is-layout-flow\">\n<ul class=\"wp-block-list\">\n<li>Steep<\/li>\n\n\n\n<li>Angry Birds<\/li>\n\n\n\n<li>eSports Floorball<\/li>\n\n\n\n<li>The King of Fighters<\/li>\n\n\n\n<li>Injustice<\/li>\n\n\n\n<li>Tekken<\/li>\n\n\n\n<li>Flatout<\/li>\n\n\n\n<li>eSports Pool<\/li>\n\n\n\n<li>LaserLeague<\/li>\n\n\n\n<li>CrossOut<\/li>\n\n\n\n<li>Killer Instinct<\/li>\n\n\n\n<li>Table Football Pro<\/li>\n\n\n\n<li>eSports Table Football<\/li>\n\n\n\n<li>Blade of Soul<\/li>\n\n\n\n<li>Assault Squad<\/li>\n\n\n\n<li>Cut the Rope<\/li>\n\n\n\n<li>Subway Surfers<\/li>\n\n\n\n<li>Sonic<\/li>\n\n\n\n<li>Crash<\/li>\n\n\n\n<li>eSports Bicycle Racing<\/li>\n\n\n\n<li>Overcooked<\/li>\n\n\n\n<li>Sekiro<\/li>\n\n\n\n<li>Bomberman<\/li>\n\n\n\n<li>TABS<\/li>\n\n\n\n<li>Rumble Stars<\/li>\n\n\n\n<li>Robot Champions<\/li>\n\n\n\n<li>Boxing Champs<\/li>\n\n\n\n<li>Raid: Shadow Legends<\/li>\n\n\n\n<li>Super Kickers League<\/li>\n\n\n\n<li>eSports Bowling<\/li>\n\n\n\n<li>Sideswipe<\/li>\n<\/ul>\n<\/div>\n<\/div>\n\n\n\n<h2 class=\"wp-block-heading\"><\/h2>\n","protected":false},"excerpt":{"rendered":"<div class=\"mh-excerpt\"><p>\u00bfSabes que tambi\u00e9n puedes apostar en partidos de eSports? 1XBET es un sitio web de apuestas en l\u00ednea que tiene una amplia gama de deportes <a class=\"mh-excerpt-more\" href=\"https:\/\/1xplayz.com\/es\/esports-bookies\/1xbet\/\" title=\"Casa de apuestas 1XBET ESPORT\">[&#8230;]<\/a><\/p>\n<\/div>","protected":false},"author":1,"featured_media":0,"parent":1021,"menu_order":0,"comment_status":"closed","ping_status":"closed","template":"","meta":{"footnotes":""},"class_list":["post-29834","page","type-page","status-publish","hentry"],"yoast_head":"<!-- This site is optimized with the Yoast SEO plugin v26.6 - https:\/\/yoast.com\/wordpress\/plugins\/seo\/ -->\n<title>Casa de apuestas 1XBET ESPORT - Tipsters de eSports - 1xPlayz<\/title>\n<meta name=\"description\" content=\"\u00bfSabes que tambi\u00e9n puedes apostar en partidos de eSports? 1XBET es un sitio web de apuestas en l\u00ednea que tiene una amplia gama de deportes electr\u00f3nicos y\" \/>\n<meta name=\"robots\" content=\"index, follow, max-snippet:-1, max-image-preview:large, max-video-preview:-1\" \/>\n<link rel=\"canonical\" href=\"https:\/\/1xplayz.com\/es\/esports-bookies\/1xbet\/\" \/>\n<meta property=\"og:locale\" content=\"es_ES\" \/>\n<meta property=\"og:type\" content=\"article\" \/>\n<meta property=\"og:title\" content=\"Casa de apuestas 1XBET ESPORT - Tipsters de eSports - 1xPlayz\" \/>\n<meta property=\"og:description\" content=\"\u00bfSabes que tambi\u00e9n puedes apostar en partidos de eSports? 1XBET es un sitio web de apuestas en l\u00ednea que tiene una amplia gama de deportes electr\u00f3nicos y\" \/>\n<meta property=\"og:url\" content=\"https:\/\/1xplayz.com\/es\/esports-bookies\/1xbet\/\" \/>\n<meta property=\"og:site_name\" content=\"1xPlayz\" \/>\n<meta property=\"article:modified_time\" content=\"2022-12-02T15:18:52+00:00\" \/>\n<meta property=\"og:image\" content=\"https:\/\/1xplayz.com\/wp-content\/uploads\/2022\/12\/1xbet-es-esports-bookies-1024x570.png\" \/>\n<meta name=\"twitter:card\" content=\"summary_large_image\" \/>\n<meta name=\"twitter:label1\" content=\"Tiempo de lectura\" \/>\n\t<meta name=\"twitter:data1\" content=\"4 minutos\" \/>\n<script type=\"application\/ld+json\" class=\"yoast-schema-graph\">{\"@context\":\"https:\/\/schema.org\",\"@graph\":[{\"@type\":\"WebPage\",\"@id\":\"https:\/\/1xplayz.com\/es\/esports-bookies\/1xbet\/\",\"url\":\"https:\/\/1xplayz.com\/es\/esports-bookies\/1xbet\/\",\"name\":\"Casa de apuestas 1XBET ESPORT - Tipsters de eSports - 1xPlayz\",\"isPartOf\":{\"@id\":\"https:\/\/1xplayz.com\/es\/de\/#website\"},\"primaryImageOfPage\":{\"@id\":\"https:\/\/1xplayz.com\/es\/esports-bookies\/1xbet\/#primaryimage\"},\"image\":{\"@id\":\"https:\/\/1xplayz.com\/es\/esports-bookies\/1xbet\/#primaryimage\"},\"thumbnailUrl\":\"https:\/\/1xplayz.com\/wp-content\/uploads\/2022\/12\/1xbet-es-esports-bookies-1024x570.png\",\"datePublished\":\"2022-11-19T09:37:49+00:00\",\"dateModified\":\"2022-12-02T15:18:52+00:00\",\"description\":\"\u00bfSabes que tambi\u00e9n puedes apostar en partidos de eSports? 1XBET es un sitio web de apuestas en l\u00ednea que tiene una amplia gama de deportes electr\u00f3nicos y\",\"breadcrumb\":{\"@id\":\"https:\/\/1xplayz.com\/es\/esports-bookies\/1xbet\/#breadcrumb\"},\"inLanguage\":\"es\",\"potentialAction\":[{\"@type\":\"ReadAction\",\"target\":[\"https:\/\/1xplayz.com\/es\/esports-bookies\/1xbet\/\"]}]},{\"@type\":\"ImageObject\",\"inLanguage\":\"es\",\"@id\":\"https:\/\/1xplayz.com\/es\/esports-bookies\/1xbet\/#primaryimage\",\"url\":\"https:\/\/1xplayz.com\/wp-content\/uploads\/2022\/12\/1xbet-es-esports-bookies-1024x570.png\",\"contentUrl\":\"https:\/\/1xplayz.com\/wp-content\/uploads\/2022\/12\/1xbet-es-esports-bookies-1024x570.png\"},{\"@type\":\"BreadcrumbList\",\"@id\":\"https:\/\/1xplayz.com\/es\/esports-bookies\/1xbet\/#breadcrumb\",\"itemListElement\":[{\"@type\":\"ListItem\",\"position\":1,\"name\":\"Home\",\"item\":\"https:\/\/1xplayz.com\/es\/\"},{\"@type\":\"ListItem\",\"position\":2,\"name\":\"Casas de apuestas deportivas\",\"item\":\"https:\/\/1xplayz.com\/es\/esports-bookies\/\"},{\"@type\":\"ListItem\",\"position\":3,\"name\":\"Casa de apuestas 1XBET ESPORT\"}]},{\"@type\":\"WebSite\",\"@id\":\"https:\/\/1xplayz.com\/es\/de\/#website\",\"url\":\"https:\/\/1xplayz.com\/es\/de\/\",\"name\":\"1xPlayz\",\"description\":\"Tipsters de eSports\",\"publisher\":{\"@id\":\"https:\/\/1xplayz.com\/es\/de\/#\/schema\/person\/8eadc1d14ab3326bbc7a655fbfe061cf\"},\"potentialAction\":[{\"@type\":\"SearchAction\",\"target\":{\"@type\":\"EntryPoint\",\"urlTemplate\":\"https:\/\/1xplayz.com\/es\/de\/?s={search_term_string}\"},\"query-input\":{\"@type\":\"PropertyValueSpecification\",\"valueRequired\":true,\"valueName\":\"search_term_string\"}}],\"inLanguage\":\"es\"},{\"@type\":[\"Person\",\"Organization\"],\"@id\":\"https:\/\/1xplayz.com\/es\/de\/#\/schema\/person\/8eadc1d14ab3326bbc7a655fbfe061cf\",\"name\":\"1xPlayz\",\"image\":{\"@type\":\"ImageObject\",\"inLanguage\":\"es\",\"@id\":\"https:\/\/1xplayz.com\/es\/de\/#\/schema\/person\/image\/\",\"url\":\"https:\/\/1xplayz.com\/wp-content\/uploads\/2021\/07\/1xp.png\",\"contentUrl\":\"https:\/\/1xplayz.com\/wp-content\/uploads\/2021\/07\/1xp.png\",\"width\":500,\"height\":500,\"caption\":\"1xPlayz\"},\"logo\":{\"@id\":\"https:\/\/1xplayz.com\/es\/de\/#\/schema\/person\/image\/\"},\"sameAs\":[\"http:\/\/1xplayz.com\"]}]}<\/script>\n<!-- \/ Yoast SEO plugin. -->","yoast_head_json":{"title":"Casa de apuestas 1XBET ESPORT - Tipsters de eSports - 1xPlayz","description":"\u00bfSabes que tambi\u00e9n puedes apostar en partidos de eSports? 1XBET es un sitio web de apuestas en l\u00ednea que tiene una amplia gama de deportes electr\u00f3nicos y","robots":{"index":"index","follow":"follow","max-snippet":"max-snippet:-1","max-image-preview":"max-image-preview:large","max-video-preview":"max-video-preview:-1"},"canonical":"https:\/\/1xplayz.com\/es\/esports-bookies\/1xbet\/","og_locale":"es_ES","og_type":"article","og_title":"Casa de apuestas 1XBET ESPORT - Tipsters de eSports - 1xPlayz","og_description":"\u00bfSabes que tambi\u00e9n puedes apostar en partidos de eSports? 1XBET es un sitio web de apuestas en l\u00ednea que tiene una amplia gama de deportes electr\u00f3nicos y","og_url":"https:\/\/1xplayz.com\/es\/esports-bookies\/1xbet\/","og_site_name":"1xPlayz","article_modified_time":"2022-12-02T15:18:52+00:00","og_image":[{"url":"https:\/\/1xplayz.com\/wp-content\/uploads\/2022\/12\/1xbet-es-esports-bookies-1024x570.png","type":"","width":"","height":""}],"twitter_card":"summary_large_image","twitter_misc":{"Tiempo de lectura":"4 minutos"},"schema":{"@context":"https:\/\/schema.org","@graph":[{"@type":"WebPage","@id":"https:\/\/1xplayz.com\/es\/esports-bookies\/1xbet\/","url":"https:\/\/1xplayz.com\/es\/esports-bookies\/1xbet\/","name":"Casa de apuestas 1XBET ESPORT - Tipsters de eSports - 1xPlayz","isPartOf":{"@id":"https:\/\/1xplayz.com\/es\/de\/#website"},"primaryImageOfPage":{"@id":"https:\/\/1xplayz.com\/es\/esports-bookies\/1xbet\/#primaryimage"},"image":{"@id":"https:\/\/1xplayz.com\/es\/esports-bookies\/1xbet\/#primaryimage"},"thumbnailUrl":"https:\/\/1xplayz.com\/wp-content\/uploads\/2022\/12\/1xbet-es-esports-bookies-1024x570.png","datePublished":"2022-11-19T09:37:49+00:00","dateModified":"2022-12-02T15:18:52+00:00","description":"\u00bfSabes que tambi\u00e9n puedes apostar en partidos de eSports? 1XBET es un sitio web de apuestas en l\u00ednea que tiene una amplia gama de deportes electr\u00f3nicos y","breadcrumb":{"@id":"https:\/\/1xplayz.com\/es\/esports-bookies\/1xbet\/#breadcrumb"},"inLanguage":"es","potentialAction":[{"@type":"ReadAction","target":["https:\/\/1xplayz.com\/es\/esports-bookies\/1xbet\/"]}]},{"@type":"ImageObject","inLanguage":"es","@id":"https:\/\/1xplayz.com\/es\/esports-bookies\/1xbet\/#primaryimage","url":"https:\/\/1xplayz.com\/wp-content\/uploads\/2022\/12\/1xbet-es-esports-bookies-1024x570.png","contentUrl":"https:\/\/1xplayz.com\/wp-content\/uploads\/2022\/12\/1xbet-es-esports-bookies-1024x570.png"},{"@type":"BreadcrumbList","@id":"https:\/\/1xplayz.com\/es\/esports-bookies\/1xbet\/#breadcrumb","itemListElement":[{"@type":"ListItem","position":1,"name":"Home","item":"https:\/\/1xplayz.com\/es\/"},{"@type":"ListItem","position":2,"name":"Casas de apuestas deportivas","item":"https:\/\/1xplayz.com\/es\/esports-bookies\/"},{"@type":"ListItem","position":3,"name":"Casa de apuestas 1XBET ESPORT"}]},{"@type":"WebSite","@id":"https:\/\/1xplayz.com\/es\/de\/#website","url":"https:\/\/1xplayz.com\/es\/de\/","name":"1xPlayz","description":"Tipsters de eSports","publisher":{"@id":"https:\/\/1xplayz.com\/es\/de\/#\/schema\/person\/8eadc1d14ab3326bbc7a655fbfe061cf"},"potentialAction":[{"@type":"SearchAction","target":{"@type":"EntryPoint","urlTemplate":"https:\/\/1xplayz.com\/es\/de\/?s={search_term_string}"},"query-input":{"@type":"PropertyValueSpecification","valueRequired":true,"valueName":"search_term_string"}}],"inLanguage":"es"},{"@type":["Person","Organization"],"@id":"https:\/\/1xplayz.com\/es\/de\/#\/schema\/person\/8eadc1d14ab3326bbc7a655fbfe061cf","name":"1xPlayz","image":{"@type":"ImageObject","inLanguage":"es","@id":"https:\/\/1xplayz.com\/es\/de\/#\/schema\/person\/image\/","url":"https:\/\/1xplayz.com\/wp-content\/uploads\/2021\/07\/1xp.png","contentUrl":"https:\/\/1xplayz.com\/wp-content\/uploads\/2021\/07\/1xp.png","width":500,"height":500,"caption":"1xPlayz"},"logo":{"@id":"https:\/\/1xplayz.com\/es\/de\/#\/schema\/person\/image\/"},"sameAs":["http:\/\/1xplayz.com"]}]}},"_links":{"self":[{"href":"https:\/\/1xplayz.com\/es\/wp-json\/wp\/v2\/pages\/29834","targetHints":{"allow":["GET"]}}],"collection":[{"href":"https:\/\/1xplayz.com\/es\/wp-json\/wp\/v2\/pages"}],"about":[{"href":"https:\/\/1xplayz.com\/es\/wp-json\/wp\/v2\/types\/page"}],"author":[{"embeddable":true,"href":"https:\/\/1xplayz.com\/es\/wp-json\/wp\/v2\/users\/1"}],"replies":[{"embeddable":true,"href":"https:\/\/1xplayz.com\/es\/wp-json\/wp\/v2\/comments?post=29834"}],"version-history":[{"count":28,"href":"https:\/\/1xplayz.com\/es\/wp-json\/wp\/v2\/pages\/29834\/revisions"}],"predecessor-version":[{"id":41926,"href":"https:\/\/1xplayz.com\/es\/wp-json\/wp\/v2\/pages\/29834\/revisions\/41926"}],"up":[{"embeddable":true,"href":"https:\/\/1xplayz.com\/es\/wp-json\/wp\/v2\/pages\/1021"}],"wp:attachment":[{"href":"https:\/\/1xplayz.com\/es\/wp-json\/wp\/v2\/media?parent=29834"}],"curies":[{"name":"wp","href":"https:\/\/api.w.org\/{rel}","templated":true}]}}