{"id":42190,"date":"2022-12-25T16:19:19","date_gmt":"2022-12-25T09:19:19","guid":{"rendered":"https:\/\/1xplayz.com\/mobile-legends\/m4-world-championships\/"},"modified":"2022-12-27T11:41:20","modified_gmt":"2022-12-27T04:41:20","slug":"m4-world-championships","status":"publish","type":"page","link":"https:\/\/1xplayz.com\/es\/mobile-legends\/m4-world-championships\/","title":{"rendered":"Mobile Legends: campeonato mundial M4 2022"},"content":{"rendered":"\n<h2 class=\"wp-block-heading\">\u00bfQu\u00e9 es el Campeonato Mundial M4?<\/h2>\n\n\n\n<p><strong>M4 World Championships<\/strong> es el evento principal de un torneo internacional de deportes electr\u00f3nicos de Mobile Legends: Bang Bang para la temporada 2022. M4 World Championships es el nivel superior de MLBB que se lanz\u00f3 por primera vez en 2019 en Kuala Lumpur. Para la primera temporada, se llam\u00f3 M1. Debido a la pandemia de Covid-19, la segunda temporada M2 que deber\u00eda jugarse en 2020 se movi\u00f3 a enero de 2021. El M2 se llev\u00f3 a cabo en Singapur con 12 equipos participantes. El M3 fue del n 06 de diciembre. hasta el 19 de diciembre de 2021 en Singapur tambi\u00e9n. Este M4 2022 es del 1 de enero al 15 de enero de 2023 en Yakarta, Indonesia. Los patrocinadores de M4 World Championships son Tiktok, Secretlab, Esports Charts y Gank. Este a\u00f1o, el premio acumulado de la competencia es 800,000 USD Los equipos que califican para el Campeonato Mundial (MLBB) son de Filipinas, Indonesia, Malasia, Singapur, Brasil, Rusia, Turqu\u00eda, Camboya, Am\u00e9rica del Sur, Am\u00e9rica del Norte y Medio Oriente.<\/p>\n\n\n\n<figure class=\"wp-block-image size-full\"><img loading=\"lazy\" decoding=\"async\" width=\"760\" height=\"799\" src=\"https:\/\/1xplayz.com\/wp-content\/uploads\/2022\/12\/M4-World-championship.png\" alt=\"\" class=\"wp-image-42172\" srcset=\"https:\/\/1xplayz.com\/wp-content\/uploads\/2022\/12\/M4-World-championship.png 760w, https:\/\/1xplayz.com\/wp-content\/uploads\/2022\/12\/M4-World-championship-285x300.png 285w, https:\/\/1xplayz.com\/wp-content\/uploads\/2022\/12\/M4-World-championship-122x128.png 122w, https:\/\/1xplayz.com\/wp-content\/uploads\/2022\/12\/M4-World-championship-30x32.png 30w\" sizes=\"auto, (max-width: 760px) 100vw, 760px\" \/><\/figure>\n\n\n\n<h2 class=\"wp-block-heading\">Formato del Campeonato Mundial M4<\/h2>\n\n\n\n<p>Hay dos etapas de M4, la Etapa de Grupos y los Playoffs.<\/p>\n\n\n\n<p><strong>Fase de Grupos<\/strong>: cuenta con 16 equipos que participan divididos en 4 grupos de 4 equipos, ser\u00e1 del 1 al 4 de enero de 2022. Esta ronda es de todos contra todos y todos los partidos son al mejor de 1 (BO1 Los 2 mejores equipos de cada grupo avanzan al grupo superior de Playoffs. Los 2 \u00faltimos avanzan al grupo inferior de Playoffs.<\/p>\n\n\n\n<p><strong>Etapa Eliminatoria<\/strong>: del 7 al 15 de enero de 2022. Esta etapa es de doble eliminaci\u00f3n. Los 16 equipos juegan en un bracket de doble eliminaci\u00f3n. Los 8 equipos del bracket inferior juegan las dos primeras rondas por Bo3. La Grond Final es Bo7 mientras que todos los dem\u00e1s partidos son Bo5.<\/p>\n\n\n\n<h3 class=\"wp-block-heading\">M4 2022 pa\u00edses y grupos<\/h3>\n\n\n\n<p>M4 se divide en 4 grupos de 4 equipos. El sorteo de la fase de grupos fue el 8 de diciembre de 2022. Los 2 mejores equipos avanzan al cuadro superior de los playoffs, los 2 equipos inferiores van al cuadro inferior de los playoffs.<br><strong>Grupo A<\/strong>: Blacklist International, Burn x Team Flash, Falcon Esports, Incendio Supremacy.<br><strong>Grupo B<\/strong>: Malvinas Gaming, MDH Esports, ONIC Esports, TODAK.<br><strong>Grupo C<\/strong>: ECHO, Occupy Thrones, RRQ Hoshi, RSG Singapore.<br><strong>Grupo D<\/strong>: RRQ Akira, S11 Gaming Argentina, Team HAQ, The Valley.<\/p>\n\n\n\n<h2 class=\"wp-block-heading\">Transmisi\u00f3n en vivo de MLBB M4 2022<\/h2>\n\n\n\n<p>Los jugadores y seguidores pueden ver la transmisi\u00f3n en vivo de los partidos del Campeonato Mundial con la p\u00e1gina oficial de Facebook y Youtube de MBLL. Tambi\u00e9n hay otras opciones para ver con eSports Bookies <a title=\"Enlace de eSports a la transmisi\u00f3n en vivo\" href=\"https:\/\/refpa.top\/L?tag=d_1105835m_97c_&amp;site=1105835&amp;ad=97&amp;r=live\/Esports\/\" target=\"_blank\" rel=\"nofollow noopener\">1XBET<\/a>. \u00bfC\u00f3mo poder usar 1XBET para ver la transmisi\u00f3n en vivo de los partidos del Campeonato Mundial? Primero, cree una cuenta por <a title=\"eSports Casa de apuestas 1XBET\" href=\"https:\/\/refpa.top\/L?tag=d_1105835m_97c_&amp;site=1105835&amp;ad=97&amp;r=line\/Esports\/\" target=\"_blank\" rel=\"nofollow noopener\">este enlace<\/a>. Despu\u00e9s de eso, complete su cuenta con la informaci\u00f3n requerida. No tiene que depositar dinero si no quiere apostar, a\u00fan puede acceder a todos los beneficios de transmisi\u00f3n en vivo con su cuenta. Como resultado, ser\u00e1 poder ver el Campeonato Mundial MLBB 2021, as\u00ed como otros torneos de deportes electr\u00f3nicos.<\/p>\n","protected":false},"excerpt":{"rendered":"<div class=\"mh-excerpt\"><p>\u00bfQu\u00e9 es el Campeonato Mundial M4? M4 World Championships es el evento principal de un torneo internacional de deportes electr\u00f3nicos de Mobile Legends: Bang Bang <a class=\"mh-excerpt-more\" href=\"https:\/\/1xplayz.com\/es\/mobile-legends\/m4-world-championships\/\" title=\"Mobile Legends: campeonato mundial M4 2022\">[&#8230;]<\/a><\/p>\n<\/div>","protected":false},"author":1,"featured_media":0,"parent":12597,"menu_order":0,"comment_status":"closed","ping_status":"closed","template":"","meta":{"footnotes":""},"class_list":["post-42190","page","type-page","status-publish","hentry"],"yoast_head":"<!-- This site is optimized with the Yoast SEO plugin v26.6 - https:\/\/yoast.com\/wordpress\/plugins\/seo\/ -->\n<title>Mobile Legends: campeonato mundial M4 2022 - Tipsters de eSports - 1xPlayz<\/title>\n<meta name=\"description\" content=\"\u00bfQu\u00e9 es el Campeonato Mundial M4? M4 World Championships es el evento principal de un torneo internacional de deportes electr\u00f3nicos de Mobile Legends:\" \/>\n<meta name=\"robots\" content=\"index, follow, max-snippet:-1, max-image-preview:large, max-video-preview:-1\" \/>\n<link rel=\"canonical\" href=\"https:\/\/1xplayz.com\/es\/mobile-legends\/m4-world-championships\/\" \/>\n<meta property=\"og:locale\" content=\"es_ES\" \/>\n<meta property=\"og:type\" content=\"article\" \/>\n<meta property=\"og:title\" content=\"Mobile Legends: campeonato mundial M4 2022 - Tipsters de eSports - 1xPlayz\" \/>\n<meta property=\"og:description\" content=\"\u00bfQu\u00e9 es el Campeonato Mundial M4? M4 World Championships es el evento principal de un torneo internacional de deportes electr\u00f3nicos de Mobile Legends:\" \/>\n<meta property=\"og:url\" content=\"https:\/\/1xplayz.com\/es\/mobile-legends\/m4-world-championships\/\" \/>\n<meta property=\"og:site_name\" content=\"1xPlayz\" \/>\n<meta property=\"article:modified_time\" content=\"2022-12-27T04:41:20+00:00\" \/>\n<meta property=\"og:image\" content=\"https:\/\/1xplayz.com\/wp-content\/uploads\/2022\/12\/M4-World-championship.png\" \/>\n<meta name=\"twitter:card\" content=\"summary_large_image\" \/>\n<meta name=\"twitter:label1\" content=\"Tiempo de lectura\" \/>\n\t<meta name=\"twitter:data1\" content=\"3 minutos\" \/>\n<script type=\"application\/ld+json\" class=\"yoast-schema-graph\">{\"@context\":\"https:\/\/schema.org\",\"@graph\":[{\"@type\":\"WebPage\",\"@id\":\"https:\/\/1xplayz.com\/es\/mobile-legends\/m4-world-championships\/\",\"url\":\"https:\/\/1xplayz.com\/es\/mobile-legends\/m4-world-championships\/\",\"name\":\"Mobile Legends: campeonato mundial M4 2022 - Tipsters de eSports - 1xPlayz\",\"isPartOf\":{\"@id\":\"https:\/\/1xplayz.com\/es\/de\/#website\"},\"primaryImageOfPage\":{\"@id\":\"https:\/\/1xplayz.com\/es\/mobile-legends\/m4-world-championships\/#primaryimage\"},\"image\":{\"@id\":\"https:\/\/1xplayz.com\/es\/mobile-legends\/m4-world-championships\/#primaryimage\"},\"thumbnailUrl\":\"https:\/\/1xplayz.com\/wp-content\/uploads\/2022\/12\/M4-World-championship.png\",\"datePublished\":\"2022-12-25T09:19:19+00:00\",\"dateModified\":\"2022-12-27T04:41:20+00:00\",\"description\":\"\u00bfQu\u00e9 es el Campeonato Mundial M4? M4 World Championships es el evento principal de un torneo internacional de deportes electr\u00f3nicos de Mobile Legends:\",\"breadcrumb\":{\"@id\":\"https:\/\/1xplayz.com\/es\/mobile-legends\/m4-world-championships\/#breadcrumb\"},\"inLanguage\":\"es\",\"potentialAction\":[{\"@type\":\"ReadAction\",\"target\":[\"https:\/\/1xplayz.com\/es\/mobile-legends\/m4-world-championships\/\"]}]},{\"@type\":\"ImageObject\",\"inLanguage\":\"es\",\"@id\":\"https:\/\/1xplayz.com\/es\/mobile-legends\/m4-world-championships\/#primaryimage\",\"url\":\"https:\/\/1xplayz.com\/wp-content\/uploads\/2022\/12\/M4-World-championship.png\",\"contentUrl\":\"https:\/\/1xplayz.com\/wp-content\/uploads\/2022\/12\/M4-World-championship.png\"},{\"@type\":\"BreadcrumbList\",\"@id\":\"https:\/\/1xplayz.com\/es\/mobile-legends\/m4-world-championships\/#breadcrumb\",\"itemListElement\":[{\"@type\":\"ListItem\",\"position\":1,\"name\":\"Home\",\"item\":\"https:\/\/1xplayz.com\/es\/\"},{\"@type\":\"ListItem\",\"position\":2,\"name\":\"Mobile Legends: Bang Bang\",\"item\":\"https:\/\/1xplayz.com\/es\/mobile-legends\/\"},{\"@type\":\"ListItem\",\"position\":3,\"name\":\"Mobile Legends: campeonato mundial M4 2022\"}]},{\"@type\":\"WebSite\",\"@id\":\"https:\/\/1xplayz.com\/es\/de\/#website\",\"url\":\"https:\/\/1xplayz.com\/es\/de\/\",\"name\":\"1xPlayz\",\"description\":\"Tipsters de eSports\",\"publisher\":{\"@id\":\"https:\/\/1xplayz.com\/es\/de\/#\/schema\/person\/8eadc1d14ab3326bbc7a655fbfe061cf\"},\"potentialAction\":[{\"@type\":\"SearchAction\",\"target\":{\"@type\":\"EntryPoint\",\"urlTemplate\":\"https:\/\/1xplayz.com\/es\/de\/?s={search_term_string}\"},\"query-input\":{\"@type\":\"PropertyValueSpecification\",\"valueRequired\":true,\"valueName\":\"search_term_string\"}}],\"inLanguage\":\"es\"},{\"@type\":[\"Person\",\"Organization\"],\"@id\":\"https:\/\/1xplayz.com\/es\/de\/#\/schema\/person\/8eadc1d14ab3326bbc7a655fbfe061cf\",\"name\":\"1xPlayz\",\"image\":{\"@type\":\"ImageObject\",\"inLanguage\":\"es\",\"@id\":\"https:\/\/1xplayz.com\/es\/de\/#\/schema\/person\/image\/\",\"url\":\"https:\/\/1xplayz.com\/wp-content\/uploads\/2021\/07\/1xp.png\",\"contentUrl\":\"https:\/\/1xplayz.com\/wp-content\/uploads\/2021\/07\/1xp.png\",\"width\":500,\"height\":500,\"caption\":\"1xPlayz\"},\"logo\":{\"@id\":\"https:\/\/1xplayz.com\/es\/de\/#\/schema\/person\/image\/\"},\"sameAs\":[\"http:\/\/1xplayz.com\"]}]}<\/script>\n<!-- \/ Yoast SEO plugin. -->","yoast_head_json":{"title":"Mobile Legends: campeonato mundial M4 2022 - Tipsters de eSports - 1xPlayz","description":"\u00bfQu\u00e9 es el Campeonato Mundial M4? M4 World Championships es el evento principal de un torneo internacional de deportes electr\u00f3nicos de Mobile Legends:","robots":{"index":"index","follow":"follow","max-snippet":"max-snippet:-1","max-image-preview":"max-image-preview:large","max-video-preview":"max-video-preview:-1"},"canonical":"https:\/\/1xplayz.com\/es\/mobile-legends\/m4-world-championships\/","og_locale":"es_ES","og_type":"article","og_title":"Mobile Legends: campeonato mundial M4 2022 - Tipsters de eSports - 1xPlayz","og_description":"\u00bfQu\u00e9 es el Campeonato Mundial M4? M4 World Championships es el evento principal de un torneo internacional de deportes electr\u00f3nicos de Mobile Legends:","og_url":"https:\/\/1xplayz.com\/es\/mobile-legends\/m4-world-championships\/","og_site_name":"1xPlayz","article_modified_time":"2022-12-27T04:41:20+00:00","og_image":[{"url":"https:\/\/1xplayz.com\/wp-content\/uploads\/2022\/12\/M4-World-championship.png","type":"","width":"","height":""}],"twitter_card":"summary_large_image","twitter_misc":{"Tiempo de lectura":"3 minutos"},"schema":{"@context":"https:\/\/schema.org","@graph":[{"@type":"WebPage","@id":"https:\/\/1xplayz.com\/es\/mobile-legends\/m4-world-championships\/","url":"https:\/\/1xplayz.com\/es\/mobile-legends\/m4-world-championships\/","name":"Mobile Legends: campeonato mundial M4 2022 - Tipsters de eSports - 1xPlayz","isPartOf":{"@id":"https:\/\/1xplayz.com\/es\/de\/#website"},"primaryImageOfPage":{"@id":"https:\/\/1xplayz.com\/es\/mobile-legends\/m4-world-championships\/#primaryimage"},"image":{"@id":"https:\/\/1xplayz.com\/es\/mobile-legends\/m4-world-championships\/#primaryimage"},"thumbnailUrl":"https:\/\/1xplayz.com\/wp-content\/uploads\/2022\/12\/M4-World-championship.png","datePublished":"2022-12-25T09:19:19+00:00","dateModified":"2022-12-27T04:41:20+00:00","description":"\u00bfQu\u00e9 es el Campeonato Mundial M4? M4 World Championships es el evento principal de un torneo internacional de deportes electr\u00f3nicos de Mobile Legends:","breadcrumb":{"@id":"https:\/\/1xplayz.com\/es\/mobile-legends\/m4-world-championships\/#breadcrumb"},"inLanguage":"es","potentialAction":[{"@type":"ReadAction","target":["https:\/\/1xplayz.com\/es\/mobile-legends\/m4-world-championships\/"]}]},{"@type":"ImageObject","inLanguage":"es","@id":"https:\/\/1xplayz.com\/es\/mobile-legends\/m4-world-championships\/#primaryimage","url":"https:\/\/1xplayz.com\/wp-content\/uploads\/2022\/12\/M4-World-championship.png","contentUrl":"https:\/\/1xplayz.com\/wp-content\/uploads\/2022\/12\/M4-World-championship.png"},{"@type":"BreadcrumbList","@id":"https:\/\/1xplayz.com\/es\/mobile-legends\/m4-world-championships\/#breadcrumb","itemListElement":[{"@type":"ListItem","position":1,"name":"Home","item":"https:\/\/1xplayz.com\/es\/"},{"@type":"ListItem","position":2,"name":"Mobile Legends: Bang Bang","item":"https:\/\/1xplayz.com\/es\/mobile-legends\/"},{"@type":"ListItem","position":3,"name":"Mobile Legends: campeonato mundial M4 2022"}]},{"@type":"WebSite","@id":"https:\/\/1xplayz.com\/es\/de\/#website","url":"https:\/\/1xplayz.com\/es\/de\/","name":"1xPlayz","description":"Tipsters de eSports","publisher":{"@id":"https:\/\/1xplayz.com\/es\/de\/#\/schema\/person\/8eadc1d14ab3326bbc7a655fbfe061cf"},"potentialAction":[{"@type":"SearchAction","target":{"@type":"EntryPoint","urlTemplate":"https:\/\/1xplayz.com\/es\/de\/?s={search_term_string}"},"query-input":{"@type":"PropertyValueSpecification","valueRequired":true,"valueName":"search_term_string"}}],"inLanguage":"es"},{"@type":["Person","Organization"],"@id":"https:\/\/1xplayz.com\/es\/de\/#\/schema\/person\/8eadc1d14ab3326bbc7a655fbfe061cf","name":"1xPlayz","image":{"@type":"ImageObject","inLanguage":"es","@id":"https:\/\/1xplayz.com\/es\/de\/#\/schema\/person\/image\/","url":"https:\/\/1xplayz.com\/wp-content\/uploads\/2021\/07\/1xp.png","contentUrl":"https:\/\/1xplayz.com\/wp-content\/uploads\/2021\/07\/1xp.png","width":500,"height":500,"caption":"1xPlayz"},"logo":{"@id":"https:\/\/1xplayz.com\/es\/de\/#\/schema\/person\/image\/"},"sameAs":["http:\/\/1xplayz.com"]}]}},"_links":{"self":[{"href":"https:\/\/1xplayz.com\/es\/wp-json\/wp\/v2\/pages\/42190","targetHints":{"allow":["GET"]}}],"collection":[{"href":"https:\/\/1xplayz.com\/es\/wp-json\/wp\/v2\/pages"}],"about":[{"href":"https:\/\/1xplayz.com\/es\/wp-json\/wp\/v2\/types\/page"}],"author":[{"embeddable":true,"href":"https:\/\/1xplayz.com\/es\/wp-json\/wp\/v2\/users\/1"}],"replies":[{"embeddable":true,"href":"https:\/\/1xplayz.com\/es\/wp-json\/wp\/v2\/comments?post=42190"}],"version-history":[{"count":5,"href":"https:\/\/1xplayz.com\/es\/wp-json\/wp\/v2\/pages\/42190\/revisions"}],"predecessor-version":[{"id":42244,"href":"https:\/\/1xplayz.com\/es\/wp-json\/wp\/v2\/pages\/42190\/revisions\/42244"}],"up":[{"embeddable":true,"href":"https:\/\/1xplayz.com\/es\/wp-json\/wp\/v2\/pages\/12597"}],"wp:attachment":[{"href":"https:\/\/1xplayz.com\/es\/wp-json\/wp\/v2\/media?parent=42190"}],"curies":[{"name":"wp","href":"https:\/\/api.w.org\/{rel}","templated":true}]}}