{"id":5021,"date":"2021-08-29T12:38:08","date_gmt":"2021-08-29T05:38:08","guid":{"rendered":"https:\/\/1xplayz.com\/league-of-legends\/league-of-legends-japan-league-2021\/"},"modified":"2023-03-07T19:35:16","modified_gmt":"2023-03-07T12:35:16","slug":"japan-league","status":"publish","type":"page","link":"https:\/\/1xplayz.com\/es\/league-of-legends\/japan-league\/","title":{"rendered":"League of Legends Liga de Jap\u00f3n 2021 2023"},"content":{"rendered":"\n<h2 class=\"wp-block-heading\">Predicciones LOL Liga de Jap\u00f3n LJL 2023<\/h2>\n\n\n\n<p>1xPlayz proporciona predicciones y consejos gratuitos para League of Legends Japan League LJL 2023 en dos tipos diferentes de consejos. Predecimos el ganador 1&#215;2 a tiempo completo y la puntuaci\u00f3n correcta de la final del partido. LJL en la fase de grupos todas las temporadas tiene solo un mapa para cada partido. Por lo tanto, durante la etapa de playoffs, habr\u00e1 3 mapas para cada partido. De modo que se aumentar\u00e1n las predicciones de puntuaci\u00f3n correctas. Aqu\u00ed, todas las predicciones para apostar en cada partido, se pueden encontrar en el <a href=\"https:\/\/1xplayz.com\/es\/calendars\/predictions-league-of-legends-japan-league\/\">horarios de League of Legends Japan League LJL 2023<\/a>.<\/p>\n\n\n\n<div class=\"sportspress sp-widget-align-none\"><h4 class=\"sp-table-caption\">Predicciones League of Legends Japan League<\/h4><div class=\"sp-template sp-template-event-blocks\">\n\t<div class=\"sp-table-wrapper\">\n\t\t<table class=\"sp-event-blocks sp-data-table\n\t\t\t\t\t sp-paginated-table\" data-sp-rows=\"5\">\n\t\t\t<thead><tr><th><\/th><\/tr><\/thead> \t\t\t<tbody>\n\t\t\t\t\t\t\t<\/tbody>\n\t\t<\/table>\n\t<\/div>\n\t<div class=\"sp-calendar-link sp-view-all-link\"><a href=\"https:\/\/1xplayz.com\/es\/calendars\/predictions-league-of-legends-japan-league\/\">Ver todos los eventos<\/a><\/div><\/div>\n<\/div>\n\n\n\n<a href=\"https:\/\/refpa.top\/L?tag=d_1105835m_97c_&amp;site=1105835&amp;ad=97&amp;r=live\/Esports\/\" target=\"_blank\" rel=\"nofollow noopener\"><img loading=\"lazy\" decoding=\"async\" src=\"https:\/\/1xplayz.com\/wp-content\/uploads\/2021\/07\/spanish-free-bet-esports-1024x256.jpg\" alt=\"esports apuesta gratis en espa\u00f1ol\" width=\"800\" height=\"200\" class=\"size-large wp-image-2316\" srcset=\"https:\/\/1xplayz.com\/wp-content\/uploads\/2021\/07\/spanish-free-bet-esports-1024x256.jpg 1024w, https:\/\/1xplayz.com\/wp-content\/uploads\/2021\/07\/spanish-free-bet-esports-300x75.jpg 300w, https:\/\/1xplayz.com\/wp-content\/uploads\/2021\/07\/spanish-free-bet-esports-768x192.jpg 768w, https:\/\/1xplayz.com\/wp-content\/uploads\/2021\/07\/spanish-free-bet-esports-128x32.jpg 128w, https:\/\/1xplayz.com\/wp-content\/uploads\/2021\/07\/spanish-free-bet-esports-32x8.jpg 32w, https:\/\/1xplayz.com\/wp-content\/uploads\/2021\/07\/spanish-free-bet-esports.jpg 1500w\" sizes=\"auto, (max-width: 800px) 100vw, 800px\" \/> <\/a>\n\n\n\n<h3 class=\"wp-block-heading\">AAcerca de LOL Japan League 2023<\/h3>\n\n\n\n<div class=\"sportspress sp-widget-align-none\"><h4 class=\"sp-table-caption\">Resultados League of Legends Japan League 2021<\/h4><div class=\"sp-template sp-template-event-blocks\">\n\t<div class=\"sp-table-wrapper\">\n\t\t<table class=\"sp-event-blocks sp-data-table\n\t\t\t\t\t sp-paginated-table\" data-sp-rows=\"5\">\n\t\t\t<thead><tr><th><\/th><\/tr><\/thead> \t\t\t<tbody>\n\t\t\t\t\t\t\t<\/tbody>\n\t\t<\/table>\n\t<\/div>\n\t<div class=\"sp-calendar-link sp-view-all-link\"><a href=\"https:\/\/1xplayz.com\/es\/calendars\/results-league-of-legends-japan-league-2021\/\">Ver todos los eventos<\/a><\/div><\/div>\n<\/div>\n\n\n\n<p>La <a href=\"https:\/\/1xplayz.com\/es\/calendar\/league-of-legends-japan-league\/\">League of Legends Japan League 2023<\/a> es la Major Liquipedia Nivel de deportes electr\u00f3nicos japoneses. Fue fundada en 2014 en Jap\u00f3n. Cada a\u00f1o, este torneo de LoL tiene 3 temporadas. Hay LJL Spring, LJL Summer y LJL Winter. LJL tiene dos formatos que el primero es la fase de grupos que juega por 8 equipos como Double Round-Robin. Los 6 mejores equipos del ranking avanzar\u00e1n a los Playoffs. Entonces, la etapa de Playoffs es Eliminaci\u00f3n Individual. La Japan League est\u00e1 organizada por Riot Games, Yoshimoto Creative Agency y PlayBrain. Por lo tanto, LJL Japan obtiene patrocinadores de alienware, LipovitanD, AU, NISSIN y KFC. Esta temporada, la Liga de Jap\u00f3n tiene un premio acumulado de <strong>10,000,000 JPY<\/strong> que es aproximadamente <strong>90,610 USD<\/strong>. El campe\u00f3n de las temporadas est\u00e1 clasificado para jugar <a href=\"https:\/\/1xplayz.com\/esleague-of-legends\/world-championship\/\">Campeonato del mundo de League of Legends<\/a>.<\/p>\n\n\n\n<h3 class=\"wp-block-heading\">Sitio de apuestas LOL Japan League 2023<\/h3>\n\n\n\n<p>\u00bfPuedo apostar a League of Legends Japan League (LJL) 2023? S\u00ed definitivamente. Sin embargo, la Liga de Jap\u00f3n y otras competiciones de deportes electr\u00f3nicos est\u00e1n disponibles para realizar una apuesta con <strong><a href=\"https:\/\/refpa.top\/L?tag=d_1105835m_97c_&amp;site=1105835&amp;ad=97&amp;r=allgamesentrance\/\" target=\"_blank\" rel=\"noreferrer noopener\">1xbet.com<\/a><\/strong>. Este sitio web tiene un bono de registro muy bueno con recompensas y promoci\u00f3n de devoluci\u00f3n de dinero que si pierde dinero en la apuesta regresar\u00e1. <strong><a href=\"https:\/\/refpa.top\/L?tag=d_1105835m_97c_&amp;site=1105835&amp;ad=97&amp;r=bonus\/\">1XBET<\/a><\/strong> es el mejor sitio de apuestas en l\u00ednea para deportes electr\u00f3nicos y juegos electr\u00f3nicos. Este sitio web est\u00e1 muy bien dise\u00f1ado en varios idiomas, admite la mayor\u00eda de las monedas con promociones para miembros.<\/p>\n\n\n\n<h3 class=\"wp-block-heading\">LOL Japan League 2023 Transmisi\u00f3n en vivo<\/h3>\n\n\n\n<p>\u00bfEst\u00e1s buscando retransmisiones en directo y otros partidos de la Liga de Jap\u00f3n? Para esta temporada, puedes verlos por Twitch. En caso de que no pueda acceder a \u00e9l, entonces <a href=\"https:\/\/refpa.top\/L?tag=d_1105835m_97c_&amp;site=1105835&amp;ad=97&amp;r=live\/Esports\/\" target=\"_blank\" rel=\"noreferrer noopener\">1XBET.com<\/a> es su elecci\u00f3n. Es gratis ver cualquier evento de deportes electr\u00f3nicos transmitido en vivo a trav\u00e9s de 1XBET. Simplemente, registre una cuenta usando <a href=\"https:\/\/refpa.top\/L?tag=d_1105835m_97c_&amp;site=1105835&amp;ad=97&amp;r=live\/Esports\/\" target=\"_blank\" rel=\"noreferrer noopener\">este enlace oficial aqu\u00ed <\/a>. Despu\u00e9s de eso, complete la informaci\u00f3n requerida. Podr\u00e1 ver cualquier deseo de coincidencia con o sin dep\u00f3sito.<\/p>\n","protected":false},"excerpt":{"rendered":"<div class=\"mh-excerpt\"><p>Predicciones LOL Liga de Jap\u00f3n LJL 2023 1xPlayz proporciona predicciones y consejos gratuitos para League of Legends Japan League LJL 2023 en dos tipos diferentes <a class=\"mh-excerpt-more\" href=\"https:\/\/1xplayz.com\/es\/league-of-legends\/japan-league\/\" title=\"League of Legends Liga de Jap\u00f3n 2021 2023\">[&#8230;]<\/a><\/p>\n<\/div>","protected":false},"author":1,"featured_media":0,"parent":1594,"menu_order":0,"comment_status":"closed","ping_status":"closed","template":"","meta":{"footnotes":""},"class_list":["post-5021","page","type-page","status-publish","hentry"],"yoast_head":"<!-- This site is optimized with the Yoast SEO plugin v26.6 - https:\/\/yoast.com\/wordpress\/plugins\/seo\/ -->\n<title>League of Legends Liga de Jap\u00f3n 2021 2023 - Tipsters de eSports - 1xPlayz<\/title>\n<meta name=\"description\" content=\"Predicciones LOL Liga de Jap\u00f3n LJL 2023 1xPlayz proporciona predicciones y consejos gratuitos para League of Legends Japan League LJL 2023 en dos tipos\" \/>\n<meta name=\"robots\" content=\"index, follow, max-snippet:-1, max-image-preview:large, max-video-preview:-1\" \/>\n<link rel=\"canonical\" href=\"https:\/\/1xplayz.com\/es\/league-of-legends\/japan-league\/\" \/>\n<meta property=\"og:locale\" content=\"es_ES\" \/>\n<meta property=\"og:type\" content=\"article\" \/>\n<meta property=\"og:title\" content=\"League of Legends Liga de Jap\u00f3n 2021 2023 - Tipsters de eSports - 1xPlayz\" \/>\n<meta property=\"og:description\" content=\"Predicciones LOL Liga de Jap\u00f3n LJL 2023 1xPlayz proporciona predicciones y consejos gratuitos para League of Legends Japan League LJL 2023 en dos tipos\" \/>\n<meta property=\"og:url\" content=\"https:\/\/1xplayz.com\/es\/league-of-legends\/japan-league\/\" \/>\n<meta property=\"og:site_name\" content=\"1xPlayz\" \/>\n<meta property=\"article:modified_time\" content=\"2023-03-07T12:35:16+00:00\" \/>\n<meta property=\"og:image\" content=\"https:\/\/1xplayz.com\/wp-content\/uploads\/2021\/07\/spanish-free-bet-esports-1024x256.jpg\" \/>\n<meta name=\"twitter:card\" content=\"summary_large_image\" \/>\n<meta name=\"twitter:label1\" content=\"Tiempo de lectura\" \/>\n\t<meta name=\"twitter:data1\" content=\"3 minutos\" \/>\n<script type=\"application\/ld+json\" class=\"yoast-schema-graph\">{\"@context\":\"https:\/\/schema.org\",\"@graph\":[{\"@type\":\"WebPage\",\"@id\":\"https:\/\/1xplayz.com\/es\/league-of-legends\/japan-league\/\",\"url\":\"https:\/\/1xplayz.com\/es\/league-of-legends\/japan-league\/\",\"name\":\"League of Legends Liga de Jap\u00f3n 2021 2023 - Tipsters de eSports - 1xPlayz\",\"isPartOf\":{\"@id\":\"https:\/\/1xplayz.com\/es\/de\/#website\"},\"primaryImageOfPage\":{\"@id\":\"https:\/\/1xplayz.com\/es\/league-of-legends\/japan-league\/#primaryimage\"},\"image\":{\"@id\":\"https:\/\/1xplayz.com\/es\/league-of-legends\/japan-league\/#primaryimage\"},\"thumbnailUrl\":\"https:\/\/1xplayz.com\/wp-content\/uploads\/2021\/07\/spanish-free-bet-esports-1024x256.jpg\",\"datePublished\":\"2021-08-29T05:38:08+00:00\",\"dateModified\":\"2023-03-07T12:35:16+00:00\",\"description\":\"Predicciones LOL Liga de Jap\u00f3n LJL 2023 1xPlayz proporciona predicciones y consejos gratuitos para League of Legends Japan League LJL 2023 en dos tipos\",\"breadcrumb\":{\"@id\":\"https:\/\/1xplayz.com\/es\/league-of-legends\/japan-league\/#breadcrumb\"},\"inLanguage\":\"es\",\"potentialAction\":[{\"@type\":\"ReadAction\",\"target\":[\"https:\/\/1xplayz.com\/es\/league-of-legends\/japan-league\/\"]}]},{\"@type\":\"ImageObject\",\"inLanguage\":\"es\",\"@id\":\"https:\/\/1xplayz.com\/es\/league-of-legends\/japan-league\/#primaryimage\",\"url\":\"https:\/\/1xplayz.com\/wp-content\/uploads\/2021\/07\/spanish-free-bet-esports-1024x256.jpg\",\"contentUrl\":\"https:\/\/1xplayz.com\/wp-content\/uploads\/2021\/07\/spanish-free-bet-esports-1024x256.jpg\"},{\"@type\":\"BreadcrumbList\",\"@id\":\"https:\/\/1xplayz.com\/es\/league-of-legends\/japan-league\/#breadcrumb\",\"itemListElement\":[{\"@type\":\"ListItem\",\"position\":1,\"name\":\"Home\",\"item\":\"https:\/\/1xplayz.com\/es\/\"},{\"@type\":\"ListItem\",\"position\":2,\"name\":\"Predicciones de League of Legends 2023\",\"item\":\"https:\/\/1xplayz.com\/es\/league-of-legends\/\"},{\"@type\":\"ListItem\",\"position\":3,\"name\":\"League of Legends Liga de Jap\u00f3n 2021 2023\"}]},{\"@type\":\"WebSite\",\"@id\":\"https:\/\/1xplayz.com\/es\/de\/#website\",\"url\":\"https:\/\/1xplayz.com\/es\/de\/\",\"name\":\"1xPlayz\",\"description\":\"Tipsters de eSports\",\"publisher\":{\"@id\":\"https:\/\/1xplayz.com\/es\/de\/#\/schema\/person\/8eadc1d14ab3326bbc7a655fbfe061cf\"},\"potentialAction\":[{\"@type\":\"SearchAction\",\"target\":{\"@type\":\"EntryPoint\",\"urlTemplate\":\"https:\/\/1xplayz.com\/es\/de\/?s={search_term_string}\"},\"query-input\":{\"@type\":\"PropertyValueSpecification\",\"valueRequired\":true,\"valueName\":\"search_term_string\"}}],\"inLanguage\":\"es\"},{\"@type\":[\"Person\",\"Organization\"],\"@id\":\"https:\/\/1xplayz.com\/es\/de\/#\/schema\/person\/8eadc1d14ab3326bbc7a655fbfe061cf\",\"name\":\"1xPlayz\",\"image\":{\"@type\":\"ImageObject\",\"inLanguage\":\"es\",\"@id\":\"https:\/\/1xplayz.com\/es\/de\/#\/schema\/person\/image\/\",\"url\":\"https:\/\/1xplayz.com\/wp-content\/uploads\/2021\/07\/1xp.png\",\"contentUrl\":\"https:\/\/1xplayz.com\/wp-content\/uploads\/2021\/07\/1xp.png\",\"width\":500,\"height\":500,\"caption\":\"1xPlayz\"},\"logo\":{\"@id\":\"https:\/\/1xplayz.com\/es\/de\/#\/schema\/person\/image\/\"},\"sameAs\":[\"http:\/\/1xplayz.com\"]}]}<\/script>\n<!-- \/ Yoast SEO plugin. -->","yoast_head_json":{"title":"League of Legends Liga de Jap\u00f3n 2021 2023 - Tipsters de eSports - 1xPlayz","description":"Predicciones LOL Liga de Jap\u00f3n LJL 2023 1xPlayz proporciona predicciones y consejos gratuitos para League of Legends Japan League LJL 2023 en dos tipos","robots":{"index":"index","follow":"follow","max-snippet":"max-snippet:-1","max-image-preview":"max-image-preview:large","max-video-preview":"max-video-preview:-1"},"canonical":"https:\/\/1xplayz.com\/es\/league-of-legends\/japan-league\/","og_locale":"es_ES","og_type":"article","og_title":"League of Legends Liga de Jap\u00f3n 2021 2023 - Tipsters de eSports - 1xPlayz","og_description":"Predicciones LOL Liga de Jap\u00f3n LJL 2023 1xPlayz proporciona predicciones y consejos gratuitos para League of Legends Japan League LJL 2023 en dos tipos","og_url":"https:\/\/1xplayz.com\/es\/league-of-legends\/japan-league\/","og_site_name":"1xPlayz","article_modified_time":"2023-03-07T12:35:16+00:00","og_image":[{"url":"https:\/\/1xplayz.com\/wp-content\/uploads\/2021\/07\/spanish-free-bet-esports-1024x256.jpg","type":"","width":"","height":""}],"twitter_card":"summary_large_image","twitter_misc":{"Tiempo de lectura":"3 minutos"},"schema":{"@context":"https:\/\/schema.org","@graph":[{"@type":"WebPage","@id":"https:\/\/1xplayz.com\/es\/league-of-legends\/japan-league\/","url":"https:\/\/1xplayz.com\/es\/league-of-legends\/japan-league\/","name":"League of Legends Liga de Jap\u00f3n 2021 2023 - Tipsters de eSports - 1xPlayz","isPartOf":{"@id":"https:\/\/1xplayz.com\/es\/de\/#website"},"primaryImageOfPage":{"@id":"https:\/\/1xplayz.com\/es\/league-of-legends\/japan-league\/#primaryimage"},"image":{"@id":"https:\/\/1xplayz.com\/es\/league-of-legends\/japan-league\/#primaryimage"},"thumbnailUrl":"https:\/\/1xplayz.com\/wp-content\/uploads\/2021\/07\/spanish-free-bet-esports-1024x256.jpg","datePublished":"2021-08-29T05:38:08+00:00","dateModified":"2023-03-07T12:35:16+00:00","description":"Predicciones LOL Liga de Jap\u00f3n LJL 2023 1xPlayz proporciona predicciones y consejos gratuitos para League of Legends Japan League LJL 2023 en dos tipos","breadcrumb":{"@id":"https:\/\/1xplayz.com\/es\/league-of-legends\/japan-league\/#breadcrumb"},"inLanguage":"es","potentialAction":[{"@type":"ReadAction","target":["https:\/\/1xplayz.com\/es\/league-of-legends\/japan-league\/"]}]},{"@type":"ImageObject","inLanguage":"es","@id":"https:\/\/1xplayz.com\/es\/league-of-legends\/japan-league\/#primaryimage","url":"https:\/\/1xplayz.com\/wp-content\/uploads\/2021\/07\/spanish-free-bet-esports-1024x256.jpg","contentUrl":"https:\/\/1xplayz.com\/wp-content\/uploads\/2021\/07\/spanish-free-bet-esports-1024x256.jpg"},{"@type":"BreadcrumbList","@id":"https:\/\/1xplayz.com\/es\/league-of-legends\/japan-league\/#breadcrumb","itemListElement":[{"@type":"ListItem","position":1,"name":"Home","item":"https:\/\/1xplayz.com\/es\/"},{"@type":"ListItem","position":2,"name":"Predicciones de League of Legends 2023","item":"https:\/\/1xplayz.com\/es\/league-of-legends\/"},{"@type":"ListItem","position":3,"name":"League of Legends Liga de Jap\u00f3n 2021 2023"}]},{"@type":"WebSite","@id":"https:\/\/1xplayz.com\/es\/de\/#website","url":"https:\/\/1xplayz.com\/es\/de\/","name":"1xPlayz","description":"Tipsters de eSports","publisher":{"@id":"https:\/\/1xplayz.com\/es\/de\/#\/schema\/person\/8eadc1d14ab3326bbc7a655fbfe061cf"},"potentialAction":[{"@type":"SearchAction","target":{"@type":"EntryPoint","urlTemplate":"https:\/\/1xplayz.com\/es\/de\/?s={search_term_string}"},"query-input":{"@type":"PropertyValueSpecification","valueRequired":true,"valueName":"search_term_string"}}],"inLanguage":"es"},{"@type":["Person","Organization"],"@id":"https:\/\/1xplayz.com\/es\/de\/#\/schema\/person\/8eadc1d14ab3326bbc7a655fbfe061cf","name":"1xPlayz","image":{"@type":"ImageObject","inLanguage":"es","@id":"https:\/\/1xplayz.com\/es\/de\/#\/schema\/person\/image\/","url":"https:\/\/1xplayz.com\/wp-content\/uploads\/2021\/07\/1xp.png","contentUrl":"https:\/\/1xplayz.com\/wp-content\/uploads\/2021\/07\/1xp.png","width":500,"height":500,"caption":"1xPlayz"},"logo":{"@id":"https:\/\/1xplayz.com\/es\/de\/#\/schema\/person\/image\/"},"sameAs":["http:\/\/1xplayz.com"]}]}},"_links":{"self":[{"href":"https:\/\/1xplayz.com\/es\/wp-json\/wp\/v2\/pages\/5021","targetHints":{"allow":["GET"]}}],"collection":[{"href":"https:\/\/1xplayz.com\/es\/wp-json\/wp\/v2\/pages"}],"about":[{"href":"https:\/\/1xplayz.com\/es\/wp-json\/wp\/v2\/types\/page"}],"author":[{"embeddable":true,"href":"https:\/\/1xplayz.com\/es\/wp-json\/wp\/v2\/users\/1"}],"replies":[{"embeddable":true,"href":"https:\/\/1xplayz.com\/es\/wp-json\/wp\/v2\/comments?post=5021"}],"version-history":[{"count":12,"href":"https:\/\/1xplayz.com\/es\/wp-json\/wp\/v2\/pages\/5021\/revisions"}],"predecessor-version":[{"id":42322,"href":"https:\/\/1xplayz.com\/es\/wp-json\/wp\/v2\/pages\/5021\/revisions\/42322"}],"up":[{"embeddable":true,"href":"https:\/\/1xplayz.com\/es\/wp-json\/wp\/v2\/pages\/1594"}],"wp:attachment":[{"href":"https:\/\/1xplayz.com\/es\/wp-json\/wp\/v2\/media?parent=5021"}],"curies":[{"name":"wp","href":"https:\/\/api.w.org\/{rel}","templated":true}]}}