{"id":5657,"date":"2021-08-30T15:27:08","date_gmt":"2021-08-30T08:27:08","guid":{"rendered":"https:\/\/1xplayz.com\/league-of-legends\/championship-series\/"},"modified":"2023-03-08T11:19:07","modified_gmt":"2023-03-08T04:19:07","slug":"championship-series","status":"publish","type":"page","link":"https:\/\/1xplayz.com\/es\/league-of-legends\/championship-series\/","title":{"rendered":"League of Legends Championship Series 2023"},"content":{"rendered":"\n<h2 class=\"wp-block-heading\">Predicciones LOL Championship Series LCS 2023<\/h2>\n\n\n\n<p>1xPlayz proporciona predicciones y consejos gratuitos para League of Legends Championship Series LCS 2023 en dos tipos diferentes de consejos. Predecimos el Ganador 1&#215;2 en el tiempo regular y la puntuaci\u00f3n correcta. La LCS en la fase de grupos todas las temporadas tiene dos mapas para cada partido. Por lo tanto, durante la etapa de playoffs, habr\u00e1 3 mapas para cada partido. De modo que, la puntuaci\u00f3n correcta de los partidos de playoffs aumenta hasta 5 mapas. Aqu\u00ed, todas las predicciones para apostar en cada partido, se pueden encontrar en League of Legends Championship Series LCS Predictions 2023.<\/p>\n\n\n\n<a href=\"https:\/\/refpa.top\/L?tag=d_1105835m_97c_&amp;site=1105835&amp;ad=97&amp;r=live\/Esports\/\" target=\"_blank\" rel=\"nofollow noopener\"><img loading=\"lazy\" decoding=\"async\" src=\"https:\/\/1xplayz.com\/wp-content\/uploads\/2021\/07\/spanish-free-bet-esports-1024x256.jpg\" alt=\"esports apuesta gratis en espa\u00f1ol\" width=\"800\" height=\"200\" class=\"size-large wp-image-2316\" srcset=\"https:\/\/1xplayz.com\/wp-content\/uploads\/2021\/07\/spanish-free-bet-esports-1024x256.jpg 1024w, https:\/\/1xplayz.com\/wp-content\/uploads\/2021\/07\/spanish-free-bet-esports-300x75.jpg 300w, https:\/\/1xplayz.com\/wp-content\/uploads\/2021\/07\/spanish-free-bet-esports-768x192.jpg 768w, https:\/\/1xplayz.com\/wp-content\/uploads\/2021\/07\/spanish-free-bet-esports-128x32.jpg 128w, https:\/\/1xplayz.com\/wp-content\/uploads\/2021\/07\/spanish-free-bet-esports-32x8.jpg 32w, https:\/\/1xplayz.com\/wp-content\/uploads\/2021\/07\/spanish-free-bet-esports.jpg 1500w\" sizes=\"auto, (max-width: 800px) 100vw, 800px\" \/> <\/a>\n\n\n\n<h3 class=\"wp-block-heading\">Acerca de LOL Championship Series 2023<\/h3>\n\n\n\n<p>La League of Legends Championship Series es uno de los torneos que organiza Riot Games. Championship Series es el nivel principal de la competencia de Am\u00e9rica del Norte. El torneo se encontr\u00f3 en 2013 como la Serie de Campeonato de League of Legends de Am\u00e9rica del Norte. En 2019, el nombre del torneo se abrevia a League of Legends Championship Series. Las sedes de las competencias se encuentran en Los \u00c1ngeles y California.<\/p>\n\n\n\n<p>League of Legends Championship Series tiene 3 torneos separados cada a\u00f1o. Habr\u00e1 LCS Spring, LCS Mid-Season y LCS Summer. Para cada temporada, el torneo es de tipo online y \/ o offline. Adem\u00e1s, LCS tiene dos formatos para encontrar al ganador. El primer formato es la Fase de Grupos en la que participan 10 equipos de cinco jugadores. La fase de grupos se juega como <strong>Triple Round Robin (Bo1) <\/strong>. Despu\u00e9s de eso, los 8 mejores equipos de la fase de grupos juegan en Playoffs que juegan como <strong>Doble Eliminaci\u00f3n (Bo5) <\/strong>. El ganador de la LCS 2021 estar\u00e1 clasificado para jugar en el Campeonato Mundial 2023.<\/p>\n\n\n\n<h3 class=\"wp-block-heading\">Sitio web de apuestas de LOL Championship Series 2023<\/h3>\n\n\n\n<p>\u00bfD\u00f3nde puedo apostar League of Legends Championship Series (LCS) 2023? El mejor sitio de apuestas online para LCS y otros torneos de deportes electr\u00f3nicos es <strong><a href=\"https:\/\/refpa.top\/L?tag=d_1105835m_97c_&amp;site=1105835&amp;ad=97&amp;r=live\/Esports\/\" target=\"_blank\" rel=\"noreferrer noopener\">1xbet.com<\/a><\/strong>. Este sitio web tiene un bono de registro muy bueno con recompensas y promoci\u00f3n de devoluci\u00f3n de dinero que si pierde dinero en la apuesta regresar\u00e1. <strong><a href=\"https:\/\/refpa.top\/L?tag=d_1105835m_97c_&amp;site=1105835&amp;ad=97&amp;r=line\/Esports\/\" target=\"_blank\" rel=\"noreferrer noopener\">1xbet.com<\/a><\/strong> es la mejor opci\u00f3n para apuestas de deportes electr\u00f3nicos y juegos electr\u00f3nicos. Este sitio web est\u00e1 muy bien dise\u00f1ado en varios idiomas, admite la mayor\u00eda de las monedas con promociones para miembros.<\/p>\n\n\n\n<h3 class=\"wp-block-heading\">Transmisi\u00f3n en vivo de LOL Championship Series 2023<\/h3>\n\n\n\n<p>La transmisi\u00f3n en vivo de League of Legends Championship Series 2023 ser\u00eda a trav\u00e9s del canal de televisi\u00f3n Twitch, YouTube y <a href=\"https:\/\/refpa.top\/L?tag=d_1105835m_97c_&amp;site=1105835&amp;ad=97&amp;r=live\/Esports\/\" target=\"_blank\" rel=\"noreferrer noopener\">1XBET.com<\/a>. \u00bfC\u00f3mo ver partidos de la LCS? Simplemente, registre una cuenta a trav\u00e9s de este enlace oficial y haga clic en los partidos que desea ver.<\/p>\n","protected":false},"excerpt":{"rendered":"<div class=\"mh-excerpt\"><p>Predicciones LOL Championship Series LCS 2023 1xPlayz proporciona predicciones y consejos gratuitos para League of Legends Championship Series LCS 2023 en dos tipos diferentes de <a class=\"mh-excerpt-more\" href=\"https:\/\/1xplayz.com\/es\/league-of-legends\/championship-series\/\" title=\"League of Legends Championship Series 2023\">[&#8230;]<\/a><\/p>\n<\/div>","protected":false},"author":1,"featured_media":0,"parent":1594,"menu_order":0,"comment_status":"closed","ping_status":"closed","template":"","meta":{"footnotes":""},"class_list":["post-5657","page","type-page","status-publish","hentry"],"yoast_head":"<!-- This site is optimized with the Yoast SEO plugin v26.6 - https:\/\/yoast.com\/wordpress\/plugins\/seo\/ -->\n<title>League of Legends Championship Series 2023 - Tipsters de eSports - 1xPlayz<\/title>\n<meta name=\"description\" content=\"Predicciones LOL Championship Series LCS 2023 1xPlayz proporciona predicciones y consejos gratuitos para League of Legends Championship Series LCS 2023 en\" \/>\n<meta name=\"robots\" content=\"index, follow, max-snippet:-1, max-image-preview:large, max-video-preview:-1\" \/>\n<link rel=\"canonical\" href=\"https:\/\/1xplayz.com\/es\/league-of-legends\/championship-series\/\" \/>\n<meta property=\"og:locale\" content=\"es_ES\" \/>\n<meta property=\"og:type\" content=\"article\" \/>\n<meta property=\"og:title\" content=\"League of Legends Championship Series 2023 - Tipsters de eSports - 1xPlayz\" \/>\n<meta property=\"og:description\" content=\"Predicciones LOL Championship Series LCS 2023 1xPlayz proporciona predicciones y consejos gratuitos para League of Legends Championship Series LCS 2023 en\" \/>\n<meta property=\"og:url\" content=\"https:\/\/1xplayz.com\/es\/league-of-legends\/championship-series\/\" \/>\n<meta property=\"og:site_name\" content=\"1xPlayz\" \/>\n<meta property=\"article:modified_time\" content=\"2023-03-08T04:19:07+00:00\" \/>\n<meta property=\"og:image\" content=\"https:\/\/1xplayz.com\/wp-content\/uploads\/2021\/07\/spanish-free-bet-esports-1024x256.jpg\" \/>\n<meta name=\"twitter:card\" content=\"summary_large_image\" \/>\n<meta name=\"twitter:label1\" content=\"Tiempo de lectura\" \/>\n\t<meta name=\"twitter:data1\" content=\"3 minutos\" \/>\n<script type=\"application\/ld+json\" class=\"yoast-schema-graph\">{\"@context\":\"https:\/\/schema.org\",\"@graph\":[{\"@type\":\"WebPage\",\"@id\":\"https:\/\/1xplayz.com\/es\/league-of-legends\/championship-series\/\",\"url\":\"https:\/\/1xplayz.com\/es\/league-of-legends\/championship-series\/\",\"name\":\"League of Legends Championship Series 2023 - Tipsters de eSports - 1xPlayz\",\"isPartOf\":{\"@id\":\"https:\/\/1xplayz.com\/es\/de\/#website\"},\"primaryImageOfPage\":{\"@id\":\"https:\/\/1xplayz.com\/es\/league-of-legends\/championship-series\/#primaryimage\"},\"image\":{\"@id\":\"https:\/\/1xplayz.com\/es\/league-of-legends\/championship-series\/#primaryimage\"},\"thumbnailUrl\":\"https:\/\/1xplayz.com\/wp-content\/uploads\/2021\/07\/spanish-free-bet-esports-1024x256.jpg\",\"datePublished\":\"2021-08-30T08:27:08+00:00\",\"dateModified\":\"2023-03-08T04:19:07+00:00\",\"description\":\"Predicciones LOL Championship Series LCS 2023 1xPlayz proporciona predicciones y consejos gratuitos para League of Legends Championship Series LCS 2023 en\",\"breadcrumb\":{\"@id\":\"https:\/\/1xplayz.com\/es\/league-of-legends\/championship-series\/#breadcrumb\"},\"inLanguage\":\"es\",\"potentialAction\":[{\"@type\":\"ReadAction\",\"target\":[\"https:\/\/1xplayz.com\/es\/league-of-legends\/championship-series\/\"]}]},{\"@type\":\"ImageObject\",\"inLanguage\":\"es\",\"@id\":\"https:\/\/1xplayz.com\/es\/league-of-legends\/championship-series\/#primaryimage\",\"url\":\"https:\/\/1xplayz.com\/wp-content\/uploads\/2021\/07\/spanish-free-bet-esports-1024x256.jpg\",\"contentUrl\":\"https:\/\/1xplayz.com\/wp-content\/uploads\/2021\/07\/spanish-free-bet-esports-1024x256.jpg\"},{\"@type\":\"BreadcrumbList\",\"@id\":\"https:\/\/1xplayz.com\/es\/league-of-legends\/championship-series\/#breadcrumb\",\"itemListElement\":[{\"@type\":\"ListItem\",\"position\":1,\"name\":\"Home\",\"item\":\"https:\/\/1xplayz.com\/es\/\"},{\"@type\":\"ListItem\",\"position\":2,\"name\":\"Predicciones de League of Legends 2023\",\"item\":\"https:\/\/1xplayz.com\/es\/league-of-legends\/\"},{\"@type\":\"ListItem\",\"position\":3,\"name\":\"League of Legends Championship Series 2023\"}]},{\"@type\":\"WebSite\",\"@id\":\"https:\/\/1xplayz.com\/es\/de\/#website\",\"url\":\"https:\/\/1xplayz.com\/es\/de\/\",\"name\":\"1xPlayz\",\"description\":\"Tipsters de eSports\",\"publisher\":{\"@id\":\"https:\/\/1xplayz.com\/es\/de\/#\/schema\/person\/8eadc1d14ab3326bbc7a655fbfe061cf\"},\"potentialAction\":[{\"@type\":\"SearchAction\",\"target\":{\"@type\":\"EntryPoint\",\"urlTemplate\":\"https:\/\/1xplayz.com\/es\/de\/?s={search_term_string}\"},\"query-input\":{\"@type\":\"PropertyValueSpecification\",\"valueRequired\":true,\"valueName\":\"search_term_string\"}}],\"inLanguage\":\"es\"},{\"@type\":[\"Person\",\"Organization\"],\"@id\":\"https:\/\/1xplayz.com\/es\/de\/#\/schema\/person\/8eadc1d14ab3326bbc7a655fbfe061cf\",\"name\":\"1xPlayz\",\"image\":{\"@type\":\"ImageObject\",\"inLanguage\":\"es\",\"@id\":\"https:\/\/1xplayz.com\/es\/de\/#\/schema\/person\/image\/\",\"url\":\"https:\/\/1xplayz.com\/wp-content\/uploads\/2021\/07\/1xp.png\",\"contentUrl\":\"https:\/\/1xplayz.com\/wp-content\/uploads\/2021\/07\/1xp.png\",\"width\":500,\"height\":500,\"caption\":\"1xPlayz\"},\"logo\":{\"@id\":\"https:\/\/1xplayz.com\/es\/de\/#\/schema\/person\/image\/\"},\"sameAs\":[\"http:\/\/1xplayz.com\"]}]}<\/script>\n<!-- \/ Yoast SEO plugin. -->","yoast_head_json":{"title":"League of Legends Championship Series 2023 - Tipsters de eSports - 1xPlayz","description":"Predicciones LOL Championship Series LCS 2023 1xPlayz proporciona predicciones y consejos gratuitos para League of Legends Championship Series LCS 2023 en","robots":{"index":"index","follow":"follow","max-snippet":"max-snippet:-1","max-image-preview":"max-image-preview:large","max-video-preview":"max-video-preview:-1"},"canonical":"https:\/\/1xplayz.com\/es\/league-of-legends\/championship-series\/","og_locale":"es_ES","og_type":"article","og_title":"League of Legends Championship Series 2023 - Tipsters de eSports - 1xPlayz","og_description":"Predicciones LOL Championship Series LCS 2023 1xPlayz proporciona predicciones y consejos gratuitos para League of Legends Championship Series LCS 2023 en","og_url":"https:\/\/1xplayz.com\/es\/league-of-legends\/championship-series\/","og_site_name":"1xPlayz","article_modified_time":"2023-03-08T04:19:07+00:00","og_image":[{"url":"https:\/\/1xplayz.com\/wp-content\/uploads\/2021\/07\/spanish-free-bet-esports-1024x256.jpg","type":"","width":"","height":""}],"twitter_card":"summary_large_image","twitter_misc":{"Tiempo de lectura":"3 minutos"},"schema":{"@context":"https:\/\/schema.org","@graph":[{"@type":"WebPage","@id":"https:\/\/1xplayz.com\/es\/league-of-legends\/championship-series\/","url":"https:\/\/1xplayz.com\/es\/league-of-legends\/championship-series\/","name":"League of Legends Championship Series 2023 - Tipsters de eSports - 1xPlayz","isPartOf":{"@id":"https:\/\/1xplayz.com\/es\/de\/#website"},"primaryImageOfPage":{"@id":"https:\/\/1xplayz.com\/es\/league-of-legends\/championship-series\/#primaryimage"},"image":{"@id":"https:\/\/1xplayz.com\/es\/league-of-legends\/championship-series\/#primaryimage"},"thumbnailUrl":"https:\/\/1xplayz.com\/wp-content\/uploads\/2021\/07\/spanish-free-bet-esports-1024x256.jpg","datePublished":"2021-08-30T08:27:08+00:00","dateModified":"2023-03-08T04:19:07+00:00","description":"Predicciones LOL Championship Series LCS 2023 1xPlayz proporciona predicciones y consejos gratuitos para League of Legends Championship Series LCS 2023 en","breadcrumb":{"@id":"https:\/\/1xplayz.com\/es\/league-of-legends\/championship-series\/#breadcrumb"},"inLanguage":"es","potentialAction":[{"@type":"ReadAction","target":["https:\/\/1xplayz.com\/es\/league-of-legends\/championship-series\/"]}]},{"@type":"ImageObject","inLanguage":"es","@id":"https:\/\/1xplayz.com\/es\/league-of-legends\/championship-series\/#primaryimage","url":"https:\/\/1xplayz.com\/wp-content\/uploads\/2021\/07\/spanish-free-bet-esports-1024x256.jpg","contentUrl":"https:\/\/1xplayz.com\/wp-content\/uploads\/2021\/07\/spanish-free-bet-esports-1024x256.jpg"},{"@type":"BreadcrumbList","@id":"https:\/\/1xplayz.com\/es\/league-of-legends\/championship-series\/#breadcrumb","itemListElement":[{"@type":"ListItem","position":1,"name":"Home","item":"https:\/\/1xplayz.com\/es\/"},{"@type":"ListItem","position":2,"name":"Predicciones de League of Legends 2023","item":"https:\/\/1xplayz.com\/es\/league-of-legends\/"},{"@type":"ListItem","position":3,"name":"League of Legends Championship Series 2023"}]},{"@type":"WebSite","@id":"https:\/\/1xplayz.com\/es\/de\/#website","url":"https:\/\/1xplayz.com\/es\/de\/","name":"1xPlayz","description":"Tipsters de eSports","publisher":{"@id":"https:\/\/1xplayz.com\/es\/de\/#\/schema\/person\/8eadc1d14ab3326bbc7a655fbfe061cf"},"potentialAction":[{"@type":"SearchAction","target":{"@type":"EntryPoint","urlTemplate":"https:\/\/1xplayz.com\/es\/de\/?s={search_term_string}"},"query-input":{"@type":"PropertyValueSpecification","valueRequired":true,"valueName":"search_term_string"}}],"inLanguage":"es"},{"@type":["Person","Organization"],"@id":"https:\/\/1xplayz.com\/es\/de\/#\/schema\/person\/8eadc1d14ab3326bbc7a655fbfe061cf","name":"1xPlayz","image":{"@type":"ImageObject","inLanguage":"es","@id":"https:\/\/1xplayz.com\/es\/de\/#\/schema\/person\/image\/","url":"https:\/\/1xplayz.com\/wp-content\/uploads\/2021\/07\/1xp.png","contentUrl":"https:\/\/1xplayz.com\/wp-content\/uploads\/2021\/07\/1xp.png","width":500,"height":500,"caption":"1xPlayz"},"logo":{"@id":"https:\/\/1xplayz.com\/es\/de\/#\/schema\/person\/image\/"},"sameAs":["http:\/\/1xplayz.com"]}]}},"_links":{"self":[{"href":"https:\/\/1xplayz.com\/es\/wp-json\/wp\/v2\/pages\/5657","targetHints":{"allow":["GET"]}}],"collection":[{"href":"https:\/\/1xplayz.com\/es\/wp-json\/wp\/v2\/pages"}],"about":[{"href":"https:\/\/1xplayz.com\/es\/wp-json\/wp\/v2\/types\/page"}],"author":[{"embeddable":true,"href":"https:\/\/1xplayz.com\/es\/wp-json\/wp\/v2\/users\/1"}],"replies":[{"embeddable":true,"href":"https:\/\/1xplayz.com\/es\/wp-json\/wp\/v2\/comments?post=5657"}],"version-history":[{"count":5,"href":"https:\/\/1xplayz.com\/es\/wp-json\/wp\/v2\/pages\/5657\/revisions"}],"predecessor-version":[{"id":42422,"href":"https:\/\/1xplayz.com\/es\/wp-json\/wp\/v2\/pages\/5657\/revisions\/42422"}],"up":[{"embeddable":true,"href":"https:\/\/1xplayz.com\/es\/wp-json\/wp\/v2\/pages\/1594"}],"wp:attachment":[{"href":"https:\/\/1xplayz.com\/es\/wp-json\/wp\/v2\/media?parent=5657"}],"curies":[{"name":"wp","href":"https:\/\/api.w.org\/{rel}","templated":true}]}}