{"id":5745,"date":"2021-09-04T18:35:11","date_gmt":"2021-09-04T11:35:11","guid":{"rendered":"https:\/\/1xplayz.com\/league-of-legends\/european-championship\/"},"modified":"2023-03-07T19:44:04","modified_gmt":"2023-03-07T12:44:04","slug":"european-championship","status":"publish","type":"page","link":"https:\/\/1xplayz.com\/es\/league-of-legends\/european-championship\/","title":{"rendered":"Campeonato de Europa de League of Legends 2023"},"content":{"rendered":"\n<h2 class=\"wp-block-heading\">Predicciones LOL European Championship LEC 2023<\/h2>\n\n\n\n<p>1xPlayz ofrece <strong>pron\u00f3sticos gratuitos<\/strong> y consejos para apostar en los partidos del Campeonato de Europa de League of Legends LEC 2023. El Campeonato de Europa se juega en dos formatos, fase de grupos y eliminatorias. El partido en la fase de grupos solo se juega para 1 mapa. Por lo tanto, predecimos el Ganador 1&#215;2 del tiempo reglamentario y el Marcador correcto. Sin embargo, los partidos en la etapa de Playoffs pueden tener hasta 5 mapas. Entonces, para los partidos de los playoffs, agregamos N\u00famero de mapas a las predicciones. Todas las predicciones y consejos para apostar se pueden encontrar en los horarios del Campeonato de Europa de League of Legends (LEC). El ganador de las temporadas califica para jugar en la <a title=\"League of Legends Mid Season Invitational 2022\" href=\"https:\/\/1xplayz.com\/es\/league-of-legends\/mid-season-invitational\/\">League of Legends Mid Season Invitational 2023<\/a>.<\/p>\n\n\n\n<a href=\"https:\/\/refpa.top\/L?tag=d_1105835m_97c_&amp;site=1105835&amp;ad=97&amp;r=live\/Esports\/\" target=\"_blank\" rel=\"nofollow noopener\"><img loading=\"lazy\" decoding=\"async\" src=\"https:\/\/1xplayz.com\/wp-content\/uploads\/2021\/07\/spanish-free-bet-esports-1024x256.jpg\" alt=\"esports apuesta gratis en espa\u00f1ol\" width=\"800\" height=\"200\" class=\"size-large wp-image-2316\" srcset=\"https:\/\/1xplayz.com\/wp-content\/uploads\/2021\/07\/spanish-free-bet-esports-1024x256.jpg 1024w, https:\/\/1xplayz.com\/wp-content\/uploads\/2021\/07\/spanish-free-bet-esports-300x75.jpg 300w, https:\/\/1xplayz.com\/wp-content\/uploads\/2021\/07\/spanish-free-bet-esports-768x192.jpg 768w, https:\/\/1xplayz.com\/wp-content\/uploads\/2021\/07\/spanish-free-bet-esports-128x32.jpg 128w, https:\/\/1xplayz.com\/wp-content\/uploads\/2021\/07\/spanish-free-bet-esports-32x8.jpg 32w, https:\/\/1xplayz.com\/wp-content\/uploads\/2021\/07\/spanish-free-bet-esports.jpg 1500w\" sizes=\"auto, (max-width: 800px) 100vw, 800px\" \/> <\/a>\n\n\n\n<div class=\"sportspress sp-widget-align-none\"><h4 class=\"sp-table-caption\">Predicciones Campeonato de Europa de League of Legends<\/h4><div class=\"sp-template sp-template-event-blocks\">\n\t<div class=\"sp-table-wrapper\">\n\t\t<table class=\"sp-event-blocks sp-data-table\n\t\t\t\t\t sp-paginated-table\" data-sp-rows=\"5\">\n\t\t\t<thead><tr><th><\/th><\/tr><\/thead> \t\t\t<tbody>\n\t\t\t\t\t\t\t<\/tbody>\n\t\t<\/table>\n\t<\/div>\n\t<div class=\"sp-calendar-link sp-view-all-link\"><a href=\"https:\/\/1xplayz.com\/es\/calendars\/league-of-legends-european-championship\/\">Ver todos los eventos<\/a><\/div><\/div>\n<\/div>\n\n\n\n<h3 class=\"wp-block-heading\">Acerca del Campeonato de Europa LOL 2023<\/h3>\n\n\n\n<p>El Campeonato Europeo de League of Legends 2023 es el nivel principal de la categor\u00eda de deportes electr\u00f3nicos de League of Legends en el continente europeo. La LEC se fund\u00f3 en 2013 como European League of Legends Championship Series. En 2019, las competiciones cambiaron el nombre a Campeonato de Europa de League of Legends. Normalmente, Europe Champions tiene 2 temporadas al a\u00f1o, la LEC Spring y la LEC Summer. Esta es la LEC Spring que comienza en enero y termina en marzo. El pozo de premios de esta primavera de 2023 es de <strong>200 000 EUR<\/strong>, que equivalen a unos <strong>229 248 USD<\/strong>. Este torneo europeo de <strong>Riot Games<\/strong> se juega en dos formatos en los que participan 10 equipos profesionales de pa\u00edses europeos. Hay una fase de grupos y eliminatorias. El formato de la fase de grupos se juega como Double Round-Robin. El formato de los Playoffs es Doble Eliminaci\u00f3n.<\/p>\n\n\n\n<div class=\"sportspress sp-widget-align-none\"><h4 class=\"sp-table-caption\">\u0e1c\u0e25\u0e01\u0e32\u0e23\u0e41\u0e02\u0e48\u0e07\u0e02\u0e31\u0e19 League of Legends European Championship 2022<\/h4><div class=\"sp-template sp-template-event-blocks\">\n\t<div class=\"sp-table-wrapper\">\n\t\t<table class=\"sp-event-blocks sp-data-table\n\t\t\t\t\t sp-paginated-table\" data-sp-rows=\"5\">\n\t\t\t<thead><tr><th><\/th><\/tr><\/thead> \t\t\t<tbody>\n\t\t\t\t\t\t\t<\/tbody>\n\t\t<\/table>\n\t<\/div>\n\t<div class=\"sp-calendar-link sp-view-all-link\"><a href=\"https:\/\/1xplayz.com\/es\/calendars\/league-of-legends-european-championship-2022\/\">Ver todos los eventos<\/a><\/div><\/div>\n<\/div>\n\n\n\n<h3 class=\"wp-block-heading\">Apuesta en LOL European Championship 2023<\/h3>\n\n\n\n<p>\u00bfD\u00f3nde apostar League of Legends European Championship (LEC) 2023? El mejor sitio de apuestas en l\u00ednea para LEC y otros torneos de deportes electr\u00f3nicos es <strong><a href=\"https:\/\/refpa.top\/L?tag=d_1105835m_97c_&amp;site=1105835&amp;ad=97&amp;r=line\/Esports\/\" target=\"_blank\" rel=\"noreferrer noopener\">1xbet.com<\/a><\/strong>. Este sitio web tiene un bono de registro muy bueno de hasta 100 USD (o moneda equivalente). Este sitio web tiene varias opciones y una amplia gama de mercado para apostar en los deportes electr\u00f3nicos. Tambi\u00e9n hay algunas promociones como recompensas para miembros, bono de dep\u00f3sito de fin de semana y devoluci\u00f3n de dinero para algunos deportes electr\u00f3nicos espec\u00edficos. Si tambi\u00e9n te gusta jugar, <a href=\"https:\/\/refpa.top\/L?tag=d_1105835m_97c_&amp;site=1105835&amp;ad=97&amp;r=allgamesentrance\/\" target=\"_blank\" rel=\"noreferrer noopener\">egistre una cuenta con 1XBET<\/a> gratis para jugar algunos juegos con dinero real para ganar dinero real.<\/p>\n\n\n\n<h3 class=\"wp-block-heading\">LTransmisi\u00f3n en vivo del Campeonato de Europa LOL 2023<\/h3>\n\n\n\n<p>Los socios de transmisi\u00f3n del Campeonato Europeo de League of Legends son Twitch y YouTube. Sin embargo, la transmisi\u00f3n en vivo de todos los partidos se basar\u00eda en <a href=\"https:\/\/refpa.top\/L?tag=d_1105835m_97c_&amp;site=1105835&amp;ad=97&amp;r=live\/Esports\/\" target=\"_blank\" rel=\"noreferrer noopener\">1XBET.com<\/a> tambi\u00e9n. Por lo tanto, si tiene una cuenta con 1xbet, puede ver la mayor\u00eda de los partidos de deportes electr\u00f3nicos de forma gratuita. Sin embargo, no deposita dinero.<\/p>\n","protected":false},"excerpt":{"rendered":"<div class=\"mh-excerpt\"><p>Predicciones LOL European Championship LEC 2023 1xPlayz ofrece pron\u00f3sticos gratuitos y consejos para apostar en los partidos del Campeonato de Europa de League of Legends <a class=\"mh-excerpt-more\" href=\"https:\/\/1xplayz.com\/es\/league-of-legends\/european-championship\/\" title=\"Campeonato de Europa de League of Legends 2023\">[&#8230;]<\/a><\/p>\n<\/div>","protected":false},"author":1,"featured_media":0,"parent":1594,"menu_order":0,"comment_status":"closed","ping_status":"closed","template":"","meta":{"footnotes":""},"class_list":["post-5745","page","type-page","status-publish","hentry"],"yoast_head":"<!-- This site is optimized with the Yoast SEO plugin v26.6 - https:\/\/yoast.com\/wordpress\/plugins\/seo\/ -->\n<title>Campeonato de Europa de League of Legends 2023 - Tipsters de eSports - 1xPlayz<\/title>\n<meta name=\"description\" content=\"Predicciones LOL European Championship LEC 2023 1xPlayz ofrece pron\u00f3sticos gratuitos y consejos para apostar en los partidos del Campeonato de Europa de\" \/>\n<meta name=\"robots\" content=\"index, follow, max-snippet:-1, max-image-preview:large, max-video-preview:-1\" \/>\n<link rel=\"canonical\" href=\"https:\/\/1xplayz.com\/es\/league-of-legends\/european-championship\/\" \/>\n<meta property=\"og:locale\" content=\"es_ES\" \/>\n<meta property=\"og:type\" content=\"article\" \/>\n<meta property=\"og:title\" content=\"Campeonato de Europa de League of Legends 2023 - Tipsters de eSports - 1xPlayz\" \/>\n<meta property=\"og:description\" content=\"Predicciones LOL European Championship LEC 2023 1xPlayz ofrece pron\u00f3sticos gratuitos y consejos para apostar en los partidos del Campeonato de Europa de\" \/>\n<meta property=\"og:url\" content=\"https:\/\/1xplayz.com\/es\/league-of-legends\/european-championship\/\" \/>\n<meta property=\"og:site_name\" content=\"1xPlayz\" \/>\n<meta property=\"article:modified_time\" content=\"2023-03-07T12:44:04+00:00\" \/>\n<meta property=\"og:image\" content=\"https:\/\/1xplayz.com\/wp-content\/uploads\/2021\/07\/spanish-free-bet-esports-1024x256.jpg\" \/>\n<meta name=\"twitter:card\" content=\"summary_large_image\" \/>\n<meta name=\"twitter:label1\" content=\"Tiempo de lectura\" \/>\n\t<meta name=\"twitter:data1\" content=\"3 minutos\" \/>\n<script type=\"application\/ld+json\" class=\"yoast-schema-graph\">{\"@context\":\"https:\/\/schema.org\",\"@graph\":[{\"@type\":\"WebPage\",\"@id\":\"https:\/\/1xplayz.com\/es\/league-of-legends\/european-championship\/\",\"url\":\"https:\/\/1xplayz.com\/es\/league-of-legends\/european-championship\/\",\"name\":\"Campeonato de Europa de League of Legends 2023 - Tipsters de eSports - 1xPlayz\",\"isPartOf\":{\"@id\":\"https:\/\/1xplayz.com\/es\/de\/#website\"},\"primaryImageOfPage\":{\"@id\":\"https:\/\/1xplayz.com\/es\/league-of-legends\/european-championship\/#primaryimage\"},\"image\":{\"@id\":\"https:\/\/1xplayz.com\/es\/league-of-legends\/european-championship\/#primaryimage\"},\"thumbnailUrl\":\"https:\/\/1xplayz.com\/wp-content\/uploads\/2021\/07\/spanish-free-bet-esports-1024x256.jpg\",\"datePublished\":\"2021-09-04T11:35:11+00:00\",\"dateModified\":\"2023-03-07T12:44:04+00:00\",\"description\":\"Predicciones LOL European Championship LEC 2023 1xPlayz ofrece pron\u00f3sticos gratuitos y consejos para apostar en los partidos del Campeonato de Europa de\",\"breadcrumb\":{\"@id\":\"https:\/\/1xplayz.com\/es\/league-of-legends\/european-championship\/#breadcrumb\"},\"inLanguage\":\"es\",\"potentialAction\":[{\"@type\":\"ReadAction\",\"target\":[\"https:\/\/1xplayz.com\/es\/league-of-legends\/european-championship\/\"]}]},{\"@type\":\"ImageObject\",\"inLanguage\":\"es\",\"@id\":\"https:\/\/1xplayz.com\/es\/league-of-legends\/european-championship\/#primaryimage\",\"url\":\"https:\/\/1xplayz.com\/wp-content\/uploads\/2021\/07\/spanish-free-bet-esports-1024x256.jpg\",\"contentUrl\":\"https:\/\/1xplayz.com\/wp-content\/uploads\/2021\/07\/spanish-free-bet-esports-1024x256.jpg\"},{\"@type\":\"BreadcrumbList\",\"@id\":\"https:\/\/1xplayz.com\/es\/league-of-legends\/european-championship\/#breadcrumb\",\"itemListElement\":[{\"@type\":\"ListItem\",\"position\":1,\"name\":\"Home\",\"item\":\"https:\/\/1xplayz.com\/es\/\"},{\"@type\":\"ListItem\",\"position\":2,\"name\":\"Predicciones de League of Legends 2023\",\"item\":\"https:\/\/1xplayz.com\/es\/league-of-legends\/\"},{\"@type\":\"ListItem\",\"position\":3,\"name\":\"Campeonato de Europa de League of Legends 2023\"}]},{\"@type\":\"WebSite\",\"@id\":\"https:\/\/1xplayz.com\/es\/de\/#website\",\"url\":\"https:\/\/1xplayz.com\/es\/de\/\",\"name\":\"1xPlayz\",\"description\":\"Tipsters de eSports\",\"publisher\":{\"@id\":\"https:\/\/1xplayz.com\/es\/de\/#\/schema\/person\/8eadc1d14ab3326bbc7a655fbfe061cf\"},\"potentialAction\":[{\"@type\":\"SearchAction\",\"target\":{\"@type\":\"EntryPoint\",\"urlTemplate\":\"https:\/\/1xplayz.com\/es\/de\/?s={search_term_string}\"},\"query-input\":{\"@type\":\"PropertyValueSpecification\",\"valueRequired\":true,\"valueName\":\"search_term_string\"}}],\"inLanguage\":\"es\"},{\"@type\":[\"Person\",\"Organization\"],\"@id\":\"https:\/\/1xplayz.com\/es\/de\/#\/schema\/person\/8eadc1d14ab3326bbc7a655fbfe061cf\",\"name\":\"1xPlayz\",\"image\":{\"@type\":\"ImageObject\",\"inLanguage\":\"es\",\"@id\":\"https:\/\/1xplayz.com\/es\/de\/#\/schema\/person\/image\/\",\"url\":\"https:\/\/1xplayz.com\/wp-content\/uploads\/2021\/07\/1xp.png\",\"contentUrl\":\"https:\/\/1xplayz.com\/wp-content\/uploads\/2021\/07\/1xp.png\",\"width\":500,\"height\":500,\"caption\":\"1xPlayz\"},\"logo\":{\"@id\":\"https:\/\/1xplayz.com\/es\/de\/#\/schema\/person\/image\/\"},\"sameAs\":[\"http:\/\/1xplayz.com\"]}]}<\/script>\n<!-- \/ Yoast SEO plugin. -->","yoast_head_json":{"title":"Campeonato de Europa de League of Legends 2023 - Tipsters de eSports - 1xPlayz","description":"Predicciones LOL European Championship LEC 2023 1xPlayz ofrece pron\u00f3sticos gratuitos y consejos para apostar en los partidos del Campeonato de Europa de","robots":{"index":"index","follow":"follow","max-snippet":"max-snippet:-1","max-image-preview":"max-image-preview:large","max-video-preview":"max-video-preview:-1"},"canonical":"https:\/\/1xplayz.com\/es\/league-of-legends\/european-championship\/","og_locale":"es_ES","og_type":"article","og_title":"Campeonato de Europa de League of Legends 2023 - Tipsters de eSports - 1xPlayz","og_description":"Predicciones LOL European Championship LEC 2023 1xPlayz ofrece pron\u00f3sticos gratuitos y consejos para apostar en los partidos del Campeonato de Europa de","og_url":"https:\/\/1xplayz.com\/es\/league-of-legends\/european-championship\/","og_site_name":"1xPlayz","article_modified_time":"2023-03-07T12:44:04+00:00","og_image":[{"url":"https:\/\/1xplayz.com\/wp-content\/uploads\/2021\/07\/spanish-free-bet-esports-1024x256.jpg","type":"","width":"","height":""}],"twitter_card":"summary_large_image","twitter_misc":{"Tiempo de lectura":"3 minutos"},"schema":{"@context":"https:\/\/schema.org","@graph":[{"@type":"WebPage","@id":"https:\/\/1xplayz.com\/es\/league-of-legends\/european-championship\/","url":"https:\/\/1xplayz.com\/es\/league-of-legends\/european-championship\/","name":"Campeonato de Europa de League of Legends 2023 - Tipsters de eSports - 1xPlayz","isPartOf":{"@id":"https:\/\/1xplayz.com\/es\/de\/#website"},"primaryImageOfPage":{"@id":"https:\/\/1xplayz.com\/es\/league-of-legends\/european-championship\/#primaryimage"},"image":{"@id":"https:\/\/1xplayz.com\/es\/league-of-legends\/european-championship\/#primaryimage"},"thumbnailUrl":"https:\/\/1xplayz.com\/wp-content\/uploads\/2021\/07\/spanish-free-bet-esports-1024x256.jpg","datePublished":"2021-09-04T11:35:11+00:00","dateModified":"2023-03-07T12:44:04+00:00","description":"Predicciones LOL European Championship LEC 2023 1xPlayz ofrece pron\u00f3sticos gratuitos y consejos para apostar en los partidos del Campeonato de Europa de","breadcrumb":{"@id":"https:\/\/1xplayz.com\/es\/league-of-legends\/european-championship\/#breadcrumb"},"inLanguage":"es","potentialAction":[{"@type":"ReadAction","target":["https:\/\/1xplayz.com\/es\/league-of-legends\/european-championship\/"]}]},{"@type":"ImageObject","inLanguage":"es","@id":"https:\/\/1xplayz.com\/es\/league-of-legends\/european-championship\/#primaryimage","url":"https:\/\/1xplayz.com\/wp-content\/uploads\/2021\/07\/spanish-free-bet-esports-1024x256.jpg","contentUrl":"https:\/\/1xplayz.com\/wp-content\/uploads\/2021\/07\/spanish-free-bet-esports-1024x256.jpg"},{"@type":"BreadcrumbList","@id":"https:\/\/1xplayz.com\/es\/league-of-legends\/european-championship\/#breadcrumb","itemListElement":[{"@type":"ListItem","position":1,"name":"Home","item":"https:\/\/1xplayz.com\/es\/"},{"@type":"ListItem","position":2,"name":"Predicciones de League of Legends 2023","item":"https:\/\/1xplayz.com\/es\/league-of-legends\/"},{"@type":"ListItem","position":3,"name":"Campeonato de Europa de League of Legends 2023"}]},{"@type":"WebSite","@id":"https:\/\/1xplayz.com\/es\/de\/#website","url":"https:\/\/1xplayz.com\/es\/de\/","name":"1xPlayz","description":"Tipsters de eSports","publisher":{"@id":"https:\/\/1xplayz.com\/es\/de\/#\/schema\/person\/8eadc1d14ab3326bbc7a655fbfe061cf"},"potentialAction":[{"@type":"SearchAction","target":{"@type":"EntryPoint","urlTemplate":"https:\/\/1xplayz.com\/es\/de\/?s={search_term_string}"},"query-input":{"@type":"PropertyValueSpecification","valueRequired":true,"valueName":"search_term_string"}}],"inLanguage":"es"},{"@type":["Person","Organization"],"@id":"https:\/\/1xplayz.com\/es\/de\/#\/schema\/person\/8eadc1d14ab3326bbc7a655fbfe061cf","name":"1xPlayz","image":{"@type":"ImageObject","inLanguage":"es","@id":"https:\/\/1xplayz.com\/es\/de\/#\/schema\/person\/image\/","url":"https:\/\/1xplayz.com\/wp-content\/uploads\/2021\/07\/1xp.png","contentUrl":"https:\/\/1xplayz.com\/wp-content\/uploads\/2021\/07\/1xp.png","width":500,"height":500,"caption":"1xPlayz"},"logo":{"@id":"https:\/\/1xplayz.com\/es\/de\/#\/schema\/person\/image\/"},"sameAs":["http:\/\/1xplayz.com"]}]}},"_links":{"self":[{"href":"https:\/\/1xplayz.com\/es\/wp-json\/wp\/v2\/pages\/5745","targetHints":{"allow":["GET"]}}],"collection":[{"href":"https:\/\/1xplayz.com\/es\/wp-json\/wp\/v2\/pages"}],"about":[{"href":"https:\/\/1xplayz.com\/es\/wp-json\/wp\/v2\/types\/page"}],"author":[{"embeddable":true,"href":"https:\/\/1xplayz.com\/es\/wp-json\/wp\/v2\/users\/1"}],"replies":[{"embeddable":true,"href":"https:\/\/1xplayz.com\/es\/wp-json\/wp\/v2\/comments?post=5745"}],"version-history":[{"count":9,"href":"https:\/\/1xplayz.com\/es\/wp-json\/wp\/v2\/pages\/5745\/revisions"}],"predecessor-version":[{"id":42334,"href":"https:\/\/1xplayz.com\/es\/wp-json\/wp\/v2\/pages\/5745\/revisions\/42334"}],"up":[{"embeddable":true,"href":"https:\/\/1xplayz.com\/es\/wp-json\/wp\/v2\/pages\/1594"}],"wp:attachment":[{"href":"https:\/\/1xplayz.com\/es\/wp-json\/wp\/v2\/media?parent=5745"}],"curies":[{"name":"wp","href":"https:\/\/api.w.org\/{rel}","templated":true}]}}