{"id":6742,"date":"2021-09-13T19:49:26","date_gmt":"2021-09-13T12:49:26","guid":{"rendered":"https:\/\/1xplayz.com\/league-of-legends\/pacific-championship-series\/"},"modified":"2023-03-07T21:48:10","modified_gmt":"2023-03-07T14:48:10","slug":"pacific-championship-series","status":"publish","type":"page","link":"https:\/\/1xplayz.com\/es\/league-of-legends\/pacific-championship-series\/","title":{"rendered":"League of Legends Pacific Championship Series 2023"},"content":{"rendered":"\n<h2 class=\"wp-block-heading\">LPredicciones LOL Pacific Championship Series PCS 2023<\/h2>\n\n\n\n<p>1xPlayz ofrece<strong> predicciones gratuitas<\/strong> y consejos para apostar en los partidos de League of Legends Asia Pacific 2023. La Pacific Championship Series se juega en dos formatos, fase de grupos y eliminatorias. El partido de la fase de grupos solo se juega en 1 mapa. Por lo tanto, predecimos el ganador 1&#215;2 en el tiempo regular y el puntaje correcto. Sin embargo, los partidos en la etapa de Playoffs pueden tener hasta 5 mapas. De modo que, para los partidos de playoffs, agregamos N\u00famero de mapas a las predicciones. Todas las predicciones y consejos para apostar se pueden encontrar en los horarios de League of Legends Pacific Championship Series PCS. El premio acumulado de PCS Summer 2023 es de <strong>80.000 USD<\/strong>.<\/p>\n\n\n\n<a href=\"https:\/\/refpa.top\/L?tag=d_1105835m_97c_&amp;site=1105835&amp;ad=97&amp;r=live\/Esports\/\" target=\"_blank\" rel=\"nofollow noopener\"><img loading=\"lazy\" decoding=\"async\" class=\"alignnone wp-image-1834\" src=\"https:\/\/1xplayz.com\/wp-content\/uploads\/2021\/07\/spanish-lol-betting-bonus-1024x347.jpg\" alt=\"bono de apuestas lol espa\u00f1ol\" width=\"800\" height=\"271\" srcset=\"https:\/\/1xplayz.com\/wp-content\/uploads\/2021\/07\/spanish-lol-betting-bonus-1024x347.jpg 1024w, https:\/\/1xplayz.com\/wp-content\/uploads\/2021\/07\/spanish-lol-betting-bonus-300x102.jpg 300w, https:\/\/1xplayz.com\/wp-content\/uploads\/2021\/07\/spanish-lol-betting-bonus-768x260.jpg 768w, https:\/\/1xplayz.com\/wp-content\/uploads\/2021\/07\/spanish-lol-betting-bonus-128x43.jpg 128w, https:\/\/1xplayz.com\/wp-content\/uploads\/2021\/07\/spanish-lol-betting-bonus-32x11.jpg 32w, https:\/\/1xplayz.com\/wp-content\/uploads\/2021\/07\/spanish-lol-betting-bonus.jpg 1527w\" sizes=\"auto, (max-width: 800px) 100vw, 800px\" \/><\/a>\n\n\n\n<h3 class=\"wp-block-heading\">AbouAcerca de LOL Pacific Championship Series<\/h3>\n\n\n\n<p>La League of Legends Pacific Championship Series es el nivel principal de la categor\u00eda de deportes electr\u00f3nicos de League of Legends en Taiw\u00e1n, Hong Kong y el sudeste asi\u00e1tico (Malasia, Filipinas, Singapur y Tailandia). El PCS se encontr\u00f3 en 2019 como la fusi\u00f3n de League of Legends Master Series (LMS) y League of Legend SEA Tour (LST). Los propietarios y organizadores de los torneos son Riot Games, Carry y Garena. Normalmente, Pacific Championship tiene 2 temporadas por a\u00f1o, incluidas PCS Spring y PSC Summer. Cada temporada, habr\u00e1 10 equipos clasificados de diferentes pa\u00edses de Asia Pac\u00edfico y el sudeste asi\u00e1tico participantes. La primavera de PCS comienza en febrero y termina en abril. Adem\u00e1s, el PSC Summer comenzar\u00e1 de julio a agosto.<\/p>\n\n\n\n<p>Para todas las temporadas, hay 2 formatos para encontrar al ganador. Hay una fase de grupos que se juega como Double Round Robin. Cada equipo juega 18 partidos en esta ronda. Los partidos son lo mejor de uno. Los ocho mejores equipos de la clasificaci\u00f3n del grupo se clasifican para los Playoffs. En Playoffs, los partidos se jugar\u00e1n como doble eliminaci\u00f3n. Los partidos de cuartos de final y de la ronda 1 de perdedores son al mejor de 3. El ganador del split de primavera de PCS se clasifica para el Mid-Season Invitational. El ganador y el subcampe\u00f3n (segundo lugar) de PCS Summer se clasifican para <a href=\"https:\/\/1xplayz.com\/es\/league-of-legends\/world-championship\/\">Campeonato del Mundo de League of Legends<\/a>. Los dos \u00faltimos equipos de la divisi\u00f3n de verano pasar\u00e1n a la pr\u00f3xima promoci\u00f3n de primavera de PCS.<\/p>\n\n\n\n<h3 class=\"wp-block-heading\">Sitio web de apuestas de LOL Pacific Championship Series 2023<\/h3>\n\n\n\n<p>\u00bfD\u00f3nde apostar League of Legends Pacific Championship Series (PCS) 2023? El mejor sitio de apuestas online para PCS y otros torneos de deportes electr\u00f3nicos es <strong><a href=\"https:\/\/refpa.top\/L?tag=d_1105835m_97c_&amp;site=1105835&amp;ad=97&amp;r=line\/Esports\/\" target=\"_blank\" rel=\"noreferrer noopener\">1xbet.com<\/a><\/strong>. Este sitio web tiene un bono de registro muy bueno de hasta 100 USD (o moneda equivalente). Este sitio web tiene varias opciones y una amplia gama de mercado para apostar en los deportes electr\u00f3nicos. Tambi\u00e9n hay algunas promociones como recompensas para miembros, bonificaci\u00f3n de dep\u00f3sito de fin de semana y devoluci\u00f3n de dinero para algunos deportes electr\u00f3nicos espec\u00edficos. Si tambi\u00e9n te gusta jugar, <a href=\"https:\/\/refpa.top\/L?tag=d_1105835m_97c_&amp;site=1105835&amp;ad=97&amp;r=allgamesentrance\/\" target=\"_blank\" rel=\"noreferrer noopener\">registre una cuenta con 1XBET<\/a> gratis para jugar algunos juegos con dinero real para ganar dinero real.<\/p>\n\n\n\n<h3 class=\"wp-block-heading\">Transmisi\u00f3n en vivo de LOL Pacific Championship Series 2023<\/h3>\n\n\n\n<p>Los socios de transmisi\u00f3n de League of Legends Pacific Championship Series son Twitch y YouTube. Sin embargo, la transmisi\u00f3n en vivo de todos los partidos se basar\u00eda en <a href=\"https:\/\/refpa.top\/L?tag=d_1105835m_97c_&amp;site=1105835&amp;ad=97&amp;r=live\/Esports\/\" target=\"_blank\" rel=\"noreferrer noopener\">1XBET.com<\/a> tambi\u00e9n. Por lo tanto, si tiene una cuenta con 1xbet, puede ver la mayor\u00eda de los partidos de deportes electr\u00f3nicos de forma gratuita. Sin embargo, no deposita dinero.<\/p>\n","protected":false},"excerpt":{"rendered":"<div class=\"mh-excerpt\"><p>LPredicciones LOL Pacific Championship Series PCS 2023 1xPlayz ofrece predicciones gratuitas y consejos para apostar en los partidos de League of Legends Asia Pacific 2023. <a class=\"mh-excerpt-more\" href=\"https:\/\/1xplayz.com\/es\/league-of-legends\/pacific-championship-series\/\" title=\"League of Legends Pacific Championship Series 2023\">[&#8230;]<\/a><\/p>\n<\/div>","protected":false},"author":1,"featured_media":0,"parent":1594,"menu_order":0,"comment_status":"closed","ping_status":"closed","template":"","meta":{"footnotes":""},"class_list":["post-6742","page","type-page","status-publish","hentry"],"yoast_head":"<!-- This site is optimized with the Yoast SEO plugin v26.6 - https:\/\/yoast.com\/wordpress\/plugins\/seo\/ -->\n<title>League of Legends Pacific Championship Series 2023 - Tipsters de eSports - 1xPlayz<\/title>\n<meta name=\"description\" content=\"LPredicciones LOL Pacific Championship Series PCS 2023 1xPlayz ofrece predicciones gratuitas y consejos para apostar en los partidos de League of Legends\" \/>\n<meta name=\"robots\" content=\"index, follow, max-snippet:-1, max-image-preview:large, max-video-preview:-1\" \/>\n<link rel=\"canonical\" href=\"https:\/\/1xplayz.com\/es\/league-of-legends\/pacific-championship-series\/\" \/>\n<meta property=\"og:locale\" content=\"es_ES\" \/>\n<meta property=\"og:type\" content=\"article\" \/>\n<meta property=\"og:title\" content=\"League of Legends Pacific Championship Series 2023 - Tipsters de eSports - 1xPlayz\" \/>\n<meta property=\"og:description\" content=\"LPredicciones LOL Pacific Championship Series PCS 2023 1xPlayz ofrece predicciones gratuitas y consejos para apostar en los partidos de League of Legends\" \/>\n<meta property=\"og:url\" content=\"https:\/\/1xplayz.com\/es\/league-of-legends\/pacific-championship-series\/\" \/>\n<meta property=\"og:site_name\" content=\"1xPlayz\" \/>\n<meta property=\"article:modified_time\" content=\"2023-03-07T14:48:10+00:00\" \/>\n<meta property=\"og:image\" content=\"https:\/\/1xplayz.com\/wp-content\/uploads\/2021\/07\/spanish-lol-betting-bonus-1024x347.jpg\" \/>\n<meta name=\"twitter:card\" content=\"summary_large_image\" \/>\n<meta name=\"twitter:label1\" content=\"Tiempo de lectura\" \/>\n\t<meta name=\"twitter:data1\" content=\"3 minutos\" \/>\n<script type=\"application\/ld+json\" class=\"yoast-schema-graph\">{\"@context\":\"https:\/\/schema.org\",\"@graph\":[{\"@type\":\"WebPage\",\"@id\":\"https:\/\/1xplayz.com\/es\/league-of-legends\/pacific-championship-series\/\",\"url\":\"https:\/\/1xplayz.com\/es\/league-of-legends\/pacific-championship-series\/\",\"name\":\"League of Legends Pacific Championship Series 2023 - Tipsters de eSports - 1xPlayz\",\"isPartOf\":{\"@id\":\"https:\/\/1xplayz.com\/es\/de\/#website\"},\"primaryImageOfPage\":{\"@id\":\"https:\/\/1xplayz.com\/es\/league-of-legends\/pacific-championship-series\/#primaryimage\"},\"image\":{\"@id\":\"https:\/\/1xplayz.com\/es\/league-of-legends\/pacific-championship-series\/#primaryimage\"},\"thumbnailUrl\":\"https:\/\/1xplayz.com\/wp-content\/uploads\/2021\/07\/spanish-lol-betting-bonus-1024x347.jpg\",\"datePublished\":\"2021-09-13T12:49:26+00:00\",\"dateModified\":\"2023-03-07T14:48:10+00:00\",\"description\":\"LPredicciones LOL Pacific Championship Series PCS 2023 1xPlayz ofrece predicciones gratuitas y consejos para apostar en los partidos de League of Legends\",\"breadcrumb\":{\"@id\":\"https:\/\/1xplayz.com\/es\/league-of-legends\/pacific-championship-series\/#breadcrumb\"},\"inLanguage\":\"es\",\"potentialAction\":[{\"@type\":\"ReadAction\",\"target\":[\"https:\/\/1xplayz.com\/es\/league-of-legends\/pacific-championship-series\/\"]}]},{\"@type\":\"ImageObject\",\"inLanguage\":\"es\",\"@id\":\"https:\/\/1xplayz.com\/es\/league-of-legends\/pacific-championship-series\/#primaryimage\",\"url\":\"https:\/\/1xplayz.com\/wp-content\/uploads\/2021\/07\/spanish-lol-betting-bonus-1024x347.jpg\",\"contentUrl\":\"https:\/\/1xplayz.com\/wp-content\/uploads\/2021\/07\/spanish-lol-betting-bonus-1024x347.jpg\"},{\"@type\":\"BreadcrumbList\",\"@id\":\"https:\/\/1xplayz.com\/es\/league-of-legends\/pacific-championship-series\/#breadcrumb\",\"itemListElement\":[{\"@type\":\"ListItem\",\"position\":1,\"name\":\"Home\",\"item\":\"https:\/\/1xplayz.com\/es\/\"},{\"@type\":\"ListItem\",\"position\":2,\"name\":\"Predicciones de League of Legends 2023\",\"item\":\"https:\/\/1xplayz.com\/es\/league-of-legends\/\"},{\"@type\":\"ListItem\",\"position\":3,\"name\":\"League of Legends Pacific Championship Series 2023\"}]},{\"@type\":\"WebSite\",\"@id\":\"https:\/\/1xplayz.com\/es\/de\/#website\",\"url\":\"https:\/\/1xplayz.com\/es\/de\/\",\"name\":\"1xPlayz\",\"description\":\"Tipsters de eSports\",\"publisher\":{\"@id\":\"https:\/\/1xplayz.com\/es\/de\/#\/schema\/person\/8eadc1d14ab3326bbc7a655fbfe061cf\"},\"potentialAction\":[{\"@type\":\"SearchAction\",\"target\":{\"@type\":\"EntryPoint\",\"urlTemplate\":\"https:\/\/1xplayz.com\/es\/de\/?s={search_term_string}\"},\"query-input\":{\"@type\":\"PropertyValueSpecification\",\"valueRequired\":true,\"valueName\":\"search_term_string\"}}],\"inLanguage\":\"es\"},{\"@type\":[\"Person\",\"Organization\"],\"@id\":\"https:\/\/1xplayz.com\/es\/de\/#\/schema\/person\/8eadc1d14ab3326bbc7a655fbfe061cf\",\"name\":\"1xPlayz\",\"image\":{\"@type\":\"ImageObject\",\"inLanguage\":\"es\",\"@id\":\"https:\/\/1xplayz.com\/es\/de\/#\/schema\/person\/image\/\",\"url\":\"https:\/\/1xplayz.com\/wp-content\/uploads\/2021\/07\/1xp.png\",\"contentUrl\":\"https:\/\/1xplayz.com\/wp-content\/uploads\/2021\/07\/1xp.png\",\"width\":500,\"height\":500,\"caption\":\"1xPlayz\"},\"logo\":{\"@id\":\"https:\/\/1xplayz.com\/es\/de\/#\/schema\/person\/image\/\"},\"sameAs\":[\"http:\/\/1xplayz.com\"]}]}<\/script>\n<!-- \/ Yoast SEO plugin. -->","yoast_head_json":{"title":"League of Legends Pacific Championship Series 2023 - Tipsters de eSports - 1xPlayz","description":"LPredicciones LOL Pacific Championship Series PCS 2023 1xPlayz ofrece predicciones gratuitas y consejos para apostar en los partidos de League of Legends","robots":{"index":"index","follow":"follow","max-snippet":"max-snippet:-1","max-image-preview":"max-image-preview:large","max-video-preview":"max-video-preview:-1"},"canonical":"https:\/\/1xplayz.com\/es\/league-of-legends\/pacific-championship-series\/","og_locale":"es_ES","og_type":"article","og_title":"League of Legends Pacific Championship Series 2023 - Tipsters de eSports - 1xPlayz","og_description":"LPredicciones LOL Pacific Championship Series PCS 2023 1xPlayz ofrece predicciones gratuitas y consejos para apostar en los partidos de League of Legends","og_url":"https:\/\/1xplayz.com\/es\/league-of-legends\/pacific-championship-series\/","og_site_name":"1xPlayz","article_modified_time":"2023-03-07T14:48:10+00:00","og_image":[{"url":"https:\/\/1xplayz.com\/wp-content\/uploads\/2021\/07\/spanish-lol-betting-bonus-1024x347.jpg","type":"","width":"","height":""}],"twitter_card":"summary_large_image","twitter_misc":{"Tiempo de lectura":"3 minutos"},"schema":{"@context":"https:\/\/schema.org","@graph":[{"@type":"WebPage","@id":"https:\/\/1xplayz.com\/es\/league-of-legends\/pacific-championship-series\/","url":"https:\/\/1xplayz.com\/es\/league-of-legends\/pacific-championship-series\/","name":"League of Legends Pacific Championship Series 2023 - Tipsters de eSports - 1xPlayz","isPartOf":{"@id":"https:\/\/1xplayz.com\/es\/de\/#website"},"primaryImageOfPage":{"@id":"https:\/\/1xplayz.com\/es\/league-of-legends\/pacific-championship-series\/#primaryimage"},"image":{"@id":"https:\/\/1xplayz.com\/es\/league-of-legends\/pacific-championship-series\/#primaryimage"},"thumbnailUrl":"https:\/\/1xplayz.com\/wp-content\/uploads\/2021\/07\/spanish-lol-betting-bonus-1024x347.jpg","datePublished":"2021-09-13T12:49:26+00:00","dateModified":"2023-03-07T14:48:10+00:00","description":"LPredicciones LOL Pacific Championship Series PCS 2023 1xPlayz ofrece predicciones gratuitas y consejos para apostar en los partidos de League of Legends","breadcrumb":{"@id":"https:\/\/1xplayz.com\/es\/league-of-legends\/pacific-championship-series\/#breadcrumb"},"inLanguage":"es","potentialAction":[{"@type":"ReadAction","target":["https:\/\/1xplayz.com\/es\/league-of-legends\/pacific-championship-series\/"]}]},{"@type":"ImageObject","inLanguage":"es","@id":"https:\/\/1xplayz.com\/es\/league-of-legends\/pacific-championship-series\/#primaryimage","url":"https:\/\/1xplayz.com\/wp-content\/uploads\/2021\/07\/spanish-lol-betting-bonus-1024x347.jpg","contentUrl":"https:\/\/1xplayz.com\/wp-content\/uploads\/2021\/07\/spanish-lol-betting-bonus-1024x347.jpg"},{"@type":"BreadcrumbList","@id":"https:\/\/1xplayz.com\/es\/league-of-legends\/pacific-championship-series\/#breadcrumb","itemListElement":[{"@type":"ListItem","position":1,"name":"Home","item":"https:\/\/1xplayz.com\/es\/"},{"@type":"ListItem","position":2,"name":"Predicciones de League of Legends 2023","item":"https:\/\/1xplayz.com\/es\/league-of-legends\/"},{"@type":"ListItem","position":3,"name":"League of Legends Pacific Championship Series 2023"}]},{"@type":"WebSite","@id":"https:\/\/1xplayz.com\/es\/de\/#website","url":"https:\/\/1xplayz.com\/es\/de\/","name":"1xPlayz","description":"Tipsters de eSports","publisher":{"@id":"https:\/\/1xplayz.com\/es\/de\/#\/schema\/person\/8eadc1d14ab3326bbc7a655fbfe061cf"},"potentialAction":[{"@type":"SearchAction","target":{"@type":"EntryPoint","urlTemplate":"https:\/\/1xplayz.com\/es\/de\/?s={search_term_string}"},"query-input":{"@type":"PropertyValueSpecification","valueRequired":true,"valueName":"search_term_string"}}],"inLanguage":"es"},{"@type":["Person","Organization"],"@id":"https:\/\/1xplayz.com\/es\/de\/#\/schema\/person\/8eadc1d14ab3326bbc7a655fbfe061cf","name":"1xPlayz","image":{"@type":"ImageObject","inLanguage":"es","@id":"https:\/\/1xplayz.com\/es\/de\/#\/schema\/person\/image\/","url":"https:\/\/1xplayz.com\/wp-content\/uploads\/2021\/07\/1xp.png","contentUrl":"https:\/\/1xplayz.com\/wp-content\/uploads\/2021\/07\/1xp.png","width":500,"height":500,"caption":"1xPlayz"},"logo":{"@id":"https:\/\/1xplayz.com\/es\/de\/#\/schema\/person\/image\/"},"sameAs":["http:\/\/1xplayz.com"]}]}},"_links":{"self":[{"href":"https:\/\/1xplayz.com\/es\/wp-json\/wp\/v2\/pages\/6742","targetHints":{"allow":["GET"]}}],"collection":[{"href":"https:\/\/1xplayz.com\/es\/wp-json\/wp\/v2\/pages"}],"about":[{"href":"https:\/\/1xplayz.com\/es\/wp-json\/wp\/v2\/types\/page"}],"author":[{"embeddable":true,"href":"https:\/\/1xplayz.com\/es\/wp-json\/wp\/v2\/users\/1"}],"replies":[{"embeddable":true,"href":"https:\/\/1xplayz.com\/es\/wp-json\/wp\/v2\/comments?post=6742"}],"version-history":[{"count":5,"href":"https:\/\/1xplayz.com\/es\/wp-json\/wp\/v2\/pages\/6742\/revisions"}],"predecessor-version":[{"id":42355,"href":"https:\/\/1xplayz.com\/es\/wp-json\/wp\/v2\/pages\/6742\/revisions\/42355"}],"up":[{"embeddable":true,"href":"https:\/\/1xplayz.com\/es\/wp-json\/wp\/v2\/pages\/1594"}],"wp:attachment":[{"href":"https:\/\/1xplayz.com\/es\/wp-json\/wp\/v2\/media?parent=6742"}],"curies":[{"name":"wp","href":"https:\/\/api.w.org\/{rel}","templated":true}]}}