{"id":7245,"date":"2021-09-19T12:39:21","date_gmt":"2021-09-19T05:39:21","guid":{"rendered":"https:\/\/1xplayz.com\/league-of-legends\/continental-league\/"},"modified":"2023-03-08T12:51:35","modified_gmt":"2023-03-08T05:51:35","slug":"continental-league","status":"publish","type":"page","link":"https:\/\/1xplayz.com\/es\/league-of-legends\/continental-league\/","title":{"rendered":"League of Legends Continental League 2023"},"content":{"rendered":"\n<h2 class=\"wp-block-heading\">Predicciones LOL Continental League LCL 2023<\/h2>\n\n\n\n<p>1xPlayz ofrece <strong>predicciones gratuitas<\/strong> y consejos para apostar los partidos de League of Legends Continental League (LCL) 2023. La Continental League juega en dos formatos, Fase de grupos y Playoffs. El partido de la fase de grupos solo se juega en 1 mapa. Por lo tanto, predecimos el ganador 1&#215;2 en el tiempo regular y el puntaje correcto. Sin embargo, los partidos en la etapa de Playoffs pueden tener hasta 5 mapas. De modo que, para los partidos de playoffs, agregamos N\u00famero de mapas a las predicciones. Todas las predicciones y consejos para apostar se pueden encontrar en los horarios de League of Legends Continental League LCL.<\/p>\n\n\n\n<a href=\"https:\/\/refpa.top\/L?tag=d_1105835m_97c_&amp;site=1105835&amp;ad=97&amp;r=live\/Esports\/\" target=\"_blank\" rel=\"nofollow noopener\"><img loading=\"lazy\" decoding=\"async\" class=\"alignnone wp-image-1834\" src=\"https:\/\/1xplayz.com\/wp-content\/uploads\/2021\/07\/spanish-lol-betting-bonus-1024x347.jpg\" alt=\"bono de apuestas lol espa\u00f1ol\" width=\"800\" height=\"271\" srcset=\"https:\/\/1xplayz.com\/wp-content\/uploads\/2021\/07\/spanish-lol-betting-bonus-1024x347.jpg 1024w, https:\/\/1xplayz.com\/wp-content\/uploads\/2021\/07\/spanish-lol-betting-bonus-300x102.jpg 300w, https:\/\/1xplayz.com\/wp-content\/uploads\/2021\/07\/spanish-lol-betting-bonus-768x260.jpg 768w, https:\/\/1xplayz.com\/wp-content\/uploads\/2021\/07\/spanish-lol-betting-bonus-128x43.jpg 128w, https:\/\/1xplayz.com\/wp-content\/uploads\/2021\/07\/spanish-lol-betting-bonus-32x11.jpg 32w, https:\/\/1xplayz.com\/wp-content\/uploads\/2021\/07\/spanish-lol-betting-bonus.jpg 1527w\" sizes=\"auto, (max-width: 800px) 100vw, 800px\" \/><\/a>\n\n\n\n<h3 class=\"wp-block-heading\">Acerca de LOL Continental League<\/h3>\n\n\n\n<p>La Liga Continental de League of Legends fue organizada por StarLadder en 2016 en Rusia. La Liga Continental de League of Legends en nombre corto de (LCL) es el nivel principal que reemplaza a SLTV StarSeries. El propietario y fundador del torneo es Riot Games Rusia. Cada temporada anual tiene dos divisiones, primavera y verano. Ambos duran cinco semanas de doble round-robin y los playoffs de eliminaci\u00f3n simple. Los ganadores del split de primavera de LCL se clasifican para el Mid-Season Invitational, mientras que el ganador y el subcampe\u00f3n del split de verano de LCL se clasifican para <a href=\"https:\/\/1xplayz.com\/es\/league-of-legends\/world-championship\/\">el Campeonato del Mundo<\/a>.<\/p>\n\n\n\n<p>Para todas las temporadas, hay 2 formatos para encontrar al ganador. Hay una fase de grupos que se juega como Double Round Robin. Para LCL Spring, el torneo comienza entre febrero y abril. Cada participante del equipo juega 14 partidos en esta ronda. El formato de los partidos es el mejor de uno. Los cuatro mejores equipos de la clasificaci\u00f3n del grupo se clasifican para los Playoffs. En Playoffs, los partidos se jugar\u00e1n como Eliminaci\u00f3n Individual. Todos los partidos son al mejor de 5. El verano de LCL comienza de junio a septiembre. El torneo tambi\u00e9n tiene los mismos formatos de la fase de grupos. Los 5 mejores equipos juegan en Playoffs. El primer lugar se coloca en la final de ganadores. El segundo y tercer lugar se ubican en la Ronda de Ganadores 1. El cuarto y quinto lugar se ubican en la Ronda de Perdedores 1. El formato de los playoffs de verano es Eliminaci\u00f3n Doble.<\/p>\n\n\n\n<h3 class=\"wp-block-heading\">Sitio web de apuestas LOL Continental League 2023<\/h3>\n\n\n\n<p>\u00bfD\u00f3nde apostar League of Legends Continental League (LCL) 2023? El mejor sitio de apuestas online para LCL y otros torneos de deportes electr\u00f3nicos es <strong><a href=\"https:\/\/refpa.top\/L?tag=d_1105835m_97c_&amp;site=1105835&amp;ad=97&amp;r=line\/Esports\/\" target=\"_blank\" rel=\"noreferrer noopener\">1xbet.com<\/a><\/strong>. Este sitio web tiene un bono de registro muy bueno de hasta 100 USD (o moneda equivalente). Este sitio web tiene varias opciones y una amplia gama de mercado para apostar en los deportes electr\u00f3nicos. Tambi\u00e9n hay algunas promociones como recompensas para miembros, bonificaci\u00f3n de dep\u00f3sito de fin de semana y devoluci\u00f3n de dinero para algunos deportes electr\u00f3nicos espec\u00edficos. Si tambi\u00e9n te gusta jugar, <a href=\"https:\/\/refpa.top\/L?tag=d_1105835m_97c_&amp;site=1105835&amp;ad=97&amp;r=allgamesentrance\/\" target=\"_blank\" rel=\"noreferrer noopener\">registre una cuenta con 1XBET<\/a> gratis para jugar algunos juegos con dinero real para ganar dinero real.<\/p>\n\n\n\n<h3 class=\"wp-block-heading\">Transmisi\u00f3n en vivo de LOL Continental League 2023<\/h3>\n\n\n\n<p>Los socios de transmisi\u00f3n de League of Legends Continental League son Twitch. Sin embargo, la transmisi\u00f3n en vivo de todos los partidos se basar\u00eda en <a href=\"https:\/\/refpa.top\/L?tag=d_1105835m_97c_&amp;site=1105835&amp;ad=97&amp;r=live\/Esports\/\" target=\"_blank\" rel=\"noreferrer noopener\">1XBET.com<\/a> tambi\u00e9n. Por lo tanto, si tiene una cuenta con 1xbet, puede ver la mayor\u00eda de los partidos de deportes electr\u00f3nicos de forma gratuita. Sin embargo, no deposita dinero.<\/p>\n","protected":false},"excerpt":{"rendered":"<div class=\"mh-excerpt\"><p>Predicciones LOL Continental League LCL 2023 1xPlayz ofrece predicciones gratuitas y consejos para apostar los partidos de League of Legends Continental League (LCL) 2023. La <a class=\"mh-excerpt-more\" href=\"https:\/\/1xplayz.com\/es\/league-of-legends\/continental-league\/\" title=\"League of Legends Continental League 2023\">[&#8230;]<\/a><\/p>\n<\/div>","protected":false},"author":1,"featured_media":0,"parent":1594,"menu_order":0,"comment_status":"closed","ping_status":"closed","template":"","meta":{"footnotes":""},"class_list":["post-7245","page","type-page","status-publish","hentry"],"yoast_head":"<!-- This site is optimized with the Yoast SEO plugin v26.6 - https:\/\/yoast.com\/wordpress\/plugins\/seo\/ -->\n<title>League of Legends Continental League 2023 - Tipsters de eSports - 1xPlayz<\/title>\n<meta name=\"description\" content=\"Predicciones LOL Continental League LCL 2023 1xPlayz ofrece predicciones gratuitas y consejos para apostar los partidos de League of Legends Continental\" \/>\n<meta name=\"robots\" content=\"index, follow, max-snippet:-1, max-image-preview:large, max-video-preview:-1\" \/>\n<link rel=\"canonical\" href=\"https:\/\/1xplayz.com\/es\/league-of-legends\/continental-league\/\" \/>\n<meta property=\"og:locale\" content=\"es_ES\" \/>\n<meta property=\"og:type\" content=\"article\" \/>\n<meta property=\"og:title\" content=\"League of Legends Continental League 2023 - Tipsters de eSports - 1xPlayz\" \/>\n<meta property=\"og:description\" content=\"Predicciones LOL Continental League LCL 2023 1xPlayz ofrece predicciones gratuitas y consejos para apostar los partidos de League of Legends Continental\" \/>\n<meta property=\"og:url\" content=\"https:\/\/1xplayz.com\/es\/league-of-legends\/continental-league\/\" \/>\n<meta property=\"og:site_name\" content=\"1xPlayz\" \/>\n<meta property=\"article:modified_time\" content=\"2023-03-08T05:51:35+00:00\" \/>\n<meta property=\"og:image\" content=\"https:\/\/1xplayz.com\/wp-content\/uploads\/2021\/07\/spanish-lol-betting-bonus-1024x347.jpg\" \/>\n<meta name=\"twitter:card\" content=\"summary_large_image\" \/>\n<meta name=\"twitter:label1\" content=\"Tiempo de lectura\" \/>\n\t<meta name=\"twitter:data1\" content=\"3 minutos\" \/>\n<script type=\"application\/ld+json\" class=\"yoast-schema-graph\">{\"@context\":\"https:\/\/schema.org\",\"@graph\":[{\"@type\":\"WebPage\",\"@id\":\"https:\/\/1xplayz.com\/es\/league-of-legends\/continental-league\/\",\"url\":\"https:\/\/1xplayz.com\/es\/league-of-legends\/continental-league\/\",\"name\":\"League of Legends Continental League 2023 - Tipsters de eSports - 1xPlayz\",\"isPartOf\":{\"@id\":\"https:\/\/1xplayz.com\/es\/de\/#website\"},\"primaryImageOfPage\":{\"@id\":\"https:\/\/1xplayz.com\/es\/league-of-legends\/continental-league\/#primaryimage\"},\"image\":{\"@id\":\"https:\/\/1xplayz.com\/es\/league-of-legends\/continental-league\/#primaryimage\"},\"thumbnailUrl\":\"https:\/\/1xplayz.com\/wp-content\/uploads\/2021\/07\/spanish-lol-betting-bonus-1024x347.jpg\",\"datePublished\":\"2021-09-19T05:39:21+00:00\",\"dateModified\":\"2023-03-08T05:51:35+00:00\",\"description\":\"Predicciones LOL Continental League LCL 2023 1xPlayz ofrece predicciones gratuitas y consejos para apostar los partidos de League of Legends Continental\",\"breadcrumb\":{\"@id\":\"https:\/\/1xplayz.com\/es\/league-of-legends\/continental-league\/#breadcrumb\"},\"inLanguage\":\"es\",\"potentialAction\":[{\"@type\":\"ReadAction\",\"target\":[\"https:\/\/1xplayz.com\/es\/league-of-legends\/continental-league\/\"]}]},{\"@type\":\"ImageObject\",\"inLanguage\":\"es\",\"@id\":\"https:\/\/1xplayz.com\/es\/league-of-legends\/continental-league\/#primaryimage\",\"url\":\"https:\/\/1xplayz.com\/wp-content\/uploads\/2021\/07\/spanish-lol-betting-bonus-1024x347.jpg\",\"contentUrl\":\"https:\/\/1xplayz.com\/wp-content\/uploads\/2021\/07\/spanish-lol-betting-bonus-1024x347.jpg\"},{\"@type\":\"BreadcrumbList\",\"@id\":\"https:\/\/1xplayz.com\/es\/league-of-legends\/continental-league\/#breadcrumb\",\"itemListElement\":[{\"@type\":\"ListItem\",\"position\":1,\"name\":\"Home\",\"item\":\"https:\/\/1xplayz.com\/es\/\"},{\"@type\":\"ListItem\",\"position\":2,\"name\":\"Predicciones de League of Legends 2023\",\"item\":\"https:\/\/1xplayz.com\/es\/league-of-legends\/\"},{\"@type\":\"ListItem\",\"position\":3,\"name\":\"League of Legends Continental League 2023\"}]},{\"@type\":\"WebSite\",\"@id\":\"https:\/\/1xplayz.com\/es\/de\/#website\",\"url\":\"https:\/\/1xplayz.com\/es\/de\/\",\"name\":\"1xPlayz\",\"description\":\"Tipsters de eSports\",\"publisher\":{\"@id\":\"https:\/\/1xplayz.com\/es\/de\/#\/schema\/person\/8eadc1d14ab3326bbc7a655fbfe061cf\"},\"potentialAction\":[{\"@type\":\"SearchAction\",\"target\":{\"@type\":\"EntryPoint\",\"urlTemplate\":\"https:\/\/1xplayz.com\/es\/de\/?s={search_term_string}\"},\"query-input\":{\"@type\":\"PropertyValueSpecification\",\"valueRequired\":true,\"valueName\":\"search_term_string\"}}],\"inLanguage\":\"es\"},{\"@type\":[\"Person\",\"Organization\"],\"@id\":\"https:\/\/1xplayz.com\/es\/de\/#\/schema\/person\/8eadc1d14ab3326bbc7a655fbfe061cf\",\"name\":\"1xPlayz\",\"image\":{\"@type\":\"ImageObject\",\"inLanguage\":\"es\",\"@id\":\"https:\/\/1xplayz.com\/es\/de\/#\/schema\/person\/image\/\",\"url\":\"https:\/\/1xplayz.com\/wp-content\/uploads\/2021\/07\/1xp.png\",\"contentUrl\":\"https:\/\/1xplayz.com\/wp-content\/uploads\/2021\/07\/1xp.png\",\"width\":500,\"height\":500,\"caption\":\"1xPlayz\"},\"logo\":{\"@id\":\"https:\/\/1xplayz.com\/es\/de\/#\/schema\/person\/image\/\"},\"sameAs\":[\"http:\/\/1xplayz.com\"]}]}<\/script>\n<!-- \/ Yoast SEO plugin. -->","yoast_head_json":{"title":"League of Legends Continental League 2023 - Tipsters de eSports - 1xPlayz","description":"Predicciones LOL Continental League LCL 2023 1xPlayz ofrece predicciones gratuitas y consejos para apostar los partidos de League of Legends Continental","robots":{"index":"index","follow":"follow","max-snippet":"max-snippet:-1","max-image-preview":"max-image-preview:large","max-video-preview":"max-video-preview:-1"},"canonical":"https:\/\/1xplayz.com\/es\/league-of-legends\/continental-league\/","og_locale":"es_ES","og_type":"article","og_title":"League of Legends Continental League 2023 - Tipsters de eSports - 1xPlayz","og_description":"Predicciones LOL Continental League LCL 2023 1xPlayz ofrece predicciones gratuitas y consejos para apostar los partidos de League of Legends Continental","og_url":"https:\/\/1xplayz.com\/es\/league-of-legends\/continental-league\/","og_site_name":"1xPlayz","article_modified_time":"2023-03-08T05:51:35+00:00","og_image":[{"url":"https:\/\/1xplayz.com\/wp-content\/uploads\/2021\/07\/spanish-lol-betting-bonus-1024x347.jpg","type":"","width":"","height":""}],"twitter_card":"summary_large_image","twitter_misc":{"Tiempo de lectura":"3 minutos"},"schema":{"@context":"https:\/\/schema.org","@graph":[{"@type":"WebPage","@id":"https:\/\/1xplayz.com\/es\/league-of-legends\/continental-league\/","url":"https:\/\/1xplayz.com\/es\/league-of-legends\/continental-league\/","name":"League of Legends Continental League 2023 - Tipsters de eSports - 1xPlayz","isPartOf":{"@id":"https:\/\/1xplayz.com\/es\/de\/#website"},"primaryImageOfPage":{"@id":"https:\/\/1xplayz.com\/es\/league-of-legends\/continental-league\/#primaryimage"},"image":{"@id":"https:\/\/1xplayz.com\/es\/league-of-legends\/continental-league\/#primaryimage"},"thumbnailUrl":"https:\/\/1xplayz.com\/wp-content\/uploads\/2021\/07\/spanish-lol-betting-bonus-1024x347.jpg","datePublished":"2021-09-19T05:39:21+00:00","dateModified":"2023-03-08T05:51:35+00:00","description":"Predicciones LOL Continental League LCL 2023 1xPlayz ofrece predicciones gratuitas y consejos para apostar los partidos de League of Legends Continental","breadcrumb":{"@id":"https:\/\/1xplayz.com\/es\/league-of-legends\/continental-league\/#breadcrumb"},"inLanguage":"es","potentialAction":[{"@type":"ReadAction","target":["https:\/\/1xplayz.com\/es\/league-of-legends\/continental-league\/"]}]},{"@type":"ImageObject","inLanguage":"es","@id":"https:\/\/1xplayz.com\/es\/league-of-legends\/continental-league\/#primaryimage","url":"https:\/\/1xplayz.com\/wp-content\/uploads\/2021\/07\/spanish-lol-betting-bonus-1024x347.jpg","contentUrl":"https:\/\/1xplayz.com\/wp-content\/uploads\/2021\/07\/spanish-lol-betting-bonus-1024x347.jpg"},{"@type":"BreadcrumbList","@id":"https:\/\/1xplayz.com\/es\/league-of-legends\/continental-league\/#breadcrumb","itemListElement":[{"@type":"ListItem","position":1,"name":"Home","item":"https:\/\/1xplayz.com\/es\/"},{"@type":"ListItem","position":2,"name":"Predicciones de League of Legends 2023","item":"https:\/\/1xplayz.com\/es\/league-of-legends\/"},{"@type":"ListItem","position":3,"name":"League of Legends Continental League 2023"}]},{"@type":"WebSite","@id":"https:\/\/1xplayz.com\/es\/de\/#website","url":"https:\/\/1xplayz.com\/es\/de\/","name":"1xPlayz","description":"Tipsters de eSports","publisher":{"@id":"https:\/\/1xplayz.com\/es\/de\/#\/schema\/person\/8eadc1d14ab3326bbc7a655fbfe061cf"},"potentialAction":[{"@type":"SearchAction","target":{"@type":"EntryPoint","urlTemplate":"https:\/\/1xplayz.com\/es\/de\/?s={search_term_string}"},"query-input":{"@type":"PropertyValueSpecification","valueRequired":true,"valueName":"search_term_string"}}],"inLanguage":"es"},{"@type":["Person","Organization"],"@id":"https:\/\/1xplayz.com\/es\/de\/#\/schema\/person\/8eadc1d14ab3326bbc7a655fbfe061cf","name":"1xPlayz","image":{"@type":"ImageObject","inLanguage":"es","@id":"https:\/\/1xplayz.com\/es\/de\/#\/schema\/person\/image\/","url":"https:\/\/1xplayz.com\/wp-content\/uploads\/2021\/07\/1xp.png","contentUrl":"https:\/\/1xplayz.com\/wp-content\/uploads\/2021\/07\/1xp.png","width":500,"height":500,"caption":"1xPlayz"},"logo":{"@id":"https:\/\/1xplayz.com\/es\/de\/#\/schema\/person\/image\/"},"sameAs":["http:\/\/1xplayz.com"]}]}},"_links":{"self":[{"href":"https:\/\/1xplayz.com\/es\/wp-json\/wp\/v2\/pages\/7245","targetHints":{"allow":["GET"]}}],"collection":[{"href":"https:\/\/1xplayz.com\/es\/wp-json\/wp\/v2\/pages"}],"about":[{"href":"https:\/\/1xplayz.com\/es\/wp-json\/wp\/v2\/types\/page"}],"author":[{"embeddable":true,"href":"https:\/\/1xplayz.com\/es\/wp-json\/wp\/v2\/users\/1"}],"replies":[{"embeddable":true,"href":"https:\/\/1xplayz.com\/es\/wp-json\/wp\/v2\/comments?post=7245"}],"version-history":[{"count":2,"href":"https:\/\/1xplayz.com\/es\/wp-json\/wp\/v2\/pages\/7245\/revisions"}],"predecessor-version":[{"id":42446,"href":"https:\/\/1xplayz.com\/es\/wp-json\/wp\/v2\/pages\/7245\/revisions\/42446"}],"up":[{"embeddable":true,"href":"https:\/\/1xplayz.com\/es\/wp-json\/wp\/v2\/pages\/1594"}],"wp:attachment":[{"href":"https:\/\/1xplayz.com\/es\/wp-json\/wp\/v2\/media?parent=7245"}],"curies":[{"name":"wp","href":"https:\/\/api.w.org\/{rel}","templated":true}]}}