{"id":7302,"date":"2021-09-20T15:41:28","date_gmt":"2021-09-20T08:41:28","guid":{"rendered":"https:\/\/1xplayz.com\/league-of-legends\/circuit-oceania\/"},"modified":"2023-03-08T12:42:51","modified_gmt":"2023-03-08T05:42:51","slug":"circuit-oceania","status":"publish","type":"page","link":"https:\/\/1xplayz.com\/es\/league-of-legends\/circuit-oceania\/","title":{"rendered":"League of Legends Circuito Ocean\u00eda 2023"},"content":{"rendered":"\n<h2 class=\"wp-block-heading\">Predicciones LOL Circuit Oceania LCO 2023<\/h2>\n\n\n\n<p>1xPlayz ofrece <strong>predicciones gratuitas<\/strong> y consejos para apostar en los partidos de League of Legends Circuit Oceania (LCO) 2023. El Circuit Oceania es el nivel principal del torneo de deportes electr\u00f3nicos de League of Legends en Australia. LCO juega en dos formatos de fase de grupos y eliminatorias. Los partidos de la fase de grupos solo tienen 1 mapa. All\u00ed, predecimos el ganador 1&#215;2 en el tiempo regular y el puntaje correcto. Sin embargo, los partidos en Playoffs pueden tener hasta 5 mapas. Entonces, agregamos \u00abN\u00famero de mapas\u00bb a las predicciones para los partidos de playoffs. Todas las predicciones y consejos para apostar se pueden encontrar en los horarios de League of Legends Circuit Oceania (LCO).<\/p>\n\n\n\n<a href=\"https:\/\/refpa.top\/L?tag=d_1105835m_97c_&amp;site=1105835&amp;ad=97&amp;r=live\/Esports\/\" target=\"_blank\" rel=\"nofollow noopener\"><img loading=\"lazy\" decoding=\"async\" class=\"alignnone wp-image-1834\" src=\"https:\/\/1xplayz.com\/wp-content\/uploads\/2021\/07\/spanish-lol-betting-bonus-1024x347.jpg\" alt=\"bono de apuestas lol espa\u00f1ol\" width=\"800\" height=\"271\" srcset=\"https:\/\/1xplayz.com\/wp-content\/uploads\/2021\/07\/spanish-lol-betting-bonus-1024x347.jpg 1024w, https:\/\/1xplayz.com\/wp-content\/uploads\/2021\/07\/spanish-lol-betting-bonus-300x102.jpg 300w, https:\/\/1xplayz.com\/wp-content\/uploads\/2021\/07\/spanish-lol-betting-bonus-768x260.jpg 768w, https:\/\/1xplayz.com\/wp-content\/uploads\/2021\/07\/spanish-lol-betting-bonus-128x43.jpg 128w, https:\/\/1xplayz.com\/wp-content\/uploads\/2021\/07\/spanish-lol-betting-bonus-32x11.jpg 32w, https:\/\/1xplayz.com\/wp-content\/uploads\/2021\/07\/spanish-lol-betting-bonus.jpg 1527w\" sizes=\"auto, (max-width: 800px) 100vw, 800px\" \/><\/a>\n\n\n\n<h3 class=\"wp-block-heading\">Acerca del League of Legends Circuito Ocean\u00eda<\/h3>\n\n\n\n<p>El League of Legends Circuito Ocean\u00eda fue organizado por ESL Australia y Guinevere Capital para la competencia LOL de deportes electr\u00f3nicos de Australia. El Circuito de League of Legends Ocean\u00eda es el reemplazo de Oceanic Pro League (OPL) que fue de 2015 a 2020. LCO tiene anualmente 2 torneos, Split 1 y Split 2. El Split 1 comienza principalmente de febrero a abril. Mientras tanto, Split 2 juega de junio a agosto. En 2023, el premio acumulado de cada Split fue de $ 30,000 USD. El pozo de premios probablemente se divide en 3 para los campeones del equipo, el subcampe\u00f3n y el tercer lugar. El equipo ganador obtendr\u00e1 el 50% del premio acumulado de la divisi\u00f3n, mientras que el segundo lugar obtendr\u00e1 el 33.33% y el tercer lugar obtendr\u00e1 el 16.67%.<\/p>\n\n\n\n<p>Para todas las temporadas del League of Legends Circuito Ocean\u00eda, hay dos etapas en ambos Split para encontrar al ganador. Hay una fase de grupos, que juega como Double Round Robin de 8 equipos de deportes electr\u00f3nicos en el continente Ocean\u00eda. Cada equipo tendr\u00e1 que jugar 14 partidos en esta ronda. Todos los partidos son al mejor de 1 (Bo1). Los 5 mejores equipos del ranking jugar\u00e1n en Playoffs. El primer lugar se coloca en la final de ganadores. Los lugares segundo y tercero se clasifican en la Ronda de Ganadores 1. Los lugares cuarto y quinto se ubican en la Ronda de Perdedores 1. Los partidos en los Playoffs usan el formato de Eliminaci\u00f3n Doble. Todos los partidos son al mejor de 5 (Bo5). El ganador de Splite 1 califica para jugar en el Mid-Season Invitational. Por lo tanto, el ganador de Splite 2 se clasifica para jugar en el <a href=\"https:\/\/1xplayz.com\/es\/league-of-legends\/world-championship\/\">el Campeonato Mundial<\/a>.<\/p>\n\n\n\n<h3 class=\"wp-block-heading\">Sitios web de apuestas del LOL Circuito Ocean\u00eda 2023<\/h3>\n\n\n\n<p>\u00bfD\u00f3nde apostar League of Legends Circuit Oceania (LCO) 2023? El mejor sitio de apuestas en l\u00ednea para LCO y otros torneos de deportes electr\u00f3nicos es <strong><a href=\"https:\/\/refpa.top\/L?tag=d_1105835m_97c_&amp;site=1105835&amp;ad=97&amp;r=line\/Esports\/\" target=\"_blank\" rel=\"noreferrer noopener\">1xbet.com<\/a> <\/strong>. Este sitio web tiene un bono de registro muy bueno de hasta 100 USD (o moneda equivalente). Este sitio web tiene varias opciones y una amplia gama de mercado para apostar en los deportes electr\u00f3nicos. Tambi\u00e9n hay algunas promociones como recompensas para miembros, bono de dep\u00f3sito de fin de semana y devoluci\u00f3n de dinero para algunos deportes electr\u00f3nicos espec\u00edficos. Si tambi\u00e9n te gusta jugar, <a href=\"https:\/\/refpa.top\/L?tag=d_1105835m_97c_&amp;site=1105835&amp;ad=97&amp;r=allgamesentrance\/\" target=\"_blank\" rel=\"noreferrer noopener\">registre una cuenta con 1XBET<\/a> gratis para jugar algunos juegos con dinero real para ganar dinero real.<\/p>\n\n\n\n<h3 class=\"wp-block-heading\">LOL Circuito Ocean\u00eda 2023 Transmisi\u00f3n en vivo<\/h3>\n\n\n\n<p>Los socios de transmisi\u00f3n de League of Legends Circuit Oceania (LCO) es Twitch. Sin embargo, la transmisi\u00f3n en vivo de todos los partidos se basar\u00eda en <a href=\"https:\/\/refpa.top\/L?tag=d_1105835m_97c_&amp;site=1105835&amp;ad=97&amp;r=live\/Esports\/\" target=\"_blank\" rel=\"noreferrer noopener\">1XBET.com<\/a> tambi\u00e9n. Por lo tanto, si tiene una cuenta con 1xbet, puede ver la mayor\u00eda de los partidos de deportes electr\u00f3nicos de forma gratuita. Sin embargo, no deposita dinero.<\/p>\n","protected":false},"excerpt":{"rendered":"<div class=\"mh-excerpt\"><p>Predicciones LOL Circuit Oceania LCO 2023 1xPlayz ofrece predicciones gratuitas y consejos para apostar en los partidos de League of Legends Circuit Oceania (LCO) 2023. <a class=\"mh-excerpt-more\" href=\"https:\/\/1xplayz.com\/es\/league-of-legends\/circuit-oceania\/\" title=\"League of Legends Circuito Ocean\u00eda 2023\">[&#8230;]<\/a><\/p>\n<\/div>","protected":false},"author":1,"featured_media":0,"parent":1594,"menu_order":0,"comment_status":"closed","ping_status":"closed","template":"","meta":{"footnotes":""},"class_list":["post-7302","page","type-page","status-publish","hentry"],"yoast_head":"<!-- This site is optimized with the Yoast SEO plugin v26.6 - https:\/\/yoast.com\/wordpress\/plugins\/seo\/ -->\n<title>League of Legends Circuito Ocean\u00eda 2023 - Tipsters de eSports - 1xPlayz<\/title>\n<meta name=\"description\" content=\"Predicciones LOL Circuit Oceania LCO 2023 1xPlayz ofrece predicciones gratuitas y consejos para apostar en los partidos de League of Legends Circuit\" \/>\n<meta name=\"robots\" content=\"index, follow, max-snippet:-1, max-image-preview:large, max-video-preview:-1\" \/>\n<link rel=\"canonical\" href=\"https:\/\/1xplayz.com\/es\/league-of-legends\/circuit-oceania\/\" \/>\n<meta property=\"og:locale\" content=\"es_ES\" \/>\n<meta property=\"og:type\" content=\"article\" \/>\n<meta property=\"og:title\" content=\"League of Legends Circuito Ocean\u00eda 2023 - Tipsters de eSports - 1xPlayz\" \/>\n<meta property=\"og:description\" content=\"Predicciones LOL Circuit Oceania LCO 2023 1xPlayz ofrece predicciones gratuitas y consejos para apostar en los partidos de League of Legends Circuit\" \/>\n<meta property=\"og:url\" content=\"https:\/\/1xplayz.com\/es\/league-of-legends\/circuit-oceania\/\" \/>\n<meta property=\"og:site_name\" content=\"1xPlayz\" \/>\n<meta property=\"article:modified_time\" content=\"2023-03-08T05:42:51+00:00\" \/>\n<meta property=\"og:image\" content=\"https:\/\/1xplayz.com\/wp-content\/uploads\/2021\/07\/spanish-lol-betting-bonus-1024x347.jpg\" \/>\n<meta name=\"twitter:card\" content=\"summary_large_image\" \/>\n<meta name=\"twitter:label1\" content=\"Tiempo de lectura\" \/>\n\t<meta name=\"twitter:data1\" content=\"3 minutos\" \/>\n<script type=\"application\/ld+json\" class=\"yoast-schema-graph\">{\"@context\":\"https:\/\/schema.org\",\"@graph\":[{\"@type\":\"WebPage\",\"@id\":\"https:\/\/1xplayz.com\/es\/league-of-legends\/circuit-oceania\/\",\"url\":\"https:\/\/1xplayz.com\/es\/league-of-legends\/circuit-oceania\/\",\"name\":\"League of Legends Circuito Ocean\u00eda 2023 - Tipsters de eSports - 1xPlayz\",\"isPartOf\":{\"@id\":\"https:\/\/1xplayz.com\/es\/de\/#website\"},\"primaryImageOfPage\":{\"@id\":\"https:\/\/1xplayz.com\/es\/league-of-legends\/circuit-oceania\/#primaryimage\"},\"image\":{\"@id\":\"https:\/\/1xplayz.com\/es\/league-of-legends\/circuit-oceania\/#primaryimage\"},\"thumbnailUrl\":\"https:\/\/1xplayz.com\/wp-content\/uploads\/2021\/07\/spanish-lol-betting-bonus-1024x347.jpg\",\"datePublished\":\"2021-09-20T08:41:28+00:00\",\"dateModified\":\"2023-03-08T05:42:51+00:00\",\"description\":\"Predicciones LOL Circuit Oceania LCO 2023 1xPlayz ofrece predicciones gratuitas y consejos para apostar en los partidos de League of Legends Circuit\",\"breadcrumb\":{\"@id\":\"https:\/\/1xplayz.com\/es\/league-of-legends\/circuit-oceania\/#breadcrumb\"},\"inLanguage\":\"es\",\"potentialAction\":[{\"@type\":\"ReadAction\",\"target\":[\"https:\/\/1xplayz.com\/es\/league-of-legends\/circuit-oceania\/\"]}]},{\"@type\":\"ImageObject\",\"inLanguage\":\"es\",\"@id\":\"https:\/\/1xplayz.com\/es\/league-of-legends\/circuit-oceania\/#primaryimage\",\"url\":\"https:\/\/1xplayz.com\/wp-content\/uploads\/2021\/07\/spanish-lol-betting-bonus-1024x347.jpg\",\"contentUrl\":\"https:\/\/1xplayz.com\/wp-content\/uploads\/2021\/07\/spanish-lol-betting-bonus-1024x347.jpg\"},{\"@type\":\"BreadcrumbList\",\"@id\":\"https:\/\/1xplayz.com\/es\/league-of-legends\/circuit-oceania\/#breadcrumb\",\"itemListElement\":[{\"@type\":\"ListItem\",\"position\":1,\"name\":\"Home\",\"item\":\"https:\/\/1xplayz.com\/es\/\"},{\"@type\":\"ListItem\",\"position\":2,\"name\":\"Predicciones de League of Legends 2023\",\"item\":\"https:\/\/1xplayz.com\/es\/league-of-legends\/\"},{\"@type\":\"ListItem\",\"position\":3,\"name\":\"League of Legends Circuito Ocean\u00eda 2023\"}]},{\"@type\":\"WebSite\",\"@id\":\"https:\/\/1xplayz.com\/es\/de\/#website\",\"url\":\"https:\/\/1xplayz.com\/es\/de\/\",\"name\":\"1xPlayz\",\"description\":\"Tipsters de eSports\",\"publisher\":{\"@id\":\"https:\/\/1xplayz.com\/es\/de\/#\/schema\/person\/8eadc1d14ab3326bbc7a655fbfe061cf\"},\"potentialAction\":[{\"@type\":\"SearchAction\",\"target\":{\"@type\":\"EntryPoint\",\"urlTemplate\":\"https:\/\/1xplayz.com\/es\/de\/?s={search_term_string}\"},\"query-input\":{\"@type\":\"PropertyValueSpecification\",\"valueRequired\":true,\"valueName\":\"search_term_string\"}}],\"inLanguage\":\"es\"},{\"@type\":[\"Person\",\"Organization\"],\"@id\":\"https:\/\/1xplayz.com\/es\/de\/#\/schema\/person\/8eadc1d14ab3326bbc7a655fbfe061cf\",\"name\":\"1xPlayz\",\"image\":{\"@type\":\"ImageObject\",\"inLanguage\":\"es\",\"@id\":\"https:\/\/1xplayz.com\/es\/de\/#\/schema\/person\/image\/\",\"url\":\"https:\/\/1xplayz.com\/wp-content\/uploads\/2021\/07\/1xp.png\",\"contentUrl\":\"https:\/\/1xplayz.com\/wp-content\/uploads\/2021\/07\/1xp.png\",\"width\":500,\"height\":500,\"caption\":\"1xPlayz\"},\"logo\":{\"@id\":\"https:\/\/1xplayz.com\/es\/de\/#\/schema\/person\/image\/\"},\"sameAs\":[\"http:\/\/1xplayz.com\"]}]}<\/script>\n<!-- \/ Yoast SEO plugin. -->","yoast_head_json":{"title":"League of Legends Circuito Ocean\u00eda 2023 - Tipsters de eSports - 1xPlayz","description":"Predicciones LOL Circuit Oceania LCO 2023 1xPlayz ofrece predicciones gratuitas y consejos para apostar en los partidos de League of Legends Circuit","robots":{"index":"index","follow":"follow","max-snippet":"max-snippet:-1","max-image-preview":"max-image-preview:large","max-video-preview":"max-video-preview:-1"},"canonical":"https:\/\/1xplayz.com\/es\/league-of-legends\/circuit-oceania\/","og_locale":"es_ES","og_type":"article","og_title":"League of Legends Circuito Ocean\u00eda 2023 - Tipsters de eSports - 1xPlayz","og_description":"Predicciones LOL Circuit Oceania LCO 2023 1xPlayz ofrece predicciones gratuitas y consejos para apostar en los partidos de League of Legends Circuit","og_url":"https:\/\/1xplayz.com\/es\/league-of-legends\/circuit-oceania\/","og_site_name":"1xPlayz","article_modified_time":"2023-03-08T05:42:51+00:00","og_image":[{"url":"https:\/\/1xplayz.com\/wp-content\/uploads\/2021\/07\/spanish-lol-betting-bonus-1024x347.jpg","type":"","width":"","height":""}],"twitter_card":"summary_large_image","twitter_misc":{"Tiempo de lectura":"3 minutos"},"schema":{"@context":"https:\/\/schema.org","@graph":[{"@type":"WebPage","@id":"https:\/\/1xplayz.com\/es\/league-of-legends\/circuit-oceania\/","url":"https:\/\/1xplayz.com\/es\/league-of-legends\/circuit-oceania\/","name":"League of Legends Circuito Ocean\u00eda 2023 - Tipsters de eSports - 1xPlayz","isPartOf":{"@id":"https:\/\/1xplayz.com\/es\/de\/#website"},"primaryImageOfPage":{"@id":"https:\/\/1xplayz.com\/es\/league-of-legends\/circuit-oceania\/#primaryimage"},"image":{"@id":"https:\/\/1xplayz.com\/es\/league-of-legends\/circuit-oceania\/#primaryimage"},"thumbnailUrl":"https:\/\/1xplayz.com\/wp-content\/uploads\/2021\/07\/spanish-lol-betting-bonus-1024x347.jpg","datePublished":"2021-09-20T08:41:28+00:00","dateModified":"2023-03-08T05:42:51+00:00","description":"Predicciones LOL Circuit Oceania LCO 2023 1xPlayz ofrece predicciones gratuitas y consejos para apostar en los partidos de League of Legends Circuit","breadcrumb":{"@id":"https:\/\/1xplayz.com\/es\/league-of-legends\/circuit-oceania\/#breadcrumb"},"inLanguage":"es","potentialAction":[{"@type":"ReadAction","target":["https:\/\/1xplayz.com\/es\/league-of-legends\/circuit-oceania\/"]}]},{"@type":"ImageObject","inLanguage":"es","@id":"https:\/\/1xplayz.com\/es\/league-of-legends\/circuit-oceania\/#primaryimage","url":"https:\/\/1xplayz.com\/wp-content\/uploads\/2021\/07\/spanish-lol-betting-bonus-1024x347.jpg","contentUrl":"https:\/\/1xplayz.com\/wp-content\/uploads\/2021\/07\/spanish-lol-betting-bonus-1024x347.jpg"},{"@type":"BreadcrumbList","@id":"https:\/\/1xplayz.com\/es\/league-of-legends\/circuit-oceania\/#breadcrumb","itemListElement":[{"@type":"ListItem","position":1,"name":"Home","item":"https:\/\/1xplayz.com\/es\/"},{"@type":"ListItem","position":2,"name":"Predicciones de League of Legends 2023","item":"https:\/\/1xplayz.com\/es\/league-of-legends\/"},{"@type":"ListItem","position":3,"name":"League of Legends Circuito Ocean\u00eda 2023"}]},{"@type":"WebSite","@id":"https:\/\/1xplayz.com\/es\/de\/#website","url":"https:\/\/1xplayz.com\/es\/de\/","name":"1xPlayz","description":"Tipsters de eSports","publisher":{"@id":"https:\/\/1xplayz.com\/es\/de\/#\/schema\/person\/8eadc1d14ab3326bbc7a655fbfe061cf"},"potentialAction":[{"@type":"SearchAction","target":{"@type":"EntryPoint","urlTemplate":"https:\/\/1xplayz.com\/es\/de\/?s={search_term_string}"},"query-input":{"@type":"PropertyValueSpecification","valueRequired":true,"valueName":"search_term_string"}}],"inLanguage":"es"},{"@type":["Person","Organization"],"@id":"https:\/\/1xplayz.com\/es\/de\/#\/schema\/person\/8eadc1d14ab3326bbc7a655fbfe061cf","name":"1xPlayz","image":{"@type":"ImageObject","inLanguage":"es","@id":"https:\/\/1xplayz.com\/es\/de\/#\/schema\/person\/image\/","url":"https:\/\/1xplayz.com\/wp-content\/uploads\/2021\/07\/1xp.png","contentUrl":"https:\/\/1xplayz.com\/wp-content\/uploads\/2021\/07\/1xp.png","width":500,"height":500,"caption":"1xPlayz"},"logo":{"@id":"https:\/\/1xplayz.com\/es\/de\/#\/schema\/person\/image\/"},"sameAs":["http:\/\/1xplayz.com"]}]}},"_links":{"self":[{"href":"https:\/\/1xplayz.com\/es\/wp-json\/wp\/v2\/pages\/7302","targetHints":{"allow":["GET"]}}],"collection":[{"href":"https:\/\/1xplayz.com\/es\/wp-json\/wp\/v2\/pages"}],"about":[{"href":"https:\/\/1xplayz.com\/es\/wp-json\/wp\/v2\/types\/page"}],"author":[{"embeddable":true,"href":"https:\/\/1xplayz.com\/es\/wp-json\/wp\/v2\/users\/1"}],"replies":[{"embeddable":true,"href":"https:\/\/1xplayz.com\/es\/wp-json\/wp\/v2\/comments?post=7302"}],"version-history":[{"count":3,"href":"https:\/\/1xplayz.com\/es\/wp-json\/wp\/v2\/pages\/7302\/revisions"}],"predecessor-version":[{"id":42434,"href":"https:\/\/1xplayz.com\/es\/wp-json\/wp\/v2\/pages\/7302\/revisions\/42434"}],"up":[{"embeddable":true,"href":"https:\/\/1xplayz.com\/es\/wp-json\/wp\/v2\/pages\/1594"}],"wp:attachment":[{"href":"https:\/\/1xplayz.com\/es\/wp-json\/wp\/v2\/media?parent=7302"}],"curies":[{"name":"wp","href":"https:\/\/api.w.org\/{rel}","templated":true}]}}