{"id":7809,"date":"2021-09-24T18:11:12","date_gmt":"2021-09-24T11:11:12","guid":{"rendered":"https:\/\/1xplayz.com\/league-of-legends\/liga-latinoamerica\/"},"modified":"2023-03-07T21:40:06","modified_gmt":"2023-03-07T14:40:06","slug":"liga-latinoamerica","status":"publish","type":"page","link":"https:\/\/1xplayz.com\/es\/league-of-legends\/liga-latinoamerica\/","title":{"rendered":"League of Legends Liga Latinoam\u00e9rica (LLA) 2023"},"content":{"rendered":"\n<h2 class=\"wp-block-heading\">Predicciones LOL Liga Latinoam\u00e9rica (LLA) 2023<\/h2>\n\n\n\n<p>Las <strong> Predicciones de la Liga Latinoamericana <\/strong> son los consejos para apostar en los partidos de la liga profesional de eSports en la categor\u00eda de base de League of Legends en Hispanoam\u00e9rica. La Liga Latinoam\u00e9rica (LLA) tiene dos temporadas por a\u00f1o que concluyen con la Fase 1, Fase 2 y Playoffs. Aqu\u00ed, 1xPlayz predice el Ganador de los partidos en la Fase 1 y la Fase 2. Durante los Playoffs, agregaremos predicciones para el N\u00famero de Mapa y el Puntaje Correcto. Entonces, todas las predicciones de LLA est\u00e1n en los calendarios de la Liga Latinoamericana.<\/p>\n\n\n\n<a href=\"https:\/\/refpa.top\/L?tag=d_1105835m_97c_&amp;site=1105835&amp;ad=97&amp;r=live\/Esports\/\" target=\"_blank\" rel=\"nofollow noopener\"><img loading=\"lazy\" decoding=\"async\" class=\"alignnone wp-image-1834\" src=\"https:\/\/1xplayz.com\/wp-content\/uploads\/2021\/07\/spanish-lol-betting-bonus-1024x347.jpg\" alt=\"bono de apuestas lol espa\u00f1ol\" width=\"800\" height=\"271\" srcset=\"https:\/\/1xplayz.com\/wp-content\/uploads\/2021\/07\/spanish-lol-betting-bonus-1024x347.jpg 1024w, https:\/\/1xplayz.com\/wp-content\/uploads\/2021\/07\/spanish-lol-betting-bonus-300x102.jpg 300w, https:\/\/1xplayz.com\/wp-content\/uploads\/2021\/07\/spanish-lol-betting-bonus-768x260.jpg 768w, https:\/\/1xplayz.com\/wp-content\/uploads\/2021\/07\/spanish-lol-betting-bonus-128x43.jpg 128w, https:\/\/1xplayz.com\/wp-content\/uploads\/2021\/07\/spanish-lol-betting-bonus-32x11.jpg 32w, https:\/\/1xplayz.com\/wp-content\/uploads\/2021\/07\/spanish-lol-betting-bonus.jpg 1527w\" sizes=\"auto, (max-width: 800px) 100vw, 800px\" \/><\/a>\n\n\n\n<h2 class=\"wp-block-heading\">Acerca de LOL Liga Latinoam\u00e9rica<\/h2>\n\n\n\n<p>La Liga Latinoam\u00e9rica o en ingl\u00e9s como Latin America League es el nivel principal del torneo de esports de League of Legends en Am\u00e9rica del Sur y Central. LLA es la fusi\u00f3n de dos grandes competiciones que fueron Liga Latinoam\u00e9rica Norte (LLN, North Latin America League) y Copa Latinoam\u00e9rica Sur (CLS, South Latin America Cup). La Liga Latinoamericana es el evento competitivo anual que cada a\u00f1o se divide en temporadas de apertura y cierre. La temporada abierta comienza principalmente en enero y termina en abril. Adem\u00e1s, la temporada de cierre es de junio a agosto. Cada temporada tiene 8 equipos participantes en la primera etapa, que es la Fase 1. En esta Fase 1, cada equipo juega Double Round Robin. Cada victoria es de 1 punto. Todos los partidos son al mejor de 1 (Bo1). Solo los 5 mejores equipos avanzan a la Fase 2. Los partidos de la Fase 2 tambi\u00e9n son al Mejor de 1 (Bo1). Sin embargo, aqu\u00ed juegan Single Round Robin. Todos los equipos acumulan los puntos de la Fase 1 y cada victoria de partido suma 2 puntos. Los 4 mejores equipos van a los Playoffs. En estas eliminatorias, juegan como cuadro de eliminaci\u00f3n individual. Todos los partidos son al mejor de 5 (Bo5). Solo el ganador de la temporada inicial se clasifica para las <a title=\"Predicciones por invitaci\u00f3n de mitad de temporada de League of Legends\" href=\"https:\/\/1xplayz.com\/es\/league-of-legends\/mid-season-invitational\/\">Mid-Season Invitational<\/a>, mientras que el ganador de la temporada de clausura va al <a title=\"Predicciones del campeonato mundial de League of Legends\" href=\"https:\/\/1xplayz.com\/es\/league-of-legends\/world-championship\/\">Campeonato del Mundo<\/a>.<\/p>\n\n\n\n<h3 class=\"wp-block-heading\">Sitio web de apuestas LOL Liga Latinoam\u00e9rica 2023<\/h3>\n\n\n\n<p>\u00bfD\u00f3nde apostar League of Legends Liga Latinoam\u00e9rica (LLA) 2023? El mejor sitio de apuestas en l\u00ednea para la Liga de Am\u00e9rica Latina y otros torneos de deportes electr\u00f3nicos es <strong><a title=\"Sitio web de apuestas de deportes electr\u00f3nicos con bonificaci\u00f3n\" href=\"https:\/\/refpa.top\/L?tag=d_1105835m_97c_&amp;site=1105835&amp;ad=97&amp;r=line\/Esports\/\" target=\"_blank\" rel=\"nofollow noopener\">1xbet.com<\/a><\/strong>. Este sitio web tiene un bono de registro muy bueno de hasta 100 USD (o moneda equivalente). Este sitio web tiene varias opciones y una amplia gama de mercado para apostar en los deportes electr\u00f3nicos. Tambi\u00e9n hay algunas promociones como recompensas para miembros, bonificaci\u00f3n de dep\u00f3sito de fin de semana y devoluci\u00f3n de dinero para algunos deportes electr\u00f3nicos espec\u00edficos. Si tambi\u00e9n te gusta jugar, entonces <a title=\"1XBET mejor sitio web de juegos electr\u00f3nicos\" href=\"https:\/\/refpa.top\/L?tag=d_1105835m_97c_&amp;site=1105835&amp;ad=97&amp;r=allgamesentrance\/\" target=\"_blank\" rel=\"nofollow noopener\">registre una cuenta con 1XBET<\/a> gratis para jugar algunos juegos con dinero real para ganar dinero real.<\/p>\n\n\n\n<h3 class=\"wp-block-heading\">LOL Latin America League 2023 Livestream<\/h3>\n\n\n\n<p>Los socios de transmisi\u00f3n de League of Legends Liga Latinoam\u00e9rica son Twitch y Youtube. Sin embargo, la transmisi\u00f3n en vivo de todos los partidos se basar\u00eda en <a title=\"Transmisi\u00f3n en vivo de deportes electr\u00f3nicos con 1XBET\" href=\"https:\/\/refpa.top\/L?tag=d_1105835m_97c_&amp;site=1105835&amp;ad=97&amp;r=live\/Esports\/\" target=\"_blank\" rel=\"nofollow noopener\">1XBET.com<\/a> tambi\u00e9n. Por lo tanto, si tiene una cuenta con 1xbet, puede ver la mayor\u00eda de los partidos de deportes electr\u00f3nicos de forma gratuita. Sin embargo, no deposita dinero.<\/p>\n","protected":false},"excerpt":{"rendered":"<div class=\"mh-excerpt\"><p>Predicciones LOL Liga Latinoam\u00e9rica (LLA) 2023 Las Predicciones de la Liga Latinoamericana son los consejos para apostar en los partidos de la liga profesional de <a class=\"mh-excerpt-more\" href=\"https:\/\/1xplayz.com\/es\/league-of-legends\/liga-latinoamerica\/\" title=\"League of Legends Liga Latinoam\u00e9rica (LLA) 2023\">[&#8230;]<\/a><\/p>\n<\/div>","protected":false},"author":1,"featured_media":0,"parent":1594,"menu_order":0,"comment_status":"closed","ping_status":"closed","template":"","meta":{"footnotes":""},"class_list":["post-7809","page","type-page","status-publish","hentry"],"yoast_head":"<!-- This site is optimized with the Yoast SEO plugin v26.6 - https:\/\/yoast.com\/wordpress\/plugins\/seo\/ -->\n<title>League of Legends Liga Latinoam\u00e9rica (LLA) 2023 - Tipsters de eSports - 1xPlayz<\/title>\n<meta name=\"description\" content=\"Predicciones LOL Liga Latinoam\u00e9rica (LLA) 2023 Las Predicciones de la Liga Latinoamericana son los consejos para apostar en los partidos de la liga\" \/>\n<meta name=\"robots\" content=\"index, follow, max-snippet:-1, max-image-preview:large, max-video-preview:-1\" \/>\n<link rel=\"canonical\" href=\"https:\/\/1xplayz.com\/es\/league-of-legends\/liga-latinoamerica\/\" \/>\n<meta property=\"og:locale\" content=\"es_ES\" \/>\n<meta property=\"og:type\" content=\"article\" \/>\n<meta property=\"og:title\" content=\"League of Legends Liga Latinoam\u00e9rica (LLA) 2023 - Tipsters de eSports - 1xPlayz\" \/>\n<meta property=\"og:description\" content=\"Predicciones LOL Liga Latinoam\u00e9rica (LLA) 2023 Las Predicciones de la Liga Latinoamericana son los consejos para apostar en los partidos de la liga\" \/>\n<meta property=\"og:url\" content=\"https:\/\/1xplayz.com\/es\/league-of-legends\/liga-latinoamerica\/\" \/>\n<meta property=\"og:site_name\" content=\"1xPlayz\" \/>\n<meta property=\"article:modified_time\" content=\"2023-03-07T14:40:06+00:00\" \/>\n<meta property=\"og:image\" content=\"https:\/\/1xplayz.com\/wp-content\/uploads\/2021\/07\/spanish-lol-betting-bonus-1024x347.jpg\" \/>\n<meta name=\"twitter:card\" content=\"summary_large_image\" \/>\n<meta name=\"twitter:label1\" content=\"Tiempo de lectura\" \/>\n\t<meta name=\"twitter:data1\" content=\"3 minutos\" \/>\n<script type=\"application\/ld+json\" class=\"yoast-schema-graph\">{\"@context\":\"https:\/\/schema.org\",\"@graph\":[{\"@type\":\"WebPage\",\"@id\":\"https:\/\/1xplayz.com\/es\/league-of-legends\/liga-latinoamerica\/\",\"url\":\"https:\/\/1xplayz.com\/es\/league-of-legends\/liga-latinoamerica\/\",\"name\":\"League of Legends Liga Latinoam\u00e9rica (LLA) 2023 - Tipsters de eSports - 1xPlayz\",\"isPartOf\":{\"@id\":\"https:\/\/1xplayz.com\/es\/de\/#website\"},\"primaryImageOfPage\":{\"@id\":\"https:\/\/1xplayz.com\/es\/league-of-legends\/liga-latinoamerica\/#primaryimage\"},\"image\":{\"@id\":\"https:\/\/1xplayz.com\/es\/league-of-legends\/liga-latinoamerica\/#primaryimage\"},\"thumbnailUrl\":\"https:\/\/1xplayz.com\/wp-content\/uploads\/2021\/07\/spanish-lol-betting-bonus-1024x347.jpg\",\"datePublished\":\"2021-09-24T11:11:12+00:00\",\"dateModified\":\"2023-03-07T14:40:06+00:00\",\"description\":\"Predicciones LOL Liga Latinoam\u00e9rica (LLA) 2023 Las Predicciones de la Liga Latinoamericana son los consejos para apostar en los partidos de la liga\",\"breadcrumb\":{\"@id\":\"https:\/\/1xplayz.com\/es\/league-of-legends\/liga-latinoamerica\/#breadcrumb\"},\"inLanguage\":\"es\",\"potentialAction\":[{\"@type\":\"ReadAction\",\"target\":[\"https:\/\/1xplayz.com\/es\/league-of-legends\/liga-latinoamerica\/\"]}]},{\"@type\":\"ImageObject\",\"inLanguage\":\"es\",\"@id\":\"https:\/\/1xplayz.com\/es\/league-of-legends\/liga-latinoamerica\/#primaryimage\",\"url\":\"https:\/\/1xplayz.com\/wp-content\/uploads\/2021\/07\/spanish-lol-betting-bonus-1024x347.jpg\",\"contentUrl\":\"https:\/\/1xplayz.com\/wp-content\/uploads\/2021\/07\/spanish-lol-betting-bonus-1024x347.jpg\"},{\"@type\":\"BreadcrumbList\",\"@id\":\"https:\/\/1xplayz.com\/es\/league-of-legends\/liga-latinoamerica\/#breadcrumb\",\"itemListElement\":[{\"@type\":\"ListItem\",\"position\":1,\"name\":\"Home\",\"item\":\"https:\/\/1xplayz.com\/es\/\"},{\"@type\":\"ListItem\",\"position\":2,\"name\":\"Predicciones de League of Legends 2023\",\"item\":\"https:\/\/1xplayz.com\/es\/league-of-legends\/\"},{\"@type\":\"ListItem\",\"position\":3,\"name\":\"League of Legends Liga Latinoam\u00e9rica (LLA) 2023\"}]},{\"@type\":\"WebSite\",\"@id\":\"https:\/\/1xplayz.com\/es\/de\/#website\",\"url\":\"https:\/\/1xplayz.com\/es\/de\/\",\"name\":\"1xPlayz\",\"description\":\"Tipsters de eSports\",\"publisher\":{\"@id\":\"https:\/\/1xplayz.com\/es\/de\/#\/schema\/person\/8eadc1d14ab3326bbc7a655fbfe061cf\"},\"potentialAction\":[{\"@type\":\"SearchAction\",\"target\":{\"@type\":\"EntryPoint\",\"urlTemplate\":\"https:\/\/1xplayz.com\/es\/de\/?s={search_term_string}\"},\"query-input\":{\"@type\":\"PropertyValueSpecification\",\"valueRequired\":true,\"valueName\":\"search_term_string\"}}],\"inLanguage\":\"es\"},{\"@type\":[\"Person\",\"Organization\"],\"@id\":\"https:\/\/1xplayz.com\/es\/de\/#\/schema\/person\/8eadc1d14ab3326bbc7a655fbfe061cf\",\"name\":\"1xPlayz\",\"image\":{\"@type\":\"ImageObject\",\"inLanguage\":\"es\",\"@id\":\"https:\/\/1xplayz.com\/es\/de\/#\/schema\/person\/image\/\",\"url\":\"https:\/\/1xplayz.com\/wp-content\/uploads\/2021\/07\/1xp.png\",\"contentUrl\":\"https:\/\/1xplayz.com\/wp-content\/uploads\/2021\/07\/1xp.png\",\"width\":500,\"height\":500,\"caption\":\"1xPlayz\"},\"logo\":{\"@id\":\"https:\/\/1xplayz.com\/es\/de\/#\/schema\/person\/image\/\"},\"sameAs\":[\"http:\/\/1xplayz.com\"]}]}<\/script>\n<!-- \/ Yoast SEO plugin. -->","yoast_head_json":{"title":"League of Legends Liga Latinoam\u00e9rica (LLA) 2023 - Tipsters de eSports - 1xPlayz","description":"Predicciones LOL Liga Latinoam\u00e9rica (LLA) 2023 Las Predicciones de la Liga Latinoamericana son los consejos para apostar en los partidos de la liga","robots":{"index":"index","follow":"follow","max-snippet":"max-snippet:-1","max-image-preview":"max-image-preview:large","max-video-preview":"max-video-preview:-1"},"canonical":"https:\/\/1xplayz.com\/es\/league-of-legends\/liga-latinoamerica\/","og_locale":"es_ES","og_type":"article","og_title":"League of Legends Liga Latinoam\u00e9rica (LLA) 2023 - Tipsters de eSports - 1xPlayz","og_description":"Predicciones LOL Liga Latinoam\u00e9rica (LLA) 2023 Las Predicciones de la Liga Latinoamericana son los consejos para apostar en los partidos de la liga","og_url":"https:\/\/1xplayz.com\/es\/league-of-legends\/liga-latinoamerica\/","og_site_name":"1xPlayz","article_modified_time":"2023-03-07T14:40:06+00:00","og_image":[{"url":"https:\/\/1xplayz.com\/wp-content\/uploads\/2021\/07\/spanish-lol-betting-bonus-1024x347.jpg","type":"","width":"","height":""}],"twitter_card":"summary_large_image","twitter_misc":{"Tiempo de lectura":"3 minutos"},"schema":{"@context":"https:\/\/schema.org","@graph":[{"@type":"WebPage","@id":"https:\/\/1xplayz.com\/es\/league-of-legends\/liga-latinoamerica\/","url":"https:\/\/1xplayz.com\/es\/league-of-legends\/liga-latinoamerica\/","name":"League of Legends Liga Latinoam\u00e9rica (LLA) 2023 - Tipsters de eSports - 1xPlayz","isPartOf":{"@id":"https:\/\/1xplayz.com\/es\/de\/#website"},"primaryImageOfPage":{"@id":"https:\/\/1xplayz.com\/es\/league-of-legends\/liga-latinoamerica\/#primaryimage"},"image":{"@id":"https:\/\/1xplayz.com\/es\/league-of-legends\/liga-latinoamerica\/#primaryimage"},"thumbnailUrl":"https:\/\/1xplayz.com\/wp-content\/uploads\/2021\/07\/spanish-lol-betting-bonus-1024x347.jpg","datePublished":"2021-09-24T11:11:12+00:00","dateModified":"2023-03-07T14:40:06+00:00","description":"Predicciones LOL Liga Latinoam\u00e9rica (LLA) 2023 Las Predicciones de la Liga Latinoamericana son los consejos para apostar en los partidos de la liga","breadcrumb":{"@id":"https:\/\/1xplayz.com\/es\/league-of-legends\/liga-latinoamerica\/#breadcrumb"},"inLanguage":"es","potentialAction":[{"@type":"ReadAction","target":["https:\/\/1xplayz.com\/es\/league-of-legends\/liga-latinoamerica\/"]}]},{"@type":"ImageObject","inLanguage":"es","@id":"https:\/\/1xplayz.com\/es\/league-of-legends\/liga-latinoamerica\/#primaryimage","url":"https:\/\/1xplayz.com\/wp-content\/uploads\/2021\/07\/spanish-lol-betting-bonus-1024x347.jpg","contentUrl":"https:\/\/1xplayz.com\/wp-content\/uploads\/2021\/07\/spanish-lol-betting-bonus-1024x347.jpg"},{"@type":"BreadcrumbList","@id":"https:\/\/1xplayz.com\/es\/league-of-legends\/liga-latinoamerica\/#breadcrumb","itemListElement":[{"@type":"ListItem","position":1,"name":"Home","item":"https:\/\/1xplayz.com\/es\/"},{"@type":"ListItem","position":2,"name":"Predicciones de League of Legends 2023","item":"https:\/\/1xplayz.com\/es\/league-of-legends\/"},{"@type":"ListItem","position":3,"name":"League of Legends Liga Latinoam\u00e9rica (LLA) 2023"}]},{"@type":"WebSite","@id":"https:\/\/1xplayz.com\/es\/de\/#website","url":"https:\/\/1xplayz.com\/es\/de\/","name":"1xPlayz","description":"Tipsters de eSports","publisher":{"@id":"https:\/\/1xplayz.com\/es\/de\/#\/schema\/person\/8eadc1d14ab3326bbc7a655fbfe061cf"},"potentialAction":[{"@type":"SearchAction","target":{"@type":"EntryPoint","urlTemplate":"https:\/\/1xplayz.com\/es\/de\/?s={search_term_string}"},"query-input":{"@type":"PropertyValueSpecification","valueRequired":true,"valueName":"search_term_string"}}],"inLanguage":"es"},{"@type":["Person","Organization"],"@id":"https:\/\/1xplayz.com\/es\/de\/#\/schema\/person\/8eadc1d14ab3326bbc7a655fbfe061cf","name":"1xPlayz","image":{"@type":"ImageObject","inLanguage":"es","@id":"https:\/\/1xplayz.com\/es\/de\/#\/schema\/person\/image\/","url":"https:\/\/1xplayz.com\/wp-content\/uploads\/2021\/07\/1xp.png","contentUrl":"https:\/\/1xplayz.com\/wp-content\/uploads\/2021\/07\/1xp.png","width":500,"height":500,"caption":"1xPlayz"},"logo":{"@id":"https:\/\/1xplayz.com\/es\/de\/#\/schema\/person\/image\/"},"sameAs":["http:\/\/1xplayz.com"]}]}},"_links":{"self":[{"href":"https:\/\/1xplayz.com\/es\/wp-json\/wp\/v2\/pages\/7809","targetHints":{"allow":["GET"]}}],"collection":[{"href":"https:\/\/1xplayz.com\/es\/wp-json\/wp\/v2\/pages"}],"about":[{"href":"https:\/\/1xplayz.com\/es\/wp-json\/wp\/v2\/types\/page"}],"author":[{"embeddable":true,"href":"https:\/\/1xplayz.com\/es\/wp-json\/wp\/v2\/users\/1"}],"replies":[{"embeddable":true,"href":"https:\/\/1xplayz.com\/es\/wp-json\/wp\/v2\/comments?post=7809"}],"version-history":[{"count":9,"href":"https:\/\/1xplayz.com\/es\/wp-json\/wp\/v2\/pages\/7809\/revisions"}],"predecessor-version":[{"id":42344,"href":"https:\/\/1xplayz.com\/es\/wp-json\/wp\/v2\/pages\/7809\/revisions\/42344"}],"up":[{"embeddable":true,"href":"https:\/\/1xplayz.com\/es\/wp-json\/wp\/v2\/pages\/1594"}],"wp:attachment":[{"href":"https:\/\/1xplayz.com\/es\/wp-json\/wp\/v2\/media?parent=7809"}],"curies":[{"name":"wp","href":"https:\/\/api.w.org\/{rel}","templated":true}]}}