{"id":7835,"date":"2021-09-24T18:28:14","date_gmt":"2021-09-24T11:28:14","guid":{"rendered":"https:\/\/1xplayz.com\/league-of-legends\/vietnam-championship-series\/"},"modified":"2023-03-07T22:28:54","modified_gmt":"2023-03-07T15:28:54","slug":"vietnam-championship-series","status":"publish","type":"page","link":"https:\/\/1xplayz.com\/es\/league-of-legends\/vietnam-championship-series\/","title":{"rendered":"League of Legends Serie de campeonatos de Vietnam (VCS) 2023"},"content":{"rendered":"\n<h2 class=\"wp-block-heading\">Predicciones LOL Serie de campeonatos de Vietnam (VCS) 2023<\/h2>\n\n\n\n<p>Las <strong> predicciones de la Serie de campeonatos de Vietnam <\/strong> son los consejos para apostar en los partidos de la liga profesional de eSports en la categor\u00eda de base de League of Legends en Vietnam. La Serie de Campeonato de Vietnam (VCS) tiene dos temporadas por a\u00f1o, que concluyen con la fase de grupos y las eliminatorias. Aqu\u00ed, 1xPlayz predice el ganador de los partidos en la fase de grupos. Durante las eliminatorias, agregaremos predicciones para el n\u00famero de mapas y el puntaje correcto. Entonces, todas las predicciones de VCS est\u00e1n en los calendarios de la Serie de Campeonato de Vietnam.<\/p>\n\n\n\n<a href=\"https:\/\/refpa.top\/L?tag=d_1105835m_97c_&amp;site=1105835&amp;ad=97&amp;r=live\/Esports\/\" target=\"_blank\" rel=\"nofollow noopener\"><img loading=\"lazy\" decoding=\"async\" class=\"alignnone wp-image-1834\" src=\"https:\/\/1xplayz.com\/wp-content\/uploads\/2021\/07\/spanish-lol-betting-bonus-1024x347.jpg\" alt=\"bono de apuestas lol espa\u00f1ol\" width=\"800\" height=\"271\" srcset=\"https:\/\/1xplayz.com\/wp-content\/uploads\/2021\/07\/spanish-lol-betting-bonus-1024x347.jpg 1024w, https:\/\/1xplayz.com\/wp-content\/uploads\/2021\/07\/spanish-lol-betting-bonus-300x102.jpg 300w, https:\/\/1xplayz.com\/wp-content\/uploads\/2021\/07\/spanish-lol-betting-bonus-768x260.jpg 768w, https:\/\/1xplayz.com\/wp-content\/uploads\/2021\/07\/spanish-lol-betting-bonus-128x43.jpg 128w, https:\/\/1xplayz.com\/wp-content\/uploads\/2021\/07\/spanish-lol-betting-bonus-32x11.jpg 32w, https:\/\/1xplayz.com\/wp-content\/uploads\/2021\/07\/spanish-lol-betting-bonus.jpg 1527w\" sizes=\"auto, (max-width: 800px) 100vw, 800px\" \/><\/a>\n\n\n\n<h2 class=\"wp-block-heading\">Acerca de LOL Serie de campeonatos de Vietnam<\/h2>\n\n\n\n<p>La Serie de Campeonatos de Vietnam (VCS) es el nivel principal del torneo de deportes electr\u00f3nicos de League of Legends en Vietnam. League of Legends Vietnam se fund\u00f3 en 2013. VCS es el evento competitivo anual que cada a\u00f1o se divide en temporadas de primavera y verano. La primavera de VCS comienza principalmente en enero y termina en abril. Adem\u00e1s, VCS Summer es de junio a agosto. Cada temporada tiene 8 equipos participantes en la primera etapa, que es la fase de grupos. En este grupo juega Double Round Robin. Cada equipo juega 14 partidos. Todos los partidos son al mejor de 3 (Bo3). Solo los 5 mejores equipos avanzan a los Playoffs. En los Playoffs, juegan como Doble Eliminaci\u00f3n. Todos los partidos son al mejor de 5 (Bo5). Solo el ganador de VCS Spring se clasifica para las <a title=\"Predicciones por invitaci\u00f3n de mitad de temporada de League of Legends\" href=\"https:\/\/1xplayz.com\/es\/league-of-legends\/mid-season-invitational\/\">Mid-Season Invitacional<\/a>. Adem\u00e1s, el ganador y el subcampe\u00f3n de VSC Summer van al <a title=\"Predicciones del campeonato mundial de League of Legends\" href=\"https:\/\/1xplayz.com\/es\/league-of-legends\/world-championship\/\">Campeonato del Mundo <\/a>.<\/p>\n\n\n\n<h3 class=\"wp-block-heading\">Sitio web de apuestas de LOL Serie de campeonatos de Vietnam 2023<\/h3>\n\n\n\n<p>\u00bfD\u00f3nde apostar League of Legends Serie de campeonatos de Vietnam (VCS) 2023? El mejor sitio de apuestas en l\u00ednea para la Liga de Vietnam y otros torneos de deportes electr\u00f3nicos es <strong><a title=\"Sitio web de apuestas de deportes electr\u00f3nicos con bonificaci\u00f3n\" href=\"https:\/\/refpa.top\/L?tag=d_1105835m_97c_&amp;site=1105835&amp;ad=97&amp;r=line\/Esports\/\" target=\"_blank\" rel=\"nofollow noopener\">1xbet.com<\/a><\/strong>. Este sitio web tiene un bono de registro muy bueno de hasta 100 USD (o moneda equivalente). Adem\u00e1s, tienen varias opciones y una amplia gama de mercados para apostar en los deportes electr\u00f3nicos. Hay m\u00e1s promociones como recompensas para miembros, bonificaci\u00f3n por dep\u00f3sito de fin de semana y devoluci\u00f3n de dinero para algunos deportes electr\u00f3nicos espec\u00edficos. Si tambi\u00e9n te gusta jugar, entonces <a title=\"1XBET mejor sitio web de juegos electr\u00f3nicos\" href=\"https:\/\/refpa.top\/L?tag=d_1105835m_97c_&amp;site=1105835&amp;ad=97&amp;r=allgamesentrance\/\" target=\"_blank\" rel=\"nofollow noopener\">registre una cuenta con 1XBET<\/a> gratis para jugar algunos juegos con dinero real para ganar dinero real.<\/p>\n\n\n\n<h3 class=\"wp-block-heading\">LOL Serie de campeonatos de Vietnam 2023 Livestream<\/h3>\n\n\n\n<p>Los socios de transmisi\u00f3n de League of Legends Serie de campeonatos de Vietnam (VCS) es Youtube. Sin embargo, la transmisi\u00f3n en vivo de todos los partidos de deportes electr\u00f3nicos se basar\u00eda en <a title=\"Transmisi\u00f3n en vivo de deportes electr\u00f3nicos con 1XBET\" href=\"https:\/\/refpa.top\/L?tag=d_1105835m_97c_&amp;site=1105835&amp;ad=97&amp;r=live\/Esports\/\" target=\"_blank\" rel=\"nofollow noopener\">1XBET.com<\/a> tambi\u00e9n. Puedes ver los partidos, ver las cuotas en vivo y apostar al mismo tiempo. Con su cuenta 1XBET, a\u00fan puede ver partidos de deportes electr\u00f3nicos y otros eventos deportivos populares de forma gratuita, incluso si no deposita.<\/p>\n","protected":false},"excerpt":{"rendered":"<div class=\"mh-excerpt\"><p>Predicciones LOL Serie de campeonatos de Vietnam (VCS) 2023 Las predicciones de la Serie de campeonatos de Vietnam son los consejos para apostar en los <a class=\"mh-excerpt-more\" href=\"https:\/\/1xplayz.com\/es\/league-of-legends\/vietnam-championship-series\/\" title=\"League of Legends Serie de campeonatos de Vietnam (VCS) 2023\">[&#8230;]<\/a><\/p>\n<\/div>","protected":false},"author":1,"featured_media":0,"parent":1594,"menu_order":0,"comment_status":"closed","ping_status":"closed","template":"","meta":{"footnotes":""},"class_list":["post-7835","page","type-page","status-publish","hentry"],"yoast_head":"<!-- This site is optimized with the Yoast SEO plugin v26.6 - https:\/\/yoast.com\/wordpress\/plugins\/seo\/ -->\n<title>League of Legends Serie de campeonatos de Vietnam (VCS) 2023 - Tipsters de eSports - 1xPlayz<\/title>\n<meta name=\"description\" content=\"Predicciones LOL Serie de campeonatos de Vietnam (VCS) 2023 Las predicciones de la Serie de campeonatos de Vietnam son los consejos para apostar en los\" \/>\n<meta name=\"robots\" content=\"index, follow, max-snippet:-1, max-image-preview:large, max-video-preview:-1\" \/>\n<link rel=\"canonical\" href=\"https:\/\/1xplayz.com\/es\/league-of-legends\/vietnam-championship-series\/\" \/>\n<meta property=\"og:locale\" content=\"es_ES\" \/>\n<meta property=\"og:type\" content=\"article\" \/>\n<meta property=\"og:title\" content=\"League of Legends Serie de campeonatos de Vietnam (VCS) 2023 - Tipsters de eSports - 1xPlayz\" \/>\n<meta property=\"og:description\" content=\"Predicciones LOL Serie de campeonatos de Vietnam (VCS) 2023 Las predicciones de la Serie de campeonatos de Vietnam son los consejos para apostar en los\" \/>\n<meta property=\"og:url\" content=\"https:\/\/1xplayz.com\/es\/league-of-legends\/vietnam-championship-series\/\" \/>\n<meta property=\"og:site_name\" content=\"1xPlayz\" \/>\n<meta property=\"article:modified_time\" content=\"2023-03-07T15:28:54+00:00\" \/>\n<meta property=\"og:image\" content=\"https:\/\/1xplayz.com\/wp-content\/uploads\/2021\/07\/spanish-lol-betting-bonus-1024x347.jpg\" \/>\n<meta name=\"twitter:card\" content=\"summary_large_image\" \/>\n<meta name=\"twitter:label1\" content=\"Tiempo de lectura\" \/>\n\t<meta name=\"twitter:data1\" content=\"3 minutos\" \/>\n<script type=\"application\/ld+json\" class=\"yoast-schema-graph\">{\"@context\":\"https:\/\/schema.org\",\"@graph\":[{\"@type\":\"WebPage\",\"@id\":\"https:\/\/1xplayz.com\/es\/league-of-legends\/vietnam-championship-series\/\",\"url\":\"https:\/\/1xplayz.com\/es\/league-of-legends\/vietnam-championship-series\/\",\"name\":\"League of Legends Serie de campeonatos de Vietnam (VCS) 2023 - Tipsters de eSports - 1xPlayz\",\"isPartOf\":{\"@id\":\"https:\/\/1xplayz.com\/es\/de\/#website\"},\"primaryImageOfPage\":{\"@id\":\"https:\/\/1xplayz.com\/es\/league-of-legends\/vietnam-championship-series\/#primaryimage\"},\"image\":{\"@id\":\"https:\/\/1xplayz.com\/es\/league-of-legends\/vietnam-championship-series\/#primaryimage\"},\"thumbnailUrl\":\"https:\/\/1xplayz.com\/wp-content\/uploads\/2021\/07\/spanish-lol-betting-bonus-1024x347.jpg\",\"datePublished\":\"2021-09-24T11:28:14+00:00\",\"dateModified\":\"2023-03-07T15:28:54+00:00\",\"description\":\"Predicciones LOL Serie de campeonatos de Vietnam (VCS) 2023 Las predicciones de la Serie de campeonatos de Vietnam son los consejos para apostar en los\",\"breadcrumb\":{\"@id\":\"https:\/\/1xplayz.com\/es\/league-of-legends\/vietnam-championship-series\/#breadcrumb\"},\"inLanguage\":\"es\",\"potentialAction\":[{\"@type\":\"ReadAction\",\"target\":[\"https:\/\/1xplayz.com\/es\/league-of-legends\/vietnam-championship-series\/\"]}]},{\"@type\":\"ImageObject\",\"inLanguage\":\"es\",\"@id\":\"https:\/\/1xplayz.com\/es\/league-of-legends\/vietnam-championship-series\/#primaryimage\",\"url\":\"https:\/\/1xplayz.com\/wp-content\/uploads\/2021\/07\/spanish-lol-betting-bonus-1024x347.jpg\",\"contentUrl\":\"https:\/\/1xplayz.com\/wp-content\/uploads\/2021\/07\/spanish-lol-betting-bonus-1024x347.jpg\"},{\"@type\":\"BreadcrumbList\",\"@id\":\"https:\/\/1xplayz.com\/es\/league-of-legends\/vietnam-championship-series\/#breadcrumb\",\"itemListElement\":[{\"@type\":\"ListItem\",\"position\":1,\"name\":\"Home\",\"item\":\"https:\/\/1xplayz.com\/es\/\"},{\"@type\":\"ListItem\",\"position\":2,\"name\":\"Predicciones de League of Legends 2023\",\"item\":\"https:\/\/1xplayz.com\/es\/league-of-legends\/\"},{\"@type\":\"ListItem\",\"position\":3,\"name\":\"League of Legends Serie de campeonatos de Vietnam (VCS) 2023\"}]},{\"@type\":\"WebSite\",\"@id\":\"https:\/\/1xplayz.com\/es\/de\/#website\",\"url\":\"https:\/\/1xplayz.com\/es\/de\/\",\"name\":\"1xPlayz\",\"description\":\"Tipsters de eSports\",\"publisher\":{\"@id\":\"https:\/\/1xplayz.com\/es\/de\/#\/schema\/person\/8eadc1d14ab3326bbc7a655fbfe061cf\"},\"potentialAction\":[{\"@type\":\"SearchAction\",\"target\":{\"@type\":\"EntryPoint\",\"urlTemplate\":\"https:\/\/1xplayz.com\/es\/de\/?s={search_term_string}\"},\"query-input\":{\"@type\":\"PropertyValueSpecification\",\"valueRequired\":true,\"valueName\":\"search_term_string\"}}],\"inLanguage\":\"es\"},{\"@type\":[\"Person\",\"Organization\"],\"@id\":\"https:\/\/1xplayz.com\/es\/de\/#\/schema\/person\/8eadc1d14ab3326bbc7a655fbfe061cf\",\"name\":\"1xPlayz\",\"image\":{\"@type\":\"ImageObject\",\"inLanguage\":\"es\",\"@id\":\"https:\/\/1xplayz.com\/es\/de\/#\/schema\/person\/image\/\",\"url\":\"https:\/\/1xplayz.com\/wp-content\/uploads\/2021\/07\/1xp.png\",\"contentUrl\":\"https:\/\/1xplayz.com\/wp-content\/uploads\/2021\/07\/1xp.png\",\"width\":500,\"height\":500,\"caption\":\"1xPlayz\"},\"logo\":{\"@id\":\"https:\/\/1xplayz.com\/es\/de\/#\/schema\/person\/image\/\"},\"sameAs\":[\"http:\/\/1xplayz.com\"]}]}<\/script>\n<!-- \/ Yoast SEO plugin. -->","yoast_head_json":{"title":"League of Legends Serie de campeonatos de Vietnam (VCS) 2023 - Tipsters de eSports - 1xPlayz","description":"Predicciones LOL Serie de campeonatos de Vietnam (VCS) 2023 Las predicciones de la Serie de campeonatos de Vietnam son los consejos para apostar en los","robots":{"index":"index","follow":"follow","max-snippet":"max-snippet:-1","max-image-preview":"max-image-preview:large","max-video-preview":"max-video-preview:-1"},"canonical":"https:\/\/1xplayz.com\/es\/league-of-legends\/vietnam-championship-series\/","og_locale":"es_ES","og_type":"article","og_title":"League of Legends Serie de campeonatos de Vietnam (VCS) 2023 - Tipsters de eSports - 1xPlayz","og_description":"Predicciones LOL Serie de campeonatos de Vietnam (VCS) 2023 Las predicciones de la Serie de campeonatos de Vietnam son los consejos para apostar en los","og_url":"https:\/\/1xplayz.com\/es\/league-of-legends\/vietnam-championship-series\/","og_site_name":"1xPlayz","article_modified_time":"2023-03-07T15:28:54+00:00","og_image":[{"url":"https:\/\/1xplayz.com\/wp-content\/uploads\/2021\/07\/spanish-lol-betting-bonus-1024x347.jpg","type":"","width":"","height":""}],"twitter_card":"summary_large_image","twitter_misc":{"Tiempo de lectura":"3 minutos"},"schema":{"@context":"https:\/\/schema.org","@graph":[{"@type":"WebPage","@id":"https:\/\/1xplayz.com\/es\/league-of-legends\/vietnam-championship-series\/","url":"https:\/\/1xplayz.com\/es\/league-of-legends\/vietnam-championship-series\/","name":"League of Legends Serie de campeonatos de Vietnam (VCS) 2023 - Tipsters de eSports - 1xPlayz","isPartOf":{"@id":"https:\/\/1xplayz.com\/es\/de\/#website"},"primaryImageOfPage":{"@id":"https:\/\/1xplayz.com\/es\/league-of-legends\/vietnam-championship-series\/#primaryimage"},"image":{"@id":"https:\/\/1xplayz.com\/es\/league-of-legends\/vietnam-championship-series\/#primaryimage"},"thumbnailUrl":"https:\/\/1xplayz.com\/wp-content\/uploads\/2021\/07\/spanish-lol-betting-bonus-1024x347.jpg","datePublished":"2021-09-24T11:28:14+00:00","dateModified":"2023-03-07T15:28:54+00:00","description":"Predicciones LOL Serie de campeonatos de Vietnam (VCS) 2023 Las predicciones de la Serie de campeonatos de Vietnam son los consejos para apostar en los","breadcrumb":{"@id":"https:\/\/1xplayz.com\/es\/league-of-legends\/vietnam-championship-series\/#breadcrumb"},"inLanguage":"es","potentialAction":[{"@type":"ReadAction","target":["https:\/\/1xplayz.com\/es\/league-of-legends\/vietnam-championship-series\/"]}]},{"@type":"ImageObject","inLanguage":"es","@id":"https:\/\/1xplayz.com\/es\/league-of-legends\/vietnam-championship-series\/#primaryimage","url":"https:\/\/1xplayz.com\/wp-content\/uploads\/2021\/07\/spanish-lol-betting-bonus-1024x347.jpg","contentUrl":"https:\/\/1xplayz.com\/wp-content\/uploads\/2021\/07\/spanish-lol-betting-bonus-1024x347.jpg"},{"@type":"BreadcrumbList","@id":"https:\/\/1xplayz.com\/es\/league-of-legends\/vietnam-championship-series\/#breadcrumb","itemListElement":[{"@type":"ListItem","position":1,"name":"Home","item":"https:\/\/1xplayz.com\/es\/"},{"@type":"ListItem","position":2,"name":"Predicciones de League of Legends 2023","item":"https:\/\/1xplayz.com\/es\/league-of-legends\/"},{"@type":"ListItem","position":3,"name":"League of Legends Serie de campeonatos de Vietnam (VCS) 2023"}]},{"@type":"WebSite","@id":"https:\/\/1xplayz.com\/es\/de\/#website","url":"https:\/\/1xplayz.com\/es\/de\/","name":"1xPlayz","description":"Tipsters de eSports","publisher":{"@id":"https:\/\/1xplayz.com\/es\/de\/#\/schema\/person\/8eadc1d14ab3326bbc7a655fbfe061cf"},"potentialAction":[{"@type":"SearchAction","target":{"@type":"EntryPoint","urlTemplate":"https:\/\/1xplayz.com\/es\/de\/?s={search_term_string}"},"query-input":{"@type":"PropertyValueSpecification","valueRequired":true,"valueName":"search_term_string"}}],"inLanguage":"es"},{"@type":["Person","Organization"],"@id":"https:\/\/1xplayz.com\/es\/de\/#\/schema\/person\/8eadc1d14ab3326bbc7a655fbfe061cf","name":"1xPlayz","image":{"@type":"ImageObject","inLanguage":"es","@id":"https:\/\/1xplayz.com\/es\/de\/#\/schema\/person\/image\/","url":"https:\/\/1xplayz.com\/wp-content\/uploads\/2021\/07\/1xp.png","contentUrl":"https:\/\/1xplayz.com\/wp-content\/uploads\/2021\/07\/1xp.png","width":500,"height":500,"caption":"1xPlayz"},"logo":{"@id":"https:\/\/1xplayz.com\/es\/de\/#\/schema\/person\/image\/"},"sameAs":["http:\/\/1xplayz.com"]}]}},"_links":{"self":[{"href":"https:\/\/1xplayz.com\/es\/wp-json\/wp\/v2\/pages\/7835","targetHints":{"allow":["GET"]}}],"collection":[{"href":"https:\/\/1xplayz.com\/es\/wp-json\/wp\/v2\/pages"}],"about":[{"href":"https:\/\/1xplayz.com\/es\/wp-json\/wp\/v2\/types\/page"}],"author":[{"embeddable":true,"href":"https:\/\/1xplayz.com\/es\/wp-json\/wp\/v2\/users\/1"}],"replies":[{"embeddable":true,"href":"https:\/\/1xplayz.com\/es\/wp-json\/wp\/v2\/comments?post=7835"}],"version-history":[{"count":5,"href":"https:\/\/1xplayz.com\/es\/wp-json\/wp\/v2\/pages\/7835\/revisions"}],"predecessor-version":[{"id":42386,"href":"https:\/\/1xplayz.com\/es\/wp-json\/wp\/v2\/pages\/7835\/revisions\/42386"}],"up":[{"embeddable":true,"href":"https:\/\/1xplayz.com\/es\/wp-json\/wp\/v2\/pages\/1594"}],"wp:attachment":[{"href":"https:\/\/1xplayz.com\/es\/wp-json\/wp\/v2\/media?parent=7835"}],"curies":[{"name":"wp","href":"https:\/\/api.w.org\/{rel}","templated":true}]}}