{"id":8344,"date":"2021-09-27T13:13:34","date_gmt":"2021-09-27T06:13:34","guid":{"rendered":"https:\/\/1xplayz.com\/?page_id=8344"},"modified":"2023-01-02T20:43:20","modified_gmt":"2023-01-02T13:43:20","slug":"esports-predictions","status":"publish","type":"page","link":"https:\/\/1xplayz.com\/es\/esports-predictions\/","title":{"rendered":"Esports Tournament 2023 Predicciones"},"content":{"rendered":"\n<p>\u00bfEst\u00e1s interesado en saber qu\u00e9 sucede en cada torneo de E-Sports? Aqu\u00ed tenemos las mejores predicciones de partidos de deportes electr\u00f3nicos de forma gratuita. Actualmente, el torneo de deportes electr\u00f3nicos m\u00e1s famoso, el <a title=\"Campeonato del mundo de League of Legends\" href=\"https:\/\/1xplayz.com\/es\/league-of-legends\/world-championship\/\">Worlds 2023<\/a> est\u00e1 comenzando. 1xPlayz te proporciona todas las predicciones de partidos en todas las etapas de las competiciones. Todos los partidos de los torneos de deportes electr\u00f3nicos se pueden apostar con <a title=\"Casa de apuestas de deportes electr\u00f3nicos\" href=\"https:\/\/refpa.top\/L?tag=d_1105835m_97c_&amp;site=1105835&amp;ad=97&amp;r=live\/Esports\/\" target=\"_blank\" rel=\"noreferrer noopener\">1xBet.com<\/a> que tiene un bono de bienvenida muy bueno y m\u00e1s juegos para ganar el precio real. Tambi\u00e9n puede consultar las otras <a title=\"D\u00f3nde apostar Esports\" href=\"https:\/\/1xplayz.com\/es\/esports-bookies\/\">rese\u00f1as de casas de apuestas de deportes electr\u00f3nicos<\/a> para comparar los beneficios de cada uno. corredor de apuestas.<\/p>\n\n\n\n<h3 class=\"wp-block-heading\" id=\"block-8c87428d-97a1-4e4b-b8fb-35f0147c582b\">Consejos y predicciones para los torneos de eSports 2023<\/h3>\n\n\n\n<div class=\"sportspress sp-widget-align-none\"><h4 class=\"sp-table-caption\">Predicciones de deportes electr\u00f3nicos hoy<\/h4><div class=\"sp-template sp-template-event-blocks\">\n\t<div class=\"sp-table-wrapper\">\n\t\t<table class=\"sp-event-blocks sp-data-table\n\t\t\t\t\t sp-paginated-table\" data-sp-rows=\"5\">\n\t\t\t<thead><tr><th><\/th><\/tr><\/thead> \t\t\t<tbody>\n\t\t\t\t\t\t\t<\/tbody>\n\t\t<\/table>\n\t<\/div>\n\t<div class=\"sp-calendar-link sp-view-all-link\"><a href=\"https:\/\/1xplayz.com\/es\/calendars\/esports-predictions-today\/\">Ver todos los eventos<\/a><\/div><\/div>\n<\/div>\n\n\n\n<p id=\"block-7b89a99f-1389-4145-9cd1-a5d9b70f396c\">Si eres un gran fan\u00e1tico de los deportes electr\u00f3nicos, est\u00e1s en el sitio correcto. Brindamos predicciones de tus equipos de deportes electr\u00f3nicos favoritos en la industria de juegos de deportes electr\u00f3nicos m\u00e1s popular que quiz\u00e1s no quieras perderte sus torneos.<\/p>\n\n\n\n<ul class=\"wp-block-list\">\n<li><a title=\"League of Legend eSports\" href=\"https:\/\/1xplayz.com\/es\/league-of-legends\/\">League of Legends (LOL)<\/a><\/li>\n\n\n\n<li>StarCraft II<\/li>\n\n\n\n<li>Valorant<\/li>\n\n\n\n<li><a title=\"Dota 2 esports\" href=\"https:\/\/1xplayz.com\/es\/dota2\/\">Dota 2<\/a><\/li>\n\n\n\n<li><a title=\"Counter Strike: Global Offensive esports\" href=\"https:\/\/1xplayz.com\/es\/counter-strike-global-offensive\/\">Counter-Strike: Global Offensive (CSGO)<\/a><\/li>\n\n\n\n<li>PUBG<\/li>\n\n\n\n<li>Rainbow Six<\/li>\n\n\n\n<li><a title=\"Mobile Legends: Bang Bang eSports\" href=\"https:\/\/1xplayz.com\/es\/mobile-legends\/\">Mobile Legends: Bang Bang (MLBB)<\/a><\/li>\n\n\n\n<li>Crossfire<\/li>\n\n\n\n<li>Call of Duty<\/li>\n\n\n\n<li>King of Glory<\/li>\n\n\n\n<li>WarCraft<\/li>\n<\/ul>\n\n\n\n<h3 class=\"wp-block-heading\">Las 10 mejores predicciones de torneos de eSports<\/h3>\n\n\n\n<p>Los torneos de deportes electr\u00f3nicos tienen muchas categor\u00edas. Sin embargo, aqu\u00ed est\u00e1n los 10 deportes electr\u00f3nicos m\u00e1s importantes de 2023 que ofrecemos con las predicciones. Sin embargo, tambi\u00e9n predecimos otros niveles de torneos. As\u00ed que s\u00edguenos para obtener m\u00e1s predicciones gratuitas.<\/p>\n\n\n\n<ol class=\"wp-block-list\">\n<li>LOL Mid Season Invitational 2023<\/li>\n\n\n\n<li>CSGO Intel Extreme Master 2023<\/li>\n\n\n\n<li>CSGO ESL Pro League 2023<\/li>\n\n\n\n<li>Campeonato Global de PUBG 2023<\/li>\n\n\n\n<li>Campeonato del Mundo LOL 2023<\/li>\n\n\n\n<li>MLBB Mid Season Invitational 2023<\/li>\n\n\n\n<li>Campeonato Mundial MLBB 2023<\/li>\n\n\n\n<li>CSGO Blast Premier 2023<\/li>\n\n\n\n<li>Dota 2 The International 2023<\/li>\n\n\n\n<li>VALORANT Champions 2023<\/li>\n<\/ol>\n","protected":false},"excerpt":{"rendered":"<div class=\"mh-excerpt\"><p>\u00bfEst\u00e1s interesado en saber qu\u00e9 sucede en cada torneo de E-Sports? Aqu\u00ed tenemos las mejores predicciones de partidos de deportes electr\u00f3nicos de forma gratuita. Actualmente, <a class=\"mh-excerpt-more\" href=\"https:\/\/1xplayz.com\/es\/esports-predictions\/\" title=\"Esports Tournament 2023 Predicciones\">[&#8230;]<\/a><\/p>\n<\/div>","protected":false},"author":1,"featured_media":0,"parent":0,"menu_order":0,"comment_status":"closed","ping_status":"closed","template":"","meta":{"footnotes":""},"class_list":["post-8344","page","type-page","status-publish","hentry"],"yoast_head":"<!-- This site is optimized with the Yoast SEO plugin v26.6 - https:\/\/yoast.com\/wordpress\/plugins\/seo\/ -->\n<title>Esports Tournament 2023 Predicciones - Tipsters de eSports - 1xPlayz<\/title>\n<meta name=\"description\" content=\"\u00bfEst\u00e1s interesado en saber qu\u00e9 sucede en cada torneo de E-Sports? Aqu\u00ed tenemos las mejores predicciones de partidos de deportes electr\u00f3nicos de forma\" \/>\n<meta name=\"robots\" content=\"index, follow, max-snippet:-1, max-image-preview:large, max-video-preview:-1\" \/>\n<link rel=\"canonical\" href=\"https:\/\/1xplayz.com\/es\/esports-predictions\/\" \/>\n<meta property=\"og:locale\" content=\"es_ES\" \/>\n<meta property=\"og:type\" content=\"article\" \/>\n<meta property=\"og:title\" content=\"Esports Tournament 2023 Predicciones - Tipsters de eSports - 1xPlayz\" \/>\n<meta property=\"og:description\" content=\"\u00bfEst\u00e1s interesado en saber qu\u00e9 sucede en cada torneo de E-Sports? Aqu\u00ed tenemos las mejores predicciones de partidos de deportes electr\u00f3nicos de forma\" \/>\n<meta property=\"og:url\" content=\"https:\/\/1xplayz.com\/es\/esports-predictions\/\" \/>\n<meta property=\"og:site_name\" content=\"1xPlayz\" \/>\n<meta property=\"article:modified_time\" content=\"2023-01-02T13:43:20+00:00\" \/>\n<meta name=\"twitter:card\" content=\"summary_large_image\" \/>\n<meta name=\"twitter:label1\" content=\"Tiempo de lectura\" \/>\n\t<meta name=\"twitter:data1\" content=\"2 minutos\" \/>\n<script type=\"application\/ld+json\" class=\"yoast-schema-graph\">{\"@context\":\"https:\/\/schema.org\",\"@graph\":[{\"@type\":\"WebPage\",\"@id\":\"https:\/\/1xplayz.com\/es\/esports-predictions\/\",\"url\":\"https:\/\/1xplayz.com\/es\/esports-predictions\/\",\"name\":\"Esports Tournament 2023 Predicciones - Tipsters de eSports - 1xPlayz\",\"isPartOf\":{\"@id\":\"https:\/\/1xplayz.com\/es\/de\/#website\"},\"datePublished\":\"2021-09-27T06:13:34+00:00\",\"dateModified\":\"2023-01-02T13:43:20+00:00\",\"description\":\"\u00bfEst\u00e1s interesado en saber qu\u00e9 sucede en cada torneo de E-Sports? Aqu\u00ed tenemos las mejores predicciones de partidos de deportes electr\u00f3nicos de forma\",\"breadcrumb\":{\"@id\":\"https:\/\/1xplayz.com\/es\/esports-predictions\/#breadcrumb\"},\"inLanguage\":\"es\",\"potentialAction\":[{\"@type\":\"ReadAction\",\"target\":[\"https:\/\/1xplayz.com\/es\/esports-predictions\/\"]}]},{\"@type\":\"BreadcrumbList\",\"@id\":\"https:\/\/1xplayz.com\/es\/esports-predictions\/#breadcrumb\",\"itemListElement\":[{\"@type\":\"ListItem\",\"position\":1,\"name\":\"Home\",\"item\":\"https:\/\/1xplayz.com\/es\/\"},{\"@type\":\"ListItem\",\"position\":2,\"name\":\"Esports Tournament 2023 Predicciones\"}]},{\"@type\":\"WebSite\",\"@id\":\"https:\/\/1xplayz.com\/es\/de\/#website\",\"url\":\"https:\/\/1xplayz.com\/es\/de\/\",\"name\":\"1xPlayz\",\"description\":\"Tipsters de eSports\",\"publisher\":{\"@id\":\"https:\/\/1xplayz.com\/es\/de\/#\/schema\/person\/8eadc1d14ab3326bbc7a655fbfe061cf\"},\"potentialAction\":[{\"@type\":\"SearchAction\",\"target\":{\"@type\":\"EntryPoint\",\"urlTemplate\":\"https:\/\/1xplayz.com\/es\/de\/?s={search_term_string}\"},\"query-input\":{\"@type\":\"PropertyValueSpecification\",\"valueRequired\":true,\"valueName\":\"search_term_string\"}}],\"inLanguage\":\"es\"},{\"@type\":[\"Person\",\"Organization\"],\"@id\":\"https:\/\/1xplayz.com\/es\/de\/#\/schema\/person\/8eadc1d14ab3326bbc7a655fbfe061cf\",\"name\":\"1xPlayz\",\"image\":{\"@type\":\"ImageObject\",\"inLanguage\":\"es\",\"@id\":\"https:\/\/1xplayz.com\/es\/de\/#\/schema\/person\/image\/\",\"url\":\"https:\/\/1xplayz.com\/wp-content\/uploads\/2021\/07\/1xp.png\",\"contentUrl\":\"https:\/\/1xplayz.com\/wp-content\/uploads\/2021\/07\/1xp.png\",\"width\":500,\"height\":500,\"caption\":\"1xPlayz\"},\"logo\":{\"@id\":\"https:\/\/1xplayz.com\/es\/de\/#\/schema\/person\/image\/\"},\"sameAs\":[\"http:\/\/1xplayz.com\"]}]}<\/script>\n<!-- \/ Yoast SEO plugin. -->","yoast_head_json":{"title":"Esports Tournament 2023 Predicciones - Tipsters de eSports - 1xPlayz","description":"\u00bfEst\u00e1s interesado en saber qu\u00e9 sucede en cada torneo de E-Sports? Aqu\u00ed tenemos las mejores predicciones de partidos de deportes electr\u00f3nicos de forma","robots":{"index":"index","follow":"follow","max-snippet":"max-snippet:-1","max-image-preview":"max-image-preview:large","max-video-preview":"max-video-preview:-1"},"canonical":"https:\/\/1xplayz.com\/es\/esports-predictions\/","og_locale":"es_ES","og_type":"article","og_title":"Esports Tournament 2023 Predicciones - Tipsters de eSports - 1xPlayz","og_description":"\u00bfEst\u00e1s interesado en saber qu\u00e9 sucede en cada torneo de E-Sports? Aqu\u00ed tenemos las mejores predicciones de partidos de deportes electr\u00f3nicos de forma","og_url":"https:\/\/1xplayz.com\/es\/esports-predictions\/","og_site_name":"1xPlayz","article_modified_time":"2023-01-02T13:43:20+00:00","twitter_card":"summary_large_image","twitter_misc":{"Tiempo de lectura":"2 minutos"},"schema":{"@context":"https:\/\/schema.org","@graph":[{"@type":"WebPage","@id":"https:\/\/1xplayz.com\/es\/esports-predictions\/","url":"https:\/\/1xplayz.com\/es\/esports-predictions\/","name":"Esports Tournament 2023 Predicciones - Tipsters de eSports - 1xPlayz","isPartOf":{"@id":"https:\/\/1xplayz.com\/es\/de\/#website"},"datePublished":"2021-09-27T06:13:34+00:00","dateModified":"2023-01-02T13:43:20+00:00","description":"\u00bfEst\u00e1s interesado en saber qu\u00e9 sucede en cada torneo de E-Sports? Aqu\u00ed tenemos las mejores predicciones de partidos de deportes electr\u00f3nicos de forma","breadcrumb":{"@id":"https:\/\/1xplayz.com\/es\/esports-predictions\/#breadcrumb"},"inLanguage":"es","potentialAction":[{"@type":"ReadAction","target":["https:\/\/1xplayz.com\/es\/esports-predictions\/"]}]},{"@type":"BreadcrumbList","@id":"https:\/\/1xplayz.com\/es\/esports-predictions\/#breadcrumb","itemListElement":[{"@type":"ListItem","position":1,"name":"Home","item":"https:\/\/1xplayz.com\/es\/"},{"@type":"ListItem","position":2,"name":"Esports Tournament 2023 Predicciones"}]},{"@type":"WebSite","@id":"https:\/\/1xplayz.com\/es\/de\/#website","url":"https:\/\/1xplayz.com\/es\/de\/","name":"1xPlayz","description":"Tipsters de eSports","publisher":{"@id":"https:\/\/1xplayz.com\/es\/de\/#\/schema\/person\/8eadc1d14ab3326bbc7a655fbfe061cf"},"potentialAction":[{"@type":"SearchAction","target":{"@type":"EntryPoint","urlTemplate":"https:\/\/1xplayz.com\/es\/de\/?s={search_term_string}"},"query-input":{"@type":"PropertyValueSpecification","valueRequired":true,"valueName":"search_term_string"}}],"inLanguage":"es"},{"@type":["Person","Organization"],"@id":"https:\/\/1xplayz.com\/es\/de\/#\/schema\/person\/8eadc1d14ab3326bbc7a655fbfe061cf","name":"1xPlayz","image":{"@type":"ImageObject","inLanguage":"es","@id":"https:\/\/1xplayz.com\/es\/de\/#\/schema\/person\/image\/","url":"https:\/\/1xplayz.com\/wp-content\/uploads\/2021\/07\/1xp.png","contentUrl":"https:\/\/1xplayz.com\/wp-content\/uploads\/2021\/07\/1xp.png","width":500,"height":500,"caption":"1xPlayz"},"logo":{"@id":"https:\/\/1xplayz.com\/es\/de\/#\/schema\/person\/image\/"},"sameAs":["http:\/\/1xplayz.com"]}]}},"_links":{"self":[{"href":"https:\/\/1xplayz.com\/es\/wp-json\/wp\/v2\/pages\/8344","targetHints":{"allow":["GET"]}}],"collection":[{"href":"https:\/\/1xplayz.com\/es\/wp-json\/wp\/v2\/pages"}],"about":[{"href":"https:\/\/1xplayz.com\/es\/wp-json\/wp\/v2\/types\/page"}],"author":[{"embeddable":true,"href":"https:\/\/1xplayz.com\/es\/wp-json\/wp\/v2\/users\/1"}],"replies":[{"embeddable":true,"href":"https:\/\/1xplayz.com\/es\/wp-json\/wp\/v2\/comments?post=8344"}],"version-history":[{"count":4,"href":"https:\/\/1xplayz.com\/es\/wp-json\/wp\/v2\/pages\/8344\/revisions"}],"predecessor-version":[{"id":42282,"href":"https:\/\/1xplayz.com\/es\/wp-json\/wp\/v2\/pages\/8344\/revisions\/42282"}],"wp:attachment":[{"href":"https:\/\/1xplayz.com\/es\/wp-json\/wp\/v2\/media?parent=8344"}],"curies":[{"name":"wp","href":"https:\/\/api.w.org\/{rel}","templated":true}]}}