{"id":936,"date":"2021-05-13T07:47:16","date_gmt":"2021-05-13T07:47:16","guid":{"rendered":"https:\/\/1xplayz.com\/get-free-e-sports-tips\/"},"modified":"2023-01-02T20:34:01","modified_gmt":"2023-01-02T13:34:01","slug":"get-free-e-sports-tips","status":"publish","type":"page","link":"https:\/\/1xplayz.com\/es\/","title":{"rendered":"Consejos y predicciones de deportes electr\u00f3nicos 2023"},"content":{"rendered":"\n<p>\u00bfEst\u00e1 buscando consejos gratuitos de deportes electr\u00f3nicos en t\u00e9rminos de juegos de deportes electr\u00f3nicos o para apostar en deportes electr\u00f3nicos? Est\u00e1s en el lugar correcto. Aqu\u00ed tenemos todo tipo de consejos y trucos para jugar a los mejores juegos de esports como Dota 2, League of Legends, CS: GO PES, eSports Sports, Overwatch, Fortnite, Playerunknown&#8217;s Battlegrounds, Call of Duty: Modern Warfare, Arena of Valor, Rainbow. Six Siege, SMITE, Halo 5: Guardianes, Arena of Valor, Goble Offensive o Starcraft. <\/p>\n\n\n\n<a href=\"http:\/\/refpa.top\/L?tag=d_60645m_97c_&amp;site=60645&amp;ad=97\" target=\"_blank\" rel=\"nofollow noopener\"><img loading=\"lazy\" decoding=\"async\" class=\"alignnone wp-image-1834\" src=\"https:\/\/1xplayz.com\/wp-content\/uploads\/2021\/07\/spanish-lol-betting-bonus-1024x347.jpg\" alt=\"spanish lol betting bonus\" width=\"800\" height=\"271\" srcset=\"https:\/\/1xplayz.com\/wp-content\/uploads\/2021\/07\/spanish-lol-betting-bonus-1024x347.jpg 1024w, https:\/\/1xplayz.com\/wp-content\/uploads\/2021\/07\/spanish-lol-betting-bonus-300x102.jpg 300w, https:\/\/1xplayz.com\/wp-content\/uploads\/2021\/07\/spanish-lol-betting-bonus-768x260.jpg 768w, https:\/\/1xplayz.com\/wp-content\/uploads\/2021\/07\/spanish-lol-betting-bonus-128x43.jpg 128w, https:\/\/1xplayz.com\/wp-content\/uploads\/2021\/07\/spanish-lol-betting-bonus-32x11.jpg 32w, https:\/\/1xplayz.com\/wp-content\/uploads\/2021\/07\/spanish-lol-betting-bonus.jpg 1527w\" sizes=\"auto, (max-width: 800px) 100vw, 800px\" \/><\/a>\n\n\n\n<h2 class=\"wp-block-heading\">Todo lo que necesita saber sobre los eSports<\/h2>\n\n\n\n<h3 class=\"wp-block-heading\">Preguntas frecuentes sobre eSports<\/h3>\n\n\n\n<h4 class=\"wp-block-heading\">\u00bfQu\u00e9 son los deportes electr\u00f3nicos?<\/h4>\n\n\n\n<p>Los deportes electr\u00f3nicos o deportes electr\u00f3nicos son una especie de competencia entre equipos de videojuegos que juegan para ganar. Este tipo de competencia ocurre principalmente con jugadores que tienen seguidores y fan\u00e1ticos en todo el mundo.<\/p>\n\n\n\n<h4 class=\"wp-block-heading\">\u00bfEs el eSport un verdadero deporte?<\/h4>\n\n\n\n<p>Los E-Sports deben ser considerados como un deporte real porque son equipos o individuos con participaci\u00f3n competitiva y una fuerte capacidad mental. Cada asignatura requiere pr\u00e1ctica y los torneos se llevan a cabo en un estadio. Los deportes electr\u00f3nicos brindan alegr\u00eda y emoci\u00f3n que dan vida a los sentimientos de los jugadores y seguidores que pueden no tener la oportunidad de practicar deportes f\u00edsicos.<\/p>\n\n\n\n<p>La mayor\u00eda de los pa\u00edses que aceptan los eSports lo consideran un deporte real. Sin embargo, todav\u00eda hay discusiones sobre c\u00f3mo llamar a los jugadores de deportes electr\u00f3nicos. \u00bfEs un jugador de deportes un atleta?  <\/p>\n","protected":false},"excerpt":{"rendered":"<div class=\"mh-excerpt\"><p>\u00bfEst\u00e1 buscando consejos gratuitos de deportes electr\u00f3nicos en t\u00e9rminos de juegos de deportes electr\u00f3nicos o para apostar en deportes electr\u00f3nicos? Est\u00e1s en el lugar correcto. <a class=\"mh-excerpt-more\" href=\"https:\/\/1xplayz.com\/es\/\" title=\"Consejos y predicciones de deportes electr\u00f3nicos 2023\">[&#8230;]<\/a><\/p>\n<\/div>","protected":false},"author":1,"featured_media":0,"parent":0,"menu_order":0,"comment_status":"closed","ping_status":"closed","template":"","meta":{"footnotes":""},"class_list":["post-936","page","type-page","status-publish","hentry"],"yoast_head":"<!-- This site is optimized with the Yoast SEO plugin v26.6 - https:\/\/yoast.com\/wordpress\/plugins\/seo\/ -->\n<title>Consejos y predicciones de deportes electr\u00f3nicos 2023 - 1xPlayz<\/title>\n<meta name=\"description\" content=\"\u00bfEst\u00e1 buscando consejos gratuitos de deportes electr\u00f3nicos en t\u00e9rminos de juegos de deportes electr\u00f3nicos o para apostar en deportes electr\u00f3nicos? Est\u00e1s\" \/>\n<meta name=\"robots\" content=\"index, follow, max-snippet:-1, max-image-preview:large, max-video-preview:-1\" \/>\n<link rel=\"canonical\" href=\"https:\/\/1xplayz.com\/es\/\" \/>\n<meta property=\"og:locale\" content=\"es_ES\" \/>\n<meta property=\"og:type\" content=\"article\" \/>\n<meta property=\"og:title\" content=\"Consejos y predicciones de deportes electr\u00f3nicos 2023 - 1xPlayz\" \/>\n<meta property=\"og:description\" content=\"\u00bfEst\u00e1 buscando consejos gratuitos de deportes electr\u00f3nicos en t\u00e9rminos de juegos de deportes electr\u00f3nicos o para apostar en deportes electr\u00f3nicos? Est\u00e1s\" \/>\n<meta property=\"og:url\" content=\"https:\/\/1xplayz.com\/es\/\" \/>\n<meta property=\"og:site_name\" content=\"1xPlayz\" \/>\n<meta property=\"article:modified_time\" content=\"2023-01-02T13:34:01+00:00\" \/>\n<meta property=\"og:image\" content=\"https:\/\/1xplayz.com\/wp-content\/uploads\/2021\/07\/spanish-lol-betting-bonus-1024x347.jpg\" \/>\n<meta name=\"twitter:card\" content=\"summary_large_image\" \/>\n<meta name=\"twitter:label1\" content=\"Tiempo de lectura\" \/>\n\t<meta name=\"twitter:data1\" content=\"2 minutos\" \/>\n<script type=\"application\/ld+json\" class=\"yoast-schema-graph\">{\"@context\":\"https:\/\/schema.org\",\"@graph\":[{\"@type\":\"WebPage\",\"@id\":\"https:\/\/1xplayz.com\/es\/\",\"url\":\"https:\/\/1xplayz.com\/es\/\",\"name\":\"Consejos y predicciones de deportes electr\u00f3nicos 2023 - 1xPlayz\",\"isPartOf\":{\"@id\":\"https:\/\/1xplayz.com\/es\/de\/#website\"},\"primaryImageOfPage\":{\"@id\":\"https:\/\/1xplayz.com\/es\/#primaryimage\"},\"image\":{\"@id\":\"https:\/\/1xplayz.com\/es\/#primaryimage\"},\"thumbnailUrl\":\"https:\/\/1xplayz.com\/wp-content\/uploads\/2021\/07\/spanish-lol-betting-bonus-1024x347.jpg\",\"datePublished\":\"2021-05-13T07:47:16+00:00\",\"dateModified\":\"2023-01-02T13:34:01+00:00\",\"description\":\"\u00bfEst\u00e1 buscando consejos gratuitos de deportes electr\u00f3nicos en t\u00e9rminos de juegos de deportes electr\u00f3nicos o para apostar en deportes electr\u00f3nicos? Est\u00e1s\",\"breadcrumb\":{\"@id\":\"https:\/\/1xplayz.com\/es\/#breadcrumb\"},\"inLanguage\":\"es\",\"potentialAction\":[{\"@type\":\"ReadAction\",\"target\":[\"https:\/\/1xplayz.com\/es\/\"]}]},{\"@type\":\"ImageObject\",\"inLanguage\":\"es\",\"@id\":\"https:\/\/1xplayz.com\/es\/#primaryimage\",\"url\":\"https:\/\/1xplayz.com\/wp-content\/uploads\/2021\/07\/spanish-lol-betting-bonus-1024x347.jpg\",\"contentUrl\":\"https:\/\/1xplayz.com\/wp-content\/uploads\/2021\/07\/spanish-lol-betting-bonus-1024x347.jpg\"},{\"@type\":\"BreadcrumbList\",\"@id\":\"https:\/\/1xplayz.com\/es\/#breadcrumb\",\"itemListElement\":[{\"@type\":\"ListItem\",\"position\":1,\"name\":\"Home\",\"item\":\"https:\/\/1xplayz.com\/es\/\"},{\"@type\":\"ListItem\",\"position\":2,\"name\":\"Consejos y predicciones de deportes electr\u00f3nicos 2023\"}]},{\"@type\":\"WebSite\",\"@id\":\"https:\/\/1xplayz.com\/es\/de\/#website\",\"url\":\"https:\/\/1xplayz.com\/es\/de\/\",\"name\":\"1xPlayz\",\"description\":\"Tipsters de eSports\",\"publisher\":{\"@id\":\"https:\/\/1xplayz.com\/es\/de\/#\/schema\/person\/8eadc1d14ab3326bbc7a655fbfe061cf\"},\"potentialAction\":[{\"@type\":\"SearchAction\",\"target\":{\"@type\":\"EntryPoint\",\"urlTemplate\":\"https:\/\/1xplayz.com\/es\/de\/?s={search_term_string}\"},\"query-input\":{\"@type\":\"PropertyValueSpecification\",\"valueRequired\":true,\"valueName\":\"search_term_string\"}}],\"inLanguage\":\"es\"},{\"@type\":[\"Person\",\"Organization\"],\"@id\":\"https:\/\/1xplayz.com\/es\/de\/#\/schema\/person\/8eadc1d14ab3326bbc7a655fbfe061cf\",\"name\":\"1xPlayz\",\"image\":{\"@type\":\"ImageObject\",\"inLanguage\":\"es\",\"@id\":\"https:\/\/1xplayz.com\/es\/de\/#\/schema\/person\/image\/\",\"url\":\"https:\/\/1xplayz.com\/wp-content\/uploads\/2021\/07\/1xp.png\",\"contentUrl\":\"https:\/\/1xplayz.com\/wp-content\/uploads\/2021\/07\/1xp.png\",\"width\":500,\"height\":500,\"caption\":\"1xPlayz\"},\"logo\":{\"@id\":\"https:\/\/1xplayz.com\/es\/de\/#\/schema\/person\/image\/\"},\"sameAs\":[\"http:\/\/1xplayz.com\"]}]}<\/script>\n<!-- \/ Yoast SEO plugin. -->","yoast_head_json":{"title":"Consejos y predicciones de deportes electr\u00f3nicos 2023 - 1xPlayz","description":"\u00bfEst\u00e1 buscando consejos gratuitos de deportes electr\u00f3nicos en t\u00e9rminos de juegos de deportes electr\u00f3nicos o para apostar en deportes electr\u00f3nicos? Est\u00e1s","robots":{"index":"index","follow":"follow","max-snippet":"max-snippet:-1","max-image-preview":"max-image-preview:large","max-video-preview":"max-video-preview:-1"},"canonical":"https:\/\/1xplayz.com\/es\/","og_locale":"es_ES","og_type":"article","og_title":"Consejos y predicciones de deportes electr\u00f3nicos 2023 - 1xPlayz","og_description":"\u00bfEst\u00e1 buscando consejos gratuitos de deportes electr\u00f3nicos en t\u00e9rminos de juegos de deportes electr\u00f3nicos o para apostar en deportes electr\u00f3nicos? Est\u00e1s","og_url":"https:\/\/1xplayz.com\/es\/","og_site_name":"1xPlayz","article_modified_time":"2023-01-02T13:34:01+00:00","og_image":[{"url":"https:\/\/1xplayz.com\/wp-content\/uploads\/2021\/07\/spanish-lol-betting-bonus-1024x347.jpg","type":"","width":"","height":""}],"twitter_card":"summary_large_image","twitter_misc":{"Tiempo de lectura":"2 minutos"},"schema":{"@context":"https:\/\/schema.org","@graph":[{"@type":"WebPage","@id":"https:\/\/1xplayz.com\/es\/","url":"https:\/\/1xplayz.com\/es\/","name":"Consejos y predicciones de deportes electr\u00f3nicos 2023 - 1xPlayz","isPartOf":{"@id":"https:\/\/1xplayz.com\/es\/de\/#website"},"primaryImageOfPage":{"@id":"https:\/\/1xplayz.com\/es\/#primaryimage"},"image":{"@id":"https:\/\/1xplayz.com\/es\/#primaryimage"},"thumbnailUrl":"https:\/\/1xplayz.com\/wp-content\/uploads\/2021\/07\/spanish-lol-betting-bonus-1024x347.jpg","datePublished":"2021-05-13T07:47:16+00:00","dateModified":"2023-01-02T13:34:01+00:00","description":"\u00bfEst\u00e1 buscando consejos gratuitos de deportes electr\u00f3nicos en t\u00e9rminos de juegos de deportes electr\u00f3nicos o para apostar en deportes electr\u00f3nicos? Est\u00e1s","breadcrumb":{"@id":"https:\/\/1xplayz.com\/es\/#breadcrumb"},"inLanguage":"es","potentialAction":[{"@type":"ReadAction","target":["https:\/\/1xplayz.com\/es\/"]}]},{"@type":"ImageObject","inLanguage":"es","@id":"https:\/\/1xplayz.com\/es\/#primaryimage","url":"https:\/\/1xplayz.com\/wp-content\/uploads\/2021\/07\/spanish-lol-betting-bonus-1024x347.jpg","contentUrl":"https:\/\/1xplayz.com\/wp-content\/uploads\/2021\/07\/spanish-lol-betting-bonus-1024x347.jpg"},{"@type":"BreadcrumbList","@id":"https:\/\/1xplayz.com\/es\/#breadcrumb","itemListElement":[{"@type":"ListItem","position":1,"name":"Home","item":"https:\/\/1xplayz.com\/es\/"},{"@type":"ListItem","position":2,"name":"Consejos y predicciones de deportes electr\u00f3nicos 2023"}]},{"@type":"WebSite","@id":"https:\/\/1xplayz.com\/es\/de\/#website","url":"https:\/\/1xplayz.com\/es\/de\/","name":"1xPlayz","description":"Tipsters de eSports","publisher":{"@id":"https:\/\/1xplayz.com\/es\/de\/#\/schema\/person\/8eadc1d14ab3326bbc7a655fbfe061cf"},"potentialAction":[{"@type":"SearchAction","target":{"@type":"EntryPoint","urlTemplate":"https:\/\/1xplayz.com\/es\/de\/?s={search_term_string}"},"query-input":{"@type":"PropertyValueSpecification","valueRequired":true,"valueName":"search_term_string"}}],"inLanguage":"es"},{"@type":["Person","Organization"],"@id":"https:\/\/1xplayz.com\/es\/de\/#\/schema\/person\/8eadc1d14ab3326bbc7a655fbfe061cf","name":"1xPlayz","image":{"@type":"ImageObject","inLanguage":"es","@id":"https:\/\/1xplayz.com\/es\/de\/#\/schema\/person\/image\/","url":"https:\/\/1xplayz.com\/wp-content\/uploads\/2021\/07\/1xp.png","contentUrl":"https:\/\/1xplayz.com\/wp-content\/uploads\/2021\/07\/1xp.png","width":500,"height":500,"caption":"1xPlayz"},"logo":{"@id":"https:\/\/1xplayz.com\/es\/de\/#\/schema\/person\/image\/"},"sameAs":["http:\/\/1xplayz.com"]}]}},"_links":{"self":[{"href":"https:\/\/1xplayz.com\/es\/wp-json\/wp\/v2\/pages\/936","targetHints":{"allow":["GET"]}}],"collection":[{"href":"https:\/\/1xplayz.com\/es\/wp-json\/wp\/v2\/pages"}],"about":[{"href":"https:\/\/1xplayz.com\/es\/wp-json\/wp\/v2\/types\/page"}],"author":[{"embeddable":true,"href":"https:\/\/1xplayz.com\/es\/wp-json\/wp\/v2\/users\/1"}],"replies":[{"embeddable":true,"href":"https:\/\/1xplayz.com\/es\/wp-json\/wp\/v2\/comments?post=936"}],"version-history":[{"count":6,"href":"https:\/\/1xplayz.com\/es\/wp-json\/wp\/v2\/pages\/936\/revisions"}],"predecessor-version":[{"id":42271,"href":"https:\/\/1xplayz.com\/es\/wp-json\/wp\/v2\/pages\/936\/revisions\/42271"}],"wp:attachment":[{"href":"https:\/\/1xplayz.com\/es\/wp-json\/wp\/v2\/media?parent=936"}],"curies":[{"name":"wp","href":"https:\/\/api.w.org\/{rel}","templated":true}]}}