{"id":12587,"date":"2021-11-15T15:20:03","date_gmt":"2021-11-15T08:20:03","guid":{"rendered":"https:\/\/1xplayz.com\/mobile-legends\/"},"modified":"2021-11-27T22:18:22","modified_gmt":"2021-11-27T15:18:22","slug":"mobile-legends","status":"publish","type":"page","link":"https:\/\/1xplayz.com\/fr\/mobile-legends\/","title":{"rendered":"Mobile Legends: Bang Bang"},"content":{"rendered":"\n<p><strong>Mobile Legends: Bang Bang (MLBB)<\/strong> est une ar\u00e8ne de combat en ligne multijoueur d\u00e9velopp\u00e9e et publi\u00e9e par Moonton. Le jeu est sorti en 2016 pour les utilisateurs mobiles Android et iOS. MLBB est l&rsquo;un des jeux les plus populaires en Asie du Sud-Est.<\/p>\n\n\n\n<h2 class=\"wp-block-heading\">Mobile Legends: Bang Bang Tournois<\/h2>\n\n\n\n<p>M\u00eame si, Mobile Legends: Bang Bang est populaire en Asie, pourtant il n&rsquo;y a pas beaucoup de tournois autant de tournois. Les comp\u00e9titions les plus connues sont MSC (South Asian Competition), MPL (Professional League) et World Champion (M3 pour 2021). Bang Bang est \u00e9galement l&rsquo;une des cat\u00e9gories eSports des Jeux d&rsquo;Asie du Sud-Est. Les Philippines sont l&rsquo;un des principaux pays qui compte le plus de joueurs et de tournois.<\/p>\n","protected":false},"excerpt":{"rendered":"<div class=\"mh-excerpt\"><p>Mobile Legends: Bang Bang (MLBB) est une ar\u00e8ne de combat en ligne multijoueur d\u00e9velopp\u00e9e et publi\u00e9e par Moonton. Le jeu est sorti en 2016 pour <a class=\"mh-excerpt-more\" href=\"https:\/\/1xplayz.com\/fr\/mobile-legends\/\" title=\"Mobile Legends: Bang Bang\">[&#8230;]<\/a><\/p>\n<\/div>","protected":false},"author":1,"featured_media":0,"parent":0,"menu_order":0,"comment_status":"closed","ping_status":"closed","template":"","meta":{"footnotes":""},"class_list":["post-12587","page","type-page","status-publish","hentry"],"yoast_head":"<!-- This site is optimized with the Yoast SEO plugin v26.6 - https:\/\/yoast.com\/wordpress\/plugins\/seo\/ -->\n<title>Mobile Legends: Bang Bang - Pronostiqueurs eSports - 1xPlayz<\/title>\n<meta name=\"description\" content=\"Mobile Legends: Bang Bang (MLBB) est une ar\u00e8ne de combat en ligne multijoueur d\u00e9velopp\u00e9e et publi\u00e9e par Moonton. Le jeu est sorti en 2016 pour les\" \/>\n<meta name=\"robots\" content=\"index, follow, max-snippet:-1, max-image-preview:large, max-video-preview:-1\" \/>\n<link rel=\"canonical\" href=\"https:\/\/1xplayz.com\/fr\/mobile-legends\/\" \/>\n<meta property=\"og:locale\" content=\"fr_FR\" \/>\n<meta property=\"og:type\" content=\"article\" \/>\n<meta property=\"og:title\" content=\"Mobile Legends: Bang Bang - Pronostiqueurs eSports - 1xPlayz\" \/>\n<meta property=\"og:description\" content=\"Mobile Legends: Bang Bang (MLBB) est une ar\u00e8ne de combat en ligne multijoueur d\u00e9velopp\u00e9e et publi\u00e9e par Moonton. Le jeu est sorti en 2016 pour les\" \/>\n<meta property=\"og:url\" content=\"https:\/\/1xplayz.com\/fr\/mobile-legends\/\" \/>\n<meta property=\"og:site_name\" content=\"1xPlayz\" \/>\n<meta property=\"article:modified_time\" content=\"2021-11-27T15:18:22+00:00\" \/>\n<meta name=\"twitter:card\" content=\"summary_large_image\" \/>\n<meta name=\"twitter:label1\" content=\"Dur\u00e9e de lecture estim\u00e9e\" \/>\n\t<meta name=\"twitter:data1\" content=\"1 minute\" \/>\n<script type=\"application\/ld+json\" class=\"yoast-schema-graph\">{\"@context\":\"https:\/\/schema.org\",\"@graph\":[{\"@type\":\"WebPage\",\"@id\":\"https:\/\/1xplayz.com\/fr\/mobile-legends\/\",\"url\":\"https:\/\/1xplayz.com\/fr\/mobile-legends\/\",\"name\":\"Mobile Legends: Bang Bang - Pronostiqueurs eSports - 1xPlayz\",\"isPartOf\":{\"@id\":\"https:\/\/1xplayz.com\/fr\/de\/#website\"},\"datePublished\":\"2021-11-15T08:20:03+00:00\",\"dateModified\":\"2021-11-27T15:18:22+00:00\",\"description\":\"Mobile Legends: Bang Bang (MLBB) est une ar\u00e8ne de combat en ligne multijoueur d\u00e9velopp\u00e9e et publi\u00e9e par Moonton. Le jeu est sorti en 2016 pour les\",\"breadcrumb\":{\"@id\":\"https:\/\/1xplayz.com\/fr\/mobile-legends\/#breadcrumb\"},\"inLanguage\":\"fr-FR\",\"potentialAction\":[{\"@type\":\"ReadAction\",\"target\":[\"https:\/\/1xplayz.com\/fr\/mobile-legends\/\"]}]},{\"@type\":\"BreadcrumbList\",\"@id\":\"https:\/\/1xplayz.com\/fr\/mobile-legends\/#breadcrumb\",\"itemListElement\":[{\"@type\":\"ListItem\",\"position\":1,\"name\":\"Home\",\"item\":\"https:\/\/1xplayz.com\/fr\/\"},{\"@type\":\"ListItem\",\"position\":2,\"name\":\"Mobile Legends: Bang Bang\"}]},{\"@type\":\"WebSite\",\"@id\":\"https:\/\/1xplayz.com\/fr\/de\/#website\",\"url\":\"https:\/\/1xplayz.com\/fr\/de\/\",\"name\":\"1xPlayz\",\"description\":\"Pronostiqueurs eSports\",\"publisher\":{\"@id\":\"https:\/\/1xplayz.com\/fr\/de\/#\/schema\/person\/8eadc1d14ab3326bbc7a655fbfe061cf\"},\"potentialAction\":[{\"@type\":\"SearchAction\",\"target\":{\"@type\":\"EntryPoint\",\"urlTemplate\":\"https:\/\/1xplayz.com\/fr\/de\/?s={search_term_string}\"},\"query-input\":{\"@type\":\"PropertyValueSpecification\",\"valueRequired\":true,\"valueName\":\"search_term_string\"}}],\"inLanguage\":\"fr-FR\"},{\"@type\":[\"Person\",\"Organization\"],\"@id\":\"https:\/\/1xplayz.com\/fr\/de\/#\/schema\/person\/8eadc1d14ab3326bbc7a655fbfe061cf\",\"name\":\"1xPlayz\",\"image\":{\"@type\":\"ImageObject\",\"inLanguage\":\"fr-FR\",\"@id\":\"https:\/\/1xplayz.com\/fr\/de\/#\/schema\/person\/image\/\",\"url\":\"https:\/\/1xplayz.com\/wp-content\/uploads\/2021\/07\/1xp.png\",\"contentUrl\":\"https:\/\/1xplayz.com\/wp-content\/uploads\/2021\/07\/1xp.png\",\"width\":500,\"height\":500,\"caption\":\"1xPlayz\"},\"logo\":{\"@id\":\"https:\/\/1xplayz.com\/fr\/de\/#\/schema\/person\/image\/\"},\"sameAs\":[\"http:\/\/1xplayz.com\"]}]}<\/script>\n<!-- \/ Yoast SEO plugin. -->","yoast_head_json":{"title":"Mobile Legends: Bang Bang - Pronostiqueurs eSports - 1xPlayz","description":"Mobile Legends: Bang Bang (MLBB) est une ar\u00e8ne de combat en ligne multijoueur d\u00e9velopp\u00e9e et publi\u00e9e par Moonton. Le jeu est sorti en 2016 pour les","robots":{"index":"index","follow":"follow","max-snippet":"max-snippet:-1","max-image-preview":"max-image-preview:large","max-video-preview":"max-video-preview:-1"},"canonical":"https:\/\/1xplayz.com\/fr\/mobile-legends\/","og_locale":"fr_FR","og_type":"article","og_title":"Mobile Legends: Bang Bang - Pronostiqueurs eSports - 1xPlayz","og_description":"Mobile Legends: Bang Bang (MLBB) est une ar\u00e8ne de combat en ligne multijoueur d\u00e9velopp\u00e9e et publi\u00e9e par Moonton. Le jeu est sorti en 2016 pour les","og_url":"https:\/\/1xplayz.com\/fr\/mobile-legends\/","og_site_name":"1xPlayz","article_modified_time":"2021-11-27T15:18:22+00:00","twitter_card":"summary_large_image","twitter_misc":{"Dur\u00e9e de lecture estim\u00e9e":"1 minute"},"schema":{"@context":"https:\/\/schema.org","@graph":[{"@type":"WebPage","@id":"https:\/\/1xplayz.com\/fr\/mobile-legends\/","url":"https:\/\/1xplayz.com\/fr\/mobile-legends\/","name":"Mobile Legends: Bang Bang - Pronostiqueurs eSports - 1xPlayz","isPartOf":{"@id":"https:\/\/1xplayz.com\/fr\/de\/#website"},"datePublished":"2021-11-15T08:20:03+00:00","dateModified":"2021-11-27T15:18:22+00:00","description":"Mobile Legends: Bang Bang (MLBB) est une ar\u00e8ne de combat en ligne multijoueur d\u00e9velopp\u00e9e et publi\u00e9e par Moonton. Le jeu est sorti en 2016 pour les","breadcrumb":{"@id":"https:\/\/1xplayz.com\/fr\/mobile-legends\/#breadcrumb"},"inLanguage":"fr-FR","potentialAction":[{"@type":"ReadAction","target":["https:\/\/1xplayz.com\/fr\/mobile-legends\/"]}]},{"@type":"BreadcrumbList","@id":"https:\/\/1xplayz.com\/fr\/mobile-legends\/#breadcrumb","itemListElement":[{"@type":"ListItem","position":1,"name":"Home","item":"https:\/\/1xplayz.com\/fr\/"},{"@type":"ListItem","position":2,"name":"Mobile Legends: Bang Bang"}]},{"@type":"WebSite","@id":"https:\/\/1xplayz.com\/fr\/de\/#website","url":"https:\/\/1xplayz.com\/fr\/de\/","name":"1xPlayz","description":"Pronostiqueurs eSports","publisher":{"@id":"https:\/\/1xplayz.com\/fr\/de\/#\/schema\/person\/8eadc1d14ab3326bbc7a655fbfe061cf"},"potentialAction":[{"@type":"SearchAction","target":{"@type":"EntryPoint","urlTemplate":"https:\/\/1xplayz.com\/fr\/de\/?s={search_term_string}"},"query-input":{"@type":"PropertyValueSpecification","valueRequired":true,"valueName":"search_term_string"}}],"inLanguage":"fr-FR"},{"@type":["Person","Organization"],"@id":"https:\/\/1xplayz.com\/fr\/de\/#\/schema\/person\/8eadc1d14ab3326bbc7a655fbfe061cf","name":"1xPlayz","image":{"@type":"ImageObject","inLanguage":"fr-FR","@id":"https:\/\/1xplayz.com\/fr\/de\/#\/schema\/person\/image\/","url":"https:\/\/1xplayz.com\/wp-content\/uploads\/2021\/07\/1xp.png","contentUrl":"https:\/\/1xplayz.com\/wp-content\/uploads\/2021\/07\/1xp.png","width":500,"height":500,"caption":"1xPlayz"},"logo":{"@id":"https:\/\/1xplayz.com\/fr\/de\/#\/schema\/person\/image\/"},"sameAs":["http:\/\/1xplayz.com"]}]}},"_links":{"self":[{"href":"https:\/\/1xplayz.com\/fr\/wp-json\/wp\/v2\/pages\/12587","targetHints":{"allow":["GET"]}}],"collection":[{"href":"https:\/\/1xplayz.com\/fr\/wp-json\/wp\/v2\/pages"}],"about":[{"href":"https:\/\/1xplayz.com\/fr\/wp-json\/wp\/v2\/types\/page"}],"author":[{"embeddable":true,"href":"https:\/\/1xplayz.com\/fr\/wp-json\/wp\/v2\/users\/1"}],"replies":[{"embeddable":true,"href":"https:\/\/1xplayz.com\/fr\/wp-json\/wp\/v2\/comments?post=12587"}],"version-history":[{"count":2,"href":"https:\/\/1xplayz.com\/fr\/wp-json\/wp\/v2\/pages\/12587\/revisions"}],"predecessor-version":[{"id":12642,"href":"https:\/\/1xplayz.com\/fr\/wp-json\/wp\/v2\/pages\/12587\/revisions\/12642"}],"wp:attachment":[{"href":"https:\/\/1xplayz.com\/fr\/wp-json\/wp\/v2\/media?parent=12587"}],"curies":[{"name":"wp","href":"https:\/\/api.w.org\/{rel}","templated":true}]}}