{"id":12613,"date":"2021-11-15T17:06:33","date_gmt":"2021-11-15T10:06:33","guid":{"rendered":"https:\/\/1xplayz.com\/mobile-legends\/world-championships\/"},"modified":"2023-03-12T19:42:06","modified_gmt":"2023-03-12T12:42:06","slug":"world-championships","status":"publish","type":"page","link":"https:\/\/1xplayz.com\/fr\/mobile-legends\/world-championships\/","title":{"rendered":"Mobile Legends: Bang Bang Championnats du monde 2023"},"content":{"rendered":"\n<p>Les <strong>Championnats du monde MLBB<\/strong> sont un \u00e9v\u00e9nement annuel pour la cat\u00e9gorie tournoi international d&rsquo;esports de Mobile Legends&nbsp;: Bang Bang. Les championnats du monde MLBB sont le niveau S-Tier des sports \u00e9lectroniques qui a \u00e9t\u00e9 lanc\u00e9 pour la premi\u00e8re fois en 2019 \u00e0 Kuala Lumpur. Pour la premi\u00e8re saison, il s&rsquo;appelait M1. En raison de la pand\u00e9mie de Covid-19, la deuxi\u00e8me saison du M2 qui devait se jouer en 2020 a \u00e9t\u00e9 d\u00e9plac\u00e9e en janvier 2021. Le M2 s&rsquo;est d\u00e9roul\u00e9 \u00e0 Singapour avec 12 \u00e9quipes participantes. Le M3 d\u00e9butera \u00e9galement du 06 d\u00e9cembre au 19 d\u00e9cembre 2021 \u00e0 Singapour. Le patch de ce M3 est le 1.6.26. Les sponsors des championnats du monde MLBB 2021 sont TikTok, Razer, Mediacorp, TUMI, Singtel, SG Passion Made, Possible, Frank by OCBC, me Watch, Facebook Gaming PVP Esports et Secretlab. Par cons\u00e9quent, le prize pool de M3 est de 800 000 USD. Cette saison, les \u00e9quipes qualifi\u00e9es pour les Championnats du monde (MLBB) viennent des Philippines, d&rsquo;Indon\u00e9sie, de Malaisie, de Singapour, du Br\u00e9sil, de Russie, de Turquie, du Cambodge, d&rsquo;Am\u00e9rique du Sud, d&rsquo;Am\u00e9rique du Nord et du Moyen-Orient.<\/p>\n\n\n\n<a href=\"https:\/\/refpa.top\/L?tag=d_1105835m_97c_&amp;site=1105835&amp;ad=97&amp;r=line\/Esports\/\" target=\"_blank\" rel=\"nofollow noopener\"><img loading=\"lazy\" decoding=\"async\" class=\"wp-image-11755\" src=\"https:\/\/1xplayz.com\/wp-content\/uploads\/2021\/11\/french-mobile-legends-free-bet-bonus-1024x341.jpg\" alt=\"bonus de pari gratuit des l\u00e9gendes mobiles fran\u00e7aises\" width=\"800\" height=\"267\" srcset=\"https:\/\/1xplayz.com\/wp-content\/uploads\/2021\/11\/french-mobile-legends-free-bet-bonus-1024x341.jpg 1024w, https:\/\/1xplayz.com\/wp-content\/uploads\/2021\/11\/french-mobile-legends-free-bet-bonus-300x100.jpg 300w, https:\/\/1xplayz.com\/wp-content\/uploads\/2021\/11\/french-mobile-legends-free-bet-bonus-768x256.jpg 768w, https:\/\/1xplayz.com\/wp-content\/uploads\/2021\/11\/french-mobile-legends-free-bet-bonus-128x43.jpg 128w, https:\/\/1xplayz.com\/wp-content\/uploads\/2021\/11\/french-mobile-legends-free-bet-bonus-32x11.jpg 32w, https:\/\/1xplayz.com\/wp-content\/uploads\/2021\/11\/french-mobile-legends-free-bet-bonus.jpg 1500w\" sizes=\"auto, (max-width: 800px) 100vw, 800px\" \/> <\/a>\n\n\n\n<div class=\"sportspress sp-widget-align-none\"><h4 class=\"sp-table-caption\">Pr\u00e9dictions Championnats du monde MLBB<\/h4><div class=\"sp-template sp-template-event-blocks\">\n\t<div class=\"sp-table-wrapper\">\n\t\t<table class=\"sp-event-blocks sp-data-table\n\t\t\t\t\t sp-paginated-table\" data-sp-rows=\"5\">\n\t\t\t<thead><tr><th><\/th><\/tr><\/thead> \t\t\t<tbody>\n\t\t\t\t\t\t\t<\/tbody>\n\t\t<\/table>\n\t<\/div>\n\t<div class=\"sp-calendar-link sp-view-all-link\"><a href=\"https:\/\/1xplayz.com\/fr\/calendars\/mlbb-world-championships\/\">Voir tous les \u00e9v\u00e8nements<\/a><\/div><\/div>\n<\/div>\n\n\n\n<h2 class=\"wp-block-heading\">Format M3 des championnats du monde MLBB<\/h2>\n\n\n\n<p>Il y a deux \u00e9tapes de M3, la Phase de Groupes et les Playoffs. Tout d&rsquo;abord, la phase de groupes qui compte 16 \u00e9quipes participe. Dans cette \u00e9tape, toutes les \u00e9quipes se sont divis\u00e9es en 4 groupes de 4 \u00e9quipes. Les \u00e9quipes joueront en tournoi \u00e0 la ronde simple. Toutes les marches sont Best of 1 (Bo1). Les meilleures \u00e9quipes de chaque groupe se qualifient pour les Playoffs Upper Bracket. Les 2 \u00e9quipes inf\u00e9rieures joueront dans le bracket inf\u00e9rieur des s\u00e9ries \u00e9liminatoires. Les Playoffs sont \u00e0 double \u00e9limination. Les deux premiers tours du Lower Bracket jouent le format Best of 3 (Bo3). La finale du Lower Bracket est Bo7. Tous les autres matchs sont les meilleurs des 5 (Bo5).<\/p>\n\n\n\n<h3 class=\"wp-block-heading\">Groupes des champions du monde M3 2023<\/h3>\n\n\n\n<p>M3 se divise en 4 groupes de 4 \u00e9quipes. Alors que les 2 meilleures \u00e9quipes passent au niveau sup\u00e9rieur des s\u00e9ries \u00e9liminatoires, les 2 \u00e9quipes inf\u00e9rieures acc\u00e8dent au niveau inf\u00e9rieur des s\u00e9ries \u00e9liminatoires.<br><strong>Groupe A<\/strong>: BEDEL, Blacklist International, Malvinas Gaming, RED Canids.<br><strong>Groupe B<\/strong>: KEYD Stars, ONIC Esports, ONIC PH, TODAK.<br><strong>Groupe C<\/strong>: BloodThirstyKings (BTK), EVOS Esports SG, Natus Vincere, See You Soon.<br><strong>Groupe D<\/strong>: GX Squad, RRQ Hoshi, RSG Singapore, Team SMG.<\/p>\n\n\n\n<div class=\"sportspress sp-widget-align-none\"><h4 class=\"sp-table-caption\">R\u00e9sultats\u200b Championnats du Monde MLBB M3 2021<\/h4><div class=\"sp-template sp-template-event-blocks\">\n\t<div class=\"sp-table-wrapper\">\n\t\t<table class=\"sp-event-blocks sp-data-table\n\t\t\t\t\t sp-paginated-table\" data-sp-rows=\"5\">\n\t\t\t<thead><tr><th><\/th><\/tr><\/thead> \t\t\t<tbody>\n\t\t\t\t\t\t\t<\/tbody>\n\t\t<\/table>\n\t<\/div>\n\t<div class=\"sp-calendar-link sp-view-all-link\"><a href=\"https:\/\/1xplayz.com\/fr\/calendars\/results%e2%80%8b-mlbb-world-championships-2021\/\">Voir tous les \u00e9v\u00e8nements<\/a><\/div><\/div>\n<\/div>\n\n\n\n<h3 class=\"wp-block-heading\">Diffusion en direct de la MLBB M3 2023<\/h3>\n\n\n\n<p>Les joueurs et les supporters peuvent regarder les matchs en direct du championnat du monde avec la page Facebook officielle de la MBLL et Youtube. Il existe \u00e9galement d&rsquo;autres options \u00e0 regarder avec les bookmakers eSports <a title=\"Lien eSports vers la diffusion en direct\" href=\"https:\/\/refpa.top\/L?tag=d_1105835m_97c_&amp;site=1105835&amp;ad=97&amp;r=live\/Esports\/\" target=\"_blank\" rel=\"nofollow noopener\">1XBET<\/a>. Comment pouvoir utiliser 1XBET pour regarder les matchs des championnats du monde en direct&nbsp;? Tout d&rsquo;abord, cr\u00e9ez un compte par <a title=\"Bookmaker esports 1XBET\" href=\"https:\/\/refpa.top\/L?tag=d_1105835m_97c_&amp;site=1105835&amp;ad=97&amp;r=line\/Esports\/\" target=\"_blank\" rel=\"nofollow noopener\">ce lien<\/a>. Apr\u00e8s cela, compl\u00e9tez votre compte avec les informations requises. Vous n&rsquo;\u00eates pas oblig\u00e9 de d\u00e9poser de l&rsquo;argent si vous ne voulez pas parier, mais vous pouvez toujours acc\u00e9der \u00e0 tous les avantages de la diffusion en direct avec votre compte. En cons\u00e9quence, vous pourrez regarder le championnat du monde MLBB 2021 ainsi que d&rsquo;autres tournois esports.<\/p>\n","protected":false},"excerpt":{"rendered":"<div class=\"mh-excerpt\"><p>Les Championnats du monde MLBB sont un \u00e9v\u00e9nement annuel pour la cat\u00e9gorie tournoi international d&rsquo;esports de Mobile Legends&nbsp;: Bang Bang. Les championnats du monde MLBB <a class=\"mh-excerpt-more\" href=\"https:\/\/1xplayz.com\/fr\/mobile-legends\/world-championships\/\" title=\"Mobile Legends: Bang Bang Championnats du monde 2023\">[&#8230;]<\/a><\/p>\n<\/div>","protected":false},"author":1,"featured_media":0,"parent":12587,"menu_order":0,"comment_status":"closed","ping_status":"closed","template":"","meta":{"footnotes":""},"class_list":["post-12613","page","type-page","status-publish","hentry"],"yoast_head":"<!-- This site is optimized with the Yoast SEO plugin v26.6 - https:\/\/yoast.com\/wordpress\/plugins\/seo\/ -->\n<title>Mobile Legends: Bang Bang Championnats du monde 2023 - Pronostiqueurs eSports - 1xPlayz<\/title>\n<meta name=\"description\" content=\"Les Championnats du monde MLBB sont un \u00e9v\u00e9nement annuel pour la cat\u00e9gorie tournoi international d&#039;esports de Mobile Legends&nbsp;: Bang Bang. Les\" \/>\n<meta name=\"robots\" content=\"index, follow, max-snippet:-1, max-image-preview:large, max-video-preview:-1\" \/>\n<link rel=\"canonical\" href=\"https:\/\/1xplayz.com\/fr\/mobile-legends\/world-championships\/\" \/>\n<meta property=\"og:locale\" content=\"fr_FR\" \/>\n<meta property=\"og:type\" content=\"article\" \/>\n<meta property=\"og:title\" content=\"Mobile Legends: Bang Bang Championnats du monde 2023 - Pronostiqueurs eSports - 1xPlayz\" \/>\n<meta property=\"og:description\" content=\"Les Championnats du monde MLBB sont un \u00e9v\u00e9nement annuel pour la cat\u00e9gorie tournoi international d&#039;esports de Mobile Legends&nbsp;: Bang Bang. Les\" \/>\n<meta property=\"og:url\" content=\"https:\/\/1xplayz.com\/fr\/mobile-legends\/world-championships\/\" \/>\n<meta property=\"og:site_name\" content=\"1xPlayz\" \/>\n<meta property=\"article:modified_time\" content=\"2023-03-12T12:42:06+00:00\" \/>\n<meta property=\"og:image\" content=\"https:\/\/1xplayz.com\/wp-content\/uploads\/2021\/11\/french-mobile-legends-free-bet-bonus-1024x341.jpg\" \/>\n<meta name=\"twitter:card\" content=\"summary_large_image\" \/>\n<meta name=\"twitter:label1\" content=\"Dur\u00e9e de lecture estim\u00e9e\" \/>\n\t<meta name=\"twitter:data1\" content=\"3 minutes\" \/>\n<script type=\"application\/ld+json\" class=\"yoast-schema-graph\">{\"@context\":\"https:\/\/schema.org\",\"@graph\":[{\"@type\":\"WebPage\",\"@id\":\"https:\/\/1xplayz.com\/fr\/mobile-legends\/world-championships\/\",\"url\":\"https:\/\/1xplayz.com\/fr\/mobile-legends\/world-championships\/\",\"name\":\"Mobile Legends: Bang Bang Championnats du monde 2023 - Pronostiqueurs eSports - 1xPlayz\",\"isPartOf\":{\"@id\":\"https:\/\/1xplayz.com\/fr\/de\/#website\"},\"primaryImageOfPage\":{\"@id\":\"https:\/\/1xplayz.com\/fr\/mobile-legends\/world-championships\/#primaryimage\"},\"image\":{\"@id\":\"https:\/\/1xplayz.com\/fr\/mobile-legends\/world-championships\/#primaryimage\"},\"thumbnailUrl\":\"https:\/\/1xplayz.com\/wp-content\/uploads\/2021\/11\/french-mobile-legends-free-bet-bonus-1024x341.jpg\",\"datePublished\":\"2021-11-15T10:06:33+00:00\",\"dateModified\":\"2023-03-12T12:42:06+00:00\",\"description\":\"Les Championnats du monde MLBB sont un \u00e9v\u00e9nement annuel pour la cat\u00e9gorie tournoi international d'esports de Mobile Legends&nbsp;: Bang Bang. Les\",\"breadcrumb\":{\"@id\":\"https:\/\/1xplayz.com\/fr\/mobile-legends\/world-championships\/#breadcrumb\"},\"inLanguage\":\"fr-FR\",\"potentialAction\":[{\"@type\":\"ReadAction\",\"target\":[\"https:\/\/1xplayz.com\/fr\/mobile-legends\/world-championships\/\"]}]},{\"@type\":\"ImageObject\",\"inLanguage\":\"fr-FR\",\"@id\":\"https:\/\/1xplayz.com\/fr\/mobile-legends\/world-championships\/#primaryimage\",\"url\":\"https:\/\/1xplayz.com\/wp-content\/uploads\/2021\/11\/french-mobile-legends-free-bet-bonus-1024x341.jpg\",\"contentUrl\":\"https:\/\/1xplayz.com\/wp-content\/uploads\/2021\/11\/french-mobile-legends-free-bet-bonus-1024x341.jpg\"},{\"@type\":\"BreadcrumbList\",\"@id\":\"https:\/\/1xplayz.com\/fr\/mobile-legends\/world-championships\/#breadcrumb\",\"itemListElement\":[{\"@type\":\"ListItem\",\"position\":1,\"name\":\"Home\",\"item\":\"https:\/\/1xplayz.com\/fr\/\"},{\"@type\":\"ListItem\",\"position\":2,\"name\":\"Mobile Legends: Bang Bang\",\"item\":\"https:\/\/1xplayz.com\/fr\/mobile-legends\/\"},{\"@type\":\"ListItem\",\"position\":3,\"name\":\"Mobile Legends: Bang Bang Championnats du monde 2023\"}]},{\"@type\":\"WebSite\",\"@id\":\"https:\/\/1xplayz.com\/fr\/de\/#website\",\"url\":\"https:\/\/1xplayz.com\/fr\/de\/\",\"name\":\"1xPlayz\",\"description\":\"Pronostiqueurs eSports\",\"publisher\":{\"@id\":\"https:\/\/1xplayz.com\/fr\/de\/#\/schema\/person\/8eadc1d14ab3326bbc7a655fbfe061cf\"},\"potentialAction\":[{\"@type\":\"SearchAction\",\"target\":{\"@type\":\"EntryPoint\",\"urlTemplate\":\"https:\/\/1xplayz.com\/fr\/de\/?s={search_term_string}\"},\"query-input\":{\"@type\":\"PropertyValueSpecification\",\"valueRequired\":true,\"valueName\":\"search_term_string\"}}],\"inLanguage\":\"fr-FR\"},{\"@type\":[\"Person\",\"Organization\"],\"@id\":\"https:\/\/1xplayz.com\/fr\/de\/#\/schema\/person\/8eadc1d14ab3326bbc7a655fbfe061cf\",\"name\":\"1xPlayz\",\"image\":{\"@type\":\"ImageObject\",\"inLanguage\":\"fr-FR\",\"@id\":\"https:\/\/1xplayz.com\/fr\/de\/#\/schema\/person\/image\/\",\"url\":\"https:\/\/1xplayz.com\/wp-content\/uploads\/2021\/07\/1xp.png\",\"contentUrl\":\"https:\/\/1xplayz.com\/wp-content\/uploads\/2021\/07\/1xp.png\",\"width\":500,\"height\":500,\"caption\":\"1xPlayz\"},\"logo\":{\"@id\":\"https:\/\/1xplayz.com\/fr\/de\/#\/schema\/person\/image\/\"},\"sameAs\":[\"http:\/\/1xplayz.com\"]}]}<\/script>\n<!-- \/ Yoast SEO plugin. -->","yoast_head_json":{"title":"Mobile Legends: Bang Bang Championnats du monde 2023 - Pronostiqueurs eSports - 1xPlayz","description":"Les Championnats du monde MLBB sont un \u00e9v\u00e9nement annuel pour la cat\u00e9gorie tournoi international d'esports de Mobile Legends&nbsp;: Bang Bang. Les","robots":{"index":"index","follow":"follow","max-snippet":"max-snippet:-1","max-image-preview":"max-image-preview:large","max-video-preview":"max-video-preview:-1"},"canonical":"https:\/\/1xplayz.com\/fr\/mobile-legends\/world-championships\/","og_locale":"fr_FR","og_type":"article","og_title":"Mobile Legends: Bang Bang Championnats du monde 2023 - Pronostiqueurs eSports - 1xPlayz","og_description":"Les Championnats du monde MLBB sont un \u00e9v\u00e9nement annuel pour la cat\u00e9gorie tournoi international d'esports de Mobile Legends&nbsp;: Bang Bang. Les","og_url":"https:\/\/1xplayz.com\/fr\/mobile-legends\/world-championships\/","og_site_name":"1xPlayz","article_modified_time":"2023-03-12T12:42:06+00:00","og_image":[{"url":"https:\/\/1xplayz.com\/wp-content\/uploads\/2021\/11\/french-mobile-legends-free-bet-bonus-1024x341.jpg","type":"","width":"","height":""}],"twitter_card":"summary_large_image","twitter_misc":{"Dur\u00e9e de lecture estim\u00e9e":"3 minutes"},"schema":{"@context":"https:\/\/schema.org","@graph":[{"@type":"WebPage","@id":"https:\/\/1xplayz.com\/fr\/mobile-legends\/world-championships\/","url":"https:\/\/1xplayz.com\/fr\/mobile-legends\/world-championships\/","name":"Mobile Legends: Bang Bang Championnats du monde 2023 - Pronostiqueurs eSports - 1xPlayz","isPartOf":{"@id":"https:\/\/1xplayz.com\/fr\/de\/#website"},"primaryImageOfPage":{"@id":"https:\/\/1xplayz.com\/fr\/mobile-legends\/world-championships\/#primaryimage"},"image":{"@id":"https:\/\/1xplayz.com\/fr\/mobile-legends\/world-championships\/#primaryimage"},"thumbnailUrl":"https:\/\/1xplayz.com\/wp-content\/uploads\/2021\/11\/french-mobile-legends-free-bet-bonus-1024x341.jpg","datePublished":"2021-11-15T10:06:33+00:00","dateModified":"2023-03-12T12:42:06+00:00","description":"Les Championnats du monde MLBB sont un \u00e9v\u00e9nement annuel pour la cat\u00e9gorie tournoi international d'esports de Mobile Legends&nbsp;: Bang Bang. Les","breadcrumb":{"@id":"https:\/\/1xplayz.com\/fr\/mobile-legends\/world-championships\/#breadcrumb"},"inLanguage":"fr-FR","potentialAction":[{"@type":"ReadAction","target":["https:\/\/1xplayz.com\/fr\/mobile-legends\/world-championships\/"]}]},{"@type":"ImageObject","inLanguage":"fr-FR","@id":"https:\/\/1xplayz.com\/fr\/mobile-legends\/world-championships\/#primaryimage","url":"https:\/\/1xplayz.com\/wp-content\/uploads\/2021\/11\/french-mobile-legends-free-bet-bonus-1024x341.jpg","contentUrl":"https:\/\/1xplayz.com\/wp-content\/uploads\/2021\/11\/french-mobile-legends-free-bet-bonus-1024x341.jpg"},{"@type":"BreadcrumbList","@id":"https:\/\/1xplayz.com\/fr\/mobile-legends\/world-championships\/#breadcrumb","itemListElement":[{"@type":"ListItem","position":1,"name":"Home","item":"https:\/\/1xplayz.com\/fr\/"},{"@type":"ListItem","position":2,"name":"Mobile Legends: Bang Bang","item":"https:\/\/1xplayz.com\/fr\/mobile-legends\/"},{"@type":"ListItem","position":3,"name":"Mobile Legends: Bang Bang Championnats du monde 2023"}]},{"@type":"WebSite","@id":"https:\/\/1xplayz.com\/fr\/de\/#website","url":"https:\/\/1xplayz.com\/fr\/de\/","name":"1xPlayz","description":"Pronostiqueurs eSports","publisher":{"@id":"https:\/\/1xplayz.com\/fr\/de\/#\/schema\/person\/8eadc1d14ab3326bbc7a655fbfe061cf"},"potentialAction":[{"@type":"SearchAction","target":{"@type":"EntryPoint","urlTemplate":"https:\/\/1xplayz.com\/fr\/de\/?s={search_term_string}"},"query-input":{"@type":"PropertyValueSpecification","valueRequired":true,"valueName":"search_term_string"}}],"inLanguage":"fr-FR"},{"@type":["Person","Organization"],"@id":"https:\/\/1xplayz.com\/fr\/de\/#\/schema\/person\/8eadc1d14ab3326bbc7a655fbfe061cf","name":"1xPlayz","image":{"@type":"ImageObject","inLanguage":"fr-FR","@id":"https:\/\/1xplayz.com\/fr\/de\/#\/schema\/person\/image\/","url":"https:\/\/1xplayz.com\/wp-content\/uploads\/2021\/07\/1xp.png","contentUrl":"https:\/\/1xplayz.com\/wp-content\/uploads\/2021\/07\/1xp.png","width":500,"height":500,"caption":"1xPlayz"},"logo":{"@id":"https:\/\/1xplayz.com\/fr\/de\/#\/schema\/person\/image\/"},"sameAs":["http:\/\/1xplayz.com"]}]}},"_links":{"self":[{"href":"https:\/\/1xplayz.com\/fr\/wp-json\/wp\/v2\/pages\/12613","targetHints":{"allow":["GET"]}}],"collection":[{"href":"https:\/\/1xplayz.com\/fr\/wp-json\/wp\/v2\/pages"}],"about":[{"href":"https:\/\/1xplayz.com\/fr\/wp-json\/wp\/v2\/types\/page"}],"author":[{"embeddable":true,"href":"https:\/\/1xplayz.com\/fr\/wp-json\/wp\/v2\/users\/1"}],"replies":[{"embeddable":true,"href":"https:\/\/1xplayz.com\/fr\/wp-json\/wp\/v2\/comments?post=12613"}],"version-history":[{"count":8,"href":"https:\/\/1xplayz.com\/fr\/wp-json\/wp\/v2\/pages\/12613\/revisions"}],"predecessor-version":[{"id":42629,"href":"https:\/\/1xplayz.com\/fr\/wp-json\/wp\/v2\/pages\/12613\/revisions\/42629"}],"up":[{"embeddable":true,"href":"https:\/\/1xplayz.com\/fr\/wp-json\/wp\/v2\/pages\/12587"}],"wp:attachment":[{"href":"https:\/\/1xplayz.com\/fr\/wp-json\/wp\/v2\/media?parent=12613"}],"curies":[{"name":"wp","href":"https:\/\/api.w.org\/{rel}","templated":true}]}}