{"id":13334,"date":"2021-12-07T14:10:21","date_gmt":"2021-12-07T07:10:21","guid":{"rendered":"https:\/\/1xplayz.com\/counter-strike-global-offensive\/"},"modified":"2021-12-15T14:02:56","modified_gmt":"2021-12-15T07:02:56","slug":"counter-strike-global-offensive","status":"publish","type":"page","link":"https:\/\/1xplayz.com\/fr\/counter-strike-global-offensive\/","title":{"rendered":"Counter Strike: Offensive mondiale"},"content":{"rendered":"\n<h2 class=\"wp-block-heading\">Counter Strike: Offensive mondiale tournois<\/h2>\n\n\n\n<p>La hi\u00e9rarchie des tournois Counter Strike: Offensive mondiale est appel\u00e9e sp\u00e9cifiquement de certaines autres cat\u00e9gories d&rsquo;esports. Actuellement, il existe cinq types de comp\u00e9titions dans les cat\u00e9gories Esports de Global Offensive. Les plus gros tournois sont les championnats CS:Go Major (Majors). C&rsquo;est le premier qui a le prize pool le plus \u00e9lev\u00e9, au moins 1 000 000 USD. Le niveau sup\u00e9rieur du tournoi est les \u00e9v\u00e9nements de niveau A, connus sous le nom de tournois majeurs de la saison pr\u00e9c\u00e9dente. Ce type de tournois a un gros prize pool et des \u00e9quipes d&rsquo;esports de haut niveau. La plupart des tournois internationaux CS:GO sont principalement connus sous le nom de CS:GO Major Championships, certains sous le nom d&rsquo;\u00e9v\u00e9nement S-Tier.<\/p>\n\n\n\n<p>Les <strong>tournois de niveau S<\/strong> \u00e9taient connus sous le nom de tournois Premier. C&rsquo;est le type d&rsquo;\u00e9v\u00e9nements qui ont une cagnotte \u00e9lev\u00e9e et qui se produisent principalement hors ligne. Les tournois S-Tier sont pr\u00e9sent\u00e9s avec les meilleures \u00e9quipes. La plupart des S-Tier bien connus sont:<\/p>\n\n\n\n<ul class=\"wp-block-list\"><li>BLAST Premier: World<\/li><li><a title=\"CSGO Intel Extreme Master\" href=\"https:\/\/1xplayz.com\/fr\/counter-strike-global-offensive\/intel-extreme-masters\/\">Intel Extreme Master<\/a><\/li><li>ESL Pro League<\/li><li>cs_Summit<\/li><li>DreaHack Master<\/li><li>PGL Major.<\/li><\/ul>\n\n\n\n<p>Les <strong>tournois de niveau A<\/strong> \u00e9taient connus sous le nom de tournois majeurs qui offrent une grande cagnotte. Les \u00e9quipes participantes sont le plus haut niveau du CSGO eSports. Les \u00e9v\u00e9nements de niveau A les plus c\u00e9l\u00e8bres sont:<\/p>\n\n\n\n<ul class=\"wp-block-list\"><li>Global Esports Tour<\/li><li>LAN Sweet LAN<\/li><li>ESL Challengers at DreamHack<\/li><li>Copenhagen Games<\/li><li>Funspark ULTI<\/li><li>Elisa Invitational<\/li><li>v4 Future Sports Festival<\/li><li>DreamHack Open<\/li><li>REPUBLEAGUE.<\/li><\/ul>\n\n\n\n<p>Les <strong>Tournois de niveau B<\/strong> sont les \u00e9v\u00e9nements de niveau 2. Le B-Tier est nouveau et se joue dans des LAN plus petites avec un prize pool moyen. Les tournois les plus populaires sont:<\/p>\n\n\n\n<ul class=\"wp-block-list\"><li>Conf\u00e9rence ESL Pro League<\/li><li>CBCS<\/li><li>FiReLEAGUE<\/li><li>JBL Quantum Cup<\/li><li>Funspark ULTI<\/li><li>Exeedme Revolution<\/li><li>BLAST Rising LATAM<\/li><li>ESEA: Premier Division<\/li><li>IESF World Championship<\/li><li>99Liga Div. 1<\/li><li>KeyDrop Cup<\/li><li>Svenska Elitserien.<\/li><\/ul>\n\n\n\n<p>Les <strong>tournois de niveau C<\/strong> \u00e9taient auparavant connus sous le nom de tournois mineurs. C&rsquo;est le niveau le plus bas des tournois CSGO eSport, mais ils offrent un bon prize pool. Les \u00e9v\u00e9nements C-Tier sont toujours int\u00e9ressants \u00e0 voir, tels que:<\/p>\n\n\n\n<ul class=\"wp-block-list\"><li>Fragleague<\/li><li>5E Open Cup Invitational<\/li><li>GCS Cup<\/li><li>LVP Supercopa<\/li><li>National League<\/li><li>Testament Cup<\/li><li>RESF Open Cup<\/li><li>ESEA: Open Division<\/li><li>MESL Ultimate Cup<\/li><li>ROG Master.<\/li><\/ul>\n\n\n\n<h3 class=\"wp-block-heading\">Counter Strike: Offensive mondiale march\u00e9s de paris<\/h3>\n\n\n\n<p>Counter Strike: Offensive mondiale est l&rsquo;un des jeux eSport qui propose un large \u00e9ventail de tournois. Regardons simplement les march\u00e9s de paris de <a title=\"Bonus de paris sportifs 1XBET\" href=\"https:\/\/refpa.top\/L?tag=d_1105835m_97c_&amp;site=1105835&amp;ad=97&amp;r=line\/Esports\/\" target=\"_blank\" rel=\"nofollow noopener\">1XBET.com<\/a>. C&rsquo;est le meilleur site Web qui offre un march\u00e9 de paris simple mais vari\u00e9. Pour les petits tournois de CS:GO comme B-Tier et C-Tier, la plupart des choix pour placer un pari sont:<\/p>\n\n\n\n<ul class=\"wp-block-list\"><li>Gagnant 1&#215;2<\/li><li>Carte totale Handicap<\/li><li>Total des tours pairs\/impairs.<\/li><\/ul>\n\n\n\n<p>Pour les plus grandes comp\u00e9titions comme S-Tiers et A-Tier qui ont plus de cartes, les options de pari pour chaque match pourraient \u00eatre:<\/p>\n\n\n\n<ul class=\"wp-block-list\"><li>Gagnant 1&#215;2. 1 carte<\/li><li>Handicap. 1 carte<\/li><li>Gagner en manche. 1 carte<\/li><li>Qui gagnera Pistol Round 1. 1 carte<\/li><li>Qui gagnera Pistol Round 16. 1 map<\/li><li>Qui remportera la manche X. 1 carte<\/li><li>Note correcte. 1 carte<\/li><li>Total du tour pair\/impair. 1 carte<\/li><li>Y aura-t-il des heures suppl\u00e9mentaires ?. 1 carte<\/li><\/ul>\n","protected":false},"excerpt":{"rendered":"<div class=\"mh-excerpt\"><p>Counter Strike: Offensive mondiale tournois La hi\u00e9rarchie des tournois Counter Strike: Offensive mondiale est appel\u00e9e sp\u00e9cifiquement de certaines autres cat\u00e9gories d&rsquo;esports. Actuellement, il existe cinq <a class=\"mh-excerpt-more\" href=\"https:\/\/1xplayz.com\/fr\/counter-strike-global-offensive\/\" title=\"Counter Strike: Offensive mondiale\">[&#8230;]<\/a><\/p>\n<\/div>","protected":false},"author":1,"featured_media":0,"parent":0,"menu_order":0,"comment_status":"closed","ping_status":"closed","template":"","meta":{"footnotes":""},"class_list":["post-13334","page","type-page","status-publish","hentry"],"yoast_head":"<!-- This site is optimized with the Yoast SEO plugin v26.6 - https:\/\/yoast.com\/wordpress\/plugins\/seo\/ -->\n<title>Counter Strike: Offensive mondiale - Pronostiqueurs eSports - 1xPlayz<\/title>\n<meta name=\"description\" content=\"Counter Strike: Offensive mondiale tournois La hi\u00e9rarchie des tournois Counter Strike: Offensive mondiale est appel\u00e9e sp\u00e9cifiquement de certaines autres\" \/>\n<meta name=\"robots\" content=\"index, follow, max-snippet:-1, max-image-preview:large, max-video-preview:-1\" \/>\n<link rel=\"canonical\" href=\"https:\/\/1xplayz.com\/fr\/counter-strike-global-offensive\/\" \/>\n<meta property=\"og:locale\" content=\"fr_FR\" \/>\n<meta property=\"og:type\" content=\"article\" \/>\n<meta property=\"og:title\" content=\"Counter Strike: Offensive mondiale - Pronostiqueurs eSports - 1xPlayz\" \/>\n<meta property=\"og:description\" content=\"Counter Strike: Offensive mondiale tournois La hi\u00e9rarchie des tournois Counter Strike: Offensive mondiale est appel\u00e9e sp\u00e9cifiquement de certaines autres\" \/>\n<meta property=\"og:url\" content=\"https:\/\/1xplayz.com\/fr\/counter-strike-global-offensive\/\" \/>\n<meta property=\"og:site_name\" content=\"1xPlayz\" \/>\n<meta property=\"article:modified_time\" content=\"2021-12-15T07:02:56+00:00\" \/>\n<meta name=\"twitter:card\" content=\"summary_large_image\" \/>\n<meta name=\"twitter:label1\" content=\"Dur\u00e9e de lecture estim\u00e9e\" \/>\n\t<meta name=\"twitter:data1\" content=\"3 minutes\" \/>\n<script type=\"application\/ld+json\" class=\"yoast-schema-graph\">{\"@context\":\"https:\/\/schema.org\",\"@graph\":[{\"@type\":\"WebPage\",\"@id\":\"https:\/\/1xplayz.com\/fr\/counter-strike-global-offensive\/\",\"url\":\"https:\/\/1xplayz.com\/fr\/counter-strike-global-offensive\/\",\"name\":\"Counter Strike: Offensive mondiale - Pronostiqueurs eSports - 1xPlayz\",\"isPartOf\":{\"@id\":\"https:\/\/1xplayz.com\/fr\/de\/#website\"},\"datePublished\":\"2021-12-07T07:10:21+00:00\",\"dateModified\":\"2021-12-15T07:02:56+00:00\",\"description\":\"Counter Strike: Offensive mondiale tournois La hi\u00e9rarchie des tournois Counter Strike: Offensive mondiale est appel\u00e9e sp\u00e9cifiquement de certaines autres\",\"breadcrumb\":{\"@id\":\"https:\/\/1xplayz.com\/fr\/counter-strike-global-offensive\/#breadcrumb\"},\"inLanguage\":\"fr-FR\",\"potentialAction\":[{\"@type\":\"ReadAction\",\"target\":[\"https:\/\/1xplayz.com\/fr\/counter-strike-global-offensive\/\"]}]},{\"@type\":\"BreadcrumbList\",\"@id\":\"https:\/\/1xplayz.com\/fr\/counter-strike-global-offensive\/#breadcrumb\",\"itemListElement\":[{\"@type\":\"ListItem\",\"position\":1,\"name\":\"Home\",\"item\":\"https:\/\/1xplayz.com\/fr\/\"},{\"@type\":\"ListItem\",\"position\":2,\"name\":\"Counter Strike: Offensive mondiale\"}]},{\"@type\":\"WebSite\",\"@id\":\"https:\/\/1xplayz.com\/fr\/de\/#website\",\"url\":\"https:\/\/1xplayz.com\/fr\/de\/\",\"name\":\"1xPlayz\",\"description\":\"Pronostiqueurs eSports\",\"publisher\":{\"@id\":\"https:\/\/1xplayz.com\/fr\/de\/#\/schema\/person\/8eadc1d14ab3326bbc7a655fbfe061cf\"},\"potentialAction\":[{\"@type\":\"SearchAction\",\"target\":{\"@type\":\"EntryPoint\",\"urlTemplate\":\"https:\/\/1xplayz.com\/fr\/de\/?s={search_term_string}\"},\"query-input\":{\"@type\":\"PropertyValueSpecification\",\"valueRequired\":true,\"valueName\":\"search_term_string\"}}],\"inLanguage\":\"fr-FR\"},{\"@type\":[\"Person\",\"Organization\"],\"@id\":\"https:\/\/1xplayz.com\/fr\/de\/#\/schema\/person\/8eadc1d14ab3326bbc7a655fbfe061cf\",\"name\":\"1xPlayz\",\"image\":{\"@type\":\"ImageObject\",\"inLanguage\":\"fr-FR\",\"@id\":\"https:\/\/1xplayz.com\/fr\/de\/#\/schema\/person\/image\/\",\"url\":\"https:\/\/1xplayz.com\/wp-content\/uploads\/2021\/07\/1xp.png\",\"contentUrl\":\"https:\/\/1xplayz.com\/wp-content\/uploads\/2021\/07\/1xp.png\",\"width\":500,\"height\":500,\"caption\":\"1xPlayz\"},\"logo\":{\"@id\":\"https:\/\/1xplayz.com\/fr\/de\/#\/schema\/person\/image\/\"},\"sameAs\":[\"http:\/\/1xplayz.com\"]}]}<\/script>\n<!-- \/ Yoast SEO plugin. -->","yoast_head_json":{"title":"Counter Strike: Offensive mondiale - Pronostiqueurs eSports - 1xPlayz","description":"Counter Strike: Offensive mondiale tournois La hi\u00e9rarchie des tournois Counter Strike: Offensive mondiale est appel\u00e9e sp\u00e9cifiquement de certaines autres","robots":{"index":"index","follow":"follow","max-snippet":"max-snippet:-1","max-image-preview":"max-image-preview:large","max-video-preview":"max-video-preview:-1"},"canonical":"https:\/\/1xplayz.com\/fr\/counter-strike-global-offensive\/","og_locale":"fr_FR","og_type":"article","og_title":"Counter Strike: Offensive mondiale - Pronostiqueurs eSports - 1xPlayz","og_description":"Counter Strike: Offensive mondiale tournois La hi\u00e9rarchie des tournois Counter Strike: Offensive mondiale est appel\u00e9e sp\u00e9cifiquement de certaines autres","og_url":"https:\/\/1xplayz.com\/fr\/counter-strike-global-offensive\/","og_site_name":"1xPlayz","article_modified_time":"2021-12-15T07:02:56+00:00","twitter_card":"summary_large_image","twitter_misc":{"Dur\u00e9e de lecture estim\u00e9e":"3 minutes"},"schema":{"@context":"https:\/\/schema.org","@graph":[{"@type":"WebPage","@id":"https:\/\/1xplayz.com\/fr\/counter-strike-global-offensive\/","url":"https:\/\/1xplayz.com\/fr\/counter-strike-global-offensive\/","name":"Counter Strike: Offensive mondiale - Pronostiqueurs eSports - 1xPlayz","isPartOf":{"@id":"https:\/\/1xplayz.com\/fr\/de\/#website"},"datePublished":"2021-12-07T07:10:21+00:00","dateModified":"2021-12-15T07:02:56+00:00","description":"Counter Strike: Offensive mondiale tournois La hi\u00e9rarchie des tournois Counter Strike: Offensive mondiale est appel\u00e9e sp\u00e9cifiquement de certaines autres","breadcrumb":{"@id":"https:\/\/1xplayz.com\/fr\/counter-strike-global-offensive\/#breadcrumb"},"inLanguage":"fr-FR","potentialAction":[{"@type":"ReadAction","target":["https:\/\/1xplayz.com\/fr\/counter-strike-global-offensive\/"]}]},{"@type":"BreadcrumbList","@id":"https:\/\/1xplayz.com\/fr\/counter-strike-global-offensive\/#breadcrumb","itemListElement":[{"@type":"ListItem","position":1,"name":"Home","item":"https:\/\/1xplayz.com\/fr\/"},{"@type":"ListItem","position":2,"name":"Counter Strike: Offensive mondiale"}]},{"@type":"WebSite","@id":"https:\/\/1xplayz.com\/fr\/de\/#website","url":"https:\/\/1xplayz.com\/fr\/de\/","name":"1xPlayz","description":"Pronostiqueurs eSports","publisher":{"@id":"https:\/\/1xplayz.com\/fr\/de\/#\/schema\/person\/8eadc1d14ab3326bbc7a655fbfe061cf"},"potentialAction":[{"@type":"SearchAction","target":{"@type":"EntryPoint","urlTemplate":"https:\/\/1xplayz.com\/fr\/de\/?s={search_term_string}"},"query-input":{"@type":"PropertyValueSpecification","valueRequired":true,"valueName":"search_term_string"}}],"inLanguage":"fr-FR"},{"@type":["Person","Organization"],"@id":"https:\/\/1xplayz.com\/fr\/de\/#\/schema\/person\/8eadc1d14ab3326bbc7a655fbfe061cf","name":"1xPlayz","image":{"@type":"ImageObject","inLanguage":"fr-FR","@id":"https:\/\/1xplayz.com\/fr\/de\/#\/schema\/person\/image\/","url":"https:\/\/1xplayz.com\/wp-content\/uploads\/2021\/07\/1xp.png","contentUrl":"https:\/\/1xplayz.com\/wp-content\/uploads\/2021\/07\/1xp.png","width":500,"height":500,"caption":"1xPlayz"},"logo":{"@id":"https:\/\/1xplayz.com\/fr\/de\/#\/schema\/person\/image\/"},"sameAs":["http:\/\/1xplayz.com"]}]}},"_links":{"self":[{"href":"https:\/\/1xplayz.com\/fr\/wp-json\/wp\/v2\/pages\/13334","targetHints":{"allow":["GET"]}}],"collection":[{"href":"https:\/\/1xplayz.com\/fr\/wp-json\/wp\/v2\/pages"}],"about":[{"href":"https:\/\/1xplayz.com\/fr\/wp-json\/wp\/v2\/types\/page"}],"author":[{"embeddable":true,"href":"https:\/\/1xplayz.com\/fr\/wp-json\/wp\/v2\/users\/1"}],"replies":[{"embeddable":true,"href":"https:\/\/1xplayz.com\/fr\/wp-json\/wp\/v2\/comments?post=13334"}],"version-history":[{"count":12,"href":"https:\/\/1xplayz.com\/fr\/wp-json\/wp\/v2\/pages\/13334\/revisions"}],"predecessor-version":[{"id":14048,"href":"https:\/\/1xplayz.com\/fr\/wp-json\/wp\/v2\/pages\/13334\/revisions\/14048"}],"wp:attachment":[{"href":"https:\/\/1xplayz.com\/fr\/wp-json\/wp\/v2\/media?parent=13334"}],"curies":[{"name":"wp","href":"https:\/\/api.w.org\/{rel}","templated":true}]}}