{"id":13360,"date":"2021-05-13T07:31:24","date_gmt":"2021-05-13T07:31:24","guid":{"rendered":"https:\/\/1xplayz.com\/dota2\/"},"modified":"2021-12-18T15:31:13","modified_gmt":"2021-12-18T08:31:13","slug":"dota2","status":"publish","type":"page","link":"https:\/\/1xplayz.com\/fr\/dota2\/","title":{"rendered":"Dota 2"},"content":{"rendered":"\n<p>Qu&rsquo;est-ce que Dota 2 ? Dota 2 est une sorte de jeu vid\u00e9o dans lequel deux \u00e9quipes de cinq joueurs s&rsquo;affrontent pour d\u00e9truire l&rsquo;Ancien de l&rsquo;autre \u00e9quipe. Ancients est une sorte de grande structure situ\u00e9e dans la base ou la maison des deux \u00e9quipes. Les dix joueurs contr\u00f4lent l&rsquo;un des personnages jouables, \u00e9galement connu sous le nom de H\u00e9ros. Il y a 121 h\u00e9ros. Chaque h\u00e9ros a son propre design, ses forces, ses faiblesses et ses r\u00f4les. Dans ce jeu, il existe deux types de r\u00f4les de h\u00e9ros, appel\u00e9s Core et Support. Le Core Hero est aussi le carry de l&rsquo;\u00e9quipe. Le noyau est tr\u00e8s important pour mener l&rsquo;\u00e9quipe \u00e0 la victoire car le noyau avec le temps peut infliger de lourds d\u00e9g\u00e2ts \u00e0 l&rsquo;\u00e9quipe adverse. Contrairement au noyau, le h\u00e9ros de soutien manque de capacit\u00e9s pour infliger des d\u00e9g\u00e2ts, mais il a plus pour fournir une assistance aux noyaux. Dota a \u00e9t\u00e9 d\u00e9velopp\u00e9 en 2009 sous le nom de D\u00e9fense des Anciens. Le d\u00e9veloppeur et \u00e9diteur de Dota 2 Game est Valve. En 2013, il est sorti en tant que jeu gratuit pour Windows, Mac OS et Linux.<\/p>\n\n\n\n<h2 class=\"wp-block-heading\">Tournoi Dota 2 eSport<\/h2>\n\n\n\n<p>Les meilleurs tournois de niveau 1 Dota 2 sont :<\/p>\n\n\n\n<ul class=\"wp-block-list\"><li>Jeux Asiatiques 2022<\/li><li>L&rsquo;international<\/li><li>Invitation OGA Dota PIT<\/li><li>ESL One<\/li><li>WePlay AniMajor<\/li><li>ONE Esports Singapour Major.<\/li><\/ul>\n\n\n\n<p>Pendant ce temps, les tournois Dota 2 Tier 2 sont \u00e9galement c\u00e9l\u00e8bres et bien connus, tels que:<\/p>\n\n\n\n<ul class=\"wp-block-list\"><li>i-Ligue<\/li><li>BTS Pro Seasides<\/li><li>OGA Dota PIT<\/li><li>ESL One DPC Europe de l&rsquo;Est<\/li><li>Circuit Dota Pro<\/li><li>Dream League<\/li><li>Ligue r\u00e9gionale d&rsquo;Am\u00e9rique du Sud OGA DPC<\/li><li>Ligue des pr\u00e9dateurs d&rsquo;Asie-Pacifique<\/li><li>Ligue EPIC<\/li><li>Championnat FMWH Dota2<\/li><\/ul>\n\n\n\n<h3 class=\"wp-block-heading\">Pr\u00e9dictions des tournois Dota 2<\/h3>\n\n\n\n<p>Dans chaque tournoi, ils sont tr\u00e8s probablement s\u00e9par\u00e9s en diff\u00e9rentes \u00e9tapes. La plupart d&rsquo;entre eux sont des phases de groupes et des s\u00e9ries \u00e9liminatoires. Certains tournois plus importants ou comp\u00e9titions internationales Dota 2 peuvent avoir une \u00e9tape de qualification. Les matchs dans diff\u00e9rentes sc\u00e8nes se jouent dans diff\u00e9rents formats. La plupart des matchs de la phase de groupes sont les meilleurs des 2 (Bo2) tandis qu&rsquo;en s\u00e9ries \u00e9liminatoires sont les meilleurs des 3 (Bo3). De plus, dans la grande finale de chacun des tournois serait le meilleur des 5 (Bo5). En termes de pronostics, 1xPlayz ne pr\u00e9dit le vainqueur du match que pour tous les matchs utilisant le format Bo1, Bo2. Pour les matchs Bo3 et Bo5, il y aura plus de pr\u00e9dictions pour l&rsquo;\u00e9quipe gagnante, le nombre de cartes et le score correct.<\/p>\n\n\n\n<h2 class=\"wp-block-heading\">March\u00e9s de paris Dota 2 eSports<\/h2>\n\n\n\n<h3 class=\"wp-block-heading\">Types de paris Dota 2 pour les matchs Bo2<\/h3>\n\n\n\n<p>La plupart du temps, la premi\u00e8re \u00e9tape des Tournois Dota 2 utilisant le format de Bo2 (Best of 2). Cela signifie que dans un match, il y aura 2 cartes. En cons\u00e9quence, le match peut avoir un gagnant ou le match sera nul. Les march\u00e9s de paris pour les matchs de Dota 2 varient selon les diff\u00e9rents sites de paris. Par exemple, avec <a title=\"Meilleur site de pari de Dota 2\" href=\"https:\/\/refpa.top\/L?tag=d_1105835m_97c_&amp;site=1105835&amp;ad=97&amp;r=line\/Esports\/\" target=\"_blank\" rel=\"nofollow noopener\">1XBET.com<\/a> les choix de paris des matchs qui ont 2 maps en temps r\u00e9glementaire sont:<\/p>\n\n\n\n<ul class=\"wp-block-list\"><li>Gagnant 1&#215;2<\/li><li>Handicap total des cartes<\/li><li>Double chance<\/li><li>Gagnant 1&#215;2. 1 carte\/2 carte<\/li><li>Premier d\u00e9luge. 1 carte\/2 carte<\/li><li>Qui battra Roshan. 1 carte\/2 carte<\/li><li>Frags, Handicap. 1 carte\/2 carte<\/li><li>Dur\u00e9e de la carte. 1 carte\/2 carte<\/li><li>Qui va d\u00e9truire une tour. 1 carte\/2 carte<\/li><li>Fragments, Total. 1 carte\/2 carte<\/li><li>Frags, Course vers. 1 carte\/2 carte<\/li><li>\u00c9quipe pour effectuer la prochaine frag. 1 carte\/2 carte<\/li><\/ul>\n","protected":false},"excerpt":{"rendered":"<div class=\"mh-excerpt\"><p>Qu&rsquo;est-ce que Dota 2 ? Dota 2 est une sorte de jeu vid\u00e9o dans lequel deux \u00e9quipes de cinq joueurs s&rsquo;affrontent pour d\u00e9truire l&rsquo;Ancien de <a class=\"mh-excerpt-more\" href=\"https:\/\/1xplayz.com\/fr\/dota2\/\" title=\"Dota 2\">[&#8230;]<\/a><\/p>\n<\/div>","protected":false},"author":1,"featured_media":0,"parent":0,"menu_order":0,"comment_status":"closed","ping_status":"closed","template":"","meta":{"footnotes":""},"class_list":["post-13360","page","type-page","status-publish","hentry"],"yoast_head":"<!-- This site is optimized with the Yoast SEO plugin v26.6 - https:\/\/yoast.com\/wordpress\/plugins\/seo\/ -->\n<title>Dota 2 - Pronostiqueurs eSports - 1xPlayz<\/title>\n<meta name=\"description\" content=\"Qu&#039;est-ce que Dota 2 ? Dota 2 est une sorte de jeu vid\u00e9o dans lequel deux \u00e9quipes de cinq joueurs s&#039;affrontent pour d\u00e9truire l&#039;Ancien de l&#039;autre \u00e9quipe.\" \/>\n<meta name=\"robots\" content=\"index, follow, max-snippet:-1, max-image-preview:large, max-video-preview:-1\" \/>\n<link rel=\"canonical\" href=\"https:\/\/1xplayz.com\/fr\/dota2\/\" \/>\n<meta property=\"og:locale\" content=\"fr_FR\" \/>\n<meta property=\"og:type\" content=\"article\" \/>\n<meta property=\"og:title\" content=\"Dota 2 - Pronostiqueurs eSports - 1xPlayz\" \/>\n<meta property=\"og:description\" content=\"Qu&#039;est-ce que Dota 2 ? Dota 2 est une sorte de jeu vid\u00e9o dans lequel deux \u00e9quipes de cinq joueurs s&#039;affrontent pour d\u00e9truire l&#039;Ancien de l&#039;autre \u00e9quipe.\" \/>\n<meta property=\"og:url\" content=\"https:\/\/1xplayz.com\/fr\/dota2\/\" \/>\n<meta property=\"og:site_name\" content=\"1xPlayz\" \/>\n<meta property=\"article:modified_time\" content=\"2021-12-18T08:31:13+00:00\" \/>\n<meta name=\"twitter:card\" content=\"summary_large_image\" \/>\n<meta name=\"twitter:label1\" content=\"Dur\u00e9e de lecture estim\u00e9e\" \/>\n\t<meta name=\"twitter:data1\" content=\"3 minutes\" \/>\n<script type=\"application\/ld+json\" class=\"yoast-schema-graph\">{\"@context\":\"https:\/\/schema.org\",\"@graph\":[{\"@type\":\"WebPage\",\"@id\":\"https:\/\/1xplayz.com\/fr\/dota2\/\",\"url\":\"https:\/\/1xplayz.com\/fr\/dota2\/\",\"name\":\"Dota 2 - Pronostiqueurs eSports - 1xPlayz\",\"isPartOf\":{\"@id\":\"https:\/\/1xplayz.com\/fr\/de\/#website\"},\"datePublished\":\"2021-05-13T07:31:24+00:00\",\"dateModified\":\"2021-12-18T08:31:13+00:00\",\"description\":\"Qu'est-ce que Dota 2 ? Dota 2 est une sorte de jeu vid\u00e9o dans lequel deux \u00e9quipes de cinq joueurs s'affrontent pour d\u00e9truire l'Ancien de l'autre \u00e9quipe.\",\"breadcrumb\":{\"@id\":\"https:\/\/1xplayz.com\/fr\/dota2\/#breadcrumb\"},\"inLanguage\":\"fr-FR\",\"potentialAction\":[{\"@type\":\"ReadAction\",\"target\":[\"https:\/\/1xplayz.com\/fr\/dota2\/\"]}]},{\"@type\":\"BreadcrumbList\",\"@id\":\"https:\/\/1xplayz.com\/fr\/dota2\/#breadcrumb\",\"itemListElement\":[{\"@type\":\"ListItem\",\"position\":1,\"name\":\"Home\",\"item\":\"https:\/\/1xplayz.com\/fr\/\"},{\"@type\":\"ListItem\",\"position\":2,\"name\":\"Dota 2\"}]},{\"@type\":\"WebSite\",\"@id\":\"https:\/\/1xplayz.com\/fr\/de\/#website\",\"url\":\"https:\/\/1xplayz.com\/fr\/de\/\",\"name\":\"1xPlayz\",\"description\":\"Pronostiqueurs eSports\",\"publisher\":{\"@id\":\"https:\/\/1xplayz.com\/fr\/de\/#\/schema\/person\/8eadc1d14ab3326bbc7a655fbfe061cf\"},\"potentialAction\":[{\"@type\":\"SearchAction\",\"target\":{\"@type\":\"EntryPoint\",\"urlTemplate\":\"https:\/\/1xplayz.com\/fr\/de\/?s={search_term_string}\"},\"query-input\":{\"@type\":\"PropertyValueSpecification\",\"valueRequired\":true,\"valueName\":\"search_term_string\"}}],\"inLanguage\":\"fr-FR\"},{\"@type\":[\"Person\",\"Organization\"],\"@id\":\"https:\/\/1xplayz.com\/fr\/de\/#\/schema\/person\/8eadc1d14ab3326bbc7a655fbfe061cf\",\"name\":\"1xPlayz\",\"image\":{\"@type\":\"ImageObject\",\"inLanguage\":\"fr-FR\",\"@id\":\"https:\/\/1xplayz.com\/fr\/de\/#\/schema\/person\/image\/\",\"url\":\"https:\/\/1xplayz.com\/wp-content\/uploads\/2021\/07\/1xp.png\",\"contentUrl\":\"https:\/\/1xplayz.com\/wp-content\/uploads\/2021\/07\/1xp.png\",\"width\":500,\"height\":500,\"caption\":\"1xPlayz\"},\"logo\":{\"@id\":\"https:\/\/1xplayz.com\/fr\/de\/#\/schema\/person\/image\/\"},\"sameAs\":[\"http:\/\/1xplayz.com\"]}]}<\/script>\n<!-- \/ Yoast SEO plugin. -->","yoast_head_json":{"title":"Dota 2 - Pronostiqueurs eSports - 1xPlayz","description":"Qu'est-ce que Dota 2 ? Dota 2 est une sorte de jeu vid\u00e9o dans lequel deux \u00e9quipes de cinq joueurs s'affrontent pour d\u00e9truire l'Ancien de l'autre \u00e9quipe.","robots":{"index":"index","follow":"follow","max-snippet":"max-snippet:-1","max-image-preview":"max-image-preview:large","max-video-preview":"max-video-preview:-1"},"canonical":"https:\/\/1xplayz.com\/fr\/dota2\/","og_locale":"fr_FR","og_type":"article","og_title":"Dota 2 - Pronostiqueurs eSports - 1xPlayz","og_description":"Qu'est-ce que Dota 2 ? Dota 2 est une sorte de jeu vid\u00e9o dans lequel deux \u00e9quipes de cinq joueurs s'affrontent pour d\u00e9truire l'Ancien de l'autre \u00e9quipe.","og_url":"https:\/\/1xplayz.com\/fr\/dota2\/","og_site_name":"1xPlayz","article_modified_time":"2021-12-18T08:31:13+00:00","twitter_card":"summary_large_image","twitter_misc":{"Dur\u00e9e de lecture estim\u00e9e":"3 minutes"},"schema":{"@context":"https:\/\/schema.org","@graph":[{"@type":"WebPage","@id":"https:\/\/1xplayz.com\/fr\/dota2\/","url":"https:\/\/1xplayz.com\/fr\/dota2\/","name":"Dota 2 - Pronostiqueurs eSports - 1xPlayz","isPartOf":{"@id":"https:\/\/1xplayz.com\/fr\/de\/#website"},"datePublished":"2021-05-13T07:31:24+00:00","dateModified":"2021-12-18T08:31:13+00:00","description":"Qu'est-ce que Dota 2 ? Dota 2 est une sorte de jeu vid\u00e9o dans lequel deux \u00e9quipes de cinq joueurs s'affrontent pour d\u00e9truire l'Ancien de l'autre \u00e9quipe.","breadcrumb":{"@id":"https:\/\/1xplayz.com\/fr\/dota2\/#breadcrumb"},"inLanguage":"fr-FR","potentialAction":[{"@type":"ReadAction","target":["https:\/\/1xplayz.com\/fr\/dota2\/"]}]},{"@type":"BreadcrumbList","@id":"https:\/\/1xplayz.com\/fr\/dota2\/#breadcrumb","itemListElement":[{"@type":"ListItem","position":1,"name":"Home","item":"https:\/\/1xplayz.com\/fr\/"},{"@type":"ListItem","position":2,"name":"Dota 2"}]},{"@type":"WebSite","@id":"https:\/\/1xplayz.com\/fr\/de\/#website","url":"https:\/\/1xplayz.com\/fr\/de\/","name":"1xPlayz","description":"Pronostiqueurs eSports","publisher":{"@id":"https:\/\/1xplayz.com\/fr\/de\/#\/schema\/person\/8eadc1d14ab3326bbc7a655fbfe061cf"},"potentialAction":[{"@type":"SearchAction","target":{"@type":"EntryPoint","urlTemplate":"https:\/\/1xplayz.com\/fr\/de\/?s={search_term_string}"},"query-input":{"@type":"PropertyValueSpecification","valueRequired":true,"valueName":"search_term_string"}}],"inLanguage":"fr-FR"},{"@type":["Person","Organization"],"@id":"https:\/\/1xplayz.com\/fr\/de\/#\/schema\/person\/8eadc1d14ab3326bbc7a655fbfe061cf","name":"1xPlayz","image":{"@type":"ImageObject","inLanguage":"fr-FR","@id":"https:\/\/1xplayz.com\/fr\/de\/#\/schema\/person\/image\/","url":"https:\/\/1xplayz.com\/wp-content\/uploads\/2021\/07\/1xp.png","contentUrl":"https:\/\/1xplayz.com\/wp-content\/uploads\/2021\/07\/1xp.png","width":500,"height":500,"caption":"1xPlayz"},"logo":{"@id":"https:\/\/1xplayz.com\/fr\/de\/#\/schema\/person\/image\/"},"sameAs":["http:\/\/1xplayz.com"]}]}},"_links":{"self":[{"href":"https:\/\/1xplayz.com\/fr\/wp-json\/wp\/v2\/pages\/13360","targetHints":{"allow":["GET"]}}],"collection":[{"href":"https:\/\/1xplayz.com\/fr\/wp-json\/wp\/v2\/pages"}],"about":[{"href":"https:\/\/1xplayz.com\/fr\/wp-json\/wp\/v2\/types\/page"}],"author":[{"embeddable":true,"href":"https:\/\/1xplayz.com\/fr\/wp-json\/wp\/v2\/users\/1"}],"replies":[{"embeddable":true,"href":"https:\/\/1xplayz.com\/fr\/wp-json\/wp\/v2\/comments?post=13360"}],"version-history":[{"count":4,"href":"https:\/\/1xplayz.com\/fr\/wp-json\/wp\/v2\/pages\/13360\/revisions"}],"predecessor-version":[{"id":14519,"href":"https:\/\/1xplayz.com\/fr\/wp-json\/wp\/v2\/pages\/13360\/revisions\/14519"}],"wp:attachment":[{"href":"https:\/\/1xplayz.com\/fr\/wp-json\/wp\/v2\/media?parent=13360"}],"curies":[{"name":"wp","href":"https:\/\/api.w.org\/{rel}","templated":true}]}}