{"id":13755,"date":"2021-12-10T12:18:13","date_gmt":"2021-12-10T05:18:13","guid":{"rendered":"https:\/\/1xplayz.com\/counter-strike-global-offensive\/intel-extreme-masters\/"},"modified":"2023-03-15T16:29:27","modified_gmt":"2023-03-15T09:29:27","slug":"intel-extreme-masters-2022","status":"publish","type":"page","link":"https:\/\/1xplayz.com\/fr\/counter-strike-global-offensive\/intel-extreme-masters-2022\/","title":{"rendered":"CSGO Intel Extreme Masters 2022"},"content":{"rendered":"\n<h2 class=\"wp-block-heading\">INTEL EXTREME MASTERS SEASON XVI KATOWICE<\/h2>\n\n\n\n<p>Counter Strike: Global Offensive Intel Extreme Masters XVI Katowice commence du 15 f\u00e9vrier au 27 f\u00e9vrier 2022. Ce sera un tournoi hors ligne qui se d\u00e9roulera \u00e0 Katowice. Il y aura 24 \u00e9quipes \u00e0 participer. Il y a six meilleures \u00e9quipes de Colonge en Europe et deux meilleures \u00e9quipes de Cologne en Am\u00e9rique du Nord. Trois autres \u00e9quipes d&rsquo;Europe seront qualifi\u00e9es pour le Play-In, tandis que deux autres \u00e9quipes d&rsquo;Am\u00e9rique du Nord et trois autres \u00e9quipes d&rsquo;Am\u00e9rique du Sud, d&rsquo;Oc\u00e9anie et d&rsquo;Asie. Le prize pool de l&rsquo;\u00e9v\u00e9nement est de 1 000 000 USD. Le gagnant du concours \u00e0 lui seul recevra 400 000 USD.<\/p>\n\n\n\n<div class=\"sportspress sp-widget-align-none\"><h4 class=\"sp-table-caption\">Pronostics CSGO Intel Extreme Masters<\/h4><div class=\"sp-template sp-template-event-blocks\">\n\t<div class=\"sp-table-wrapper\">\n\t\t<table class=\"sp-event-blocks sp-data-table\n\t\t\t\t\t sp-paginated-table\" data-sp-rows=\"5\">\n\t\t\t<thead><tr><th><\/th><\/tr><\/thead> \t\t\t<tbody>\n\t\t\t\t\t\t\t<\/tbody>\n\t\t<\/table>\n\t<\/div>\n\t<div class=\"sp-calendar-link sp-view-all-link\"><a href=\"https:\/\/1xplayz.com\/fr\/calendars\/predictions-csgo-intel-extreme-masters\/\">Voir tous les \u00e9v\u00e8nements<\/a><\/div><\/div>\n<\/div>\n\n\n\n<h3 class=\"wp-block-heading\">Format IEM SAISON XVI KATOWICE<\/h3>\n\n\n\n<p>CSGO IEM XVI Katowice joue dans trois phases de Play-In, Phase de Groupes et Playoffs.<\/p>\n\n\n\n<ul class=\"wp-block-list\">\n<li><strong>Play-In<\/strong>&nbsp;: il commence du 15 f\u00e9vrier au 16 f\u00e9vrier 2022. Ce tour, ils joueront en tant que Double-Elimination Bracket. Il y aura deux types de matchs qui sont Upper Bracket et Lower Bracket. De plus, le play-in comportera 3 tours des deux brackets. Le premier tour des matchs de play-in est le meilleur de 1 (Bo1). Les autres matchs suivants sont en Bo3. Les huit meilleures \u00e9quipes sont qualifi\u00e9es pour la phase de groupes.<\/li>\n\n\n\n<li><strong>Phase de groupe<\/strong>&nbsp;: elle commence du 17 au 20 f\u00e9vrier 2022. Sur la base des performances du Play-In, les \u00e9quipes se s\u00e9pareront en Upper Bracket et Lower Bracket. Dans l&rsquo;addiction, ils joueront en deux poules de 12 \u00e9quipes. Cependant, dans chaque groupe, ils sont divis\u00e9s en supports sup\u00e9rieurs et supports inf\u00e9rieurs. Les meilleures \u00e9quipes du Play-In seront dans la tranche sup\u00e9rieure du groupe, tandis que l&rsquo;\u00e9quipe du bas sera dans la tranche inf\u00e9rieure. La premi\u00e8re place des deux se qualifie pour les demi-finales. Le vainqueur du Lower Bracket rivalisera avec la 2e place du Upper Bracket pour prendre place en demi-finale. Tous les matchs sont en Bo3.<\/li>\n\n\n\n<li><strong>Playoffs<\/strong>&nbsp;: il commence du 25 f\u00e9vrier au 27 f\u00e9vrier 2022. Toutes les \u00e9quipes jouent comme un bracket \u00e0 \u00e9limination directe. Les matchs en quarts et demi-finales sont en Bo3. Par cons\u00e9quent, dans la grande finale, les matchs sont les meilleurs des 5 (Bo5).<\/li>\n<\/ul>\n\n\n\n<div class=\"sportspress sp-widget-align-none\"><h4 class=\"sp-table-caption\">R\u00e9sultats CSGO IEM SAISON XVI KATOWICE 2022<\/h4><div class=\"sp-template sp-template-event-blocks\">\n\t<div class=\"sp-table-wrapper\">\n\t\t<table class=\"sp-event-blocks sp-data-table\n\t\t\t\t\t sp-paginated-table\" data-sp-rows=\"5\">\n\t\t\t<thead><tr><th><\/th><\/tr><\/thead> \t\t\t<tbody>\n\t\t\t\t\t\t\t<\/tbody>\n\t\t<\/table>\n\t<\/div>\n\t<div class=\"sp-calendar-link sp-view-all-link\"><a href=\"https:\/\/1xplayz.com\/fr\/calendars\/results-csgo-iem-season-xvi-katowice-2022\/\">Voir tous les \u00e9v\u00e8nements<\/a><\/div><\/div>\n<\/div>\n\n\n\n<h2 class=\"wp-block-heading\">\u00c0 propos d&rsquo;Intel Extreme Master<\/h2>\n\n\n\n<p>Intel Extreme Masters (IEM) est une s\u00e9rie de tournois de Counter-Strike connue sous le nom de tournoi S-Tier. Il s&rsquo;agit des \u00e9v\u00e9nements internationaux d&rsquo;esports d\u00e9couverts en 2007. L&rsquo;IEM est un \u00e9v\u00e9nement mondial qui se d\u00e9roule dans cinq r\u00e9gions telles que l&rsquo;Europe, l&rsquo;Am\u00e9rique du Nord, l&rsquo;Am\u00e9rique du Sud, l&rsquo;Oc\u00e9anie et l&rsquo;Asie. Intel est le sponsor principal du tournoi. Alors que l&rsquo;organisateur est ESL.<\/p>\n\n\n\n<p>Chaque ann\u00e9e, CSGO IEM joue pour la saison de mise \u00e0 niveau. Chaque saison se divise en diff\u00e9rentes bases de tournois individuels sur place. Le gagnant et le finaliste de chaque lieu participant aux Masters Champions qui jouent deux fois par an.<\/p>\n","protected":false},"excerpt":{"rendered":"<div class=\"mh-excerpt\"><p>INTEL EXTREME MASTERS SEASON XVI KATOWICE Counter Strike: Global Offensive Intel Extreme Masters XVI Katowice commence du 15 f\u00e9vrier au 27 f\u00e9vrier 2022. Ce sera <a class=\"mh-excerpt-more\" href=\"https:\/\/1xplayz.com\/fr\/counter-strike-global-offensive\/intel-extreme-masters-2022\/\" title=\"CSGO Intel Extreme Masters 2022\">[&#8230;]<\/a><\/p>\n<\/div>","protected":false},"author":1,"featured_media":0,"parent":13334,"menu_order":0,"comment_status":"closed","ping_status":"closed","template":"","meta":{"footnotes":""},"class_list":["post-13755","page","type-page","status-publish","hentry"],"yoast_head":"<!-- This site is optimized with the Yoast SEO plugin v26.6 - https:\/\/yoast.com\/wordpress\/plugins\/seo\/ -->\n<title>CSGO Intel Extreme Masters 2022 - Pronostiqueurs eSports - 1xPlayz<\/title>\n<meta name=\"description\" content=\"INTEL EXTREME MASTERS SEASON XVI KATOWICE Counter Strike: Global Offensive Intel Extreme Masters XVI Katowice commence du 15 f\u00e9vrier au 27 f\u00e9vrier 2022.\" \/>\n<meta name=\"robots\" content=\"index, follow, max-snippet:-1, max-image-preview:large, max-video-preview:-1\" \/>\n<link rel=\"canonical\" href=\"https:\/\/1xplayz.com\/fr\/counter-strike-global-offensive\/intel-extreme-masters-2022\/\" \/>\n<meta property=\"og:locale\" content=\"fr_FR\" \/>\n<meta property=\"og:type\" content=\"article\" \/>\n<meta property=\"og:title\" content=\"CSGO Intel Extreme Masters 2022 - Pronostiqueurs eSports - 1xPlayz\" \/>\n<meta property=\"og:description\" content=\"INTEL EXTREME MASTERS SEASON XVI KATOWICE Counter Strike: Global Offensive Intel Extreme Masters XVI Katowice commence du 15 f\u00e9vrier au 27 f\u00e9vrier 2022.\" \/>\n<meta property=\"og:url\" content=\"https:\/\/1xplayz.com\/fr\/counter-strike-global-offensive\/intel-extreme-masters-2022\/\" \/>\n<meta property=\"og:site_name\" content=\"1xPlayz\" \/>\n<meta property=\"article:modified_time\" content=\"2023-03-15T09:29:27+00:00\" \/>\n<meta name=\"twitter:card\" content=\"summary_large_image\" \/>\n<meta name=\"twitter:label1\" content=\"Dur\u00e9e de lecture estim\u00e9e\" \/>\n\t<meta name=\"twitter:data1\" content=\"3 minutes\" \/>\n<script type=\"application\/ld+json\" class=\"yoast-schema-graph\">{\"@context\":\"https:\/\/schema.org\",\"@graph\":[{\"@type\":\"WebPage\",\"@id\":\"https:\/\/1xplayz.com\/fr\/counter-strike-global-offensive\/intel-extreme-masters-2022\/\",\"url\":\"https:\/\/1xplayz.com\/fr\/counter-strike-global-offensive\/intel-extreme-masters-2022\/\",\"name\":\"CSGO Intel Extreme Masters 2022 - Pronostiqueurs eSports - 1xPlayz\",\"isPartOf\":{\"@id\":\"https:\/\/1xplayz.com\/fr\/de\/#website\"},\"datePublished\":\"2021-12-10T05:18:13+00:00\",\"dateModified\":\"2023-03-15T09:29:27+00:00\",\"description\":\"INTEL EXTREME MASTERS SEASON XVI KATOWICE Counter Strike: Global Offensive Intel Extreme Masters XVI Katowice commence du 15 f\u00e9vrier au 27 f\u00e9vrier 2022.\",\"breadcrumb\":{\"@id\":\"https:\/\/1xplayz.com\/fr\/counter-strike-global-offensive\/intel-extreme-masters-2022\/#breadcrumb\"},\"inLanguage\":\"fr-FR\",\"potentialAction\":[{\"@type\":\"ReadAction\",\"target\":[\"https:\/\/1xplayz.com\/fr\/counter-strike-global-offensive\/intel-extreme-masters-2022\/\"]}]},{\"@type\":\"BreadcrumbList\",\"@id\":\"https:\/\/1xplayz.com\/fr\/counter-strike-global-offensive\/intel-extreme-masters-2022\/#breadcrumb\",\"itemListElement\":[{\"@type\":\"ListItem\",\"position\":1,\"name\":\"Home\",\"item\":\"https:\/\/1xplayz.com\/fr\/\"},{\"@type\":\"ListItem\",\"position\":2,\"name\":\"Counter Strike: Offensive mondiale\",\"item\":\"https:\/\/1xplayz.com\/fr\/counter-strike-global-offensive\/\"},{\"@type\":\"ListItem\",\"position\":3,\"name\":\"CSGO Intel Extreme Masters 2022\"}]},{\"@type\":\"WebSite\",\"@id\":\"https:\/\/1xplayz.com\/fr\/de\/#website\",\"url\":\"https:\/\/1xplayz.com\/fr\/de\/\",\"name\":\"1xPlayz\",\"description\":\"Pronostiqueurs eSports\",\"publisher\":{\"@id\":\"https:\/\/1xplayz.com\/fr\/de\/#\/schema\/person\/8eadc1d14ab3326bbc7a655fbfe061cf\"},\"potentialAction\":[{\"@type\":\"SearchAction\",\"target\":{\"@type\":\"EntryPoint\",\"urlTemplate\":\"https:\/\/1xplayz.com\/fr\/de\/?s={search_term_string}\"},\"query-input\":{\"@type\":\"PropertyValueSpecification\",\"valueRequired\":true,\"valueName\":\"search_term_string\"}}],\"inLanguage\":\"fr-FR\"},{\"@type\":[\"Person\",\"Organization\"],\"@id\":\"https:\/\/1xplayz.com\/fr\/de\/#\/schema\/person\/8eadc1d14ab3326bbc7a655fbfe061cf\",\"name\":\"1xPlayz\",\"image\":{\"@type\":\"ImageObject\",\"inLanguage\":\"fr-FR\",\"@id\":\"https:\/\/1xplayz.com\/fr\/de\/#\/schema\/person\/image\/\",\"url\":\"https:\/\/1xplayz.com\/wp-content\/uploads\/2021\/07\/1xp.png\",\"contentUrl\":\"https:\/\/1xplayz.com\/wp-content\/uploads\/2021\/07\/1xp.png\",\"width\":500,\"height\":500,\"caption\":\"1xPlayz\"},\"logo\":{\"@id\":\"https:\/\/1xplayz.com\/fr\/de\/#\/schema\/person\/image\/\"},\"sameAs\":[\"http:\/\/1xplayz.com\"]}]}<\/script>\n<!-- \/ Yoast SEO plugin. -->","yoast_head_json":{"title":"CSGO Intel Extreme Masters 2022 - Pronostiqueurs eSports - 1xPlayz","description":"INTEL EXTREME MASTERS SEASON XVI KATOWICE Counter Strike: Global Offensive Intel Extreme Masters XVI Katowice commence du 15 f\u00e9vrier au 27 f\u00e9vrier 2022.","robots":{"index":"index","follow":"follow","max-snippet":"max-snippet:-1","max-image-preview":"max-image-preview:large","max-video-preview":"max-video-preview:-1"},"canonical":"https:\/\/1xplayz.com\/fr\/counter-strike-global-offensive\/intel-extreme-masters-2022\/","og_locale":"fr_FR","og_type":"article","og_title":"CSGO Intel Extreme Masters 2022 - Pronostiqueurs eSports - 1xPlayz","og_description":"INTEL EXTREME MASTERS SEASON XVI KATOWICE Counter Strike: Global Offensive Intel Extreme Masters XVI Katowice commence du 15 f\u00e9vrier au 27 f\u00e9vrier 2022.","og_url":"https:\/\/1xplayz.com\/fr\/counter-strike-global-offensive\/intel-extreme-masters-2022\/","og_site_name":"1xPlayz","article_modified_time":"2023-03-15T09:29:27+00:00","twitter_card":"summary_large_image","twitter_misc":{"Dur\u00e9e de lecture estim\u00e9e":"3 minutes"},"schema":{"@context":"https:\/\/schema.org","@graph":[{"@type":"WebPage","@id":"https:\/\/1xplayz.com\/fr\/counter-strike-global-offensive\/intel-extreme-masters-2022\/","url":"https:\/\/1xplayz.com\/fr\/counter-strike-global-offensive\/intel-extreme-masters-2022\/","name":"CSGO Intel Extreme Masters 2022 - Pronostiqueurs eSports - 1xPlayz","isPartOf":{"@id":"https:\/\/1xplayz.com\/fr\/de\/#website"},"datePublished":"2021-12-10T05:18:13+00:00","dateModified":"2023-03-15T09:29:27+00:00","description":"INTEL EXTREME MASTERS SEASON XVI KATOWICE Counter Strike: Global Offensive Intel Extreme Masters XVI Katowice commence du 15 f\u00e9vrier au 27 f\u00e9vrier 2022.","breadcrumb":{"@id":"https:\/\/1xplayz.com\/fr\/counter-strike-global-offensive\/intel-extreme-masters-2022\/#breadcrumb"},"inLanguage":"fr-FR","potentialAction":[{"@type":"ReadAction","target":["https:\/\/1xplayz.com\/fr\/counter-strike-global-offensive\/intel-extreme-masters-2022\/"]}]},{"@type":"BreadcrumbList","@id":"https:\/\/1xplayz.com\/fr\/counter-strike-global-offensive\/intel-extreme-masters-2022\/#breadcrumb","itemListElement":[{"@type":"ListItem","position":1,"name":"Home","item":"https:\/\/1xplayz.com\/fr\/"},{"@type":"ListItem","position":2,"name":"Counter Strike: Offensive mondiale","item":"https:\/\/1xplayz.com\/fr\/counter-strike-global-offensive\/"},{"@type":"ListItem","position":3,"name":"CSGO Intel Extreme Masters 2022"}]},{"@type":"WebSite","@id":"https:\/\/1xplayz.com\/fr\/de\/#website","url":"https:\/\/1xplayz.com\/fr\/de\/","name":"1xPlayz","description":"Pronostiqueurs eSports","publisher":{"@id":"https:\/\/1xplayz.com\/fr\/de\/#\/schema\/person\/8eadc1d14ab3326bbc7a655fbfe061cf"},"potentialAction":[{"@type":"SearchAction","target":{"@type":"EntryPoint","urlTemplate":"https:\/\/1xplayz.com\/fr\/de\/?s={search_term_string}"},"query-input":{"@type":"PropertyValueSpecification","valueRequired":true,"valueName":"search_term_string"}}],"inLanguage":"fr-FR"},{"@type":["Person","Organization"],"@id":"https:\/\/1xplayz.com\/fr\/de\/#\/schema\/person\/8eadc1d14ab3326bbc7a655fbfe061cf","name":"1xPlayz","image":{"@type":"ImageObject","inLanguage":"fr-FR","@id":"https:\/\/1xplayz.com\/fr\/de\/#\/schema\/person\/image\/","url":"https:\/\/1xplayz.com\/wp-content\/uploads\/2021\/07\/1xp.png","contentUrl":"https:\/\/1xplayz.com\/wp-content\/uploads\/2021\/07\/1xp.png","width":500,"height":500,"caption":"1xPlayz"},"logo":{"@id":"https:\/\/1xplayz.com\/fr\/de\/#\/schema\/person\/image\/"},"sameAs":["http:\/\/1xplayz.com"]}]}},"_links":{"self":[{"href":"https:\/\/1xplayz.com\/fr\/wp-json\/wp\/v2\/pages\/13755","targetHints":{"allow":["GET"]}}],"collection":[{"href":"https:\/\/1xplayz.com\/fr\/wp-json\/wp\/v2\/pages"}],"about":[{"href":"https:\/\/1xplayz.com\/fr\/wp-json\/wp\/v2\/types\/page"}],"author":[{"embeddable":true,"href":"https:\/\/1xplayz.com\/fr\/wp-json\/wp\/v2\/users\/1"}],"replies":[{"embeddable":true,"href":"https:\/\/1xplayz.com\/fr\/wp-json\/wp\/v2\/comments?post=13755"}],"version-history":[{"count":6,"href":"https:\/\/1xplayz.com\/fr\/wp-json\/wp\/v2\/pages\/13755\/revisions"}],"predecessor-version":[{"id":42642,"href":"https:\/\/1xplayz.com\/fr\/wp-json\/wp\/v2\/pages\/13755\/revisions\/42642"}],"up":[{"embeddable":true,"href":"https:\/\/1xplayz.com\/fr\/wp-json\/wp\/v2\/pages\/13334"}],"wp:attachment":[{"href":"https:\/\/1xplayz.com\/fr\/wp-json\/wp\/v2\/media?parent=13755"}],"curies":[{"name":"wp","href":"https:\/\/api.w.org\/{rel}","templated":true}]}}