{"id":14081,"date":"2021-12-10T10:12:00","date_gmt":"2021-12-10T03:12:00","guid":{"rendered":"https:\/\/1xplayz.com\/asia-electronic-sports-federation\/"},"modified":"2021-12-17T20:24:30","modified_gmt":"2021-12-17T13:24:30","slug":"asia-electronic-sports-federation","status":"publish","type":"page","link":"https:\/\/1xplayz.com\/fr\/asia-electronic-sports-federation\/","title":{"rendered":"F\u00e9d\u00e9ration asiatique des sports \u00e9lectroniques (AESF)"},"content":{"rendered":"\n<p>The Asia Electronic Sports Federations (AESF) is a governing body of International Esports Federation. Esports Asia which was found in 2018, is recognized by Olympic Council of Asia (OCoA). The headquarters of the federation is in Hong Kong. There are 45 member nations in AESF. However, only 29 nations formed their own federation. The 45 nations of AESF members are:<\/p>\n\n\n\n<ul class=\"wp-block-list\"><li>Afghanistan<\/li><li>Bahre\u00efn<\/li><li>Bangladesh<\/li><li>Bhoutan<\/li><li>Brun\u00e9i<\/li><li>Cambodge (F\u00e9d\u00e9ration E-Sports Cambodge)<\/li><li>Chine (CSIC, D\u00e9partement e-Sports)<\/li><li>Hong Kong (E-Sport Association Hong Kong)<\/li><li>Inde (F\u00e9d\u00e9ration des sports \u00e9lectroniques de l&rsquo;Inde)<\/li><li>Indon\u00e9sie (Indonesia Esports Association)<\/li><li>Iran (Association iranienne des sports \u00e9lectroniques)<\/li><li>Irak<\/li><li>Japon (Japan eSports Union)<\/li><li>Jordan<\/li><li>Kazkhstan (F\u00e9d\u00e9ration Qazaq Cybersports)<\/li><li>Cor\u00e9e du Nord<\/li><li>Cor\u00e9e du Sud (Korea e-Sports Association)<\/li><li>Kowe\u00eft<\/li><li>Kirghizistan (F\u00e9d\u00e9ration Esports du Kirghizistan)<\/li><li>Laos (F\u00e9d\u00e9ration Lao e-Sports)<\/li><li>Liban<\/li><li>Macao (F\u00e9d\u00e9ration d&rsquo;E-Sports de Macao)<\/li><li>Malaisie (Esports Malaisie)<\/li><li>Maldives (Association des E-Sports des Maldives)<\/li><li>Mongolie (Association Mongolie E-Sports)<\/li><li>Myanmar (F\u00e9d\u00e9ration myanmarienne des sports \u00e9lectroniques, MESF)<\/li><li>N\u00e9pal (Association n\u00e9palaise d&rsquo;esports)<\/li><li>Oman (Comit\u00e9 des Jeux et E-Sports)<\/li><li>Pakistan (F\u00e9d\u00e9ration pakistanaise des sports \u00e9lectroniques<\/li><li>-Palestine<\/li><li>Philippines (F\u00e9d\u00e9ration nationale des sports \u00e9lectroniques des Philippines, NESFP)<\/li><li>Qatar<\/li><li>Arabie saoudite (F\u00e9d\u00e9ration saoudienne des sports \u00e9lectroniques et intellectuels)<\/li><li>Singapour (Singapore Esports Association)<\/li><li>Sri Lanka (Sri Lanka eSports Association)<\/li><li>Syrie (Association syrienne des sports \u00e9lectroniques)<\/li><li>Tha\u00eflande (F\u00e9d\u00e9ration tha\u00eflandaise des sports \u00e9lectroniques)<\/li><li>Timor-Leste<\/li><li>Turkm\u00e9nistan (F\u00e9d\u00e9ration nationale des sports \u00e9lectroniques du Turkm\u00e9nistan<\/li><li>Chinese Taipei (Association des sports \u00e9lectroniques du Taipei chinois)<\/li><li>Emirats Arabes Unis<\/li><li>Ouzb\u00e9kistan (F\u00e9d\u00e9ration Ouzb\u00e9kistan d&rsquo;Esports Virtuels et de Cyber \u200b\u200bFootball)<\/li><li>Vietnam (Association vietnamienne des sports \u00e9lectroniques r\u00e9cr\u00e9atifs<\/li><li>Y\u00e9men<\/li><\/ul>\n","protected":false},"excerpt":{"rendered":"<div class=\"mh-excerpt\"><p>The Asia Electronic Sports Federations (AESF) is a governing body of International Esports Federation. Esports Asia which was found in 2018, is recognized by Olympic <a class=\"mh-excerpt-more\" href=\"https:\/\/1xplayz.com\/fr\/asia-electronic-sports-federation\/\" title=\"F\u00e9d\u00e9ration asiatique des sports \u00e9lectroniques (AESF)\">[&#8230;]<\/a><\/p>\n<\/div>","protected":false},"author":1,"featured_media":0,"parent":0,"menu_order":0,"comment_status":"closed","ping_status":"closed","template":"","meta":{"footnotes":""},"class_list":["post-14081","page","type-page","status-publish","hentry"],"yoast_head":"<!-- This site is optimized with the Yoast SEO plugin v26.6 - https:\/\/yoast.com\/wordpress\/plugins\/seo\/ -->\n<title>F\u00e9d\u00e9ration asiatique des sports \u00e9lectroniques (AESF) - Pronostiqueurs eSports - 1xPlayz<\/title>\n<meta name=\"description\" content=\"The Asia Electronic Sports Federations (AESF) is a governing body of International Esports Federation. Esports Asia which was found in 2018, is recognized\" \/>\n<meta name=\"robots\" content=\"index, follow, max-snippet:-1, max-image-preview:large, max-video-preview:-1\" \/>\n<link rel=\"canonical\" href=\"https:\/\/1xplayz.com\/fr\/asia-electronic-sports-federation\/\" \/>\n<meta property=\"og:locale\" content=\"fr_FR\" \/>\n<meta property=\"og:type\" content=\"article\" \/>\n<meta property=\"og:title\" content=\"F\u00e9d\u00e9ration asiatique des sports \u00e9lectroniques (AESF) - Pronostiqueurs eSports - 1xPlayz\" \/>\n<meta property=\"og:description\" content=\"The Asia Electronic Sports Federations (AESF) is a governing body of International Esports Federation. Esports Asia which was found in 2018, is recognized\" \/>\n<meta property=\"og:url\" content=\"https:\/\/1xplayz.com\/fr\/asia-electronic-sports-federation\/\" \/>\n<meta property=\"og:site_name\" content=\"1xPlayz\" \/>\n<meta property=\"article:modified_time\" content=\"2021-12-17T13:24:30+00:00\" \/>\n<meta name=\"twitter:card\" content=\"summary_large_image\" \/>\n<meta name=\"twitter:label1\" content=\"Dur\u00e9e de lecture estim\u00e9e\" \/>\n\t<meta name=\"twitter:data1\" content=\"2 minutes\" \/>\n<script type=\"application\/ld+json\" class=\"yoast-schema-graph\">{\"@context\":\"https:\/\/schema.org\",\"@graph\":[{\"@type\":\"WebPage\",\"@id\":\"https:\/\/1xplayz.com\/fr\/asia-electronic-sports-federation\/\",\"url\":\"https:\/\/1xplayz.com\/fr\/asia-electronic-sports-federation\/\",\"name\":\"F\u00e9d\u00e9ration asiatique des sports \u00e9lectroniques (AESF) - Pronostiqueurs eSports - 1xPlayz\",\"isPartOf\":{\"@id\":\"https:\/\/1xplayz.com\/fr\/de\/#website\"},\"datePublished\":\"2021-12-10T03:12:00+00:00\",\"dateModified\":\"2021-12-17T13:24:30+00:00\",\"description\":\"The Asia Electronic Sports Federations (AESF) is a governing body of International Esports Federation. Esports Asia which was found in 2018, is recognized\",\"breadcrumb\":{\"@id\":\"https:\/\/1xplayz.com\/fr\/asia-electronic-sports-federation\/#breadcrumb\"},\"inLanguage\":\"fr-FR\",\"potentialAction\":[{\"@type\":\"ReadAction\",\"target\":[\"https:\/\/1xplayz.com\/fr\/asia-electronic-sports-federation\/\"]}]},{\"@type\":\"BreadcrumbList\",\"@id\":\"https:\/\/1xplayz.com\/fr\/asia-electronic-sports-federation\/#breadcrumb\",\"itemListElement\":[{\"@type\":\"ListItem\",\"position\":1,\"name\":\"Home\",\"item\":\"https:\/\/1xplayz.com\/fr\/\"},{\"@type\":\"ListItem\",\"position\":2,\"name\":\"F\u00e9d\u00e9ration asiatique des sports \u00e9lectroniques (AESF)\"}]},{\"@type\":\"WebSite\",\"@id\":\"https:\/\/1xplayz.com\/fr\/de\/#website\",\"url\":\"https:\/\/1xplayz.com\/fr\/de\/\",\"name\":\"1xPlayz\",\"description\":\"Pronostiqueurs eSports\",\"publisher\":{\"@id\":\"https:\/\/1xplayz.com\/fr\/de\/#\/schema\/person\/8eadc1d14ab3326bbc7a655fbfe061cf\"},\"potentialAction\":[{\"@type\":\"SearchAction\",\"target\":{\"@type\":\"EntryPoint\",\"urlTemplate\":\"https:\/\/1xplayz.com\/fr\/de\/?s={search_term_string}\"},\"query-input\":{\"@type\":\"PropertyValueSpecification\",\"valueRequired\":true,\"valueName\":\"search_term_string\"}}],\"inLanguage\":\"fr-FR\"},{\"@type\":[\"Person\",\"Organization\"],\"@id\":\"https:\/\/1xplayz.com\/fr\/de\/#\/schema\/person\/8eadc1d14ab3326bbc7a655fbfe061cf\",\"name\":\"1xPlayz\",\"image\":{\"@type\":\"ImageObject\",\"inLanguage\":\"fr-FR\",\"@id\":\"https:\/\/1xplayz.com\/fr\/de\/#\/schema\/person\/image\/\",\"url\":\"https:\/\/1xplayz.com\/wp-content\/uploads\/2021\/07\/1xp.png\",\"contentUrl\":\"https:\/\/1xplayz.com\/wp-content\/uploads\/2021\/07\/1xp.png\",\"width\":500,\"height\":500,\"caption\":\"1xPlayz\"},\"logo\":{\"@id\":\"https:\/\/1xplayz.com\/fr\/de\/#\/schema\/person\/image\/\"},\"sameAs\":[\"http:\/\/1xplayz.com\"]}]}<\/script>\n<!-- \/ Yoast SEO plugin. -->","yoast_head_json":{"title":"F\u00e9d\u00e9ration asiatique des sports \u00e9lectroniques (AESF) - Pronostiqueurs eSports - 1xPlayz","description":"The Asia Electronic Sports Federations (AESF) is a governing body of International Esports Federation. Esports Asia which was found in 2018, is recognized","robots":{"index":"index","follow":"follow","max-snippet":"max-snippet:-1","max-image-preview":"max-image-preview:large","max-video-preview":"max-video-preview:-1"},"canonical":"https:\/\/1xplayz.com\/fr\/asia-electronic-sports-federation\/","og_locale":"fr_FR","og_type":"article","og_title":"F\u00e9d\u00e9ration asiatique des sports \u00e9lectroniques (AESF) - Pronostiqueurs eSports - 1xPlayz","og_description":"The Asia Electronic Sports Federations (AESF) is a governing body of International Esports Federation. Esports Asia which was found in 2018, is recognized","og_url":"https:\/\/1xplayz.com\/fr\/asia-electronic-sports-federation\/","og_site_name":"1xPlayz","article_modified_time":"2021-12-17T13:24:30+00:00","twitter_card":"summary_large_image","twitter_misc":{"Dur\u00e9e de lecture estim\u00e9e":"2 minutes"},"schema":{"@context":"https:\/\/schema.org","@graph":[{"@type":"WebPage","@id":"https:\/\/1xplayz.com\/fr\/asia-electronic-sports-federation\/","url":"https:\/\/1xplayz.com\/fr\/asia-electronic-sports-federation\/","name":"F\u00e9d\u00e9ration asiatique des sports \u00e9lectroniques (AESF) - Pronostiqueurs eSports - 1xPlayz","isPartOf":{"@id":"https:\/\/1xplayz.com\/fr\/de\/#website"},"datePublished":"2021-12-10T03:12:00+00:00","dateModified":"2021-12-17T13:24:30+00:00","description":"The Asia Electronic Sports Federations (AESF) is a governing body of International Esports Federation. Esports Asia which was found in 2018, is recognized","breadcrumb":{"@id":"https:\/\/1xplayz.com\/fr\/asia-electronic-sports-federation\/#breadcrumb"},"inLanguage":"fr-FR","potentialAction":[{"@type":"ReadAction","target":["https:\/\/1xplayz.com\/fr\/asia-electronic-sports-federation\/"]}]},{"@type":"BreadcrumbList","@id":"https:\/\/1xplayz.com\/fr\/asia-electronic-sports-federation\/#breadcrumb","itemListElement":[{"@type":"ListItem","position":1,"name":"Home","item":"https:\/\/1xplayz.com\/fr\/"},{"@type":"ListItem","position":2,"name":"F\u00e9d\u00e9ration asiatique des sports \u00e9lectroniques (AESF)"}]},{"@type":"WebSite","@id":"https:\/\/1xplayz.com\/fr\/de\/#website","url":"https:\/\/1xplayz.com\/fr\/de\/","name":"1xPlayz","description":"Pronostiqueurs eSports","publisher":{"@id":"https:\/\/1xplayz.com\/fr\/de\/#\/schema\/person\/8eadc1d14ab3326bbc7a655fbfe061cf"},"potentialAction":[{"@type":"SearchAction","target":{"@type":"EntryPoint","urlTemplate":"https:\/\/1xplayz.com\/fr\/de\/?s={search_term_string}"},"query-input":{"@type":"PropertyValueSpecification","valueRequired":true,"valueName":"search_term_string"}}],"inLanguage":"fr-FR"},{"@type":["Person","Organization"],"@id":"https:\/\/1xplayz.com\/fr\/de\/#\/schema\/person\/8eadc1d14ab3326bbc7a655fbfe061cf","name":"1xPlayz","image":{"@type":"ImageObject","inLanguage":"fr-FR","@id":"https:\/\/1xplayz.com\/fr\/de\/#\/schema\/person\/image\/","url":"https:\/\/1xplayz.com\/wp-content\/uploads\/2021\/07\/1xp.png","contentUrl":"https:\/\/1xplayz.com\/wp-content\/uploads\/2021\/07\/1xp.png","width":500,"height":500,"caption":"1xPlayz"},"logo":{"@id":"https:\/\/1xplayz.com\/fr\/de\/#\/schema\/person\/image\/"},"sameAs":["http:\/\/1xplayz.com"]}]}},"_links":{"self":[{"href":"https:\/\/1xplayz.com\/fr\/wp-json\/wp\/v2\/pages\/14081","targetHints":{"allow":["GET"]}}],"collection":[{"href":"https:\/\/1xplayz.com\/fr\/wp-json\/wp\/v2\/pages"}],"about":[{"href":"https:\/\/1xplayz.com\/fr\/wp-json\/wp\/v2\/types\/page"}],"author":[{"embeddable":true,"href":"https:\/\/1xplayz.com\/fr\/wp-json\/wp\/v2\/users\/1"}],"replies":[{"embeddable":true,"href":"https:\/\/1xplayz.com\/fr\/wp-json\/wp\/v2\/comments?post=14081"}],"version-history":[{"count":3,"href":"https:\/\/1xplayz.com\/fr\/wp-json\/wp\/v2\/pages\/14081\/revisions"}],"predecessor-version":[{"id":14444,"href":"https:\/\/1xplayz.com\/fr\/wp-json\/wp\/v2\/pages\/14081\/revisions\/14444"}],"wp:attachment":[{"href":"https:\/\/1xplayz.com\/fr\/wp-json\/wp\/v2\/media?parent=14081"}],"curies":[{"name":"wp","href":"https:\/\/api.w.org\/{rel}","templated":true}]}}