{"id":14225,"date":"2023-03-09T13:49:02","date_gmt":"2023-03-09T06:49:02","guid":{"rendered":"https:\/\/1xplayz.com\/?page_id=14225"},"modified":"2023-03-09T22:38:43","modified_gmt":"2023-03-09T15:38:43","slug":"call-of-duty","status":"publish","type":"page","link":"https:\/\/1xplayz.com\/fr\/call-of-duty\/","title":{"rendered":"Appel du devoir"},"content":{"rendered":"\n<h2 class=\"wp-block-heading\">Quel type de jeu est Appel du devoir?<\/h2>\n\n\n\n<p><strong>Appel du devoir (CoD)<\/strong> est un type de franchise de jeux vid\u00e9o de tir \u00e0 la premi\u00e8re personne d\u00e9velopp\u00e9e par Infinity Ward, Treyarch et Sledgehammer Games, et publi\u00e9e par Activision. Le premier jeu CoD est sorti en 2003. Depuis lors, ce jeu est devenu l&rsquo;une des franchises de jeux les plus populaires et les plus r\u00e9ussies de tous les temps. Les versions populaires r\u00e9centes du jeu sont Call of Duty : Black Ops 4 et Call of Duty : Modern Warfare.<\/p>\n\n\n\n<p>Appel du devoir implique que les joueurs assument le r\u00f4le d&rsquo;un soldat dans un conflit militaire fictif et s&rsquo;engagent dans un combat contre les forces ennemies. La s\u00e9rie a explor\u00e9 diff\u00e9rentes p\u00e9riodes, de la Seconde Guerre mondiale aux conflits modernes et m\u00eame aux d\u00e9cors futuristes. Le jeu propose une gamme de modes de jeu, y compris des campagnes solo, des modes coop\u00e9ratifs et des modes multijoueurs. Le mode multijoueur est un \u00e9l\u00e9ment majeur des jeux et il est devenu un titre d&rsquo;esport populaire. En mode multijoueur, les joueurs s&rsquo;affrontent dans diff\u00e9rents modes de jeu, tels que le match \u00e0 mort par \u00e9quipe et la capture du drapeau. Les joueurs gagnent des points d&rsquo;exp\u00e9rience et montent de niveau pour d\u00e9bloquer de nouvelles armes, \u00e9quipements et avantages afin de personnaliser leur exp\u00e9rience de jeu.<\/p>\n\n\n\n<h2 class=\"wp-block-heading\">Comment jouer \u00e0 Appel du devoir?<\/h2>\n\n\n\n<p>Jouer \u00e0 Call of Duty est tellement amusant. Parce que ce jeu a diff\u00e9rentes s\u00e9ries, conduit \u00e0 un gameplay sp\u00e9cifique. Ce jeu utilise une perspective \u00e0 la premi\u00e8re personne et consiste \u00e0 tirer sur des ennemis cibl\u00e9s. Voici quelques \u00e9tapes de base pour vous familiariser avec CoD:<\/p>\n\n\n\n<ol class=\"wp-block-list\">\n<li><strong>Choisissez votre mode de jeu<\/strong>: CoD propose g\u00e9n\u00e9ralement une vari\u00e9t\u00e9 de modes de jeu parmi lesquels choisir, y compris des campagnes solo, des modes coop\u00e9ratifs et des modes multijoueurs. S\u00e9lectionnez le mode que vous voulez jouer.<\/li>\n\n\n\n<li><strong>Personnalisez votre chargement<\/strong>: en mode multijoueur, vous pouvez personnaliser votre chargement en s\u00e9lectionnant des armes, des accessoires, des avantages et d&rsquo;autres \u00e9quipements \u00e0 utiliser pendant le jeu. Vous pouvez \u00e9galement gagner des points d&rsquo;exp\u00e9rience et monter de niveau pour d\u00e9bloquer de nouvelles armes et \u00e9quipements.<\/li>\n\n\n\n<li><strong>D\u00e9marrez le jeu<\/strong>: une fois que vous avez s\u00e9lectionn\u00e9 votre mode et personnalis\u00e9 votre chargement (le cas \u00e9ch\u00e9ant), vous pouvez d\u00e9marrer le jeu. Le gameplay variera en fonction du mode que vous avez choisi. En mode solo, vous suivrez un sc\u00e9nario pr\u00e9d\u00e9termin\u00e9, tandis qu&rsquo;en mode multijoueur, vous affronterez d&rsquo;autres joueurs.<\/li>\n\n\n\n<li><strong>D\u00e9placez-vous et tirez<\/strong>: Pour jouer \u00e0 CoD, vous devrez d\u00e9placer votre personnage \u00e0 l&rsquo;aide du clavier ou de la manette et viser et tirer sur les cibles ennemies \u00e0 l&rsquo;aide de la souris ou d&rsquo;autres commandes. Le jeu vous fournira des objectifs et des buts \u00e0 atteindre, comme capturer un drapeau ou \u00e9liminer des cibles ennemies.<\/li>\n\n\n\n<li><strong>Terminez le jeu<\/strong>: Le jeu continuera jusqu&rsquo;\u00e0 ce que vous remplissiez les objectifs ou jusqu&rsquo;\u00e0 ce que vous soyez \u00e9limin\u00e9. En mode multijoueur, vous pouvez r\u00e9appara\u00eetre apr\u00e8s avoir \u00e9t\u00e9 \u00e9limin\u00e9 et continuer \u00e0 jouer jusqu&rsquo;\u00e0 ce que la limite de temps ou la limite de score soit atteinte.<\/li>\n<\/ol>\n\n\n\n<h2 class=\"wp-block-heading\">Appel du devoir: noires Ops 4<\/h2>\n\n\n\n<p>Appel du devoir: noires Ops 4 est sorti en octobre 2018 par le d\u00e9veloppeur Treyarch. Black Ops 4 a \u00e9t\u00e9 \u00e9crit par Dave Anthony et son r\u00e9alisateur est Jason Blundell. Le compositeur est Jack Wall. Les plates-formes de Black Ops 4 sont PlayStation 4, Windows et Xbox One. Ce genre de s\u00e9rie est Jeu de tir \u00e0 la premi\u00e8re personne, bataille royale.<\/p>\n\n\n\n<h3 class=\"wp-block-heading\">Jeu de noires Ops 4<\/h3>\n\n\n\n<p>Appel du devoir: noires Ops 4 ne propose pas de mode solo traditionnel et contient des modes multijoueur, zombies et blackout.<\/p>\n\n\n\n<h2 class=\"wp-block-heading\">Appel du devoir mobile<\/h2>\n\n\n\n<p>Savez-vous que vous pouvez jouer \u00e0 Appel du devoir sur PC et Mobile ? Oui, il s&rsquo;appelle \u00ab\u00a0Appel du devoir mobile\u00a0\u00bb qui est disponible en t\u00e9l\u00e9chargement gratuit sur les appareils iOS et Android. Il peut \u00eatre t\u00e9l\u00e9charg\u00e9 depuis l&rsquo;App Store ou Google Play Store. L\u00e0, vous pouvez cr\u00e9er un compte ou vous connecter \u00e0 votre compte d&rsquo;existence. Le jeu peut \u00eatre jou\u00e9 \u00e0 l&rsquo;aide de commandes tactiles ou vous pouvez connecter une manette \u00e0 votre appareil mobile pour une exp\u00e9rience de console plus traditionnelle. Le CoD Mobile est un gameplay similaire aux versions console et PC, y compris des modes multijoueurs tels que le match \u00e0 mort par \u00e9quipe, la domination et la bataille royale.<\/p>\n","protected":false},"excerpt":{"rendered":"<div class=\"mh-excerpt\"><p>Quel type de jeu est Appel du devoir? Appel du devoir (CoD) est un type de franchise de jeux vid\u00e9o de tir \u00e0 la premi\u00e8re <a class=\"mh-excerpt-more\" href=\"https:\/\/1xplayz.com\/fr\/call-of-duty\/\" title=\"Appel du devoir\">[&#8230;]<\/a><\/p>\n<\/div>","protected":false},"author":1,"featured_media":0,"parent":0,"menu_order":0,"comment_status":"closed","ping_status":"closed","template":"","meta":{"footnotes":""},"class_list":["post-14225","page","type-page","status-publish","hentry"],"yoast_head":"<!-- This site is optimized with the Yoast SEO plugin v26.6 - https:\/\/yoast.com\/wordpress\/plugins\/seo\/ -->\n<title>Appel du devoir - Pronostiqueurs eSports - 1xPlayz<\/title>\n<meta name=\"description\" content=\"Quel type de jeu est Appel du devoir? Appel du devoir (CoD) est un type de franchise de jeux vid\u00e9o de tir \u00e0 la premi\u00e8re personne d\u00e9velopp\u00e9e par Infinity\" \/>\n<meta name=\"robots\" content=\"index, follow, max-snippet:-1, max-image-preview:large, max-video-preview:-1\" \/>\n<link rel=\"canonical\" href=\"https:\/\/1xplayz.com\/fr\/call-of-duty\/\" \/>\n<meta property=\"og:locale\" content=\"fr_FR\" \/>\n<meta property=\"og:type\" content=\"article\" \/>\n<meta property=\"og:title\" content=\"Appel du devoir - Pronostiqueurs eSports - 1xPlayz\" \/>\n<meta property=\"og:description\" content=\"Quel type de jeu est Appel du devoir? Appel du devoir (CoD) est un type de franchise de jeux vid\u00e9o de tir \u00e0 la premi\u00e8re personne d\u00e9velopp\u00e9e par Infinity\" \/>\n<meta property=\"og:url\" content=\"https:\/\/1xplayz.com\/fr\/call-of-duty\/\" \/>\n<meta property=\"og:site_name\" content=\"1xPlayz\" \/>\n<meta property=\"article:modified_time\" content=\"2023-03-09T15:38:43+00:00\" \/>\n<meta name=\"twitter:card\" content=\"summary_large_image\" \/>\n<meta name=\"twitter:label1\" content=\"Dur\u00e9e de lecture estim\u00e9e\" \/>\n\t<meta name=\"twitter:data1\" content=\"4 minutes\" \/>\n<script type=\"application\/ld+json\" class=\"yoast-schema-graph\">{\"@context\":\"https:\/\/schema.org\",\"@graph\":[{\"@type\":\"WebPage\",\"@id\":\"https:\/\/1xplayz.com\/fr\/call-of-duty\/\",\"url\":\"https:\/\/1xplayz.com\/fr\/call-of-duty\/\",\"name\":\"Appel du devoir - Pronostiqueurs eSports - 1xPlayz\",\"isPartOf\":{\"@id\":\"https:\/\/1xplayz.com\/fr\/de\/#website\"},\"datePublished\":\"2023-03-09T06:49:02+00:00\",\"dateModified\":\"2023-03-09T15:38:43+00:00\",\"description\":\"Quel type de jeu est Appel du devoir? Appel du devoir (CoD) est un type de franchise de jeux vid\u00e9o de tir \u00e0 la premi\u00e8re personne d\u00e9velopp\u00e9e par Infinity\",\"breadcrumb\":{\"@id\":\"https:\/\/1xplayz.com\/fr\/call-of-duty\/#breadcrumb\"},\"inLanguage\":\"fr-FR\",\"potentialAction\":[{\"@type\":\"ReadAction\",\"target\":[\"https:\/\/1xplayz.com\/fr\/call-of-duty\/\"]}]},{\"@type\":\"BreadcrumbList\",\"@id\":\"https:\/\/1xplayz.com\/fr\/call-of-duty\/#breadcrumb\",\"itemListElement\":[{\"@type\":\"ListItem\",\"position\":1,\"name\":\"Home\",\"item\":\"https:\/\/1xplayz.com\/fr\/\"},{\"@type\":\"ListItem\",\"position\":2,\"name\":\"Appel du devoir\"}]},{\"@type\":\"WebSite\",\"@id\":\"https:\/\/1xplayz.com\/fr\/de\/#website\",\"url\":\"https:\/\/1xplayz.com\/fr\/de\/\",\"name\":\"1xPlayz\",\"description\":\"Pronostiqueurs eSports\",\"publisher\":{\"@id\":\"https:\/\/1xplayz.com\/fr\/de\/#\/schema\/person\/8eadc1d14ab3326bbc7a655fbfe061cf\"},\"potentialAction\":[{\"@type\":\"SearchAction\",\"target\":{\"@type\":\"EntryPoint\",\"urlTemplate\":\"https:\/\/1xplayz.com\/fr\/de\/?s={search_term_string}\"},\"query-input\":{\"@type\":\"PropertyValueSpecification\",\"valueRequired\":true,\"valueName\":\"search_term_string\"}}],\"inLanguage\":\"fr-FR\"},{\"@type\":[\"Person\",\"Organization\"],\"@id\":\"https:\/\/1xplayz.com\/fr\/de\/#\/schema\/person\/8eadc1d14ab3326bbc7a655fbfe061cf\",\"name\":\"1xPlayz\",\"image\":{\"@type\":\"ImageObject\",\"inLanguage\":\"fr-FR\",\"@id\":\"https:\/\/1xplayz.com\/fr\/de\/#\/schema\/person\/image\/\",\"url\":\"https:\/\/1xplayz.com\/wp-content\/uploads\/2021\/07\/1xp.png\",\"contentUrl\":\"https:\/\/1xplayz.com\/wp-content\/uploads\/2021\/07\/1xp.png\",\"width\":500,\"height\":500,\"caption\":\"1xPlayz\"},\"logo\":{\"@id\":\"https:\/\/1xplayz.com\/fr\/de\/#\/schema\/person\/image\/\"},\"sameAs\":[\"http:\/\/1xplayz.com\"]}]}<\/script>\n<!-- \/ Yoast SEO plugin. -->","yoast_head_json":{"title":"Appel du devoir - Pronostiqueurs eSports - 1xPlayz","description":"Quel type de jeu est Appel du devoir? Appel du devoir (CoD) est un type de franchise de jeux vid\u00e9o de tir \u00e0 la premi\u00e8re personne d\u00e9velopp\u00e9e par Infinity","robots":{"index":"index","follow":"follow","max-snippet":"max-snippet:-1","max-image-preview":"max-image-preview:large","max-video-preview":"max-video-preview:-1"},"canonical":"https:\/\/1xplayz.com\/fr\/call-of-duty\/","og_locale":"fr_FR","og_type":"article","og_title":"Appel du devoir - Pronostiqueurs eSports - 1xPlayz","og_description":"Quel type de jeu est Appel du devoir? Appel du devoir (CoD) est un type de franchise de jeux vid\u00e9o de tir \u00e0 la premi\u00e8re personne d\u00e9velopp\u00e9e par Infinity","og_url":"https:\/\/1xplayz.com\/fr\/call-of-duty\/","og_site_name":"1xPlayz","article_modified_time":"2023-03-09T15:38:43+00:00","twitter_card":"summary_large_image","twitter_misc":{"Dur\u00e9e de lecture estim\u00e9e":"4 minutes"},"schema":{"@context":"https:\/\/schema.org","@graph":[{"@type":"WebPage","@id":"https:\/\/1xplayz.com\/fr\/call-of-duty\/","url":"https:\/\/1xplayz.com\/fr\/call-of-duty\/","name":"Appel du devoir - Pronostiqueurs eSports - 1xPlayz","isPartOf":{"@id":"https:\/\/1xplayz.com\/fr\/de\/#website"},"datePublished":"2023-03-09T06:49:02+00:00","dateModified":"2023-03-09T15:38:43+00:00","description":"Quel type de jeu est Appel du devoir? Appel du devoir (CoD) est un type de franchise de jeux vid\u00e9o de tir \u00e0 la premi\u00e8re personne d\u00e9velopp\u00e9e par Infinity","breadcrumb":{"@id":"https:\/\/1xplayz.com\/fr\/call-of-duty\/#breadcrumb"},"inLanguage":"fr-FR","potentialAction":[{"@type":"ReadAction","target":["https:\/\/1xplayz.com\/fr\/call-of-duty\/"]}]},{"@type":"BreadcrumbList","@id":"https:\/\/1xplayz.com\/fr\/call-of-duty\/#breadcrumb","itemListElement":[{"@type":"ListItem","position":1,"name":"Home","item":"https:\/\/1xplayz.com\/fr\/"},{"@type":"ListItem","position":2,"name":"Appel du devoir"}]},{"@type":"WebSite","@id":"https:\/\/1xplayz.com\/fr\/de\/#website","url":"https:\/\/1xplayz.com\/fr\/de\/","name":"1xPlayz","description":"Pronostiqueurs eSports","publisher":{"@id":"https:\/\/1xplayz.com\/fr\/de\/#\/schema\/person\/8eadc1d14ab3326bbc7a655fbfe061cf"},"potentialAction":[{"@type":"SearchAction","target":{"@type":"EntryPoint","urlTemplate":"https:\/\/1xplayz.com\/fr\/de\/?s={search_term_string}"},"query-input":{"@type":"PropertyValueSpecification","valueRequired":true,"valueName":"search_term_string"}}],"inLanguage":"fr-FR"},{"@type":["Person","Organization"],"@id":"https:\/\/1xplayz.com\/fr\/de\/#\/schema\/person\/8eadc1d14ab3326bbc7a655fbfe061cf","name":"1xPlayz","image":{"@type":"ImageObject","inLanguage":"fr-FR","@id":"https:\/\/1xplayz.com\/fr\/de\/#\/schema\/person\/image\/","url":"https:\/\/1xplayz.com\/wp-content\/uploads\/2021\/07\/1xp.png","contentUrl":"https:\/\/1xplayz.com\/wp-content\/uploads\/2021\/07\/1xp.png","width":500,"height":500,"caption":"1xPlayz"},"logo":{"@id":"https:\/\/1xplayz.com\/fr\/de\/#\/schema\/person\/image\/"},"sameAs":["http:\/\/1xplayz.com"]}]}},"_links":{"self":[{"href":"https:\/\/1xplayz.com\/fr\/wp-json\/wp\/v2\/pages\/14225","targetHints":{"allow":["GET"]}}],"collection":[{"href":"https:\/\/1xplayz.com\/fr\/wp-json\/wp\/v2\/pages"}],"about":[{"href":"https:\/\/1xplayz.com\/fr\/wp-json\/wp\/v2\/types\/page"}],"author":[{"embeddable":true,"href":"https:\/\/1xplayz.com\/fr\/wp-json\/wp\/v2\/users\/1"}],"replies":[{"embeddable":true,"href":"https:\/\/1xplayz.com\/fr\/wp-json\/wp\/v2\/comments?post=14225"}],"version-history":[{"count":13,"href":"https:\/\/1xplayz.com\/fr\/wp-json\/wp\/v2\/pages\/14225\/revisions"}],"predecessor-version":[{"id":42574,"href":"https:\/\/1xplayz.com\/fr\/wp-json\/wp\/v2\/pages\/14225\/revisions\/42574"}],"wp:attachment":[{"href":"https:\/\/1xplayz.com\/fr\/wp-json\/wp\/v2\/media?parent=14225"}],"curies":[{"name":"wp","href":"https:\/\/api.w.org\/{rel}","templated":true}]}}