{"id":1584,"date":"2021-07-26T10:34:23","date_gmt":"2021-07-26T03:34:23","guid":{"rendered":"https:\/\/1xplayz.com\/league-of-legends\/"},"modified":"2023-01-02T20:52:03","modified_gmt":"2023-01-02T13:52:03","slug":"league-of-legends","status":"publish","type":"page","link":"https:\/\/1xplayz.com\/fr\/league-of-legends\/","title":{"rendered":"Pronostics League of Legends 2023"},"content":{"rendered":"\n<h2 class=\"wp-block-heading\">Qu&rsquo;est-ce que League of Legends?<\/h2>\n\n\n\n<a href=\"https:\/\/refpa.top\/L?tag=d_1105835m_97c_&amp;site=1105835&amp;ad=97&amp;r=line\/Esports\/\" target=\"_blank\" rel=\"nofollow noopener\"><img loading=\"lazy\" decoding=\"async\" class=\"wp-image-7880 size-full\" src=\"https:\/\/1xplayz.com\/wp-content\/uploads\/2021\/09\/1xplayz-banner-league-of-legends.jpg\" alt=\"1xplayz banner league of legends\" width=\"800\" height=\"313\" srcset=\"https:\/\/1xplayz.com\/wp-content\/uploads\/2021\/09\/1xplayz-banner-league-of-legends.jpg 800w, https:\/\/1xplayz.com\/wp-content\/uploads\/2021\/09\/1xplayz-banner-league-of-legends-300x117.jpg 300w, https:\/\/1xplayz.com\/wp-content\/uploads\/2021\/09\/1xplayz-banner-league-of-legends-768x300.jpg 768w, https:\/\/1xplayz.com\/wp-content\/uploads\/2021\/09\/1xplayz-banner-league-of-legends-128x50.jpg 128w, https:\/\/1xplayz.com\/wp-content\/uploads\/2021\/09\/1xplayz-banner-league-of-legends-32x13.jpg 32w\" sizes=\"auto, (max-width: 800px) 100vw, 800px\" \/><\/a>\n\n\n\n<p><strong>League of Legends (LOL)<\/strong> est un type de jeu vid\u00e9o fantastique qui se joue entre deux \u00e9quipes de 5 joueurs. Chaque joueur choisit son propre avatar appel\u00e9 Champion. Il existe cinq types de r\u00f4les de champions comme Assassin, Fighter, Marksmen, Mage et Tank. La condition de victoire est lorsqu&rsquo;une \u00e9quipe d\u00e9truit le lien de l&rsquo;autre dans la base. Toutes les \u00e9quipes ont trois voies appel\u00e9es voies : voie sup\u00e9rieure, voie m\u00e9diane et voie inf\u00e9rieure. Toutes les voies ont des tourelles qui prot\u00e8gent les joueurs et le nexus. Les autres parties importantes du jeu sont :<\/p>\n\n\n\n<ul class=\"wp-block-list\">\n<li><strong>Minions<\/strong>: apparaissent r\u00e9guli\u00e8rement par la base de chaque \u00e9quipe. Tuer des serviteurs gagnera l&rsquo;or du joueur pour acheter des objets et passer au niveau sup\u00e9rieur.<\/li>\n\n\n\n<li><strong>Tourelles<\/strong>: d\u00e9truisez les tourelles ennemies pour gagner des pi\u00e8ces d&rsquo;or et une chance de gagner la partie.<\/li>\n\n\n\n<li><strong>Creeps<\/strong>: Tuer les creeps donne aux joueurs plus de puissance et d&rsquo;or.<\/li>\n\n\n\n<li><strong>Dragons<\/strong>: tuez des dragons, vous et votre \u00e9quipe gagnez de l&rsquo;or.<\/li>\n\n\n\n<li><strong>Nashor<\/strong>: tuez Nashor, gagnez de l&rsquo;or et du pouvoir pour votre \u00e9quipe et vos serviteurs.<\/li>\n\n\n\n<li><strong>Enem<\/strong>i: tuer un ennemi permet au joueur de gagner plus de puissance et d&rsquo;or. Plus vous vous faites tuer par l&rsquo;ennemi, plus vous devenez faible et sage versa.<\/li>\n<\/ul>\n\n\n\n<p>Lorsque vous avez de l&rsquo;or, vous pouvez acheter des objets qui renforcent votre champion. Plus vous devenez fort, plus vous et votre \u00e9quipe avez de chances de gagner la partie.<\/p>\n\n\n\n<h3 class=\"wp-block-heading\">Pronostics gratuites des tournois League of Legends<\/h3>\n\n\n\n<a href=\"https:\/\/refpa.top\/L?tag=d_1105835m_97c_&amp;site=1105835&amp;ad=97&amp;r=live\/Esports\/\" target=\"_blank\" rel=\"nofollow noopener\"><img loading=\"lazy\" decoding=\"async\" src=\"https:\/\/1xplayz.com\/wp-content\/uploads\/2021\/07\/french-free-bet-esports-1024x256.jpg\" alt=\"paris gratuits fran\u00e7ais esports\" width=\"800\" height=\"200\" class=\"size-large wp-image-2166\" srcset=\"https:\/\/1xplayz.com\/wp-content\/uploads\/2021\/07\/french-free-bet-esports-1024x256.jpg 1024w, https:\/\/1xplayz.com\/wp-content\/uploads\/2021\/07\/french-free-bet-esports-300x75.jpg 300w, https:\/\/1xplayz.com\/wp-content\/uploads\/2021\/07\/french-free-bet-esports-768x192.jpg 768w, https:\/\/1xplayz.com\/wp-content\/uploads\/2021\/07\/french-free-bet-esports-128x32.jpg 128w, https:\/\/1xplayz.com\/wp-content\/uploads\/2021\/07\/french-free-bet-esports-32x8.jpg 32w, https:\/\/1xplayz.com\/wp-content\/uploads\/2021\/07\/french-free-bet-esports.jpg 1500w\" sizes=\"auto, (max-width: 800px) 100vw, 800px\" \/><\/a>\n\n\n\n<p>1xPlayz pr\u00e9dit les matchs de League of Legends comme les tournois eSports dans les pays o\u00f9 les ESports sont reconnus et populaires. Les comp\u00e9titions esports les plus connues sont :<\/p>\n\n\n\n<ul class=\"wp-block-list\">\n<li><a title=\"League of Legends Mid Season Invitational predictions\" href=\"https:\/\/1xplayz.com\/league-of-legends\/mid-season-invitational\/\">League of Legends Mid Season Invitational (MSI) 2023<\/a><\/li>\n\n\n\n<li><a title=\"League of Legends World Championship predictions\" href=\"https:\/\/1xplayz.com\/league-of-legends\/world-championship\/\">League of Legends World Championship 2023<\/a><\/li>\n\n\n\n<li><a title=\"League of Legends Brazilian Championship predictions\" href=\"https:\/\/1xplayz.com\/league-of-legends\/brazilian-championship\/\">Campeonato Brasileiro de League of Legends (CBLoL) 2023<\/a><\/li>\n\n\n\n<li><a title=\"League of Legends Champions Korea predictions\" href=\"https:\/\/1xplayz.com\/league-of-legends\/champions-korea\/\">League of Legends Champions Korea (LCK) 2023<\/a><\/li>\n\n\n\n<li><a title=\"League of Legends Circuit Oceania predictions\" href=\"https:\/\/1xplayz.com\/league-of-legends\/circuit-oceania\/\">League of Legends Circuit Oceania (LCO) 2023<\/a><\/li>\n\n\n\n<li><a title=\"League of Legends Continental League predictions\" href=\"https:\/\/1xplayz.com\/league-of-legends\/continental-league\/\">League of Legends Continental League (LCL) 2023<\/a><\/li>\n\n\n\n<li><a title=\"League of Legends European Championship predictions\" href=\"https:\/\/1xplayz.com\/league-of-legends\/european-championship\/\">League of Legends European Championship (LEC) 2023<\/a><\/li>\n\n\n\n<li><a title=\"League of Legend Japan League (LJL) predictions\" href=\"https:\/\/1xplayz.com\/league-of-legends\/japan-league\/\">League of Legend Japan League (LJL) 2023<\/a><\/li>\n\n\n\n<li><a title=\"League of Legend Liga Latinoamerica predictions\" href=\"https:\/\/1xplayz.com\/league-of-legends\/liga-latinoamerica\/\">League of Legend Liga Latinoamerica (LLA) 2023<\/a><\/li>\n\n\n\n<li><a title=\"League of Legends Pro League predictions\" href=\"https:\/\/1xplayz.com\/league-of-legends\/pro-league-china\/\">League of Legends Pro League China (LPL) 2023<\/a><\/li>\n\n\n\n<li><a title=\"League of Legends Pacific Championship Series predictions\" href=\"https:\/\/1xplayz.com\/league-of-legends\/pacific-championship-series\/\">League of Legends Pacific Championship Series (PCS) 2023<\/a><\/li>\n\n\n\n<li><a title=\"League of Legends Turkish Championship League predictions\" href=\"https:\/\/1xplayz.com\/league-of-legends\/turkish-championship-league\/\">League of Legends Turkish Championship League (TCL) 2023<\/a> <\/li>\n\n\n\n<li><a title=\"League of Legends Vietnam Championship Series predictions\" href=\"https:\/\/1xplayz.com\/league-of-legends\/vietnam-championship-series\/\">League of Legends Vietnam Championship Series (VCS) 2023<\/a><\/li>\n<\/ul>\n\n\n\n<h2 class=\"wp-block-heading\">Types de paris LOL<\/h2>\n\n\n\n<p>Parier sur LOL n&rsquo;est pas compliqu\u00e9, \u00e0 la fin des matchs, il n&rsquo;y aura qu&rsquo;1 r\u00e9sultat, gagner ou perdre. Dans un tournoi, le match entre l&rsquo;\u00e9quipe A et l&rsquo;\u00e9quipe B, il y a un choix de qui gagne ce match. Contrairement aux autres esports, League of Legends a un march\u00e9 diff\u00e9rent \u00e0 parier qui s&rsquo;applique principalement aux tournois de niveau Major et Premier.<\/p>\n\n\n\n<h3 class=\"wp-block-heading\">Que parier sur 1 matchs de carte<\/h3>\n\n\n\n<p>Certains des pays qui d\u00e9finissent le format des tournois de League of Legends pour jouer 1 carte par match sont : l&rsquo;Europe, le Japon, le Br\u00e9sil, l&rsquo;Am\u00e9rique. Les tournois les plus connus tels que : Championnat d&rsquo;Europe, European Master, Ligue du Japon, Championnat du Br\u00e9sil, Champions Series. Pour chaque match de 1 map comp\u00e9tition, les march\u00e9s pour placer un pari sont :<\/p>\n\n\n\n<ul class=\"wp-block-list\">\n<li>Gagnant 1&#215;2 : Pariez sur l&rsquo;\u00e9quipe gagnante du temps r\u00e9glementaire.<\/li>\n\n\n\n<li>1&#215;2. 1 carte : pariez sur la victoire de l&rsquo;\u00e9quipe sur 1 carte.<\/li>\n\n\n\n<li>Qui prendra Tour. 1 carte :<\/li>\n\n\n\n<li>Qui perle Dragon. 1 carte<\/li>\n\n\n\n<li>Qui battra Nashor. 1 carte<\/li>\n\n\n\n<li>Premier sang. 1 carte<\/li>\n\n\n\n<li>Frags, Handicap. 1 carte<\/li>\n\n\n\n<li>Fragments, Total. 1 carte<\/li>\n\n\n\n<li>Frags, Total Even\/Odds. 1 carte<\/li>\n\n\n\n<li>Frags, Course \u00e0. 1 carte<\/li>\n<\/ul>\n\n\n\n<p>Les options du march\u00e9 pour placer un pari ci-dessus ne sont disponibles que pour les grandes comp\u00e9titions telles que The Mid Season Invitational, le Championnat du monde, Pro League China.ect. Pour certains tournois plus petits, le joueur ne peut parier que pour le gagnant 1&#215;2.<\/p>\n\n\n\n<h3 class=\"wp-block-heading\">Que parier sur plus de 2 matchs Maps<\/h3>\n\n\n\n<ul class=\"wp-block-list\">\n<li>1&#215;2 vainqueur temps r\u00e9gulier<\/li>\n\n\n\n<li>Cartes totales&nbsp;: plus de 2,5\/moins de 2,5 pendant la majeure partie du match. Pour la plupart des matchs des s\u00e9ries \u00e9liminatoires, les options pour parier sur les cartes sont sup\u00e9rieures \u00e0 4,5 \/ inf\u00e9rieures \u00e0 4,5<\/li>\n\n\n\n<li>Score correct : est une option pour parier sur le score exact du r\u00e9sultat du temps r\u00e9glementaire.<\/li>\n\n\n\n<li>Handicap total des cartes<\/li>\n<\/ul>\n\n\n\n<p>M\u00eame si le match a 2 maps ou 3 maps, le march\u00e9 pour parier le match sur chacune des maps est le m\u00eame. Vous pouvez trouver ces options ci-dessous&nbsp;:<\/p>\n\n\n\n<ul class=\"wp-block-list\">\n<li>1&#215;2. 1 gagnant de carte<\/li>\n\n\n\n<li>Qui prendra la tour. 1 carte<\/li>\n\n\n\n<li>Qui battra le dragon. 1 carte<\/li>\n\n\n\n<li>Qui battra Nashor. 1 carte<\/li>\n\n\n\n<li>Premier sang. 1 carte<\/li>\n\n\n\n<li>Frags, Handicap. 1 carte<\/li>\n\n\n\n<li>Fragments, Total. 1 carte<\/li>\n\n\n\n<li>Premier \u00e0 d\u00e9truire l&rsquo;habitant. 1 carte<\/li>\n\n\n\n<li>Total Nashors battu. 1 carte<\/li>\n\n\n\n<li>Total des Dragons battus. 1 carte<\/li>\n\n\n\n<li>Total de la tour prise. 1 carte<\/li>\n\n\n\n<li>Les deux \u00e9quipes ont battu Nashor. 1 carte<\/li>\n\n\n\n<li>Les deux \u00e9quipes pour d\u00e9truire l&rsquo;habitant. 1 carte<\/li>\n\n\n\n<li>Total des habitants d\u00e9truits. 1 carte.<\/li>\n<\/ul>\n","protected":false},"excerpt":{"rendered":"<div class=\"mh-excerpt\"><p>Qu&rsquo;est-ce que League of Legends? League of Legends (LOL) est un type de jeu vid\u00e9o fantastique qui se joue entre deux \u00e9quipes de 5 joueurs. <a class=\"mh-excerpt-more\" href=\"https:\/\/1xplayz.com\/fr\/league-of-legends\/\" title=\"Pronostics League of Legends 2023\">[&#8230;]<\/a><\/p>\n<\/div>","protected":false},"author":1,"featured_media":0,"parent":0,"menu_order":0,"comment_status":"closed","ping_status":"closed","template":"","meta":{"footnotes":""},"class_list":["post-1584","page","type-page","status-publish","hentry"],"yoast_head":"<!-- This site is optimized with the Yoast SEO plugin v26.6 - https:\/\/yoast.com\/wordpress\/plugins\/seo\/ -->\n<title>Pronostics League of Legends 2023 - Pronostiqueurs eSports - 1xPlayz<\/title>\n<meta name=\"description\" content=\"Qu&#039;est-ce que League of Legends? League of Legends (LOL) est un type de jeu vid\u00e9o fantastique qui se joue entre deux \u00e9quipes de 5 joueurs. Chaque joueur\" \/>\n<meta name=\"robots\" content=\"index, follow, max-snippet:-1, max-image-preview:large, max-video-preview:-1\" \/>\n<link rel=\"canonical\" href=\"https:\/\/1xplayz.com\/fr\/league-of-legends\/\" \/>\n<meta property=\"og:locale\" content=\"fr_FR\" \/>\n<meta property=\"og:type\" content=\"article\" \/>\n<meta property=\"og:title\" content=\"Pronostics League of Legends 2023 - Pronostiqueurs eSports - 1xPlayz\" \/>\n<meta property=\"og:description\" content=\"Qu&#039;est-ce que League of Legends? League of Legends (LOL) est un type de jeu vid\u00e9o fantastique qui se joue entre deux \u00e9quipes de 5 joueurs. Chaque joueur\" \/>\n<meta property=\"og:url\" content=\"https:\/\/1xplayz.com\/fr\/league-of-legends\/\" \/>\n<meta property=\"og:site_name\" content=\"1xPlayz\" \/>\n<meta property=\"article:modified_time\" content=\"2023-01-02T13:52:03+00:00\" \/>\n<meta property=\"og:image\" content=\"https:\/\/1xplayz.com\/wp-content\/uploads\/2021\/09\/1xplayz-banner-league-of-legends.jpg\" \/>\n<meta name=\"twitter:card\" content=\"summary_large_image\" \/>\n<meta name=\"twitter:label1\" content=\"Dur\u00e9e de lecture estim\u00e9e\" \/>\n\t<meta name=\"twitter:data1\" content=\"4 minutes\" \/>\n<script type=\"application\/ld+json\" class=\"yoast-schema-graph\">{\"@context\":\"https:\/\/schema.org\",\"@graph\":[{\"@type\":\"WebPage\",\"@id\":\"https:\/\/1xplayz.com\/fr\/league-of-legends\/\",\"url\":\"https:\/\/1xplayz.com\/fr\/league-of-legends\/\",\"name\":\"Pronostics League of Legends 2023 - Pronostiqueurs eSports - 1xPlayz\",\"isPartOf\":{\"@id\":\"https:\/\/1xplayz.com\/fr\/de\/#website\"},\"primaryImageOfPage\":{\"@id\":\"https:\/\/1xplayz.com\/fr\/league-of-legends\/#primaryimage\"},\"image\":{\"@id\":\"https:\/\/1xplayz.com\/fr\/league-of-legends\/#primaryimage\"},\"thumbnailUrl\":\"https:\/\/1xplayz.com\/wp-content\/uploads\/2021\/09\/1xplayz-banner-league-of-legends.jpg\",\"datePublished\":\"2021-07-26T03:34:23+00:00\",\"dateModified\":\"2023-01-02T13:52:03+00:00\",\"description\":\"Qu'est-ce que League of Legends? League of Legends (LOL) est un type de jeu vid\u00e9o fantastique qui se joue entre deux \u00e9quipes de 5 joueurs. Chaque joueur\",\"breadcrumb\":{\"@id\":\"https:\/\/1xplayz.com\/fr\/league-of-legends\/#breadcrumb\"},\"inLanguage\":\"fr-FR\",\"potentialAction\":[{\"@type\":\"ReadAction\",\"target\":[\"https:\/\/1xplayz.com\/fr\/league-of-legends\/\"]}]},{\"@type\":\"ImageObject\",\"inLanguage\":\"fr-FR\",\"@id\":\"https:\/\/1xplayz.com\/fr\/league-of-legends\/#primaryimage\",\"url\":\"https:\/\/1xplayz.com\/wp-content\/uploads\/2021\/09\/1xplayz-banner-league-of-legends.jpg\",\"contentUrl\":\"https:\/\/1xplayz.com\/wp-content\/uploads\/2021\/09\/1xplayz-banner-league-of-legends.jpg\"},{\"@type\":\"BreadcrumbList\",\"@id\":\"https:\/\/1xplayz.com\/fr\/league-of-legends\/#breadcrumb\",\"itemListElement\":[{\"@type\":\"ListItem\",\"position\":1,\"name\":\"Home\",\"item\":\"https:\/\/1xplayz.com\/fr\/\"},{\"@type\":\"ListItem\",\"position\":2,\"name\":\"Pronostics League of Legends 2023\"}]},{\"@type\":\"WebSite\",\"@id\":\"https:\/\/1xplayz.com\/fr\/de\/#website\",\"url\":\"https:\/\/1xplayz.com\/fr\/de\/\",\"name\":\"1xPlayz\",\"description\":\"Pronostiqueurs eSports\",\"publisher\":{\"@id\":\"https:\/\/1xplayz.com\/fr\/de\/#\/schema\/person\/8eadc1d14ab3326bbc7a655fbfe061cf\"},\"potentialAction\":[{\"@type\":\"SearchAction\",\"target\":{\"@type\":\"EntryPoint\",\"urlTemplate\":\"https:\/\/1xplayz.com\/fr\/de\/?s={search_term_string}\"},\"query-input\":{\"@type\":\"PropertyValueSpecification\",\"valueRequired\":true,\"valueName\":\"search_term_string\"}}],\"inLanguage\":\"fr-FR\"},{\"@type\":[\"Person\",\"Organization\"],\"@id\":\"https:\/\/1xplayz.com\/fr\/de\/#\/schema\/person\/8eadc1d14ab3326bbc7a655fbfe061cf\",\"name\":\"1xPlayz\",\"image\":{\"@type\":\"ImageObject\",\"inLanguage\":\"fr-FR\",\"@id\":\"https:\/\/1xplayz.com\/fr\/de\/#\/schema\/person\/image\/\",\"url\":\"https:\/\/1xplayz.com\/wp-content\/uploads\/2021\/07\/1xp.png\",\"contentUrl\":\"https:\/\/1xplayz.com\/wp-content\/uploads\/2021\/07\/1xp.png\",\"width\":500,\"height\":500,\"caption\":\"1xPlayz\"},\"logo\":{\"@id\":\"https:\/\/1xplayz.com\/fr\/de\/#\/schema\/person\/image\/\"},\"sameAs\":[\"http:\/\/1xplayz.com\"]}]}<\/script>\n<!-- \/ Yoast SEO plugin. -->","yoast_head_json":{"title":"Pronostics League of Legends 2023 - Pronostiqueurs eSports - 1xPlayz","description":"Qu'est-ce que League of Legends? League of Legends (LOL) est un type de jeu vid\u00e9o fantastique qui se joue entre deux \u00e9quipes de 5 joueurs. Chaque joueur","robots":{"index":"index","follow":"follow","max-snippet":"max-snippet:-1","max-image-preview":"max-image-preview:large","max-video-preview":"max-video-preview:-1"},"canonical":"https:\/\/1xplayz.com\/fr\/league-of-legends\/","og_locale":"fr_FR","og_type":"article","og_title":"Pronostics League of Legends 2023 - Pronostiqueurs eSports - 1xPlayz","og_description":"Qu'est-ce que League of Legends? League of Legends (LOL) est un type de jeu vid\u00e9o fantastique qui se joue entre deux \u00e9quipes de 5 joueurs. Chaque joueur","og_url":"https:\/\/1xplayz.com\/fr\/league-of-legends\/","og_site_name":"1xPlayz","article_modified_time":"2023-01-02T13:52:03+00:00","og_image":[{"url":"https:\/\/1xplayz.com\/wp-content\/uploads\/2021\/09\/1xplayz-banner-league-of-legends.jpg","type":"","width":"","height":""}],"twitter_card":"summary_large_image","twitter_misc":{"Dur\u00e9e de lecture estim\u00e9e":"4 minutes"},"schema":{"@context":"https:\/\/schema.org","@graph":[{"@type":"WebPage","@id":"https:\/\/1xplayz.com\/fr\/league-of-legends\/","url":"https:\/\/1xplayz.com\/fr\/league-of-legends\/","name":"Pronostics League of Legends 2023 - Pronostiqueurs eSports - 1xPlayz","isPartOf":{"@id":"https:\/\/1xplayz.com\/fr\/de\/#website"},"primaryImageOfPage":{"@id":"https:\/\/1xplayz.com\/fr\/league-of-legends\/#primaryimage"},"image":{"@id":"https:\/\/1xplayz.com\/fr\/league-of-legends\/#primaryimage"},"thumbnailUrl":"https:\/\/1xplayz.com\/wp-content\/uploads\/2021\/09\/1xplayz-banner-league-of-legends.jpg","datePublished":"2021-07-26T03:34:23+00:00","dateModified":"2023-01-02T13:52:03+00:00","description":"Qu'est-ce que League of Legends? League of Legends (LOL) est un type de jeu vid\u00e9o fantastique qui se joue entre deux \u00e9quipes de 5 joueurs. Chaque joueur","breadcrumb":{"@id":"https:\/\/1xplayz.com\/fr\/league-of-legends\/#breadcrumb"},"inLanguage":"fr-FR","potentialAction":[{"@type":"ReadAction","target":["https:\/\/1xplayz.com\/fr\/league-of-legends\/"]}]},{"@type":"ImageObject","inLanguage":"fr-FR","@id":"https:\/\/1xplayz.com\/fr\/league-of-legends\/#primaryimage","url":"https:\/\/1xplayz.com\/wp-content\/uploads\/2021\/09\/1xplayz-banner-league-of-legends.jpg","contentUrl":"https:\/\/1xplayz.com\/wp-content\/uploads\/2021\/09\/1xplayz-banner-league-of-legends.jpg"},{"@type":"BreadcrumbList","@id":"https:\/\/1xplayz.com\/fr\/league-of-legends\/#breadcrumb","itemListElement":[{"@type":"ListItem","position":1,"name":"Home","item":"https:\/\/1xplayz.com\/fr\/"},{"@type":"ListItem","position":2,"name":"Pronostics League of Legends 2023"}]},{"@type":"WebSite","@id":"https:\/\/1xplayz.com\/fr\/de\/#website","url":"https:\/\/1xplayz.com\/fr\/de\/","name":"1xPlayz","description":"Pronostiqueurs eSports","publisher":{"@id":"https:\/\/1xplayz.com\/fr\/de\/#\/schema\/person\/8eadc1d14ab3326bbc7a655fbfe061cf"},"potentialAction":[{"@type":"SearchAction","target":{"@type":"EntryPoint","urlTemplate":"https:\/\/1xplayz.com\/fr\/de\/?s={search_term_string}"},"query-input":{"@type":"PropertyValueSpecification","valueRequired":true,"valueName":"search_term_string"}}],"inLanguage":"fr-FR"},{"@type":["Person","Organization"],"@id":"https:\/\/1xplayz.com\/fr\/de\/#\/schema\/person\/8eadc1d14ab3326bbc7a655fbfe061cf","name":"1xPlayz","image":{"@type":"ImageObject","inLanguage":"fr-FR","@id":"https:\/\/1xplayz.com\/fr\/de\/#\/schema\/person\/image\/","url":"https:\/\/1xplayz.com\/wp-content\/uploads\/2021\/07\/1xp.png","contentUrl":"https:\/\/1xplayz.com\/wp-content\/uploads\/2021\/07\/1xp.png","width":500,"height":500,"caption":"1xPlayz"},"logo":{"@id":"https:\/\/1xplayz.com\/fr\/de\/#\/schema\/person\/image\/"},"sameAs":["http:\/\/1xplayz.com"]}]}},"_links":{"self":[{"href":"https:\/\/1xplayz.com\/fr\/wp-json\/wp\/v2\/pages\/1584","targetHints":{"allow":["GET"]}}],"collection":[{"href":"https:\/\/1xplayz.com\/fr\/wp-json\/wp\/v2\/pages"}],"about":[{"href":"https:\/\/1xplayz.com\/fr\/wp-json\/wp\/v2\/types\/page"}],"author":[{"embeddable":true,"href":"https:\/\/1xplayz.com\/fr\/wp-json\/wp\/v2\/users\/1"}],"replies":[{"embeddable":true,"href":"https:\/\/1xplayz.com\/fr\/wp-json\/wp\/v2\/comments?post=1584"}],"version-history":[{"count":13,"href":"https:\/\/1xplayz.com\/fr\/wp-json\/wp\/v2\/pages\/1584\/revisions"}],"predecessor-version":[{"id":42288,"href":"https:\/\/1xplayz.com\/fr\/wp-json\/wp\/v2\/pages\/1584\/revisions\/42288"}],"wp:attachment":[{"href":"https:\/\/1xplayz.com\/fr\/wp-json\/wp\/v2\/media?parent=1584"}],"curies":[{"name":"wp","href":"https:\/\/api.w.org\/{rel}","templated":true}]}}