{"id":1972,"date":"2021-07-31T10:47:47","date_gmt":"2021-07-31T03:47:47","guid":{"rendered":"https:\/\/1xplayz.com\/?page_id=1972"},"modified":"2023-03-08T11:02:45","modified_gmt":"2023-03-08T04:02:45","slug":"champions-korea","status":"publish","type":"page","link":"https:\/\/1xplayz.com\/fr\/league-of-legends\/champions-korea\/","title":{"rendered":"League of Legends Champions Cor\u00e9e (LCK) 2023"},"content":{"rendered":"\n<h2 class=\"wp-block-heading\">Pronostics LoL Champions de Cor\u00e9e (LCK) 2023<\/h2>\n\n\n\n<p>Ceci est le site qui fournit des <strong>pr\u00e9dictions gratuites<\/strong> et des conseils pour les <a href=\"https:\/\/1xplayz.com\/fr\/calendars\/predictions-league-of-legend-champions-korea\/\" title=\"LOL Champions de Cor\u00e9e (LCK) 2023\">League of Legends Champions Cor\u00e9e du Sud 2023<\/a> dans les diff\u00e9rents types de pourboire. Nous pr\u00e9disons en fonction du format de chaque \u00e9tape du tournoi. Dans certains matchs, vous pouvez trouver la pr\u00e9diction de l&rsquo;\u00e9quipe gagnante. Cependant, la plupart des matchs des \u00e9liminatoires et des finales auront plus de pr\u00e9dictions pour le score sup\u00e9rieur\/inf\u00e9rieur et le score correct de la carte totale. Tous les pronostics pour les paris sur le tournoi esports League of Legends sont dans les calendriers. League of Legends Champions Korea est le plus haut niveau de comp\u00e9tition professionnelle d&rsquo;eSports de la base des cat\u00e9gories League of Legends en R\u00e9publique de Cor\u00e9e. Le tournoi s&rsquo;est jou\u00e9 pour la premi\u00e8re fois en 2012 en Cor\u00e9e du Sud.<\/p>\n\n\n\n<div class=\"sportspress sp-widget-align-none\"><h4 class=\"sp-table-caption\">Pronostics League of Legend Champions Cor\u00e9e<\/h4><div class=\"sp-template sp-template-event-blocks\">\n\t<div class=\"sp-table-wrapper\">\n\t\t<table class=\"sp-event-blocks sp-data-table\n\t\t\t\t\t sp-paginated-table\" data-sp-rows=\"5\">\n\t\t\t<thead><tr><th><\/th><\/tr><\/thead> \t\t\t<tbody>\n\t\t\t\t\t\t\t<\/tbody>\n\t\t<\/table>\n\t<\/div>\n\t<div class=\"sp-calendar-link sp-view-all-link\"><a href=\"https:\/\/1xplayz.com\/fr\/calendars\/predictions-league-of-legend-champions-korea\/\">Voir tous les \u00e9v\u00e8nements<\/a><\/div><\/div>\n<\/div>\n\n\n\n<a href=\"https:\/\/refpa.top\/L?tag=d_1105835m_97c_&amp;site=1105835&amp;ad=97&amp;r=live\/Esports\/\" target=\"_blank\" rel=\"nofollow noopener\"><img loading=\"lazy\" decoding=\"async\" src=\"https:\/\/1xplayz.com\/wp-content\/uploads\/2021\/07\/french-free-bet-esports-1024x256.jpg\" alt=\"french free bet esports\" width=\"800\" height=\"200\" class=\"size-large wp-image-2166\" srcset=\"https:\/\/1xplayz.com\/wp-content\/uploads\/2021\/07\/french-free-bet-esports-1024x256.jpg 1024w, https:\/\/1xplayz.com\/wp-content\/uploads\/2021\/07\/french-free-bet-esports-300x75.jpg 300w, https:\/\/1xplayz.com\/wp-content\/uploads\/2021\/07\/french-free-bet-esports-768x192.jpg 768w, https:\/\/1xplayz.com\/wp-content\/uploads\/2021\/07\/french-free-bet-esports-128x32.jpg 128w, https:\/\/1xplayz.com\/wp-content\/uploads\/2021\/07\/french-free-bet-esports-32x8.jpg 32w, https:\/\/1xplayz.com\/wp-content\/uploads\/2021\/07\/french-free-bet-esports.jpg 1500w\" sizes=\"auto, (max-width: 800px) 100vw, 800px\" \/><\/a>\n\n\n\n<h3 class=\"wp-block-heading\">\u00c0 propos de LOL Champions de Cor\u00e9e 2023<\/h3>\n\n\n\n<p>La League of Legends Champions Korea (LCK) 2023 est le Major Tier\/S-Tier (la ligue sup\u00e9rieure) du sport \u00e9lectronique en Cor\u00e9e du Sud. Champions South Korea eSports est l&rsquo;une des meilleures comp\u00e9titions LoL au monde. Chaque ann\u00e9e, il y a deux saisons de Champions Korea. La premi\u00e8re saison est LCK Spring et la deuxi\u00e8me saison LCK Summer. LCK Spring 2023 commence du 1er janvier au 20 mars 2023. LCK Summer commence en juin et se termine en septembre. Le prize pool de LOL Champions Korea ce printemps est de <strong>375 000 000 KRW<\/strong>, soit environ <strong>316 417 USD<\/strong>. La premi\u00e8re partie du tournoi <strong>Riot E-Gaming eSport Cor\u00e9e du Sud<\/strong> est une phase de groupes qui compte 10 \u00e9quipes esport professionnelles. Chaque \u00e9quipe joue 18 matchs. Tous les matchs sont en Bo3. Le format Double Round Robin est utilis\u00e9 pour cette \u00e9tape. Les \u00e9quipes se classent du 1er au 6e dans le classement de la ligue se qualifient pour les s\u00e9ries \u00e9liminatoires. En s\u00e9ries \u00e9liminatoires, toutes les \u00e9quipes jouent en <strong>simple \u00e9limination<\/strong>. Tous les matchs sont au meilleur des 5 (Bo5). Le vainqueur de ce printemps se qualifie pour le <a title=\"League of Legends Mid Season Invitational\" href=\"https:\/\/1xplayz.com\/fr\/league-of-legends\/mid-season-invitational\/\">League of Legends Mid Season Invitational 2023<\/a>.<\/p>\n\n\n\n<div class=\"sportspress sp-widget-align-none\"><h4 class=\"sp-table-caption\">Results League of Legends Champions Korea 2022<\/h4><div class=\"sp-template sp-template-event-blocks\">\n\t<div class=\"sp-table-wrapper\">\n\t\t<table class=\"sp-event-blocks sp-data-table\n\t\t\t\t\t sp-paginated-table\" data-sp-rows=\"5\">\n\t\t\t<thead><tr><th><\/th><\/tr><\/thead> \t\t\t<tbody>\n\t\t\t\t\t\t\t\t\t<tr class=\"sp-row sp-post alternate\" itemscope itemtype=\"http:\/\/schema.org\/SportsEvent\">\n\t\t\t\t\t\t<td>\n\t\t\t\t\t\t\t\t\t\t\t\t\t\t<span class=\"team-logo logo-odd\" title=\"DRX\"><a href=\"https:\/\/1xplayz.com\/fr\/teams\/drx\/\"><img loading=\"lazy\" decoding=\"async\" width=\"128\" height=\"109\" src=\"https:\/\/1xplayz.com\/wp-content\/uploads\/2021\/06\/drx-esports-team-128x109.png\" class=\"attachment-sportspress-fit-icon size-sportspress-fit-icon wp-post-image\" alt=\"DragonX drx esports team\" \/><\/a><\/span> <span class=\"team-logo logo-even\" title=\"Liiv Sandbox\"><a href=\"https:\/\/1xplayz.com\/fr\/teams\/liiv-sandbox\/\"><img loading=\"lazy\" decoding=\"async\" width=\"128\" height=\"109\" src=\"https:\/\/1xplayz.com\/wp-content\/uploads\/2021\/06\/liiv-sandbox-esports-team-128x109.png\" class=\"attachment-sportspress-fit-icon size-sportspress-fit-icon wp-post-image\" alt=\"liiv sandboQx esports team\" \/><\/a><\/span>\t\t\t\t\t\t\t<time class=\"sp-event-date\" datetime=\"2022-09-03 15:00:32\" itemprop=\"startDate\" content=\"2022-09-03T15:00:32+07:00\">\n\t\t\t\t\t\t\t\t<a href=\"https:\/\/1xplayz.com\/fr\/matches\/drx-vs-liiv-sandbox-09-03-2022\/\">septembre 3, 2022<\/a>\t\t\t\t\t\t\t<\/time>\n\t\t\t\t\t\t\t\t\t\t\t\t\t\t<h5 class=\"sp-event-results\">\n\t\t\t\t\t\t\t\t<a href=\"https:\/\/1xplayz.com\/fr\/matches\/drx-vs-liiv-sandbox-09-03-2022\/\"><span class=\"sp-result ok\">3<\/span> - <span class=\"sp-result\">2<\/span><\/a>\t\t\t\t\t\t\t<\/h5>\n\t\t\t\t\t\t\t\t\t\t\t\t\t\t\t<div class=\"sp-event-league\">LOL Champions Korea<\/div>\n\t\t\t\t\t\t\t\t\t\t\t\t\t\t\t\t\t\t\t\t\t\t\t\t\t\t\t\t\t\t<div class=\"sp-event-season\">2022<\/div>\n\t\t\t\t\t\t\t\t\t\t\t\t\t\t\t\t\t\t\t\t\t\t\t\t\t\t\t\t\t\t\t\t\t\t\t\t\t<div style=\"display:none;\" class=\"sp-event-venue\" itemprop=\"location\" itemscope itemtype=\"http:\/\/schema.org\/Place\"><div itemprop=\"address\" itemscope itemtype=\"http:\/\/schema.org\/PostalAddress\">N\/C<\/div><\/div>\n\t\t\t\t\t\t\t\t\t\t\t\t\t\t<h4 class=\"sp-event-title\" itemprop=\"name\">\n\t\t\t\t\t\t\t\t<a href=\"https:\/\/1xplayz.com\/fr\/matches\/drx-vs-liiv-sandbox-09-03-2022\/\">DRX vs Liiv SANDBOX<\/a>\t\t\t\t\t\t\t<\/h4>\n\t\t\t\t\t\t\t\n\t\t\t\t\t\t<\/td>\n\t\t\t\t\t<\/tr>\n\t\t\t\t\t\t\t\t\t\t<tr class=\"sp-row sp-post\" itemscope itemtype=\"http:\/\/schema.org\/SportsEvent\">\n\t\t\t\t\t\t<td>\n\t\t\t\t\t\t\t\t\t\t\t\t\t\t<span class=\"team-logo logo-odd\" title=\"KT Rolster\"><a href=\"https:\/\/1xplayz.com\/fr\/teams\/kt-rolster\/\"><img loading=\"lazy\" decoding=\"async\" width=\"128\" height=\"109\" src=\"https:\/\/1xplayz.com\/wp-content\/uploads\/2021\/06\/kt-rolster-esports-team-128x109.png\" class=\"attachment-sportspress-fit-icon size-sportspress-fit-icon wp-post-image\" alt=\"kt rolster esports team\" \/><\/a><\/span> <span class=\"team-logo logo-even\" title=\"DRX\"><a href=\"https:\/\/1xplayz.com\/fr\/teams\/drx\/\"><img loading=\"lazy\" decoding=\"async\" width=\"128\" height=\"109\" src=\"https:\/\/1xplayz.com\/wp-content\/uploads\/2021\/06\/drx-esports-team-128x109.png\" class=\"attachment-sportspress-fit-icon size-sportspress-fit-icon wp-post-image\" alt=\"DragonX drx esports team\" \/><\/a><\/span>\t\t\t\t\t\t\t<time class=\"sp-event-date\" datetime=\"2022-09-02 18:00:55\" itemprop=\"startDate\" content=\"2022-09-02T18:00:55+07:00\">\n\t\t\t\t\t\t\t\t<a href=\"https:\/\/1xplayz.com\/fr\/matches\/kt-rolster-vs-drx-09-02-2022\/\">septembre 2, 2022<\/a>\t\t\t\t\t\t\t<\/time>\n\t\t\t\t\t\t\t\t\t\t\t\t\t\t<h5 class=\"sp-event-results\">\n\t\t\t\t\t\t\t\t<a href=\"https:\/\/1xplayz.com\/fr\/matches\/kt-rolster-vs-drx-09-02-2022\/\"><span class=\"sp-result ok\">2<\/span> - <span class=\"sp-result\">3<\/span><\/a>\t\t\t\t\t\t\t<\/h5>\n\t\t\t\t\t\t\t\t\t\t\t\t\t\t\t<div class=\"sp-event-league\">LOL Champions Korea<\/div>\n\t\t\t\t\t\t\t\t\t\t\t\t\t\t\t\t\t\t\t\t\t\t\t\t\t\t\t\t\t\t<div class=\"sp-event-season\">2022<\/div>\n\t\t\t\t\t\t\t\t\t\t\t\t\t\t\t\t\t\t\t\t\t\t\t\t\t\t\t\t\t\t\t\t\t\t\t\t\t<div style=\"display:none;\" class=\"sp-event-venue\" itemprop=\"location\" itemscope itemtype=\"http:\/\/schema.org\/Place\"><div itemprop=\"address\" itemscope itemtype=\"http:\/\/schema.org\/PostalAddress\">N\/C<\/div><\/div>\n\t\t\t\t\t\t\t\t\t\t\t\t\t\t<h4 class=\"sp-event-title\" itemprop=\"name\">\n\t\t\t\t\t\t\t\t<a href=\"https:\/\/1xplayz.com\/fr\/matches\/kt-rolster-vs-drx-09-02-2022\/\">KT Rolster vs DRX<\/a>\t\t\t\t\t\t\t<\/h4>\n\t\t\t\t\t\t\t\n\t\t\t\t\t\t<\/td>\n\t\t\t\t\t<\/tr>\n\t\t\t\t\t\t\t\t\t\t<tr class=\"sp-row sp-post alternate\" itemscope itemtype=\"http:\/\/schema.org\/SportsEvent\">\n\t\t\t\t\t\t<td>\n\t\t\t\t\t\t\t\t\t\t\t\t\t\t<span class=\"team-logo logo-odd\" title=\"DWG KIA\"><a href=\"https:\/\/1xplayz.com\/fr\/teams\/dwg-kia\/\"><img loading=\"lazy\" decoding=\"async\" width=\"128\" height=\"109\" src=\"https:\/\/1xplayz.com\/wp-content\/uploads\/2021\/06\/damwon-gaming-esports-team-128x109.png\" class=\"attachment-sportspress-fit-icon size-sportspress-fit-icon wp-post-image\" alt=\"damwon gaming esports team\" \/><\/a><\/span> <span class=\"team-logo logo-even\" title=\"Liiv Sandbox\"><a href=\"https:\/\/1xplayz.com\/fr\/teams\/liiv-sandbox\/\"><img loading=\"lazy\" decoding=\"async\" width=\"128\" height=\"109\" src=\"https:\/\/1xplayz.com\/wp-content\/uploads\/2021\/06\/liiv-sandbox-esports-team-128x109.png\" class=\"attachment-sportspress-fit-icon size-sportspress-fit-icon wp-post-image\" alt=\"liiv sandboQx esports team\" \/><\/a><\/span>\t\t\t\t\t\t\t<time class=\"sp-event-date\" datetime=\"2022-09-01 18:00:55\" itemprop=\"startDate\" content=\"2022-09-01T18:00:55+07:00\">\n\t\t\t\t\t\t\t\t<a href=\"https:\/\/1xplayz.com\/fr\/matches\/dwg-kia-vs-liiv-sandbox-09-01-2022\/\">septembre 1, 2022<\/a>\t\t\t\t\t\t\t<\/time>\n\t\t\t\t\t\t\t\t\t\t\t\t\t\t<h5 class=\"sp-event-results\">\n\t\t\t\t\t\t\t\t<a href=\"https:\/\/1xplayz.com\/fr\/matches\/dwg-kia-vs-liiv-sandbox-09-01-2022\/\"><span class=\"sp-result ok\">3<\/span> - <span class=\"sp-result\">1<\/span><\/a>\t\t\t\t\t\t\t<\/h5>\n\t\t\t\t\t\t\t\t\t\t\t\t\t\t\t<div class=\"sp-event-league\">LOL Champions Korea<\/div>\n\t\t\t\t\t\t\t\t\t\t\t\t\t\t\t\t\t\t\t\t\t\t\t\t\t\t\t\t\t\t<div class=\"sp-event-season\">2022<\/div>\n\t\t\t\t\t\t\t\t\t\t\t\t\t\t\t\t\t\t\t\t\t\t\t\t\t\t\t\t\t\t\t\t\t\t\t\t\t<div style=\"display:none;\" class=\"sp-event-venue\" itemprop=\"location\" itemscope itemtype=\"http:\/\/schema.org\/Place\"><div itemprop=\"address\" itemscope itemtype=\"http:\/\/schema.org\/PostalAddress\">N\/C<\/div><\/div>\n\t\t\t\t\t\t\t\t\t\t\t\t\t\t<h4 class=\"sp-event-title\" itemprop=\"name\">\n\t\t\t\t\t\t\t\t<a href=\"https:\/\/1xplayz.com\/fr\/matches\/dwg-kia-vs-liiv-sandbox-09-01-2022\/\">DWG KIA vs Liiv SANDBOX<\/a>\t\t\t\t\t\t\t<\/h4>\n\t\t\t\t\t\t\t\n\t\t\t\t\t\t<\/td>\n\t\t\t\t\t<\/tr>\n\t\t\t\t\t\t\t\t<\/tbody>\n\t\t<\/table>\n\t<\/div>\n\t<div class=\"sp-calendar-link sp-view-all-link\"><a href=\"https:\/\/1xplayz.com\/fr\/calendars\/league-of-legends-champions-korea-2022\/\">Voir tous les \u00e9v\u00e8nements<\/a><\/div><\/div>\n<\/div>\n\n\n\n<h3 class=\"wp-block-heading\">Bookmakers LOL Champions de Cor\u00e9e (LCK) 2023<\/h3>\n\n\n\n<p>Puis-je parier League of Legends Champions de Cor\u00e9e (LCK) 2023? Oui, vous pouvez placer un pari sur l&rsquo;un des \u00e9v\u00e9nements esports pour lesquels nous donnons des pronostics sur ce site Web. Le meilleur site de paris en ligne pour le championnat cor\u00e9en de LoL et d&rsquo;autres tournois d&rsquo;esports est <strong><a href=\"https:\/\/refpa.top\/L?tag=d_1105835m_97c_&amp;site=1105835&amp;ad=97&amp;r=bonus\/\" target=\"_blank\" rel=\"noreferrer noopener\">1xbet.com<\/a><\/strong>. Ce site Web a un tr\u00e8s bon bonus d&rsquo;inscription avec des r\u00e9compenses et une promotion de remise en argent qui, si le pari perd de l&rsquo;argent, revient. <strong><a href=\"https:\/\/refpa.top\/L?tag=d_1105835m_97c_&amp;site=1105835&amp;ad=97&amp;r=allgamesentrance\/\" target=\"_blank\" rel=\"noreferrer noopener\">1xbet.com<\/a><\/strong> est le meilleur choix pour les paris sportifs et les jeux \u00e9lectroniques. Ce site Web est tr\u00e8s bien con\u00e7u dans plusieurs langues, prend en charge la plupart des devises avec des promotions pour les membres.<\/p>\n\n\n\n<h3 class=\"wp-block-heading\">diffusion en direct LOL Champions de Cor\u00e9e (LCK) 2023<\/h3>\n\n\n\n<p>ISi vous souhaitez regarder la diffusion en direct de LOL Champions de Cor\u00e9e 2023, celle-ci sera diffus\u00e9e sur les sites Web officiels de LCK et sur le <a href=\"https:\/\/refpa.top\/L?tag= d_1105835m_97c_&amp;site=1105835&amp;ad=97&amp;r=live\/Esports\/\" target=\"_blank\" rel=\"noreferrer noopener\">bookmaker eSports 1XBET.com<\/a>. Pour regarder avec des bookmakers esports, vous devez avoir <a href=\"https:\/\/refpa.top\/L?tag=d_1105835m_97c_&amp;site=1105835&amp;ad=97&amp;r=live\/Esports\/\" target=\"_blank\" rel=\"noreferrer noopener\">cr\u00e9er un compte<\/a>. Apr\u00e8s cela, vous pourrez acc\u00e9der \u00e0 tous les matchs d&rsquo;esports \u00e0 regarder gratuitement.<\/p>\n","protected":false},"excerpt":{"rendered":"<div class=\"mh-excerpt\"><p>Pronostics LoL Champions de Cor\u00e9e (LCK) 2023 Ceci est le site qui fournit des pr\u00e9dictions gratuites et des conseils pour les League of Legends Champions <a class=\"mh-excerpt-more\" href=\"https:\/\/1xplayz.com\/fr\/league-of-legends\/champions-korea\/\" title=\"League of Legends Champions Cor\u00e9e (LCK) 2023\">[&#8230;]<\/a><\/p>\n<\/div>","protected":false},"author":1,"featured_media":0,"parent":1584,"menu_order":0,"comment_status":"closed","ping_status":"closed","template":"","meta":{"footnotes":""},"class_list":["post-1972","page","type-page","status-publish","hentry"],"yoast_head":"<!-- This site is optimized with the Yoast SEO plugin v26.6 - https:\/\/yoast.com\/wordpress\/plugins\/seo\/ -->\n<title>League of Legends Champions Cor\u00e9e (LCK) 2023 - Pronostiqueurs eSports - 1xPlayz<\/title>\n<meta name=\"description\" content=\"Pronostics LoL Champions de Cor\u00e9e (LCK) 2023 Ceci est le site qui fournit des pr\u00e9dictions gratuites et des conseils pour les League of Legends Champions\" \/>\n<meta name=\"robots\" content=\"index, follow, max-snippet:-1, max-image-preview:large, max-video-preview:-1\" \/>\n<link rel=\"canonical\" href=\"https:\/\/1xplayz.com\/fr\/league-of-legends\/champions-korea\/\" \/>\n<meta property=\"og:locale\" content=\"fr_FR\" \/>\n<meta property=\"og:type\" content=\"article\" \/>\n<meta property=\"og:title\" content=\"League of Legends Champions Cor\u00e9e (LCK) 2023 - Pronostiqueurs eSports - 1xPlayz\" \/>\n<meta property=\"og:description\" content=\"Pronostics LoL Champions de Cor\u00e9e (LCK) 2023 Ceci est le site qui fournit des pr\u00e9dictions gratuites et des conseils pour les League of Legends Champions\" \/>\n<meta property=\"og:url\" content=\"https:\/\/1xplayz.com\/fr\/league-of-legends\/champions-korea\/\" \/>\n<meta property=\"og:site_name\" content=\"1xPlayz\" \/>\n<meta property=\"article:modified_time\" content=\"2023-03-08T04:02:45+00:00\" \/>\n<meta property=\"og:image\" content=\"https:\/\/1xplayz.com\/wp-content\/uploads\/2021\/07\/french-free-bet-esports-1024x256.jpg\" \/>\n<meta name=\"twitter:card\" content=\"summary_large_image\" \/>\n<meta name=\"twitter:label1\" content=\"Dur\u00e9e de lecture estim\u00e9e\" \/>\n\t<meta name=\"twitter:data1\" content=\"3 minutes\" \/>\n<script type=\"application\/ld+json\" class=\"yoast-schema-graph\">{\"@context\":\"https:\/\/schema.org\",\"@graph\":[{\"@type\":\"WebPage\",\"@id\":\"https:\/\/1xplayz.com\/fr\/league-of-legends\/champions-korea\/\",\"url\":\"https:\/\/1xplayz.com\/fr\/league-of-legends\/champions-korea\/\",\"name\":\"League of Legends Champions Cor\u00e9e (LCK) 2023 - Pronostiqueurs eSports - 1xPlayz\",\"isPartOf\":{\"@id\":\"https:\/\/1xplayz.com\/fr\/de\/#website\"},\"primaryImageOfPage\":{\"@id\":\"https:\/\/1xplayz.com\/fr\/league-of-legends\/champions-korea\/#primaryimage\"},\"image\":{\"@id\":\"https:\/\/1xplayz.com\/fr\/league-of-legends\/champions-korea\/#primaryimage\"},\"thumbnailUrl\":\"https:\/\/1xplayz.com\/wp-content\/uploads\/2021\/07\/french-free-bet-esports-1024x256.jpg\",\"datePublished\":\"2021-07-31T03:47:47+00:00\",\"dateModified\":\"2023-03-08T04:02:45+00:00\",\"description\":\"Pronostics LoL Champions de Cor\u00e9e (LCK) 2023 Ceci est le site qui fournit des pr\u00e9dictions gratuites et des conseils pour les League of Legends Champions\",\"breadcrumb\":{\"@id\":\"https:\/\/1xplayz.com\/fr\/league-of-legends\/champions-korea\/#breadcrumb\"},\"inLanguage\":\"fr-FR\",\"potentialAction\":[{\"@type\":\"ReadAction\",\"target\":[\"https:\/\/1xplayz.com\/fr\/league-of-legends\/champions-korea\/\"]}]},{\"@type\":\"ImageObject\",\"inLanguage\":\"fr-FR\",\"@id\":\"https:\/\/1xplayz.com\/fr\/league-of-legends\/champions-korea\/#primaryimage\",\"url\":\"https:\/\/1xplayz.com\/wp-content\/uploads\/2021\/07\/french-free-bet-esports-1024x256.jpg\",\"contentUrl\":\"https:\/\/1xplayz.com\/wp-content\/uploads\/2021\/07\/french-free-bet-esports-1024x256.jpg\"},{\"@type\":\"BreadcrumbList\",\"@id\":\"https:\/\/1xplayz.com\/fr\/league-of-legends\/champions-korea\/#breadcrumb\",\"itemListElement\":[{\"@type\":\"ListItem\",\"position\":1,\"name\":\"Home\",\"item\":\"https:\/\/1xplayz.com\/fr\/\"},{\"@type\":\"ListItem\",\"position\":2,\"name\":\"Pronostics League of Legends 2023\",\"item\":\"https:\/\/1xplayz.com\/fr\/league-of-legends\/\"},{\"@type\":\"ListItem\",\"position\":3,\"name\":\"League of Legends Champions Cor\u00e9e (LCK) 2023\"}]},{\"@type\":\"WebSite\",\"@id\":\"https:\/\/1xplayz.com\/fr\/de\/#website\",\"url\":\"https:\/\/1xplayz.com\/fr\/de\/\",\"name\":\"1xPlayz\",\"description\":\"Pronostiqueurs eSports\",\"publisher\":{\"@id\":\"https:\/\/1xplayz.com\/fr\/de\/#\/schema\/person\/8eadc1d14ab3326bbc7a655fbfe061cf\"},\"potentialAction\":[{\"@type\":\"SearchAction\",\"target\":{\"@type\":\"EntryPoint\",\"urlTemplate\":\"https:\/\/1xplayz.com\/fr\/de\/?s={search_term_string}\"},\"query-input\":{\"@type\":\"PropertyValueSpecification\",\"valueRequired\":true,\"valueName\":\"search_term_string\"}}],\"inLanguage\":\"fr-FR\"},{\"@type\":[\"Person\",\"Organization\"],\"@id\":\"https:\/\/1xplayz.com\/fr\/de\/#\/schema\/person\/8eadc1d14ab3326bbc7a655fbfe061cf\",\"name\":\"1xPlayz\",\"image\":{\"@type\":\"ImageObject\",\"inLanguage\":\"fr-FR\",\"@id\":\"https:\/\/1xplayz.com\/fr\/de\/#\/schema\/person\/image\/\",\"url\":\"https:\/\/1xplayz.com\/wp-content\/uploads\/2021\/07\/1xp.png\",\"contentUrl\":\"https:\/\/1xplayz.com\/wp-content\/uploads\/2021\/07\/1xp.png\",\"width\":500,\"height\":500,\"caption\":\"1xPlayz\"},\"logo\":{\"@id\":\"https:\/\/1xplayz.com\/fr\/de\/#\/schema\/person\/image\/\"},\"sameAs\":[\"http:\/\/1xplayz.com\"]}]}<\/script>\n<!-- \/ Yoast SEO plugin. -->","yoast_head_json":{"title":"League of Legends Champions Cor\u00e9e (LCK) 2023 - Pronostiqueurs eSports - 1xPlayz","description":"Pronostics LoL Champions de Cor\u00e9e (LCK) 2023 Ceci est le site qui fournit des pr\u00e9dictions gratuites et des conseils pour les League of Legends Champions","robots":{"index":"index","follow":"follow","max-snippet":"max-snippet:-1","max-image-preview":"max-image-preview:large","max-video-preview":"max-video-preview:-1"},"canonical":"https:\/\/1xplayz.com\/fr\/league-of-legends\/champions-korea\/","og_locale":"fr_FR","og_type":"article","og_title":"League of Legends Champions Cor\u00e9e (LCK) 2023 - Pronostiqueurs eSports - 1xPlayz","og_description":"Pronostics LoL Champions de Cor\u00e9e (LCK) 2023 Ceci est le site qui fournit des pr\u00e9dictions gratuites et des conseils pour les League of Legends Champions","og_url":"https:\/\/1xplayz.com\/fr\/league-of-legends\/champions-korea\/","og_site_name":"1xPlayz","article_modified_time":"2023-03-08T04:02:45+00:00","og_image":[{"url":"https:\/\/1xplayz.com\/wp-content\/uploads\/2021\/07\/french-free-bet-esports-1024x256.jpg","type":"","width":"","height":""}],"twitter_card":"summary_large_image","twitter_misc":{"Dur\u00e9e de lecture estim\u00e9e":"3 minutes"},"schema":{"@context":"https:\/\/schema.org","@graph":[{"@type":"WebPage","@id":"https:\/\/1xplayz.com\/fr\/league-of-legends\/champions-korea\/","url":"https:\/\/1xplayz.com\/fr\/league-of-legends\/champions-korea\/","name":"League of Legends Champions Cor\u00e9e (LCK) 2023 - Pronostiqueurs eSports - 1xPlayz","isPartOf":{"@id":"https:\/\/1xplayz.com\/fr\/de\/#website"},"primaryImageOfPage":{"@id":"https:\/\/1xplayz.com\/fr\/league-of-legends\/champions-korea\/#primaryimage"},"image":{"@id":"https:\/\/1xplayz.com\/fr\/league-of-legends\/champions-korea\/#primaryimage"},"thumbnailUrl":"https:\/\/1xplayz.com\/wp-content\/uploads\/2021\/07\/french-free-bet-esports-1024x256.jpg","datePublished":"2021-07-31T03:47:47+00:00","dateModified":"2023-03-08T04:02:45+00:00","description":"Pronostics LoL Champions de Cor\u00e9e (LCK) 2023 Ceci est le site qui fournit des pr\u00e9dictions gratuites et des conseils pour les League of Legends Champions","breadcrumb":{"@id":"https:\/\/1xplayz.com\/fr\/league-of-legends\/champions-korea\/#breadcrumb"},"inLanguage":"fr-FR","potentialAction":[{"@type":"ReadAction","target":["https:\/\/1xplayz.com\/fr\/league-of-legends\/champions-korea\/"]}]},{"@type":"ImageObject","inLanguage":"fr-FR","@id":"https:\/\/1xplayz.com\/fr\/league-of-legends\/champions-korea\/#primaryimage","url":"https:\/\/1xplayz.com\/wp-content\/uploads\/2021\/07\/french-free-bet-esports-1024x256.jpg","contentUrl":"https:\/\/1xplayz.com\/wp-content\/uploads\/2021\/07\/french-free-bet-esports-1024x256.jpg"},{"@type":"BreadcrumbList","@id":"https:\/\/1xplayz.com\/fr\/league-of-legends\/champions-korea\/#breadcrumb","itemListElement":[{"@type":"ListItem","position":1,"name":"Home","item":"https:\/\/1xplayz.com\/fr\/"},{"@type":"ListItem","position":2,"name":"Pronostics League of Legends 2023","item":"https:\/\/1xplayz.com\/fr\/league-of-legends\/"},{"@type":"ListItem","position":3,"name":"League of Legends Champions Cor\u00e9e (LCK) 2023"}]},{"@type":"WebSite","@id":"https:\/\/1xplayz.com\/fr\/de\/#website","url":"https:\/\/1xplayz.com\/fr\/de\/","name":"1xPlayz","description":"Pronostiqueurs eSports","publisher":{"@id":"https:\/\/1xplayz.com\/fr\/de\/#\/schema\/person\/8eadc1d14ab3326bbc7a655fbfe061cf"},"potentialAction":[{"@type":"SearchAction","target":{"@type":"EntryPoint","urlTemplate":"https:\/\/1xplayz.com\/fr\/de\/?s={search_term_string}"},"query-input":{"@type":"PropertyValueSpecification","valueRequired":true,"valueName":"search_term_string"}}],"inLanguage":"fr-FR"},{"@type":["Person","Organization"],"@id":"https:\/\/1xplayz.com\/fr\/de\/#\/schema\/person\/8eadc1d14ab3326bbc7a655fbfe061cf","name":"1xPlayz","image":{"@type":"ImageObject","inLanguage":"fr-FR","@id":"https:\/\/1xplayz.com\/fr\/de\/#\/schema\/person\/image\/","url":"https:\/\/1xplayz.com\/wp-content\/uploads\/2021\/07\/1xp.png","contentUrl":"https:\/\/1xplayz.com\/wp-content\/uploads\/2021\/07\/1xp.png","width":500,"height":500,"caption":"1xPlayz"},"logo":{"@id":"https:\/\/1xplayz.com\/fr\/de\/#\/schema\/person\/image\/"},"sameAs":["http:\/\/1xplayz.com"]}]}},"_links":{"self":[{"href":"https:\/\/1xplayz.com\/fr\/wp-json\/wp\/v2\/pages\/1972","targetHints":{"allow":["GET"]}}],"collection":[{"href":"https:\/\/1xplayz.com\/fr\/wp-json\/wp\/v2\/pages"}],"about":[{"href":"https:\/\/1xplayz.com\/fr\/wp-json\/wp\/v2\/types\/page"}],"author":[{"embeddable":true,"href":"https:\/\/1xplayz.com\/fr\/wp-json\/wp\/v2\/users\/1"}],"replies":[{"embeddable":true,"href":"https:\/\/1xplayz.com\/fr\/wp-json\/wp\/v2\/comments?post=1972"}],"version-history":[{"count":16,"href":"https:\/\/1xplayz.com\/fr\/wp-json\/wp\/v2\/pages\/1972\/revisions"}],"predecessor-version":[{"id":42404,"href":"https:\/\/1xplayz.com\/fr\/wp-json\/wp\/v2\/pages\/1972\/revisions\/42404"}],"up":[{"embeddable":true,"href":"https:\/\/1xplayz.com\/fr\/wp-json\/wp\/v2\/pages\/1584"}],"wp:attachment":[{"href":"https:\/\/1xplayz.com\/fr\/wp-json\/wp\/v2\/media?parent=1972"}],"curies":[{"name":"wp","href":"https:\/\/api.w.org\/{rel}","templated":true}]}}