{"id":2062,"date":"2021-07-31T20:55:57","date_gmt":"2021-07-31T13:55:57","guid":{"rendered":"https:\/\/1xplayz.com\/?page_id=2062"},"modified":"2023-03-08T10:43:09","modified_gmt":"2023-03-08T03:43:09","slug":"brazilian-championship","status":"publish","type":"page","link":"https:\/\/1xplayz.com\/fr\/league-of-legends\/brazilian-championship\/","title":{"rendered":"Pr\u00e9dire le championnat br\u00e9silien de LoL 2023"},"content":{"rendered":"\n<h2 class=\"wp-block-heading\">Pronostics Campeonato Brasileiro de League of Legends 2023<\/h2>\n\n\n\n<p>Les pronostics pour les <a href=\"https:\/\/1xplayz.com\/fr\/calendars\/campeonato-brasileiro-de-league-of-legends\/\">Campeonato Brasileiro de League of Legends CBLoL 2023<\/a> sont gratuits. 1xPlayz pr\u00e9dit tous les matchs pour que l&rsquo;\u00e9quipe gagne 1&#215;2 \u00e0 temps plein et le score correct du match car le championnat br\u00e9silien du tournoi League of Legends a 1 carte pour chaque match. Le Campeonato Brasileiro de League of Legends (CBLoL) ou le nom anglais Championnat br\u00e9silien de League of Legends est le plus haut niveau de comp\u00e9tition professionnelle d&rsquo;eSports des cat\u00e9gories League of Legends au Br\u00e9sil.<\/p>\n\n\n\n<a href=\"https:\/\/refpa.top\/L?tag=d_1105835m_97c_&amp;site=1105835&amp;ad=97&amp;r=allgamesentrance\/\" target=\"_blank\" rel=\"nofollow noopener\"><img loading=\"lazy\" decoding=\"async\" src=\"https:\/\/1xplayz.com\/wp-content\/uploads\/2021\/07\/english-free-bet-esports.jpg\" alt=\"english free bet esports\" width=\"800\" height=\"200\" class=\"size-full wp-image-2034\"><\/a>\n\n\n\n<div class=\"sportspress sp-widget-align-none\"><h4 class=\"sp-table-caption\">Pronostics Campeonato Brasileiro de League of Legends<\/h4><div class=\"sp-template sp-template-event-blocks\">\n\t<div class=\"sp-table-wrapper\">\n\t\t<table class=\"sp-event-blocks sp-data-table\n\t\t\t\t\t sp-paginated-table\" data-sp-rows=\"5\">\n\t\t\t<thead><tr><th><\/th><\/tr><\/thead> \t\t\t<tbody>\n\t\t\t\t\t\t\t\t\t<tr class=\"sp-row sp-post alternate\" itemscope itemtype=\"http:\/\/schema.org\/SportsEvent\">\n\t\t\t\t\t\t<td>\n\t\t\t\t\t\t\t\t\t\t\t\t\t\t<span class=\"team-logo logo-odd\" title=\"KaBuM! E-Sports\"><a href=\"https:\/\/1xplayz.com\/fr\/teams\/kabum-e-sports\/\"><img loading=\"lazy\" decoding=\"async\" width=\"128\" height=\"109\" src=\"https:\/\/1xplayz.com\/wp-content\/uploads\/2021\/06\/kabum-esport-team-128x109.png\" class=\"attachment-sportspress-fit-icon size-sportspress-fit-icon wp-post-image\" alt=\"kabum esport team\" \/><\/a><\/span> <span class=\"team-logo logo-even\" title=\"INTZ eSports\"><a href=\"https:\/\/1xplayz.com\/fr\/teams\/intz-esports\/\"><img loading=\"lazy\" decoding=\"async\" width=\"128\" height=\"109\" src=\"https:\/\/1xplayz.com\/wp-content\/uploads\/2021\/06\/intz-esport-team-128x109.png\" class=\"attachment-sportspress-fit-icon size-sportspress-fit-icon wp-post-image\" alt=\"intz esport team\" \/><\/a><\/span>\t\t\t\t\t\t\t<time class=\"sp-event-date\" datetime=\"2022-06-27 03:00:00\" itemprop=\"startDate\" content=\"2022-06-27T03:00:00+07:00\">\n\t\t\t\t\t\t\t\t<a href=\"https:\/\/1xplayz.com\/fr\/matches\/kabum-e-sports-vs-intz-esports-06-27-2022\/\">juin 27, 2022<\/a>\t\t\t\t\t\t\t<\/time>\n\t\t\t\t\t\t\t\t\t\t\t\t\t\t<h5 class=\"sp-event-results\">\n\t\t\t\t\t\t\t\t<a href=\"https:\/\/1xplayz.com\/fr\/matches\/kabum-e-sports-vs-intz-esports-06-27-2022\/\"><span class=\"sp-result ok\">3:00 am<\/span><\/a>\t\t\t\t\t\t\t<\/h5>\n\t\t\t\t\t\t\t\t\t\t\t\t\t\t\t<div class=\"sp-event-league\">LOL CBLOL Brazil<\/div>\n\t\t\t\t\t\t\t\t\t\t\t\t\t\t\t\t\t\t\t\t\t\t\t\t\t\t\t\t\t\t<div class=\"sp-event-season\">2022<\/div>\n\t\t\t\t\t\t\t\t\t\t\t\t\t\t\t\t\t\t\t\t\t\t\t\t\t\t\t\t\t\t\t\t\t\t\t\t\t<div style=\"display:none;\" class=\"sp-event-venue\" itemprop=\"location\" itemscope itemtype=\"http:\/\/schema.org\/Place\"><div itemprop=\"address\" itemscope itemtype=\"http:\/\/schema.org\/PostalAddress\">N\/C<\/div><\/div>\n\t\t\t\t\t\t\t\t\t\t\t\t\t\t<h4 class=\"sp-event-title\" itemprop=\"name\">\n\t\t\t\t\t\t\t\t<a href=\"https:\/\/1xplayz.com\/fr\/matches\/kabum-e-sports-vs-intz-esports-06-27-2022\/\">KaBuM! E-Sports vs INTZ eSports<\/a>\t\t\t\t\t\t\t<\/h4>\n\t\t\t\t\t\t\t\n\t\t\t\t\t\t<\/td>\n\t\t\t\t\t<\/tr>\n\t\t\t\t\t\t\t\t<\/tbody>\n\t\t<\/table>\n\t<\/div>\n\t<div class=\"sp-calendar-link sp-view-all-link\"><a href=\"https:\/\/1xplayz.com\/fr\/calendars\/campeonato-brasileiro-de-league-of-legends\/\">Voir tous les \u00e9v\u00e8nements<\/a><\/div><\/div>\n<\/div>\n\n\n\n<h3 class=\"wp-block-heading\">\u00c0 propos du Championnat du Br\u00e9sil CBLoL 2023<\/h3>\n\n\n\n<div class=\"sportspress sp-widget-align-none\"><h4 class=\"sp-table-caption\">Results Campeonato Brasileiro de League of Legends 2022<\/h4><div class=\"sp-template sp-template-event-blocks\">\n\t<div class=\"sp-table-wrapper\">\n\t\t<table class=\"sp-event-blocks sp-data-table\n\t\t\t\t\t sp-paginated-table\" data-sp-rows=\"5\">\n\t\t\t<thead><tr><th><\/th><\/tr><\/thead> \t\t\t<tbody>\n\t\t\t\t\t\t\t\t\t<tr class=\"sp-row sp-post alternate\" itemscope itemtype=\"http:\/\/schema.org\/SportsEvent\">\n\t\t\t\t\t\t<td>\n\t\t\t\t\t\t\t\t\t\t\t\t\t\t<span class=\"team-logo logo-odd\" title=\"paiN Gaming\"><a href=\"https:\/\/1xplayz.com\/fr\/teams\/pain-gaming\/\"><img loading=\"lazy\" decoding=\"async\" width=\"128\" height=\"109\" src=\"https:\/\/1xplayz.com\/wp-content\/uploads\/2021\/06\/pain-gaming-esports-team-128x109.png\" class=\"attachment-sportspress-fit-icon size-sportspress-fit-icon wp-post-image\" alt=\"pain gaming esports team\" \/><\/a><\/span> <span class=\"team-logo logo-even\" title=\"LOUD\"><a href=\"https:\/\/1xplayz.com\/fr\/teams\/loud-esports\/\"><img loading=\"lazy\" decoding=\"async\" width=\"128\" height=\"109\" src=\"https:\/\/1xplayz.com\/wp-content\/uploads\/2021\/06\/loud-esports-team-128x109.png\" class=\"attachment-sportspress-fit-icon size-sportspress-fit-icon wp-post-image\" alt=\"loud esports team\" \/><\/a><\/span>\t\t\t\t\t\t\t<time class=\"sp-event-date\" datetime=\"2022-09-04 02:00:46\" itemprop=\"startDate\" content=\"2022-09-04T02:00:46+07:00\">\n\t\t\t\t\t\t\t\t<a href=\"https:\/\/1xplayz.com\/fr\/matches\/pain-gaming-vs-loud-09-04-2022\/\">septembre 4, 2022<\/a>\t\t\t\t\t\t\t<\/time>\n\t\t\t\t\t\t\t\t\t\t\t\t\t\t<h5 class=\"sp-event-results\">\n\t\t\t\t\t\t\t\t<a href=\"https:\/\/1xplayz.com\/fr\/matches\/pain-gaming-vs-loud-09-04-2022\/\"><span class=\"sp-result ok\">0<\/span> - <span class=\"sp-result\">3<\/span><\/a>\t\t\t\t\t\t\t<\/h5>\n\t\t\t\t\t\t\t\t\t\t\t\t\t\t\t<div class=\"sp-event-league\">LOL CBLOL Brazil<\/div>\n\t\t\t\t\t\t\t\t\t\t\t\t\t\t\t\t\t\t\t\t\t\t\t\t\t\t\t\t\t\t<div class=\"sp-event-season\">2022<\/div>\n\t\t\t\t\t\t\t\t\t\t\t\t\t\t\t\t\t\t\t\t\t\t\t\t\t\t\t\t\t\t\t\t\t\t\t\t\t<div style=\"display:none;\" class=\"sp-event-venue\" itemprop=\"location\" itemscope itemtype=\"http:\/\/schema.org\/Place\"><div itemprop=\"address\" itemscope itemtype=\"http:\/\/schema.org\/PostalAddress\">N\/C<\/div><\/div>\n\t\t\t\t\t\t\t\t\t\t\t\t\t\t<h4 class=\"sp-event-title\" itemprop=\"name\">\n\t\t\t\t\t\t\t\t<a href=\"https:\/\/1xplayz.com\/fr\/matches\/pain-gaming-vs-loud-09-04-2022\/\">paiN Gaming vs LOUD<\/a>\t\t\t\t\t\t\t<\/h4>\n\t\t\t\t\t\t\t\n\t\t\t\t\t\t<\/td>\n\t\t\t\t\t<\/tr>\n\t\t\t\t\t\t\t\t\t\t<tr class=\"sp-row sp-post\" itemscope itemtype=\"http:\/\/schema.org\/SportsEvent\">\n\t\t\t\t\t\t<td>\n\t\t\t\t\t\t\t\t\t\t\t\t\t\t<span class=\"team-logo logo-odd\" title=\"FURIA Esports\"><a href=\"https:\/\/1xplayz.com\/fr\/teams\/furia-esports\/\"><img loading=\"lazy\" decoding=\"async\" width=\"128\" height=\"109\" src=\"https:\/\/1xplayz.com\/wp-content\/uploads\/2021\/06\/furia-esports-team-brazil-128x109.png\" class=\"attachment-sportspress-fit-icon size-sportspress-fit-icon wp-post-image\" alt=\"furia esports team brazil\" \/><\/a><\/span> <span class=\"team-logo logo-even\" title=\"RED Canids\"><a href=\"https:\/\/1xplayz.com\/fr\/teams\/red-canids\/\"><img loading=\"lazy\" decoding=\"async\" width=\"128\" height=\"109\" src=\"https:\/\/1xplayz.com\/wp-content\/uploads\/2021\/06\/red-canids-esports-team-128x109.png\" class=\"attachment-sportspress-fit-icon size-sportspress-fit-icon wp-post-image\" alt=\"red canids esports team\" \/><\/a><\/span>\t\t\t\t\t\t\t<time class=\"sp-event-date\" datetime=\"2022-08-28 11:42:33\" itemprop=\"startDate\" content=\"2022-08-28T11:42:33+07:00\">\n\t\t\t\t\t\t\t\t<a href=\"https:\/\/1xplayz.com\/fr\/matches\/furia-esports-vs-red-canids-08-28-2022\/\">ao\u00fbt 28, 2022<\/a>\t\t\t\t\t\t\t<\/time>\n\t\t\t\t\t\t\t\t\t\t\t\t\t\t<h5 class=\"sp-event-results\">\n\t\t\t\t\t\t\t\t<a href=\"https:\/\/1xplayz.com\/fr\/matches\/furia-esports-vs-red-canids-08-28-2022\/\"><span class=\"sp-result ok\">3<\/span> - <span class=\"sp-result\">2<\/span><\/a>\t\t\t\t\t\t\t<\/h5>\n\t\t\t\t\t\t\t\t\t\t\t\t\t\t\t<div class=\"sp-event-league\">LOL CBLOL Brazil<\/div>\n\t\t\t\t\t\t\t\t\t\t\t\t\t\t\t\t\t\t\t\t\t\t\t\t\t\t\t\t\t\t<div class=\"sp-event-season\">2022<\/div>\n\t\t\t\t\t\t\t\t\t\t\t\t\t\t\t\t\t\t\t\t\t\t\t\t\t\t\t\t\t\t\t\t\t\t\t\t\t<div style=\"display:none;\" class=\"sp-event-venue\" itemprop=\"location\" itemscope itemtype=\"http:\/\/schema.org\/Place\"><div itemprop=\"address\" itemscope itemtype=\"http:\/\/schema.org\/PostalAddress\">N\/C<\/div><\/div>\n\t\t\t\t\t\t\t\t\t\t\t\t\t\t<h4 class=\"sp-event-title\" itemprop=\"name\">\n\t\t\t\t\t\t\t\t<a href=\"https:\/\/1xplayz.com\/fr\/matches\/furia-esports-vs-red-canids-08-28-2022\/\">FURIA Esports vs RED Canids<\/a>\t\t\t\t\t\t\t<\/h4>\n\t\t\t\t\t\t\t\n\t\t\t\t\t\t<\/td>\n\t\t\t\t\t<\/tr>\n\t\t\t\t\t\t\t\t\t\t<tr class=\"sp-row sp-post alternate\" itemscope itemtype=\"http:\/\/schema.org\/SportsEvent\">\n\t\t\t\t\t\t<td>\n\t\t\t\t\t\t\t\t\t\t\t\t\t\t<span class=\"team-logo logo-odd\" title=\"paiN Gaming\"><a href=\"https:\/\/1xplayz.com\/fr\/teams\/pain-gaming\/\"><img loading=\"lazy\" decoding=\"async\" width=\"128\" height=\"109\" src=\"https:\/\/1xplayz.com\/wp-content\/uploads\/2021\/06\/pain-gaming-esports-team-128x109.png\" class=\"attachment-sportspress-fit-icon size-sportspress-fit-icon wp-post-image\" alt=\"pain gaming esports team\" \/><\/a><\/span> <span class=\"team-logo logo-even\" title=\"LOUD\"><a href=\"https:\/\/1xplayz.com\/fr\/teams\/loud-esports\/\"><img loading=\"lazy\" decoding=\"async\" width=\"128\" height=\"109\" src=\"https:\/\/1xplayz.com\/wp-content\/uploads\/2021\/06\/loud-esports-team-128x109.png\" class=\"attachment-sportspress-fit-icon size-sportspress-fit-icon wp-post-image\" alt=\"loud esports team\" \/><\/a><\/span>\t\t\t\t\t\t\t<time class=\"sp-event-date\" datetime=\"2022-08-22 11:00:47\" itemprop=\"startDate\" content=\"2022-08-22T11:00:47+07:00\">\n\t\t\t\t\t\t\t\t<a href=\"https:\/\/1xplayz.com\/fr\/matches\/pain-gaming-vs-loud-08-22-2022\/\">ao\u00fbt 22, 2022<\/a>\t\t\t\t\t\t\t<\/time>\n\t\t\t\t\t\t\t\t\t\t\t\t\t\t<h5 class=\"sp-event-results\">\n\t\t\t\t\t\t\t\t<a href=\"https:\/\/1xplayz.com\/fr\/matches\/pain-gaming-vs-loud-08-22-2022\/\"><span class=\"sp-result ok\">3<\/span> - <span class=\"sp-result\">2<\/span><\/a>\t\t\t\t\t\t\t<\/h5>\n\t\t\t\t\t\t\t\t\t\t\t\t\t\t\t<div class=\"sp-event-league\">LOL CBLOL Brazil<\/div>\n\t\t\t\t\t\t\t\t\t\t\t\t\t\t\t\t\t\t\t\t\t\t\t\t\t\t\t\t\t\t<div class=\"sp-event-season\">2022<\/div>\n\t\t\t\t\t\t\t\t\t\t\t\t\t\t\t\t\t\t\t\t\t\t\t\t\t\t\t\t\t\t\t\t\t\t\t\t\t<div style=\"display:none;\" class=\"sp-event-venue\" itemprop=\"location\" itemscope itemtype=\"http:\/\/schema.org\/Place\"><div itemprop=\"address\" itemscope itemtype=\"http:\/\/schema.org\/PostalAddress\">N\/C<\/div><\/div>\n\t\t\t\t\t\t\t\t\t\t\t\t\t\t<h4 class=\"sp-event-title\" itemprop=\"name\">\n\t\t\t\t\t\t\t\t<a href=\"https:\/\/1xplayz.com\/fr\/matches\/pain-gaming-vs-loud-08-22-2022\/\">paiN Gaming vs LOUD<\/a>\t\t\t\t\t\t\t<\/h4>\n\t\t\t\t\t\t\t\n\t\t\t\t\t\t<\/td>\n\t\t\t\t\t<\/tr>\n\t\t\t\t\t\t\t\t<\/tbody>\n\t\t<\/table>\n\t<\/div>\n\t<div class=\"sp-calendar-link sp-view-all-link\"><a href=\"https:\/\/1xplayz.com\/fr\/calendars\/campeonato-brasileiro-de-league-of-legends-2022\/\">Voir tous les \u00e9v\u00e8nements<\/a><\/div><\/div>\n<\/div>\n\n\n\n<p>Le Campeonato Brasileiro de League of Legends a \u00e9t\u00e9 fond\u00e9 en 2012. Il a commenc\u00e9 de janvier 2023 \u00e0 avril au Br\u00e9sil. La cagnotte est de <strong>400,000 BRL<\/strong>, soit environ <strong>70,500 USD<\/strong>. Le tournoi de <strong>Riot Games Brazil<\/strong> est en deux formats de Double Round Robin (Bo1) et Single Eliminations (Bo5) par 10 \u00e9quipes de cinq joueurs. Le vainqueur du CBLoL Split 2 2022 sera qualifi\u00e9 pour jouer dans le <a title=\"League of Legends Mid Season Invitational\" href=\"https:\/\/1xplayz.com\/fr\/league-of-legends\/mid-season-invitational\/\"> LOL Mid Season Invitational 2023<\/a>.<\/p>\n\n\n\n<h3 class=\"wp-block-heading\">Bookies du Championnat du Br\u00e9sil LOL 2023<\/h3>\n\n\n\n<p>O\u00f9 puis-je parier Campeonato Brasileiro de League of Legends (CBLoL) 2023? Le meilleur site de paris en ligne pour CBLOL et autres tournois d&rsquo;esports est <strong><a href=\"http:\/\/refpa.top\/L?tag=d_60645m_97c_&amp;site=60645&amp;ad=97&amp;r= sports\/\" target=\"_blank\" rel=\"noreferrer noopener\">1xbet.com<\/a><\/strong>. Ce site Web a un tr\u00e8s bon bonus d&rsquo;inscription avec des r\u00e9compenses et une promotion de remise en argent qui, si le pari perd de l&rsquo;argent, revient. <strong><a href=\"https:\/\/refpa.top\/L?tag=d_1105835m_97c_&amp;site=1105835&amp;ad=97&amp;r=live\/Esports\/\" target=\"_blank\" rel=\"noreferrer noopener\">1xbet.com<\/a><\/strong> est le meilleur choix pour les paris sportifs et les jeux \u00e9lectroniques. Ce site Web est tr\u00e8s bien con\u00e7u dans plusieurs langues, prend en charge la plupart des devises avec des promotions pour les membres.<\/p>\n\n\n\n<h3 class=\"wp-block-heading\">Diffusion en direct du Campeonato Brasileiro de LoL 2023<\/h3>\n\n\n\n<p>La diffusion en direct du Campeonato Brasileiro de League of Legends 2023 serait assur\u00e9e par les sites officiels, la cha\u00eene de t\u00e9l\u00e9vision locale et le <a href=\"https:\/\/refpa.top\/L?tag=d_1105835m_97c_&amp;site=1105835&amp;ad=97&amp;r=live\/Esports\/\" target=\"_blank\" rel=\"noreferrer noopener\">1XBET.com<\/a>. Comment regarder les matchs CBLoL ? Il vous suffit de cr\u00e9er un compte via ce lien officiel et de cliquer sur les matchs que vous souhaitez regarder.<\/p>\n","protected":false},"excerpt":{"rendered":"<div class=\"mh-excerpt\"><p>Pronostics Campeonato Brasileiro de League of Legends 2023 Les pronostics pour les Campeonato Brasileiro de League of Legends CBLoL 2023 sont gratuits. 1xPlayz pr\u00e9dit tous <a class=\"mh-excerpt-more\" href=\"https:\/\/1xplayz.com\/fr\/league-of-legends\/brazilian-championship\/\" title=\"Pr\u00e9dire le championnat br\u00e9silien de LoL 2023\">[&#8230;]<\/a><\/p>\n<\/div>","protected":false},"author":1,"featured_media":0,"parent":1584,"menu_order":0,"comment_status":"closed","ping_status":"closed","template":"","meta":{"footnotes":""},"class_list":["post-2062","page","type-page","status-publish","hentry"],"yoast_head":"<!-- This site is optimized with the Yoast SEO plugin v26.6 - https:\/\/yoast.com\/wordpress\/plugins\/seo\/ -->\n<title>Pr\u00e9dire le championnat br\u00e9silien de LoL 2023 - Pronostiqueurs eSports - 1xPlayz<\/title>\n<meta name=\"description\" content=\"Pronostics Campeonato Brasileiro de League of Legends 2023 Les pronostics pour les Campeonato Brasileiro de League of Legends CBLoL 2023 sont gratuits.\" \/>\n<meta name=\"robots\" content=\"index, follow, max-snippet:-1, max-image-preview:large, max-video-preview:-1\" \/>\n<link rel=\"canonical\" href=\"https:\/\/1xplayz.com\/fr\/league-of-legends\/brazilian-championship\/\" \/>\n<meta property=\"og:locale\" content=\"fr_FR\" \/>\n<meta property=\"og:type\" content=\"article\" \/>\n<meta property=\"og:title\" content=\"Pr\u00e9dire le championnat br\u00e9silien de LoL 2023 - Pronostiqueurs eSports - 1xPlayz\" \/>\n<meta property=\"og:description\" content=\"Pronostics Campeonato Brasileiro de League of Legends 2023 Les pronostics pour les Campeonato Brasileiro de League of Legends CBLoL 2023 sont gratuits.\" \/>\n<meta property=\"og:url\" content=\"https:\/\/1xplayz.com\/fr\/league-of-legends\/brazilian-championship\/\" \/>\n<meta property=\"og:site_name\" content=\"1xPlayz\" \/>\n<meta property=\"article:modified_time\" content=\"2023-03-08T03:43:09+00:00\" \/>\n<meta property=\"og:image\" content=\"https:\/\/1xplayz.com\/wp-content\/uploads\/2021\/07\/english-free-bet-esports.jpg\" \/>\n<meta name=\"twitter:card\" content=\"summary_large_image\" \/>\n<meta name=\"twitter:label1\" content=\"Dur\u00e9e de lecture estim\u00e9e\" \/>\n\t<meta name=\"twitter:data1\" content=\"2 minutes\" \/>\n<script type=\"application\/ld+json\" class=\"yoast-schema-graph\">{\"@context\":\"https:\/\/schema.org\",\"@graph\":[{\"@type\":\"WebPage\",\"@id\":\"https:\/\/1xplayz.com\/fr\/league-of-legends\/brazilian-championship\/\",\"url\":\"https:\/\/1xplayz.com\/fr\/league-of-legends\/brazilian-championship\/\",\"name\":\"Pr\u00e9dire le championnat br\u00e9silien de LoL 2023 - Pronostiqueurs eSports - 1xPlayz\",\"isPartOf\":{\"@id\":\"https:\/\/1xplayz.com\/fr\/de\/#website\"},\"primaryImageOfPage\":{\"@id\":\"https:\/\/1xplayz.com\/fr\/league-of-legends\/brazilian-championship\/#primaryimage\"},\"image\":{\"@id\":\"https:\/\/1xplayz.com\/fr\/league-of-legends\/brazilian-championship\/#primaryimage\"},\"thumbnailUrl\":\"https:\/\/1xplayz.com\/wp-content\/uploads\/2021\/07\/english-free-bet-esports.jpg\",\"datePublished\":\"2021-07-31T13:55:57+00:00\",\"dateModified\":\"2023-03-08T03:43:09+00:00\",\"description\":\"Pronostics Campeonato Brasileiro de League of Legends 2023 Les pronostics pour les Campeonato Brasileiro de League of Legends CBLoL 2023 sont gratuits.\",\"breadcrumb\":{\"@id\":\"https:\/\/1xplayz.com\/fr\/league-of-legends\/brazilian-championship\/#breadcrumb\"},\"inLanguage\":\"fr-FR\",\"potentialAction\":[{\"@type\":\"ReadAction\",\"target\":[\"https:\/\/1xplayz.com\/fr\/league-of-legends\/brazilian-championship\/\"]}]},{\"@type\":\"ImageObject\",\"inLanguage\":\"fr-FR\",\"@id\":\"https:\/\/1xplayz.com\/fr\/league-of-legends\/brazilian-championship\/#primaryimage\",\"url\":\"https:\/\/1xplayz.com\/wp-content\/uploads\/2021\/07\/english-free-bet-esports.jpg\",\"contentUrl\":\"https:\/\/1xplayz.com\/wp-content\/uploads\/2021\/07\/english-free-bet-esports.jpg\"},{\"@type\":\"BreadcrumbList\",\"@id\":\"https:\/\/1xplayz.com\/fr\/league-of-legends\/brazilian-championship\/#breadcrumb\",\"itemListElement\":[{\"@type\":\"ListItem\",\"position\":1,\"name\":\"Home\",\"item\":\"https:\/\/1xplayz.com\/fr\/\"},{\"@type\":\"ListItem\",\"position\":2,\"name\":\"Pronostics League of Legends 2023\",\"item\":\"https:\/\/1xplayz.com\/fr\/league-of-legends\/\"},{\"@type\":\"ListItem\",\"position\":3,\"name\":\"Pr\u00e9dire le championnat br\u00e9silien de LoL 2023\"}]},{\"@type\":\"WebSite\",\"@id\":\"https:\/\/1xplayz.com\/fr\/de\/#website\",\"url\":\"https:\/\/1xplayz.com\/fr\/de\/\",\"name\":\"1xPlayz\",\"description\":\"Pronostiqueurs eSports\",\"publisher\":{\"@id\":\"https:\/\/1xplayz.com\/fr\/de\/#\/schema\/person\/8eadc1d14ab3326bbc7a655fbfe061cf\"},\"potentialAction\":[{\"@type\":\"SearchAction\",\"target\":{\"@type\":\"EntryPoint\",\"urlTemplate\":\"https:\/\/1xplayz.com\/fr\/de\/?s={search_term_string}\"},\"query-input\":{\"@type\":\"PropertyValueSpecification\",\"valueRequired\":true,\"valueName\":\"search_term_string\"}}],\"inLanguage\":\"fr-FR\"},{\"@type\":[\"Person\",\"Organization\"],\"@id\":\"https:\/\/1xplayz.com\/fr\/de\/#\/schema\/person\/8eadc1d14ab3326bbc7a655fbfe061cf\",\"name\":\"1xPlayz\",\"image\":{\"@type\":\"ImageObject\",\"inLanguage\":\"fr-FR\",\"@id\":\"https:\/\/1xplayz.com\/fr\/de\/#\/schema\/person\/image\/\",\"url\":\"https:\/\/1xplayz.com\/wp-content\/uploads\/2021\/07\/1xp.png\",\"contentUrl\":\"https:\/\/1xplayz.com\/wp-content\/uploads\/2021\/07\/1xp.png\",\"width\":500,\"height\":500,\"caption\":\"1xPlayz\"},\"logo\":{\"@id\":\"https:\/\/1xplayz.com\/fr\/de\/#\/schema\/person\/image\/\"},\"sameAs\":[\"http:\/\/1xplayz.com\"]}]}<\/script>\n<!-- \/ Yoast SEO plugin. -->","yoast_head_json":{"title":"Pr\u00e9dire le championnat br\u00e9silien de LoL 2023 - Pronostiqueurs eSports - 1xPlayz","description":"Pronostics Campeonato Brasileiro de League of Legends 2023 Les pronostics pour les Campeonato Brasileiro de League of Legends CBLoL 2023 sont gratuits.","robots":{"index":"index","follow":"follow","max-snippet":"max-snippet:-1","max-image-preview":"max-image-preview:large","max-video-preview":"max-video-preview:-1"},"canonical":"https:\/\/1xplayz.com\/fr\/league-of-legends\/brazilian-championship\/","og_locale":"fr_FR","og_type":"article","og_title":"Pr\u00e9dire le championnat br\u00e9silien de LoL 2023 - Pronostiqueurs eSports - 1xPlayz","og_description":"Pronostics Campeonato Brasileiro de League of Legends 2023 Les pronostics pour les Campeonato Brasileiro de League of Legends CBLoL 2023 sont gratuits.","og_url":"https:\/\/1xplayz.com\/fr\/league-of-legends\/brazilian-championship\/","og_site_name":"1xPlayz","article_modified_time":"2023-03-08T03:43:09+00:00","og_image":[{"url":"https:\/\/1xplayz.com\/wp-content\/uploads\/2021\/07\/english-free-bet-esports.jpg","type":"","width":"","height":""}],"twitter_card":"summary_large_image","twitter_misc":{"Dur\u00e9e de lecture estim\u00e9e":"2 minutes"},"schema":{"@context":"https:\/\/schema.org","@graph":[{"@type":"WebPage","@id":"https:\/\/1xplayz.com\/fr\/league-of-legends\/brazilian-championship\/","url":"https:\/\/1xplayz.com\/fr\/league-of-legends\/brazilian-championship\/","name":"Pr\u00e9dire le championnat br\u00e9silien de LoL 2023 - Pronostiqueurs eSports - 1xPlayz","isPartOf":{"@id":"https:\/\/1xplayz.com\/fr\/de\/#website"},"primaryImageOfPage":{"@id":"https:\/\/1xplayz.com\/fr\/league-of-legends\/brazilian-championship\/#primaryimage"},"image":{"@id":"https:\/\/1xplayz.com\/fr\/league-of-legends\/brazilian-championship\/#primaryimage"},"thumbnailUrl":"https:\/\/1xplayz.com\/wp-content\/uploads\/2021\/07\/english-free-bet-esports.jpg","datePublished":"2021-07-31T13:55:57+00:00","dateModified":"2023-03-08T03:43:09+00:00","description":"Pronostics Campeonato Brasileiro de League of Legends 2023 Les pronostics pour les Campeonato Brasileiro de League of Legends CBLoL 2023 sont gratuits.","breadcrumb":{"@id":"https:\/\/1xplayz.com\/fr\/league-of-legends\/brazilian-championship\/#breadcrumb"},"inLanguage":"fr-FR","potentialAction":[{"@type":"ReadAction","target":["https:\/\/1xplayz.com\/fr\/league-of-legends\/brazilian-championship\/"]}]},{"@type":"ImageObject","inLanguage":"fr-FR","@id":"https:\/\/1xplayz.com\/fr\/league-of-legends\/brazilian-championship\/#primaryimage","url":"https:\/\/1xplayz.com\/wp-content\/uploads\/2021\/07\/english-free-bet-esports.jpg","contentUrl":"https:\/\/1xplayz.com\/wp-content\/uploads\/2021\/07\/english-free-bet-esports.jpg"},{"@type":"BreadcrumbList","@id":"https:\/\/1xplayz.com\/fr\/league-of-legends\/brazilian-championship\/#breadcrumb","itemListElement":[{"@type":"ListItem","position":1,"name":"Home","item":"https:\/\/1xplayz.com\/fr\/"},{"@type":"ListItem","position":2,"name":"Pronostics League of Legends 2023","item":"https:\/\/1xplayz.com\/fr\/league-of-legends\/"},{"@type":"ListItem","position":3,"name":"Pr\u00e9dire le championnat br\u00e9silien de LoL 2023"}]},{"@type":"WebSite","@id":"https:\/\/1xplayz.com\/fr\/de\/#website","url":"https:\/\/1xplayz.com\/fr\/de\/","name":"1xPlayz","description":"Pronostiqueurs eSports","publisher":{"@id":"https:\/\/1xplayz.com\/fr\/de\/#\/schema\/person\/8eadc1d14ab3326bbc7a655fbfe061cf"},"potentialAction":[{"@type":"SearchAction","target":{"@type":"EntryPoint","urlTemplate":"https:\/\/1xplayz.com\/fr\/de\/?s={search_term_string}"},"query-input":{"@type":"PropertyValueSpecification","valueRequired":true,"valueName":"search_term_string"}}],"inLanguage":"fr-FR"},{"@type":["Person","Organization"],"@id":"https:\/\/1xplayz.com\/fr\/de\/#\/schema\/person\/8eadc1d14ab3326bbc7a655fbfe061cf","name":"1xPlayz","image":{"@type":"ImageObject","inLanguage":"fr-FR","@id":"https:\/\/1xplayz.com\/fr\/de\/#\/schema\/person\/image\/","url":"https:\/\/1xplayz.com\/wp-content\/uploads\/2021\/07\/1xp.png","contentUrl":"https:\/\/1xplayz.com\/wp-content\/uploads\/2021\/07\/1xp.png","width":500,"height":500,"caption":"1xPlayz"},"logo":{"@id":"https:\/\/1xplayz.com\/fr\/de\/#\/schema\/person\/image\/"},"sameAs":["http:\/\/1xplayz.com"]}]}},"_links":{"self":[{"href":"https:\/\/1xplayz.com\/fr\/wp-json\/wp\/v2\/pages\/2062","targetHints":{"allow":["GET"]}}],"collection":[{"href":"https:\/\/1xplayz.com\/fr\/wp-json\/wp\/v2\/pages"}],"about":[{"href":"https:\/\/1xplayz.com\/fr\/wp-json\/wp\/v2\/types\/page"}],"author":[{"embeddable":true,"href":"https:\/\/1xplayz.com\/fr\/wp-json\/wp\/v2\/users\/1"}],"replies":[{"embeddable":true,"href":"https:\/\/1xplayz.com\/fr\/wp-json\/wp\/v2\/comments?post=2062"}],"version-history":[{"count":12,"href":"https:\/\/1xplayz.com\/fr\/wp-json\/wp\/v2\/pages\/2062\/revisions"}],"predecessor-version":[{"id":42392,"href":"https:\/\/1xplayz.com\/fr\/wp-json\/wp\/v2\/pages\/2062\/revisions\/42392"}],"up":[{"embeddable":true,"href":"https:\/\/1xplayz.com\/fr\/wp-json\/wp\/v2\/pages\/1584"}],"wp:attachment":[{"href":"https:\/\/1xplayz.com\/fr\/wp-json\/wp\/v2\/media?parent=2062"}],"curies":[{"name":"wp","href":"https:\/\/api.w.org\/{rel}","templated":true}]}}