{"id":2453,"date":"2021-08-03T14:37:13","date_gmt":"2021-08-03T07:37:13","guid":{"rendered":"https:\/\/1xplayz.com\/?page_id=2453"},"modified":"2023-03-07T21:53:40","modified_gmt":"2023-03-07T14:53:40","slug":"pro-league-china","status":"publish","type":"page","link":"https:\/\/1xplayz.com\/fr\/league-of-legends\/pro-league-china\/","title":{"rendered":"League of Legends Pro League (LPL) 2023"},"content":{"rendered":"\n<h2 class=\"wp-block-heading\">Pronostics LOL Pro League LPL 2023<\/h2>\n\n\n\n<p>Il s&rsquo;agit de la pr\u00e9diction du tournoi esports de la Ligue chinoise de la League of Legends Pro League (LPL) 2023. Nous pr\u00e9disons chaque match pour les diff\u00e9rences en fonction du format de la ligue. Dans la phase de groupes, devrait \u00eatre uniquement pour l&rsquo;\u00e9quipe gagnante. Pour le play-off, le match a plus d&rsquo;options de paris que nous pr\u00e9disons l&rsquo;\u00e9quipe gagnante, le total des cartes et le score correct. Tous les pronostics pour parier tous les matchs sont dans le <a title=\"Calendriers League of Legends Pro League China LPL\" href=\"https:\/\/1xplayz.com\/calendars\/predictions-league-of-legends-pro-league-china\/\">horaires de League of Legends Pro League LPL<\/a>.<\/p>\n\n\n\n<a href=\"https:\/\/refpa.top\/L?tag=d_1105835m_97c_&amp;site=1105835&amp;ad=97&amp;r=allgamesentrance\/\" target=\"_blank\" rel=\"nofollow noopener\"><img loading=\"lazy\" decoding=\"async\" src=\"https:\/\/1xplayz.com\/wp-content\/uploads\/2021\/07\/french-free-bet-esports-1024x256.jpg\" alt=\"french free bet esports\" width=\"800\" height=\"200\" class=\"size-large wp-image-2166\" srcset=\"https:\/\/1xplayz.com\/wp-content\/uploads\/2021\/07\/french-free-bet-esports-1024x256.jpg 1024w, https:\/\/1xplayz.com\/wp-content\/uploads\/2021\/07\/french-free-bet-esports-300x75.jpg 300w, https:\/\/1xplayz.com\/wp-content\/uploads\/2021\/07\/french-free-bet-esports-768x192.jpg 768w, https:\/\/1xplayz.com\/wp-content\/uploads\/2021\/07\/french-free-bet-esports-128x32.jpg 128w, https:\/\/1xplayz.com\/wp-content\/uploads\/2021\/07\/french-free-bet-esports-32x8.jpg 32w, https:\/\/1xplayz.com\/wp-content\/uploads\/2021\/07\/french-free-bet-esports.jpg 1500w\" sizes=\"auto, (max-width: 800px) 100vw, 800px\" \/><\/a>\n\n\n\n<div class=\"sportspress sp-widget-align-none\"><h4 class=\"sp-table-caption\">Pronostics League of Legends Pro League Chine<\/h4><div class=\"sp-template sp-template-event-blocks\">\n\t<div class=\"sp-table-wrapper\">\n\t\t<table class=\"sp-event-blocks sp-data-table\n\t\t\t\t\t sp-paginated-table\" data-sp-rows=\"5\">\n\t\t\t<thead><tr><th><\/th><\/tr><\/thead> \t\t\t<tbody>\n\t\t\t\t\t\t\t<\/tbody>\n\t\t<\/table>\n\t<\/div>\n\t<div class=\"sp-calendar-link sp-view-all-link\"><a href=\"https:\/\/1xplayz.com\/fr\/calendars\/predictions-league-of-legends-pro-league-china\/\">Voir tous les \u00e9v\u00e8nements<\/a><\/div><\/div>\n<\/div>\n\n\n\n<h2 class=\"wp-block-heading\">\u00c0 propos de LOL Pro League Chine 2023<\/h2>\n\n\n\n<p>La League of Legends Pro League 2023 est la ligue d&rsquo;esports de niveau majeur (S-Tier) de la League en Chine. League of Legends Pro League a un nom court de LPL. Le tournoi esport LOL de <strong>Riot Games China<\/strong> est divis\u00e9 en deux formats dont le premier est la phase de groupes rejointe par 17 \u00e9quipes de cinq joueurs. Chaque ann\u00e9e, LPL a deux saisons de printemps et d&rsquo;\u00e9t\u00e9. Chaque saison comporte deux \u00e9tapes, la phase de groupes et les \u00e9liminatoires. Le format de la phase de groupes est le <strong>Single Round-Robin<\/strong>.\u200b Les 10 meilleures \u00e9quipes du classement vont aux Playoffs. Dans ces 10 \u00e9quipes, les deux meilleures \u00e9quipes sont class\u00e9es dans les demi-finales, tandis que les 3e et 4e \u00e9quipes sont class\u00e9es dans la derni\u00e8re ronde des s\u00e9ries \u00e9liminatoires. Les \u00e9quipes class\u00e9es 5e et 6e acc\u00e8dent au deuxi\u00e8me tour des playoffs. Pour les 7e \u00e0 10e derni\u00e8res \u00e9quipes du classement, les \u00e9quipes doivent disputer les \u00e9liminatoires du premier tour. Tous les matchs sont au meilleur des 3 (B03). Les s\u00e9ries \u00e9liminatoires ont deux phases; en utilisant la diff\u00e9rence de deux formats. Les s\u00e9ries \u00e9liminatoires de la phase un sont au format King-of-the-Hill. La phase deux des Playoffs est un format \u00e0 double \u00e9limination. Tous les matchs sont en Bo5. Le vainqueur du LPL Spring se qualifie pour le <a title=\"LOL Mid Season Invitational 2022\" href=\"https:\/\/1xplayz.com\/fr\/league-of-legends\/mid-season-invitational\/\">League of Legends Mid Season Invitational 2023<\/a>. Le LPL Spring 2023 se situe dans cinq villes diff\u00e9rentes telles que Shanghai, Suzhou, Hangzhou, Shenzhen et Xi&rsquo;an. Ce printemps, la cagnotte est de <strong>4&nbsp;200&nbsp;000&nbsp;CNY<\/strong>, soit environ <strong>659&nbsp;304&nbsp;USD<\/strong>.<\/p>\n\n\n\n<div class=\"sportspress sp-widget-align-none\"><h4 class=\"sp-table-caption\">Results League of Legends Pro League China 2022<\/h4><div class=\"sp-template sp-template-event-blocks\">\n\t<div class=\"sp-table-wrapper\">\n\t\t<table class=\"sp-event-blocks sp-data-table\n\t\t\t\t\t sp-paginated-table\" data-sp-rows=\"5\">\n\t\t\t<thead><tr><th><\/th><\/tr><\/thead> \t\t\t<tbody>\n\t\t\t\t\t\t\t\t\t<tr class=\"sp-row sp-post alternate\" itemscope itemtype=\"http:\/\/schema.org\/SportsEvent\">\n\t\t\t\t\t\t<td>\n\t\t\t\t\t\t\t\t\t\t\t\t\t\t<span class=\"team-logo logo-odd\" title=\"Victory Five\"><a href=\"https:\/\/1xplayz.com\/fr\/teams\/victory-five\/\"><img loading=\"lazy\" decoding=\"async\" width=\"128\" height=\"109\" src=\"https:\/\/1xplayz.com\/wp-content\/uploads\/2021\/06\/victory-five-esport-team-128x109.png\" class=\"attachment-sportspress-fit-icon size-sportspress-fit-icon wp-post-image\" alt=\"victory five esports team\" \/><\/a><\/span> <span class=\"team-logo logo-even\" title=\"LNG Esports\"><a href=\"https:\/\/1xplayz.com\/fr\/teams\/lng-esports\/\"><img loading=\"lazy\" decoding=\"async\" width=\"128\" height=\"109\" src=\"https:\/\/1xplayz.com\/wp-content\/uploads\/2021\/06\/lng-esports-team-128x109.png\" class=\"attachment-sportspress-fit-icon size-sportspress-fit-icon wp-post-image\" alt=\"lng esports team\" \/><\/a><\/span>\t\t\t\t\t\t\t<time class=\"sp-event-date\" datetime=\"2022-09-03 19:00:48\" itemprop=\"startDate\" content=\"2022-09-03T19:00:48+07:00\">\n\t\t\t\t\t\t\t\t<a href=\"https:\/\/1xplayz.com\/fr\/matches\/victory-five-vs-lng-esports-09-03-2022\/\">septembre 3, 2022<\/a>\t\t\t\t\t\t\t<\/time>\n\t\t\t\t\t\t\t\t\t\t\t\t\t\t<h5 class=\"sp-event-results\">\n\t\t\t\t\t\t\t\t<a href=\"https:\/\/1xplayz.com\/fr\/matches\/victory-five-vs-lng-esports-09-03-2022\/\"><span class=\"sp-result ok\">1<\/span> - <span class=\"sp-result\">3<\/span><\/a>\t\t\t\t\t\t\t<\/h5>\n\t\t\t\t\t\t\t\t\t\t\t\t\t\t\t<div class=\"sp-event-league\">LOL Pro League China<\/div>\n\t\t\t\t\t\t\t\t\t\t\t\t\t\t\t\t\t\t\t\t\t\t\t\t\t\t\t\t\t\t<div class=\"sp-event-season\">2022<\/div>\n\t\t\t\t\t\t\t\t\t\t\t\t\t\t\t\t\t\t\t\t\t\t\t\t\t\t\t\t\t\t\t\t\t\t\t\t\t<div style=\"display:none;\" class=\"sp-event-venue\" itemprop=\"location\" itemscope itemtype=\"http:\/\/schema.org\/Place\"><div itemprop=\"address\" itemscope itemtype=\"http:\/\/schema.org\/PostalAddress\">N\/C<\/div><\/div>\n\t\t\t\t\t\t\t\t\t\t\t\t\t\t<h4 class=\"sp-event-title\" itemprop=\"name\">\n\t\t\t\t\t\t\t\t<a href=\"https:\/\/1xplayz.com\/fr\/matches\/victory-five-vs-lng-esports-09-03-2022\/\">Victory Five vs LNG Esports<\/a>\t\t\t\t\t\t\t<\/h4>\n\t\t\t\t\t\t\t\n\t\t\t\t\t\t<\/td>\n\t\t\t\t\t<\/tr>\n\t\t\t\t\t\t\t\t\t\t<tr class=\"sp-row sp-post\" itemscope itemtype=\"http:\/\/schema.org\/SportsEvent\">\n\t\t\t\t\t\t<td>\n\t\t\t\t\t\t\t\t\t\t\t\t\t\t<span class=\"team-logo logo-odd\" title=\"Royal Never Give Up\"><a href=\"https:\/\/1xplayz.com\/fr\/teams\/royal-never-give-up\/\"><img loading=\"lazy\" decoding=\"async\" width=\"128\" height=\"109\" src=\"https:\/\/1xplayz.com\/wp-content\/uploads\/2021\/06\/rng-esport-team-128x109.png\" class=\"attachment-sportspress-fit-icon size-sportspress-fit-icon wp-post-image\" alt=\"royal never give up rng esports team\" \/><\/a><\/span> <span class=\"team-logo logo-even\" title=\"EDward Gaming\"><a href=\"https:\/\/1xplayz.com\/fr\/teams\/edward-gaming\/\"><img loading=\"lazy\" decoding=\"async\" width=\"128\" height=\"109\" src=\"https:\/\/1xplayz.com\/wp-content\/uploads\/2021\/06\/Edward-Gaming-esports-team-128x109.png\" class=\"attachment-sportspress-fit-icon size-sportspress-fit-icon wp-post-image\" alt=\"Edward Gaming esports team\" \/><\/a><\/span>\t\t\t\t\t\t\t<time class=\"sp-event-date\" datetime=\"2022-09-02 19:00:48\" itemprop=\"startDate\" content=\"2022-09-02T19:00:48+07:00\">\n\t\t\t\t\t\t\t\t<a href=\"https:\/\/1xplayz.com\/fr\/matches\/royal-never-give-up-vs-edward-gaming-09-02-2022\/\">septembre 2, 2022<\/a>\t\t\t\t\t\t\t<\/time>\n\t\t\t\t\t\t\t\t\t\t\t\t\t\t<h5 class=\"sp-event-results\">\n\t\t\t\t\t\t\t\t<a href=\"https:\/\/1xplayz.com\/fr\/matches\/royal-never-give-up-vs-edward-gaming-09-02-2022\/\"><span class=\"sp-result ok\">2<\/span> - <span class=\"sp-result\">3<\/span><\/a>\t\t\t\t\t\t\t<\/h5>\n\t\t\t\t\t\t\t\t\t\t\t\t\t\t\t<div class=\"sp-event-league\">LOL Pro League China<\/div>\n\t\t\t\t\t\t\t\t\t\t\t\t\t\t\t\t\t\t\t\t\t\t\t\t\t\t\t\t\t\t<div class=\"sp-event-season\">2022<\/div>\n\t\t\t\t\t\t\t\t\t\t\t\t\t\t\t\t\t\t\t\t\t\t\t\t\t\t\t\t\t\t\t\t\t\t\t\t\t<div style=\"display:none;\" class=\"sp-event-venue\" itemprop=\"location\" itemscope itemtype=\"http:\/\/schema.org\/Place\"><div itemprop=\"address\" itemscope itemtype=\"http:\/\/schema.org\/PostalAddress\">N\/C<\/div><\/div>\n\t\t\t\t\t\t\t\t\t\t\t\t\t\t<h4 class=\"sp-event-title\" itemprop=\"name\">\n\t\t\t\t\t\t\t\t<a href=\"https:\/\/1xplayz.com\/fr\/matches\/royal-never-give-up-vs-edward-gaming-09-02-2022\/\">Royal Never Give Up vs EDward Gaming<\/a>\t\t\t\t\t\t\t<\/h4>\n\t\t\t\t\t\t\t\n\t\t\t\t\t\t<\/td>\n\t\t\t\t\t<\/tr>\n\t\t\t\t\t\t\t\t\t\t<tr class=\"sp-row sp-post alternate\" itemscope itemtype=\"http:\/\/schema.org\/SportsEvent\">\n\t\t\t\t\t\t<td>\n\t\t\t\t\t\t\t\t\t\t\t\t\t\t<span class=\"team-logo logo-odd\" title=\"JD Gaming\"><a href=\"https:\/\/1xplayz.com\/fr\/teams\/jd-gaming\/\"><img loading=\"lazy\" decoding=\"async\" width=\"128\" height=\"109\" src=\"https:\/\/1xplayz.com\/wp-content\/uploads\/2021\/06\/jd-gaming-esport-team-128x109.png\" class=\"attachment-sportspress-fit-icon size-sportspress-fit-icon wp-post-image\" alt=\"jd gaming esport team\" \/><\/a><\/span> <span class=\"team-logo logo-even\" title=\"Top Esports\"><a href=\"https:\/\/1xplayz.com\/fr\/teams\/top-esports\/\"><img loading=\"lazy\" decoding=\"async\" width=\"128\" height=\"109\" src=\"https:\/\/1xplayz.com\/wp-content\/uploads\/2021\/06\/Top-Esports-logo-1-128x109.png\" class=\"attachment-sportspress-fit-icon size-sportspress-fit-icon wp-post-image\" alt=\"Top Esports logo\" \/><\/a><\/span>\t\t\t\t\t\t\t<time class=\"sp-event-date\" datetime=\"2022-09-01 19:00:47\" itemprop=\"startDate\" content=\"2022-09-01T19:00:47+07:00\">\n\t\t\t\t\t\t\t\t<a href=\"https:\/\/1xplayz.com\/fr\/matches\/jd-gaming-vs-top-esports-09-01-2022\/\">septembre 1, 2022<\/a>\t\t\t\t\t\t\t<\/time>\n\t\t\t\t\t\t\t\t\t\t\t\t\t\t<h5 class=\"sp-event-results\">\n\t\t\t\t\t\t\t\t<a href=\"https:\/\/1xplayz.com\/fr\/matches\/jd-gaming-vs-top-esports-09-01-2022\/\"><span class=\"sp-result ok\">3<\/span> - <span class=\"sp-result\">2<\/span><\/a>\t\t\t\t\t\t\t<\/h5>\n\t\t\t\t\t\t\t\t\t\t\t\t\t\t\t<div class=\"sp-event-league\">LOL Pro League China<\/div>\n\t\t\t\t\t\t\t\t\t\t\t\t\t\t\t\t\t\t\t\t\t\t\t\t\t\t\t\t\t\t<div class=\"sp-event-season\">2022<\/div>\n\t\t\t\t\t\t\t\t\t\t\t\t\t\t\t\t\t\t\t\t\t\t\t\t\t\t\t\t\t\t\t\t\t\t\t\t\t<div style=\"display:none;\" class=\"sp-event-venue\" itemprop=\"location\" itemscope itemtype=\"http:\/\/schema.org\/Place\"><div itemprop=\"address\" itemscope itemtype=\"http:\/\/schema.org\/PostalAddress\">N\/C<\/div><\/div>\n\t\t\t\t\t\t\t\t\t\t\t\t\t\t<h4 class=\"sp-event-title\" itemprop=\"name\">\n\t\t\t\t\t\t\t\t<a href=\"https:\/\/1xplayz.com\/fr\/matches\/jd-gaming-vs-top-esports-09-01-2022\/\">JD Gaming vs Top Esports<\/a>\t\t\t\t\t\t\t<\/h4>\n\t\t\t\t\t\t\t\n\t\t\t\t\t\t<\/td>\n\t\t\t\t\t<\/tr>\n\t\t\t\t\t\t\t\t<\/tbody>\n\t\t<\/table>\n\t<\/div>\n\t<div class=\"sp-calendar-link sp-view-all-link\"><a href=\"https:\/\/1xplayz.com\/fr\/calendars\/league-of-legends-pro-league-china-2022\/\">Voir tous les \u00e9v\u00e8nements<\/a><\/div><\/div>\n<\/div>\n\n\n\n<h3 class=\"wp-block-heading\">Bookmakers LOL Pro League Chine 2023<\/h3>\n\n\n\n<p>O\u00f9 puis-je parier sur League of Legends Pro League (LPL) 2023? Le meilleur site de paris en ligne pour la LPL et d&rsquo;autres tournois d&rsquo;esports est <strong><a href=\"https:\/\/refpa.top\/L?tag=d_1105835m_97c_&amp;site=1105835&amp;ad=97&amp;r=bonus\/\" target=\"_blank\" rel=\"noreferrer noopener\">1xbet.com<\/a><\/strong>. Ce site Web a un tr\u00e8s bon bonus d&rsquo;inscription avec des r\u00e9compenses et une promotion de remise en argent qui, si le pari perd de l&rsquo;argent, revient. <strong><a href=\"https:\/\/refpa.top\/L?tag=d_1105835m_97c_&amp;site=1105835&amp;ad=97&amp;r=allgamesentrance\/\" target=\"_blank\" rel=\"noreferrer noopener\">1xbet<\/a><\/strong> est le meilleur choix pour les paris Esports et E-Gaming. Ce site Web est tr\u00e8s bien con\u00e7u dans plusieurs langues, prend en charge la plupart des devises avec des promotions pour les membres.<\/p>\n\n\n\n<h3 class=\"wp-block-heading\">Diffusion en direct LOL Pro League 2023<\/h3>\n\n\n\n<p>La diffusion en direct de League of Legends Pro League Chine 2023 serait assur\u00e9e par les sites officiels, la cha\u00eene de t\u00e9l\u00e9vision chinoise locale et le <a href=\"https:\/\/refpa.top\/L?tag=d_1105835m_97c_&amp;site=1105835&amp;ad=97&amp;r=live\/Esports\/\" target=\"_blank\" rel=\"noreferrer noopener\">1XBET<\/a>. Comment regarder les matchs de la LPL? Cr\u00e9ez simplement un compte par <a href=\"https:\/\/refpa.top\/L?tag=d_1105835m_97c_&amp;site=1105835&amp;ad=97&amp;r=live\/Esports\/\" target=\"_blank\" rel=\"noreferrer noopener\">ce lien<\/a>, remplissez les informations requises et cliquez sur les matchs que vous souhaitez regarder.<\/p>\n","protected":false},"excerpt":{"rendered":"<div class=\"mh-excerpt\"><p>Pronostics LOL Pro League LPL 2023 Il s&rsquo;agit de la pr\u00e9diction du tournoi esports de la Ligue chinoise de la League of Legends Pro League <a class=\"mh-excerpt-more\" href=\"https:\/\/1xplayz.com\/fr\/league-of-legends\/pro-league-china\/\" title=\"League of Legends Pro League (LPL) 2023\">[&#8230;]<\/a><\/p>\n<\/div>","protected":false},"author":1,"featured_media":0,"parent":1584,"menu_order":0,"comment_status":"closed","ping_status":"closed","template":"","meta":{"footnotes":""},"class_list":["post-2453","page","type-page","status-publish","hentry"],"yoast_head":"<!-- This site is optimized with the Yoast SEO plugin v26.6 - https:\/\/yoast.com\/wordpress\/plugins\/seo\/ -->\n<title>League of Legends Pro League (LPL) 2023 - Pronostiqueurs eSports - 1xPlayz<\/title>\n<meta name=\"description\" content=\"Pronostics LOL Pro League LPL 2023 Il s&#039;agit de la pr\u00e9diction du tournoi esports de la Ligue chinoise de la League of Legends Pro League (LPL) 2023. Nous\" \/>\n<meta name=\"robots\" content=\"index, follow, max-snippet:-1, max-image-preview:large, max-video-preview:-1\" \/>\n<link rel=\"canonical\" href=\"https:\/\/1xplayz.com\/fr\/league-of-legends\/pro-league-china\/\" \/>\n<meta property=\"og:locale\" content=\"fr_FR\" \/>\n<meta property=\"og:type\" content=\"article\" \/>\n<meta property=\"og:title\" content=\"League of Legends Pro League (LPL) 2023 - Pronostiqueurs eSports - 1xPlayz\" \/>\n<meta property=\"og:description\" content=\"Pronostics LOL Pro League LPL 2023 Il s&#039;agit de la pr\u00e9diction du tournoi esports de la Ligue chinoise de la League of Legends Pro League (LPL) 2023. Nous\" \/>\n<meta property=\"og:url\" content=\"https:\/\/1xplayz.com\/fr\/league-of-legends\/pro-league-china\/\" \/>\n<meta property=\"og:site_name\" content=\"1xPlayz\" \/>\n<meta property=\"article:modified_time\" content=\"2023-03-07T14:53:40+00:00\" \/>\n<meta property=\"og:image\" content=\"https:\/\/1xplayz.com\/wp-content\/uploads\/2021\/07\/french-free-bet-esports-1024x256.jpg\" \/>\n<meta name=\"twitter:card\" content=\"summary_large_image\" \/>\n<meta name=\"twitter:label1\" content=\"Dur\u00e9e de lecture estim\u00e9e\" \/>\n\t<meta name=\"twitter:data1\" content=\"3 minutes\" \/>\n<script type=\"application\/ld+json\" class=\"yoast-schema-graph\">{\"@context\":\"https:\/\/schema.org\",\"@graph\":[{\"@type\":\"WebPage\",\"@id\":\"https:\/\/1xplayz.com\/fr\/league-of-legends\/pro-league-china\/\",\"url\":\"https:\/\/1xplayz.com\/fr\/league-of-legends\/pro-league-china\/\",\"name\":\"League of Legends Pro League (LPL) 2023 - Pronostiqueurs eSports - 1xPlayz\",\"isPartOf\":{\"@id\":\"https:\/\/1xplayz.com\/fr\/de\/#website\"},\"primaryImageOfPage\":{\"@id\":\"https:\/\/1xplayz.com\/fr\/league-of-legends\/pro-league-china\/#primaryimage\"},\"image\":{\"@id\":\"https:\/\/1xplayz.com\/fr\/league-of-legends\/pro-league-china\/#primaryimage\"},\"thumbnailUrl\":\"https:\/\/1xplayz.com\/wp-content\/uploads\/2021\/07\/french-free-bet-esports-1024x256.jpg\",\"datePublished\":\"2021-08-03T07:37:13+00:00\",\"dateModified\":\"2023-03-07T14:53:40+00:00\",\"description\":\"Pronostics LOL Pro League LPL 2023 Il s'agit de la pr\u00e9diction du tournoi esports de la Ligue chinoise de la League of Legends Pro League (LPL) 2023. Nous\",\"breadcrumb\":{\"@id\":\"https:\/\/1xplayz.com\/fr\/league-of-legends\/pro-league-china\/#breadcrumb\"},\"inLanguage\":\"fr-FR\",\"potentialAction\":[{\"@type\":\"ReadAction\",\"target\":[\"https:\/\/1xplayz.com\/fr\/league-of-legends\/pro-league-china\/\"]}]},{\"@type\":\"ImageObject\",\"inLanguage\":\"fr-FR\",\"@id\":\"https:\/\/1xplayz.com\/fr\/league-of-legends\/pro-league-china\/#primaryimage\",\"url\":\"https:\/\/1xplayz.com\/wp-content\/uploads\/2021\/07\/french-free-bet-esports-1024x256.jpg\",\"contentUrl\":\"https:\/\/1xplayz.com\/wp-content\/uploads\/2021\/07\/french-free-bet-esports-1024x256.jpg\"},{\"@type\":\"BreadcrumbList\",\"@id\":\"https:\/\/1xplayz.com\/fr\/league-of-legends\/pro-league-china\/#breadcrumb\",\"itemListElement\":[{\"@type\":\"ListItem\",\"position\":1,\"name\":\"Home\",\"item\":\"https:\/\/1xplayz.com\/fr\/\"},{\"@type\":\"ListItem\",\"position\":2,\"name\":\"Pronostics League of Legends 2023\",\"item\":\"https:\/\/1xplayz.com\/fr\/league-of-legends\/\"},{\"@type\":\"ListItem\",\"position\":3,\"name\":\"League of Legends Pro League (LPL) 2023\"}]},{\"@type\":\"WebSite\",\"@id\":\"https:\/\/1xplayz.com\/fr\/de\/#website\",\"url\":\"https:\/\/1xplayz.com\/fr\/de\/\",\"name\":\"1xPlayz\",\"description\":\"Pronostiqueurs eSports\",\"publisher\":{\"@id\":\"https:\/\/1xplayz.com\/fr\/de\/#\/schema\/person\/8eadc1d14ab3326bbc7a655fbfe061cf\"},\"potentialAction\":[{\"@type\":\"SearchAction\",\"target\":{\"@type\":\"EntryPoint\",\"urlTemplate\":\"https:\/\/1xplayz.com\/fr\/de\/?s={search_term_string}\"},\"query-input\":{\"@type\":\"PropertyValueSpecification\",\"valueRequired\":true,\"valueName\":\"search_term_string\"}}],\"inLanguage\":\"fr-FR\"},{\"@type\":[\"Person\",\"Organization\"],\"@id\":\"https:\/\/1xplayz.com\/fr\/de\/#\/schema\/person\/8eadc1d14ab3326bbc7a655fbfe061cf\",\"name\":\"1xPlayz\",\"image\":{\"@type\":\"ImageObject\",\"inLanguage\":\"fr-FR\",\"@id\":\"https:\/\/1xplayz.com\/fr\/de\/#\/schema\/person\/image\/\",\"url\":\"https:\/\/1xplayz.com\/wp-content\/uploads\/2021\/07\/1xp.png\",\"contentUrl\":\"https:\/\/1xplayz.com\/wp-content\/uploads\/2021\/07\/1xp.png\",\"width\":500,\"height\":500,\"caption\":\"1xPlayz\"},\"logo\":{\"@id\":\"https:\/\/1xplayz.com\/fr\/de\/#\/schema\/person\/image\/\"},\"sameAs\":[\"http:\/\/1xplayz.com\"]}]}<\/script>\n<!-- \/ Yoast SEO plugin. -->","yoast_head_json":{"title":"League of Legends Pro League (LPL) 2023 - Pronostiqueurs eSports - 1xPlayz","description":"Pronostics LOL Pro League LPL 2023 Il s'agit de la pr\u00e9diction du tournoi esports de la Ligue chinoise de la League of Legends Pro League (LPL) 2023. Nous","robots":{"index":"index","follow":"follow","max-snippet":"max-snippet:-1","max-image-preview":"max-image-preview:large","max-video-preview":"max-video-preview:-1"},"canonical":"https:\/\/1xplayz.com\/fr\/league-of-legends\/pro-league-china\/","og_locale":"fr_FR","og_type":"article","og_title":"League of Legends Pro League (LPL) 2023 - Pronostiqueurs eSports - 1xPlayz","og_description":"Pronostics LOL Pro League LPL 2023 Il s'agit de la pr\u00e9diction du tournoi esports de la Ligue chinoise de la League of Legends Pro League (LPL) 2023. Nous","og_url":"https:\/\/1xplayz.com\/fr\/league-of-legends\/pro-league-china\/","og_site_name":"1xPlayz","article_modified_time":"2023-03-07T14:53:40+00:00","og_image":[{"url":"https:\/\/1xplayz.com\/wp-content\/uploads\/2021\/07\/french-free-bet-esports-1024x256.jpg","type":"","width":"","height":""}],"twitter_card":"summary_large_image","twitter_misc":{"Dur\u00e9e de lecture estim\u00e9e":"3 minutes"},"schema":{"@context":"https:\/\/schema.org","@graph":[{"@type":"WebPage","@id":"https:\/\/1xplayz.com\/fr\/league-of-legends\/pro-league-china\/","url":"https:\/\/1xplayz.com\/fr\/league-of-legends\/pro-league-china\/","name":"League of Legends Pro League (LPL) 2023 - Pronostiqueurs eSports - 1xPlayz","isPartOf":{"@id":"https:\/\/1xplayz.com\/fr\/de\/#website"},"primaryImageOfPage":{"@id":"https:\/\/1xplayz.com\/fr\/league-of-legends\/pro-league-china\/#primaryimage"},"image":{"@id":"https:\/\/1xplayz.com\/fr\/league-of-legends\/pro-league-china\/#primaryimage"},"thumbnailUrl":"https:\/\/1xplayz.com\/wp-content\/uploads\/2021\/07\/french-free-bet-esports-1024x256.jpg","datePublished":"2021-08-03T07:37:13+00:00","dateModified":"2023-03-07T14:53:40+00:00","description":"Pronostics LOL Pro League LPL 2023 Il s'agit de la pr\u00e9diction du tournoi esports de la Ligue chinoise de la League of Legends Pro League (LPL) 2023. Nous","breadcrumb":{"@id":"https:\/\/1xplayz.com\/fr\/league-of-legends\/pro-league-china\/#breadcrumb"},"inLanguage":"fr-FR","potentialAction":[{"@type":"ReadAction","target":["https:\/\/1xplayz.com\/fr\/league-of-legends\/pro-league-china\/"]}]},{"@type":"ImageObject","inLanguage":"fr-FR","@id":"https:\/\/1xplayz.com\/fr\/league-of-legends\/pro-league-china\/#primaryimage","url":"https:\/\/1xplayz.com\/wp-content\/uploads\/2021\/07\/french-free-bet-esports-1024x256.jpg","contentUrl":"https:\/\/1xplayz.com\/wp-content\/uploads\/2021\/07\/french-free-bet-esports-1024x256.jpg"},{"@type":"BreadcrumbList","@id":"https:\/\/1xplayz.com\/fr\/league-of-legends\/pro-league-china\/#breadcrumb","itemListElement":[{"@type":"ListItem","position":1,"name":"Home","item":"https:\/\/1xplayz.com\/fr\/"},{"@type":"ListItem","position":2,"name":"Pronostics League of Legends 2023","item":"https:\/\/1xplayz.com\/fr\/league-of-legends\/"},{"@type":"ListItem","position":3,"name":"League of Legends Pro League (LPL) 2023"}]},{"@type":"WebSite","@id":"https:\/\/1xplayz.com\/fr\/de\/#website","url":"https:\/\/1xplayz.com\/fr\/de\/","name":"1xPlayz","description":"Pronostiqueurs eSports","publisher":{"@id":"https:\/\/1xplayz.com\/fr\/de\/#\/schema\/person\/8eadc1d14ab3326bbc7a655fbfe061cf"},"potentialAction":[{"@type":"SearchAction","target":{"@type":"EntryPoint","urlTemplate":"https:\/\/1xplayz.com\/fr\/de\/?s={search_term_string}"},"query-input":{"@type":"PropertyValueSpecification","valueRequired":true,"valueName":"search_term_string"}}],"inLanguage":"fr-FR"},{"@type":["Person","Organization"],"@id":"https:\/\/1xplayz.com\/fr\/de\/#\/schema\/person\/8eadc1d14ab3326bbc7a655fbfe061cf","name":"1xPlayz","image":{"@type":"ImageObject","inLanguage":"fr-FR","@id":"https:\/\/1xplayz.com\/fr\/de\/#\/schema\/person\/image\/","url":"https:\/\/1xplayz.com\/wp-content\/uploads\/2021\/07\/1xp.png","contentUrl":"https:\/\/1xplayz.com\/wp-content\/uploads\/2021\/07\/1xp.png","width":500,"height":500,"caption":"1xPlayz"},"logo":{"@id":"https:\/\/1xplayz.com\/fr\/de\/#\/schema\/person\/image\/"},"sameAs":["http:\/\/1xplayz.com"]}]}},"_links":{"self":[{"href":"https:\/\/1xplayz.com\/fr\/wp-json\/wp\/v2\/pages\/2453","targetHints":{"allow":["GET"]}}],"collection":[{"href":"https:\/\/1xplayz.com\/fr\/wp-json\/wp\/v2\/pages"}],"about":[{"href":"https:\/\/1xplayz.com\/fr\/wp-json\/wp\/v2\/types\/page"}],"author":[{"embeddable":true,"href":"https:\/\/1xplayz.com\/fr\/wp-json\/wp\/v2\/users\/1"}],"replies":[{"embeddable":true,"href":"https:\/\/1xplayz.com\/fr\/wp-json\/wp\/v2\/comments?post=2453"}],"version-history":[{"count":16,"href":"https:\/\/1xplayz.com\/fr\/wp-json\/wp\/v2\/pages\/2453\/revisions"}],"predecessor-version":[{"id":42359,"href":"https:\/\/1xplayz.com\/fr\/wp-json\/wp\/v2\/pages\/2453\/revisions\/42359"}],"up":[{"embeddable":true,"href":"https:\/\/1xplayz.com\/fr\/wp-json\/wp\/v2\/pages\/1584"}],"wp:attachment":[{"href":"https:\/\/1xplayz.com\/fr\/wp-json\/wp\/v2\/media?parent=2453"}],"curies":[{"name":"wp","href":"https:\/\/api.w.org\/{rel}","templated":true}]}}