{"id":29829,"date":"2022-11-19T16:37:49","date_gmt":"2022-11-19T09:37:49","guid":{"rendered":"https:\/\/1xplayz.com\/?page_id=29829"},"modified":"2022-12-02T22:32:24","modified_gmt":"2022-12-02T15:32:24","slug":"1xbet","status":"publish","type":"page","link":"https:\/\/1xplayz.com\/fr\/esports-bookies\/1xbet\/","title":{"rendered":"1XBET ESPORT Bookmaker"},"content":{"rendered":"\n<p>Savez-vous que vous pouvez \u00e9galement parier sur les matchs ESports ? <strong>1XBET<\/strong> est un site Web de paris en ligne qui propose un large \u00e9ventail de march\u00e9s de paris sportifs et visuels. C&rsquo;est l&rsquo;un des principaux sites de paris eSports qui propose tous les types de tournois eSports auxquels vous pouvez penser. Cette soci\u00e9t\u00e9 a \u00e9t\u00e9 fond\u00e9e en 2007 et poss\u00e8de une licence de Caracau, Chypre. Le site propose des paris sportifs, des paris sportifs \u00e9lectroniques, un casino et 1xgames. Il est bien connu pour ses bonus, ses cotes en direct, ses diverses options de retrait, son espace casino et sa version mobile. <a href=\"https:\/\/refpa.top\/L?tag=d_1105835m_97c_&amp;site=1105835&amp;ad=97&amp;r=bonus\/\" target=\"_blank\" rel=\"nofollow noopener\">1xbet.com<\/a> ne concerne pas seulement les paris Esports, il couvre presque tous les sports, casino, loto, bingo, financier. <\/p>\n\n\n\n<figure class=\"wp-block-image size-large\"><img loading=\"lazy\" decoding=\"async\" width=\"1024\" height=\"564\" src=\"https:\/\/1xplayz.com\/wp-content\/uploads\/2022\/12\/1xbet-fr-esports-bookies-1024x564.png\" alt=\"\" class=\"wp-image-42116\" srcset=\"https:\/\/1xplayz.com\/wp-content\/uploads\/2022\/12\/1xbet-fr-esports-bookies-1024x564.png 1024w, https:\/\/1xplayz.com\/wp-content\/uploads\/2022\/12\/1xbet-fr-esports-bookies-300x165.png 300w, https:\/\/1xplayz.com\/wp-content\/uploads\/2022\/12\/1xbet-fr-esports-bookies-768x423.png 768w, https:\/\/1xplayz.com\/wp-content\/uploads\/2022\/12\/1xbet-fr-esports-bookies-1536x845.png 1536w, https:\/\/1xplayz.com\/wp-content\/uploads\/2022\/12\/1xbet-fr-esports-bookies-2048x1127.png 2048w, https:\/\/1xplayz.com\/wp-content\/uploads\/2022\/12\/1xbet-fr-esports-bookies-128x70.png 128w, https:\/\/1xplayz.com\/wp-content\/uploads\/2022\/12\/1xbet-fr-esports-bookies-32x18.png 32w\" sizes=\"auto, (max-width: 1024px) 100vw, 1024px\" \/><\/figure>\n\n\n\n<h2 class=\"wp-block-heading\">Comment s&rsquo;inscrire \u00e0 1xBet?<\/h2>\n\n\n\n<p>Cr\u00e9er un compte avec <a href=\"https:\/\/refpa.top\/L?tag=d_1105835m_97c_&amp;site=1105835&amp;ad=97&amp;r=bonus\/\" target=\"_blank\" rel=\"nofollow noopener\">1xBET<\/a> est assez rapide et facile. Pour vous inscrire, vous avez besoin d&rsquo;un num\u00e9ro de t\u00e9l\u00e9phone et\/ou d&rsquo;un email, ou d&rsquo;un profil sur les r\u00e9seaux sociaux. N&rsquo;oubliez pas de mettre des informations r\u00e9elles sur vous dans votre nouveau profil de compte 1xBet. Il est important pour votre utilisation future de d\u00e9poser et de retirer de l&rsquo;argent de votre compte. Alors, comment cr\u00e9er un compte 1XBET ? Il existe des moyens plus rapides de cr\u00e9er un compte que vous trouverez ci-dessous.<\/p>\n\n\n\n<h3 class=\"wp-block-heading\">Enregistrez 1xBET en un clic<\/h3>\n\n\n\n<p>La premi\u00e8re option pour enregistrer un nouveau compte est l&rsquo;enregistrement en un clic. Ici, les informations n\u00e9cessaires sont votre pays de r\u00e9sidence et la devise, puis cliquez sur \u00ab\u00a0S&rsquo;inscrire\u00a0\u00bb. Dans cette m\u00e9thode, vous recevrez un nom d&rsquo;utilisateur et un mot de passe. Ensuite, vous devrez entrer vos donn\u00e9es personnelles dans votre compte plus tard.<\/p>\n\n\n\n<figure class=\"wp-block-image size-large\"><img loading=\"lazy\" decoding=\"async\" width=\"1024\" height=\"482\" src=\"https:\/\/1xplayz.com\/wp-content\/uploads\/2022\/12\/incription-1xbet-en-un-clic-1024x482.png\" alt=\"\" class=\"wp-image-42125\" srcset=\"https:\/\/1xplayz.com\/wp-content\/uploads\/2022\/12\/incription-1xbet-en-un-clic-1024x482.png 1024w, https:\/\/1xplayz.com\/wp-content\/uploads\/2022\/12\/incription-1xbet-en-un-clic-300x141.png 300w, https:\/\/1xplayz.com\/wp-content\/uploads\/2022\/12\/incription-1xbet-en-un-clic-768x362.png 768w, https:\/\/1xplayz.com\/wp-content\/uploads\/2022\/12\/incription-1xbet-en-un-clic-1536x724.png 1536w, https:\/\/1xplayz.com\/wp-content\/uploads\/2022\/12\/incription-1xbet-en-un-clic-2048x965.png 2048w, https:\/\/1xplayz.com\/wp-content\/uploads\/2022\/12\/incription-1xbet-en-un-clic-128x60.png 128w, https:\/\/1xplayz.com\/wp-content\/uploads\/2022\/12\/incription-1xbet-en-un-clic-32x15.png 32w\" sizes=\"auto, (max-width: 1024px) 100vw, 1024px\" \/><\/figure>\n\n\n\n<h3 class=\"wp-block-heading\">Enregistrez 1xBET par num\u00e9ro de t\u00e9l\u00e9phone<\/h3>\n\n\n\n<p>Ici, vous avez besoin de votre num\u00e9ro de t\u00e9l\u00e9phone utilis\u00e9 et de votre devise pr\u00e9f\u00e9r\u00e9e. Ensuite, vous recevrez un message par t\u00e9l\u00e9phone pour confirmer votre inscription.<\/p>\n\n\n\n<figure class=\"wp-block-image size-large\"><img loading=\"lazy\" decoding=\"async\" width=\"1024\" height=\"534\" src=\"https:\/\/1xplayz.com\/wp-content\/uploads\/2022\/12\/inscription-par-telephone-1024x534.png\" alt=\"\" class=\"wp-image-42135\" srcset=\"https:\/\/1xplayz.com\/wp-content\/uploads\/2022\/12\/inscription-par-telephone-1024x534.png 1024w, https:\/\/1xplayz.com\/wp-content\/uploads\/2022\/12\/inscription-par-telephone-300x156.png 300w, https:\/\/1xplayz.com\/wp-content\/uploads\/2022\/12\/inscription-par-telephone-768x400.png 768w, https:\/\/1xplayz.com\/wp-content\/uploads\/2022\/12\/inscription-par-telephone-1536x801.png 1536w, https:\/\/1xplayz.com\/wp-content\/uploads\/2022\/12\/inscription-par-telephone-2048x1068.png 2048w, https:\/\/1xplayz.com\/wp-content\/uploads\/2022\/12\/inscription-par-telephone-128x67.png 128w, https:\/\/1xplayz.com\/wp-content\/uploads\/2022\/12\/inscription-par-telephone-32x17.png 32w\" sizes=\"auto, (max-width: 1024px) 100vw, 1024px\" \/><\/figure>\n\n\n\n<h3 class=\"wp-block-heading\">Enregistrez 1xBET par e-mail<\/h3>\n\n\n\n<p>L&rsquo;enregistrement par e-mail est un peu plus de champs \u00e0 remplir, mais une fois que vous avez termin\u00e9, votre compte est presque complet. N&rsquo;oubliez pas de v\u00e9rifier votre courrier \u00e9lectronique et de terminer l&rsquo;inscription, suivez les instructions.<\/p>\n\n\n\n<figure class=\"wp-block-image size-large\"><img loading=\"lazy\" decoding=\"async\" width=\"1024\" height=\"682\" src=\"https:\/\/1xplayz.com\/wp-content\/uploads\/2022\/12\/incription-1xbet-par-e-mail-1024x682.png\" alt=\"\" class=\"wp-image-42144\" srcset=\"https:\/\/1xplayz.com\/wp-content\/uploads\/2022\/12\/incription-1xbet-par-e-mail-1024x682.png 1024w, https:\/\/1xplayz.com\/wp-content\/uploads\/2022\/12\/incription-1xbet-par-e-mail-300x200.png 300w, https:\/\/1xplayz.com\/wp-content\/uploads\/2022\/12\/incription-1xbet-par-e-mail-768x511.png 768w, https:\/\/1xplayz.com\/wp-content\/uploads\/2022\/12\/incription-1xbet-par-e-mail-1536x1023.png 1536w, https:\/\/1xplayz.com\/wp-content\/uploads\/2022\/12\/incription-1xbet-par-e-mail-2048x1363.png 2048w, https:\/\/1xplayz.com\/wp-content\/uploads\/2022\/12\/incription-1xbet-par-e-mail-128x85.png 128w, https:\/\/1xplayz.com\/wp-content\/uploads\/2022\/12\/incription-1xbet-par-e-mail-32x21.png 32w\" sizes=\"auto, (max-width: 1024px) 100vw, 1024px\" \/><\/figure>\n\n\n\n<h3 class=\"wp-block-heading\">Enregistrez 1xBET par r\u00e9seau social<\/h3>\n\n\n\n<p>La derni\u00e8re option pour s&rsquo;inscrire est par les r\u00e9seaux sociaux tels que Yandex, Telegram, Vkontakte, Mail.ru, Odnoklassniki, Gmail et Facebook. Cela signifie que vous s\u00e9lectionnez simplement votre devise et votre pays et choisissez quel compte social est li\u00e9 \u00e0 votre 1xbet.<br>En fonction de l&rsquo;option que vous choisissez, vous devrez dans tous les cas compl\u00e9ter votre profil complet.<\/p>\n\n\n\n<figure class=\"wp-block-image size-large\"><img loading=\"lazy\" decoding=\"async\" width=\"1024\" height=\"489\" src=\"https:\/\/1xplayz.com\/wp-content\/uploads\/2022\/12\/incription-1xbet-reseaux-sociaux-et-massageries-1024x489.png\" alt=\"\" class=\"wp-image-42153\" srcset=\"https:\/\/1xplayz.com\/wp-content\/uploads\/2022\/12\/incription-1xbet-reseaux-sociaux-et-massageries-1024x489.png 1024w, https:\/\/1xplayz.com\/wp-content\/uploads\/2022\/12\/incription-1xbet-reseaux-sociaux-et-massageries-300x143.png 300w, https:\/\/1xplayz.com\/wp-content\/uploads\/2022\/12\/incription-1xbet-reseaux-sociaux-et-massageries-768x367.png 768w, https:\/\/1xplayz.com\/wp-content\/uploads\/2022\/12\/incription-1xbet-reseaux-sociaux-et-massageries-1536x734.png 1536w, https:\/\/1xplayz.com\/wp-content\/uploads\/2022\/12\/incription-1xbet-reseaux-sociaux-et-massageries-2048x979.png 2048w, https:\/\/1xplayz.com\/wp-content\/uploads\/2022\/12\/incription-1xbet-reseaux-sociaux-et-massageries-128x61.png 128w, https:\/\/1xplayz.com\/wp-content\/uploads\/2022\/12\/incription-1xbet-reseaux-sociaux-et-massageries-32x15.png 32w\" sizes=\"auto, (max-width: 1024px) 100vw, 1024px\" \/><\/figure>\n\n\n\n<h2 class=\"wp-block-heading\">Modes de paiement pour les paris sur 1xBet<\/h2>\n\n\n\n<p>1xBet propose plus de 80 m\u00e9thodes de paiement disponibles pour le d\u00e9p\u00f4t et le retrait dans les comptes des membres. Cependant, ces options de paiement peuvent varier d&rsquo;un pays \u00e0 l&rsquo;autre. Vous trouverez les m\u00e9thodes de paiement les plus basiques disponibles:<\/p>\n\n\n\n<ul class=\"wp-block-list\">\n<li>VisaCard\/MasterCard<\/li>\n\n\n\n<li>Payeer<\/li>\n\n\n\n<li>Perfect Money<\/li>\n\n\n\n<li>Local Bank transfer<\/li>\n\n\n\n<li>Paysafe Card<\/li>\n\n\n\n<li>Bitcoin<\/li>\n\n\n\n<li>et plus de type de Cryptos<\/li>\n<\/ul>\n\n\n\n<h2 class=\"wp-block-heading\">Quels types de sports peut-on parier sur 1xBet?<\/h2>\n\n\n\n<p>Certains \u00e9v\u00e9nements sportifs sp\u00e9cifiques peuvent varier d&rsquo;une r\u00e9gion \u00e0 l&rsquo;autre, mais vous trouverez ces sports\/cat\u00e9gories sur lesquels parier toute l&rsquo;ann\u00e9e&nbsp;: ski alpin, football am\u00e9ricain, athl\u00e9tisme, r\u00e9compenses, badminton, basket-ball, volley-ball de plage, biathlon, boxe, \u00e9checs, cricket, Cyclisme, Fl\u00e9chettes, Divertissement, eSports, Hockey sur gazon, Floorball, Football, Formule 1, Futsal, Golf, L\u00e9vriers, Handball, Courses hippiques, Hockey sur glace, MMA, Arts martiaux, MotoGP, Sports motoris\u00e9s, Motos, Netball, Jeux olympiques, Pesapallo , Politique, Rugby, Rugby, Voile, Snooker, Paris sp\u00e9ciaux, Patinage de vitesse, Speedway, Squash, Natation, TV, Tennis, Trot, Sports am\u00e9ricains, Volleyball, Water polo, M\u00e9t\u00e9o.<\/p>\n\n\n\n<h2 class=\"wp-block-heading\">Quel type d&rsquo;eSports sont dans 1xBet?<\/h2>\n\n\n\n<p>Les jeux qui figurent sur la liste des paris sont une sorte de jeu qui correspond au standard du sport \u00e9lectronique. Il peut s&rsquo;agir de matchs de tournois locaux ou internationaux.<\/p>\n\n\n\n<div class=\"wp-block-columns is-layout-flex wp-container-core-columns-is-layout-9d6595d7 wp-block-columns-is-layout-flex\">\n<div class=\"wp-block-column is-layout-flow wp-block-column-is-layout-flow\">\n<ul class=\"wp-block-list\">\n<li>CS:GO<\/li>\n\n\n\n<li>Dota<\/li>\n\n\n\n<li>StarCraft II<\/li>\n\n\n\n<li>King of Glory<\/li>\n\n\n\n<li>Overwatch<\/li>\n\n\n\n<li>BUBG<\/li>\n\n\n\n<li>Rainbow Six<\/li>\n\n\n\n<li>Age of Empires<\/li>\n\n\n\n<li>Smash<\/li>\n\n\n\n<li>Mobile Legends<\/li>\n\n\n\n<li>Rocket League<\/li>\n\n\n\n<li>Apex Legends<\/li>\n\n\n\n<li>Valorant<\/li>\n\n\n\n<li>PUBG Mobile<\/li>\n\n\n\n<li>Wild Rift<\/li>\n\n\n\n<li>Heroes<\/li>\n\n\n\n<li>Artifact<\/li>\n\n\n\n<li>Brood War<\/li>\n\n\n\n<li>HearthStone<\/li>\n\n\n\n<li>Trackmania<\/li>\n\n\n\n<li>Free Fire<\/li>\n\n\n\n<li>Halo<\/li>\n\n\n\n<li>Fighting Games<\/li>\n\n\n\n<li>Arena of Valor<\/li>\n\n\n\n<li>Call of Duty<\/li>\n\n\n\n<li>Pok\u00e9mon<\/li>\n\n\n\n<li>Fortnite<\/li>\n\n\n\n<li>Arena FBS<\/li>\n\n\n\n<li>Paladins<\/li>\n\n\n\n<li>Team Fortress<\/li>\n\n\n\n<li>World of Warcraft<\/li>\n<\/ul>\n<\/div>\n\n\n\n<div class=\"wp-block-column is-layout-flow wp-block-column-is-layout-flow\">\n<ul class=\"wp-block-list\">\n<li>Clash Royale<\/li>\n\n\n\n<li>Brawl Stars<\/li>\n\n\n\n<li>FIFA<\/li>\n\n\n\n<li>WWE BattleGrounds<\/li>\n\n\n\n<li>eSports Ice Hockey<\/li>\n\n\n\n<li>eSports Basketball<\/li>\n\n\n\n<li>Big Rumble Boxing<\/li>\n\n\n\n<li>Dead or Alive<\/li>\n\n\n\n<li>PES<\/li>\n\n\n\n<li>Guilty Gear<\/li>\n\n\n\n<li>SEGA Football<\/li>\n\n\n\n<li>Winter Olympic Games<\/li>\n\n\n\n<li>League of Legends<\/li>\n\n\n\n<li>eSports Handball<\/li>\n\n\n\n<li>eSports Volleyball<\/li>\n\n\n\n<li>eSports American Football<\/li>\n\n\n\n<li>eSports UFC<\/li>\n\n\n\n<li>eSports Cricket<\/li>\n\n\n\n<li>eSports Rugby<\/li>\n\n\n\n<li>eSports Australian Rules<\/li>\n\n\n\n<li>World of Tanks<\/li>\n\n\n\n<li>eSports Horse Racing<\/li>\n\n\n\n<li>Street Power Football<\/li>\n\n\n\n<li>eSports Tennis<\/li>\n\n\n\n<li>eSports Wrestling<\/li>\n\n\n\n<li>eSports Rally<\/li>\n\n\n\n<li>eSports Golf<\/li>\n\n\n\n<li>Street Fighter<\/li>\n\n\n\n<li>eSports F1<\/li>\n\n\n\n<li>eSports Lacrosse<\/li>\n<\/ul>\n<\/div>\n\n\n\n<div class=\"wp-block-column is-layout-flow wp-block-column-is-layout-flow\">\n<ul class=\"wp-block-list\">\n<li>Steep<\/li>\n\n\n\n<li>Angry Birds<\/li>\n\n\n\n<li>eSports Floorball<\/li>\n\n\n\n<li>The King of Fighters<\/li>\n\n\n\n<li>Injustice<\/li>\n\n\n\n<li>Tekken<\/li>\n\n\n\n<li>Flatout<\/li>\n\n\n\n<li>eSports Pool<\/li>\n\n\n\n<li>LaserLeague<\/li>\n\n\n\n<li>CrossOut<\/li>\n\n\n\n<li>Killer Instinct<\/li>\n\n\n\n<li>Table Football Pro<\/li>\n\n\n\n<li>eSports Table Football<\/li>\n\n\n\n<li>Blade of Soul<\/li>\n\n\n\n<li>Assault Squad<\/li>\n\n\n\n<li>Cut the Rope<\/li>\n\n\n\n<li>Subway Surfers<\/li>\n\n\n\n<li>Sonic<\/li>\n\n\n\n<li>Crash<\/li>\n\n\n\n<li>eSports Bicycle Racing<\/li>\n\n\n\n<li>Overcooked<\/li>\n\n\n\n<li>Sekiro<\/li>\n\n\n\n<li>Bomberman<\/li>\n\n\n\n<li>TABS<\/li>\n\n\n\n<li>Rumble Stars<\/li>\n\n\n\n<li>Robot Champions<\/li>\n\n\n\n<li>Boxing Champs<\/li>\n\n\n\n<li>Raid: Shadow Legends<\/li>\n\n\n\n<li>Super Kickers League<\/li>\n\n\n\n<li>eSports Bowling<\/li>\n\n\n\n<li>Sideswipe<\/li>\n<\/ul>\n<\/div>\n<\/div>\n\n\n\n<h2 class=\"wp-block-heading\"><\/h2>\n","protected":false},"excerpt":{"rendered":"<div class=\"mh-excerpt\"><p>Savez-vous que vous pouvez \u00e9galement parier sur les matchs ESports ? 1XBET est un site Web de paris en ligne qui propose un large \u00e9ventail <a class=\"mh-excerpt-more\" href=\"https:\/\/1xplayz.com\/fr\/esports-bookies\/1xbet\/\" title=\"1XBET ESPORT Bookmaker\">[&#8230;]<\/a><\/p>\n<\/div>","protected":false},"author":1,"featured_media":0,"parent":975,"menu_order":0,"comment_status":"closed","ping_status":"closed","template":"","meta":{"footnotes":""},"class_list":["post-29829","page","type-page","status-publish","hentry"],"yoast_head":"<!-- This site is optimized with the Yoast SEO plugin v26.6 - https:\/\/yoast.com\/wordpress\/plugins\/seo\/ -->\n<title>1XBET ESPORT Bookmaker - Pronostiqueurs eSports - 1xPlayz<\/title>\n<meta name=\"description\" content=\"Savez-vous que vous pouvez \u00e9galement parier sur les matchs ESports ? 1XBET est un site Web de paris en ligne qui propose un large \u00e9ventail de march\u00e9s de\" \/>\n<meta name=\"robots\" content=\"index, follow, max-snippet:-1, max-image-preview:large, max-video-preview:-1\" \/>\n<link rel=\"canonical\" href=\"https:\/\/1xplayz.com\/fr\/esports-bookies\/1xbet\/\" \/>\n<meta property=\"og:locale\" content=\"fr_FR\" \/>\n<meta property=\"og:type\" content=\"article\" \/>\n<meta property=\"og:title\" content=\"1XBET ESPORT Bookmaker - Pronostiqueurs eSports - 1xPlayz\" \/>\n<meta property=\"og:description\" content=\"Savez-vous que vous pouvez \u00e9galement parier sur les matchs ESports ? 1XBET est un site Web de paris en ligne qui propose un large \u00e9ventail de march\u00e9s de\" \/>\n<meta property=\"og:url\" content=\"https:\/\/1xplayz.com\/fr\/esports-bookies\/1xbet\/\" \/>\n<meta property=\"og:site_name\" content=\"1xPlayz\" \/>\n<meta property=\"article:modified_time\" content=\"2022-12-02T15:32:24+00:00\" \/>\n<meta property=\"og:image\" content=\"https:\/\/1xplayz.com\/wp-content\/uploads\/2022\/12\/1xbet-fr-esports-bookies-1024x564.png\" \/>\n<meta name=\"twitter:card\" content=\"summary_large_image\" \/>\n<meta name=\"twitter:label1\" content=\"Dur\u00e9e de lecture estim\u00e9e\" \/>\n\t<meta name=\"twitter:data1\" content=\"4 minutes\" \/>\n<script type=\"application\/ld+json\" class=\"yoast-schema-graph\">{\"@context\":\"https:\/\/schema.org\",\"@graph\":[{\"@type\":\"WebPage\",\"@id\":\"https:\/\/1xplayz.com\/fr\/esports-bookies\/1xbet\/\",\"url\":\"https:\/\/1xplayz.com\/fr\/esports-bookies\/1xbet\/\",\"name\":\"1XBET ESPORT Bookmaker - Pronostiqueurs eSports - 1xPlayz\",\"isPartOf\":{\"@id\":\"https:\/\/1xplayz.com\/fr\/de\/#website\"},\"primaryImageOfPage\":{\"@id\":\"https:\/\/1xplayz.com\/fr\/esports-bookies\/1xbet\/#primaryimage\"},\"image\":{\"@id\":\"https:\/\/1xplayz.com\/fr\/esports-bookies\/1xbet\/#primaryimage\"},\"thumbnailUrl\":\"https:\/\/1xplayz.com\/wp-content\/uploads\/2022\/12\/1xbet-fr-esports-bookies-1024x564.png\",\"datePublished\":\"2022-11-19T09:37:49+00:00\",\"dateModified\":\"2022-12-02T15:32:24+00:00\",\"description\":\"Savez-vous que vous pouvez \u00e9galement parier sur les matchs ESports ? 1XBET est un site Web de paris en ligne qui propose un large \u00e9ventail de march\u00e9s de\",\"breadcrumb\":{\"@id\":\"https:\/\/1xplayz.com\/fr\/esports-bookies\/1xbet\/#breadcrumb\"},\"inLanguage\":\"fr-FR\",\"potentialAction\":[{\"@type\":\"ReadAction\",\"target\":[\"https:\/\/1xplayz.com\/fr\/esports-bookies\/1xbet\/\"]}]},{\"@type\":\"ImageObject\",\"inLanguage\":\"fr-FR\",\"@id\":\"https:\/\/1xplayz.com\/fr\/esports-bookies\/1xbet\/#primaryimage\",\"url\":\"https:\/\/1xplayz.com\/wp-content\/uploads\/2022\/12\/1xbet-fr-esports-bookies-1024x564.png\",\"contentUrl\":\"https:\/\/1xplayz.com\/wp-content\/uploads\/2022\/12\/1xbet-fr-esports-bookies-1024x564.png\"},{\"@type\":\"BreadcrumbList\",\"@id\":\"https:\/\/1xplayz.com\/fr\/esports-bookies\/1xbet\/#breadcrumb\",\"itemListElement\":[{\"@type\":\"ListItem\",\"position\":1,\"name\":\"Home\",\"item\":\"https:\/\/1xplayz.com\/fr\/\"},{\"@type\":\"ListItem\",\"position\":2,\"name\":\"Bookmakers d&#8217;ESports\",\"item\":\"https:\/\/1xplayz.com\/fr\/esports-bookies\/\"},{\"@type\":\"ListItem\",\"position\":3,\"name\":\"1XBET ESPORT Bookmaker\"}]},{\"@type\":\"WebSite\",\"@id\":\"https:\/\/1xplayz.com\/fr\/de\/#website\",\"url\":\"https:\/\/1xplayz.com\/fr\/de\/\",\"name\":\"1xPlayz\",\"description\":\"Pronostiqueurs eSports\",\"publisher\":{\"@id\":\"https:\/\/1xplayz.com\/fr\/de\/#\/schema\/person\/8eadc1d14ab3326bbc7a655fbfe061cf\"},\"potentialAction\":[{\"@type\":\"SearchAction\",\"target\":{\"@type\":\"EntryPoint\",\"urlTemplate\":\"https:\/\/1xplayz.com\/fr\/de\/?s={search_term_string}\"},\"query-input\":{\"@type\":\"PropertyValueSpecification\",\"valueRequired\":true,\"valueName\":\"search_term_string\"}}],\"inLanguage\":\"fr-FR\"},{\"@type\":[\"Person\",\"Organization\"],\"@id\":\"https:\/\/1xplayz.com\/fr\/de\/#\/schema\/person\/8eadc1d14ab3326bbc7a655fbfe061cf\",\"name\":\"1xPlayz\",\"image\":{\"@type\":\"ImageObject\",\"inLanguage\":\"fr-FR\",\"@id\":\"https:\/\/1xplayz.com\/fr\/de\/#\/schema\/person\/image\/\",\"url\":\"https:\/\/1xplayz.com\/wp-content\/uploads\/2021\/07\/1xp.png\",\"contentUrl\":\"https:\/\/1xplayz.com\/wp-content\/uploads\/2021\/07\/1xp.png\",\"width\":500,\"height\":500,\"caption\":\"1xPlayz\"},\"logo\":{\"@id\":\"https:\/\/1xplayz.com\/fr\/de\/#\/schema\/person\/image\/\"},\"sameAs\":[\"http:\/\/1xplayz.com\"]}]}<\/script>\n<!-- \/ Yoast SEO plugin. -->","yoast_head_json":{"title":"1XBET ESPORT Bookmaker - Pronostiqueurs eSports - 1xPlayz","description":"Savez-vous que vous pouvez \u00e9galement parier sur les matchs ESports ? 1XBET est un site Web de paris en ligne qui propose un large \u00e9ventail de march\u00e9s de","robots":{"index":"index","follow":"follow","max-snippet":"max-snippet:-1","max-image-preview":"max-image-preview:large","max-video-preview":"max-video-preview:-1"},"canonical":"https:\/\/1xplayz.com\/fr\/esports-bookies\/1xbet\/","og_locale":"fr_FR","og_type":"article","og_title":"1XBET ESPORT Bookmaker - Pronostiqueurs eSports - 1xPlayz","og_description":"Savez-vous que vous pouvez \u00e9galement parier sur les matchs ESports ? 1XBET est un site Web de paris en ligne qui propose un large \u00e9ventail de march\u00e9s de","og_url":"https:\/\/1xplayz.com\/fr\/esports-bookies\/1xbet\/","og_site_name":"1xPlayz","article_modified_time":"2022-12-02T15:32:24+00:00","og_image":[{"url":"https:\/\/1xplayz.com\/wp-content\/uploads\/2022\/12\/1xbet-fr-esports-bookies-1024x564.png","type":"","width":"","height":""}],"twitter_card":"summary_large_image","twitter_misc":{"Dur\u00e9e de lecture estim\u00e9e":"4 minutes"},"schema":{"@context":"https:\/\/schema.org","@graph":[{"@type":"WebPage","@id":"https:\/\/1xplayz.com\/fr\/esports-bookies\/1xbet\/","url":"https:\/\/1xplayz.com\/fr\/esports-bookies\/1xbet\/","name":"1XBET ESPORT Bookmaker - Pronostiqueurs eSports - 1xPlayz","isPartOf":{"@id":"https:\/\/1xplayz.com\/fr\/de\/#website"},"primaryImageOfPage":{"@id":"https:\/\/1xplayz.com\/fr\/esports-bookies\/1xbet\/#primaryimage"},"image":{"@id":"https:\/\/1xplayz.com\/fr\/esports-bookies\/1xbet\/#primaryimage"},"thumbnailUrl":"https:\/\/1xplayz.com\/wp-content\/uploads\/2022\/12\/1xbet-fr-esports-bookies-1024x564.png","datePublished":"2022-11-19T09:37:49+00:00","dateModified":"2022-12-02T15:32:24+00:00","description":"Savez-vous que vous pouvez \u00e9galement parier sur les matchs ESports ? 1XBET est un site Web de paris en ligne qui propose un large \u00e9ventail de march\u00e9s de","breadcrumb":{"@id":"https:\/\/1xplayz.com\/fr\/esports-bookies\/1xbet\/#breadcrumb"},"inLanguage":"fr-FR","potentialAction":[{"@type":"ReadAction","target":["https:\/\/1xplayz.com\/fr\/esports-bookies\/1xbet\/"]}]},{"@type":"ImageObject","inLanguage":"fr-FR","@id":"https:\/\/1xplayz.com\/fr\/esports-bookies\/1xbet\/#primaryimage","url":"https:\/\/1xplayz.com\/wp-content\/uploads\/2022\/12\/1xbet-fr-esports-bookies-1024x564.png","contentUrl":"https:\/\/1xplayz.com\/wp-content\/uploads\/2022\/12\/1xbet-fr-esports-bookies-1024x564.png"},{"@type":"BreadcrumbList","@id":"https:\/\/1xplayz.com\/fr\/esports-bookies\/1xbet\/#breadcrumb","itemListElement":[{"@type":"ListItem","position":1,"name":"Home","item":"https:\/\/1xplayz.com\/fr\/"},{"@type":"ListItem","position":2,"name":"Bookmakers d&#8217;ESports","item":"https:\/\/1xplayz.com\/fr\/esports-bookies\/"},{"@type":"ListItem","position":3,"name":"1XBET ESPORT Bookmaker"}]},{"@type":"WebSite","@id":"https:\/\/1xplayz.com\/fr\/de\/#website","url":"https:\/\/1xplayz.com\/fr\/de\/","name":"1xPlayz","description":"Pronostiqueurs eSports","publisher":{"@id":"https:\/\/1xplayz.com\/fr\/de\/#\/schema\/person\/8eadc1d14ab3326bbc7a655fbfe061cf"},"potentialAction":[{"@type":"SearchAction","target":{"@type":"EntryPoint","urlTemplate":"https:\/\/1xplayz.com\/fr\/de\/?s={search_term_string}"},"query-input":{"@type":"PropertyValueSpecification","valueRequired":true,"valueName":"search_term_string"}}],"inLanguage":"fr-FR"},{"@type":["Person","Organization"],"@id":"https:\/\/1xplayz.com\/fr\/de\/#\/schema\/person\/8eadc1d14ab3326bbc7a655fbfe061cf","name":"1xPlayz","image":{"@type":"ImageObject","inLanguage":"fr-FR","@id":"https:\/\/1xplayz.com\/fr\/de\/#\/schema\/person\/image\/","url":"https:\/\/1xplayz.com\/wp-content\/uploads\/2021\/07\/1xp.png","contentUrl":"https:\/\/1xplayz.com\/wp-content\/uploads\/2021\/07\/1xp.png","width":500,"height":500,"caption":"1xPlayz"},"logo":{"@id":"https:\/\/1xplayz.com\/fr\/de\/#\/schema\/person\/image\/"},"sameAs":["http:\/\/1xplayz.com"]}]}},"_links":{"self":[{"href":"https:\/\/1xplayz.com\/fr\/wp-json\/wp\/v2\/pages\/29829","targetHints":{"allow":["GET"]}}],"collection":[{"href":"https:\/\/1xplayz.com\/fr\/wp-json\/wp\/v2\/pages"}],"about":[{"href":"https:\/\/1xplayz.com\/fr\/wp-json\/wp\/v2\/types\/page"}],"author":[{"embeddable":true,"href":"https:\/\/1xplayz.com\/fr\/wp-json\/wp\/v2\/users\/1"}],"replies":[{"embeddable":true,"href":"https:\/\/1xplayz.com\/fr\/wp-json\/wp\/v2\/comments?post=29829"}],"version-history":[{"count":28,"href":"https:\/\/1xplayz.com\/fr\/wp-json\/wp\/v2\/pages\/29829\/revisions"}],"predecessor-version":[{"id":42162,"href":"https:\/\/1xplayz.com\/fr\/wp-json\/wp\/v2\/pages\/29829\/revisions\/42162"}],"up":[{"embeddable":true,"href":"https:\/\/1xplayz.com\/fr\/wp-json\/wp\/v2\/pages\/975"}],"wp:attachment":[{"href":"https:\/\/1xplayz.com\/fr\/wp-json\/wp\/v2\/media?parent=29829"}],"curies":[{"name":"wp","href":"https:\/\/api.w.org\/{rel}","templated":true}]}}