{"id":42185,"date":"2022-12-25T16:19:19","date_gmt":"2022-12-25T09:19:19","guid":{"rendered":"https:\/\/1xplayz.com\/mobile-legends\/m4-world-championships\/"},"modified":"2023-01-02T22:17:06","modified_gmt":"2023-01-02T15:17:06","slug":"m4-world-championships","status":"publish","type":"page","link":"https:\/\/1xplayz.com\/fr\/mobile-legends\/m4-world-championships\/","title":{"rendered":"Mobile Legends: Championnats du monde M4 2023"},"content":{"rendered":"\n<h2 class=\"wp-block-heading\">Qu&rsquo;est-ce que les championnats du monde M4?<\/h2>\n\n\n\n<p><strong>Les championnats du monde M4<\/strong> sont l&rsquo;\u00e9v\u00e9nement principal d&rsquo;un tournoi international d&rsquo;esports de Mobile Legends\u00a0: Bang Bang pour la saison 2023. Les championnats du monde M4 sont le premier niveau de MLBB qui a \u00e9t\u00e9 lanc\u00e9 pour la premi\u00e8re fois en 2019 \u00e0 Kuala Lumpur. Pour la premi\u00e8re saison, il s&rsquo;appelait M1. En raison de la pand\u00e9mie de Covid-19, la deuxi\u00e8me saison M2 qui devait se jouer en 2020 a \u00e9t\u00e9 d\u00e9plac\u00e9e en janvier 2021. Le M2 s&rsquo;est d\u00e9roul\u00e9 \u00e0 Singapour avec 12 \u00e9quipes participantes. Le M3 \u00e9tait du n 06 d\u00e9cembre. jusqu&rsquo;au 19 d\u00e9cembre 2021 \u00e0 Singapour \u00e9galement. Ce M4 2023 se d\u00e9roulera du 1er janvier au 15 janvier 2023 \u00e0 Jakarta, en Indon\u00e9sie. Les sponsors des championnats du monde M4 sont Tiktok, Secretlab, Esports Charts et Gank. Cette ann\u00e9e, le prize pool de la comp\u00e9tition est de 800 000 USD.Les \u00e9quipes qualifi\u00e9es pour les championnats du monde (MLBB) viennent des Philippines, d&rsquo;Indon\u00e9sie, de Malaisie, de Singapour, du Br\u00e9sil, de Russie, de Turquie, du Cambodge, d&rsquo;Am\u00e9rique du Sud, d&rsquo;Am\u00e9rique du Nord et du Moyen-Orient.<\/p>\n\n\n\n<figure class=\"wp-block-image size-full\"><img loading=\"lazy\" decoding=\"async\" width=\"760\" height=\"799\" src=\"https:\/\/1xplayz.com\/wp-content\/uploads\/2022\/12\/M4-World-championship.png\" alt=\"\" class=\"wp-image-42172\" srcset=\"https:\/\/1xplayz.com\/wp-content\/uploads\/2022\/12\/M4-World-championship.png 760w, https:\/\/1xplayz.com\/wp-content\/uploads\/2022\/12\/M4-World-championship-285x300.png 285w, https:\/\/1xplayz.com\/wp-content\/uploads\/2022\/12\/M4-World-championship-122x128.png 122w, https:\/\/1xplayz.com\/wp-content\/uploads\/2022\/12\/M4-World-championship-30x32.png 30w\" sizes=\"auto, (max-width: 760px) 100vw, 760px\" \/><\/figure>\n\n\n\n<h2 class=\"wp-block-heading\">Format des championnats du monde M4<\/h2>\n\n\n\n<p>Il y a deux \u00e9tapes de M4, la phase de groupes et les \u00e9liminatoires.<\/p>\n\n\n\n<p><strong>Phase de groupes<\/strong>: compte 16 \u00e9quipes participantes r\u00e9parties en 4 groupes de 4 \u00e9quipes. Ce sera du 1er au 4 janvier 2023. Ce tour est simple tournoi \u00e0 la ronde que tous les matchs sont au meilleur des 1 (BO1). Les 2 meilleures \u00e9quipes de chaque groupe acc\u00e8dent au support sup\u00e9rieur des Playoffs. Les 2 derni\u00e8res acc\u00e8dent au support inf\u00e9rieur des Playoffs.<\/p>\n\n\n\n<p><strong>Phase \u00e0 \u00e9limination directe<\/strong>: du 7 au 15 janvier 2023. Cette phase est \u00e0 double \u00e9limination. Les 16 \u00e9quipes jouent dans un tableau \u00e0 double \u00e9limination. Les 8 \u00e9quipes du tableau inf\u00e9rieur jouent les deux premiers tours par Bo3. La Grande Finale est Bo7 alors que tous les autres matches sont Bo5.<\/p>\n\n\n\n<h3 class=\"wp-block-heading\">Pays et groupes du M4 2023<\/h3>\n\n\n\n<p>M4 se divise en 4 groupes d&rsquo;\u00e9quipes 4. Le tirage au sort de la phase de groupes a eu lieu le 8 d\u00e9cembre 2022. Les 2 meilleures \u00e9quipes se qualifient pour le support sup\u00e9rieur des \u00e9liminatoires, les 2 \u00e9quipes inf\u00e9rieures pour le support inf\u00e9rieur des \u00e9liminatoires.<br><strong>Groupe A<\/strong>: Blacklist International, Burn x Team Flash, Falcon Esports, Incendio Supremacy.<br><strong>Groupe B<\/strong>: Malvinas Gaming, MDH Esports, ONIC Esports, TODAK.<br><strong>Groupe C<\/strong>: ECHO, Occupy Thrones, RRQ Hoshi, RSG Singapore.<br><strong>Groupe D<\/strong>: RRQ Akira, S11 Gaming Argentina, Team HAQ, The Valley.<\/p>\n\n\n\n<h2 class=\"wp-block-heading\">Diffusion en direct de la MLBB M4 2023<\/h2>\n\n\n\n<p>Les joueurs et les supporters peuvent regarder les matchs en direct du championnat du monde avec la page Facebook officielle MBLL et Youtube. Il existe \u00e9galement d&rsquo;autres options \u00e0 regarder avec eSports Bookies <a title=\"Lien eSport vers la diffusion en direct\" href=\"https:\/\/refpa.top\/L?tag=d_1105835m_97c_&amp;site=1105835&amp;ad=97&amp;r=live\/Esports\/\" target=\"_blank\" rel=\"nofollow noopener\">1XBET<\/a>. Comment pouvoir utiliser 1XBET pour regarder les matchs des championnats du monde en direct? Tout d&rsquo;abord, cr\u00e9ez un compte par <a title=\"Bookmaker esports 1XBET\" href=\"https:\/\/refpa.top\/L?tag=d_1105835m_97c_&amp;site=1105835&amp;ad=97&amp;r=line\/Esports\/\" target=\"_blank\" rel=\"nofollow noopener\">ce lien<\/a>. Apr\u00e8s cela, compl\u00e9tez votre compte avec les informations requises. Vous n&rsquo;avez pas \u00e0 d\u00e9poser d&rsquo;argent si vous ne voulez pas parier, vous pouvez toujours acc\u00e9der \u00e0 tous les avantages de la diffusion en direct avec votre compte. En cons\u00e9quence, vous serez capable de regarder le championnat du monde MLBB 2022 ainsi que d&rsquo;autres tournois d&rsquo;esports.<\/p>\n","protected":false},"excerpt":{"rendered":"<div class=\"mh-excerpt\"><p>Qu&rsquo;est-ce que les championnats du monde M4? Les championnats du monde M4 sont l&rsquo;\u00e9v\u00e9nement principal d&rsquo;un tournoi international d&rsquo;esports de Mobile Legends\u00a0: Bang Bang pour <a class=\"mh-excerpt-more\" href=\"https:\/\/1xplayz.com\/fr\/mobile-legends\/m4-world-championships\/\" title=\"Mobile Legends: Championnats du monde M4 2023\">[&#8230;]<\/a><\/p>\n<\/div>","protected":false},"author":1,"featured_media":0,"parent":12587,"menu_order":0,"comment_status":"closed","ping_status":"closed","template":"","meta":{"footnotes":""},"class_list":["post-42185","page","type-page","status-publish","hentry"],"yoast_head":"<!-- This site is optimized with the Yoast SEO plugin v26.6 - https:\/\/yoast.com\/wordpress\/plugins\/seo\/ -->\n<title>Mobile Legends: Championnats du monde M4 2023 - Pronostiqueurs eSports - 1xPlayz<\/title>\n<meta name=\"description\" content=\"Qu&#039;est-ce que les championnats du monde M4? Les championnats du monde M4 sont l&#039;\u00e9v\u00e9nement principal d&#039;un tournoi international d&#039;esports de Mobile\" \/>\n<meta name=\"robots\" content=\"index, follow, max-snippet:-1, max-image-preview:large, max-video-preview:-1\" \/>\n<link rel=\"canonical\" href=\"https:\/\/1xplayz.com\/fr\/mobile-legends\/m4-world-championships\/\" \/>\n<meta property=\"og:locale\" content=\"fr_FR\" \/>\n<meta property=\"og:type\" content=\"article\" \/>\n<meta property=\"og:title\" content=\"Mobile Legends: Championnats du monde M4 2023 - Pronostiqueurs eSports - 1xPlayz\" \/>\n<meta property=\"og:description\" content=\"Qu&#039;est-ce que les championnats du monde M4? Les championnats du monde M4 sont l&#039;\u00e9v\u00e9nement principal d&#039;un tournoi international d&#039;esports de Mobile\" \/>\n<meta property=\"og:url\" content=\"https:\/\/1xplayz.com\/fr\/mobile-legends\/m4-world-championships\/\" \/>\n<meta property=\"og:site_name\" content=\"1xPlayz\" \/>\n<meta property=\"article:modified_time\" content=\"2023-01-02T15:17:06+00:00\" \/>\n<meta property=\"og:image\" content=\"https:\/\/1xplayz.com\/wp-content\/uploads\/2022\/12\/M4-World-championship.png\" \/>\n<meta name=\"twitter:card\" content=\"summary_large_image\" \/>\n<meta name=\"twitter:label1\" content=\"Dur\u00e9e de lecture estim\u00e9e\" \/>\n\t<meta name=\"twitter:data1\" content=\"3 minutes\" \/>\n<script type=\"application\/ld+json\" class=\"yoast-schema-graph\">{\"@context\":\"https:\/\/schema.org\",\"@graph\":[{\"@type\":\"WebPage\",\"@id\":\"https:\/\/1xplayz.com\/fr\/mobile-legends\/m4-world-championships\/\",\"url\":\"https:\/\/1xplayz.com\/fr\/mobile-legends\/m4-world-championships\/\",\"name\":\"Mobile Legends: Championnats du monde M4 2023 - Pronostiqueurs eSports - 1xPlayz\",\"isPartOf\":{\"@id\":\"https:\/\/1xplayz.com\/fr\/de\/#website\"},\"primaryImageOfPage\":{\"@id\":\"https:\/\/1xplayz.com\/fr\/mobile-legends\/m4-world-championships\/#primaryimage\"},\"image\":{\"@id\":\"https:\/\/1xplayz.com\/fr\/mobile-legends\/m4-world-championships\/#primaryimage\"},\"thumbnailUrl\":\"https:\/\/1xplayz.com\/wp-content\/uploads\/2022\/12\/M4-World-championship.png\",\"datePublished\":\"2022-12-25T09:19:19+00:00\",\"dateModified\":\"2023-01-02T15:17:06+00:00\",\"description\":\"Qu'est-ce que les championnats du monde M4? Les championnats du monde M4 sont l'\u00e9v\u00e9nement principal d'un tournoi international d'esports de Mobile\",\"breadcrumb\":{\"@id\":\"https:\/\/1xplayz.com\/fr\/mobile-legends\/m4-world-championships\/#breadcrumb\"},\"inLanguage\":\"fr-FR\",\"potentialAction\":[{\"@type\":\"ReadAction\",\"target\":[\"https:\/\/1xplayz.com\/fr\/mobile-legends\/m4-world-championships\/\"]}]},{\"@type\":\"ImageObject\",\"inLanguage\":\"fr-FR\",\"@id\":\"https:\/\/1xplayz.com\/fr\/mobile-legends\/m4-world-championships\/#primaryimage\",\"url\":\"https:\/\/1xplayz.com\/wp-content\/uploads\/2022\/12\/M4-World-championship.png\",\"contentUrl\":\"https:\/\/1xplayz.com\/wp-content\/uploads\/2022\/12\/M4-World-championship.png\"},{\"@type\":\"BreadcrumbList\",\"@id\":\"https:\/\/1xplayz.com\/fr\/mobile-legends\/m4-world-championships\/#breadcrumb\",\"itemListElement\":[{\"@type\":\"ListItem\",\"position\":1,\"name\":\"Home\",\"item\":\"https:\/\/1xplayz.com\/fr\/\"},{\"@type\":\"ListItem\",\"position\":2,\"name\":\"Mobile Legends: Bang Bang\",\"item\":\"https:\/\/1xplayz.com\/fr\/mobile-legends\/\"},{\"@type\":\"ListItem\",\"position\":3,\"name\":\"Mobile Legends: Championnats du monde M4 2023\"}]},{\"@type\":\"WebSite\",\"@id\":\"https:\/\/1xplayz.com\/fr\/de\/#website\",\"url\":\"https:\/\/1xplayz.com\/fr\/de\/\",\"name\":\"1xPlayz\",\"description\":\"Pronostiqueurs eSports\",\"publisher\":{\"@id\":\"https:\/\/1xplayz.com\/fr\/de\/#\/schema\/person\/8eadc1d14ab3326bbc7a655fbfe061cf\"},\"potentialAction\":[{\"@type\":\"SearchAction\",\"target\":{\"@type\":\"EntryPoint\",\"urlTemplate\":\"https:\/\/1xplayz.com\/fr\/de\/?s={search_term_string}\"},\"query-input\":{\"@type\":\"PropertyValueSpecification\",\"valueRequired\":true,\"valueName\":\"search_term_string\"}}],\"inLanguage\":\"fr-FR\"},{\"@type\":[\"Person\",\"Organization\"],\"@id\":\"https:\/\/1xplayz.com\/fr\/de\/#\/schema\/person\/8eadc1d14ab3326bbc7a655fbfe061cf\",\"name\":\"1xPlayz\",\"image\":{\"@type\":\"ImageObject\",\"inLanguage\":\"fr-FR\",\"@id\":\"https:\/\/1xplayz.com\/fr\/de\/#\/schema\/person\/image\/\",\"url\":\"https:\/\/1xplayz.com\/wp-content\/uploads\/2021\/07\/1xp.png\",\"contentUrl\":\"https:\/\/1xplayz.com\/wp-content\/uploads\/2021\/07\/1xp.png\",\"width\":500,\"height\":500,\"caption\":\"1xPlayz\"},\"logo\":{\"@id\":\"https:\/\/1xplayz.com\/fr\/de\/#\/schema\/person\/image\/\"},\"sameAs\":[\"http:\/\/1xplayz.com\"]}]}<\/script>\n<!-- \/ Yoast SEO plugin. -->","yoast_head_json":{"title":"Mobile Legends: Championnats du monde M4 2023 - Pronostiqueurs eSports - 1xPlayz","description":"Qu'est-ce que les championnats du monde M4? Les championnats du monde M4 sont l'\u00e9v\u00e9nement principal d'un tournoi international d'esports de Mobile","robots":{"index":"index","follow":"follow","max-snippet":"max-snippet:-1","max-image-preview":"max-image-preview:large","max-video-preview":"max-video-preview:-1"},"canonical":"https:\/\/1xplayz.com\/fr\/mobile-legends\/m4-world-championships\/","og_locale":"fr_FR","og_type":"article","og_title":"Mobile Legends: Championnats du monde M4 2023 - Pronostiqueurs eSports - 1xPlayz","og_description":"Qu'est-ce que les championnats du monde M4? Les championnats du monde M4 sont l'\u00e9v\u00e9nement principal d'un tournoi international d'esports de Mobile","og_url":"https:\/\/1xplayz.com\/fr\/mobile-legends\/m4-world-championships\/","og_site_name":"1xPlayz","article_modified_time":"2023-01-02T15:17:06+00:00","og_image":[{"url":"https:\/\/1xplayz.com\/wp-content\/uploads\/2022\/12\/M4-World-championship.png","type":"","width":"","height":""}],"twitter_card":"summary_large_image","twitter_misc":{"Dur\u00e9e de lecture estim\u00e9e":"3 minutes"},"schema":{"@context":"https:\/\/schema.org","@graph":[{"@type":"WebPage","@id":"https:\/\/1xplayz.com\/fr\/mobile-legends\/m4-world-championships\/","url":"https:\/\/1xplayz.com\/fr\/mobile-legends\/m4-world-championships\/","name":"Mobile Legends: Championnats du monde M4 2023 - Pronostiqueurs eSports - 1xPlayz","isPartOf":{"@id":"https:\/\/1xplayz.com\/fr\/de\/#website"},"primaryImageOfPage":{"@id":"https:\/\/1xplayz.com\/fr\/mobile-legends\/m4-world-championships\/#primaryimage"},"image":{"@id":"https:\/\/1xplayz.com\/fr\/mobile-legends\/m4-world-championships\/#primaryimage"},"thumbnailUrl":"https:\/\/1xplayz.com\/wp-content\/uploads\/2022\/12\/M4-World-championship.png","datePublished":"2022-12-25T09:19:19+00:00","dateModified":"2023-01-02T15:17:06+00:00","description":"Qu'est-ce que les championnats du monde M4? Les championnats du monde M4 sont l'\u00e9v\u00e9nement principal d'un tournoi international d'esports de Mobile","breadcrumb":{"@id":"https:\/\/1xplayz.com\/fr\/mobile-legends\/m4-world-championships\/#breadcrumb"},"inLanguage":"fr-FR","potentialAction":[{"@type":"ReadAction","target":["https:\/\/1xplayz.com\/fr\/mobile-legends\/m4-world-championships\/"]}]},{"@type":"ImageObject","inLanguage":"fr-FR","@id":"https:\/\/1xplayz.com\/fr\/mobile-legends\/m4-world-championships\/#primaryimage","url":"https:\/\/1xplayz.com\/wp-content\/uploads\/2022\/12\/M4-World-championship.png","contentUrl":"https:\/\/1xplayz.com\/wp-content\/uploads\/2022\/12\/M4-World-championship.png"},{"@type":"BreadcrumbList","@id":"https:\/\/1xplayz.com\/fr\/mobile-legends\/m4-world-championships\/#breadcrumb","itemListElement":[{"@type":"ListItem","position":1,"name":"Home","item":"https:\/\/1xplayz.com\/fr\/"},{"@type":"ListItem","position":2,"name":"Mobile Legends: Bang Bang","item":"https:\/\/1xplayz.com\/fr\/mobile-legends\/"},{"@type":"ListItem","position":3,"name":"Mobile Legends: Championnats du monde M4 2023"}]},{"@type":"WebSite","@id":"https:\/\/1xplayz.com\/fr\/de\/#website","url":"https:\/\/1xplayz.com\/fr\/de\/","name":"1xPlayz","description":"Pronostiqueurs eSports","publisher":{"@id":"https:\/\/1xplayz.com\/fr\/de\/#\/schema\/person\/8eadc1d14ab3326bbc7a655fbfe061cf"},"potentialAction":[{"@type":"SearchAction","target":{"@type":"EntryPoint","urlTemplate":"https:\/\/1xplayz.com\/fr\/de\/?s={search_term_string}"},"query-input":{"@type":"PropertyValueSpecification","valueRequired":true,"valueName":"search_term_string"}}],"inLanguage":"fr-FR"},{"@type":["Person","Organization"],"@id":"https:\/\/1xplayz.com\/fr\/de\/#\/schema\/person\/8eadc1d14ab3326bbc7a655fbfe061cf","name":"1xPlayz","image":{"@type":"ImageObject","inLanguage":"fr-FR","@id":"https:\/\/1xplayz.com\/fr\/de\/#\/schema\/person\/image\/","url":"https:\/\/1xplayz.com\/wp-content\/uploads\/2021\/07\/1xp.png","contentUrl":"https:\/\/1xplayz.com\/wp-content\/uploads\/2021\/07\/1xp.png","width":500,"height":500,"caption":"1xPlayz"},"logo":{"@id":"https:\/\/1xplayz.com\/fr\/de\/#\/schema\/person\/image\/"},"sameAs":["http:\/\/1xplayz.com"]}]}},"_links":{"self":[{"href":"https:\/\/1xplayz.com\/fr\/wp-json\/wp\/v2\/pages\/42185","targetHints":{"allow":["GET"]}}],"collection":[{"href":"https:\/\/1xplayz.com\/fr\/wp-json\/wp\/v2\/pages"}],"about":[{"href":"https:\/\/1xplayz.com\/fr\/wp-json\/wp\/v2\/types\/page"}],"author":[{"embeddable":true,"href":"https:\/\/1xplayz.com\/fr\/wp-json\/wp\/v2\/users\/1"}],"replies":[{"embeddable":true,"href":"https:\/\/1xplayz.com\/fr\/wp-json\/wp\/v2\/comments?post=42185"}],"version-history":[{"count":7,"href":"https:\/\/1xplayz.com\/fr\/wp-json\/wp\/v2\/pages\/42185\/revisions"}],"predecessor-version":[{"id":42304,"href":"https:\/\/1xplayz.com\/fr\/wp-json\/wp\/v2\/pages\/42185\/revisions\/42304"}],"up":[{"embeddable":true,"href":"https:\/\/1xplayz.com\/fr\/wp-json\/wp\/v2\/pages\/12587"}],"wp:attachment":[{"href":"https:\/\/1xplayz.com\/fr\/wp-json\/wp\/v2\/media?parent=42185"}],"curies":[{"name":"wp","href":"https:\/\/api.w.org\/{rel}","templated":true}]}}