{"id":4999,"date":"2021-08-29T09:37:32","date_gmt":"2021-08-29T02:37:32","guid":{"rendered":"https:\/\/1xplayz.com\/league-of-legends\/league-of-legends-japan-league-2021\/"},"modified":"2023-03-07T19:30:42","modified_gmt":"2023-03-07T12:30:42","slug":"japan-league","status":"publish","type":"page","link":"https:\/\/1xplayz.com\/fr\/league-of-legends\/japan-league\/","title":{"rendered":"League of Legends Ligue du Japon 2023"},"content":{"rendered":"\n<h2 class=\"wp-block-heading\">Pronostics LOL Ligue du Japon LJL 2023<\/h2>\n\n\n\n<p>1xPlayz fournit des pr\u00e9dictions et des conseils gratuits pour League of Legends Japan League LJL 2023 dans deux types de conseils diff\u00e9rents. Nous pr\u00e9disons le vainqueur 1&#215;2 \u00e0 temps plein et le score correct de la finale du match. LJL en phase de groupes toutes saisons n&rsquo;a qu&rsquo;une seule carte pour chaque match. Par cons\u00e9quent, lors de la phase de playoffs, il y aura 3 maps pour chaque match. Ainsi, les pr\u00e9dictions de score correctes seront augment\u00e9es. Ici, toutes les pr\u00e9dictions pour parier chaque match, peuvent \u00eatre trouv\u00e9es dans les <a href=\"https:\/\/1xplayz.com\/fr\/calendars\/predictions-league-of-legends-japan-league\/\">horaires de League of Legends Japan League LJL 2023<\/a>.<\/p>\n\n\n\n<div class=\"sportspress sp-widget-align-none\"><h4 class=\"sp-table-caption\">Pronostics League of Legends Japan League<\/h4><div class=\"sp-template sp-template-event-blocks\">\n\t<div class=\"sp-table-wrapper\">\n\t\t<table class=\"sp-event-blocks sp-data-table\n\t\t\t\t\t sp-paginated-table\" data-sp-rows=\"5\">\n\t\t\t<thead><tr><th><\/th><\/tr><\/thead> \t\t\t<tbody>\n\t\t\t\t\t\t\t<\/tbody>\n\t\t<\/table>\n\t<\/div>\n\t<div class=\"sp-calendar-link sp-view-all-link\"><a href=\"https:\/\/1xplayz.com\/fr\/calendars\/predictions-league-of-legends-japan-league\/\">Voir tous les \u00e9v\u00e8nements<\/a><\/div><\/div>\n<\/div>\n\n\n\n<a href=\"https:\/\/refpa.top\/L?tag=d_1105835m_97c_&amp;site=1105835&amp;ad=97&amp;r=live\/Esports\/\" target=\"_blank\" rel=\"nofollow noopener\"><img loading=\"lazy\" decoding=\"async\" src=\"https:\/\/1xplayz.com\/wp-content\/uploads\/2021\/07\/french-free-bet-esports-1024x256.jpg\" alt=\"paris gratuits fran\u00e7ais esports\" width=\"800\" height=\"200\" class=\"size-large wp-image-2166\" srcset=\"https:\/\/1xplayz.com\/wp-content\/uploads\/2021\/07\/french-free-bet-esports-1024x256.jpg 1024w, https:\/\/1xplayz.com\/wp-content\/uploads\/2021\/07\/french-free-bet-esports-300x75.jpg 300w, https:\/\/1xplayz.com\/wp-content\/uploads\/2021\/07\/french-free-bet-esports-768x192.jpg 768w, https:\/\/1xplayz.com\/wp-content\/uploads\/2021\/07\/french-free-bet-esports-128x32.jpg 128w, https:\/\/1xplayz.com\/wp-content\/uploads\/2021\/07\/french-free-bet-esports-32x8.jpg 32w, https:\/\/1xplayz.com\/wp-content\/uploads\/2021\/07\/french-free-bet-esports.jpg 1500w\" sizes=\"auto, (max-width: 800px) 100vw, 800px\" \/><\/a>\n\n\n\n<h3 class=\"wp-block-heading\">\u00c0 propos de LOL Ligue du Japon 2023<\/h3>\n\n\n\n<div class=\"sportspress sp-widget-align-none\"><h4 class=\"sp-table-caption\">R\u00e9sultats League of Legends Japan League 2021<\/h4><div class=\"sp-template sp-template-event-blocks\">\n\t<div class=\"sp-table-wrapper\">\n\t\t<table class=\"sp-event-blocks sp-data-table\n\t\t\t\t\t sp-paginated-table\" data-sp-rows=\"5\">\n\t\t\t<thead><tr><th><\/th><\/tr><\/thead> \t\t\t<tbody>\n\t\t\t\t\t\t\t<\/tbody>\n\t\t<\/table>\n\t<\/div>\n\t<div class=\"sp-calendar-link sp-view-all-link\"><a href=\"https:\/\/1xplayz.com\/fr\/calendars\/results-league-of-legends-japan-league-2021\/\">Voir tous les \u00e9v\u00e8nements<\/a><\/div><\/div>\n<\/div>\n\n\n\n<p>Le <a href=\"https:\/\/1xplayz.com\/fr\/calendar\/league-of-legends-japan-league\/\">League of Legends Ligue du Japon 2023<\/a> est le Major Liquipedia Niveau de sport \u00e9lectronique japonais. Elle a \u00e9t\u00e9 fond\u00e9e en 2014 au Japon. Chaque ann\u00e9e, ce tournoi LoL compte 3 saisons. Il y a LJL Spring, LJL Summer et LJL Winter. LJL a deux formats dont le premier est la phase de groupes qui se joue par 8 \u00e9quipes en tant que Double Round-Robin. Les 6 meilleures \u00e9quipes du classement sont qualifi\u00e9es pour les Playoffs. Ainsi, l&rsquo;\u00e9tape des Playoffs est en Single Elimination. La Ligue du Japon est organis\u00e9e par Riot Games, Yoshimoto Creative Agency et PlayBrain. Par cons\u00e9quent, le LJL Japan est sponsoris\u00e9 par alienware, LipovitanD, AU, NISSIN et KFC. Cette saison, la Japan League a un prize pool de <strong>10 000 000 JPY<\/strong>, soit environ <strong>90 610 USD<\/strong>. Le champion des saisons est qualifi\u00e9 pour jouer au <a href=\"https:\/\/1xplayz.com\/fr\/league-of-legends\/world-championship\/\">Championnat du monde de League of Legends<\/a>.<\/p>\n\n\n\n<h3 class=\"wp-block-heading\">Site de paris LOL Ligue du Japon 2023<\/h3>\n\n\n\n<p>Puis-je parier sur League of Legends Ligue du Japon (LJL) 2023? Oui d\u00e9finitivement. Cependant, la Japan League et d&rsquo;autres comp\u00e9titions d&rsquo;esports sont disponibles pour placer un pari avec <strong><a href=\"https:\/\/refpa.top\/L?tag=d_1105835m_97c_&amp;site=1105835&amp;ad=97&amp;r=allgamesentrance\/\" target=\"_blank\" rel=\"noreferrer noopener\">1xbet.com<\/a><\/strong>. Ce site Web a un tr\u00e8s bon bonus d&rsquo;inscription avec des r\u00e9compenses et une promotion de remise en argent qui, si le pari perd de l&rsquo;argent, revient. <strong><a href=\"https:\/\/refpa.top\/L?tag=d_1105835m_97c_&amp;site=1105835&amp;ad=97&amp;r=bonus\/\">1XBET<\/a><\/strong> est le meilleur Site de paris en ligne pour E-sports et E-Gaming. Ce site Web est tr\u00e8s bien con\u00e7u dans plusieurs langues, prend en charge la plupart des devises avec des promotions pour les membres<\/p>\n\n\n\n<h3 class=\"wp-block-heading\">LOL Ligue du Japon 2023 Diffusion en direct<\/h3>\n\n\n\n<p>Vous recherchez la diffusion en direct et d&rsquo;autres matchs de la Ligue japonaise? Pour cette saison, vous pouvez les regarder par Twitch. Au cas o\u00f9 vous ne pourriez pas y acc\u00e9der, alors <a href=\"https:\/\/refpa.top\/L?tag=d_1105835m_97c_&amp;site=1105835&amp;ad=97&amp;r=live\/Esports\/\" target=\"_blank\" rel=\"noreferrer noopener\">1XBET.com<\/a> est votre choix. Il est gratuit de regarder tous les \u00e9v\u00e9nements esports diffus\u00e9s en direct via 1XBET. Cr\u00e9ez simplement un compte en utilisant <a href=\"https:\/\/refpa.top\/L?tag=d_1105835m_97c_&amp;site=1105835&amp;ad=97&amp;r=live\/Esports\/\" target=\"_blank\" rel=\"noreferrer noopener\">ce lien officiel ici<\/a>. Apr\u00e8s cela, compl\u00e9tez les informations requises. Vous pourrez voir n&rsquo;importe quel d\u00e9sir de match avec ou sans d\u00e9p\u00f4t.<\/p>\n","protected":false},"excerpt":{"rendered":"<div class=\"mh-excerpt\"><p>Pronostics LOL Ligue du Japon LJL 2023 1xPlayz fournit des pr\u00e9dictions et des conseils gratuits pour League of Legends Japan League LJL 2023 dans deux <a class=\"mh-excerpt-more\" href=\"https:\/\/1xplayz.com\/fr\/league-of-legends\/japan-league\/\" title=\"League of Legends Ligue du Japon 2023\">[&#8230;]<\/a><\/p>\n<\/div>","protected":false},"author":1,"featured_media":0,"parent":1584,"menu_order":0,"comment_status":"closed","ping_status":"closed","template":"","meta":{"footnotes":""},"class_list":["post-4999","page","type-page","status-publish","hentry"],"yoast_head":"<!-- This site is optimized with the Yoast SEO plugin v26.6 - https:\/\/yoast.com\/wordpress\/plugins\/seo\/ -->\n<title>League of Legends Ligue du Japon 2023 - Pronostiqueurs eSports - 1xPlayz<\/title>\n<meta name=\"description\" content=\"Pronostics LOL Ligue du Japon LJL 2023 1xPlayz fournit des pr\u00e9dictions et des conseils gratuits pour League of Legends Japan League LJL 2023 dans deux\" \/>\n<meta name=\"robots\" content=\"index, follow, max-snippet:-1, max-image-preview:large, max-video-preview:-1\" \/>\n<link rel=\"canonical\" href=\"https:\/\/1xplayz.com\/fr\/league-of-legends\/japan-league\/\" \/>\n<meta property=\"og:locale\" content=\"fr_FR\" \/>\n<meta property=\"og:type\" content=\"article\" \/>\n<meta property=\"og:title\" content=\"League of Legends Ligue du Japon 2023 - Pronostiqueurs eSports - 1xPlayz\" \/>\n<meta property=\"og:description\" content=\"Pronostics LOL Ligue du Japon LJL 2023 1xPlayz fournit des pr\u00e9dictions et des conseils gratuits pour League of Legends Japan League LJL 2023 dans deux\" \/>\n<meta property=\"og:url\" content=\"https:\/\/1xplayz.com\/fr\/league-of-legends\/japan-league\/\" \/>\n<meta property=\"og:site_name\" content=\"1xPlayz\" \/>\n<meta property=\"article:modified_time\" content=\"2023-03-07T12:30:42+00:00\" \/>\n<meta property=\"og:image\" content=\"https:\/\/1xplayz.com\/wp-content\/uploads\/2021\/07\/french-free-bet-esports-1024x256.jpg\" \/>\n<meta name=\"twitter:card\" content=\"summary_large_image\" \/>\n<meta name=\"twitter:label1\" content=\"Dur\u00e9e de lecture estim\u00e9e\" \/>\n\t<meta name=\"twitter:data1\" content=\"3 minutes\" \/>\n<script type=\"application\/ld+json\" class=\"yoast-schema-graph\">{\"@context\":\"https:\/\/schema.org\",\"@graph\":[{\"@type\":\"WebPage\",\"@id\":\"https:\/\/1xplayz.com\/fr\/league-of-legends\/japan-league\/\",\"url\":\"https:\/\/1xplayz.com\/fr\/league-of-legends\/japan-league\/\",\"name\":\"League of Legends Ligue du Japon 2023 - Pronostiqueurs eSports - 1xPlayz\",\"isPartOf\":{\"@id\":\"https:\/\/1xplayz.com\/fr\/de\/#website\"},\"primaryImageOfPage\":{\"@id\":\"https:\/\/1xplayz.com\/fr\/league-of-legends\/japan-league\/#primaryimage\"},\"image\":{\"@id\":\"https:\/\/1xplayz.com\/fr\/league-of-legends\/japan-league\/#primaryimage\"},\"thumbnailUrl\":\"https:\/\/1xplayz.com\/wp-content\/uploads\/2021\/07\/french-free-bet-esports-1024x256.jpg\",\"datePublished\":\"2021-08-29T02:37:32+00:00\",\"dateModified\":\"2023-03-07T12:30:42+00:00\",\"description\":\"Pronostics LOL Ligue du Japon LJL 2023 1xPlayz fournit des pr\u00e9dictions et des conseils gratuits pour League of Legends Japan League LJL 2023 dans deux\",\"breadcrumb\":{\"@id\":\"https:\/\/1xplayz.com\/fr\/league-of-legends\/japan-league\/#breadcrumb\"},\"inLanguage\":\"fr-FR\",\"potentialAction\":[{\"@type\":\"ReadAction\",\"target\":[\"https:\/\/1xplayz.com\/fr\/league-of-legends\/japan-league\/\"]}]},{\"@type\":\"ImageObject\",\"inLanguage\":\"fr-FR\",\"@id\":\"https:\/\/1xplayz.com\/fr\/league-of-legends\/japan-league\/#primaryimage\",\"url\":\"https:\/\/1xplayz.com\/wp-content\/uploads\/2021\/07\/french-free-bet-esports-1024x256.jpg\",\"contentUrl\":\"https:\/\/1xplayz.com\/wp-content\/uploads\/2021\/07\/french-free-bet-esports-1024x256.jpg\"},{\"@type\":\"BreadcrumbList\",\"@id\":\"https:\/\/1xplayz.com\/fr\/league-of-legends\/japan-league\/#breadcrumb\",\"itemListElement\":[{\"@type\":\"ListItem\",\"position\":1,\"name\":\"Home\",\"item\":\"https:\/\/1xplayz.com\/fr\/\"},{\"@type\":\"ListItem\",\"position\":2,\"name\":\"Pronostics League of Legends 2023\",\"item\":\"https:\/\/1xplayz.com\/fr\/league-of-legends\/\"},{\"@type\":\"ListItem\",\"position\":3,\"name\":\"League of Legends Ligue du Japon 2023\"}]},{\"@type\":\"WebSite\",\"@id\":\"https:\/\/1xplayz.com\/fr\/de\/#website\",\"url\":\"https:\/\/1xplayz.com\/fr\/de\/\",\"name\":\"1xPlayz\",\"description\":\"Pronostiqueurs eSports\",\"publisher\":{\"@id\":\"https:\/\/1xplayz.com\/fr\/de\/#\/schema\/person\/8eadc1d14ab3326bbc7a655fbfe061cf\"},\"potentialAction\":[{\"@type\":\"SearchAction\",\"target\":{\"@type\":\"EntryPoint\",\"urlTemplate\":\"https:\/\/1xplayz.com\/fr\/de\/?s={search_term_string}\"},\"query-input\":{\"@type\":\"PropertyValueSpecification\",\"valueRequired\":true,\"valueName\":\"search_term_string\"}}],\"inLanguage\":\"fr-FR\"},{\"@type\":[\"Person\",\"Organization\"],\"@id\":\"https:\/\/1xplayz.com\/fr\/de\/#\/schema\/person\/8eadc1d14ab3326bbc7a655fbfe061cf\",\"name\":\"1xPlayz\",\"image\":{\"@type\":\"ImageObject\",\"inLanguage\":\"fr-FR\",\"@id\":\"https:\/\/1xplayz.com\/fr\/de\/#\/schema\/person\/image\/\",\"url\":\"https:\/\/1xplayz.com\/wp-content\/uploads\/2021\/07\/1xp.png\",\"contentUrl\":\"https:\/\/1xplayz.com\/wp-content\/uploads\/2021\/07\/1xp.png\",\"width\":500,\"height\":500,\"caption\":\"1xPlayz\"},\"logo\":{\"@id\":\"https:\/\/1xplayz.com\/fr\/de\/#\/schema\/person\/image\/\"},\"sameAs\":[\"http:\/\/1xplayz.com\"]}]}<\/script>\n<!-- \/ Yoast SEO plugin. -->","yoast_head_json":{"title":"League of Legends Ligue du Japon 2023 - Pronostiqueurs eSports - 1xPlayz","description":"Pronostics LOL Ligue du Japon LJL 2023 1xPlayz fournit des pr\u00e9dictions et des conseils gratuits pour League of Legends Japan League LJL 2023 dans deux","robots":{"index":"index","follow":"follow","max-snippet":"max-snippet:-1","max-image-preview":"max-image-preview:large","max-video-preview":"max-video-preview:-1"},"canonical":"https:\/\/1xplayz.com\/fr\/league-of-legends\/japan-league\/","og_locale":"fr_FR","og_type":"article","og_title":"League of Legends Ligue du Japon 2023 - Pronostiqueurs eSports - 1xPlayz","og_description":"Pronostics LOL Ligue du Japon LJL 2023 1xPlayz fournit des pr\u00e9dictions et des conseils gratuits pour League of Legends Japan League LJL 2023 dans deux","og_url":"https:\/\/1xplayz.com\/fr\/league-of-legends\/japan-league\/","og_site_name":"1xPlayz","article_modified_time":"2023-03-07T12:30:42+00:00","og_image":[{"url":"https:\/\/1xplayz.com\/wp-content\/uploads\/2021\/07\/french-free-bet-esports-1024x256.jpg","type":"","width":"","height":""}],"twitter_card":"summary_large_image","twitter_misc":{"Dur\u00e9e de lecture estim\u00e9e":"3 minutes"},"schema":{"@context":"https:\/\/schema.org","@graph":[{"@type":"WebPage","@id":"https:\/\/1xplayz.com\/fr\/league-of-legends\/japan-league\/","url":"https:\/\/1xplayz.com\/fr\/league-of-legends\/japan-league\/","name":"League of Legends Ligue du Japon 2023 - Pronostiqueurs eSports - 1xPlayz","isPartOf":{"@id":"https:\/\/1xplayz.com\/fr\/de\/#website"},"primaryImageOfPage":{"@id":"https:\/\/1xplayz.com\/fr\/league-of-legends\/japan-league\/#primaryimage"},"image":{"@id":"https:\/\/1xplayz.com\/fr\/league-of-legends\/japan-league\/#primaryimage"},"thumbnailUrl":"https:\/\/1xplayz.com\/wp-content\/uploads\/2021\/07\/french-free-bet-esports-1024x256.jpg","datePublished":"2021-08-29T02:37:32+00:00","dateModified":"2023-03-07T12:30:42+00:00","description":"Pronostics LOL Ligue du Japon LJL 2023 1xPlayz fournit des pr\u00e9dictions et des conseils gratuits pour League of Legends Japan League LJL 2023 dans deux","breadcrumb":{"@id":"https:\/\/1xplayz.com\/fr\/league-of-legends\/japan-league\/#breadcrumb"},"inLanguage":"fr-FR","potentialAction":[{"@type":"ReadAction","target":["https:\/\/1xplayz.com\/fr\/league-of-legends\/japan-league\/"]}]},{"@type":"ImageObject","inLanguage":"fr-FR","@id":"https:\/\/1xplayz.com\/fr\/league-of-legends\/japan-league\/#primaryimage","url":"https:\/\/1xplayz.com\/wp-content\/uploads\/2021\/07\/french-free-bet-esports-1024x256.jpg","contentUrl":"https:\/\/1xplayz.com\/wp-content\/uploads\/2021\/07\/french-free-bet-esports-1024x256.jpg"},{"@type":"BreadcrumbList","@id":"https:\/\/1xplayz.com\/fr\/league-of-legends\/japan-league\/#breadcrumb","itemListElement":[{"@type":"ListItem","position":1,"name":"Home","item":"https:\/\/1xplayz.com\/fr\/"},{"@type":"ListItem","position":2,"name":"Pronostics League of Legends 2023","item":"https:\/\/1xplayz.com\/fr\/league-of-legends\/"},{"@type":"ListItem","position":3,"name":"League of Legends Ligue du Japon 2023"}]},{"@type":"WebSite","@id":"https:\/\/1xplayz.com\/fr\/de\/#website","url":"https:\/\/1xplayz.com\/fr\/de\/","name":"1xPlayz","description":"Pronostiqueurs eSports","publisher":{"@id":"https:\/\/1xplayz.com\/fr\/de\/#\/schema\/person\/8eadc1d14ab3326bbc7a655fbfe061cf"},"potentialAction":[{"@type":"SearchAction","target":{"@type":"EntryPoint","urlTemplate":"https:\/\/1xplayz.com\/fr\/de\/?s={search_term_string}"},"query-input":{"@type":"PropertyValueSpecification","valueRequired":true,"valueName":"search_term_string"}}],"inLanguage":"fr-FR"},{"@type":["Person","Organization"],"@id":"https:\/\/1xplayz.com\/fr\/de\/#\/schema\/person\/8eadc1d14ab3326bbc7a655fbfe061cf","name":"1xPlayz","image":{"@type":"ImageObject","inLanguage":"fr-FR","@id":"https:\/\/1xplayz.com\/fr\/de\/#\/schema\/person\/image\/","url":"https:\/\/1xplayz.com\/wp-content\/uploads\/2021\/07\/1xp.png","contentUrl":"https:\/\/1xplayz.com\/wp-content\/uploads\/2021\/07\/1xp.png","width":500,"height":500,"caption":"1xPlayz"},"logo":{"@id":"https:\/\/1xplayz.com\/fr\/de\/#\/schema\/person\/image\/"},"sameAs":["http:\/\/1xplayz.com"]}]}},"_links":{"self":[{"href":"https:\/\/1xplayz.com\/fr\/wp-json\/wp\/v2\/pages\/4999","targetHints":{"allow":["GET"]}}],"collection":[{"href":"https:\/\/1xplayz.com\/fr\/wp-json\/wp\/v2\/pages"}],"about":[{"href":"https:\/\/1xplayz.com\/fr\/wp-json\/wp\/v2\/types\/page"}],"author":[{"embeddable":true,"href":"https:\/\/1xplayz.com\/fr\/wp-json\/wp\/v2\/users\/1"}],"replies":[{"embeddable":true,"href":"https:\/\/1xplayz.com\/fr\/wp-json\/wp\/v2\/comments?post=4999"}],"version-history":[{"count":8,"href":"https:\/\/1xplayz.com\/fr\/wp-json\/wp\/v2\/pages\/4999\/revisions"}],"predecessor-version":[{"id":42316,"href":"https:\/\/1xplayz.com\/fr\/wp-json\/wp\/v2\/pages\/4999\/revisions\/42316"}],"up":[{"embeddable":true,"href":"https:\/\/1xplayz.com\/fr\/wp-json\/wp\/v2\/pages\/1584"}],"wp:attachment":[{"href":"https:\/\/1xplayz.com\/fr\/wp-json\/wp\/v2\/media?parent=4999"}],"curies":[{"name":"wp","href":"https:\/\/api.w.org\/{rel}","templated":true}]}}