{"id":5647,"date":"2021-08-30T15:27:08","date_gmt":"2021-08-30T08:27:08","guid":{"rendered":"https:\/\/1xplayz.com\/league-of-legends\/championship-series\/"},"modified":"2023-03-08T11:15:08","modified_gmt":"2023-03-08T04:15:08","slug":"championship-series","status":"publish","type":"page","link":"https:\/\/1xplayz.com\/fr\/league-of-legends\/championship-series\/","title":{"rendered":"League of Legends Championship Series 2023"},"content":{"rendered":"\n<h2 class=\"wp-block-heading\">Pronostics LOL Championship Series LCS 2023<\/h2>\n\n\n\n<p>1xPlayz fournit des pr\u00e9dictions et des conseils gratuits pour League of Legends Championship Series LCS 2023 dans deux types de conseils diff\u00e9rents. Nous pr\u00e9disons le vainqueur 1&#215;2 temps r\u00e9gulier, et le score correct. Le LCS en phase de groupes toutes saisons dispose de deux cartes pour chaque match. Par cons\u00e9quent, lors de la phase de playoffs, il y aura 3 maps pour chaque match. Ainsi, le score correct des matchs \u00e9liminatoires augmente jusqu&rsquo;\u00e0 5 maps. Ici, toutes les pr\u00e9dictions pour parier sur chaque match se trouvent dans League of Legends Championship Series LCS Predictions 2023.<\/p>\n\n\n\n<a href=\"https:\/\/refpa.top\/L?tag=d_1105835m_97c_&amp;site=1105835&amp;ad=97&amp;r=live\/Esports\/\" target=\"_blank\" rel=\"nofollow noopener\"><img loading=\"lazy\" decoding=\"async\" src=\"https:\/\/1xplayz.com\/wp-content\/uploads\/2021\/07\/french-free-bet-esports-1024x256.jpg\" alt=\"paris gratuits fran\u00e7ais esports\" width=\"800\" height=\"200\" class=\"size-large wp-image-2166\" srcset=\"https:\/\/1xplayz.com\/wp-content\/uploads\/2021\/07\/french-free-bet-esports-1024x256.jpg 1024w, https:\/\/1xplayz.com\/wp-content\/uploads\/2021\/07\/french-free-bet-esports-300x75.jpg 300w, https:\/\/1xplayz.com\/wp-content\/uploads\/2021\/07\/french-free-bet-esports-768x192.jpg 768w, https:\/\/1xplayz.com\/wp-content\/uploads\/2021\/07\/french-free-bet-esports-128x32.jpg 128w, https:\/\/1xplayz.com\/wp-content\/uploads\/2021\/07\/french-free-bet-esports-32x8.jpg 32w, https:\/\/1xplayz.com\/wp-content\/uploads\/2021\/07\/french-free-bet-esports.jpg 1500w\" sizes=\"auto, (max-width: 800px) 100vw, 800px\" \/><\/a>\n\n\n\n<h3 class=\"wp-block-heading\">\u00c0 propos des LOL Championship Series 2023<\/h3>\n\n\n\n<p>La League of Legends Championship Series est l&rsquo;un des tournois organis\u00e9s par Riot Games. Championship Series est le premier niveau de la comp\u00e9tition en Am\u00e9rique du Nord. Le tournoi a \u00e9t\u00e9 cr\u00e9\u00e9 en 2013 sous le nom de North American League of Legends Championship Series. En 2019, le nom du tournoi a \u00e9t\u00e9 raccourci en League of Legends Championship Series. Le si\u00e8ge des comp\u00e9titions est \u00e0 Los Angeles et en Californie.<\/p>\n\n\n\n<p>League of Legends Championship Series propose 3 tournois distincts chaque ann\u00e9e. Il y aura LCS Spring, LCS Mid-Season et LCS Summer. Pour chaque saison, le tournoi est de type online et\/ou offline. De plus, LCS a deux formats pour trouver le gagnant. Le premier format est la phase de groupes qui participe par 10 \u00e9quipes de cinq joueurs. La phase de groupes se joue en <strong>Triple Round Robin (Bo1)<\/strong>. Apr\u00e8s cela, les 8 meilleures \u00e9quipes de la phase de groupes jouent en Playoffs qui jouent en tant que <strong>Double Elimination (Bo5)<\/strong>. Le vainqueur des LCS 2023 sera qualifi\u00e9 pour disputer le Championnat du Monde 2023.<\/p>\n\n\n\n<h3 class=\"wp-block-heading\">Bookies LOL Championship Series 2023<\/h3>\n\n\n\n<p>O\u00f9 puis-je parier League of Legends Championship Series (LCS) 2023? Le meilleur site de paris en ligne pour les LCS et autres tournois d&rsquo;esports est <strong><a href=\"https:\/\/refpa.top\/L?tag=d_1105835m_97c_&amp;site=1105835&amp;ad=97&amp;r=line\/Esports\/\" target=\"_blank\" rel=\"noreferrer noopener\">1xbet.com<\/a><\/strong>. Ce site Web a un tr\u00e8s bon bonus d&rsquo;inscription avec des r\u00e9compenses et une promotion de remise en argent qui, si le pari perd de l&rsquo;argent, revient. <strong><a href=\"https:\/\/refpa.top\/L?tag=d_1105835m_97c_&amp;site=1105835&amp;ad=97&amp;r=live\/Esports\/\" target=\"_blank\" rel=\"noreferrer noopener\">1xbet.com<\/a><\/strong> est le meilleur choix pour les paris sportifs et les jeux \u00e9lectroniques. Ce site Web est tr\u00e8s bien con\u00e7u dans plusieurs langues, prend en charge la plupart des devises avec des promotions pour les membres.<\/p>\n\n\n\n<h3 class=\"wp-block-heading\">En direct des LOL Championship Series 2023<\/h3>\n\n\n\n<p>La diffusion en direct de League of Legends Championship Series 2023 serait assur\u00e9e par la cha\u00eene de t\u00e9l\u00e9vision Twitch, YouTube et le <a href=\"https:\/\/refpa.top\/L?tag=d_1105835m_97c_&amp;site=1105835&amp;ad=97&amp;r=live\/Esports\/\" target=\"_blank\" rel=\"noreferrer noopener\">1XBET.com<\/a>. Comment regarder les matchs des LCS ? Il vous suffit de cr\u00e9er un compte via ce lien officiel et de cliquer sur les matchs que vous souhaitez regarder.<\/p>\n","protected":false},"excerpt":{"rendered":"<div class=\"mh-excerpt\"><p>Pronostics LOL Championship Series LCS 2023 1xPlayz fournit des pr\u00e9dictions et des conseils gratuits pour League of Legends Championship Series LCS 2023 dans deux types <a class=\"mh-excerpt-more\" href=\"https:\/\/1xplayz.com\/fr\/league-of-legends\/championship-series\/\" title=\"League of Legends Championship Series 2023\">[&#8230;]<\/a><\/p>\n<\/div>","protected":false},"author":1,"featured_media":0,"parent":1584,"menu_order":0,"comment_status":"closed","ping_status":"closed","template":"","meta":{"footnotes":""},"class_list":["post-5647","page","type-page","status-publish","hentry"],"yoast_head":"<!-- This site is optimized with the Yoast SEO plugin v26.6 - https:\/\/yoast.com\/wordpress\/plugins\/seo\/ -->\n<title>League of Legends Championship Series 2023 - Pronostiqueurs eSports - 1xPlayz<\/title>\n<meta name=\"description\" content=\"Pronostics LOL Championship Series LCS 2023 1xPlayz fournit des pr\u00e9dictions et des conseils gratuits pour League of Legends Championship Series LCS 2023\" \/>\n<meta name=\"robots\" content=\"index, follow, max-snippet:-1, max-image-preview:large, max-video-preview:-1\" \/>\n<link rel=\"canonical\" href=\"https:\/\/1xplayz.com\/fr\/league-of-legends\/championship-series\/\" \/>\n<meta property=\"og:locale\" content=\"fr_FR\" \/>\n<meta property=\"og:type\" content=\"article\" \/>\n<meta property=\"og:title\" content=\"League of Legends Championship Series 2023 - Pronostiqueurs eSports - 1xPlayz\" \/>\n<meta property=\"og:description\" content=\"Pronostics LOL Championship Series LCS 2023 1xPlayz fournit des pr\u00e9dictions et des conseils gratuits pour League of Legends Championship Series LCS 2023\" \/>\n<meta property=\"og:url\" content=\"https:\/\/1xplayz.com\/fr\/league-of-legends\/championship-series\/\" \/>\n<meta property=\"og:site_name\" content=\"1xPlayz\" \/>\n<meta property=\"article:modified_time\" content=\"2023-03-08T04:15:08+00:00\" \/>\n<meta property=\"og:image\" content=\"https:\/\/1xplayz.com\/wp-content\/uploads\/2021\/07\/french-free-bet-esports-1024x256.jpg\" \/>\n<meta name=\"twitter:card\" content=\"summary_large_image\" \/>\n<meta name=\"twitter:label1\" content=\"Dur\u00e9e de lecture estim\u00e9e\" \/>\n\t<meta name=\"twitter:data1\" content=\"3 minutes\" \/>\n<script type=\"application\/ld+json\" class=\"yoast-schema-graph\">{\"@context\":\"https:\/\/schema.org\",\"@graph\":[{\"@type\":\"WebPage\",\"@id\":\"https:\/\/1xplayz.com\/fr\/league-of-legends\/championship-series\/\",\"url\":\"https:\/\/1xplayz.com\/fr\/league-of-legends\/championship-series\/\",\"name\":\"League of Legends Championship Series 2023 - Pronostiqueurs eSports - 1xPlayz\",\"isPartOf\":{\"@id\":\"https:\/\/1xplayz.com\/fr\/de\/#website\"},\"primaryImageOfPage\":{\"@id\":\"https:\/\/1xplayz.com\/fr\/league-of-legends\/championship-series\/#primaryimage\"},\"image\":{\"@id\":\"https:\/\/1xplayz.com\/fr\/league-of-legends\/championship-series\/#primaryimage\"},\"thumbnailUrl\":\"https:\/\/1xplayz.com\/wp-content\/uploads\/2021\/07\/french-free-bet-esports-1024x256.jpg\",\"datePublished\":\"2021-08-30T08:27:08+00:00\",\"dateModified\":\"2023-03-08T04:15:08+00:00\",\"description\":\"Pronostics LOL Championship Series LCS 2023 1xPlayz fournit des pr\u00e9dictions et des conseils gratuits pour League of Legends Championship Series LCS 2023\",\"breadcrumb\":{\"@id\":\"https:\/\/1xplayz.com\/fr\/league-of-legends\/championship-series\/#breadcrumb\"},\"inLanguage\":\"fr-FR\",\"potentialAction\":[{\"@type\":\"ReadAction\",\"target\":[\"https:\/\/1xplayz.com\/fr\/league-of-legends\/championship-series\/\"]}]},{\"@type\":\"ImageObject\",\"inLanguage\":\"fr-FR\",\"@id\":\"https:\/\/1xplayz.com\/fr\/league-of-legends\/championship-series\/#primaryimage\",\"url\":\"https:\/\/1xplayz.com\/wp-content\/uploads\/2021\/07\/french-free-bet-esports-1024x256.jpg\",\"contentUrl\":\"https:\/\/1xplayz.com\/wp-content\/uploads\/2021\/07\/french-free-bet-esports-1024x256.jpg\"},{\"@type\":\"BreadcrumbList\",\"@id\":\"https:\/\/1xplayz.com\/fr\/league-of-legends\/championship-series\/#breadcrumb\",\"itemListElement\":[{\"@type\":\"ListItem\",\"position\":1,\"name\":\"Home\",\"item\":\"https:\/\/1xplayz.com\/fr\/\"},{\"@type\":\"ListItem\",\"position\":2,\"name\":\"Pronostics League of Legends 2023\",\"item\":\"https:\/\/1xplayz.com\/fr\/league-of-legends\/\"},{\"@type\":\"ListItem\",\"position\":3,\"name\":\"League of Legends Championship Series 2023\"}]},{\"@type\":\"WebSite\",\"@id\":\"https:\/\/1xplayz.com\/fr\/de\/#website\",\"url\":\"https:\/\/1xplayz.com\/fr\/de\/\",\"name\":\"1xPlayz\",\"description\":\"Pronostiqueurs eSports\",\"publisher\":{\"@id\":\"https:\/\/1xplayz.com\/fr\/de\/#\/schema\/person\/8eadc1d14ab3326bbc7a655fbfe061cf\"},\"potentialAction\":[{\"@type\":\"SearchAction\",\"target\":{\"@type\":\"EntryPoint\",\"urlTemplate\":\"https:\/\/1xplayz.com\/fr\/de\/?s={search_term_string}\"},\"query-input\":{\"@type\":\"PropertyValueSpecification\",\"valueRequired\":true,\"valueName\":\"search_term_string\"}}],\"inLanguage\":\"fr-FR\"},{\"@type\":[\"Person\",\"Organization\"],\"@id\":\"https:\/\/1xplayz.com\/fr\/de\/#\/schema\/person\/8eadc1d14ab3326bbc7a655fbfe061cf\",\"name\":\"1xPlayz\",\"image\":{\"@type\":\"ImageObject\",\"inLanguage\":\"fr-FR\",\"@id\":\"https:\/\/1xplayz.com\/fr\/de\/#\/schema\/person\/image\/\",\"url\":\"https:\/\/1xplayz.com\/wp-content\/uploads\/2021\/07\/1xp.png\",\"contentUrl\":\"https:\/\/1xplayz.com\/wp-content\/uploads\/2021\/07\/1xp.png\",\"width\":500,\"height\":500,\"caption\":\"1xPlayz\"},\"logo\":{\"@id\":\"https:\/\/1xplayz.com\/fr\/de\/#\/schema\/person\/image\/\"},\"sameAs\":[\"http:\/\/1xplayz.com\"]}]}<\/script>\n<!-- \/ Yoast SEO plugin. -->","yoast_head_json":{"title":"League of Legends Championship Series 2023 - Pronostiqueurs eSports - 1xPlayz","description":"Pronostics LOL Championship Series LCS 2023 1xPlayz fournit des pr\u00e9dictions et des conseils gratuits pour League of Legends Championship Series LCS 2023","robots":{"index":"index","follow":"follow","max-snippet":"max-snippet:-1","max-image-preview":"max-image-preview:large","max-video-preview":"max-video-preview:-1"},"canonical":"https:\/\/1xplayz.com\/fr\/league-of-legends\/championship-series\/","og_locale":"fr_FR","og_type":"article","og_title":"League of Legends Championship Series 2023 - Pronostiqueurs eSports - 1xPlayz","og_description":"Pronostics LOL Championship Series LCS 2023 1xPlayz fournit des pr\u00e9dictions et des conseils gratuits pour League of Legends Championship Series LCS 2023","og_url":"https:\/\/1xplayz.com\/fr\/league-of-legends\/championship-series\/","og_site_name":"1xPlayz","article_modified_time":"2023-03-08T04:15:08+00:00","og_image":[{"url":"https:\/\/1xplayz.com\/wp-content\/uploads\/2021\/07\/french-free-bet-esports-1024x256.jpg","type":"","width":"","height":""}],"twitter_card":"summary_large_image","twitter_misc":{"Dur\u00e9e de lecture estim\u00e9e":"3 minutes"},"schema":{"@context":"https:\/\/schema.org","@graph":[{"@type":"WebPage","@id":"https:\/\/1xplayz.com\/fr\/league-of-legends\/championship-series\/","url":"https:\/\/1xplayz.com\/fr\/league-of-legends\/championship-series\/","name":"League of Legends Championship Series 2023 - Pronostiqueurs eSports - 1xPlayz","isPartOf":{"@id":"https:\/\/1xplayz.com\/fr\/de\/#website"},"primaryImageOfPage":{"@id":"https:\/\/1xplayz.com\/fr\/league-of-legends\/championship-series\/#primaryimage"},"image":{"@id":"https:\/\/1xplayz.com\/fr\/league-of-legends\/championship-series\/#primaryimage"},"thumbnailUrl":"https:\/\/1xplayz.com\/wp-content\/uploads\/2021\/07\/french-free-bet-esports-1024x256.jpg","datePublished":"2021-08-30T08:27:08+00:00","dateModified":"2023-03-08T04:15:08+00:00","description":"Pronostics LOL Championship Series LCS 2023 1xPlayz fournit des pr\u00e9dictions et des conseils gratuits pour League of Legends Championship Series LCS 2023","breadcrumb":{"@id":"https:\/\/1xplayz.com\/fr\/league-of-legends\/championship-series\/#breadcrumb"},"inLanguage":"fr-FR","potentialAction":[{"@type":"ReadAction","target":["https:\/\/1xplayz.com\/fr\/league-of-legends\/championship-series\/"]}]},{"@type":"ImageObject","inLanguage":"fr-FR","@id":"https:\/\/1xplayz.com\/fr\/league-of-legends\/championship-series\/#primaryimage","url":"https:\/\/1xplayz.com\/wp-content\/uploads\/2021\/07\/french-free-bet-esports-1024x256.jpg","contentUrl":"https:\/\/1xplayz.com\/wp-content\/uploads\/2021\/07\/french-free-bet-esports-1024x256.jpg"},{"@type":"BreadcrumbList","@id":"https:\/\/1xplayz.com\/fr\/league-of-legends\/championship-series\/#breadcrumb","itemListElement":[{"@type":"ListItem","position":1,"name":"Home","item":"https:\/\/1xplayz.com\/fr\/"},{"@type":"ListItem","position":2,"name":"Pronostics League of Legends 2023","item":"https:\/\/1xplayz.com\/fr\/league-of-legends\/"},{"@type":"ListItem","position":3,"name":"League of Legends Championship Series 2023"}]},{"@type":"WebSite","@id":"https:\/\/1xplayz.com\/fr\/de\/#website","url":"https:\/\/1xplayz.com\/fr\/de\/","name":"1xPlayz","description":"Pronostiqueurs eSports","publisher":{"@id":"https:\/\/1xplayz.com\/fr\/de\/#\/schema\/person\/8eadc1d14ab3326bbc7a655fbfe061cf"},"potentialAction":[{"@type":"SearchAction","target":{"@type":"EntryPoint","urlTemplate":"https:\/\/1xplayz.com\/fr\/de\/?s={search_term_string}"},"query-input":{"@type":"PropertyValueSpecification","valueRequired":true,"valueName":"search_term_string"}}],"inLanguage":"fr-FR"},{"@type":["Person","Organization"],"@id":"https:\/\/1xplayz.com\/fr\/de\/#\/schema\/person\/8eadc1d14ab3326bbc7a655fbfe061cf","name":"1xPlayz","image":{"@type":"ImageObject","inLanguage":"fr-FR","@id":"https:\/\/1xplayz.com\/fr\/de\/#\/schema\/person\/image\/","url":"https:\/\/1xplayz.com\/wp-content\/uploads\/2021\/07\/1xp.png","contentUrl":"https:\/\/1xplayz.com\/wp-content\/uploads\/2021\/07\/1xp.png","width":500,"height":500,"caption":"1xPlayz"},"logo":{"@id":"https:\/\/1xplayz.com\/fr\/de\/#\/schema\/person\/image\/"},"sameAs":["http:\/\/1xplayz.com"]}]}},"_links":{"self":[{"href":"https:\/\/1xplayz.com\/fr\/wp-json\/wp\/v2\/pages\/5647","targetHints":{"allow":["GET"]}}],"collection":[{"href":"https:\/\/1xplayz.com\/fr\/wp-json\/wp\/v2\/pages"}],"about":[{"href":"https:\/\/1xplayz.com\/fr\/wp-json\/wp\/v2\/types\/page"}],"author":[{"embeddable":true,"href":"https:\/\/1xplayz.com\/fr\/wp-json\/wp\/v2\/users\/1"}],"replies":[{"embeddable":true,"href":"https:\/\/1xplayz.com\/fr\/wp-json\/wp\/v2\/comments?post=5647"}],"version-history":[{"count":5,"href":"https:\/\/1xplayz.com\/fr\/wp-json\/wp\/v2\/pages\/5647\/revisions"}],"predecessor-version":[{"id":42416,"href":"https:\/\/1xplayz.com\/fr\/wp-json\/wp\/v2\/pages\/5647\/revisions\/42416"}],"up":[{"embeddable":true,"href":"https:\/\/1xplayz.com\/fr\/wp-json\/wp\/v2\/pages\/1584"}],"wp:attachment":[{"href":"https:\/\/1xplayz.com\/fr\/wp-json\/wp\/v2\/media?parent=5647"}],"curies":[{"name":"wp","href":"https:\/\/api.w.org\/{rel}","templated":true}]}}