{"id":6732,"date":"2021-09-13T19:49:26","date_gmt":"2021-09-13T12:49:26","guid":{"rendered":"https:\/\/1xplayz.com\/league-of-legends\/pacific-championship-series\/"},"modified":"2023-03-07T21:44:31","modified_gmt":"2023-03-07T14:44:31","slug":"pacific-championship-series","status":"publish","type":"page","link":"https:\/\/1xplayz.com\/fr\/league-of-legends\/pacific-championship-series\/","title":{"rendered":"League of Legends Pacific Championship Series 2023"},"content":{"rendered":"\n<h2 class=\"wp-block-heading\">Pronostics LOL Pacific Championship Series PCS 2023<\/h2>\n\n\n\n<p>1xPlayz fournit des <strong>pronostics gratuites<\/strong> et des conseils pour parier sur les matchs de League of Legends Asia Pacific 2023. Les Pacific Championship Series se d\u00e9roulent en deux formats, la phase de groupes et les \u00e9liminatoires. Le match en phase de groupes ne se joue que pour 1 map. Par cons\u00e9quent, nous pr\u00e9disons le vainqueur 1&#215;2 temps r\u00e9gulier et le score correct. Cependant, les matchs en phase Playoffs peuvent avoir jusqu&rsquo;\u00e0 5 maps. Ainsi, pour les matchs \u00e9liminatoires, nous ajoutons le nombre de cartes aux pr\u00e9dictions. Tous les pronostics et astuces pour parier peuvent \u00eatre trouv\u00e9s dans les horaires de League of Legends Pacific Championship Series PCS. Le prize pool de PCS Summer 2023 est de <strong>80 000 USD<\/strong>.<\/p>\n\n\n\n<a href=\"https:\/\/refpa.top\/L?tag=d_1105835m_97c_&amp;site=1105835&amp;ad=97&amp;r=live\/Esports\/\" target=\"_blank\" rel=\"nofollow noopener\"><img loading=\"lazy\" decoding=\"async\" class=\"alignnone wp-image-1508 size-large\" src=\"https:\/\/1xplayz.com\/wp-content\/uploads\/2021\/07\/french-lol-betting-bonus-1024x347.jpg\" alt=\"bonus de pari de la ligue chinoise des l\u00e9gendes\" width=\"800\" height=\"271\" srcset=\"https:\/\/1xplayz.com\/wp-content\/uploads\/2021\/07\/french-lol-betting-bonus-1024x347.jpg 1024w, https:\/\/1xplayz.com\/wp-content\/uploads\/2021\/07\/french-lol-betting-bonus-300x102.jpg 300w, https:\/\/1xplayz.com\/wp-content\/uploads\/2021\/07\/french-lol-betting-bonus-768x260.jpg 768w, https:\/\/1xplayz.com\/wp-content\/uploads\/2021\/07\/french-lol-betting-bonus-128x43.jpg 128w, https:\/\/1xplayz.com\/wp-content\/uploads\/2021\/07\/french-lol-betting-bonus-32x11.jpg 32w, https:\/\/1xplayz.com\/wp-content\/uploads\/2021\/07\/french-lol-betting-bonus.jpg 1527w\" sizes=\"auto, (max-width: 800px) 100vw, 800px\" \/><\/a>\n\n\n\n<h3 class=\"wp-block-heading\">\u00c0 propos des LOL Pacific Championship Series<\/h3>\n\n\n\n<p>La League of Legends Pacific Championship Series est le niveau majeur de la cat\u00e9gorie des sports \u00e9lectroniques de League of Legends \u00e0 Ta\u00efwan, \u00e0 Hong Kong et en Asie du Sud-Est (Malaisie, Philippines, Singapour et Tha\u00eflande). Le PCS a \u00e9t\u00e9 cr\u00e9\u00e9 en 2019 lors de la fusion de la League of Legends Master Series (LMS) et de la League of Legend SEA Tour (LST). Les propri\u00e9taires et organisateurs des tournois sont Riot Games, Carry et Garena. Normalement, le championnat du Pacifique a 2 saisons par an, y compris PCS Spring et PSC Summer. Chaque saison, il y aura 10 \u00e9quipes qualifi\u00e9es de diff\u00e9rents pays d&rsquo;Asie-Pacifique et d&rsquo;Asie du Sud-Est. Le PCS Spring commence en f\u00e9vrier et se termine en avril. En d\u00e9pendance, le PSC Summer d\u00e9butera de juillet \u00e0 ao\u00fbt.<\/p>\n\n\n\n<p>Pour toutes les saisons, il existe 2 formats pour trouver le gagnant. Il y a une phase de groupes qui joue en tant que Double Round Robin. Chaque \u00e9quipe joue 18 matchs dans ce tour. Les matchs sont les meilleurs d&rsquo;un. Les huit meilleures \u00e9quipes du classement des groupes se qualifient pour les Playoffs. En Playoffs, les matchs se joueront en double \u00e9limination. Les matchs des quarts de finale et des perdants du 1er tour sont les meilleurs de 3. Le vainqueur du PCS Spring Split se qualifie pour le Mid-Season Invitational. Le vainqueur et le finaliste (2e place) de PCS Summer se qualifient pour les <a href=\"https:\/\/1xplayz.com\/fr\/league-of-legends\/world-championship\/\">Championnat du monde de League of Legends<\/a>. Les deux derni\u00e8res \u00e9quipes du split d&rsquo;\u00e9t\u00e9 passent \u00e0 la prochaine promotion de printemps PCS.<\/p>\n\n\n\n<h3 class=\"wp-block-heading\">Site de paris LOL Pacific Championship Series 2023<\/h3>\n\n\n\n<p>O\u00f9 parier League of Legends Pacific Championship Series (PCS) 2023? Le meilleur site de paris en ligne pour les tournois PCS et autres esports est <strong><a href=\"https:\/\/refpa.top\/L?tag=d_1105835m_97c_&amp;site=1105835&amp;ad=97&amp;r=line\/Esports\/\" target=\"_blank\" rel=\"noreferrer noopener\">1xbet.com<\/a><\/strong>. Ce site Web a un tr\u00e8s bon bonus d&rsquo;inscription jusqu&rsquo;\u00e0 100 USD (ou une devise \u00e9quivalente). Ce site Web propose divers choix et une gamme sauvage de march\u00e9s pour parier sur les sports \u00e9lectroniques. Il existe \u00e9galement des promotions telles que des r\u00e9compenses pour les membres, des bonus de d\u00e9p\u00f4t de week-end et des remises en argent pour certains esports sp\u00e9cifiques. Si vous aimez aussi jouer \u00e0 des jeux, alors <a href=\"https:\/\/refpa.top\/L?tag=d_1105835m_97c_&amp;site=1105835&amp;ad=97&amp;r=allgamesentrance\/\" target=\"_blank\" rel=\"noreferrer noopener\">cr\u00e9er un compte avec 1XBET<\/a> gratuitement pour jouer \u00e0 des jeux avec de l&rsquo;argent r\u00e9el pour gagner de l&rsquo;argent r\u00e9el.<\/p>\n\n\n\n<h3 class=\"wp-block-heading\">Diffusion en direct des LOL Pacific Championship Series 2023<\/h3>\n\n\n\n<p>Les partenaires de diffusion de League of Legends Pacific Championship Series sont Twitch et YouTube. Cependant, la diffusion en direct de tous les matchs serait bas\u00e9e sur <a href=\"https:\/\/refpa.top\/L?tag=d_1105835m_97c_&amp;site=1105835&amp;ad=97&amp;r=live\/Esports\/\" target=\"_blank\" rel=\"noreferrer noopener\">1XBET.com<\/a> \u00e9galement. Donc, si vous avez un compte avec 1xbet, vous pouvez regarder gratuitement la plupart des matchs d&rsquo;esports. M\u00eame si, vous ne d\u00e9posez pas d&rsquo;argent.<\/p>\n","protected":false},"excerpt":{"rendered":"<div class=\"mh-excerpt\"><p>Pronostics LOL Pacific Championship Series PCS 2023 1xPlayz fournit des pronostics gratuites et des conseils pour parier sur les matchs de League of Legends Asia <a class=\"mh-excerpt-more\" href=\"https:\/\/1xplayz.com\/fr\/league-of-legends\/pacific-championship-series\/\" title=\"League of Legends Pacific Championship Series 2023\">[&#8230;]<\/a><\/p>\n<\/div>","protected":false},"author":1,"featured_media":0,"parent":1584,"menu_order":0,"comment_status":"closed","ping_status":"closed","template":"","meta":{"footnotes":""},"class_list":["post-6732","page","type-page","status-publish","hentry"],"yoast_head":"<!-- This site is optimized with the Yoast SEO plugin v26.6 - https:\/\/yoast.com\/wordpress\/plugins\/seo\/ -->\n<title>League of Legends Pacific Championship Series 2023 - Pronostiqueurs eSports - 1xPlayz<\/title>\n<meta name=\"description\" content=\"Pronostics LOL Pacific Championship Series PCS 2023 1xPlayz fournit des pronostics gratuites et des conseils pour parier sur les matchs de League of\" \/>\n<meta name=\"robots\" content=\"index, follow, max-snippet:-1, max-image-preview:large, max-video-preview:-1\" \/>\n<link rel=\"canonical\" href=\"https:\/\/1xplayz.com\/fr\/league-of-legends\/pacific-championship-series\/\" \/>\n<meta property=\"og:locale\" content=\"fr_FR\" \/>\n<meta property=\"og:type\" content=\"article\" \/>\n<meta property=\"og:title\" content=\"League of Legends Pacific Championship Series 2023 - Pronostiqueurs eSports - 1xPlayz\" \/>\n<meta property=\"og:description\" content=\"Pronostics LOL Pacific Championship Series PCS 2023 1xPlayz fournit des pronostics gratuites et des conseils pour parier sur les matchs de League of\" \/>\n<meta property=\"og:url\" content=\"https:\/\/1xplayz.com\/fr\/league-of-legends\/pacific-championship-series\/\" \/>\n<meta property=\"og:site_name\" content=\"1xPlayz\" \/>\n<meta property=\"article:modified_time\" content=\"2023-03-07T14:44:31+00:00\" \/>\n<meta property=\"og:image\" content=\"https:\/\/1xplayz.com\/wp-content\/uploads\/2021\/07\/french-lol-betting-bonus-1024x347.jpg\" \/>\n<meta name=\"twitter:card\" content=\"summary_large_image\" \/>\n<meta name=\"twitter:label1\" content=\"Dur\u00e9e de lecture estim\u00e9e\" \/>\n\t<meta name=\"twitter:data1\" content=\"3 minutes\" \/>\n<script type=\"application\/ld+json\" class=\"yoast-schema-graph\">{\"@context\":\"https:\/\/schema.org\",\"@graph\":[{\"@type\":\"WebPage\",\"@id\":\"https:\/\/1xplayz.com\/fr\/league-of-legends\/pacific-championship-series\/\",\"url\":\"https:\/\/1xplayz.com\/fr\/league-of-legends\/pacific-championship-series\/\",\"name\":\"League of Legends Pacific Championship Series 2023 - Pronostiqueurs eSports - 1xPlayz\",\"isPartOf\":{\"@id\":\"https:\/\/1xplayz.com\/fr\/de\/#website\"},\"primaryImageOfPage\":{\"@id\":\"https:\/\/1xplayz.com\/fr\/league-of-legends\/pacific-championship-series\/#primaryimage\"},\"image\":{\"@id\":\"https:\/\/1xplayz.com\/fr\/league-of-legends\/pacific-championship-series\/#primaryimage\"},\"thumbnailUrl\":\"https:\/\/1xplayz.com\/wp-content\/uploads\/2021\/07\/french-lol-betting-bonus-1024x347.jpg\",\"datePublished\":\"2021-09-13T12:49:26+00:00\",\"dateModified\":\"2023-03-07T14:44:31+00:00\",\"description\":\"Pronostics LOL Pacific Championship Series PCS 2023 1xPlayz fournit des pronostics gratuites et des conseils pour parier sur les matchs de League of\",\"breadcrumb\":{\"@id\":\"https:\/\/1xplayz.com\/fr\/league-of-legends\/pacific-championship-series\/#breadcrumb\"},\"inLanguage\":\"fr-FR\",\"potentialAction\":[{\"@type\":\"ReadAction\",\"target\":[\"https:\/\/1xplayz.com\/fr\/league-of-legends\/pacific-championship-series\/\"]}]},{\"@type\":\"ImageObject\",\"inLanguage\":\"fr-FR\",\"@id\":\"https:\/\/1xplayz.com\/fr\/league-of-legends\/pacific-championship-series\/#primaryimage\",\"url\":\"https:\/\/1xplayz.com\/wp-content\/uploads\/2021\/07\/french-lol-betting-bonus-1024x347.jpg\",\"contentUrl\":\"https:\/\/1xplayz.com\/wp-content\/uploads\/2021\/07\/french-lol-betting-bonus-1024x347.jpg\"},{\"@type\":\"BreadcrumbList\",\"@id\":\"https:\/\/1xplayz.com\/fr\/league-of-legends\/pacific-championship-series\/#breadcrumb\",\"itemListElement\":[{\"@type\":\"ListItem\",\"position\":1,\"name\":\"Home\",\"item\":\"https:\/\/1xplayz.com\/fr\/\"},{\"@type\":\"ListItem\",\"position\":2,\"name\":\"Pronostics League of Legends 2023\",\"item\":\"https:\/\/1xplayz.com\/fr\/league-of-legends\/\"},{\"@type\":\"ListItem\",\"position\":3,\"name\":\"League of Legends Pacific Championship Series 2023\"}]},{\"@type\":\"WebSite\",\"@id\":\"https:\/\/1xplayz.com\/fr\/de\/#website\",\"url\":\"https:\/\/1xplayz.com\/fr\/de\/\",\"name\":\"1xPlayz\",\"description\":\"Pronostiqueurs eSports\",\"publisher\":{\"@id\":\"https:\/\/1xplayz.com\/fr\/de\/#\/schema\/person\/8eadc1d14ab3326bbc7a655fbfe061cf\"},\"potentialAction\":[{\"@type\":\"SearchAction\",\"target\":{\"@type\":\"EntryPoint\",\"urlTemplate\":\"https:\/\/1xplayz.com\/fr\/de\/?s={search_term_string}\"},\"query-input\":{\"@type\":\"PropertyValueSpecification\",\"valueRequired\":true,\"valueName\":\"search_term_string\"}}],\"inLanguage\":\"fr-FR\"},{\"@type\":[\"Person\",\"Organization\"],\"@id\":\"https:\/\/1xplayz.com\/fr\/de\/#\/schema\/person\/8eadc1d14ab3326bbc7a655fbfe061cf\",\"name\":\"1xPlayz\",\"image\":{\"@type\":\"ImageObject\",\"inLanguage\":\"fr-FR\",\"@id\":\"https:\/\/1xplayz.com\/fr\/de\/#\/schema\/person\/image\/\",\"url\":\"https:\/\/1xplayz.com\/wp-content\/uploads\/2021\/07\/1xp.png\",\"contentUrl\":\"https:\/\/1xplayz.com\/wp-content\/uploads\/2021\/07\/1xp.png\",\"width\":500,\"height\":500,\"caption\":\"1xPlayz\"},\"logo\":{\"@id\":\"https:\/\/1xplayz.com\/fr\/de\/#\/schema\/person\/image\/\"},\"sameAs\":[\"http:\/\/1xplayz.com\"]}]}<\/script>\n<!-- \/ Yoast SEO plugin. -->","yoast_head_json":{"title":"League of Legends Pacific Championship Series 2023 - Pronostiqueurs eSports - 1xPlayz","description":"Pronostics LOL Pacific Championship Series PCS 2023 1xPlayz fournit des pronostics gratuites et des conseils pour parier sur les matchs de League of","robots":{"index":"index","follow":"follow","max-snippet":"max-snippet:-1","max-image-preview":"max-image-preview:large","max-video-preview":"max-video-preview:-1"},"canonical":"https:\/\/1xplayz.com\/fr\/league-of-legends\/pacific-championship-series\/","og_locale":"fr_FR","og_type":"article","og_title":"League of Legends Pacific Championship Series 2023 - Pronostiqueurs eSports - 1xPlayz","og_description":"Pronostics LOL Pacific Championship Series PCS 2023 1xPlayz fournit des pronostics gratuites et des conseils pour parier sur les matchs de League of","og_url":"https:\/\/1xplayz.com\/fr\/league-of-legends\/pacific-championship-series\/","og_site_name":"1xPlayz","article_modified_time":"2023-03-07T14:44:31+00:00","og_image":[{"url":"https:\/\/1xplayz.com\/wp-content\/uploads\/2021\/07\/french-lol-betting-bonus-1024x347.jpg","type":"","width":"","height":""}],"twitter_card":"summary_large_image","twitter_misc":{"Dur\u00e9e de lecture estim\u00e9e":"3 minutes"},"schema":{"@context":"https:\/\/schema.org","@graph":[{"@type":"WebPage","@id":"https:\/\/1xplayz.com\/fr\/league-of-legends\/pacific-championship-series\/","url":"https:\/\/1xplayz.com\/fr\/league-of-legends\/pacific-championship-series\/","name":"League of Legends Pacific Championship Series 2023 - Pronostiqueurs eSports - 1xPlayz","isPartOf":{"@id":"https:\/\/1xplayz.com\/fr\/de\/#website"},"primaryImageOfPage":{"@id":"https:\/\/1xplayz.com\/fr\/league-of-legends\/pacific-championship-series\/#primaryimage"},"image":{"@id":"https:\/\/1xplayz.com\/fr\/league-of-legends\/pacific-championship-series\/#primaryimage"},"thumbnailUrl":"https:\/\/1xplayz.com\/wp-content\/uploads\/2021\/07\/french-lol-betting-bonus-1024x347.jpg","datePublished":"2021-09-13T12:49:26+00:00","dateModified":"2023-03-07T14:44:31+00:00","description":"Pronostics LOL Pacific Championship Series PCS 2023 1xPlayz fournit des pronostics gratuites et des conseils pour parier sur les matchs de League of","breadcrumb":{"@id":"https:\/\/1xplayz.com\/fr\/league-of-legends\/pacific-championship-series\/#breadcrumb"},"inLanguage":"fr-FR","potentialAction":[{"@type":"ReadAction","target":["https:\/\/1xplayz.com\/fr\/league-of-legends\/pacific-championship-series\/"]}]},{"@type":"ImageObject","inLanguage":"fr-FR","@id":"https:\/\/1xplayz.com\/fr\/league-of-legends\/pacific-championship-series\/#primaryimage","url":"https:\/\/1xplayz.com\/wp-content\/uploads\/2021\/07\/french-lol-betting-bonus-1024x347.jpg","contentUrl":"https:\/\/1xplayz.com\/wp-content\/uploads\/2021\/07\/french-lol-betting-bonus-1024x347.jpg"},{"@type":"BreadcrumbList","@id":"https:\/\/1xplayz.com\/fr\/league-of-legends\/pacific-championship-series\/#breadcrumb","itemListElement":[{"@type":"ListItem","position":1,"name":"Home","item":"https:\/\/1xplayz.com\/fr\/"},{"@type":"ListItem","position":2,"name":"Pronostics League of Legends 2023","item":"https:\/\/1xplayz.com\/fr\/league-of-legends\/"},{"@type":"ListItem","position":3,"name":"League of Legends Pacific Championship Series 2023"}]},{"@type":"WebSite","@id":"https:\/\/1xplayz.com\/fr\/de\/#website","url":"https:\/\/1xplayz.com\/fr\/de\/","name":"1xPlayz","description":"Pronostiqueurs eSports","publisher":{"@id":"https:\/\/1xplayz.com\/fr\/de\/#\/schema\/person\/8eadc1d14ab3326bbc7a655fbfe061cf"},"potentialAction":[{"@type":"SearchAction","target":{"@type":"EntryPoint","urlTemplate":"https:\/\/1xplayz.com\/fr\/de\/?s={search_term_string}"},"query-input":{"@type":"PropertyValueSpecification","valueRequired":true,"valueName":"search_term_string"}}],"inLanguage":"fr-FR"},{"@type":["Person","Organization"],"@id":"https:\/\/1xplayz.com\/fr\/de\/#\/schema\/person\/8eadc1d14ab3326bbc7a655fbfe061cf","name":"1xPlayz","image":{"@type":"ImageObject","inLanguage":"fr-FR","@id":"https:\/\/1xplayz.com\/fr\/de\/#\/schema\/person\/image\/","url":"https:\/\/1xplayz.com\/wp-content\/uploads\/2021\/07\/1xp.png","contentUrl":"https:\/\/1xplayz.com\/wp-content\/uploads\/2021\/07\/1xp.png","width":500,"height":500,"caption":"1xPlayz"},"logo":{"@id":"https:\/\/1xplayz.com\/fr\/de\/#\/schema\/person\/image\/"},"sameAs":["http:\/\/1xplayz.com"]}]}},"_links":{"self":[{"href":"https:\/\/1xplayz.com\/fr\/wp-json\/wp\/v2\/pages\/6732","targetHints":{"allow":["GET"]}}],"collection":[{"href":"https:\/\/1xplayz.com\/fr\/wp-json\/wp\/v2\/pages"}],"about":[{"href":"https:\/\/1xplayz.com\/fr\/wp-json\/wp\/v2\/types\/page"}],"author":[{"embeddable":true,"href":"https:\/\/1xplayz.com\/fr\/wp-json\/wp\/v2\/users\/1"}],"replies":[{"embeddable":true,"href":"https:\/\/1xplayz.com\/fr\/wp-json\/wp\/v2\/comments?post=6732"}],"version-history":[{"count":7,"href":"https:\/\/1xplayz.com\/fr\/wp-json\/wp\/v2\/pages\/6732\/revisions"}],"predecessor-version":[{"id":42349,"href":"https:\/\/1xplayz.com\/fr\/wp-json\/wp\/v2\/pages\/6732\/revisions\/42349"}],"up":[{"embeddable":true,"href":"https:\/\/1xplayz.com\/fr\/wp-json\/wp\/v2\/pages\/1584"}],"wp:attachment":[{"href":"https:\/\/1xplayz.com\/fr\/wp-json\/wp\/v2\/media?parent=6732"}],"curies":[{"name":"wp","href":"https:\/\/api.w.org\/{rel}","templated":true}]}}