{"id":7235,"date":"2021-09-19T12:39:21","date_gmt":"2021-09-19T05:39:21","guid":{"rendered":"https:\/\/1xplayz.com\/league-of-legends\/continental-league\/"},"modified":"2023-03-08T12:50:50","modified_gmt":"2023-03-08T05:50:50","slug":"continental-league","status":"publish","type":"page","link":"https:\/\/1xplayz.com\/fr\/league-of-legends\/continental-league\/","title":{"rendered":"League of Legends Continental League 2023"},"content":{"rendered":"\n<h2 class=\"wp-block-heading\">Pronostics LOL Continental League LCL 2023<\/h2>\n\n\n\n<p>1xPlayz fournit des <strong>pronostics gratuites<\/strong> et des conseils pour\u200b\u200b parier sur les matchs de League of Legends Continental League (LCL) 2023. La Continental League se joue en deux formats, Phase de groupes et Playoffs. Le match en phase de groupes ne se joue que pour 1 map. Par cons\u00e9quent, nous pr\u00e9disons le vainqueur 1&#215;2 temps r\u00e9gulier et le score correct. Cependant, les matchs en phase Playoffs peuvent avoir jusqu&rsquo;\u00e0 5 maps. Ainsi, pour les matchs \u00e9liminatoires, nous ajoutons le nombre de cartes aux pr\u00e9dictions. Tous les pronostics et pronostics pour parier se trouvent dans les horaires de League of Legends Continental League LCL.<\/p>\n\n\n\n<a href=\"https:\/\/refpa.top\/L?tag=d_1105835m_97c_&amp;site=1105835&amp;ad=97&amp;r=live\/Esports\/\" target=\"_blank\" rel=\"nofollow noopener\"><img loading=\"lazy\" decoding=\"async\" src=\"https:\/\/1xplayz.com\/wp-content\/uploads\/2021\/07\/french-free-bet-esports-1024x256.jpg\" alt=\"paris gratuits fran\u00e7ais esports\" width=\"800\" height=\"200\" class=\"size-large wp-image-2166\" srcset=\"https:\/\/1xplayz.com\/wp-content\/uploads\/2021\/07\/french-free-bet-esports-1024x256.jpg 1024w, https:\/\/1xplayz.com\/wp-content\/uploads\/2021\/07\/french-free-bet-esports-300x75.jpg 300w, https:\/\/1xplayz.com\/wp-content\/uploads\/2021\/07\/french-free-bet-esports-768x192.jpg 768w, https:\/\/1xplayz.com\/wp-content\/uploads\/2021\/07\/french-free-bet-esports-128x32.jpg 128w, https:\/\/1xplayz.com\/wp-content\/uploads\/2021\/07\/french-free-bet-esports-32x8.jpg 32w, https:\/\/1xplayz.com\/wp-content\/uploads\/2021\/07\/french-free-bet-esports.jpg 1500w\" sizes=\"auto, (max-width: 800px) 100vw, 800px\" \/><\/a>\n\n\n\n<h3 class=\"wp-block-heading\">\u00c0 propos de la Ligue continentale LOL<\/h3>\n\n\n\n<p>La Ligue continentale League of Legends a \u00e9t\u00e9 organis\u00e9e par StarLadder en 2016 en Russie. La League of Legends Continental League en abr\u00e9g\u00e9 (LCL) est le niveau majeur qui remplace SLTV StarSeries. Le propri\u00e9taire et fondateur du tournoi est Riot Games Russia. Chaque saison annuelle a deux divisions, le printemps et l&rsquo;\u00e9t\u00e9. Les deux durent cinq semaines de tournoi \u00e0 la ronde double et les s\u00e9ries \u00e9liminatoires d&rsquo;\u00e9limination simple. Les vainqueurs du LCL Spring split se qualifient pour le Mid-Season Invitational, tandis que le vainqueur et le finaliste du LCL Summer split se qualifient pour <a href=\"https:\/\/1xplayz.com\/fr\/league-of-legends\/world-championship\/\">le championnat du monde<\/a>.<\/p>\n\n\n\n<p>Pour toutes les saisons, il existe 2 formats pour trouver le gagnant. Il y a une phase de groupes qui joue en tant que Double Round Robin. Pour LCL Spring, le tournoi commence entre f\u00e9vrier et avril. Chaque participant de l&rsquo;\u00e9quipe joue 14 matchs dans ce tour. Le format des matchs est le meilleur d&rsquo;un. Les quatre meilleures \u00e9quipes du classement des groupes se qualifient pour les Playoffs. En Playoffs, les matchs se joueront en \u00e9limination directe. Tous les matchs sont Best of 5. Le LCL Summer commence de juin \u00e0 septembre. Le tournoi a \u00e9galement les m\u00eames formats de phase de groupes. Les 5 meilleures \u00e9quipes jouent en Playoffs. La 1\u00e8re place est class\u00e9e dans la finale des gagnants. Les 2e et 3e places sont class\u00e9es dans le premier tour des vainqueurs. Les 4e et 5e places sont class\u00e9es dans le premier tour des perdants. Le format des \u00e9liminatoires d&rsquo;\u00e9t\u00e9 est la double \u00e9limination.<\/p>\n\n\n\n<h3 class=\"wp-block-heading\">Site de paris LOL Continental League 2023<\/h3>\n\n\n\n<p>O\u00f9 parier League of Legends Continental League (LCL) 2023? Le meilleur site de paris en ligne pour LCL et autres tournois d&rsquo;esports est <strong><a href=\"https:\/\/refpa.top\/L?tag=d_1105835m_97c_&amp;site=1105835&amp;ad=97&amp;r=line\/Esports\/\" target=\"_blank\" rel=\"noreferrer noopener\">1xbet.com<\/a><\/strong>. Ce site Web a un tr\u00e8s bon bonus d&rsquo;inscription jusqu&rsquo;\u00e0 100 USD (ou une devise \u00e9quivalente). Ce site Web propose divers choix et une gamme sauvage de march\u00e9s pour parier sur les sports \u00e9lectroniques. Il existe \u00e9galement des promotions telles que des r\u00e9compenses pour les membres, des bonus de d\u00e9p\u00f4t de week-end et des remises en argent pour certains esports sp\u00e9cifiques. Si vous aimez aussi jouer \u00e0 des jeux, alors <a href=\"https:\/\/refpa.top\/L?tag=d_1105835m_97c_&amp;site=1105835&amp;ad=97&amp;r=allgamesentrance\/\" target=\"_blank\" rel=\"noreferrer noopener\">cr\u00e9er un compte avec 1XBET<\/a> gratuitement pour jouer \u00e0 des jeux avec de l&rsquo;argent r\u00e9el pour gagner de l&rsquo;argent r\u00e9el.<\/p>\n\n\n\n<h3 class=\"wp-block-heading\">Diffusion en direct de la Ligue continentale LOL 2023<\/h3>\n\n\n\n<p>Le partenaire de diffusion de League of Legends Continental League est Twitch. Cependant, la diffusion en direct de tous les matchs serait bas\u00e9e sur <a href=\"https:\/\/refpa.top\/L?tag=d_1105835m_97c_&amp;site=1105835&amp;ad=97&amp;r=live\/Esports\/\" target=\"_blank\" rel=\"noreferrer noopener\">1XBET.com<\/a> \u00e9galement. Donc, si vous avez un compte avec 1xbet, vous pouvez regarder gratuitement la plupart des matchs d&rsquo;esports. M\u00eame si, vous ne d\u00e9posez pas d&rsquo;argent.<\/p>\n","protected":false},"excerpt":{"rendered":"<div class=\"mh-excerpt\"><p>Pronostics LOL Continental League LCL 2023 1xPlayz fournit des pronostics gratuites et des conseils pour\u200b\u200b parier sur les matchs de League of Legends Continental League <a class=\"mh-excerpt-more\" href=\"https:\/\/1xplayz.com\/fr\/league-of-legends\/continental-league\/\" title=\"League of Legends Continental League 2023\">[&#8230;]<\/a><\/p>\n<\/div>","protected":false},"author":1,"featured_media":0,"parent":1584,"menu_order":0,"comment_status":"closed","ping_status":"closed","template":"","meta":{"footnotes":""},"class_list":["post-7235","page","type-page","status-publish","hentry"],"yoast_head":"<!-- This site is optimized with the Yoast SEO plugin v26.6 - https:\/\/yoast.com\/wordpress\/plugins\/seo\/ -->\n<title>League of Legends Continental League 2023 - Pronostiqueurs eSports - 1xPlayz<\/title>\n<meta name=\"description\" content=\"Pronostics LOL Continental League LCL 2023 1xPlayz fournit des pronostics gratuites et des conseils pour\u200b\u200b parier sur les matchs de League of Legends\" \/>\n<meta name=\"robots\" content=\"index, follow, max-snippet:-1, max-image-preview:large, max-video-preview:-1\" \/>\n<link rel=\"canonical\" href=\"https:\/\/1xplayz.com\/fr\/league-of-legends\/continental-league\/\" \/>\n<meta property=\"og:locale\" content=\"fr_FR\" \/>\n<meta property=\"og:type\" content=\"article\" \/>\n<meta property=\"og:title\" content=\"League of Legends Continental League 2023 - Pronostiqueurs eSports - 1xPlayz\" \/>\n<meta property=\"og:description\" content=\"Pronostics LOL Continental League LCL 2023 1xPlayz fournit des pronostics gratuites et des conseils pour\u200b\u200b parier sur les matchs de League of Legends\" \/>\n<meta property=\"og:url\" content=\"https:\/\/1xplayz.com\/fr\/league-of-legends\/continental-league\/\" \/>\n<meta property=\"og:site_name\" content=\"1xPlayz\" \/>\n<meta property=\"article:modified_time\" content=\"2023-03-08T05:50:50+00:00\" \/>\n<meta property=\"og:image\" content=\"https:\/\/1xplayz.com\/wp-content\/uploads\/2021\/07\/french-free-bet-esports-1024x256.jpg\" \/>\n<meta name=\"twitter:card\" content=\"summary_large_image\" \/>\n<meta name=\"twitter:label1\" content=\"Dur\u00e9e de lecture estim\u00e9e\" \/>\n\t<meta name=\"twitter:data1\" content=\"3 minutes\" \/>\n<script type=\"application\/ld+json\" class=\"yoast-schema-graph\">{\"@context\":\"https:\/\/schema.org\",\"@graph\":[{\"@type\":\"WebPage\",\"@id\":\"https:\/\/1xplayz.com\/fr\/league-of-legends\/continental-league\/\",\"url\":\"https:\/\/1xplayz.com\/fr\/league-of-legends\/continental-league\/\",\"name\":\"League of Legends Continental League 2023 - Pronostiqueurs eSports - 1xPlayz\",\"isPartOf\":{\"@id\":\"https:\/\/1xplayz.com\/fr\/de\/#website\"},\"primaryImageOfPage\":{\"@id\":\"https:\/\/1xplayz.com\/fr\/league-of-legends\/continental-league\/#primaryimage\"},\"image\":{\"@id\":\"https:\/\/1xplayz.com\/fr\/league-of-legends\/continental-league\/#primaryimage\"},\"thumbnailUrl\":\"https:\/\/1xplayz.com\/wp-content\/uploads\/2021\/07\/french-free-bet-esports-1024x256.jpg\",\"datePublished\":\"2021-09-19T05:39:21+00:00\",\"dateModified\":\"2023-03-08T05:50:50+00:00\",\"description\":\"Pronostics LOL Continental League LCL 2023 1xPlayz fournit des pronostics gratuites et des conseils pour\u200b\u200b parier sur les matchs de League of Legends\",\"breadcrumb\":{\"@id\":\"https:\/\/1xplayz.com\/fr\/league-of-legends\/continental-league\/#breadcrumb\"},\"inLanguage\":\"fr-FR\",\"potentialAction\":[{\"@type\":\"ReadAction\",\"target\":[\"https:\/\/1xplayz.com\/fr\/league-of-legends\/continental-league\/\"]}]},{\"@type\":\"ImageObject\",\"inLanguage\":\"fr-FR\",\"@id\":\"https:\/\/1xplayz.com\/fr\/league-of-legends\/continental-league\/#primaryimage\",\"url\":\"https:\/\/1xplayz.com\/wp-content\/uploads\/2021\/07\/french-free-bet-esports-1024x256.jpg\",\"contentUrl\":\"https:\/\/1xplayz.com\/wp-content\/uploads\/2021\/07\/french-free-bet-esports-1024x256.jpg\"},{\"@type\":\"BreadcrumbList\",\"@id\":\"https:\/\/1xplayz.com\/fr\/league-of-legends\/continental-league\/#breadcrumb\",\"itemListElement\":[{\"@type\":\"ListItem\",\"position\":1,\"name\":\"Home\",\"item\":\"https:\/\/1xplayz.com\/fr\/\"},{\"@type\":\"ListItem\",\"position\":2,\"name\":\"Pronostics League of Legends 2023\",\"item\":\"https:\/\/1xplayz.com\/fr\/league-of-legends\/\"},{\"@type\":\"ListItem\",\"position\":3,\"name\":\"League of Legends Continental League 2023\"}]},{\"@type\":\"WebSite\",\"@id\":\"https:\/\/1xplayz.com\/fr\/de\/#website\",\"url\":\"https:\/\/1xplayz.com\/fr\/de\/\",\"name\":\"1xPlayz\",\"description\":\"Pronostiqueurs eSports\",\"publisher\":{\"@id\":\"https:\/\/1xplayz.com\/fr\/de\/#\/schema\/person\/8eadc1d14ab3326bbc7a655fbfe061cf\"},\"potentialAction\":[{\"@type\":\"SearchAction\",\"target\":{\"@type\":\"EntryPoint\",\"urlTemplate\":\"https:\/\/1xplayz.com\/fr\/de\/?s={search_term_string}\"},\"query-input\":{\"@type\":\"PropertyValueSpecification\",\"valueRequired\":true,\"valueName\":\"search_term_string\"}}],\"inLanguage\":\"fr-FR\"},{\"@type\":[\"Person\",\"Organization\"],\"@id\":\"https:\/\/1xplayz.com\/fr\/de\/#\/schema\/person\/8eadc1d14ab3326bbc7a655fbfe061cf\",\"name\":\"1xPlayz\",\"image\":{\"@type\":\"ImageObject\",\"inLanguage\":\"fr-FR\",\"@id\":\"https:\/\/1xplayz.com\/fr\/de\/#\/schema\/person\/image\/\",\"url\":\"https:\/\/1xplayz.com\/wp-content\/uploads\/2021\/07\/1xp.png\",\"contentUrl\":\"https:\/\/1xplayz.com\/wp-content\/uploads\/2021\/07\/1xp.png\",\"width\":500,\"height\":500,\"caption\":\"1xPlayz\"},\"logo\":{\"@id\":\"https:\/\/1xplayz.com\/fr\/de\/#\/schema\/person\/image\/\"},\"sameAs\":[\"http:\/\/1xplayz.com\"]}]}<\/script>\n<!-- \/ Yoast SEO plugin. -->","yoast_head_json":{"title":"League of Legends Continental League 2023 - Pronostiqueurs eSports - 1xPlayz","description":"Pronostics LOL Continental League LCL 2023 1xPlayz fournit des pronostics gratuites et des conseils pour\u200b\u200b parier sur les matchs de League of Legends","robots":{"index":"index","follow":"follow","max-snippet":"max-snippet:-1","max-image-preview":"max-image-preview:large","max-video-preview":"max-video-preview:-1"},"canonical":"https:\/\/1xplayz.com\/fr\/league-of-legends\/continental-league\/","og_locale":"fr_FR","og_type":"article","og_title":"League of Legends Continental League 2023 - Pronostiqueurs eSports - 1xPlayz","og_description":"Pronostics LOL Continental League LCL 2023 1xPlayz fournit des pronostics gratuites et des conseils pour\u200b\u200b parier sur les matchs de League of Legends","og_url":"https:\/\/1xplayz.com\/fr\/league-of-legends\/continental-league\/","og_site_name":"1xPlayz","article_modified_time":"2023-03-08T05:50:50+00:00","og_image":[{"url":"https:\/\/1xplayz.com\/wp-content\/uploads\/2021\/07\/french-free-bet-esports-1024x256.jpg","type":"","width":"","height":""}],"twitter_card":"summary_large_image","twitter_misc":{"Dur\u00e9e de lecture estim\u00e9e":"3 minutes"},"schema":{"@context":"https:\/\/schema.org","@graph":[{"@type":"WebPage","@id":"https:\/\/1xplayz.com\/fr\/league-of-legends\/continental-league\/","url":"https:\/\/1xplayz.com\/fr\/league-of-legends\/continental-league\/","name":"League of Legends Continental League 2023 - Pronostiqueurs eSports - 1xPlayz","isPartOf":{"@id":"https:\/\/1xplayz.com\/fr\/de\/#website"},"primaryImageOfPage":{"@id":"https:\/\/1xplayz.com\/fr\/league-of-legends\/continental-league\/#primaryimage"},"image":{"@id":"https:\/\/1xplayz.com\/fr\/league-of-legends\/continental-league\/#primaryimage"},"thumbnailUrl":"https:\/\/1xplayz.com\/wp-content\/uploads\/2021\/07\/french-free-bet-esports-1024x256.jpg","datePublished":"2021-09-19T05:39:21+00:00","dateModified":"2023-03-08T05:50:50+00:00","description":"Pronostics LOL Continental League LCL 2023 1xPlayz fournit des pronostics gratuites et des conseils pour\u200b\u200b parier sur les matchs de League of Legends","breadcrumb":{"@id":"https:\/\/1xplayz.com\/fr\/league-of-legends\/continental-league\/#breadcrumb"},"inLanguage":"fr-FR","potentialAction":[{"@type":"ReadAction","target":["https:\/\/1xplayz.com\/fr\/league-of-legends\/continental-league\/"]}]},{"@type":"ImageObject","inLanguage":"fr-FR","@id":"https:\/\/1xplayz.com\/fr\/league-of-legends\/continental-league\/#primaryimage","url":"https:\/\/1xplayz.com\/wp-content\/uploads\/2021\/07\/french-free-bet-esports-1024x256.jpg","contentUrl":"https:\/\/1xplayz.com\/wp-content\/uploads\/2021\/07\/french-free-bet-esports-1024x256.jpg"},{"@type":"BreadcrumbList","@id":"https:\/\/1xplayz.com\/fr\/league-of-legends\/continental-league\/#breadcrumb","itemListElement":[{"@type":"ListItem","position":1,"name":"Home","item":"https:\/\/1xplayz.com\/fr\/"},{"@type":"ListItem","position":2,"name":"Pronostics League of Legends 2023","item":"https:\/\/1xplayz.com\/fr\/league-of-legends\/"},{"@type":"ListItem","position":3,"name":"League of Legends Continental League 2023"}]},{"@type":"WebSite","@id":"https:\/\/1xplayz.com\/fr\/de\/#website","url":"https:\/\/1xplayz.com\/fr\/de\/","name":"1xPlayz","description":"Pronostiqueurs eSports","publisher":{"@id":"https:\/\/1xplayz.com\/fr\/de\/#\/schema\/person\/8eadc1d14ab3326bbc7a655fbfe061cf"},"potentialAction":[{"@type":"SearchAction","target":{"@type":"EntryPoint","urlTemplate":"https:\/\/1xplayz.com\/fr\/de\/?s={search_term_string}"},"query-input":{"@type":"PropertyValueSpecification","valueRequired":true,"valueName":"search_term_string"}}],"inLanguage":"fr-FR"},{"@type":["Person","Organization"],"@id":"https:\/\/1xplayz.com\/fr\/de\/#\/schema\/person\/8eadc1d14ab3326bbc7a655fbfe061cf","name":"1xPlayz","image":{"@type":"ImageObject","inLanguage":"fr-FR","@id":"https:\/\/1xplayz.com\/fr\/de\/#\/schema\/person\/image\/","url":"https:\/\/1xplayz.com\/wp-content\/uploads\/2021\/07\/1xp.png","contentUrl":"https:\/\/1xplayz.com\/wp-content\/uploads\/2021\/07\/1xp.png","width":500,"height":500,"caption":"1xPlayz"},"logo":{"@id":"https:\/\/1xplayz.com\/fr\/de\/#\/schema\/person\/image\/"},"sameAs":["http:\/\/1xplayz.com"]}]}},"_links":{"self":[{"href":"https:\/\/1xplayz.com\/fr\/wp-json\/wp\/v2\/pages\/7235","targetHints":{"allow":["GET"]}}],"collection":[{"href":"https:\/\/1xplayz.com\/fr\/wp-json\/wp\/v2\/pages"}],"about":[{"href":"https:\/\/1xplayz.com\/fr\/wp-json\/wp\/v2\/types\/page"}],"author":[{"embeddable":true,"href":"https:\/\/1xplayz.com\/fr\/wp-json\/wp\/v2\/users\/1"}],"replies":[{"embeddable":true,"href":"https:\/\/1xplayz.com\/fr\/wp-json\/wp\/v2\/comments?post=7235"}],"version-history":[{"count":7,"href":"https:\/\/1xplayz.com\/fr\/wp-json\/wp\/v2\/pages\/7235\/revisions"}],"predecessor-version":[{"id":42445,"href":"https:\/\/1xplayz.com\/fr\/wp-json\/wp\/v2\/pages\/7235\/revisions\/42445"}],"up":[{"embeddable":true,"href":"https:\/\/1xplayz.com\/fr\/wp-json\/wp\/v2\/pages\/1584"}],"wp:attachment":[{"href":"https:\/\/1xplayz.com\/fr\/wp-json\/wp\/v2\/media?parent=7235"}],"curies":[{"name":"wp","href":"https:\/\/api.w.org\/{rel}","templated":true}]}}