{"id":7292,"date":"2021-09-20T15:41:28","date_gmt":"2021-09-20T08:41:28","guid":{"rendered":"https:\/\/1xplayz.com\/league-of-legends\/circuit-oceania\/"},"modified":"2023-03-08T12:31:11","modified_gmt":"2023-03-08T05:31:11","slug":"circuit-oceania","status":"publish","type":"page","link":"https:\/\/1xplayz.com\/fr\/league-of-legends\/circuit-oceania\/","title":{"rendered":"Circuit League of Legends Oc\u00e9anie 2023"},"content":{"rendered":"\n<h2 class=\"wp-block-heading\">Pronostics LOL Circuit Oc\u00e9anie LCO 2023<\/h2>\n\n\n\n<p>1xPlayz fournit des <strong>pronostics gratuites<\/strong> et des conseils pour parier sur les matchs de League of Legends Circuit Oceania (LCO) 2023. Le Circuit Oceania est le niveau majeur du tournoi d&rsquo;esports League of Legends en Australie. LCO joue dans deux formats de phase de groupes et de s\u00e9ries \u00e9liminatoires. Les matchs de la phase de groupes n&rsquo;ont qu&rsquo;une seule carte. L\u00e0, nous pr\u00e9disons le vainqueur 1&#215;2 en temps r\u00e9gulier et le score correct. Cependant, les matchs en Playoffs peuvent avoir jusqu&rsquo;\u00e0 5 maps. Pour cela, nous ajoutons \u00ab\u00a0Nombre de cartes\u00a0\u00bb aux pronostics pour les matchs des s\u00e9ries \u00e9liminatoires. Tous les pronostics et pronostics pour parier se trouvent dans les horaires de League of Legends Circuit Oceania (LCO).<\/p>\n\n\n\n<a href=\"https:\/\/refpa.top\/L?tag=d_1105835m_97c_&amp;site=1105835&amp;ad=97&amp;r=live\/Esports\/\" target=\"_blank\" rel=\"nofollow noopener\"><img loading=\"lazy\" decoding=\"async\" class=\"alignnone wp-image-1508 size-large\" src=\"https:\/\/1xplayz.com\/wp-content\/uploads\/2021\/07\/french-lol-betting-bonus-1024x347.jpg\" alt=\"bonus de pari de la ligue chinoise des l\u00e9gendes\" width=\"800\" height=\"271\" srcset=\"https:\/\/1xplayz.com\/wp-content\/uploads\/2021\/07\/french-lol-betting-bonus-1024x347.jpg 1024w, https:\/\/1xplayz.com\/wp-content\/uploads\/2021\/07\/french-lol-betting-bonus-300x102.jpg 300w, https:\/\/1xplayz.com\/wp-content\/uploads\/2021\/07\/french-lol-betting-bonus-768x260.jpg 768w, https:\/\/1xplayz.com\/wp-content\/uploads\/2021\/07\/french-lol-betting-bonus-128x43.jpg 128w, https:\/\/1xplayz.com\/wp-content\/uploads\/2021\/07\/french-lol-betting-bonus-32x11.jpg 32w, https:\/\/1xplayz.com\/wp-content\/uploads\/2021\/07\/french-lol-betting-bonus.jpg 1527w\" sizes=\"auto, (max-width: 800px) 100vw, 800px\" \/><\/a>\n\n\n\n<h3 class=\"wp-block-heading\">\u00c0 propos de League of Legends Circuit Oc\u00e9anie<\/h3>\n\n\n\n<p>Le League of Legends Circuit Oceania a \u00e9t\u00e9 organis\u00e9 par ESL Australia et Guinevere Capital for Australia esports LOL competition. Le League of Legends Circuit Oceania remplace l&rsquo;Oceanic Pro League (OPL) qui existait de 2015 \u00e0 2020. LCO organise chaque ann\u00e9e 2 tournois, Split 1 et Split 2. Split 1 commence principalement de f\u00e9vrier \u00e0 avril. Pendant ce temps, Split 2 joue de juin \u00e0 ao\u00fbt. En 2023, le prize pool de chaque Split \u00e9tait de 30 000 USD. La cagnotte est probablement divis\u00e9e en 3 pour les champions par \u00e9quipe, le deuxi\u00e8me et la 3e place. L&rsquo;\u00e9quipe gagnante obtiendra 50% du prize pool du split, tandis que la 2\u00e8me place obtiendra 33,33% et la 3\u00e8me place 16,67%.<\/p>\n\n\n\n<p>Pour toutes les saisons de League of Legends Circuit Oceania, il y a deux \u00e9tapes dans les deux Splits pour trouver le vainqueur. Il y a une phase de groupes, qui se joue en Double Round Robin de 8 \u00e9quipes d&rsquo;esports sur le continent oc\u00e9anien. Chaque \u00e9quipe devra jouer 14 matchs dans ce tour. Tous les matchs sont Best of 1 (Bo1). Les 5 meilleures \u00e9quipes du classement joueront en Playoffs. La 1\u00e8re place est class\u00e9e dans la finale des gagnants. Les 2e et 3e places sont class\u00e9es dans le premier tour des vainqueurs. Les 4e et 5e places sont class\u00e9es dans le premier tour des perdants. Les matchs des \u00e9liminatoires utilisent le format de la double \u00e9limination. Tous les matchs sont au meilleur des 5 (Bo5). Le vainqueur de Splite 1 se qualifie pour jouer le Mid-Season Invitational. Par cons\u00e9quent, le vainqueur de Splite 2 se qualifie pour jouer dans le <a href=\"https:\/\/1xplayz.com\/fr\/league-of-legends\/world-championship\/\">le Championnat du monde<\/a>.<\/p>\n\n\n\n<h3 class=\"wp-block-heading\">Sites de paris LOL Circuit Oceania 2023<\/h3>\n\n\n\n<p>O\u00f9 parier League of Legends Circuit Oceania (LCO) 2023? Le meilleur site de paris en ligne pour LCO et autres tournois d&rsquo;esports est <strong><a href=\"https:\/\/refpa.top\/L?tag=d_1105835m_97c_&amp;site=1105835&amp;ad=97&amp;r=line\/Esports\/\" target=\"_blank\" rel=\"noreferrer noopener\">1xbet.com<\/a><\/strong>. Ce site Web a un tr\u00e8s bon bonus d&rsquo;inscription jusqu&rsquo;\u00e0 100 USD (ou une devise \u00e9quivalente). Ce site Web propose divers choix et une gamme sauvage de march\u00e9s pour parier sur les sports \u00e9lectroniques. Il existe \u00e9galement des promotions telles que des r\u00e9compenses pour les membres, des bonus de d\u00e9p\u00f4t de week-end et des remises en argent pour certains esports sp\u00e9cifiques. Si vous aimez aussi jouer \u00e0 des jeux, alors <a href=\"https:\/\/refpa.top\/L?tag=d_1105835m_97c_&amp;site=1105835&amp;ad=97&amp;r=allgamesentrance\/\" target=\"_blank\" rel=\"noreferrer noopener\">cr\u00e9er un compte avec 1XBET<\/a> gratuitement pour jouer \u00e0 des jeux avec de l&rsquo;argent r\u00e9el pour gagner de l&rsquo;argent r\u00e9el.<\/p>\n\n\n\n<h3 class=\"wp-block-heading\">Diffusion en direct du circuit LOL Oc\u00e9anie 2023<\/h3>\n\n\n\n<p>Le partenaire de diffusion de League of Legends Circuit Oceania (LCO) est Twitch. Cependant, la diffusion en direct de tous les matchs serait bas\u00e9e sur <a href=\"https:\/\/refpa.top\/L?tag=d_1105835m_97c_&amp;site=1105835&amp;ad=97&amp;r=live\/Esports\/\" target=\"_blank\" rel=\"noreferrer noopener\">1XBET.com<\/a> \u00e9galement. Donc, si vous avez un compte avec 1xbet, vous pouvez regarder gratuitement la plupart des matchs d&rsquo;esports. M\u00eame si, vous ne d\u00e9posez pas d&rsquo;argent.<\/p>\n","protected":false},"excerpt":{"rendered":"<div class=\"mh-excerpt\"><p>Pronostics LOL Circuit Oc\u00e9anie LCO 2023 1xPlayz fournit des pronostics gratuites et des conseils pour parier sur les matchs de League of Legends Circuit Oceania <a class=\"mh-excerpt-more\" href=\"https:\/\/1xplayz.com\/fr\/league-of-legends\/circuit-oceania\/\" title=\"Circuit League of Legends Oc\u00e9anie 2023\">[&#8230;]<\/a><\/p>\n<\/div>","protected":false},"author":1,"featured_media":0,"parent":1584,"menu_order":0,"comment_status":"closed","ping_status":"closed","template":"","meta":{"footnotes":""},"class_list":["post-7292","page","type-page","status-publish","hentry"],"yoast_head":"<!-- This site is optimized with the Yoast SEO plugin v26.6 - https:\/\/yoast.com\/wordpress\/plugins\/seo\/ -->\n<title>Circuit League of Legends Oc\u00e9anie 2023 - Pronostiqueurs eSports - 1xPlayz<\/title>\n<meta name=\"description\" content=\"Pronostics LOL Circuit Oc\u00e9anie LCO 2023 1xPlayz fournit des pronostics gratuites et des conseils pour parier sur les matchs de League of Legends Circuit\" \/>\n<meta name=\"robots\" content=\"index, follow, max-snippet:-1, max-image-preview:large, max-video-preview:-1\" \/>\n<link rel=\"canonical\" href=\"https:\/\/1xplayz.com\/fr\/league-of-legends\/circuit-oceania\/\" \/>\n<meta property=\"og:locale\" content=\"fr_FR\" \/>\n<meta property=\"og:type\" content=\"article\" \/>\n<meta property=\"og:title\" content=\"Circuit League of Legends Oc\u00e9anie 2023 - Pronostiqueurs eSports - 1xPlayz\" \/>\n<meta property=\"og:description\" content=\"Pronostics LOL Circuit Oc\u00e9anie LCO 2023 1xPlayz fournit des pronostics gratuites et des conseils pour parier sur les matchs de League of Legends Circuit\" \/>\n<meta property=\"og:url\" content=\"https:\/\/1xplayz.com\/fr\/league-of-legends\/circuit-oceania\/\" \/>\n<meta property=\"og:site_name\" content=\"1xPlayz\" \/>\n<meta property=\"article:modified_time\" content=\"2023-03-08T05:31:11+00:00\" \/>\n<meta property=\"og:image\" content=\"https:\/\/1xplayz.com\/wp-content\/uploads\/2021\/07\/french-lol-betting-bonus-1024x347.jpg\" \/>\n<meta name=\"twitter:card\" content=\"summary_large_image\" \/>\n<meta name=\"twitter:label1\" content=\"Dur\u00e9e de lecture estim\u00e9e\" \/>\n\t<meta name=\"twitter:data1\" content=\"3 minutes\" \/>\n<script type=\"application\/ld+json\" class=\"yoast-schema-graph\">{\"@context\":\"https:\/\/schema.org\",\"@graph\":[{\"@type\":\"WebPage\",\"@id\":\"https:\/\/1xplayz.com\/fr\/league-of-legends\/circuit-oceania\/\",\"url\":\"https:\/\/1xplayz.com\/fr\/league-of-legends\/circuit-oceania\/\",\"name\":\"Circuit League of Legends Oc\u00e9anie 2023 - Pronostiqueurs eSports - 1xPlayz\",\"isPartOf\":{\"@id\":\"https:\/\/1xplayz.com\/fr\/de\/#website\"},\"primaryImageOfPage\":{\"@id\":\"https:\/\/1xplayz.com\/fr\/league-of-legends\/circuit-oceania\/#primaryimage\"},\"image\":{\"@id\":\"https:\/\/1xplayz.com\/fr\/league-of-legends\/circuit-oceania\/#primaryimage\"},\"thumbnailUrl\":\"https:\/\/1xplayz.com\/wp-content\/uploads\/2021\/07\/french-lol-betting-bonus-1024x347.jpg\",\"datePublished\":\"2021-09-20T08:41:28+00:00\",\"dateModified\":\"2023-03-08T05:31:11+00:00\",\"description\":\"Pronostics LOL Circuit Oc\u00e9anie LCO 2023 1xPlayz fournit des pronostics gratuites et des conseils pour parier sur les matchs de League of Legends Circuit\",\"breadcrumb\":{\"@id\":\"https:\/\/1xplayz.com\/fr\/league-of-legends\/circuit-oceania\/#breadcrumb\"},\"inLanguage\":\"fr-FR\",\"potentialAction\":[{\"@type\":\"ReadAction\",\"target\":[\"https:\/\/1xplayz.com\/fr\/league-of-legends\/circuit-oceania\/\"]}]},{\"@type\":\"ImageObject\",\"inLanguage\":\"fr-FR\",\"@id\":\"https:\/\/1xplayz.com\/fr\/league-of-legends\/circuit-oceania\/#primaryimage\",\"url\":\"https:\/\/1xplayz.com\/wp-content\/uploads\/2021\/07\/french-lol-betting-bonus-1024x347.jpg\",\"contentUrl\":\"https:\/\/1xplayz.com\/wp-content\/uploads\/2021\/07\/french-lol-betting-bonus-1024x347.jpg\"},{\"@type\":\"BreadcrumbList\",\"@id\":\"https:\/\/1xplayz.com\/fr\/league-of-legends\/circuit-oceania\/#breadcrumb\",\"itemListElement\":[{\"@type\":\"ListItem\",\"position\":1,\"name\":\"Home\",\"item\":\"https:\/\/1xplayz.com\/fr\/\"},{\"@type\":\"ListItem\",\"position\":2,\"name\":\"Pronostics League of Legends 2023\",\"item\":\"https:\/\/1xplayz.com\/fr\/league-of-legends\/\"},{\"@type\":\"ListItem\",\"position\":3,\"name\":\"Circuit League of Legends Oc\u00e9anie 2023\"}]},{\"@type\":\"WebSite\",\"@id\":\"https:\/\/1xplayz.com\/fr\/de\/#website\",\"url\":\"https:\/\/1xplayz.com\/fr\/de\/\",\"name\":\"1xPlayz\",\"description\":\"Pronostiqueurs eSports\",\"publisher\":{\"@id\":\"https:\/\/1xplayz.com\/fr\/de\/#\/schema\/person\/8eadc1d14ab3326bbc7a655fbfe061cf\"},\"potentialAction\":[{\"@type\":\"SearchAction\",\"target\":{\"@type\":\"EntryPoint\",\"urlTemplate\":\"https:\/\/1xplayz.com\/fr\/de\/?s={search_term_string}\"},\"query-input\":{\"@type\":\"PropertyValueSpecification\",\"valueRequired\":true,\"valueName\":\"search_term_string\"}}],\"inLanguage\":\"fr-FR\"},{\"@type\":[\"Person\",\"Organization\"],\"@id\":\"https:\/\/1xplayz.com\/fr\/de\/#\/schema\/person\/8eadc1d14ab3326bbc7a655fbfe061cf\",\"name\":\"1xPlayz\",\"image\":{\"@type\":\"ImageObject\",\"inLanguage\":\"fr-FR\",\"@id\":\"https:\/\/1xplayz.com\/fr\/de\/#\/schema\/person\/image\/\",\"url\":\"https:\/\/1xplayz.com\/wp-content\/uploads\/2021\/07\/1xp.png\",\"contentUrl\":\"https:\/\/1xplayz.com\/wp-content\/uploads\/2021\/07\/1xp.png\",\"width\":500,\"height\":500,\"caption\":\"1xPlayz\"},\"logo\":{\"@id\":\"https:\/\/1xplayz.com\/fr\/de\/#\/schema\/person\/image\/\"},\"sameAs\":[\"http:\/\/1xplayz.com\"]}]}<\/script>\n<!-- \/ Yoast SEO plugin. -->","yoast_head_json":{"title":"Circuit League of Legends Oc\u00e9anie 2023 - Pronostiqueurs eSports - 1xPlayz","description":"Pronostics LOL Circuit Oc\u00e9anie LCO 2023 1xPlayz fournit des pronostics gratuites et des conseils pour parier sur les matchs de League of Legends Circuit","robots":{"index":"index","follow":"follow","max-snippet":"max-snippet:-1","max-image-preview":"max-image-preview:large","max-video-preview":"max-video-preview:-1"},"canonical":"https:\/\/1xplayz.com\/fr\/league-of-legends\/circuit-oceania\/","og_locale":"fr_FR","og_type":"article","og_title":"Circuit League of Legends Oc\u00e9anie 2023 - Pronostiqueurs eSports - 1xPlayz","og_description":"Pronostics LOL Circuit Oc\u00e9anie LCO 2023 1xPlayz fournit des pronostics gratuites et des conseils pour parier sur les matchs de League of Legends Circuit","og_url":"https:\/\/1xplayz.com\/fr\/league-of-legends\/circuit-oceania\/","og_site_name":"1xPlayz","article_modified_time":"2023-03-08T05:31:11+00:00","og_image":[{"url":"https:\/\/1xplayz.com\/wp-content\/uploads\/2021\/07\/french-lol-betting-bonus-1024x347.jpg","type":"","width":"","height":""}],"twitter_card":"summary_large_image","twitter_misc":{"Dur\u00e9e de lecture estim\u00e9e":"3 minutes"},"schema":{"@context":"https:\/\/schema.org","@graph":[{"@type":"WebPage","@id":"https:\/\/1xplayz.com\/fr\/league-of-legends\/circuit-oceania\/","url":"https:\/\/1xplayz.com\/fr\/league-of-legends\/circuit-oceania\/","name":"Circuit League of Legends Oc\u00e9anie 2023 - Pronostiqueurs eSports - 1xPlayz","isPartOf":{"@id":"https:\/\/1xplayz.com\/fr\/de\/#website"},"primaryImageOfPage":{"@id":"https:\/\/1xplayz.com\/fr\/league-of-legends\/circuit-oceania\/#primaryimage"},"image":{"@id":"https:\/\/1xplayz.com\/fr\/league-of-legends\/circuit-oceania\/#primaryimage"},"thumbnailUrl":"https:\/\/1xplayz.com\/wp-content\/uploads\/2021\/07\/french-lol-betting-bonus-1024x347.jpg","datePublished":"2021-09-20T08:41:28+00:00","dateModified":"2023-03-08T05:31:11+00:00","description":"Pronostics LOL Circuit Oc\u00e9anie LCO 2023 1xPlayz fournit des pronostics gratuites et des conseils pour parier sur les matchs de League of Legends Circuit","breadcrumb":{"@id":"https:\/\/1xplayz.com\/fr\/league-of-legends\/circuit-oceania\/#breadcrumb"},"inLanguage":"fr-FR","potentialAction":[{"@type":"ReadAction","target":["https:\/\/1xplayz.com\/fr\/league-of-legends\/circuit-oceania\/"]}]},{"@type":"ImageObject","inLanguage":"fr-FR","@id":"https:\/\/1xplayz.com\/fr\/league-of-legends\/circuit-oceania\/#primaryimage","url":"https:\/\/1xplayz.com\/wp-content\/uploads\/2021\/07\/french-lol-betting-bonus-1024x347.jpg","contentUrl":"https:\/\/1xplayz.com\/wp-content\/uploads\/2021\/07\/french-lol-betting-bonus-1024x347.jpg"},{"@type":"BreadcrumbList","@id":"https:\/\/1xplayz.com\/fr\/league-of-legends\/circuit-oceania\/#breadcrumb","itemListElement":[{"@type":"ListItem","position":1,"name":"Home","item":"https:\/\/1xplayz.com\/fr\/"},{"@type":"ListItem","position":2,"name":"Pronostics League of Legends 2023","item":"https:\/\/1xplayz.com\/fr\/league-of-legends\/"},{"@type":"ListItem","position":3,"name":"Circuit League of Legends Oc\u00e9anie 2023"}]},{"@type":"WebSite","@id":"https:\/\/1xplayz.com\/fr\/de\/#website","url":"https:\/\/1xplayz.com\/fr\/de\/","name":"1xPlayz","description":"Pronostiqueurs eSports","publisher":{"@id":"https:\/\/1xplayz.com\/fr\/de\/#\/schema\/person\/8eadc1d14ab3326bbc7a655fbfe061cf"},"potentialAction":[{"@type":"SearchAction","target":{"@type":"EntryPoint","urlTemplate":"https:\/\/1xplayz.com\/fr\/de\/?s={search_term_string}"},"query-input":{"@type":"PropertyValueSpecification","valueRequired":true,"valueName":"search_term_string"}}],"inLanguage":"fr-FR"},{"@type":["Person","Organization"],"@id":"https:\/\/1xplayz.com\/fr\/de\/#\/schema\/person\/8eadc1d14ab3326bbc7a655fbfe061cf","name":"1xPlayz","image":{"@type":"ImageObject","inLanguage":"fr-FR","@id":"https:\/\/1xplayz.com\/fr\/de\/#\/schema\/person\/image\/","url":"https:\/\/1xplayz.com\/wp-content\/uploads\/2021\/07\/1xp.png","contentUrl":"https:\/\/1xplayz.com\/wp-content\/uploads\/2021\/07\/1xp.png","width":500,"height":500,"caption":"1xPlayz"},"logo":{"@id":"https:\/\/1xplayz.com\/fr\/de\/#\/schema\/person\/image\/"},"sameAs":["http:\/\/1xplayz.com"]}]}},"_links":{"self":[{"href":"https:\/\/1xplayz.com\/fr\/wp-json\/wp\/v2\/pages\/7292","targetHints":{"allow":["GET"]}}],"collection":[{"href":"https:\/\/1xplayz.com\/fr\/wp-json\/wp\/v2\/pages"}],"about":[{"href":"https:\/\/1xplayz.com\/fr\/wp-json\/wp\/v2\/types\/page"}],"author":[{"embeddable":true,"href":"https:\/\/1xplayz.com\/fr\/wp-json\/wp\/v2\/users\/1"}],"replies":[{"embeddable":true,"href":"https:\/\/1xplayz.com\/fr\/wp-json\/wp\/v2\/comments?post=7292"}],"version-history":[{"count":3,"href":"https:\/\/1xplayz.com\/fr\/wp-json\/wp\/v2\/pages\/7292\/revisions"}],"predecessor-version":[{"id":42428,"href":"https:\/\/1xplayz.com\/fr\/wp-json\/wp\/v2\/pages\/7292\/revisions\/42428"}],"up":[{"embeddable":true,"href":"https:\/\/1xplayz.com\/fr\/wp-json\/wp\/v2\/pages\/1584"}],"wp:attachment":[{"href":"https:\/\/1xplayz.com\/fr\/wp-json\/wp\/v2\/media?parent=7292"}],"curies":[{"name":"wp","href":"https:\/\/api.w.org\/{rel}","templated":true}]}}