{"id":7799,"date":"2021-09-24T18:11:12","date_gmt":"2021-09-24T11:11:12","guid":{"rendered":"https:\/\/1xplayz.com\/league-of-legends\/liga-latinoamerica\/"},"modified":"2023-03-07T21:36:48","modified_gmt":"2023-03-07T14:36:48","slug":"liga-latinoamerica","status":"publish","type":"page","link":"https:\/\/1xplayz.com\/fr\/league-of-legends\/liga-latinoamerica\/","title":{"rendered":"League of Legends Ligue d&rsquo;Am\u00e9rique latine (LLA) 2023"},"content":{"rendered":"\n<h2 class=\"wp-block-heading\">Pronostics LOL Liga Latinoam\u00e9rica (LLA) 2023<\/h2>\n\n\n\n<p>Les <strong>Pronostics de la Ligue d&rsquo;Am\u00e9rique latine<\/strong> sont les conseils pour parier sur les matchs de la ligue professionnelle d&rsquo;eSport dans la cat\u00e9gorie de la base de League of Legends en Am\u00e9rique hispanique. La Liga Latinoam\u00e9rica (LLA) a deux saisons par an qui se terminent par la phase 1, la phase 2 et les \u00e9liminatoires. Ici, 1xPlayz pr\u00e9dit le vainqueur des matchs de la phase 1 et de la phase 2. Pendant les s\u00e9ries \u00e9liminatoires, nous ajouterons des pr\u00e9dictions pour le nombre de cartes et le score correct. Ainsi, toutes les pr\u00e9dictions de LLA sont dans les calendriers de la Latin America League.<\/p>\n\n\n\n<a href=\"https:\/\/refpa.top\/L?tag=d_1105835m_97c_&amp;site=1105835&amp;ad=97&amp;r=live\/Esports\/\" target=\"_blank\" rel=\"nofollow noopener\"><img loading=\"lazy\" decoding=\"async\" class=\"alignnone wp-image-1508 size-large\" src=\"https:\/\/1xplayz.com\/wp-content\/uploads\/2021\/07\/french-lol-betting-bonus-1024x347.jpg\" alt=\"bonus de pari de la ligue chinoise des l\u00e9gendes\" width=\"800\" height=\"271\" srcset=\"https:\/\/1xplayz.com\/wp-content\/uploads\/2021\/07\/french-lol-betting-bonus-1024x347.jpg 1024w, https:\/\/1xplayz.com\/wp-content\/uploads\/2021\/07\/french-lol-betting-bonus-300x102.jpg 300w, https:\/\/1xplayz.com\/wp-content\/uploads\/2021\/07\/french-lol-betting-bonus-768x260.jpg 768w, https:\/\/1xplayz.com\/wp-content\/uploads\/2021\/07\/french-lol-betting-bonus-128x43.jpg 128w, https:\/\/1xplayz.com\/wp-content\/uploads\/2021\/07\/french-lol-betting-bonus-32x11.jpg 32w, https:\/\/1xplayz.com\/wp-content\/uploads\/2021\/07\/french-lol-betting-bonus.jpg 1527w\" sizes=\"auto, (max-width: 800px) 100vw, 800px\" \/><\/a>\n\n\n\n<h2 class=\"wp-block-heading\">\u00c0 propos de LOL Liga Latinoam\u00e9rica (LLA)<\/h2>\n\n\n\n<p>La Liga Latinoam\u00e9rica ou en anglais Latin America League est le niveau majeur du tournoi d&rsquo;esports League of Legends en Am\u00e9rique du Sud et en Am\u00e9rique centrale. La LLA est la fusion de deux grandes comp\u00e9titions que sont la Liga Latinoam\u00e9rica Norte (LLN, North Latin America League) et la Copa Latinoam\u00e9rica Sur (CLS, South Latin America Cup). La Ligue d&rsquo;Am\u00e9rique latine est l&rsquo;\u00e9v\u00e9nement comp\u00e9titif annuel qui chaque ann\u00e9e est divis\u00e9 en saisons d&rsquo;ouverture et de cl\u00f4ture. La saison ouverte commence principalement en janvier et se termine en avril. De plus, la saison de fermeture est de juin \u00e0 ao\u00fbt. Chaque saison a 8 \u00e9quipes participant \u00e0 la premi\u00e8re \u00e9tape, qui est la phase 1. Dans cette phase 1, chaque \u00e9quipe joue le Double Round Robin. Chaque victoire vaut 1 point. Tous les matchs sont Best of 1 (Bo1). Seules les 5 meilleures \u00e9quipes passent \u00e0 la Phase 2. Les matchs de la Phase 2 sont \u00e9galement Best of 1 (Bo1). Cependant, ici, ils jouent au Single Round Robin. Toutes les \u00e9quipes reportent les points de la phase 1, et chaque victoire de match ajoute 2 points. Les 4 meilleures \u00e9quipes vont aux Playoffs. Dans ces Playoffs, ils jouent en tant que Single Elimination Bracket. Tous les matchs sont au meilleur des 5 (Bo5). Seul le vainqueur de la saison d&rsquo;ouverture se qualifie pour les <a title=\"Pronostics sur invitation de mi-saison de League of Legends\" href=\"https:\/\/1xplayz.com\/fr\/league-of-legends\/mid-season-invitational\/\">Mid-Season Invitational<\/a>, tandis que le vainqueur de la saison de cl\u00f4ture va au <a title=\"Pronostics pour le championnat du monde de League of Legends\" href=\"https:\/\/1xplayz.com\/fr\/league-of-legends\/world-championship\/\">Championnat du monde<\/a>.<\/p>\n\n\n\n<h3 class=\"wp-block-heading\">Site de paris LOL Liga Latinoam\u00e9rica 2023<\/h3>\n\n\n\n<p>O\u00f9 parier League of Legends Liga Latinoam\u00e9rica (LLA) 2023? Le meilleur site de paris en ligne pour la Ligue d&rsquo;Am\u00e9rique latine et d&rsquo;autres tournois d&rsquo;esports est <strong><a title=\"Site de paris sportifs avec bonus\" href=\"https:\/\/refpa.top\/L?tag=d_1105835m_97c_&amp;site=1105835&amp;ad=97&amp;r=line\/Esports\/\" target=\"_blank\" rel=\"nofollow noopener\">1xbet.com<\/a><\/strong>. Ce site Web a un tr\u00e8s bon bonus d&rsquo;inscription jusqu&rsquo;\u00e0 100 USD (ou une devise \u00e9quivalente). Ce site Web propose divers choix et une gamme sauvage de march\u00e9s pour parier sur les sports \u00e9lectroniques. Il existe \u00e9galement des promotions telles que des r\u00e9compenses pour les membres, des bonus de d\u00e9p\u00f4t de week-end et des remises en argent pour certains esports sp\u00e9cifiques. Si vous aimez \u00e9galement jouer \u00e0 des jeux, alors <a title=\"1XBET meilleur site de jeux en ligne\" href=\"https:\/\/refpa.top\/L?tag=d_1105835m_97c_&amp;site=1105835&amp;ad=97&amp;r=allgamesentrance\/\" target=\"_blank\" rel=\"nofollow noopener\">cr\u00e9er un compte avec 1XBET<\/a> gratuitement pour jouer \u00e0 des jeux avec de l&rsquo;argent r\u00e9el pour gagner de l&rsquo;argent r\u00e9el.<\/p>\n\n\n\n<h3 class=\"wp-block-heading\">En direct de la Ligue d&rsquo;Am\u00e9rique latine 2023 LOL<\/h3>\n\n\n\n<p>Les partenaires de diffusion de League of Legends Liga Latinoam\u00e9rica sont Twitch et Youtube. Cependant, la diffusion en direct de tous les matchs serait bas\u00e9e sur <a title=\"Esports en direct avec 1XBET\" href=\"https:\/\/refpa.top\/L?tag=d_1105835m_97c_&amp;site=1105835&amp;ad=97&amp;r=live\/Esports\/\" target=\"_blank\" rel=\"nofollow noopener\">1XBET.com<\/a> \u00e9galement. Donc, si vous avez un compte avec 1xbet, vous pouvez regarder gratuitement la plupart des matchs d&rsquo;esports. M\u00eame si, vous ne d\u00e9posez pas d&rsquo;argent.<\/p>\n","protected":false},"excerpt":{"rendered":"<div class=\"mh-excerpt\"><p>Pronostics LOL Liga Latinoam\u00e9rica (LLA) 2023 Les Pronostics de la Ligue d&rsquo;Am\u00e9rique latine sont les conseils pour parier sur les matchs de la ligue professionnelle <a class=\"mh-excerpt-more\" href=\"https:\/\/1xplayz.com\/fr\/league-of-legends\/liga-latinoamerica\/\" title=\"League of Legends Ligue d&rsquo;Am\u00e9rique latine (LLA) 2023\">[&#8230;]<\/a><\/p>\n<\/div>","protected":false},"author":1,"featured_media":0,"parent":1584,"menu_order":0,"comment_status":"closed","ping_status":"closed","template":"","meta":{"footnotes":""},"class_list":["post-7799","page","type-page","status-publish","hentry"],"yoast_head":"<!-- This site is optimized with the Yoast SEO plugin v26.6 - https:\/\/yoast.com\/wordpress\/plugins\/seo\/ -->\n<title>League of Legends Ligue d&#039;Am\u00e9rique latine (LLA) 2023 - Pronostiqueurs eSports - 1xPlayz<\/title>\n<meta name=\"description\" content=\"Pronostics LOL Liga Latinoam\u00e9rica (LLA) 2023 Les Pronostics de la Ligue d&#039;Am\u00e9rique latine sont les conseils pour parier sur les matchs de la ligue\" \/>\n<meta name=\"robots\" content=\"index, follow, max-snippet:-1, max-image-preview:large, max-video-preview:-1\" \/>\n<link rel=\"canonical\" href=\"https:\/\/1xplayz.com\/fr\/league-of-legends\/liga-latinoamerica\/\" \/>\n<meta property=\"og:locale\" content=\"fr_FR\" \/>\n<meta property=\"og:type\" content=\"article\" \/>\n<meta property=\"og:title\" content=\"League of Legends Ligue d&#039;Am\u00e9rique latine (LLA) 2023 - Pronostiqueurs eSports - 1xPlayz\" \/>\n<meta property=\"og:description\" content=\"Pronostics LOL Liga Latinoam\u00e9rica (LLA) 2023 Les Pronostics de la Ligue d&#039;Am\u00e9rique latine sont les conseils pour parier sur les matchs de la ligue\" \/>\n<meta property=\"og:url\" content=\"https:\/\/1xplayz.com\/fr\/league-of-legends\/liga-latinoamerica\/\" \/>\n<meta property=\"og:site_name\" content=\"1xPlayz\" \/>\n<meta property=\"article:modified_time\" content=\"2023-03-07T14:36:48+00:00\" \/>\n<meta property=\"og:image\" content=\"https:\/\/1xplayz.com\/wp-content\/uploads\/2021\/07\/french-lol-betting-bonus-1024x347.jpg\" \/>\n<meta name=\"twitter:card\" content=\"summary_large_image\" \/>\n<meta name=\"twitter:label1\" content=\"Dur\u00e9e de lecture estim\u00e9e\" \/>\n\t<meta name=\"twitter:data1\" content=\"3 minutes\" \/>\n<script type=\"application\/ld+json\" class=\"yoast-schema-graph\">{\"@context\":\"https:\/\/schema.org\",\"@graph\":[{\"@type\":\"WebPage\",\"@id\":\"https:\/\/1xplayz.com\/fr\/league-of-legends\/liga-latinoamerica\/\",\"url\":\"https:\/\/1xplayz.com\/fr\/league-of-legends\/liga-latinoamerica\/\",\"name\":\"League of Legends Ligue d'Am\u00e9rique latine (LLA) 2023 - Pronostiqueurs eSports - 1xPlayz\",\"isPartOf\":{\"@id\":\"https:\/\/1xplayz.com\/fr\/de\/#website\"},\"primaryImageOfPage\":{\"@id\":\"https:\/\/1xplayz.com\/fr\/league-of-legends\/liga-latinoamerica\/#primaryimage\"},\"image\":{\"@id\":\"https:\/\/1xplayz.com\/fr\/league-of-legends\/liga-latinoamerica\/#primaryimage\"},\"thumbnailUrl\":\"https:\/\/1xplayz.com\/wp-content\/uploads\/2021\/07\/french-lol-betting-bonus-1024x347.jpg\",\"datePublished\":\"2021-09-24T11:11:12+00:00\",\"dateModified\":\"2023-03-07T14:36:48+00:00\",\"description\":\"Pronostics LOL Liga Latinoam\u00e9rica (LLA) 2023 Les Pronostics de la Ligue d'Am\u00e9rique latine sont les conseils pour parier sur les matchs de la ligue\",\"breadcrumb\":{\"@id\":\"https:\/\/1xplayz.com\/fr\/league-of-legends\/liga-latinoamerica\/#breadcrumb\"},\"inLanguage\":\"fr-FR\",\"potentialAction\":[{\"@type\":\"ReadAction\",\"target\":[\"https:\/\/1xplayz.com\/fr\/league-of-legends\/liga-latinoamerica\/\"]}]},{\"@type\":\"ImageObject\",\"inLanguage\":\"fr-FR\",\"@id\":\"https:\/\/1xplayz.com\/fr\/league-of-legends\/liga-latinoamerica\/#primaryimage\",\"url\":\"https:\/\/1xplayz.com\/wp-content\/uploads\/2021\/07\/french-lol-betting-bonus-1024x347.jpg\",\"contentUrl\":\"https:\/\/1xplayz.com\/wp-content\/uploads\/2021\/07\/french-lol-betting-bonus-1024x347.jpg\"},{\"@type\":\"BreadcrumbList\",\"@id\":\"https:\/\/1xplayz.com\/fr\/league-of-legends\/liga-latinoamerica\/#breadcrumb\",\"itemListElement\":[{\"@type\":\"ListItem\",\"position\":1,\"name\":\"Home\",\"item\":\"https:\/\/1xplayz.com\/fr\/\"},{\"@type\":\"ListItem\",\"position\":2,\"name\":\"Pronostics League of Legends 2023\",\"item\":\"https:\/\/1xplayz.com\/fr\/league-of-legends\/\"},{\"@type\":\"ListItem\",\"position\":3,\"name\":\"League of Legends Ligue d&#8217;Am\u00e9rique latine (LLA) 2023\"}]},{\"@type\":\"WebSite\",\"@id\":\"https:\/\/1xplayz.com\/fr\/de\/#website\",\"url\":\"https:\/\/1xplayz.com\/fr\/de\/\",\"name\":\"1xPlayz\",\"description\":\"Pronostiqueurs eSports\",\"publisher\":{\"@id\":\"https:\/\/1xplayz.com\/fr\/de\/#\/schema\/person\/8eadc1d14ab3326bbc7a655fbfe061cf\"},\"potentialAction\":[{\"@type\":\"SearchAction\",\"target\":{\"@type\":\"EntryPoint\",\"urlTemplate\":\"https:\/\/1xplayz.com\/fr\/de\/?s={search_term_string}\"},\"query-input\":{\"@type\":\"PropertyValueSpecification\",\"valueRequired\":true,\"valueName\":\"search_term_string\"}}],\"inLanguage\":\"fr-FR\"},{\"@type\":[\"Person\",\"Organization\"],\"@id\":\"https:\/\/1xplayz.com\/fr\/de\/#\/schema\/person\/8eadc1d14ab3326bbc7a655fbfe061cf\",\"name\":\"1xPlayz\",\"image\":{\"@type\":\"ImageObject\",\"inLanguage\":\"fr-FR\",\"@id\":\"https:\/\/1xplayz.com\/fr\/de\/#\/schema\/person\/image\/\",\"url\":\"https:\/\/1xplayz.com\/wp-content\/uploads\/2021\/07\/1xp.png\",\"contentUrl\":\"https:\/\/1xplayz.com\/wp-content\/uploads\/2021\/07\/1xp.png\",\"width\":500,\"height\":500,\"caption\":\"1xPlayz\"},\"logo\":{\"@id\":\"https:\/\/1xplayz.com\/fr\/de\/#\/schema\/person\/image\/\"},\"sameAs\":[\"http:\/\/1xplayz.com\"]}]}<\/script>\n<!-- \/ Yoast SEO plugin. -->","yoast_head_json":{"title":"League of Legends Ligue d'Am\u00e9rique latine (LLA) 2023 - Pronostiqueurs eSports - 1xPlayz","description":"Pronostics LOL Liga Latinoam\u00e9rica (LLA) 2023 Les Pronostics de la Ligue d'Am\u00e9rique latine sont les conseils pour parier sur les matchs de la ligue","robots":{"index":"index","follow":"follow","max-snippet":"max-snippet:-1","max-image-preview":"max-image-preview:large","max-video-preview":"max-video-preview:-1"},"canonical":"https:\/\/1xplayz.com\/fr\/league-of-legends\/liga-latinoamerica\/","og_locale":"fr_FR","og_type":"article","og_title":"League of Legends Ligue d'Am\u00e9rique latine (LLA) 2023 - Pronostiqueurs eSports - 1xPlayz","og_description":"Pronostics LOL Liga Latinoam\u00e9rica (LLA) 2023 Les Pronostics de la Ligue d'Am\u00e9rique latine sont les conseils pour parier sur les matchs de la ligue","og_url":"https:\/\/1xplayz.com\/fr\/league-of-legends\/liga-latinoamerica\/","og_site_name":"1xPlayz","article_modified_time":"2023-03-07T14:36:48+00:00","og_image":[{"url":"https:\/\/1xplayz.com\/wp-content\/uploads\/2021\/07\/french-lol-betting-bonus-1024x347.jpg","type":"","width":"","height":""}],"twitter_card":"summary_large_image","twitter_misc":{"Dur\u00e9e de lecture estim\u00e9e":"3 minutes"},"schema":{"@context":"https:\/\/schema.org","@graph":[{"@type":"WebPage","@id":"https:\/\/1xplayz.com\/fr\/league-of-legends\/liga-latinoamerica\/","url":"https:\/\/1xplayz.com\/fr\/league-of-legends\/liga-latinoamerica\/","name":"League of Legends Ligue d'Am\u00e9rique latine (LLA) 2023 - Pronostiqueurs eSports - 1xPlayz","isPartOf":{"@id":"https:\/\/1xplayz.com\/fr\/de\/#website"},"primaryImageOfPage":{"@id":"https:\/\/1xplayz.com\/fr\/league-of-legends\/liga-latinoamerica\/#primaryimage"},"image":{"@id":"https:\/\/1xplayz.com\/fr\/league-of-legends\/liga-latinoamerica\/#primaryimage"},"thumbnailUrl":"https:\/\/1xplayz.com\/wp-content\/uploads\/2021\/07\/french-lol-betting-bonus-1024x347.jpg","datePublished":"2021-09-24T11:11:12+00:00","dateModified":"2023-03-07T14:36:48+00:00","description":"Pronostics LOL Liga Latinoam\u00e9rica (LLA) 2023 Les Pronostics de la Ligue d'Am\u00e9rique latine sont les conseils pour parier sur les matchs de la ligue","breadcrumb":{"@id":"https:\/\/1xplayz.com\/fr\/league-of-legends\/liga-latinoamerica\/#breadcrumb"},"inLanguage":"fr-FR","potentialAction":[{"@type":"ReadAction","target":["https:\/\/1xplayz.com\/fr\/league-of-legends\/liga-latinoamerica\/"]}]},{"@type":"ImageObject","inLanguage":"fr-FR","@id":"https:\/\/1xplayz.com\/fr\/league-of-legends\/liga-latinoamerica\/#primaryimage","url":"https:\/\/1xplayz.com\/wp-content\/uploads\/2021\/07\/french-lol-betting-bonus-1024x347.jpg","contentUrl":"https:\/\/1xplayz.com\/wp-content\/uploads\/2021\/07\/french-lol-betting-bonus-1024x347.jpg"},{"@type":"BreadcrumbList","@id":"https:\/\/1xplayz.com\/fr\/league-of-legends\/liga-latinoamerica\/#breadcrumb","itemListElement":[{"@type":"ListItem","position":1,"name":"Home","item":"https:\/\/1xplayz.com\/fr\/"},{"@type":"ListItem","position":2,"name":"Pronostics League of Legends 2023","item":"https:\/\/1xplayz.com\/fr\/league-of-legends\/"},{"@type":"ListItem","position":3,"name":"League of Legends Ligue d&#8217;Am\u00e9rique latine (LLA) 2023"}]},{"@type":"WebSite","@id":"https:\/\/1xplayz.com\/fr\/de\/#website","url":"https:\/\/1xplayz.com\/fr\/de\/","name":"1xPlayz","description":"Pronostiqueurs eSports","publisher":{"@id":"https:\/\/1xplayz.com\/fr\/de\/#\/schema\/person\/8eadc1d14ab3326bbc7a655fbfe061cf"},"potentialAction":[{"@type":"SearchAction","target":{"@type":"EntryPoint","urlTemplate":"https:\/\/1xplayz.com\/fr\/de\/?s={search_term_string}"},"query-input":{"@type":"PropertyValueSpecification","valueRequired":true,"valueName":"search_term_string"}}],"inLanguage":"fr-FR"},{"@type":["Person","Organization"],"@id":"https:\/\/1xplayz.com\/fr\/de\/#\/schema\/person\/8eadc1d14ab3326bbc7a655fbfe061cf","name":"1xPlayz","image":{"@type":"ImageObject","inLanguage":"fr-FR","@id":"https:\/\/1xplayz.com\/fr\/de\/#\/schema\/person\/image\/","url":"https:\/\/1xplayz.com\/wp-content\/uploads\/2021\/07\/1xp.png","contentUrl":"https:\/\/1xplayz.com\/wp-content\/uploads\/2021\/07\/1xp.png","width":500,"height":500,"caption":"1xPlayz"},"logo":{"@id":"https:\/\/1xplayz.com\/fr\/de\/#\/schema\/person\/image\/"},"sameAs":["http:\/\/1xplayz.com"]}]}},"_links":{"self":[{"href":"https:\/\/1xplayz.com\/fr\/wp-json\/wp\/v2\/pages\/7799","targetHints":{"allow":["GET"]}}],"collection":[{"href":"https:\/\/1xplayz.com\/fr\/wp-json\/wp\/v2\/pages"}],"about":[{"href":"https:\/\/1xplayz.com\/fr\/wp-json\/wp\/v2\/types\/page"}],"author":[{"embeddable":true,"href":"https:\/\/1xplayz.com\/fr\/wp-json\/wp\/v2\/users\/1"}],"replies":[{"embeddable":true,"href":"https:\/\/1xplayz.com\/fr\/wp-json\/wp\/v2\/comments?post=7799"}],"version-history":[{"count":10,"href":"https:\/\/1xplayz.com\/fr\/wp-json\/wp\/v2\/pages\/7799\/revisions"}],"predecessor-version":[{"id":42339,"href":"https:\/\/1xplayz.com\/fr\/wp-json\/wp\/v2\/pages\/7799\/revisions\/42339"}],"up":[{"embeddable":true,"href":"https:\/\/1xplayz.com\/fr\/wp-json\/wp\/v2\/pages\/1584"}],"wp:attachment":[{"href":"https:\/\/1xplayz.com\/fr\/wp-json\/wp\/v2\/media?parent=7799"}],"curies":[{"name":"wp","href":"https:\/\/api.w.org\/{rel}","templated":true}]}}