{"id":7812,"date":"2021-09-24T18:25:14","date_gmt":"2021-09-24T11:25:14","guid":{"rendered":"https:\/\/1xplayz.com\/league-of-legends\/turkish-championship-league\/"},"modified":"2023-03-07T22:01:48","modified_gmt":"2023-03-07T15:01:48","slug":"turkish-championship-league","status":"publish","type":"page","link":"https:\/\/1xplayz.com\/fr\/league-of-legends\/turkish-championship-league\/","title":{"rendered":"League of Legends la Ligue turque de championnat (TCL) 2023"},"content":{"rendered":"\n<h2 class=\"wp-block-heading\">Pronostics LOL la Ligue turque de championnat (TCL) 2023<\/h2>\n\n\n\n<p>1xPlayz fournit des <strong>pronostics gratuites<\/strong> et des conseils pour parier sur les matchs de League of Legends Championnat de Turquie  (TCL) 2023. Le championnat de Turquie est le niveau majeur du tournoi d&rsquo;esports League of Legends en Turquie. TCL joue deux saisons par an. Chaque saison utilise des formats de phase de groupes et de s\u00e9ries \u00e9liminatoires. Les matchs de la phase de groupes n&rsquo;ont qu&rsquo;une seule carte. L\u00e0, nous pr\u00e9disons le temps r\u00e9gulier 1&#215;2 Winner. Cependant, les matchs en Playoffs peuvent avoir jusqu&rsquo;\u00e0 5 maps. Pour cela, nous ajoutons le nombre de cartes et le score correct aux pr\u00e9dictions pour les matchs des s\u00e9ries \u00e9liminatoires. Tous les pronostics et pronostics pour les paris sont dans les calendriers de la Ligue turque de championnat (TCL).<\/p>\n\n\n\n<a href=\"https:\/\/refpa.top\/L?tag=d_1105835m_97c_&amp;site=1105835&amp;ad=97&amp;r=live\/Esports\/\" target=\"_blank\" rel=\"nofollow noopener\"><img loading=\"lazy\" decoding=\"async\" class=\"alignnone wp-image-1508 size-large\" src=\"https:\/\/1xplayz.com\/wp-content\/uploads\/2021\/07\/french-lol-betting-bonus-1024x347.jpg\" alt=\"bonus de pari de la ligue chinoise des l\u00e9gendes\" width=\"800\" height=\"271\" srcset=\"https:\/\/1xplayz.com\/wp-content\/uploads\/2021\/07\/french-lol-betting-bonus-1024x347.jpg 1024w, https:\/\/1xplayz.com\/wp-content\/uploads\/2021\/07\/french-lol-betting-bonus-300x102.jpg 300w, https:\/\/1xplayz.com\/wp-content\/uploads\/2021\/07\/french-lol-betting-bonus-768x260.jpg 768w, https:\/\/1xplayz.com\/wp-content\/uploads\/2021\/07\/french-lol-betting-bonus-128x43.jpg 128w, https:\/\/1xplayz.com\/wp-content\/uploads\/2021\/07\/french-lol-betting-bonus-32x11.jpg 32w, https:\/\/1xplayz.com\/wp-content\/uploads\/2021\/07\/french-lol-betting-bonus.jpg 1527w\" sizes=\"auto, (max-width: 800px) 100vw, 800px\" \/><\/a>\n\n\n\n<h3 class=\"wp-block-heading\">\u00c0 propos de LOL la Ligue turque de championnat <\/h3>\n\n\n\n<p>La Ligue turque de championnat a \u00e9t\u00e9 organis\u00e9e par Riot Games Turkey, tout en \u00e9tant sponsoris\u00e9e par Vodafone FreeZone. LOL turque de championnat   a deux saisons par an. La premi\u00e8re division est la saison d&rsquo;hiver qui commence de janvier \u00e0 mars. Pendant ce temps, la deuxi\u00e8me division est la saison estivale qui commence principalement de juillet \u00e0 septembre. Chaque saison compte 10 \u00e9quipes pour participer \u00e0 la phase de groupes. Ce tour joue en tant que Double Round Robin. Chaque \u00e9quipe joue 18 matchs. Tous les matchs sont au meilleur de 1 (Bo1). Les six meilleures \u00e9quipes joueront les Playoffs. Les s\u00e9ries \u00e9liminatoires se jouent en \u00e9limination directe. Tous les matchs sont au meilleur des 5 (Bo5). Le vainqueur du First Split se qualifie pour <a title=\"League of Legends Invitation de mi-saison\" href=\"https:\/\/1xplayz.com\/fr\/league-of-legends\/mid-season-invitational\/\">le Mid-Season Invitational <\/a>, tandis que le vainqueur de la deuxi\u00e8me division se qualifie pour <a title=\"Pronostics Championnat du monde de League of Legends\" href=\"https:\/\/1xplayz.com\/fr\/league-of-legends\/world-championship\/\">le Championnat du monde<\/a>. <\/p>\n\n\n\n<h3 class=\"wp-block-heading\">Site de paris LOL  la Ligue turque de championnat  2023<\/h3>\n\n\n\n<p>O\u00f9 parier Ligue de championnat de Turquie (TCL) 2023? Le meilleur site de paris en ligne pour LCO et autres tournois d&rsquo;esports est <strong><a title=\"Site de paris sportifs avec bonus\" href=\"https:\/\/refpa.top\/L?tag=d_1105835m_97c_&amp;site=1105835&amp;ad=97&amp;r=line\/Esports\/\" target=\"_blank\" rel=\"nofollow noopener\">1xbet.com<\/a><\/strong>. Ce site Web a un tr\u00e8s bon bonus d&rsquo;inscription jusqu&rsquo;\u00e0 100 USD (ou une devise \u00e9quivalente). Ce site Web propose divers choix et une gamme sauvage de march\u00e9s pour parier sur les sports \u00e9lectroniques. Il existe \u00e9galement des promotions telles que des r\u00e9compenses pour les membres, des bonus de d\u00e9p\u00f4t de week-end et des remises en argent pour certains esports sp\u00e9cifiques. Si vous aimez \u00e9galement jouer \u00e0 des jeux, alors <a title=\"1XBET meilleur site de jeux en ligne\" href=\"https:\/\/refpa.top\/L?tag=d_1105835m_97c_&amp;site=1105835&amp;ad=97&amp;r=allgamesentrance\/\" target=\"_blank\" rel=\"nofollow noopener\">cr\u00e9er un compte avec 1XBET<\/a> gratuitement pour jouer \u00e0 des jeux avec de l&rsquo;argent r\u00e9el pour gagner de l&rsquo;argent r\u00e9el.<\/p>\n\n\n\n<h3 class=\"wp-block-heading\">En direct de la Ligue turque de championnat 2023<\/h3>\n\n\n\n<p>Le partenaire de diffusion de League of Legends la Ligue turque de championnat est Twitch. Cependant, la diffusion en direct de tous les matchs serait bas\u00e9e sur <a title=\"Esports en direct avec 1XBET\" href=\"https:\/\/refpa.top\/L?tag=d_1105835m_97c_&amp;site=1105835&amp;ad=97&amp;r=live\/Esports\/\" target=\"_blank\" rel=\"nofollow noopener\">1XBET.com<\/a> \u00e9galement. Donc, si vous avez un compte avec 1xbet, vous pouvez regarder gratuitement la plupart des matchs d&rsquo;esports. M\u00eame si, vous ne d\u00e9posez pas d&rsquo;argent.<\/p>\n","protected":false},"excerpt":{"rendered":"<div class=\"mh-excerpt\"><p>Pronostics LOL la Ligue turque de championnat (TCL) 2023 1xPlayz fournit des pronostics gratuites et des conseils pour parier sur les matchs de League of <a class=\"mh-excerpt-more\" href=\"https:\/\/1xplayz.com\/fr\/league-of-legends\/turkish-championship-league\/\" title=\"League of Legends la Ligue turque de championnat (TCL) 2023\">[&#8230;]<\/a><\/p>\n<\/div>","protected":false},"author":1,"featured_media":0,"parent":1584,"menu_order":0,"comment_status":"closed","ping_status":"closed","template":"","meta":{"footnotes":""},"class_list":["post-7812","page","type-page","status-publish","hentry"],"yoast_head":"<!-- This site is optimized with the Yoast SEO plugin v26.6 - https:\/\/yoast.com\/wordpress\/plugins\/seo\/ -->\n<title>League of Legends la Ligue turque de championnat (TCL) 2023 - Pronostiqueurs eSports - 1xPlayz<\/title>\n<meta name=\"description\" content=\"Pronostics LOL la Ligue turque de championnat (TCL) 2023 1xPlayz fournit des pronostics gratuites et des conseils pour parier sur les matchs de League of\" \/>\n<meta name=\"robots\" content=\"index, follow, max-snippet:-1, max-image-preview:large, max-video-preview:-1\" \/>\n<link rel=\"canonical\" href=\"https:\/\/1xplayz.com\/fr\/league-of-legends\/turkish-championship-league\/\" \/>\n<meta property=\"og:locale\" content=\"fr_FR\" \/>\n<meta property=\"og:type\" content=\"article\" \/>\n<meta property=\"og:title\" content=\"League of Legends la Ligue turque de championnat (TCL) 2023 - Pronostiqueurs eSports - 1xPlayz\" \/>\n<meta property=\"og:description\" content=\"Pronostics LOL la Ligue turque de championnat (TCL) 2023 1xPlayz fournit des pronostics gratuites et des conseils pour parier sur les matchs de League of\" \/>\n<meta property=\"og:url\" content=\"https:\/\/1xplayz.com\/fr\/league-of-legends\/turkish-championship-league\/\" \/>\n<meta property=\"og:site_name\" content=\"1xPlayz\" \/>\n<meta property=\"article:modified_time\" content=\"2023-03-07T15:01:48+00:00\" \/>\n<meta property=\"og:image\" content=\"https:\/\/1xplayz.com\/wp-content\/uploads\/2021\/07\/french-lol-betting-bonus-1024x347.jpg\" \/>\n<meta name=\"twitter:card\" content=\"summary_large_image\" \/>\n<meta name=\"twitter:label1\" content=\"Dur\u00e9e de lecture estim\u00e9e\" \/>\n\t<meta name=\"twitter:data1\" content=\"3 minutes\" \/>\n<script type=\"application\/ld+json\" class=\"yoast-schema-graph\">{\"@context\":\"https:\/\/schema.org\",\"@graph\":[{\"@type\":\"WebPage\",\"@id\":\"https:\/\/1xplayz.com\/fr\/league-of-legends\/turkish-championship-league\/\",\"url\":\"https:\/\/1xplayz.com\/fr\/league-of-legends\/turkish-championship-league\/\",\"name\":\"League of Legends la Ligue turque de championnat (TCL) 2023 - Pronostiqueurs eSports - 1xPlayz\",\"isPartOf\":{\"@id\":\"https:\/\/1xplayz.com\/fr\/de\/#website\"},\"primaryImageOfPage\":{\"@id\":\"https:\/\/1xplayz.com\/fr\/league-of-legends\/turkish-championship-league\/#primaryimage\"},\"image\":{\"@id\":\"https:\/\/1xplayz.com\/fr\/league-of-legends\/turkish-championship-league\/#primaryimage\"},\"thumbnailUrl\":\"https:\/\/1xplayz.com\/wp-content\/uploads\/2021\/07\/french-lol-betting-bonus-1024x347.jpg\",\"datePublished\":\"2021-09-24T11:25:14+00:00\",\"dateModified\":\"2023-03-07T15:01:48+00:00\",\"description\":\"Pronostics LOL la Ligue turque de championnat (TCL) 2023 1xPlayz fournit des pronostics gratuites et des conseils pour parier sur les matchs de League of\",\"breadcrumb\":{\"@id\":\"https:\/\/1xplayz.com\/fr\/league-of-legends\/turkish-championship-league\/#breadcrumb\"},\"inLanguage\":\"fr-FR\",\"potentialAction\":[{\"@type\":\"ReadAction\",\"target\":[\"https:\/\/1xplayz.com\/fr\/league-of-legends\/turkish-championship-league\/\"]}]},{\"@type\":\"ImageObject\",\"inLanguage\":\"fr-FR\",\"@id\":\"https:\/\/1xplayz.com\/fr\/league-of-legends\/turkish-championship-league\/#primaryimage\",\"url\":\"https:\/\/1xplayz.com\/wp-content\/uploads\/2021\/07\/french-lol-betting-bonus-1024x347.jpg\",\"contentUrl\":\"https:\/\/1xplayz.com\/wp-content\/uploads\/2021\/07\/french-lol-betting-bonus-1024x347.jpg\"},{\"@type\":\"BreadcrumbList\",\"@id\":\"https:\/\/1xplayz.com\/fr\/league-of-legends\/turkish-championship-league\/#breadcrumb\",\"itemListElement\":[{\"@type\":\"ListItem\",\"position\":1,\"name\":\"Home\",\"item\":\"https:\/\/1xplayz.com\/fr\/\"},{\"@type\":\"ListItem\",\"position\":2,\"name\":\"Pronostics League of Legends 2023\",\"item\":\"https:\/\/1xplayz.com\/fr\/league-of-legends\/\"},{\"@type\":\"ListItem\",\"position\":3,\"name\":\"League of Legends la Ligue turque de championnat (TCL) 2023\"}]},{\"@type\":\"WebSite\",\"@id\":\"https:\/\/1xplayz.com\/fr\/de\/#website\",\"url\":\"https:\/\/1xplayz.com\/fr\/de\/\",\"name\":\"1xPlayz\",\"description\":\"Pronostiqueurs eSports\",\"publisher\":{\"@id\":\"https:\/\/1xplayz.com\/fr\/de\/#\/schema\/person\/8eadc1d14ab3326bbc7a655fbfe061cf\"},\"potentialAction\":[{\"@type\":\"SearchAction\",\"target\":{\"@type\":\"EntryPoint\",\"urlTemplate\":\"https:\/\/1xplayz.com\/fr\/de\/?s={search_term_string}\"},\"query-input\":{\"@type\":\"PropertyValueSpecification\",\"valueRequired\":true,\"valueName\":\"search_term_string\"}}],\"inLanguage\":\"fr-FR\"},{\"@type\":[\"Person\",\"Organization\"],\"@id\":\"https:\/\/1xplayz.com\/fr\/de\/#\/schema\/person\/8eadc1d14ab3326bbc7a655fbfe061cf\",\"name\":\"1xPlayz\",\"image\":{\"@type\":\"ImageObject\",\"inLanguage\":\"fr-FR\",\"@id\":\"https:\/\/1xplayz.com\/fr\/de\/#\/schema\/person\/image\/\",\"url\":\"https:\/\/1xplayz.com\/wp-content\/uploads\/2021\/07\/1xp.png\",\"contentUrl\":\"https:\/\/1xplayz.com\/wp-content\/uploads\/2021\/07\/1xp.png\",\"width\":500,\"height\":500,\"caption\":\"1xPlayz\"},\"logo\":{\"@id\":\"https:\/\/1xplayz.com\/fr\/de\/#\/schema\/person\/image\/\"},\"sameAs\":[\"http:\/\/1xplayz.com\"]}]}<\/script>\n<!-- \/ Yoast SEO plugin. -->","yoast_head_json":{"title":"League of Legends la Ligue turque de championnat (TCL) 2023 - Pronostiqueurs eSports - 1xPlayz","description":"Pronostics LOL la Ligue turque de championnat (TCL) 2023 1xPlayz fournit des pronostics gratuites et des conseils pour parier sur les matchs de League of","robots":{"index":"index","follow":"follow","max-snippet":"max-snippet:-1","max-image-preview":"max-image-preview:large","max-video-preview":"max-video-preview:-1"},"canonical":"https:\/\/1xplayz.com\/fr\/league-of-legends\/turkish-championship-league\/","og_locale":"fr_FR","og_type":"article","og_title":"League of Legends la Ligue turque de championnat (TCL) 2023 - Pronostiqueurs eSports - 1xPlayz","og_description":"Pronostics LOL la Ligue turque de championnat (TCL) 2023 1xPlayz fournit des pronostics gratuites et des conseils pour parier sur les matchs de League of","og_url":"https:\/\/1xplayz.com\/fr\/league-of-legends\/turkish-championship-league\/","og_site_name":"1xPlayz","article_modified_time":"2023-03-07T15:01:48+00:00","og_image":[{"url":"https:\/\/1xplayz.com\/wp-content\/uploads\/2021\/07\/french-lol-betting-bonus-1024x347.jpg","type":"","width":"","height":""}],"twitter_card":"summary_large_image","twitter_misc":{"Dur\u00e9e de lecture estim\u00e9e":"3 minutes"},"schema":{"@context":"https:\/\/schema.org","@graph":[{"@type":"WebPage","@id":"https:\/\/1xplayz.com\/fr\/league-of-legends\/turkish-championship-league\/","url":"https:\/\/1xplayz.com\/fr\/league-of-legends\/turkish-championship-league\/","name":"League of Legends la Ligue turque de championnat (TCL) 2023 - Pronostiqueurs eSports - 1xPlayz","isPartOf":{"@id":"https:\/\/1xplayz.com\/fr\/de\/#website"},"primaryImageOfPage":{"@id":"https:\/\/1xplayz.com\/fr\/league-of-legends\/turkish-championship-league\/#primaryimage"},"image":{"@id":"https:\/\/1xplayz.com\/fr\/league-of-legends\/turkish-championship-league\/#primaryimage"},"thumbnailUrl":"https:\/\/1xplayz.com\/wp-content\/uploads\/2021\/07\/french-lol-betting-bonus-1024x347.jpg","datePublished":"2021-09-24T11:25:14+00:00","dateModified":"2023-03-07T15:01:48+00:00","description":"Pronostics LOL la Ligue turque de championnat (TCL) 2023 1xPlayz fournit des pronostics gratuites et des conseils pour parier sur les matchs de League of","breadcrumb":{"@id":"https:\/\/1xplayz.com\/fr\/league-of-legends\/turkish-championship-league\/#breadcrumb"},"inLanguage":"fr-FR","potentialAction":[{"@type":"ReadAction","target":["https:\/\/1xplayz.com\/fr\/league-of-legends\/turkish-championship-league\/"]}]},{"@type":"ImageObject","inLanguage":"fr-FR","@id":"https:\/\/1xplayz.com\/fr\/league-of-legends\/turkish-championship-league\/#primaryimage","url":"https:\/\/1xplayz.com\/wp-content\/uploads\/2021\/07\/french-lol-betting-bonus-1024x347.jpg","contentUrl":"https:\/\/1xplayz.com\/wp-content\/uploads\/2021\/07\/french-lol-betting-bonus-1024x347.jpg"},{"@type":"BreadcrumbList","@id":"https:\/\/1xplayz.com\/fr\/league-of-legends\/turkish-championship-league\/#breadcrumb","itemListElement":[{"@type":"ListItem","position":1,"name":"Home","item":"https:\/\/1xplayz.com\/fr\/"},{"@type":"ListItem","position":2,"name":"Pronostics League of Legends 2023","item":"https:\/\/1xplayz.com\/fr\/league-of-legends\/"},{"@type":"ListItem","position":3,"name":"League of Legends la Ligue turque de championnat (TCL) 2023"}]},{"@type":"WebSite","@id":"https:\/\/1xplayz.com\/fr\/de\/#website","url":"https:\/\/1xplayz.com\/fr\/de\/","name":"1xPlayz","description":"Pronostiqueurs eSports","publisher":{"@id":"https:\/\/1xplayz.com\/fr\/de\/#\/schema\/person\/8eadc1d14ab3326bbc7a655fbfe061cf"},"potentialAction":[{"@type":"SearchAction","target":{"@type":"EntryPoint","urlTemplate":"https:\/\/1xplayz.com\/fr\/de\/?s={search_term_string}"},"query-input":{"@type":"PropertyValueSpecification","valueRequired":true,"valueName":"search_term_string"}}],"inLanguage":"fr-FR"},{"@type":["Person","Organization"],"@id":"https:\/\/1xplayz.com\/fr\/de\/#\/schema\/person\/8eadc1d14ab3326bbc7a655fbfe061cf","name":"1xPlayz","image":{"@type":"ImageObject","inLanguage":"fr-FR","@id":"https:\/\/1xplayz.com\/fr\/de\/#\/schema\/person\/image\/","url":"https:\/\/1xplayz.com\/wp-content\/uploads\/2021\/07\/1xp.png","contentUrl":"https:\/\/1xplayz.com\/wp-content\/uploads\/2021\/07\/1xp.png","width":500,"height":500,"caption":"1xPlayz"},"logo":{"@id":"https:\/\/1xplayz.com\/fr\/de\/#\/schema\/person\/image\/"},"sameAs":["http:\/\/1xplayz.com"]}]}},"_links":{"self":[{"href":"https:\/\/1xplayz.com\/fr\/wp-json\/wp\/v2\/pages\/7812","targetHints":{"allow":["GET"]}}],"collection":[{"href":"https:\/\/1xplayz.com\/fr\/wp-json\/wp\/v2\/pages"}],"about":[{"href":"https:\/\/1xplayz.com\/fr\/wp-json\/wp\/v2\/types\/page"}],"author":[{"embeddable":true,"href":"https:\/\/1xplayz.com\/fr\/wp-json\/wp\/v2\/users\/1"}],"replies":[{"embeddable":true,"href":"https:\/\/1xplayz.com\/fr\/wp-json\/wp\/v2\/comments?post=7812"}],"version-history":[{"count":13,"href":"https:\/\/1xplayz.com\/fr\/wp-json\/wp\/v2\/pages\/7812\/revisions"}],"predecessor-version":[{"id":42371,"href":"https:\/\/1xplayz.com\/fr\/wp-json\/wp\/v2\/pages\/7812\/revisions\/42371"}],"up":[{"embeddable":true,"href":"https:\/\/1xplayz.com\/fr\/wp-json\/wp\/v2\/pages\/1584"}],"wp:attachment":[{"href":"https:\/\/1xplayz.com\/fr\/wp-json\/wp\/v2\/media?parent=7812"}],"curies":[{"name":"wp","href":"https:\/\/api.w.org\/{rel}","templated":true}]}}