{"id":7825,"date":"2021-09-24T18:28:14","date_gmt":"2021-09-24T11:28:14","guid":{"rendered":"https:\/\/1xplayz.com\/league-of-legends\/vietnam-championship-series\/"},"modified":"2023-03-07T22:07:42","modified_gmt":"2023-03-07T15:07:42","slug":"vietnam-championship-series","status":"publish","type":"page","link":"https:\/\/1xplayz.com\/fr\/league-of-legends\/vietnam-championship-series\/","title":{"rendered":"League of Legends S\u00e9rie de championnat du Vietnam (VCS) 2023"},"content":{"rendered":"\n<h2 class=\"wp-block-heading\">Pronostics 2023 des LOL S\u00e9rie de championnat du Vietnam (VCS)<\/h2>\n\n\n\n<p>Les <strong>Pronostics S\u00e9rie de championnat du Vietnam<\/strong> sont les conseils pour parier sur les matchs de la ligue professionnelle d&rsquo;eSports dans la cat\u00e9gorie de la base de League of Legends au Vietnam. Les S\u00e9rie de championnat du Vietnam (VCS) ont deux saisons par an, qui se terminent par la phase de groupes et les \u00e9liminatoires. Ici, 1xPlayz pr\u00e9dit le Vainqueur des matchs de la phase de groupes. Pendant les s\u00e9ries \u00e9liminatoires, nous ajouterons des pr\u00e9dictions pour le nombre de cartes et le score correct. Ainsi, toutes les pr\u00e9dictions du VCS sont dans les calendriers des S\u00e9rie de championnat du Vietnam.<\/p>\n\n\n\n<a href=\"https:\/\/refpa.top\/L?tag=d_1105835m_97c_&amp;site=1105835&amp;ad=97&amp;r=live\/Esports\/\" target=\"_blank\" rel=\"nofollow noopener\"><img loading=\"lazy\" decoding=\"async\" src=\"https:\/\/1xplayz.com\/wp-content\/uploads\/2021\/06\/lol-betting-welcome-bonus-2021-1024x347.jpg\" alt=\"en free bet esports\" width=\"800\" height=\"200\" class=\"size-large wp-image-2151\"><\/a>\n\n\n\n<h2 class=\"wp-block-heading\">\u00c0 propos des LOL S\u00e9rie de championnat du Vietnam<\/h2>\n\n\n\n<p>Le Vietnam Championship Series (VCS) est le niveau majeur du tournoi esport de League of Legends au Vietnam. League of Legends Vietnam a \u00e9t\u00e9 fond\u00e9e en 2013. Le VCS est l&rsquo;\u00e9v\u00e9nement comp\u00e9titif annuel qui est divis\u00e9 chaque ann\u00e9e en saisons de printemps et d&rsquo;\u00e9t\u00e9. Le printemps VCS commence principalement en janvier et se termine en avril. De plus, VCS Summer se d\u00e9roule de juin \u00e0 ao\u00fbt. Chaque saison compte 8 \u00e9quipes participant \u00e0 la premi\u00e8re \u00e9tape, qui est la phase de groupes. Dans ce groupe joue Double Round Robin. Chaque \u00e9quipe joue 14 matchs. Tous les matchs sont au meilleur des 3 (Bo3). Seules les 5 meilleures \u00e9quipes acc\u00e8dent aux Playoffs. En Playoffs, ils jouent en Double Elimination. Tous les matchs sont les meilleurs des 5 (Bo5). Seul le vainqueur du VCS Spring se qualifie pour les <a title=\"Pronostics sur invitation de mi-saison de League of Legends\" href=\"https:\/\/1xplayz.com\/fr\/league-of-legends\/mid-season-invitational\/\">Mid-Season Invitation<\/a>. En plus, le gagnant et le finaliste du VSC Summer vont aux <a title=\"Pronostics pour le championnat du monde de League of Legends\" href=\"https:\/\/1xplayz.com\/fr\/league-of-legends\/world-championship\/\">Championnat du monde<\/a>. <\/p>\n\n\n\n<h3 class=\"wp-block-heading\">Site de paris LOL S\u00e9rie de championnat du Vietnam 2023<\/h3>\n\n\n\n<p>O\u00f9 parier League of Legends S\u00e9rie de championnat du Vietnam (VCS) 2023? Le meilleur site de paris en ligne pour la Ligue du Vietnam et d&rsquo;autres tournois d&rsquo;esports est <strong><a title=\"Site de paris sportifs avec bonus\" href=\"https:\/\/refpa.top\/L?tag=d_1105835m_97c_&amp;site=1105835&amp;ad=97&amp;r=line\/Esports\/\" target=\"_blank\" rel=\"nofollow noopener\">1xbet.com<\/a><\/strong>. Ce site Web a un tr\u00e8s bon bonus d&rsquo;inscription jusqu&rsquo;\u00e0 100 USD (ou une devise \u00e9quivalente). De plus, ils ont un choix vari\u00e9 et une gamme sauvage de march\u00e9s pour parier sur les sports \u00e9lectroniques. Il existe d&rsquo;autres promotions telles que les r\u00e9compenses des membres, les bonus de d\u00e9p\u00f4t du week-end et les remises en argent pour certains esports sp\u00e9cifiques. Si vous aimez \u00e9galement jouer \u00e0 des jeux, alors <a title=\"1XBET meilleur site de jeux en ligne\" href=\"https:\/\/refpa.top\/L?tag=d_1105835m_97c_&amp;site=1105835&amp;ad=97&amp;r=allgamesentrance\/\" target=\"_blank\" rel=\"nofollow noopener\">cr\u00e9er un compte avec 1XBET<\/a> gratuitement pour jouer \u00e0 des jeux avec de l&rsquo;argent r\u00e9el pour gagner de l&rsquo;argent r\u00e9el.<\/p>\n\n\n\n<h3 class=\"wp-block-heading\">En direct des LOL S\u00e9rie de championnat du Vietnam 2023<\/h3>\n\n\n\n<p>Le partenaire de diffusion de League of Legends S\u00e9rie de championnat du Vietnam (VCS) est Youtube. Cependant, le flux vid\u00e9o en direct de tous les matchs d&rsquo;esports serait fond\u00e9 sur la cible <a title=\"Esports livestream with 1XBET\" href=\"https:\/\/refpa.top\/L?tag=d_1105835m_97c_&amp;site=1105835&amp;ad=97&amp;r=live\/Esports\/\" target=\"_blank\" rel=\"nofollow noopener\">1XBET.com<\/a> \u00e9galement. Vous pouvez regarder les matchs, voir les cotes en direct et parier en m\u00eame temps. Avec votre compte 1XBET, vous pouvez toujours regarder des matchs d&rsquo;esports et d&rsquo;autres \u00e9v\u00e9nements sportifs populaires gratuitement, m\u00eame si vous ne faites pas de d\u00e9p\u00f4t.<\/p>\n","protected":false},"excerpt":{"rendered":"<div class=\"mh-excerpt\"><p>Pronostics 2023 des LOL S\u00e9rie de championnat du Vietnam (VCS) Les Pronostics S\u00e9rie de championnat du Vietnam sont les conseils pour parier sur les matchs <a class=\"mh-excerpt-more\" href=\"https:\/\/1xplayz.com\/fr\/league-of-legends\/vietnam-championship-series\/\" title=\"League of Legends S\u00e9rie de championnat du Vietnam (VCS) 2023\">[&#8230;]<\/a><\/p>\n<\/div>","protected":false},"author":1,"featured_media":0,"parent":1584,"menu_order":0,"comment_status":"closed","ping_status":"closed","template":"","meta":{"footnotes":""},"class_list":["post-7825","page","type-page","status-publish","hentry"],"yoast_head":"<!-- This site is optimized with the Yoast SEO plugin v26.6 - https:\/\/yoast.com\/wordpress\/plugins\/seo\/ -->\n<title>League of Legends S\u00e9rie de championnat du Vietnam (VCS) 2023 - Pronostiqueurs eSports - 1xPlayz<\/title>\n<meta name=\"description\" content=\"Pronostics 2023 des LOL S\u00e9rie de championnat du Vietnam (VCS) Les Pronostics S\u00e9rie de championnat du Vietnam sont les conseils pour parier sur les matchs\" \/>\n<meta name=\"robots\" content=\"index, follow, max-snippet:-1, max-image-preview:large, max-video-preview:-1\" \/>\n<link rel=\"canonical\" href=\"https:\/\/1xplayz.com\/fr\/league-of-legends\/vietnam-championship-series\/\" \/>\n<meta property=\"og:locale\" content=\"fr_FR\" \/>\n<meta property=\"og:type\" content=\"article\" \/>\n<meta property=\"og:title\" content=\"League of Legends S\u00e9rie de championnat du Vietnam (VCS) 2023 - Pronostiqueurs eSports - 1xPlayz\" \/>\n<meta property=\"og:description\" content=\"Pronostics 2023 des LOL S\u00e9rie de championnat du Vietnam (VCS) Les Pronostics S\u00e9rie de championnat du Vietnam sont les conseils pour parier sur les matchs\" \/>\n<meta property=\"og:url\" content=\"https:\/\/1xplayz.com\/fr\/league-of-legends\/vietnam-championship-series\/\" \/>\n<meta property=\"og:site_name\" content=\"1xPlayz\" \/>\n<meta property=\"article:modified_time\" content=\"2023-03-07T15:07:42+00:00\" \/>\n<meta property=\"og:image\" content=\"https:\/\/1xplayz.com\/wp-content\/uploads\/2021\/06\/lol-betting-welcome-bonus-2021-1024x347.jpg\" \/>\n<meta name=\"twitter:card\" content=\"summary_large_image\" \/>\n<meta name=\"twitter:label1\" content=\"Dur\u00e9e de lecture estim\u00e9e\" \/>\n\t<meta name=\"twitter:data1\" content=\"3 minutes\" \/>\n<script type=\"application\/ld+json\" class=\"yoast-schema-graph\">{\"@context\":\"https:\/\/schema.org\",\"@graph\":[{\"@type\":\"WebPage\",\"@id\":\"https:\/\/1xplayz.com\/fr\/league-of-legends\/vietnam-championship-series\/\",\"url\":\"https:\/\/1xplayz.com\/fr\/league-of-legends\/vietnam-championship-series\/\",\"name\":\"League of Legends S\u00e9rie de championnat du Vietnam (VCS) 2023 - Pronostiqueurs eSports - 1xPlayz\",\"isPartOf\":{\"@id\":\"https:\/\/1xplayz.com\/fr\/de\/#website\"},\"primaryImageOfPage\":{\"@id\":\"https:\/\/1xplayz.com\/fr\/league-of-legends\/vietnam-championship-series\/#primaryimage\"},\"image\":{\"@id\":\"https:\/\/1xplayz.com\/fr\/league-of-legends\/vietnam-championship-series\/#primaryimage\"},\"thumbnailUrl\":\"https:\/\/1xplayz.com\/wp-content\/uploads\/2021\/06\/lol-betting-welcome-bonus-2021-1024x347.jpg\",\"datePublished\":\"2021-09-24T11:28:14+00:00\",\"dateModified\":\"2023-03-07T15:07:42+00:00\",\"description\":\"Pronostics 2023 des LOL S\u00e9rie de championnat du Vietnam (VCS) Les Pronostics S\u00e9rie de championnat du Vietnam sont les conseils pour parier sur les matchs\",\"breadcrumb\":{\"@id\":\"https:\/\/1xplayz.com\/fr\/league-of-legends\/vietnam-championship-series\/#breadcrumb\"},\"inLanguage\":\"fr-FR\",\"potentialAction\":[{\"@type\":\"ReadAction\",\"target\":[\"https:\/\/1xplayz.com\/fr\/league-of-legends\/vietnam-championship-series\/\"]}]},{\"@type\":\"ImageObject\",\"inLanguage\":\"fr-FR\",\"@id\":\"https:\/\/1xplayz.com\/fr\/league-of-legends\/vietnam-championship-series\/#primaryimage\",\"url\":\"https:\/\/1xplayz.com\/wp-content\/uploads\/2021\/06\/lol-betting-welcome-bonus-2021-1024x347.jpg\",\"contentUrl\":\"https:\/\/1xplayz.com\/wp-content\/uploads\/2021\/06\/lol-betting-welcome-bonus-2021-1024x347.jpg\"},{\"@type\":\"BreadcrumbList\",\"@id\":\"https:\/\/1xplayz.com\/fr\/league-of-legends\/vietnam-championship-series\/#breadcrumb\",\"itemListElement\":[{\"@type\":\"ListItem\",\"position\":1,\"name\":\"Home\",\"item\":\"https:\/\/1xplayz.com\/fr\/\"},{\"@type\":\"ListItem\",\"position\":2,\"name\":\"Pronostics League of Legends 2023\",\"item\":\"https:\/\/1xplayz.com\/fr\/league-of-legends\/\"},{\"@type\":\"ListItem\",\"position\":3,\"name\":\"League of Legends S\u00e9rie de championnat du Vietnam (VCS) 2023\"}]},{\"@type\":\"WebSite\",\"@id\":\"https:\/\/1xplayz.com\/fr\/de\/#website\",\"url\":\"https:\/\/1xplayz.com\/fr\/de\/\",\"name\":\"1xPlayz\",\"description\":\"Pronostiqueurs eSports\",\"publisher\":{\"@id\":\"https:\/\/1xplayz.com\/fr\/de\/#\/schema\/person\/8eadc1d14ab3326bbc7a655fbfe061cf\"},\"potentialAction\":[{\"@type\":\"SearchAction\",\"target\":{\"@type\":\"EntryPoint\",\"urlTemplate\":\"https:\/\/1xplayz.com\/fr\/de\/?s={search_term_string}\"},\"query-input\":{\"@type\":\"PropertyValueSpecification\",\"valueRequired\":true,\"valueName\":\"search_term_string\"}}],\"inLanguage\":\"fr-FR\"},{\"@type\":[\"Person\",\"Organization\"],\"@id\":\"https:\/\/1xplayz.com\/fr\/de\/#\/schema\/person\/8eadc1d14ab3326bbc7a655fbfe061cf\",\"name\":\"1xPlayz\",\"image\":{\"@type\":\"ImageObject\",\"inLanguage\":\"fr-FR\",\"@id\":\"https:\/\/1xplayz.com\/fr\/de\/#\/schema\/person\/image\/\",\"url\":\"https:\/\/1xplayz.com\/wp-content\/uploads\/2021\/07\/1xp.png\",\"contentUrl\":\"https:\/\/1xplayz.com\/wp-content\/uploads\/2021\/07\/1xp.png\",\"width\":500,\"height\":500,\"caption\":\"1xPlayz\"},\"logo\":{\"@id\":\"https:\/\/1xplayz.com\/fr\/de\/#\/schema\/person\/image\/\"},\"sameAs\":[\"http:\/\/1xplayz.com\"]}]}<\/script>\n<!-- \/ Yoast SEO plugin. -->","yoast_head_json":{"title":"League of Legends S\u00e9rie de championnat du Vietnam (VCS) 2023 - Pronostiqueurs eSports - 1xPlayz","description":"Pronostics 2023 des LOL S\u00e9rie de championnat du Vietnam (VCS) Les Pronostics S\u00e9rie de championnat du Vietnam sont les conseils pour parier sur les matchs","robots":{"index":"index","follow":"follow","max-snippet":"max-snippet:-1","max-image-preview":"max-image-preview:large","max-video-preview":"max-video-preview:-1"},"canonical":"https:\/\/1xplayz.com\/fr\/league-of-legends\/vietnam-championship-series\/","og_locale":"fr_FR","og_type":"article","og_title":"League of Legends S\u00e9rie de championnat du Vietnam (VCS) 2023 - Pronostiqueurs eSports - 1xPlayz","og_description":"Pronostics 2023 des LOL S\u00e9rie de championnat du Vietnam (VCS) Les Pronostics S\u00e9rie de championnat du Vietnam sont les conseils pour parier sur les matchs","og_url":"https:\/\/1xplayz.com\/fr\/league-of-legends\/vietnam-championship-series\/","og_site_name":"1xPlayz","article_modified_time":"2023-03-07T15:07:42+00:00","og_image":[{"url":"https:\/\/1xplayz.com\/wp-content\/uploads\/2021\/06\/lol-betting-welcome-bonus-2021-1024x347.jpg","type":"","width":"","height":""}],"twitter_card":"summary_large_image","twitter_misc":{"Dur\u00e9e de lecture estim\u00e9e":"3 minutes"},"schema":{"@context":"https:\/\/schema.org","@graph":[{"@type":"WebPage","@id":"https:\/\/1xplayz.com\/fr\/league-of-legends\/vietnam-championship-series\/","url":"https:\/\/1xplayz.com\/fr\/league-of-legends\/vietnam-championship-series\/","name":"League of Legends S\u00e9rie de championnat du Vietnam (VCS) 2023 - Pronostiqueurs eSports - 1xPlayz","isPartOf":{"@id":"https:\/\/1xplayz.com\/fr\/de\/#website"},"primaryImageOfPage":{"@id":"https:\/\/1xplayz.com\/fr\/league-of-legends\/vietnam-championship-series\/#primaryimage"},"image":{"@id":"https:\/\/1xplayz.com\/fr\/league-of-legends\/vietnam-championship-series\/#primaryimage"},"thumbnailUrl":"https:\/\/1xplayz.com\/wp-content\/uploads\/2021\/06\/lol-betting-welcome-bonus-2021-1024x347.jpg","datePublished":"2021-09-24T11:28:14+00:00","dateModified":"2023-03-07T15:07:42+00:00","description":"Pronostics 2023 des LOL S\u00e9rie de championnat du Vietnam (VCS) Les Pronostics S\u00e9rie de championnat du Vietnam sont les conseils pour parier sur les matchs","breadcrumb":{"@id":"https:\/\/1xplayz.com\/fr\/league-of-legends\/vietnam-championship-series\/#breadcrumb"},"inLanguage":"fr-FR","potentialAction":[{"@type":"ReadAction","target":["https:\/\/1xplayz.com\/fr\/league-of-legends\/vietnam-championship-series\/"]}]},{"@type":"ImageObject","inLanguage":"fr-FR","@id":"https:\/\/1xplayz.com\/fr\/league-of-legends\/vietnam-championship-series\/#primaryimage","url":"https:\/\/1xplayz.com\/wp-content\/uploads\/2021\/06\/lol-betting-welcome-bonus-2021-1024x347.jpg","contentUrl":"https:\/\/1xplayz.com\/wp-content\/uploads\/2021\/06\/lol-betting-welcome-bonus-2021-1024x347.jpg"},{"@type":"BreadcrumbList","@id":"https:\/\/1xplayz.com\/fr\/league-of-legends\/vietnam-championship-series\/#breadcrumb","itemListElement":[{"@type":"ListItem","position":1,"name":"Home","item":"https:\/\/1xplayz.com\/fr\/"},{"@type":"ListItem","position":2,"name":"Pronostics League of Legends 2023","item":"https:\/\/1xplayz.com\/fr\/league-of-legends\/"},{"@type":"ListItem","position":3,"name":"League of Legends S\u00e9rie de championnat du Vietnam (VCS) 2023"}]},{"@type":"WebSite","@id":"https:\/\/1xplayz.com\/fr\/de\/#website","url":"https:\/\/1xplayz.com\/fr\/de\/","name":"1xPlayz","description":"Pronostiqueurs eSports","publisher":{"@id":"https:\/\/1xplayz.com\/fr\/de\/#\/schema\/person\/8eadc1d14ab3326bbc7a655fbfe061cf"},"potentialAction":[{"@type":"SearchAction","target":{"@type":"EntryPoint","urlTemplate":"https:\/\/1xplayz.com\/fr\/de\/?s={search_term_string}"},"query-input":{"@type":"PropertyValueSpecification","valueRequired":true,"valueName":"search_term_string"}}],"inLanguage":"fr-FR"},{"@type":["Person","Organization"],"@id":"https:\/\/1xplayz.com\/fr\/de\/#\/schema\/person\/8eadc1d14ab3326bbc7a655fbfe061cf","name":"1xPlayz","image":{"@type":"ImageObject","inLanguage":"fr-FR","@id":"https:\/\/1xplayz.com\/fr\/de\/#\/schema\/person\/image\/","url":"https:\/\/1xplayz.com\/wp-content\/uploads\/2021\/07\/1xp.png","contentUrl":"https:\/\/1xplayz.com\/wp-content\/uploads\/2021\/07\/1xp.png","width":500,"height":500,"caption":"1xPlayz"},"logo":{"@id":"https:\/\/1xplayz.com\/fr\/de\/#\/schema\/person\/image\/"},"sameAs":["http:\/\/1xplayz.com"]}]}},"_links":{"self":[{"href":"https:\/\/1xplayz.com\/fr\/wp-json\/wp\/v2\/pages\/7825","targetHints":{"allow":["GET"]}}],"collection":[{"href":"https:\/\/1xplayz.com\/fr\/wp-json\/wp\/v2\/pages"}],"about":[{"href":"https:\/\/1xplayz.com\/fr\/wp-json\/wp\/v2\/types\/page"}],"author":[{"embeddable":true,"href":"https:\/\/1xplayz.com\/fr\/wp-json\/wp\/v2\/users\/1"}],"replies":[{"embeddable":true,"href":"https:\/\/1xplayz.com\/fr\/wp-json\/wp\/v2\/comments?post=7825"}],"version-history":[{"count":5,"href":"https:\/\/1xplayz.com\/fr\/wp-json\/wp\/v2\/pages\/7825\/revisions"}],"predecessor-version":[{"id":42380,"href":"https:\/\/1xplayz.com\/fr\/wp-json\/wp\/v2\/pages\/7825\/revisions\/42380"}],"up":[{"embeddable":true,"href":"https:\/\/1xplayz.com\/fr\/wp-json\/wp\/v2\/pages\/1584"}],"wp:attachment":[{"href":"https:\/\/1xplayz.com\/fr\/wp-json\/wp\/v2\/media?parent=7825"}],"curies":[{"name":"wp","href":"https:\/\/api.w.org\/{rel}","templated":true}]}}