{"id":8319,"date":"2021-09-27T13:04:01","date_gmt":"2021-09-27T06:04:01","guid":{"rendered":"https:\/\/1xplayz.com\/?page_id=8319"},"modified":"2023-01-02T20:37:41","modified_gmt":"2023-01-02T13:37:41","slug":"esports-predictions","status":"publish","type":"page","link":"https:\/\/1xplayz.com\/fr\/esports-predictions\/","title":{"rendered":"Pronostics du tournoi ESports 2023"},"content":{"rendered":"\n<p>\u00cates-vous int\u00e9ress\u00e9 \u00e0 savoir ce qui se passe dans chaque tournoi E-Sports ? Ici, nous avons les meilleurs pronostics de matchs esports gratuitement. Actuellement, le tournoi d&rsquo;esports le plus c\u00e9l\u00e8bre, le <a title=\"Championnat du monde de League of Legends\" href=\"https:\/\/1xplayz.com\/fr\/league-of-legends\/world-championship\/\">Worlds 2023<\/a> est d\u00e9part. 1xPlayz vous fournit tous les pronostics de match \u00e0 toutes les \u00e9tapes des comp\u00e9titions. Tous les matchs des tournois esports peuvent \u00eatre pari\u00e9s avec <a title=\"Esports Bookmaker\" href=\"https:\/\/refpa.top\/L?tag=d_1105835m_97c_&amp;site=1105835&amp;ad=97&amp;r=live\/Esports\/\" target=\"_blank\" rel=\"noreferrer noopener\">1xbet.com<\/a> qui a un tr\u00e8s bon bonus de bienvenue et plus de jeu pour gagner le prix r\u00e9el. Vous pouvez \u00e9galement consulter les autres <a title=\"O\u00f9 parier Esports\" href=\"https:\/\/1xplayz.com\/fr\/esports-bookies\/\">critiques de bookmakers esports<\/a> pour comparer les avantages diff\u00e9rents de chaque bookmaker.<\/p>\n\n\n\n<h3 class=\"wp-block-heading\">Conseils et pronostics pour les tournois eSports 2023<\/h3>\n\n\n\n<div class=\"sportspress sp-widget-align-none\"><h4 class=\"sp-table-caption\">Pronostics d&rsquo;ESports Aujourd&rsquo;hui<\/h4><div class=\"sp-template sp-template-event-blocks\">\n\t<div class=\"sp-table-wrapper\">\n\t\t<table class=\"sp-event-blocks sp-data-table\n\t\t\t\t\t sp-paginated-table\" data-sp-rows=\"5\">\n\t\t\t<thead><tr><th><\/th><\/tr><\/thead> \t\t\t<tbody>\n\t\t\t\t\t\t\t\t\t<tr class=\"sp-row sp-post alternate\" itemscope itemtype=\"http:\/\/schema.org\/SportsEvent\">\n\t\t\t\t\t\t<td>\n\t\t\t\t\t\t\t\t\t\t\t\t\t\t<span class=\"team-logo logo-odd\" title=\"KaBuM! E-Sports\"><a href=\"https:\/\/1xplayz.com\/fr\/teams\/kabum-e-sports\/\"><img loading=\"lazy\" decoding=\"async\" width=\"128\" height=\"109\" src=\"https:\/\/1xplayz.com\/wp-content\/uploads\/2021\/06\/kabum-esport-team-128x109.png\" class=\"attachment-sportspress-fit-icon size-sportspress-fit-icon wp-post-image\" alt=\"kabum esport team\" \/><\/a><\/span> <span class=\"team-logo logo-even\" title=\"INTZ eSports\"><a href=\"https:\/\/1xplayz.com\/fr\/teams\/intz-esports\/\"><img loading=\"lazy\" decoding=\"async\" width=\"128\" height=\"109\" src=\"https:\/\/1xplayz.com\/wp-content\/uploads\/2021\/06\/intz-esport-team-128x109.png\" class=\"attachment-sportspress-fit-icon size-sportspress-fit-icon wp-post-image\" alt=\"intz esport team\" \/><\/a><\/span>\t\t\t\t\t\t\t<time class=\"sp-event-date\" datetime=\"2022-06-27 03:00:00\" itemprop=\"startDate\" content=\"2022-06-27T03:00:00+07:00\">\n\t\t\t\t\t\t\t\t<a href=\"https:\/\/1xplayz.com\/fr\/matches\/kabum-e-sports-vs-intz-esports-06-27-2022\/\">juin 27, 2022<\/a>\t\t\t\t\t\t\t<\/time>\n\t\t\t\t\t\t\t\t\t\t\t\t\t\t<h5 class=\"sp-event-results\">\n\t\t\t\t\t\t\t\t<a href=\"https:\/\/1xplayz.com\/fr\/matches\/kabum-e-sports-vs-intz-esports-06-27-2022\/\"><span class=\"sp-result ok\">3:00 am<\/span><\/a>\t\t\t\t\t\t\t<\/h5>\n\t\t\t\t\t\t\t\t\t\t\t\t\t\t\t<div class=\"sp-event-league\">LOL CBLOL Brazil<\/div>\n\t\t\t\t\t\t\t\t\t\t\t\t\t\t\t\t\t\t\t\t\t\t\t\t\t\t\t\t\t\t<div class=\"sp-event-season\">2022<\/div>\n\t\t\t\t\t\t\t\t\t\t\t\t\t\t\t\t\t\t\t\t\t\t\t\t\t\t\t\t\t\t\t\t\t\t\t\t\t<div style=\"display:none;\" class=\"sp-event-venue\" itemprop=\"location\" itemscope itemtype=\"http:\/\/schema.org\/Place\"><div itemprop=\"address\" itemscope itemtype=\"http:\/\/schema.org\/PostalAddress\">N\/C<\/div><\/div>\n\t\t\t\t\t\t\t\t\t\t\t\t\t\t<h4 class=\"sp-event-title\" itemprop=\"name\">\n\t\t\t\t\t\t\t\t<a href=\"https:\/\/1xplayz.com\/fr\/matches\/kabum-e-sports-vs-intz-esports-06-27-2022\/\">KaBuM! E-Sports vs INTZ eSports<\/a>\t\t\t\t\t\t\t<\/h4>\n\t\t\t\t\t\t\t\n\t\t\t\t\t\t<\/td>\n\t\t\t\t\t<\/tr>\n\t\t\t\t\t\t\t\t<\/tbody>\n\t\t<\/table>\n\t<\/div>\n\t<div class=\"sp-calendar-link sp-view-all-link\"><a href=\"https:\/\/1xplayz.com\/fr\/calendars\/esports-predictions-today\/\">Voir tous les \u00e9v\u00e8nements<\/a><\/div><\/div>\n<\/div>\n\n\n\n<p>Si vous \u00eates un grand fan d&rsquo;Esports, vous \u00eates sur le bon site. Nous donnons des pr\u00e9dictions de vos \u00e9quipes d&rsquo;esports pr\u00e9f\u00e9r\u00e9es dans l&rsquo;industrie des jeux d&rsquo;eSports les plus populaires que vous ne voudrez peut-\u00eatre pas manquer leurs tournois.<\/p>\n\n\n\n<ul class=\"wp-block-list\">\n<li><a title=\"League of Legend eSports\" href=\"https:\/\/1xplayz.com\/fr\/league-of-legends\/\">League of Legends (LOL)<\/a><\/li>\n\n\n\n<li>StarCraft II<\/li>\n\n\n\n<li>Valorant<\/li>\n\n\n\n<li><a title=\"Dota 2 esports\" href=\"https:\/\/1xplayz.com\/fr\/dota2\/\">Dota 2<\/a><\/li>\n\n\n\n<li><a title=\"Counter Strike: Global Offensive esports\" href=\"https:\/\/1xplayz.com\/fr\/counter-strike-global-offensive\/\">Counter-Strike: Global Offensive (CSGO)<\/a><\/li>\n\n\n\n<li>PUBG<\/li>\n\n\n\n<li>Rainbow Six<\/li>\n\n\n\n<li><a title=\"Mobile Legends: Bang Bang eSports\" href=\"https:\/\/1xplayz.com\/fr\/mobile-legends\/\">Mobile Legends: Bang Bang (MLBB)<\/a><\/li>\n\n\n\n<li>Crossfire<\/li>\n\n\n\n<li>Call of Duty<\/li>\n\n\n\n<li>King of Glory<\/li>\n\n\n\n<li>WarCraft<\/li>\n<\/ul>\n\n\n\n<h3 class=\"wp-block-heading\">Top 10 des pronostics sur les tournois eSports<\/h3>\n\n\n\n<p>Les tournois de sports \u00e9lectroniques ont tellement de cat\u00e9gories. Cependant, voici le top 10 des plus grands esports de 2023 dont nous proposons les pr\u00e9dictions. Cependant, nous pr\u00e9voyons \u00e9galement d&rsquo;autres niveaux de tournois. Alors suivez-nous pour obtenir plus de pronostics gratuits.<\/p>\n\n\n\n<ol class=\"wp-block-list\">\n<li>LOL Mid Season Invitational 2023<\/li>\n\n\n\n<li>CSGO Intel Extreme Master 2023<\/li>\n\n\n\n<li>CSGO ESL Pro League 2023<\/li>\n\n\n\n<li>Championnat mondial PUBG 2023<\/li>\n\n\n\n<li>Championnat du monde LOL 2023<\/li>\n\n\n\n<li>MLBB Mid Season Invitational 2023<\/li>\n\n\n\n<li>Championnat du monde MLBB 2023<\/li>\n\n\n\n<li>CSGO Blast Premier 2023<\/li>\n\n\n\n<li>Dota 2 L&rsquo;Internationale 2023<\/li>\n\n\n\n<li>VALORANTS Champions 2023<\/li>\n<\/ol>\n","protected":false},"excerpt":{"rendered":"<div class=\"mh-excerpt\"><p>\u00cates-vous int\u00e9ress\u00e9 \u00e0 savoir ce qui se passe dans chaque tournoi E-Sports ? Ici, nous avons les meilleurs pronostics de matchs esports gratuitement. Actuellement, le <a class=\"mh-excerpt-more\" href=\"https:\/\/1xplayz.com\/fr\/esports-predictions\/\" title=\"Pronostics du tournoi ESports 2023\">[&#8230;]<\/a><\/p>\n<\/div>","protected":false},"author":1,"featured_media":0,"parent":0,"menu_order":0,"comment_status":"closed","ping_status":"closed","template":"","meta":{"footnotes":""},"class_list":["post-8319","page","type-page","status-publish","hentry"],"yoast_head":"<!-- This site is optimized with the Yoast SEO plugin v26.6 - https:\/\/yoast.com\/wordpress\/plugins\/seo\/ -->\n<title>Pronostics du tournoi ESports 2023 - Pronostiqueurs eSports - 1xPlayz<\/title>\n<meta name=\"description\" content=\"\u00cates-vous int\u00e9ress\u00e9 \u00e0 savoir ce qui se passe dans chaque tournoi E-Sports ? Ici, nous avons les meilleurs pronostics de matchs esports gratuitement.\" \/>\n<meta name=\"robots\" content=\"index, follow, max-snippet:-1, max-image-preview:large, max-video-preview:-1\" \/>\n<link rel=\"canonical\" href=\"https:\/\/1xplayz.com\/fr\/esports-predictions\/\" \/>\n<meta property=\"og:locale\" content=\"fr_FR\" \/>\n<meta property=\"og:type\" content=\"article\" \/>\n<meta property=\"og:title\" content=\"Pronostics du tournoi ESports 2023 - Pronostiqueurs eSports - 1xPlayz\" \/>\n<meta property=\"og:description\" content=\"\u00cates-vous int\u00e9ress\u00e9 \u00e0 savoir ce qui se passe dans chaque tournoi E-Sports ? Ici, nous avons les meilleurs pronostics de matchs esports gratuitement.\" \/>\n<meta property=\"og:url\" content=\"https:\/\/1xplayz.com\/fr\/esports-predictions\/\" \/>\n<meta property=\"og:site_name\" content=\"1xPlayz\" \/>\n<meta property=\"article:modified_time\" content=\"2023-01-02T13:37:41+00:00\" \/>\n<meta name=\"twitter:card\" content=\"summary_large_image\" \/>\n<meta name=\"twitter:label1\" content=\"Dur\u00e9e de lecture estim\u00e9e\" \/>\n\t<meta name=\"twitter:data1\" content=\"2 minutes\" \/>\n<script type=\"application\/ld+json\" class=\"yoast-schema-graph\">{\"@context\":\"https:\/\/schema.org\",\"@graph\":[{\"@type\":\"WebPage\",\"@id\":\"https:\/\/1xplayz.com\/fr\/esports-predictions\/\",\"url\":\"https:\/\/1xplayz.com\/fr\/esports-predictions\/\",\"name\":\"Pronostics du tournoi ESports 2023 - Pronostiqueurs eSports - 1xPlayz\",\"isPartOf\":{\"@id\":\"https:\/\/1xplayz.com\/fr\/de\/#website\"},\"datePublished\":\"2021-09-27T06:04:01+00:00\",\"dateModified\":\"2023-01-02T13:37:41+00:00\",\"description\":\"\u00cates-vous int\u00e9ress\u00e9 \u00e0 savoir ce qui se passe dans chaque tournoi E-Sports ? Ici, nous avons les meilleurs pronostics de matchs esports gratuitement.\",\"breadcrumb\":{\"@id\":\"https:\/\/1xplayz.com\/fr\/esports-predictions\/#breadcrumb\"},\"inLanguage\":\"fr-FR\",\"potentialAction\":[{\"@type\":\"ReadAction\",\"target\":[\"https:\/\/1xplayz.com\/fr\/esports-predictions\/\"]}]},{\"@type\":\"BreadcrumbList\",\"@id\":\"https:\/\/1xplayz.com\/fr\/esports-predictions\/#breadcrumb\",\"itemListElement\":[{\"@type\":\"ListItem\",\"position\":1,\"name\":\"Home\",\"item\":\"https:\/\/1xplayz.com\/fr\/\"},{\"@type\":\"ListItem\",\"position\":2,\"name\":\"Pronostics du tournoi ESports 2023\"}]},{\"@type\":\"WebSite\",\"@id\":\"https:\/\/1xplayz.com\/fr\/de\/#website\",\"url\":\"https:\/\/1xplayz.com\/fr\/de\/\",\"name\":\"1xPlayz\",\"description\":\"Pronostiqueurs eSports\",\"publisher\":{\"@id\":\"https:\/\/1xplayz.com\/fr\/de\/#\/schema\/person\/8eadc1d14ab3326bbc7a655fbfe061cf\"},\"potentialAction\":[{\"@type\":\"SearchAction\",\"target\":{\"@type\":\"EntryPoint\",\"urlTemplate\":\"https:\/\/1xplayz.com\/fr\/de\/?s={search_term_string}\"},\"query-input\":{\"@type\":\"PropertyValueSpecification\",\"valueRequired\":true,\"valueName\":\"search_term_string\"}}],\"inLanguage\":\"fr-FR\"},{\"@type\":[\"Person\",\"Organization\"],\"@id\":\"https:\/\/1xplayz.com\/fr\/de\/#\/schema\/person\/8eadc1d14ab3326bbc7a655fbfe061cf\",\"name\":\"1xPlayz\",\"image\":{\"@type\":\"ImageObject\",\"inLanguage\":\"fr-FR\",\"@id\":\"https:\/\/1xplayz.com\/fr\/de\/#\/schema\/person\/image\/\",\"url\":\"https:\/\/1xplayz.com\/wp-content\/uploads\/2021\/07\/1xp.png\",\"contentUrl\":\"https:\/\/1xplayz.com\/wp-content\/uploads\/2021\/07\/1xp.png\",\"width\":500,\"height\":500,\"caption\":\"1xPlayz\"},\"logo\":{\"@id\":\"https:\/\/1xplayz.com\/fr\/de\/#\/schema\/person\/image\/\"},\"sameAs\":[\"http:\/\/1xplayz.com\"]}]}<\/script>\n<!-- \/ Yoast SEO plugin. -->","yoast_head_json":{"title":"Pronostics du tournoi ESports 2023 - Pronostiqueurs eSports - 1xPlayz","description":"\u00cates-vous int\u00e9ress\u00e9 \u00e0 savoir ce qui se passe dans chaque tournoi E-Sports ? Ici, nous avons les meilleurs pronostics de matchs esports gratuitement.","robots":{"index":"index","follow":"follow","max-snippet":"max-snippet:-1","max-image-preview":"max-image-preview:large","max-video-preview":"max-video-preview:-1"},"canonical":"https:\/\/1xplayz.com\/fr\/esports-predictions\/","og_locale":"fr_FR","og_type":"article","og_title":"Pronostics du tournoi ESports 2023 - Pronostiqueurs eSports - 1xPlayz","og_description":"\u00cates-vous int\u00e9ress\u00e9 \u00e0 savoir ce qui se passe dans chaque tournoi E-Sports ? Ici, nous avons les meilleurs pronostics de matchs esports gratuitement.","og_url":"https:\/\/1xplayz.com\/fr\/esports-predictions\/","og_site_name":"1xPlayz","article_modified_time":"2023-01-02T13:37:41+00:00","twitter_card":"summary_large_image","twitter_misc":{"Dur\u00e9e de lecture estim\u00e9e":"2 minutes"},"schema":{"@context":"https:\/\/schema.org","@graph":[{"@type":"WebPage","@id":"https:\/\/1xplayz.com\/fr\/esports-predictions\/","url":"https:\/\/1xplayz.com\/fr\/esports-predictions\/","name":"Pronostics du tournoi ESports 2023 - Pronostiqueurs eSports - 1xPlayz","isPartOf":{"@id":"https:\/\/1xplayz.com\/fr\/de\/#website"},"datePublished":"2021-09-27T06:04:01+00:00","dateModified":"2023-01-02T13:37:41+00:00","description":"\u00cates-vous int\u00e9ress\u00e9 \u00e0 savoir ce qui se passe dans chaque tournoi E-Sports ? Ici, nous avons les meilleurs pronostics de matchs esports gratuitement.","breadcrumb":{"@id":"https:\/\/1xplayz.com\/fr\/esports-predictions\/#breadcrumb"},"inLanguage":"fr-FR","potentialAction":[{"@type":"ReadAction","target":["https:\/\/1xplayz.com\/fr\/esports-predictions\/"]}]},{"@type":"BreadcrumbList","@id":"https:\/\/1xplayz.com\/fr\/esports-predictions\/#breadcrumb","itemListElement":[{"@type":"ListItem","position":1,"name":"Home","item":"https:\/\/1xplayz.com\/fr\/"},{"@type":"ListItem","position":2,"name":"Pronostics du tournoi ESports 2023"}]},{"@type":"WebSite","@id":"https:\/\/1xplayz.com\/fr\/de\/#website","url":"https:\/\/1xplayz.com\/fr\/de\/","name":"1xPlayz","description":"Pronostiqueurs eSports","publisher":{"@id":"https:\/\/1xplayz.com\/fr\/de\/#\/schema\/person\/8eadc1d14ab3326bbc7a655fbfe061cf"},"potentialAction":[{"@type":"SearchAction","target":{"@type":"EntryPoint","urlTemplate":"https:\/\/1xplayz.com\/fr\/de\/?s={search_term_string}"},"query-input":{"@type":"PropertyValueSpecification","valueRequired":true,"valueName":"search_term_string"}}],"inLanguage":"fr-FR"},{"@type":["Person","Organization"],"@id":"https:\/\/1xplayz.com\/fr\/de\/#\/schema\/person\/8eadc1d14ab3326bbc7a655fbfe061cf","name":"1xPlayz","image":{"@type":"ImageObject","inLanguage":"fr-FR","@id":"https:\/\/1xplayz.com\/fr\/de\/#\/schema\/person\/image\/","url":"https:\/\/1xplayz.com\/wp-content\/uploads\/2021\/07\/1xp.png","contentUrl":"https:\/\/1xplayz.com\/wp-content\/uploads\/2021\/07\/1xp.png","width":500,"height":500,"caption":"1xPlayz"},"logo":{"@id":"https:\/\/1xplayz.com\/fr\/de\/#\/schema\/person\/image\/"},"sameAs":["http:\/\/1xplayz.com"]}]}},"_links":{"self":[{"href":"https:\/\/1xplayz.com\/fr\/wp-json\/wp\/v2\/pages\/8319","targetHints":{"allow":["GET"]}}],"collection":[{"href":"https:\/\/1xplayz.com\/fr\/wp-json\/wp\/v2\/pages"}],"about":[{"href":"https:\/\/1xplayz.com\/fr\/wp-json\/wp\/v2\/types\/page"}],"author":[{"embeddable":true,"href":"https:\/\/1xplayz.com\/fr\/wp-json\/wp\/v2\/users\/1"}],"replies":[{"embeddable":true,"href":"https:\/\/1xplayz.com\/fr\/wp-json\/wp\/v2\/comments?post=8319"}],"version-history":[{"count":7,"href":"https:\/\/1xplayz.com\/fr\/wp-json\/wp\/v2\/pages\/8319\/revisions"}],"predecessor-version":[{"id":42277,"href":"https:\/\/1xplayz.com\/fr\/wp-json\/wp\/v2\/pages\/8319\/revisions\/42277"}],"wp:attachment":[{"href":"https:\/\/1xplayz.com\/fr\/wp-json\/wp\/v2\/media?parent=8319"}],"curies":[{"name":"wp","href":"https:\/\/api.w.org\/{rel}","templated":true}]}}