{"id":919,"date":"2021-07-19T20:59:36","date_gmt":"2021-07-19T13:59:36","guid":{"rendered":"https:\/\/1xplayz.com\/conseils-et-pronostics-esports-2021\/"},"modified":"2023-01-02T20:31:58","modified_gmt":"2023-01-02T13:31:58","slug":"conseils-et-pronostics-esports-2021","status":"publish","type":"page","link":"https:\/\/1xplayz.com\/fr\/","title":{"rendered":"Conseils et pronostics ESports 2023"},"content":{"rendered":"\n<p>\u00cates-vous \u00e0 la recherche de conseils gratuits sur l&rsquo;esport pour jouer \u00e0 des jeux d&rsquo;esport ou pour parier sur l&rsquo;esport&nbsp;? Vous \u00eates au bon endroit. Ici, nous avons toutes sortes de trucs et astuces pour jouer aux meilleurs jeux d&rsquo;esports tels que Dota 2, League of Legends, CS:GO PES, eSports Sports, Overwatch, Fortnite, Playerunknown&rsquo;s Battlegrounds, Call of Duty: Modern Warfare, Arena of Valor, Rainbow Six Siege, SMITE, Halo 5: Guardians, Arena of Valor, Goble Offensive ou Starcraft.<\/p>\n\n\n\n<a href=\"http:\/\/refpa.top\/L?tag=d_60645m_97c_&amp;site=60645&amp;ad=97\" target=\"_blank\" rel=\"nofollow noopener\"><img loading=\"lazy\" decoding=\"async\" class=\"alignnone wp-image-1508 size-large\" src=\"https:\/\/1xplayz.com\/wp-content\/uploads\/2021\/07\/french-lol-betting-bonus-1024x347.jpg\" alt=\"french lol betting bonus\" width=\"1024\" height=\"347\" srcset=\"https:\/\/1xplayz.com\/wp-content\/uploads\/2021\/07\/french-lol-betting-bonus-1024x347.jpg 1024w, https:\/\/1xplayz.com\/wp-content\/uploads\/2021\/07\/french-lol-betting-bonus-300x102.jpg 300w, https:\/\/1xplayz.com\/wp-content\/uploads\/2021\/07\/french-lol-betting-bonus-768x260.jpg 768w, https:\/\/1xplayz.com\/wp-content\/uploads\/2021\/07\/french-lol-betting-bonus-128x43.jpg 128w, https:\/\/1xplayz.com\/wp-content\/uploads\/2021\/07\/french-lol-betting-bonus-32x11.jpg 32w, https:\/\/1xplayz.com\/wp-content\/uploads\/2021\/07\/french-lol-betting-bonus.jpg 1527w\" sizes=\"auto, (max-width: 1024px) 100vw, 1024px\" \/><\/a>\n\n\n\n<h2 class=\"wp-block-heading\">Tout ce que vous devez savoir sur l&rsquo;eSport<\/h2>\n\n\n\n<h3 class=\"wp-block-heading\">FAQ sur l&rsquo;eSport<\/h3>\n\n\n\n<h4 class=\"wp-block-heading\">Qu&rsquo;est-ce que l&rsquo;ESport&nbsp;?<\/h4>\n\n\n\n<p>ESports ou sports \u00e9lectroniques est une sorte de comp\u00e9tition entre des \u00e9quipes de joueurs vid\u00e9o qui jouent pour gagner. Ce type de comp\u00e9tition se d\u00e9roule principalement avec des joueurs qui ont des adeptes et des fans partout dans le monde.<\/p>\n\n\n\n<h4 class=\"wp-block-heading\">L&rsquo;ESport est-il un vrai sport ?<\/h4>\n\n\n\n<p>Les E-Sports doivent \u00eatre consid\u00e9r\u00e9s comme un v\u00e9ritable sport, car ce sont des \u00e9quipes ou des individus qui participent \u00e0 la comp\u00e9tition et qui ont une forte capacit\u00e9 mentale. Chaque mati\u00e8re n\u00e9cessite de la pratique et les tournois se d\u00e9roulent dans un stade. L&rsquo;esport apporte de la joie et des sensations fortes aux joueurs et aux supporters qui n&rsquo;ont peut-\u00eatre pas la chance de pratiquer un sport physique.<\/p>\n\n\n\n<p>La plupart des pays qui acceptent l&rsquo;eSport le consid\u00e8rent comme un v\u00e9ritable sport. Cependant, il y a encore des discussions sur ce qu&rsquo;il faut appeler les joueurs d&rsquo;esports. Le joueur d&rsquo;esport est-il un athl\u00e8te ?<\/p>\n","protected":false},"excerpt":{"rendered":"<div class=\"mh-excerpt\"><p>\u00cates-vous \u00e0 la recherche de conseils gratuits sur l&rsquo;esport pour jouer \u00e0 des jeux d&rsquo;esport ou pour parier sur l&rsquo;esport&nbsp;? Vous \u00eates au bon endroit. <a class=\"mh-excerpt-more\" href=\"https:\/\/1xplayz.com\/fr\/\" title=\"Conseils et pronostics ESports 2023\">[&#8230;]<\/a><\/p>\n<\/div>","protected":false},"author":1,"featured_media":0,"parent":0,"menu_order":0,"comment_status":"closed","ping_status":"closed","template":"","meta":{"footnotes":""},"class_list":["post-919","page","type-page","status-publish","hentry"],"yoast_head":"<!-- This site is optimized with the Yoast SEO plugin v26.6 - https:\/\/yoast.com\/wordpress\/plugins\/seo\/ -->\n<title>Conseils et pronostics ESports 2023 - 1xPlayz<\/title>\n<meta name=\"description\" content=\"\u00cates-vous \u00e0 la recherche de conseils gratuits sur l&#039;esport pour jouer \u00e0 des jeux d&#039;esport ou pour parier sur l&#039;esport&nbsp;? Vous \u00eates au bon endroit.\" \/>\n<meta name=\"robots\" content=\"index, follow, max-snippet:-1, max-image-preview:large, max-video-preview:-1\" \/>\n<link rel=\"canonical\" href=\"https:\/\/1xplayz.com\/fr\/\" \/>\n<meta property=\"og:locale\" content=\"fr_FR\" \/>\n<meta property=\"og:type\" content=\"article\" \/>\n<meta property=\"og:title\" content=\"Conseils et pronostics ESports 2023 - 1xPlayz\" \/>\n<meta property=\"og:description\" content=\"\u00cates-vous \u00e0 la recherche de conseils gratuits sur l&#039;esport pour jouer \u00e0 des jeux d&#039;esport ou pour parier sur l&#039;esport&nbsp;? Vous \u00eates au bon endroit.\" \/>\n<meta property=\"og:url\" content=\"https:\/\/1xplayz.com\/fr\/\" \/>\n<meta property=\"og:site_name\" content=\"1xPlayz\" \/>\n<meta property=\"article:modified_time\" content=\"2023-01-02T13:31:58+00:00\" \/>\n<meta property=\"og:image\" content=\"https:\/\/1xplayz.com\/wp-content\/uploads\/2021\/07\/french-lol-betting-bonus-1024x347.jpg\" \/>\n<meta name=\"twitter:card\" content=\"summary_large_image\" \/>\n<meta name=\"twitter:label1\" content=\"Dur\u00e9e de lecture estim\u00e9e\" \/>\n\t<meta name=\"twitter:data1\" content=\"2 minutes\" \/>\n<script type=\"application\/ld+json\" class=\"yoast-schema-graph\">{\"@context\":\"https:\/\/schema.org\",\"@graph\":[{\"@type\":\"WebPage\",\"@id\":\"https:\/\/1xplayz.com\/fr\/\",\"url\":\"https:\/\/1xplayz.com\/fr\/\",\"name\":\"Conseils et pronostics ESports 2023 - 1xPlayz\",\"isPartOf\":{\"@id\":\"https:\/\/1xplayz.com\/fr\/de\/#website\"},\"primaryImageOfPage\":{\"@id\":\"https:\/\/1xplayz.com\/fr\/#primaryimage\"},\"image\":{\"@id\":\"https:\/\/1xplayz.com\/fr\/#primaryimage\"},\"thumbnailUrl\":\"https:\/\/1xplayz.com\/wp-content\/uploads\/2021\/07\/french-lol-betting-bonus-1024x347.jpg\",\"datePublished\":\"2021-07-19T13:59:36+00:00\",\"dateModified\":\"2023-01-02T13:31:58+00:00\",\"description\":\"\u00cates-vous \u00e0 la recherche de conseils gratuits sur l'esport pour jouer \u00e0 des jeux d'esport ou pour parier sur l'esport&nbsp;? Vous \u00eates au bon endroit.\",\"breadcrumb\":{\"@id\":\"https:\/\/1xplayz.com\/fr\/#breadcrumb\"},\"inLanguage\":\"fr-FR\",\"potentialAction\":[{\"@type\":\"ReadAction\",\"target\":[\"https:\/\/1xplayz.com\/fr\/\"]}]},{\"@type\":\"ImageObject\",\"inLanguage\":\"fr-FR\",\"@id\":\"https:\/\/1xplayz.com\/fr\/#primaryimage\",\"url\":\"https:\/\/1xplayz.com\/wp-content\/uploads\/2021\/07\/french-lol-betting-bonus-1024x347.jpg\",\"contentUrl\":\"https:\/\/1xplayz.com\/wp-content\/uploads\/2021\/07\/french-lol-betting-bonus-1024x347.jpg\"},{\"@type\":\"BreadcrumbList\",\"@id\":\"https:\/\/1xplayz.com\/fr\/#breadcrumb\",\"itemListElement\":[{\"@type\":\"ListItem\",\"position\":1,\"name\":\"Home\",\"item\":\"https:\/\/1xplayz.com\/fr\/\"},{\"@type\":\"ListItem\",\"position\":2,\"name\":\"Conseils et pronostics ESports 2023\"}]},{\"@type\":\"WebSite\",\"@id\":\"https:\/\/1xplayz.com\/fr\/de\/#website\",\"url\":\"https:\/\/1xplayz.com\/fr\/de\/\",\"name\":\"1xPlayz\",\"description\":\"Pronostiqueurs eSports\",\"publisher\":{\"@id\":\"https:\/\/1xplayz.com\/fr\/de\/#\/schema\/person\/8eadc1d14ab3326bbc7a655fbfe061cf\"},\"potentialAction\":[{\"@type\":\"SearchAction\",\"target\":{\"@type\":\"EntryPoint\",\"urlTemplate\":\"https:\/\/1xplayz.com\/fr\/de\/?s={search_term_string}\"},\"query-input\":{\"@type\":\"PropertyValueSpecification\",\"valueRequired\":true,\"valueName\":\"search_term_string\"}}],\"inLanguage\":\"fr-FR\"},{\"@type\":[\"Person\",\"Organization\"],\"@id\":\"https:\/\/1xplayz.com\/fr\/de\/#\/schema\/person\/8eadc1d14ab3326bbc7a655fbfe061cf\",\"name\":\"1xPlayz\",\"image\":{\"@type\":\"ImageObject\",\"inLanguage\":\"fr-FR\",\"@id\":\"https:\/\/1xplayz.com\/fr\/de\/#\/schema\/person\/image\/\",\"url\":\"https:\/\/1xplayz.com\/wp-content\/uploads\/2021\/07\/1xp.png\",\"contentUrl\":\"https:\/\/1xplayz.com\/wp-content\/uploads\/2021\/07\/1xp.png\",\"width\":500,\"height\":500,\"caption\":\"1xPlayz\"},\"logo\":{\"@id\":\"https:\/\/1xplayz.com\/fr\/de\/#\/schema\/person\/image\/\"},\"sameAs\":[\"http:\/\/1xplayz.com\"]}]}<\/script>\n<!-- \/ Yoast SEO plugin. -->","yoast_head_json":{"title":"Conseils et pronostics ESports 2023 - 1xPlayz","description":"\u00cates-vous \u00e0 la recherche de conseils gratuits sur l'esport pour jouer \u00e0 des jeux d'esport ou pour parier sur l'esport&nbsp;? Vous \u00eates au bon endroit.","robots":{"index":"index","follow":"follow","max-snippet":"max-snippet:-1","max-image-preview":"max-image-preview:large","max-video-preview":"max-video-preview:-1"},"canonical":"https:\/\/1xplayz.com\/fr\/","og_locale":"fr_FR","og_type":"article","og_title":"Conseils et pronostics ESports 2023 - 1xPlayz","og_description":"\u00cates-vous \u00e0 la recherche de conseils gratuits sur l'esport pour jouer \u00e0 des jeux d'esport ou pour parier sur l'esport&nbsp;? Vous \u00eates au bon endroit.","og_url":"https:\/\/1xplayz.com\/fr\/","og_site_name":"1xPlayz","article_modified_time":"2023-01-02T13:31:58+00:00","og_image":[{"url":"https:\/\/1xplayz.com\/wp-content\/uploads\/2021\/07\/french-lol-betting-bonus-1024x347.jpg","type":"","width":"","height":""}],"twitter_card":"summary_large_image","twitter_misc":{"Dur\u00e9e de lecture estim\u00e9e":"2 minutes"},"schema":{"@context":"https:\/\/schema.org","@graph":[{"@type":"WebPage","@id":"https:\/\/1xplayz.com\/fr\/","url":"https:\/\/1xplayz.com\/fr\/","name":"Conseils et pronostics ESports 2023 - 1xPlayz","isPartOf":{"@id":"https:\/\/1xplayz.com\/fr\/de\/#website"},"primaryImageOfPage":{"@id":"https:\/\/1xplayz.com\/fr\/#primaryimage"},"image":{"@id":"https:\/\/1xplayz.com\/fr\/#primaryimage"},"thumbnailUrl":"https:\/\/1xplayz.com\/wp-content\/uploads\/2021\/07\/french-lol-betting-bonus-1024x347.jpg","datePublished":"2021-07-19T13:59:36+00:00","dateModified":"2023-01-02T13:31:58+00:00","description":"\u00cates-vous \u00e0 la recherche de conseils gratuits sur l'esport pour jouer \u00e0 des jeux d'esport ou pour parier sur l'esport&nbsp;? Vous \u00eates au bon endroit.","breadcrumb":{"@id":"https:\/\/1xplayz.com\/fr\/#breadcrumb"},"inLanguage":"fr-FR","potentialAction":[{"@type":"ReadAction","target":["https:\/\/1xplayz.com\/fr\/"]}]},{"@type":"ImageObject","inLanguage":"fr-FR","@id":"https:\/\/1xplayz.com\/fr\/#primaryimage","url":"https:\/\/1xplayz.com\/wp-content\/uploads\/2021\/07\/french-lol-betting-bonus-1024x347.jpg","contentUrl":"https:\/\/1xplayz.com\/wp-content\/uploads\/2021\/07\/french-lol-betting-bonus-1024x347.jpg"},{"@type":"BreadcrumbList","@id":"https:\/\/1xplayz.com\/fr\/#breadcrumb","itemListElement":[{"@type":"ListItem","position":1,"name":"Home","item":"https:\/\/1xplayz.com\/fr\/"},{"@type":"ListItem","position":2,"name":"Conseils et pronostics ESports 2023"}]},{"@type":"WebSite","@id":"https:\/\/1xplayz.com\/fr\/de\/#website","url":"https:\/\/1xplayz.com\/fr\/de\/","name":"1xPlayz","description":"Pronostiqueurs eSports","publisher":{"@id":"https:\/\/1xplayz.com\/fr\/de\/#\/schema\/person\/8eadc1d14ab3326bbc7a655fbfe061cf"},"potentialAction":[{"@type":"SearchAction","target":{"@type":"EntryPoint","urlTemplate":"https:\/\/1xplayz.com\/fr\/de\/?s={search_term_string}"},"query-input":{"@type":"PropertyValueSpecification","valueRequired":true,"valueName":"search_term_string"}}],"inLanguage":"fr-FR"},{"@type":["Person","Organization"],"@id":"https:\/\/1xplayz.com\/fr\/de\/#\/schema\/person\/8eadc1d14ab3326bbc7a655fbfe061cf","name":"1xPlayz","image":{"@type":"ImageObject","inLanguage":"fr-FR","@id":"https:\/\/1xplayz.com\/fr\/de\/#\/schema\/person\/image\/","url":"https:\/\/1xplayz.com\/wp-content\/uploads\/2021\/07\/1xp.png","contentUrl":"https:\/\/1xplayz.com\/wp-content\/uploads\/2021\/07\/1xp.png","width":500,"height":500,"caption":"1xPlayz"},"logo":{"@id":"https:\/\/1xplayz.com\/fr\/de\/#\/schema\/person\/image\/"},"sameAs":["http:\/\/1xplayz.com"]}]}},"_links":{"self":[{"href":"https:\/\/1xplayz.com\/fr\/wp-json\/wp\/v2\/pages\/919","targetHints":{"allow":["GET"]}}],"collection":[{"href":"https:\/\/1xplayz.com\/fr\/wp-json\/wp\/v2\/pages"}],"about":[{"href":"https:\/\/1xplayz.com\/fr\/wp-json\/wp\/v2\/types\/page"}],"author":[{"embeddable":true,"href":"https:\/\/1xplayz.com\/fr\/wp-json\/wp\/v2\/users\/1"}],"replies":[{"embeddable":true,"href":"https:\/\/1xplayz.com\/fr\/wp-json\/wp\/v2\/comments?post=919"}],"version-history":[{"count":4,"href":"https:\/\/1xplayz.com\/fr\/wp-json\/wp\/v2\/pages\/919\/revisions"}],"predecessor-version":[{"id":42266,"href":"https:\/\/1xplayz.com\/fr\/wp-json\/wp\/v2\/pages\/919\/revisions\/42266"}],"wp:attachment":[{"href":"https:\/\/1xplayz.com\/fr\/wp-json\/wp\/v2\/media?parent=919"}],"curies":[{"name":"wp","href":"https:\/\/api.w.org\/{rel}","templated":true}]}}