{"id":975,"date":"2021-07-20T16:52:16","date_gmt":"2021-07-20T09:52:16","guid":{"rendered":"https:\/\/1xplayz.com\/bookmakers-desports\/"},"modified":"2023-03-12T15:37:48","modified_gmt":"2023-03-12T08:37:48","slug":"esports-bookies","status":"publish","type":"page","link":"https:\/\/1xplayz.com\/fr\/esports-bookies\/","title":{"rendered":"Bookmakers d&rsquo;ESports"},"content":{"rendered":"\n<h2 class=\"wp-block-heading\">Qu&rsquo;est-ce que les bookmakers d&rsquo;ESports<\/h2>\n\n\n\n<p>Les bookmakers d&rsquo;esports ou les bookmakers d&rsquo;esports sont une personne, une organisation ou une entreprise qui accepte les paris et rembourse les paris sur les \u00e9v\u00e9nements d&rsquo;esports. Le bookmaker est \u00e9galement connu sous le nom de lieux de paris ou de sites de paris, \u00e0 savoir <a href=\"https:\/\/refpa.top\/L?tag=d_1105835m_97c_&amp;site=1105835&amp;ad=97&amp;r=live\/Esports\/\" target=\"_blank\" rel=\"noreferrer noopener\">1xbet.com<\/a>. Ils fournissent les cotes de chaque option de pari que vous gagnerez \u00e0 partir de ces cotes si vous gagnez votre pari. \u00c9tant donn\u00e9 que le commerce en ligne est tr\u00e8s d\u00e9velopp\u00e9, l&rsquo;utilisation de bookmakers d&rsquo;esports en tant que sites de paris en ligne est avantageuse.<\/p>\n\n\n\n<a href=\"https:\/\/refpa.top\/L?tag=d_1105835m_97c_&amp;site=1105835&amp;ad=97&amp;r=live\/Esports\/\" target=\"_blank\" rel=\"nofollow noopener\"><img loading=\"lazy\" decoding=\"async\" src=\"https:\/\/1xplayz.com\/wp-content\/uploads\/2021\/07\/french-free-bet-esports-1024x256.jpg\" alt=\"french free bet esports\" width=\"800\" height=\"200\" class=\"size-large wp-image-2166\" srcset=\"https:\/\/1xplayz.com\/wp-content\/uploads\/2021\/07\/french-free-bet-esports-1024x256.jpg 1024w, https:\/\/1xplayz.com\/wp-content\/uploads\/2021\/07\/french-free-bet-esports-300x75.jpg 300w, https:\/\/1xplayz.com\/wp-content\/uploads\/2021\/07\/french-free-bet-esports-768x192.jpg 768w, https:\/\/1xplayz.com\/wp-content\/uploads\/2021\/07\/french-free-bet-esports-128x32.jpg 128w, https:\/\/1xplayz.com\/wp-content\/uploads\/2021\/07\/french-free-bet-esports-32x8.jpg 32w, https:\/\/1xplayz.com\/wp-content\/uploads\/2021\/07\/french-free-bet-esports.jpg 1500w\" sizes=\"auto, (max-width: 800px) 100vw, 800px\" \/><\/a>\n\n\n\n<h2 class=\"wp-block-heading\">Types de paris sportifs<\/h2>\n\n\n\n<p>Les march\u00e9s de paris pour les esports divers dans diff\u00e9rentes cat\u00e9gories d\u00e9pendent de la r\u00e8gle et du format du tournoi. Il existe des types de paris principaux pour les jeux tels :<br>. <strong>Gagnant<\/strong>: l&rsquo;esport est comme le sport o\u00f9 2 \u00e9quipes ou un individu s&rsquo;affrontent pour gagner le match. La plupart des tournois esports exigent un vainqueur (pas de tirage). Placer un pari sur un gagnant est tellement commun.<br>. <strong>Gagnant de la carte<\/strong>: pour certains jeux, vous avez la possibilit\u00e9 de parier sur une \u00e9quipe qui gagne la carte sp\u00e9cifique comme <a href=\"https:\/\/1xplayz.com\/fr\/league-of-legends\/\" target=\"_blank\" rel=\"noreferrer noopener\">League of Legends<\/a>, Counter Strike: Global Offensive, Dota 2.<br>. <strong>Plus\/Moins<\/strong>: placer un pari sur Plus ou Moins signifie que vous pariez sur le nombre de scores, de buts, de cartes, de victoires ou de m\u00e9dailles d&rsquo;or.<br>. <strong>Score correct<\/strong>: lorsque vous \u00eates probablement s\u00fbr de la performance des \u00e9quipes. Parier sur le score correct n&rsquo;est pas mauvais. Cela signifie que vous placez un pari sur le r\u00e9sultat final du match. Le gagnant gagne combien et perd l&rsquo;\u00e9quipe.<br>. <strong>Handicap<\/strong>: ce type d&rsquo;option de pari n&rsquo;est disponible que pour les tournois plus importants. Les bookmakers obtiennent une marge d&rsquo;\u00e9quipe d\u00e9favorable pour un petit avantage. Donc, placer un pari sur Handicap, c&rsquo;est comme si vous ajoutiez des points \u00e0 l&rsquo;\u00e9quipe que vous pariez. Par exemple, vous placez un pari sur l&rsquo;\u00e9quipe 1 qui a 2 avantages contre l&rsquo;\u00e9quipe 2. Le r\u00e9sultat du match est 1 &#8211; 2. Le handicap de 2 points s&rsquo;ajoute aux r\u00e9sultats de l&rsquo;\u00e9quipe 1, ce qui rend le r\u00e9sultat r\u00e9vis\u00e9 \u00e0 3 &#8211; 2 qui rend votre pari gagnant.<br>. <strong>Impair\/Paire<\/strong>: placer un pari sur Impair ou Pair se r\u00e9f\u00e8re aux r\u00e9sultats finaux ou au nombre de scores totaux. Ce pari uniquement pour les tournois dont le r\u00e9sultat est sup\u00e9rieur \u00e0 1. Par exemple : <a title=\"Campeonato Brasileiro de League of Legends\" href=\"https:\/\/1xplayz.com\/league-of-legends\/fr\/brazilian-championship\/\">League of Legend Brazilian Championship<\/a> n&rsquo;a pas ce march\u00e9 pour les paris. Ces matchs CBLoL n&rsquo;ont qu&rsquo;une seule carte et le r\u00e9sultat n&rsquo;est que de 1 &#8211; 0 ou 0 &#8211; 1, ce qui signifie le nombre de cotes.<\/p>\n\n\n\n<h3 class=\"wp-block-heading\">Comment parier sur Esports<\/h3>\n\n\n\n<p>Les sports \u00e9lectroniques sont devenus si populaires parmi diff\u00e9rents types et \u00e2ges de personnes \u00e0 travers le monde. En cons\u00e9quence, les eSports deviennent \u00e9galement le plus amusant \u00e0 parier et \u00e0 gagner. Il y a quelques \u00e9tapes \u00e0 suivre avant de pouvoir parier sur l&rsquo;esport avec n&rsquo;importe quel site de paris en ligne. Tout d&rsquo;abord, vous devez cr\u00e9er un compte sur un site de paris (bookmaker). Ensuite, financez votre compte de paris. Apr\u00e8s cela, vous pouvez placer n&rsquo;importe quel pari en match ou en pr\u00e9-match. Lorsque vous constatez que votre compte a plus d&rsquo;argent que le match que vous gagnez, vous pouvez retirer cet argent du compte de paris vers votre compte bancaire personnel ou ainsi de suite.<\/p>\n\n\n\n<h3 class=\"wp-block-heading\">Cr\u00e9er un compte de paris<\/h3>\n\n\n\n<p>Pour pouvoir parier, vous devez d&rsquo;abord ouvrir un compte sur un site de paris. Alors, comment cr\u00e9er un compte chez un bookmaker esport ? Par exemple, vous allez vous inscrire sur le <a href=\"https:\/\/refpa.top\/L?tag=d_1105835m_97c_&amp;site=1105835&amp;ad=97&amp;r=live\/Esports\/\" target=\"_blank\" rel=\"noreferrer noopener\">1Xbet.com<\/a>, le plus grand site de paris en ligne pour les eSports. 1xBET a de nombreuses devises disponibles pour diff\u00e9rents pays. Il est important de choisir la bonne devise lors de votre inscription. Car si vous s\u00e9lectionnez la devise qui n&rsquo;est pas utilis\u00e9e dans votre pays de r\u00e9sidence, vous risquez d&rsquo;avoir du mal \u00e0 d\u00e9poser. Comme si vous viviez en Cor\u00e9e du Sud, mais vous choisissez USD (dollar am\u00e9ricain) au lieu de KRW (won sud-cor\u00e9en). Par cons\u00e9quent, lorsque vous effectuez un d\u00e9p\u00f4t, il se peut que vous ne trouviez pas la bonne m\u00e9thode de d\u00e9p\u00f4t ou que vous perdiez de l&rsquo;argent pour la conversion du taux de change. Vous devrez peut-\u00eatre demander \u00e0 l&rsquo;\u00e9quipe d&rsquo;assistance 1xBET de changer votre devise. Ensuite, il peut vous \u00eatre demand\u00e9 de fermer votre compte pour en cr\u00e9er un nouveau. Donc, pour \u00e9viter tous ces probl\u00e8mes, s\u00e9lectionnez toutes les informations correctement en fonction de vos informations personnelles.<\/p>\n\n\n\n<a href=\"https:\/\/refpa.top\/L?tag=d_1105835m_97c_&amp;site=1105835&amp;ad=97&amp;r=allgamesentrance\/\" target=\"_blank\" rel=\"nofollow noopener\"><img loading=\"lazy\" decoding=\"async\" src=\"https:\/\/1xplayz.com\/wp-content\/uploads\/2021\/06\/register-1xbet-esports.jpg\" alt=\"register 1xbet esports\" width=\"800\" height=\"444\" class=\"size-full wp-image-2890\" srcset=\"https:\/\/1xplayz.com\/wp-content\/uploads\/2021\/06\/register-1xbet-esports.jpg 1000w, https:\/\/1xplayz.com\/wp-content\/uploads\/2021\/06\/register-1xbet-esports-300x167.jpg 300w, https:\/\/1xplayz.com\/wp-content\/uploads\/2021\/06\/register-1xbet-esports-768x426.jpg 768w, https:\/\/1xplayz.com\/wp-content\/uploads\/2021\/06\/register-1xbet-esports-128x71.jpg 128w, https:\/\/1xplayz.com\/wp-content\/uploads\/2021\/06\/register-1xbet-esports-32x18.jpg 32w\" sizes=\"auto, (max-width: 800px) 100vw, 800px\" \/><\/a>\n\n\n\n<p><strong>Premi\u00e8rement<\/strong>&nbsp;: cliquez sur \u00ab&nbsp;Inscription&nbsp;\u00bb. L&rsquo;utilisation de la m\u00e9thode par e-mail pour vous inscrire permet de cr\u00e9er votre compte de paris plus rapidement.<br><strong>Deuxi\u00e8mement<\/strong>&nbsp;: saisissez vos informations personnelles telles que&nbsp;: votre nom, votre compte, votre adresse e-mail, votre num\u00e9ro de t\u00e9l\u00e9phone, votre mot de passe, etc.<br>Dans certains cas, vous devez confirmer votre e-mail apr\u00e8s votre inscription.<\/p>\n\n\n\n<h3 class=\"wp-block-heading\">D\u00e9p\u00f4t sur le compte de paris<\/h3>\n\n\n\n<p>D\u00e9p\u00f4t signifie que vous avez trouv\u00e9 votre compte de paris que vous venez d&rsquo;enregistrer. C&rsquo;est une n\u00e9cessit\u00e9 si vous pr\u00e9voyez de parier sur n&rsquo;importe quel match. Disons que vous avez enregistr\u00e9 1xBET avec notre lien ci-dessus. Pour d\u00e9poser de l&rsquo;argent sur votre compte, il faudra quelques petites \u00e9tapes.<\/p>\n","protected":false},"excerpt":{"rendered":"<div class=\"mh-excerpt\"><p>Qu&rsquo;est-ce que les bookmakers d&rsquo;ESports Les bookmakers d&rsquo;esports ou les bookmakers d&rsquo;esports sont une personne, une organisation ou une entreprise qui accepte les paris et <a class=\"mh-excerpt-more\" href=\"https:\/\/1xplayz.com\/fr\/esports-bookies\/\" title=\"Bookmakers d&rsquo;ESports\">[&#8230;]<\/a><\/p>\n<\/div>","protected":false},"author":1,"featured_media":0,"parent":0,"menu_order":0,"comment_status":"closed","ping_status":"closed","template":"","meta":{"footnotes":""},"class_list":["post-975","page","type-page","status-publish","hentry"],"yoast_head":"<!-- This site is optimized with the Yoast SEO plugin v26.6 - https:\/\/yoast.com\/wordpress\/plugins\/seo\/ -->\n<title>Bookmakers d&#039;ESports - Pronostiqueurs eSports - 1xPlayz<\/title>\n<meta name=\"description\" content=\"Qu&#039;est-ce que les bookmakers d&#039;ESports Les bookmakers d&#039;esports ou les bookmakers d&#039;esports sont une personne, une organisation ou une entreprise qui\" \/>\n<meta name=\"robots\" content=\"index, follow, max-snippet:-1, max-image-preview:large, max-video-preview:-1\" \/>\n<link rel=\"canonical\" href=\"https:\/\/1xplayz.com\/fr\/esports-bookies\/\" \/>\n<meta property=\"og:locale\" content=\"fr_FR\" \/>\n<meta property=\"og:type\" content=\"article\" \/>\n<meta property=\"og:title\" content=\"Bookmakers d&#039;ESports - Pronostiqueurs eSports - 1xPlayz\" \/>\n<meta property=\"og:description\" content=\"Qu&#039;est-ce que les bookmakers d&#039;ESports Les bookmakers d&#039;esports ou les bookmakers d&#039;esports sont une personne, une organisation ou une entreprise qui\" \/>\n<meta property=\"og:url\" content=\"https:\/\/1xplayz.com\/fr\/esports-bookies\/\" \/>\n<meta property=\"og:site_name\" content=\"1xPlayz\" \/>\n<meta property=\"article:modified_time\" content=\"2023-03-12T08:37:48+00:00\" \/>\n<meta property=\"og:image\" content=\"https:\/\/1xplayz.com\/wp-content\/uploads\/2021\/07\/french-free-bet-esports-1024x256.jpg\" \/>\n<meta name=\"twitter:card\" content=\"summary_large_image\" \/>\n<meta name=\"twitter:label1\" content=\"Dur\u00e9e de lecture estim\u00e9e\" \/>\n\t<meta name=\"twitter:data1\" content=\"5 minutes\" \/>\n<script type=\"application\/ld+json\" class=\"yoast-schema-graph\">{\"@context\":\"https:\/\/schema.org\",\"@graph\":[{\"@type\":\"WebPage\",\"@id\":\"https:\/\/1xplayz.com\/fr\/esports-bookies\/\",\"url\":\"https:\/\/1xplayz.com\/fr\/esports-bookies\/\",\"name\":\"Bookmakers d'ESports - Pronostiqueurs eSports - 1xPlayz\",\"isPartOf\":{\"@id\":\"https:\/\/1xplayz.com\/fr\/de\/#website\"},\"primaryImageOfPage\":{\"@id\":\"https:\/\/1xplayz.com\/fr\/esports-bookies\/#primaryimage\"},\"image\":{\"@id\":\"https:\/\/1xplayz.com\/fr\/esports-bookies\/#primaryimage\"},\"thumbnailUrl\":\"https:\/\/1xplayz.com\/wp-content\/uploads\/2021\/07\/french-free-bet-esports-1024x256.jpg\",\"datePublished\":\"2021-07-20T09:52:16+00:00\",\"dateModified\":\"2023-03-12T08:37:48+00:00\",\"description\":\"Qu'est-ce que les bookmakers d'ESports Les bookmakers d'esports ou les bookmakers d'esports sont une personne, une organisation ou une entreprise qui\",\"breadcrumb\":{\"@id\":\"https:\/\/1xplayz.com\/fr\/esports-bookies\/#breadcrumb\"},\"inLanguage\":\"fr-FR\",\"potentialAction\":[{\"@type\":\"ReadAction\",\"target\":[\"https:\/\/1xplayz.com\/fr\/esports-bookies\/\"]}]},{\"@type\":\"ImageObject\",\"inLanguage\":\"fr-FR\",\"@id\":\"https:\/\/1xplayz.com\/fr\/esports-bookies\/#primaryimage\",\"url\":\"https:\/\/1xplayz.com\/wp-content\/uploads\/2021\/07\/french-free-bet-esports-1024x256.jpg\",\"contentUrl\":\"https:\/\/1xplayz.com\/wp-content\/uploads\/2021\/07\/french-free-bet-esports-1024x256.jpg\"},{\"@type\":\"BreadcrumbList\",\"@id\":\"https:\/\/1xplayz.com\/fr\/esports-bookies\/#breadcrumb\",\"itemListElement\":[{\"@type\":\"ListItem\",\"position\":1,\"name\":\"Home\",\"item\":\"https:\/\/1xplayz.com\/fr\/\"},{\"@type\":\"ListItem\",\"position\":2,\"name\":\"Bookmakers d&#8217;ESports\"}]},{\"@type\":\"WebSite\",\"@id\":\"https:\/\/1xplayz.com\/fr\/de\/#website\",\"url\":\"https:\/\/1xplayz.com\/fr\/de\/\",\"name\":\"1xPlayz\",\"description\":\"Pronostiqueurs eSports\",\"publisher\":{\"@id\":\"https:\/\/1xplayz.com\/fr\/de\/#\/schema\/person\/8eadc1d14ab3326bbc7a655fbfe061cf\"},\"potentialAction\":[{\"@type\":\"SearchAction\",\"target\":{\"@type\":\"EntryPoint\",\"urlTemplate\":\"https:\/\/1xplayz.com\/fr\/de\/?s={search_term_string}\"},\"query-input\":{\"@type\":\"PropertyValueSpecification\",\"valueRequired\":true,\"valueName\":\"search_term_string\"}}],\"inLanguage\":\"fr-FR\"},{\"@type\":[\"Person\",\"Organization\"],\"@id\":\"https:\/\/1xplayz.com\/fr\/de\/#\/schema\/person\/8eadc1d14ab3326bbc7a655fbfe061cf\",\"name\":\"1xPlayz\",\"image\":{\"@type\":\"ImageObject\",\"inLanguage\":\"fr-FR\",\"@id\":\"https:\/\/1xplayz.com\/fr\/de\/#\/schema\/person\/image\/\",\"url\":\"https:\/\/1xplayz.com\/wp-content\/uploads\/2021\/07\/1xp.png\",\"contentUrl\":\"https:\/\/1xplayz.com\/wp-content\/uploads\/2021\/07\/1xp.png\",\"width\":500,\"height\":500,\"caption\":\"1xPlayz\"},\"logo\":{\"@id\":\"https:\/\/1xplayz.com\/fr\/de\/#\/schema\/person\/image\/\"},\"sameAs\":[\"http:\/\/1xplayz.com\"]}]}<\/script>\n<!-- \/ Yoast SEO plugin. -->","yoast_head_json":{"title":"Bookmakers d'ESports - Pronostiqueurs eSports - 1xPlayz","description":"Qu'est-ce que les bookmakers d'ESports Les bookmakers d'esports ou les bookmakers d'esports sont une personne, une organisation ou une entreprise qui","robots":{"index":"index","follow":"follow","max-snippet":"max-snippet:-1","max-image-preview":"max-image-preview:large","max-video-preview":"max-video-preview:-1"},"canonical":"https:\/\/1xplayz.com\/fr\/esports-bookies\/","og_locale":"fr_FR","og_type":"article","og_title":"Bookmakers d'ESports - Pronostiqueurs eSports - 1xPlayz","og_description":"Qu'est-ce que les bookmakers d'ESports Les bookmakers d'esports ou les bookmakers d'esports sont une personne, une organisation ou une entreprise qui","og_url":"https:\/\/1xplayz.com\/fr\/esports-bookies\/","og_site_name":"1xPlayz","article_modified_time":"2023-03-12T08:37:48+00:00","og_image":[{"url":"https:\/\/1xplayz.com\/wp-content\/uploads\/2021\/07\/french-free-bet-esports-1024x256.jpg","type":"","width":"","height":""}],"twitter_card":"summary_large_image","twitter_misc":{"Dur\u00e9e de lecture estim\u00e9e":"5 minutes"},"schema":{"@context":"https:\/\/schema.org","@graph":[{"@type":"WebPage","@id":"https:\/\/1xplayz.com\/fr\/esports-bookies\/","url":"https:\/\/1xplayz.com\/fr\/esports-bookies\/","name":"Bookmakers d'ESports - Pronostiqueurs eSports - 1xPlayz","isPartOf":{"@id":"https:\/\/1xplayz.com\/fr\/de\/#website"},"primaryImageOfPage":{"@id":"https:\/\/1xplayz.com\/fr\/esports-bookies\/#primaryimage"},"image":{"@id":"https:\/\/1xplayz.com\/fr\/esports-bookies\/#primaryimage"},"thumbnailUrl":"https:\/\/1xplayz.com\/wp-content\/uploads\/2021\/07\/french-free-bet-esports-1024x256.jpg","datePublished":"2021-07-20T09:52:16+00:00","dateModified":"2023-03-12T08:37:48+00:00","description":"Qu'est-ce que les bookmakers d'ESports Les bookmakers d'esports ou les bookmakers d'esports sont une personne, une organisation ou une entreprise qui","breadcrumb":{"@id":"https:\/\/1xplayz.com\/fr\/esports-bookies\/#breadcrumb"},"inLanguage":"fr-FR","potentialAction":[{"@type":"ReadAction","target":["https:\/\/1xplayz.com\/fr\/esports-bookies\/"]}]},{"@type":"ImageObject","inLanguage":"fr-FR","@id":"https:\/\/1xplayz.com\/fr\/esports-bookies\/#primaryimage","url":"https:\/\/1xplayz.com\/wp-content\/uploads\/2021\/07\/french-free-bet-esports-1024x256.jpg","contentUrl":"https:\/\/1xplayz.com\/wp-content\/uploads\/2021\/07\/french-free-bet-esports-1024x256.jpg"},{"@type":"BreadcrumbList","@id":"https:\/\/1xplayz.com\/fr\/esports-bookies\/#breadcrumb","itemListElement":[{"@type":"ListItem","position":1,"name":"Home","item":"https:\/\/1xplayz.com\/fr\/"},{"@type":"ListItem","position":2,"name":"Bookmakers d&#8217;ESports"}]},{"@type":"WebSite","@id":"https:\/\/1xplayz.com\/fr\/de\/#website","url":"https:\/\/1xplayz.com\/fr\/de\/","name":"1xPlayz","description":"Pronostiqueurs eSports","publisher":{"@id":"https:\/\/1xplayz.com\/fr\/de\/#\/schema\/person\/8eadc1d14ab3326bbc7a655fbfe061cf"},"potentialAction":[{"@type":"SearchAction","target":{"@type":"EntryPoint","urlTemplate":"https:\/\/1xplayz.com\/fr\/de\/?s={search_term_string}"},"query-input":{"@type":"PropertyValueSpecification","valueRequired":true,"valueName":"search_term_string"}}],"inLanguage":"fr-FR"},{"@type":["Person","Organization"],"@id":"https:\/\/1xplayz.com\/fr\/de\/#\/schema\/person\/8eadc1d14ab3326bbc7a655fbfe061cf","name":"1xPlayz","image":{"@type":"ImageObject","inLanguage":"fr-FR","@id":"https:\/\/1xplayz.com\/fr\/de\/#\/schema\/person\/image\/","url":"https:\/\/1xplayz.com\/wp-content\/uploads\/2021\/07\/1xp.png","contentUrl":"https:\/\/1xplayz.com\/wp-content\/uploads\/2021\/07\/1xp.png","width":500,"height":500,"caption":"1xPlayz"},"logo":{"@id":"https:\/\/1xplayz.com\/fr\/de\/#\/schema\/person\/image\/"},"sameAs":["http:\/\/1xplayz.com"]}]}},"_links":{"self":[{"href":"https:\/\/1xplayz.com\/fr\/wp-json\/wp\/v2\/pages\/975","targetHints":{"allow":["GET"]}}],"collection":[{"href":"https:\/\/1xplayz.com\/fr\/wp-json\/wp\/v2\/pages"}],"about":[{"href":"https:\/\/1xplayz.com\/fr\/wp-json\/wp\/v2\/types\/page"}],"author":[{"embeddable":true,"href":"https:\/\/1xplayz.com\/fr\/wp-json\/wp\/v2\/users\/1"}],"replies":[{"embeddable":true,"href":"https:\/\/1xplayz.com\/fr\/wp-json\/wp\/v2\/comments?post=975"}],"version-history":[{"count":14,"href":"https:\/\/1xplayz.com\/fr\/wp-json\/wp\/v2\/pages\/975\/revisions"}],"predecessor-version":[{"id":3168,"href":"https:\/\/1xplayz.com\/fr\/wp-json\/wp\/v2\/pages\/975\/revisions\/3168"}],"wp:attachment":[{"href":"https:\/\/1xplayz.com\/fr\/wp-json\/wp\/v2\/media?parent=975"}],"curies":[{"name":"wp","href":"https:\/\/api.w.org\/{rel}","templated":true}]}}